{"id":3122,"date":"2023-11-14T19:13:47","date_gmt":"2023-11-14T19:13:47","guid":{"rendered":"https:\/\/exceladvisor.org\/de\/seitenumbruch-entfernen\/"},"modified":"2023-12-03T11:14:28","modified_gmt":"2023-12-03T11:14:28","slug":"seitenumbruch-entfernen","status":"publish","type":"page","link":"https:\/\/exceladvisor.org\/de\/seitenumbruch-entfernen\/","title":{"rendered":"Wie entferne ich einen seitenumbruch in excel?"},"content":{"rendered":"<div class=\"excel-vor-dem-inhalt\" id=\"excel-1043950388\"><script type=\"text\/javascript\">\r\n\tatOptions = {\r\n\t\t'key' : 'c1158f160081d6540a8409e6925dab94',\r\n\t\t'format' : 'iframe',\r\n\t\t'height' : 250,\r\n\t\t'width' : 300,\r\n\t\t'params' : {}\r\n\t};\r\n<\/script>\r\n<script type=\"text\/javascript\" src=\"\/\/www.highperformanceformat.com\/c1158f160081d6540a8409e6925dab94\/invoke.js\"><\/script><\/div> <p>Der Seitenumbruch in Excel ist eine Funktion, die Ihre Tabellendaten zum Drucken in separate Seiten aufteilt oder aufteilt.<\/p><p> Es ist aufgeschl\u00fcsselt und zeigt Ihnen die zu druckenden Daten auf einer einzelnen Seite und auf jeder Seite bis zum Ende Ihrer Daten.<\/p><p> Der Excel-Seitenumbruch teilt Daten basierend auf mehreren Parametern wie Seitenrand, Skalierung, Seitengr\u00f6\u00dfe usw. auf. In der Seitenumbruchansicht werden gepunktete Linien angezeigt, um zu sehen, wo die Daten auf der n\u00e4chsten Seite unterteilt sind.<\/p><p> Vor dem Drucken der Arbeitsmappendaten m\u00f6chte jeder Benutzer sehen, wie die Daten auf jeder Seite gedruckt werden. Dazu kann er dies sehen, indem er die normale Excel-Ansicht in die Seitenumbruchansicht \u00e4ndert und auch die Seite zur Umbruchauswahl nach seinen W\u00fcnschen anpassen kann. .<\/p><p> Nachfolgend haben wir f\u00fcr Sie einige schnelle und einfache Schritte zum Einf\u00fcgen und Entfernen von Seitenumbr\u00fcchen in Excel zusammengestellt.<\/p><h2 class=\"wp-block-heading\"> \u00d6ffnen Sie die Seitenumbruchansicht in Excel<\/h2><ol><li> Gehen Sie zun\u00e4chst zur Registerkarte \u201eAnsicht\u201c und klicken Sie in der Gruppe \u201eArbeitsmappenansichten\u201c auf das Symbol \u201eSeitenumbruchvorschau\u201c. <br><img loading=\"lazy\" decoding=\"async\" title=\"1-Seiten-Umbruch-Vorschau-Symbol\" src=\"https:\/\/exceladvisor.org\/wp-content\/uploads\/2023\/08\/1-icone-dapercu-de-saut-de-page.png\" sizes=\"auto, \" srcset=\"\" alt=\"page-break-preview-icon\" width=\"549\" height=\"299\"><\/li><li> Sobald Sie auf \u201eSeitenumbruchvorschau\u201c klicken, wandelt Excel die normale Ansicht in eine Seitenumbruchansicht um. <br><img loading=\"lazy\" decoding=\"async\" title=\"2-Seiten-Umbruch-Vorschau\" src=\"https:\/\/exceladvisor.org\/wp-content\/uploads\/2023\/08\/Apercu-de-saut-de-page-de-2-pages.png\" sizes=\"auto, \" srcset=\"\" alt=\"page-break-preview\" width=\"563\" height=\"364\"><\/li><li> Hier k\u00f6nnen Sie sehen, wie Ihre Arbeitsmappendaten beim Drucken auf jede Seite aufgeteilt werden.<\/li><\/ol><h2 class=\"wp-block-heading\"> Seitenumbr\u00fcche in Excel anpassen<\/h2><ol><li> Klicken Sie auf die gepunktete vertikale Seitenumbruchlinie, halten Sie die Maustaste gedr\u00fcckt und ziehen Sie nach links oder rechts zu der Spalte, in die Sie die Datenk\u00f6pfe zum Drucken auf jeder Seite unterteilen m\u00f6chten.<\/li><li> Klicken Sie auf die gepunktete(n) horizontale(n) Seitenumbruchlinie(n), halten Sie die Maustaste gedr\u00fcckt und ziehen Sie an die obere oder untere Stelle, an die Stelle, an der die Daten auf jeder Seite gedruckt werden sollen. <br><img loading=\"lazy\" decoding=\"async\" title=\"3-Punkt-Seitenumbruchlinien\" src=\"https:\/\/exceladvisor.org\/wp-content\/uploads\/2023\/08\/3-lignes-de-saut-de-page-en-pointilles.png\" sizes=\"auto, \" srcset=\"\" alt=\"dotted-page-break-lines\" width=\"485\" height=\"434\"><\/li><li> Wenn Sie m\u00f6chten, dass alle Kopfspalten Ihrer Daten auf jeder Seite gedruckt werden, ziehen Sie einfach die vertikale gepunktete Linie am Ende der Kopfspalten. <br><img loading=\"lazy\" decoding=\"async\" title=\"4 vertikale gepunktete Linien\" src=\"https:\/\/exceladvisor.org\/wp-content\/uploads\/2023\/08\/4-lignes-pointillees-verticales.png\" sizes=\"auto, \" srcset=\"\" alt=\"vertical-dotted-lines\" width=\"511\" height=\"405\"><\/li><\/ol><p> Im Bild oben haben wir die vertikale gestrichelte Linie am Ende der Kopfspalten gezogen, um alle Kopfspalten (AJ) auf jeder Seite zu drucken.<\/p><h2 class=\"wp-block-heading\"> F\u00fcgen Sie einen manuell eingef\u00fcgten Seitenumbruch ein oder entfernen Sie ihn<\/h2><p> Sie k\u00f6nnen in der Seitenumbruchansicht auch manuelle Seitenumbr\u00fcche einf\u00fcgen oder entfernen, indem Sie die folgenden Schritte ausf\u00fchren.<\/p><ol><li> Wechseln Sie zun\u00e4chst in den Seitenumbruchmodus und klicken Sie auf die Zelle links und oben, in der Sie den Seitenumbruch einf\u00fcgen m\u00f6chten. <br><img loading=\"lazy\" decoding=\"async\" title=\"5 manuell eingef\u00fcgte Seitenumbr\u00fcche\" src=\"https:\/\/exceladvisor.org\/wp-content\/uploads\/2023\/08\/5-sauts-de-page-inseres-manuellement.png\" sizes=\"auto, \" srcset=\"\" alt=\"manual-inserted-page-break\" width=\"500\" height=\"469\"><\/li><li> Gehen Sie anschlie\u00dfend zur Registerkarte \u201eSeitenlayout\u201c, klicken Sie auf das Symbol \u201eUmbr\u00fcche\u201c unter der Gruppe \u201eLayout\u201c und dann auf die Option \u201eSeitenumbruch einf\u00fcgen\u201c. <br><img loading=\"lazy\" decoding=\"async\" title=\"Option zum Einf\u00fcgen von 6 Seiten\" src=\"https:\/\/exceladvisor.org\/wp-content\/uploads\/2023\/08\/6-option-dinsertion-de-saut-de-page.png\" sizes=\"auto, \" srcset=\"\" alt=\"insert-page-break-option\" width=\"500\" height=\"471\"><\/li><li> Sobald Sie auf \u201eSeitenumbruch einf\u00fcgen\u201c klicken, wird Excel geteilt und erstellt den manuellen Seitenumbruch links und oben in der ausgew\u00e4hlten Zelle. <br><img loading=\"lazy\" decoding=\"async\" title=\"7-Seitenumbruch-f\u00fcr-das-Lehrbuch erstellen\" src=\"https:\/\/exceladvisor.org\/wp-content\/uploads\/2023\/08\/7-cree-le-saut-de-page-manuel.png\" sizes=\"auto, \" srcset=\"\" alt=\"creates-the-manual-page-break\" width=\"500\" height=\"470\"><\/li><li> Um nun den manuell eingef\u00fcgten Seitenumbruch zu entfernen, m\u00fcssen Sie auf die Zelle links und oben klicken, von der Sie den manuell eingef\u00fcgten Seitenumbruch entfernen m\u00f6chten, und auf die Option \u201eSeitenumbruch entfernen\u201c klicken. <br><img loading=\"lazy\" decoding=\"async\" title=\"8-Seitenumbruch l\u00f6schen\" src=\"https:\/\/exceladvisor.org\/wp-content\/uploads\/2023\/08\/8-supprimer-le-saut-de-page.png\" sizes=\"auto, \" srcset=\"\" alt=\"remove-page-break\" width=\"500\" height=\"472\"><\/li><li> An dieser Stelle wurde der manuell eingef\u00fcgte Seitenumbruch entfernt. <br><img loading=\"lazy\" decoding=\"async\" title=\"9-manuell-l\u00f6schen-seitenumbruch einf\u00fcgen\" src=\"https:\/\/exceladvisor.org\/wp-content\/uploads\/2023\/08\/9-supprimer-le-saut-de-page-insere-manuellement.png\" sizes=\"auto, \" srcset=\"\" alt=\"remove-manual-inserted-page-break\" width=\"510\" height=\"292\"><\/li><\/ol><p> Wenn Sie mehrere manuelle Seitenumbr\u00fcche eingef\u00fcgt haben, k\u00f6nnen Sie diese auf einmal entfernen, indem Sie einfach auf die Option \u201eAlle Seitenumbr\u00fcche zur\u00fccksetzen\u201c klicken, oder Sie k\u00f6nnen sie einzeln entfernen, indem Sie die unten erl\u00e4uterten Schritte immer wieder wiederholen. \u00fcber. <\/p><div class=\"wp-block-image\"><figure class=\"aligncenter size-full is-resized\"><img loading=\"lazy\" decoding=\"async\" class=\"wp-image-64126\" src=\"https:\/\/exceladvisor.org\/wp-content\/uploads\/2023\/08\/10-reinitialiser-tous-les-sauts-de-page.png\" sizes=\"auto, \" srcset=\"\" alt=\"Alle Seitenumbr\u00fcche zur\u00fccksetzen\" width=\"586\" height=\"350\"><\/figure><\/div><h2 class=\"wp-block-heading\"> Entfernen Sie gepunktete Seitenumbruchlinien aus der Normalansicht<\/h2><p> Sobald Sie von der Seitenumbruchansicht zur Normalansicht zur\u00fcckkehren, wird die Excel-Seitenumbruchansicht automatisch aktiviert.<\/p><p> Und die gestrichelte, fettgedruckte graue Seitenumbruchlinie beginnt sich in Ihren Daten widerzuspiegeln. Um diese Zeilen aus der Normalansicht zu entfernen, m\u00fcssen Sie die folgenden Schritte ausf\u00fchren.<\/p><ol><li> Klicken Sie zun\u00e4chst auf den Reiter \u201eDatei\u201c und dann im Kontextmen\u00fc auf \u201eOptionen\u201c. <br><img loading=\"lazy\" decoding=\"async\" title=\"Tab 11-Dateien\" src=\"https:\/\/exceladvisor.org\/wp-content\/uploads\/2023\/08\/11-onglet-fichier.png\" sizes=\"auto, \" srcset=\"\" alt=\"file-tab\" width=\"424\" height=\"119\"><br><img loading=\"lazy\" decoding=\"async\" style=\"display: block; margin-left: auto; margin-right: auto;\" title=\"12 Klickoptionen\" src=\"https:\/\/exceladvisor.org\/wp-content\/uploads\/2023\/08\/12-cliquez-sur-les-options.png\" sizes=\"auto, \" srcset=\"\" alt=\"click-on-options\" width=\"132\" height=\"473\"><\/li><li> Klicken Sie anschlie\u00dfend auf \u201eErweitert\u201c und scrollen Sie in der Bildlaufleiste nach unten zu \u201eOptionen f\u00fcr dieses Arbeitsblatt anzeigen\u201c.<\/li><li> Deaktivieren Sie nun das Kontrollk\u00e4stchen \u201eSeitenumbr\u00fcche anzeigen\u201c und klicken Sie auf \u201eOK\u201c. <br><img loading=\"lazy\" decoding=\"async\" title=\"13-deaktivieren-Seitenumbr\u00fcche anzeigen\" src=\"https:\/\/exceladvisor.org\/wp-content\/uploads\/2023\/08\/13-decochez-Afficher-les-sauts-de-page.png\" sizes=\"auto, \" srcset=\"\" alt=\"uncheck-show-page-breaks\" width=\"636\" height=\"431\"><\/li><\/ol><div class=\"gb-container gb-container-4db6181c gb-container-mt\"> <a class=\"gb-button gb-button-c5897111 gb-button-text gb-button-mt-button\" href=\"https:\/\/exceladvisor.org\/de\/excel-grundlagen\/\">Microsoft Excel-Grundlagen (Komponenten, Teile und Wissenshinweise)<\/a><h2 class=\"gb-headline gb-headline-665e5f6b gb-headline-text gb-headline-mt-heading\"> Verwandte Tutorials <\/h2><div class=\"gb-grid-wrapper gb-grid-wrapper-a20baf7c gb-grid-wrapper-mt-grid\"><div class=\"gb-grid-column gb-grid-column-65ddf67e\"><div class=\"gb-container gb-container-65ddf67e\"><ul><li> <a href=\"https:\/\/exceladvisor.org\/de\/druckbereich-festlegen\/\">Legen Sie den Druckbereich in Excel fest<\/a><\/li><li> <a href=\"https:\/\/exceladvisor.org\/de\/seitenausrichtung-andern\/\">\u00c4ndern Sie die Seitenausrichtung in Excel<\/a><\/li><li> <a href=\"https:\/\/exceladvisor.org\/de\/seitenrand\/\">Seitenrand in Excel (\u00c4ndern und Festlegen)<\/a><\/li><li> <a href=\"https:\/\/exceladvisor.org\/de\/vorschau-vor-dem-drucken\/\">Druckvorschau in Excel<\/a><\/li><li> <a href=\"https:\/\/exceladvisor.org\/de\/konzentrieren-sie-sich-auf-die-auswahl\/\">Konzentrieren Sie sich auf die Auswahl in Excel<\/a> <\/li><\/ul><\/div><\/div><div class=\"gb-grid-column gb-grid-column-50067b57\"><div class=\"gb-container gb-container-50067b57\"><\/div><\/div><\/div><\/div>","protected":false},"excerpt":{"rendered":"","protected":false},"author":1,"featured_media":0,"parent":0,"menu_order":0,"comment_status":"open","ping_status":"closed","template":"","meta":{"ub_ctt_via":"","footnotes":""},"class_list":["post-3122","page","type-page","status-publish","hentry"],"featured_image_src":null,"yoast_head":"<!-- This site is optimized with the Yoast SEO plugin v25.4 - https:\/\/yoast.com\/wordpress\/plugins\/seo\/ -->\n<title>\u25b7 Wie entferne ich einen Seitenumbruch in Excel?<\/title>\n<meta name=\"description\" content=\"In diesem Tutorial erfahren Sie, wie Sie in Excel einen Seitenumbruch einf\u00fcgen und entfernen, indem Sie ein paar schnelle und einfache Schritte ausf\u00fchren.\" \/>\n<meta name=\"robots\" content=\"index, follow, max-snippet:-1, max-image-preview:large, max-video-preview:-1\" \/>\n<link rel=\"canonical\" href=\"https:\/\/exceladvisor.org\/de\/seitenumbruch-entfernen\/\" \/>\n<meta property=\"og:locale\" content=\"de_DE\" \/>\n<meta property=\"og:type\" content=\"article\" \/>\n<meta property=\"og:title\" content=\"\u25b7 Wie entferne ich einen Seitenumbruch in Excel?\" \/>\n<meta property=\"og:description\" content=\"In diesem Tutorial erfahren Sie, wie Sie in Excel einen Seitenumbruch einf\u00fcgen und entfernen, indem Sie ein paar schnelle und einfache Schritte ausf\u00fchren.\" \/>\n<meta property=\"og:url\" content=\"https:\/\/exceladvisor.org\/de\/seitenumbruch-entfernen\/\" \/>\n<meta property=\"og:site_name\" content=\"Excel Advisor\" \/>\n<meta property=\"article:modified_time\" content=\"2023-12-03T11:14:28+00:00\" \/>\n<meta property=\"og:image\" content=\"https:\/\/exceladvisor.org\/wp-content\/uploads\/2023\/08\/1-icone-dapercu-de-saut-de-page.png\" \/>\n<meta name=\"twitter:card\" content=\"summary_large_image\" \/>\n<meta name=\"twitter:label1\" content=\"Gesch\u00e4tzte Lesezeit\" \/>\n\t<meta name=\"twitter:data1\" content=\"3\u00a0Minuten\" \/>\n<script type=\"application\/ld+json\" class=\"yoast-schema-graph\">{\"@context\":\"https:\/\/schema.org\",\"@graph\":[{\"@type\":\"WebPage\",\"@id\":\"https:\/\/exceladvisor.org\/de\/seitenumbruch-entfernen\/\",\"url\":\"https:\/\/exceladvisor.org\/de\/seitenumbruch-entfernen\/\",\"name\":\"\u25b7 Wie entferne ich einen Seitenumbruch in Excel?\",\"isPartOf\":{\"@id\":\"https:\/\/exceladvisor.org\/de\/#website\"},\"primaryImageOfPage\":{\"@id\":\"https:\/\/exceladvisor.org\/de\/seitenumbruch-entfernen\/#primaryimage\"},\"image\":{\"@id\":\"https:\/\/exceladvisor.org\/de\/seitenumbruch-entfernen\/#primaryimage\"},\"thumbnailUrl\":\"https:\/\/exceladvisor.org\/wp-content\/uploads\/2023\/08\/1-icone-dapercu-de-saut-de-page.png\",\"datePublished\":\"2023-11-14T19:13:47+00:00\",\"dateModified\":\"2023-12-03T11:14:28+00:00\",\"description\":\"In diesem Tutorial erfahren Sie, wie Sie in Excel einen Seitenumbruch einf\u00fcgen und entfernen, indem Sie ein paar schnelle und einfache Schritte ausf\u00fchren.\",\"breadcrumb\":{\"@id\":\"https:\/\/exceladvisor.org\/de\/seitenumbruch-entfernen\/#breadcrumb\"},\"inLanguage\":\"de\",\"potentialAction\":[{\"@type\":\"ReadAction\",\"target\":[\"https:\/\/exceladvisor.org\/de\/seitenumbruch-entfernen\/\"]}]},{\"@type\":\"ImageObject\",\"inLanguage\":\"de\",\"@id\":\"https:\/\/exceladvisor.org\/de\/seitenumbruch-entfernen\/#primaryimage\",\"url\":\"https:\/\/exceladvisor.org\/wp-content\/uploads\/2023\/08\/1-icone-dapercu-de-saut-de-page.png\",\"contentUrl\":\"https:\/\/exceladvisor.org\/wp-content\/uploads\/2023\/08\/1-icone-dapercu-de-saut-de-page.png\"},{\"@type\":\"BreadcrumbList\",\"@id\":\"https:\/\/exceladvisor.org\/de\/seitenumbruch-entfernen\/#breadcrumb\",\"itemListElement\":[{\"@type\":\"ListItem\",\"position\":1,\"name\":\"Accueil\",\"item\":\"https:\/\/exceladvisor.org\/de\/\"},{\"@type\":\"ListItem\",\"position\":2,\"name\":\"Wie entferne ich einen seitenumbruch in excel?\"}]},{\"@type\":\"WebSite\",\"@id\":\"https:\/\/exceladvisor.org\/de\/#website\",\"url\":\"https:\/\/exceladvisor.org\/de\/\",\"name\":\"Excel Advisor\",\"description\":\"Ihr Leitfaden zur Datendominanz\",\"publisher\":{\"@id\":\"https:\/\/exceladvisor.org\/de\/#organization\"},\"potentialAction\":[{\"@type\":\"SearchAction\",\"target\":{\"@type\":\"EntryPoint\",\"urlTemplate\":\"https:\/\/exceladvisor.org\/de\/?s={search_term_string}\"},\"query-input\":{\"@type\":\"PropertyValueSpecification\",\"valueRequired\":true,\"valueName\":\"search_term_string\"}}],\"inLanguage\":\"de\"},{\"@type\":\"Organization\",\"@id\":\"https:\/\/exceladvisor.org\/de\/#organization\",\"name\":\"Excel Advisor\",\"url\":\"https:\/\/exceladvisor.org\/de\/\",\"logo\":{\"@type\":\"ImageObject\",\"inLanguage\":\"de\",\"@id\":\"https:\/\/exceladvisor.org\/de\/#\/schema\/logo\/image\/\",\"url\":\"https:\/\/exceladvisor.org\/de\/wp-content\/uploads\/2023\/11\/exceladvisor.org_.png\",\"contentUrl\":\"https:\/\/exceladvisor.org\/de\/wp-content\/uploads\/2023\/11\/exceladvisor.org_.png\",\"width\":105,\"height\":36,\"caption\":\"Excel Advisor\"},\"image\":{\"@id\":\"https:\/\/exceladvisor.org\/de\/#\/schema\/logo\/image\/\"}}]}<\/script>\n<!-- \/ Yoast SEO plugin. -->","yoast_head_json":{"title":"\u25b7 Wie entferne ich einen Seitenumbruch in Excel?","description":"In diesem Tutorial erfahren Sie, wie Sie in Excel einen Seitenumbruch einf\u00fcgen und entfernen, indem Sie ein paar schnelle und einfache Schritte ausf\u00fchren.","robots":{"index":"index","follow":"follow","max-snippet":"max-snippet:-1","max-image-preview":"max-image-preview:large","max-video-preview":"max-video-preview:-1"},"canonical":"https:\/\/exceladvisor.org\/de\/seitenumbruch-entfernen\/","og_locale":"de_DE","og_type":"article","og_title":"\u25b7 Wie entferne ich einen Seitenumbruch in Excel?","og_description":"In diesem Tutorial erfahren Sie, wie Sie in Excel einen Seitenumbruch einf\u00fcgen und entfernen, indem Sie ein paar schnelle und einfache Schritte ausf\u00fchren.","og_url":"https:\/\/exceladvisor.org\/de\/seitenumbruch-entfernen\/","og_site_name":"Excel Advisor","article_modified_time":"2023-12-03T11:14:28+00:00","og_image":[{"url":"https:\/\/exceladvisor.org\/wp-content\/uploads\/2023\/08\/1-icone-dapercu-de-saut-de-page.png","type":"","width":"","height":""}],"twitter_card":"summary_large_image","twitter_misc":{"Gesch\u00e4tzte Lesezeit":"3\u00a0Minuten"},"schema":{"@context":"https:\/\/schema.org","@graph":[{"@type":"WebPage","@id":"https:\/\/exceladvisor.org\/de\/seitenumbruch-entfernen\/","url":"https:\/\/exceladvisor.org\/de\/seitenumbruch-entfernen\/","name":"\u25b7 Wie entferne ich einen Seitenumbruch in Excel?","isPartOf":{"@id":"https:\/\/exceladvisor.org\/de\/#website"},"primaryImageOfPage":{"@id":"https:\/\/exceladvisor.org\/de\/seitenumbruch-entfernen\/#primaryimage"},"image":{"@id":"https:\/\/exceladvisor.org\/de\/seitenumbruch-entfernen\/#primaryimage"},"thumbnailUrl":"https:\/\/exceladvisor.org\/wp-content\/uploads\/2023\/08\/1-icone-dapercu-de-saut-de-page.png","datePublished":"2023-11-14T19:13:47+00:00","dateModified":"2023-12-03T11:14:28+00:00","description":"In diesem Tutorial erfahren Sie, wie Sie in Excel einen Seitenumbruch einf\u00fcgen und entfernen, indem Sie ein paar schnelle und einfache Schritte ausf\u00fchren.","breadcrumb":{"@id":"https:\/\/exceladvisor.org\/de\/seitenumbruch-entfernen\/#breadcrumb"},"inLanguage":"de","potentialAction":[{"@type":"ReadAction","target":["https:\/\/exceladvisor.org\/de\/seitenumbruch-entfernen\/"]}]},{"@type":"ImageObject","inLanguage":"de","@id":"https:\/\/exceladvisor.org\/de\/seitenumbruch-entfernen\/#primaryimage","url":"https:\/\/exceladvisor.org\/wp-content\/uploads\/2023\/08\/1-icone-dapercu-de-saut-de-page.png","contentUrl":"https:\/\/exceladvisor.org\/wp-content\/uploads\/2023\/08\/1-icone-dapercu-de-saut-de-page.png"},{"@type":"BreadcrumbList","@id":"https:\/\/exceladvisor.org\/de\/seitenumbruch-entfernen\/#breadcrumb","itemListElement":[{"@type":"ListItem","position":1,"name":"Accueil","item":"https:\/\/exceladvisor.org\/de\/"},{"@type":"ListItem","position":2,"name":"Wie entferne ich einen seitenumbruch in excel?"}]},{"@type":"WebSite","@id":"https:\/\/exceladvisor.org\/de\/#website","url":"https:\/\/exceladvisor.org\/de\/","name":"Excel Advisor","description":"Ihr Leitfaden zur Datendominanz","publisher":{"@id":"https:\/\/exceladvisor.org\/de\/#organization"},"potentialAction":[{"@type":"SearchAction","target":{"@type":"EntryPoint","urlTemplate":"https:\/\/exceladvisor.org\/de\/?s={search_term_string}"},"query-input":{"@type":"PropertyValueSpecification","valueRequired":true,"valueName":"search_term_string"}}],"inLanguage":"de"},{"@type":"Organization","@id":"https:\/\/exceladvisor.org\/de\/#organization","name":"Excel Advisor","url":"https:\/\/exceladvisor.org\/de\/","logo":{"@type":"ImageObject","inLanguage":"de","@id":"https:\/\/exceladvisor.org\/de\/#\/schema\/logo\/image\/","url":"https:\/\/exceladvisor.org\/de\/wp-content\/uploads\/2023\/11\/exceladvisor.org_.png","contentUrl":"https:\/\/exceladvisor.org\/de\/wp-content\/uploads\/2023\/11\/exceladvisor.org_.png","width":105,"height":36,"caption":"Excel Advisor"},"image":{"@id":"https:\/\/exceladvisor.org\/de\/#\/schema\/logo\/image\/"}}]}},"yoast_meta":{"yoast_wpseo_title":"","yoast_wpseo_metadesc":"","yoast_wpseo_canonical":""},"_links":{"self":[{"href":"https:\/\/exceladvisor.org\/de\/wp-json\/wp\/v2\/pages\/3122","targetHints":{"allow":["GET"]}}],"collection":[{"href":"https:\/\/exceladvisor.org\/de\/wp-json\/wp\/v2\/pages"}],"about":[{"href":"https:\/\/exceladvisor.org\/de\/wp-json\/wp\/v2\/types\/page"}],"author":[{"embeddable":true,"href":"https:\/\/exceladvisor.org\/de\/wp-json\/wp\/v2\/users\/1"}],"replies":[{"embeddable":true,"href":"https:\/\/exceladvisor.org\/de\/wp-json\/wp\/v2\/comments?post=3122"}],"version-history":[{"count":1,"href":"https:\/\/exceladvisor.org\/de\/wp-json\/wp\/v2\/pages\/3122\/revisions"}],"predecessor-version":[{"id":3913,"href":"https:\/\/exceladvisor.org\/de\/wp-json\/wp\/v2\/pages\/3122\/revisions\/3913"}],"wp:attachment":[{"href":"https:\/\/exceladvisor.org\/de\/wp-json\/wp\/v2\/media?parent=3122"}],"curies":[{"name":"wp","href":"https:\/\/api.w.org\/{rel}","templated":true}]}}