{"id":3123,"date":"2023-11-14T18:15:32","date_gmt":"2023-11-14T18:15:32","guid":{"rendered":"https:\/\/exceladvisor.org\/de\/zeichne-eine-linie\/"},"modified":"2023-12-03T13:06:06","modified_gmt":"2023-12-03T13:06:06","slug":"zeichne-eine-linie","status":"publish","type":"page","link":"https:\/\/exceladvisor.org\/de\/zeichne-eine-linie\/","title":{"rendered":"Wie zeichne ich eine linie in excel?"},"content":{"rendered":"<div class=\"excel-vor-dem-inhalt\" id=\"excel-2577592676\"><script type=\"text\/javascript\">\r\n\tatOptions = {\r\n\t\t'key' : 'c1158f160081d6540a8409e6925dab94',\r\n\t\t'format' : 'iframe',\r\n\t\t'height' : 250,\r\n\t\t'width' : 300,\r\n\t\t'params' : {}\r\n\t};\r\n<\/script>\r\n<script type=\"text\/javascript\" src=\"\/\/www.highperformanceformat.com\/c1158f160081d6540a8409e6925dab94\/invoke.js\"><\/script><\/div> <p>Wie andere Microsoft Office-Anwendungen wie Word oder PowerPoint verf\u00fcgt auch Excel \u00fcber die M\u00f6glichkeit, eine Zeile zu zeichnen und in die Tabellenkalkulation einzuf\u00fcgen. Benutzer k\u00f6nnen vertikale, horizontale und diagonale Linien in Bl\u00e4tter zeichnen, um Zellen, Diagramme, Punkte und Formen zu verbinden.<\/p><p> Excel bietet eine Vielzahl von Linientypen und je nach Bedarf k\u00f6nnen Benutzer verschiedene Linientypen ausw\u00e4hlen, zeichnen und diese auch anpassen. Wir haben einige schnelle und einfache Schritte zum Zeichnen und Formatieren der Linie in Excel erw\u00e4hnt.<\/p><h2 class=\"wp-block-heading\"> Zeichnen Sie eine Linie mit Formen<\/h2><ol><li> Gehen Sie zun\u00e4chst zur Registerkarte \u201eEinf\u00fcgen\u201c, klicken Sie dann auf das Symbol \u201eFormen\u201c und w\u00e4hlen Sie dann den Linientyp aus, den Sie zeichnen m\u00f6chten. <br><img loading=\"lazy\" decoding=\"async\" title=\"1-Formulare einf\u00fcgen\" src=\"https:\/\/exceladvisor.org\/wp-content\/uploads\/2023\/08\/1-insert-formes.png\" sizes=\"auto, \" srcset=\"\" alt=\"insert-shapes\" width=\"417\" height=\"379\"><\/li><li> Sobald Sie die Zeile ausw\u00e4hlen, \u00e4ndert sich Ihr Mauszeiger in ein Pluszeichen (+).<\/li><li> Gehen Sie anschlie\u00dfend mit der Maus zu einer beliebigen Zelle, um die ausgew\u00e4hlte Linie zu zeichnen.<\/li><li> Halten Sie nun die linke Maustaste gedr\u00fcckt und ziehen Sie die Maus auf eine bestimmte L\u00e4nge oder auf eine Zelle, bis zu der Sie diese Linie zeichnen m\u00f6chten. <br><img loading=\"lazy\" decoding=\"async\" title=\"2-Zeichne eine Linie\" src=\"https:\/\/exceladvisor.org\/wp-content\/uploads\/2023\/08\/2-tracer-une-ligne.png\" sizes=\"auto, \" srcset=\"\" alt=\"draw-a-line\" width=\"473\" height=\"127\"><\/li><\/ol><p> Benutzer k\u00f6nnen auf die Zeile klicken und die Zeile kopieren und einf\u00fcgen oder die Zeile an eine beliebige andere Stelle im Arbeitsblatt ziehen.<\/p><h2 class=\"wp-block-heading\"> Machen Sie die Linie zu einer perfekten geraden Linie<\/h2><p> Wenn Benutzer durch Ziehen mit der Maus eine gerade Linie zeichnen, erhalten sie m\u00f6glicherweise nicht die perfekte gerade Linie. Um die Linie zu einer perfekten geraden Linie zu machen, k\u00f6nnen Benutzer die folgenden Schritte ausf\u00fchren.<\/p><ol><li> Klicken Sie zun\u00e4chst auf die Zeile und Sie erhalten die Registerkarte \u201eFormat\u201c.<\/li><li> Klicken Sie nun auf die Registerkarte \u201eFormat\u201c und stellen Sie sicher, dass die H\u00f6he der Form null (0) cm betr\u00e4gt, um eine perfekt gerade Linie zu erhalten.<\/li><li> Sie k\u00f6nnen die H\u00f6he der Linie auch erh\u00f6hen oder verringern, um sie diagonal zu machen, indem Sie die H\u00f6he der Form mithilfe der Aufw\u00e4rts- und Abw\u00e4rtspfeile erh\u00f6hen. <\/li><\/ol><div class=\"wp-block-image\"><figure class=\"aligncenter size-full is-resized\"><img loading=\"lazy\" decoding=\"async\" class=\"wp-image-64765\" src=\"https:\/\/exceladvisor.org\/wp-content\/uploads\/2023\/08\/3-droite-parfaite.png\" sizes=\"auto, \" srcset=\"\" alt=\"perfekt gerade\" width=\"789\" height=\"174\"><\/figure><\/div><h2 class=\"wp-block-heading\"> Formatieren oder passen Sie die Zeile an<\/h2><p> Excel bietet die M\u00f6glichkeit, Form, Gr\u00f6\u00dfe, Farbe und Design von Linien zu formatieren und anzupassen.<\/p><ol><li> Klicken Sie zun\u00e4chst auf die Zeile und dann auf die Registerkarte \u201eFormat\u201c.<\/li><li> Klicken Sie anschlie\u00dfend in der Gruppe \u201eFormstil\u201c auf die Dropdown-Pfeilschaltfl\u00e4che. <br><img loading=\"lazy\" decoding=\"async\" title=\"4-Format-die-Linie\" src=\"https:\/\/exceladvisor.org\/wp-content\/uploads\/2023\/08\/4-formater-la-ligne.png\" sizes=\"auto, \" srcset=\"\" alt=\"format-the-line\" width=\"498\" height=\"259\"><\/li><li> W\u00e4hlen Sie nun Ihren Linienstil aus dem Dropdown-Men\u00fc \u201eFormstil\u201c aus. <br><img loading=\"lazy\" decoding=\"async\" title=\"Dropdown-Liste mit 5 Formen\" src=\"https:\/\/exceladvisor.org\/wp-content\/uploads\/2023\/08\/Liste-deroulante-de-5-styles-de-forme.png\" sizes=\"auto, \" srcset=\"\" alt=\"shape-style-dropdown\" width=\"457\" height=\"379\"><\/li><li> Sobald Sie auf den gew\u00fcnschten Stil klicken, wird die Linie in diesen Stil konvertiert. <br><img loading=\"lazy\" decoding=\"async\" title=\"6-Zoll-Linie\" src=\"https:\/\/exceladvisor.org\/wp-content\/uploads\/2023\/08\/6-personnalise-la-ligne.png\" sizes=\"auto, \" srcset=\"\" alt=\"customizes-line\" width=\"441\" height=\"230\"><\/li><li> Um die Farbe der Linie zu \u00e4ndern, klicken Sie auf den Dropdown-Pfeil \u201eFormumriss\u201c und w\u00e4hlen Sie die gew\u00fcnschte Farbe aus. <br><img loading=\"lazy\" decoding=\"async\" title=\"7-Linienfarbe \u00e4ndern\" src=\"https:\/\/exceladvisor.org\/wp-content\/uploads\/2023\/08\/7-changer-la-couleur-de-la-ligne.png\" sizes=\"auto, \" srcset=\"\" alt=\"change-line-color\" width=\"455\" height=\"280\"><\/li><li> Um die Linienst\u00e4rke zu erh\u00f6hen oder zu verringern, klicken Sie im Dropdown-Men\u00fc auf \u201eGewicht\u201c und w\u00e4hlen Sie die gew\u00fcnschte Breite aus. <br><img loading=\"lazy\" decoding=\"async\" title=\"8-Legen Sie die Linienst\u00e4rke fest\" src=\"https:\/\/exceladvisor.org\/wp-content\/uploads\/2023\/08\/8-definir-lepaisseur-de-la-ligne.png\" sizes=\"auto, \" srcset=\"\" alt=\"set-the-line-weight\" width=\"464\" height=\"322\"><\/li><li> Um die Linie in eine gepunktete Linie umzuwandeln, klicken Sie in der Dropdown-Liste auf \u201eStriche\u201c und w\u00e4hlen Sie den gew\u00fcnschten gepunkteten Linienstil aus. <br><img loading=\"lazy\" decoding=\"async\" title=\"9 gepunktete Linie\" src=\"https:\/\/exceladvisor.org\/wp-content\/uploads\/2023\/08\/9-tirets-pointilles.png\" sizes=\"auto, \" srcset=\"\" alt=\"dotted-dashes-line\" width=\"469\" height=\"316\"><\/li><li> Um der Linie Richtungspfeile hinzuzuf\u00fcgen, klicken Sie in der Dropdown-Liste auf \u201ePfeile\u201c und w\u00e4hlen Sie den gew\u00fcnschten Pfeiltyp aus. <br><img loading=\"lazy\" decoding=\"async\" title=\"10 Richtungspfeile zur Linie\" src=\"https:\/\/exceladvisor.org\/wp-content\/uploads\/2023\/08\/10-fleches-directionnelles-a-la-ligne.png\" sizes=\"auto, \" srcset=\"\" alt=\"direction-arrows-to-line\" width=\"468\" height=\"373\"><\/li><li> Um die Effekte zur Linie hinzuzuf\u00fcgen, klicken Sie auf den Dropdown-Pfeil \u201eFormeffekte\u201c und w\u00e4hlen Sie den gew\u00fcnschten Effekt aus. <br><img loading=\"lazy\" decoding=\"async\" title=\"11 Linienformeffekte\" src=\"https:\/\/exceladvisor.org\/wp-content\/uploads\/2023\/08\/11-effets-de-forme-a-tracer.png\" sizes=\"auto, \" srcset=\"\" alt=\"shape-effects-to-line\" width=\"467\" height=\"345\"><\/li><li> Um weitere Formatierungen f\u00fcr die Zeile vorzunehmen, klicken Sie mit der rechten Maustaste auf die Zeile und klicken Sie im Dropdown-Men\u00fc auf \u201eForm formatieren\u201c. Daraufhin wird das Fenster \u201eForm formatieren\u201c ge\u00f6ffnet. <br><img loading=\"lazy\" decoding=\"async\" title=\"Fensterf\u00f6rmig in 12 Formaten\" src=\"https:\/\/exceladvisor.org\/wp-content\/uploads\/2023\/08\/Fenetre-de-forme-au-format-12.png\" sizes=\"auto, \" srcset=\"\" alt=\"format-shape-window\" width=\"527\" height=\"437\"><\/li><\/ol><div class=\"gb-container gb-container-4db6181c gb-container-mt\"> <a class=\"gb-button gb-button-c5897111 gb-button-text gb-button-mt-button\" href=\"https:\/\/exceladvisor.org\/de\/excel-grundlagen\/\">Microsoft Excel-Grundlagen (Komponenten, Teile und Wissenshinweise)<\/a><h2 class=\"gb-headline gb-headline-665e5f6b gb-headline-text gb-headline-mt-heading\"> Verwandte Tutorials <\/h2><div class=\"gb-grid-wrapper gb-grid-wrapper-a20baf7c gb-grid-wrapper-mt-grid\"><div class=\"gb-grid-column gb-grid-column-65ddf67e\"><div class=\"gb-container gb-container-65ddf67e\"><ul><li> <a href=\"https:\/\/exceladvisor.org\/de\/fugen-sie-eine-schaltflache-hinzu\/\">F\u00fcgen Sie eine Schaltfl\u00e4che in Excel hinzu<\/a><\/li><li> <a href=\"https:\/\/exceladvisor.org\/de\/verschmelzen-dissoziieren-zellen\/\">Zusammenf\u00fchren \u2013 Gruppierung von Zellen in Excel aufheben<\/a><\/li><li> <a href=\"https:\/\/exceladvisor.org\/de\/rechtschreibprufung\/\">Rechtschreibpr\u00fcfung in Excel<\/a><\/li><li> <a href=\"https:\/\/exceladvisor.org\/de\/ruckzug\/\">Einzug in Excel vergr\u00f6\u00dfern und verkleinern<\/a><\/li><li> <a href=\"https:\/\/exceladvisor.org\/de\/text-drehen\/\">Text in Excel drehen (Textausrichtung)<\/a> <\/li><\/ul><\/div><\/div><div class=\"gb-grid-column gb-grid-column-50067b57\"><div class=\"gb-container gb-container-50067b57\"><\/div><\/div><\/div><\/div>","protected":false},"excerpt":{"rendered":"","protected":false},"author":1,"featured_media":0,"parent":0,"menu_order":0,"comment_status":"open","ping_status":"closed","template":"","meta":{"ub_ctt_via":"","footnotes":""},"class_list":["post-3123","page","type-page","status-publish","hentry"],"featured_image_src":null,"yoast_head":"<!-- This site is optimized with the Yoast SEO plugin v25.4 - https:\/\/yoast.com\/wordpress\/plugins\/seo\/ -->\n<title>\u25b7 So zeichnen Sie eine Linie in Excel (Tutorial 2023)<\/title>\n<meta name=\"description\" content=\"In diesem Tutorial lernen wir, wie man in Excel eine Linie zeichnet, indem wir einige schnelle und einfache Schritte befolgen, die Sie befolgen werden\" \/>\n<meta name=\"robots\" content=\"index, follow, max-snippet:-1, max-image-preview:large, max-video-preview:-1\" \/>\n<link rel=\"canonical\" href=\"https:\/\/exceladvisor.org\/de\/zeichne-eine-linie\/\" \/>\n<meta property=\"og:locale\" content=\"de_DE\" \/>\n<meta property=\"og:type\" content=\"article\" \/>\n<meta property=\"og:title\" content=\"\u25b7 So zeichnen Sie eine Linie in Excel (Tutorial 2023)\" \/>\n<meta property=\"og:description\" content=\"In diesem Tutorial lernen wir, wie man in Excel eine Linie zeichnet, indem wir einige schnelle und einfache Schritte befolgen, die Sie befolgen werden\" \/>\n<meta property=\"og:url\" content=\"https:\/\/exceladvisor.org\/de\/zeichne-eine-linie\/\" \/>\n<meta property=\"og:site_name\" content=\"Excel Advisor\" \/>\n<meta property=\"article:modified_time\" content=\"2023-12-03T13:06:06+00:00\" \/>\n<meta property=\"og:image\" content=\"https:\/\/exceladvisor.org\/wp-content\/uploads\/2023\/08\/1-insert-formes.png\" \/>\n<meta name=\"twitter:card\" content=\"summary_large_image\" \/>\n<meta name=\"twitter:label1\" content=\"Gesch\u00e4tzte Lesezeit\" \/>\n\t<meta name=\"twitter:data1\" content=\"3\u00a0Minuten\" \/>\n<script type=\"application\/ld+json\" class=\"yoast-schema-graph\">{\"@context\":\"https:\/\/schema.org\",\"@graph\":[{\"@type\":\"WebPage\",\"@id\":\"https:\/\/exceladvisor.org\/de\/zeichne-eine-linie\/\",\"url\":\"https:\/\/exceladvisor.org\/de\/zeichne-eine-linie\/\",\"name\":\"\u25b7 So zeichnen Sie eine Linie in Excel (Tutorial 2023)\",\"isPartOf\":{\"@id\":\"https:\/\/exceladvisor.org\/de\/#website\"},\"primaryImageOfPage\":{\"@id\":\"https:\/\/exceladvisor.org\/de\/zeichne-eine-linie\/#primaryimage\"},\"image\":{\"@id\":\"https:\/\/exceladvisor.org\/de\/zeichne-eine-linie\/#primaryimage\"},\"thumbnailUrl\":\"https:\/\/exceladvisor.org\/wp-content\/uploads\/2023\/08\/1-insert-formes.png\",\"datePublished\":\"2023-11-14T18:15:32+00:00\",\"dateModified\":\"2023-12-03T13:06:06+00:00\",\"description\":\"In diesem Tutorial lernen wir, wie man in Excel eine Linie zeichnet, indem wir einige schnelle und einfache Schritte befolgen, die Sie befolgen werden\",\"breadcrumb\":{\"@id\":\"https:\/\/exceladvisor.org\/de\/zeichne-eine-linie\/#breadcrumb\"},\"inLanguage\":\"de\",\"potentialAction\":[{\"@type\":\"ReadAction\",\"target\":[\"https:\/\/exceladvisor.org\/de\/zeichne-eine-linie\/\"]}]},{\"@type\":\"ImageObject\",\"inLanguage\":\"de\",\"@id\":\"https:\/\/exceladvisor.org\/de\/zeichne-eine-linie\/#primaryimage\",\"url\":\"https:\/\/exceladvisor.org\/wp-content\/uploads\/2023\/08\/1-insert-formes.png\",\"contentUrl\":\"https:\/\/exceladvisor.org\/wp-content\/uploads\/2023\/08\/1-insert-formes.png\"},{\"@type\":\"BreadcrumbList\",\"@id\":\"https:\/\/exceladvisor.org\/de\/zeichne-eine-linie\/#breadcrumb\",\"itemListElement\":[{\"@type\":\"ListItem\",\"position\":1,\"name\":\"Accueil\",\"item\":\"https:\/\/exceladvisor.org\/de\/\"},{\"@type\":\"ListItem\",\"position\":2,\"name\":\"Wie zeichne ich eine linie in excel?\"}]},{\"@type\":\"WebSite\",\"@id\":\"https:\/\/exceladvisor.org\/de\/#website\",\"url\":\"https:\/\/exceladvisor.org\/de\/\",\"name\":\"Excel Advisor\",\"description\":\"Ihr Leitfaden zur Datendominanz\",\"publisher\":{\"@id\":\"https:\/\/exceladvisor.org\/de\/#organization\"},\"potentialAction\":[{\"@type\":\"SearchAction\",\"target\":{\"@type\":\"EntryPoint\",\"urlTemplate\":\"https:\/\/exceladvisor.org\/de\/?s={search_term_string}\"},\"query-input\":{\"@type\":\"PropertyValueSpecification\",\"valueRequired\":true,\"valueName\":\"search_term_string\"}}],\"inLanguage\":\"de\"},{\"@type\":\"Organization\",\"@id\":\"https:\/\/exceladvisor.org\/de\/#organization\",\"name\":\"Excel Advisor\",\"url\":\"https:\/\/exceladvisor.org\/de\/\",\"logo\":{\"@type\":\"ImageObject\",\"inLanguage\":\"de\",\"@id\":\"https:\/\/exceladvisor.org\/de\/#\/schema\/logo\/image\/\",\"url\":\"https:\/\/exceladvisor.org\/de\/wp-content\/uploads\/2023\/11\/exceladvisor.org_.png\",\"contentUrl\":\"https:\/\/exceladvisor.org\/de\/wp-content\/uploads\/2023\/11\/exceladvisor.org_.png\",\"width\":105,\"height\":36,\"caption\":\"Excel Advisor\"},\"image\":{\"@id\":\"https:\/\/exceladvisor.org\/de\/#\/schema\/logo\/image\/\"}}]}<\/script>\n<!-- \/ Yoast SEO plugin. -->","yoast_head_json":{"title":"\u25b7 So zeichnen Sie eine Linie in Excel (Tutorial 2023)","description":"In diesem Tutorial lernen wir, wie man in Excel eine Linie zeichnet, indem wir einige schnelle und einfache Schritte befolgen, die Sie befolgen werden","robots":{"index":"index","follow":"follow","max-snippet":"max-snippet:-1","max-image-preview":"max-image-preview:large","max-video-preview":"max-video-preview:-1"},"canonical":"https:\/\/exceladvisor.org\/de\/zeichne-eine-linie\/","og_locale":"de_DE","og_type":"article","og_title":"\u25b7 So zeichnen Sie eine Linie in Excel (Tutorial 2023)","og_description":"In diesem Tutorial lernen wir, wie man in Excel eine Linie zeichnet, indem wir einige schnelle und einfache Schritte befolgen, die Sie befolgen werden","og_url":"https:\/\/exceladvisor.org\/de\/zeichne-eine-linie\/","og_site_name":"Excel Advisor","article_modified_time":"2023-12-03T13:06:06+00:00","og_image":[{"url":"https:\/\/exceladvisor.org\/wp-content\/uploads\/2023\/08\/1-insert-formes.png","type":"","width":"","height":""}],"twitter_card":"summary_large_image","twitter_misc":{"Gesch\u00e4tzte Lesezeit":"3\u00a0Minuten"},"schema":{"@context":"https:\/\/schema.org","@graph":[{"@type":"WebPage","@id":"https:\/\/exceladvisor.org\/de\/zeichne-eine-linie\/","url":"https:\/\/exceladvisor.org\/de\/zeichne-eine-linie\/","name":"\u25b7 So zeichnen Sie eine Linie in Excel (Tutorial 2023)","isPartOf":{"@id":"https:\/\/exceladvisor.org\/de\/#website"},"primaryImageOfPage":{"@id":"https:\/\/exceladvisor.org\/de\/zeichne-eine-linie\/#primaryimage"},"image":{"@id":"https:\/\/exceladvisor.org\/de\/zeichne-eine-linie\/#primaryimage"},"thumbnailUrl":"https:\/\/exceladvisor.org\/wp-content\/uploads\/2023\/08\/1-insert-formes.png","datePublished":"2023-11-14T18:15:32+00:00","dateModified":"2023-12-03T13:06:06+00:00","description":"In diesem Tutorial lernen wir, wie man in Excel eine Linie zeichnet, indem wir einige schnelle und einfache Schritte befolgen, die Sie befolgen werden","breadcrumb":{"@id":"https:\/\/exceladvisor.org\/de\/zeichne-eine-linie\/#breadcrumb"},"inLanguage":"de","potentialAction":[{"@type":"ReadAction","target":["https:\/\/exceladvisor.org\/de\/zeichne-eine-linie\/"]}]},{"@type":"ImageObject","inLanguage":"de","@id":"https:\/\/exceladvisor.org\/de\/zeichne-eine-linie\/#primaryimage","url":"https:\/\/exceladvisor.org\/wp-content\/uploads\/2023\/08\/1-insert-formes.png","contentUrl":"https:\/\/exceladvisor.org\/wp-content\/uploads\/2023\/08\/1-insert-formes.png"},{"@type":"BreadcrumbList","@id":"https:\/\/exceladvisor.org\/de\/zeichne-eine-linie\/#breadcrumb","itemListElement":[{"@type":"ListItem","position":1,"name":"Accueil","item":"https:\/\/exceladvisor.org\/de\/"},{"@type":"ListItem","position":2,"name":"Wie zeichne ich eine linie in excel?"}]},{"@type":"WebSite","@id":"https:\/\/exceladvisor.org\/de\/#website","url":"https:\/\/exceladvisor.org\/de\/","name":"Excel Advisor","description":"Ihr Leitfaden zur Datendominanz","publisher":{"@id":"https:\/\/exceladvisor.org\/de\/#organization"},"potentialAction":[{"@type":"SearchAction","target":{"@type":"EntryPoint","urlTemplate":"https:\/\/exceladvisor.org\/de\/?s={search_term_string}"},"query-input":{"@type":"PropertyValueSpecification","valueRequired":true,"valueName":"search_term_string"}}],"inLanguage":"de"},{"@type":"Organization","@id":"https:\/\/exceladvisor.org\/de\/#organization","name":"Excel Advisor","url":"https:\/\/exceladvisor.org\/de\/","logo":{"@type":"ImageObject","inLanguage":"de","@id":"https:\/\/exceladvisor.org\/de\/#\/schema\/logo\/image\/","url":"https:\/\/exceladvisor.org\/de\/wp-content\/uploads\/2023\/11\/exceladvisor.org_.png","contentUrl":"https:\/\/exceladvisor.org\/de\/wp-content\/uploads\/2023\/11\/exceladvisor.org_.png","width":105,"height":36,"caption":"Excel Advisor"},"image":{"@id":"https:\/\/exceladvisor.org\/de\/#\/schema\/logo\/image\/"}}]}},"yoast_meta":{"yoast_wpseo_title":"","yoast_wpseo_metadesc":"","yoast_wpseo_canonical":""},"_links":{"self":[{"href":"https:\/\/exceladvisor.org\/de\/wp-json\/wp\/v2\/pages\/3123","targetHints":{"allow":["GET"]}}],"collection":[{"href":"https:\/\/exceladvisor.org\/de\/wp-json\/wp\/v2\/pages"}],"about":[{"href":"https:\/\/exceladvisor.org\/de\/wp-json\/wp\/v2\/types\/page"}],"author":[{"embeddable":true,"href":"https:\/\/exceladvisor.org\/de\/wp-json\/wp\/v2\/users\/1"}],"replies":[{"embeddable":true,"href":"https:\/\/exceladvisor.org\/de\/wp-json\/wp\/v2\/comments?post=3123"}],"version-history":[{"count":1,"href":"https:\/\/exceladvisor.org\/de\/wp-json\/wp\/v2\/pages\/3123\/revisions"}],"predecessor-version":[{"id":4433,"href":"https:\/\/exceladvisor.org\/de\/wp-json\/wp\/v2\/pages\/3123\/revisions\/4433"}],"wp:attachment":[{"href":"https:\/\/exceladvisor.org\/de\/wp-json\/wp\/v2\/media?parent=3123"}],"curies":[{"name":"wp","href":"https:\/\/api.w.org\/{rel}","templated":true}]}}