{"id":3124,"date":"2023-11-14T17:21:13","date_gmt":"2023-11-14T17:21:13","guid":{"rendered":"https:\/\/exceladvisor.org\/de\/countives-countif-oder-logisch\/"},"modified":"2023-12-03T13:05:59","modified_gmt":"2023-12-03T13:05:59","slug":"countives-countif-oder-logisch","status":"publish","type":"page","link":"https:\/\/exceladvisor.org\/de\/countives-countif-oder-logisch\/","title":{"rendered":"Wie verwende ich die oder-logik in countif\/counifs in excel?"},"content":{"rendered":"<div class=\"excel-vor-dem-inhalt\" id=\"excel-3496269295\"><script type=\"text\/javascript\">\r\n\tatOptions = {\r\n\t\t'key' : 'c1158f160081d6540a8409e6925dab94',\r\n\t\t'format' : 'iframe',\r\n\t\t'height' : 250,\r\n\t\t'width' : 300,\r\n\t\t'params' : {}\r\n\t};\r\n<\/script>\r\n<script type=\"text\/javascript\" src=\"\/\/www.highperformanceformat.com\/c1158f160081d6540a8409e6925dab94\/invoke.js\"><\/script><\/div> <p>Vor ein paar Tagen habe ich dar\u00fcber geschrieben, wie wir <a style=\"outline: none;\" href=\"https:\/\/exceladvisor.org\/de\/sumif-sumifs-oder-logik\/\">SUMIF OR<\/a> verwenden k\u00f6nnen. Und heute m\u00f6chte ich zeigen, dass wir mit derselben Logik eine COUNT OR-Formel erstellen k\u00f6nnen.<\/p><p> Auch wir k\u00f6nnen in dieser Formel dynamische Kriterien erstellen. Aber zuerst m\u00f6chte ich Sie etwas fragen.<\/p><p> Waren Sie schon einmal mit der Situation konfrontiert, dass Sie mehrere Werte aus einer einzelnen Spalte oder einem Zellbereich z\u00e4hlen mussten?<\/p><p> Wenn ja, dann kann die Verwendung dieser ODER-Logik in Z\u00c4HLENWENN\/Z\u00c4HLENWENN f\u00fcr Sie von entscheidender Bedeutung sein.<\/p><p> Normalerweise k\u00f6nnen wir bei COUNTIF einfach Zellen z\u00e4hlen, indem wir eine einzelne Bedingung angeben, und bei COUNIFS k\u00f6nnen wir mehrere Bedingungen angeben, aber es verwendet UND-Logik, um Werte zu z\u00e4hlen.<\/p><p> Das bedeutet, dass wir diese Funktionen nicht verwenden k\u00f6nnen, um mehr als einen Wert aus einer einzelnen Spalte oder einem einzelnen Bereich zu z\u00e4hlen.<\/p><p> Aber heute m\u00f6chte ich Ihnen in diesem Artikel eine einfache, aber wirkungsvolle M\u00f6glichkeit vorstellen, die OR-Bedingung in COUNIF anzuwenden.<\/p><p> Stellen Sie sicher, dass <a href=\"https:\/\/exceladvisor.org\/wp-content\/uploads\/2023\/08\/ou-logique-dans-les-donnees-countif-et-countifs.xlsx\" rel=\"nofollow\">Sie diese Datendatei hier herunterladen<\/a> , und jetzt k\u00f6nnen wir loslegen \u2026<\/p><h2 class=\"wp-block-heading\"> So verwenden Sie Z\u00c4HLENWENN\/Z\u00c4HLENWENN ODER<\/h2><p> Schauen Sie sich die Daten unten an, in denen Sie eine Liste der Personen und ihrer bevorzugten Social-Media-Plattformen finden. <\/p><div class=\"wp-block-image\"><figure class=\"aligncenter\"><img decoding=\"async\" src=\"https:\/\/exceladvisor.org\/wp-content\/uploads\/2023\/08\/donnees-a-utiliser-ou-logique-dans-countif-et-countifs-1.png\" sizes=\"\" srcset=\"\" alt=\"Zu verwendende Daten oder Logik in countif und countifs\"><\/figure><\/div><p> Nun m\u00fcssen Sie aus dieser Liste von 50 Personen z\u00e4hlen, wie viele Personen \u201eFacebook\u201c und \u201eTwitter\u201c m\u00f6gen. Wenn Sie COUNIF verwenden m\u00f6chten, f\u00fcgen Sie die folgende Formel in eine Zelle ein und dr\u00fccken Sie die Eingabetaste. <\/p><pre class=\"wp-block-code\"> <code class=\"language-excel-formula\" lang=\"excel-formula\">=SUM(COUNTIF(B2:B51,{\"Facebook\",\"Twitter\"}))<\/code><\/pre><p class=\"has-text-align-center\"><img loading=\"lazy\" decoding=\"async\" src=\"https:\/\/exceladvisor.org\/wp-content\/uploads\/2023\/08\/formule-countif-a-utiliser-ou-logique-dans-countif-et-countifs-1.png\" sizes=\"auto, \" srcset=\"\" alt=\"Countif-Formel zur Verwendung oder Logik in Countif und Countifs\" width=\"721\" height=\"278\" data-id=\"11715\"><\/p><p> Und wenn Sie COUNIFS verwenden m\u00f6chten, f\u00fcgen Sie die folgende Formel in eine Zelle ein und dr\u00fccken Sie die Eingabetaste. <\/p><pre class=\"wp-block-code\"> <code class=\"language-excel-formula\" lang=\"excel-formula\">=SUM(COUNTIFS(B2:B51,{\"Twitter\",\"Facebook\"}))<\/code><\/pre><p class=\"has-text-align-center\"><img loading=\"lazy\" decoding=\"async\" src=\"https:\/\/exceladvisor.org\/wp-content\/uploads\/2023\/08\/formule-countifs-a-utiliser-ou-logique-dans-countif-et-countifs-1.png\" sizes=\"auto, \" srcset=\"\" alt=\"Countifs-Formel zur Verwendung oder Logik in Countif und Countifs\" width=\"716\" height=\"277\" data-id=\"11716\"><\/p><p> Mit beiden oben genannten Formeln erhalten Sie im Ergebnis 25, was der Anzahl von Facebook (17) + Twitter (8) zusammen entspricht.<\/p><h2 class=\"wp-block-heading\"> Wie es funktioniert<\/h2><p> Wie ich bereits erw\u00e4hnt habe, verwendet COUNTIFS die AND-Logik und andererseits k\u00f6nnen Sie in COUNIF nur einen zu z\u00e4hlenden Wert angeben.<\/p><p> Um die Anwendung von OR mit diesen Funktionen zu verstehen, m\u00fcssen Sie diese Formel in drei Teile unterteilen. <\/p><div class=\"wp-block-image\"><figure class=\"aligncenter\"><img decoding=\"async\" src=\"https:\/\/exceladvisor.org\/wp-content\/uploads\/2023\/08\/comment-fonctionne-countif-ou-formule.png\" sizes=\"\" srcset=\"\" alt=\"wie Countif oder Formel funktionieren\"><\/figure><\/div><ol><li> Zun\u00e4chst haben wir in dieser Formel zwei verschiedene Kriterien verwendet und dabei das Konzept einer Tabelle genutzt.<\/li><li> Und danach haben wir COUNTIFS verwendet, um diese beiden Werte zu finden.<\/li><li> Am Ende haben wir die gesamte Formel in die SUM-Funktion eingef\u00fcgt, um die gemeinsame Zahl der beiden Werte zu erhalten.<\/li><\/ol><p> Hier habe ich dieses Konzept in Z\u00c4HLENWENN erkl\u00e4rt, aber die Z\u00c4HLENWENN-Formel funktioniert genauso.<\/p><h2 class=\"wp-block-heading\"> Dynamische ODER-Bedingung<\/h2><p> Als ich die Verwendung <a href=\"https:\/\/exceladvisor.org\/de\/sumif-sumifs-oder-logik\/\">von OR in SUMIF\/SUMIFS<\/a> erkl\u00e4rte, fragte mich Shay, wie man in dieser Formel dynamische Werte anstelle von Hardcore-Werten verwendet. <\/p><div class=\"wp-block-image\"><figure class=\"aligncenter\"><img decoding=\"async\" src=\"https:\/\/exceladvisor.org\/wp-content\/uploads\/2023\/08\/utiliser-ou-logique-dans-countif-et-countifs-shay-comment-1.png\" sizes=\"\" srcset=\"\" alt=\"Verwendung oder Logik in Countif und Countifs Shay-Kommentar\"><\/figure><\/div><p> Und dazu m\u00fcssen Sie nur zwei kleine \u00c4nderungen an Ihrer Formel vornehmen.<\/p><ol><li> Die erste besteht darin, dass Sie anstelle der Verwendung von geschweiften Klammern einen benannten Bereich (am besten ein Array) Ihrer Werte verwenden sollten.<\/li><li> Anschlie\u00dfend m\u00fcssen Sie diese Formel mit Strg+Umschalt+Eingabetaste als richtige Array-Formel eingeben.<\/li><\/ol><p> Ihre Formel lautet nun: <\/p><pre class=\"wp-block-code\"> <code class=\"language-excel-formula\" lang=\"excel-formula\">{=SUM(COUNTIFS(B2:B51,Named_Range))}<\/code><\/pre><p class=\"has-text-align-center\"><img loading=\"lazy\" decoding=\"async\" src=\"https:\/\/exceladvisor.org\/wp-content\/uploads\/2023\/08\/plage-dynamique-a-utiliser-ou-logique-dans-countif-et-countifs-1.png\" sizes=\"auto, \" srcset=\"\" alt=\"zu verwendender Dynamikbereich oder Logik in Countif und Countifs\" width=\"724\" height=\"368\" data-id=\"11718\"><\/p><div class=\"gb-container gb-container-52dfcee1 gb-container-sample-file\"><h2 class=\"gb-headline gb-headline-e289c143 gb-headline-text gb-headline-4f7959c2\"> Holen Sie sich die Excel-Datei<\/h2> <a class=\"gb-button gb-button-e88d6bee gb-button-text gb-button-button1\" href=\"https:\/\/exceladvisor.org\/wp-content\/uploads\/2023\/08\/ou-logique-dans-countif-et-countifs.xlsx\" rel=\"nofollow\">Herunterladen<\/a><\/div><h2 class=\"wp-block-heading\"> Abschluss<\/h2><p> Die Verwendung der ODER-Logik in COUNIF\/COUNIFS kann die Leistung steigern und Ihnen das Schreiben langer Formeln ersparen.<\/p><p> Und die Verwendung dynamischer Kriterien ist super toll. Sie k\u00f6nnen die Werte jederzeit \u00e4ndern, ohne die Formel zu \u00e4ndern.<\/p><p> Ich hoffe, dass Sie diese Formeltipps hilfreich fanden und Ihnen dabei helfen werden, Ihre Arbeit effektiver zu gestalten.<\/p><p> Also, was halten Sie davon?<\/p><p> <strong>Haben Sie das schon einmal probiert?<\/strong><\/p><p> Teilen Sie mir Ihre Gedanken im Kommentarbereich mit, ich w\u00fcrde mich freuen, von Ihnen zu h\u00f6ren. Und vergessen Sie nicht, diesen Tipp mit Ihren Freunden zu teilen.<\/p><div class=\"gb-container gb-container-0df56012 gb-container-mt\"> <a class=\"gb-button gb-button-f9f432f4 gb-button-text gb-button-mt-button\" href=\"https:\/\/exceladvisor.org\/de\/formeln\/\">Liste der Excel-Formeln<\/a><h2 class=\"gb-headline gb-headline-233444e8 gb-headline-text gb-headline-mt-heading\"> Verwandte Formeln <\/h2><div class=\"gb-grid-wrapper gb-grid-wrapper-a16fa65c gb-grid-wrapper-mt-grid\"><div class=\"gb-grid-column gb-grid-column-50d07e0d\"><div class=\"gb-container gb-container-50d07e0d\"><ul><li> <a href=\"https:\/\/exceladvisor.org\/de\/zwischen-zwei-zahlen-zahlen\/\">Z\u00e4hlen Sie zwischen zwei Zahlen (COUNTIFS) in Excel<\/a><\/li><li> <a href=\"https:\/\/exceladvisor.org\/de\/anzahl-leerer-zellen\/\">Z\u00e4hlen Sie leere (leere) Zellen mit COUNTIF in Excel<\/a><\/li><li> <a href=\"https:\/\/exceladvisor.org\/de\/zahlen-wenn-kleiner-als\/\">Z\u00e4hlen Sie in Excel Zellen, die kleiner als ein bestimmter Wert (COUNTIF) sind<\/a><\/li><li> <a href=\"https:\/\/exceladvisor.org\/de\/anzahl-der-zellen-ungleich\/\">Zellen z\u00e4hlen, die in Excel ungleich sind (COUNTIF)<\/a> <\/li><\/ul><\/div><\/div><div class=\"gb-grid-column gb-grid-column-5b4a0cf9\"><div class=\"gb-container gb-container-5b4a0cf9\"><\/div><\/div><\/div><\/div>","protected":false},"excerpt":{"rendered":"","protected":false},"author":1,"featured_media":0,"parent":0,"menu_order":0,"comment_status":"open","ping_status":"closed","template":"","meta":{"ub_ctt_via":"","footnotes":""},"class_list":["post-3124","page","type-page","status-publish","hentry"],"featured_image_src":null,"yoast_head":"<!-- This site is optimized with the Yoast SEO plugin v25.4 - https:\/\/yoast.com\/wordpress\/plugins\/seo\/ -->\n<title>Wie verwende ich die ODER-Logik in COUNTIF\/COUNIFS in Excel?<\/title>\n<meta name=\"description\" content=\"In diesem Artikel erfahren Sie, wie Sie mehrere Werte mithilfe der ODER-Logik in den Funktionen COUNTIF und COUNTIFS z\u00e4hlen\" \/>\n<meta name=\"robots\" content=\"index, follow, max-snippet:-1, max-image-preview:large, max-video-preview:-1\" \/>\n<link rel=\"canonical\" href=\"https:\/\/exceladvisor.org\/de\/countives-countif-oder-logisch\/\" \/>\n<meta property=\"og:locale\" content=\"de_DE\" \/>\n<meta property=\"og:type\" content=\"article\" \/>\n<meta property=\"og:title\" content=\"Wie verwende ich die ODER-Logik in COUNTIF\/COUNIFS in Excel?\" \/>\n<meta property=\"og:description\" content=\"In diesem Artikel erfahren Sie, wie Sie mehrere Werte mithilfe der ODER-Logik in den Funktionen COUNTIF und COUNTIFS z\u00e4hlen\" \/>\n<meta property=\"og:url\" content=\"https:\/\/exceladvisor.org\/de\/countives-countif-oder-logisch\/\" \/>\n<meta property=\"og:site_name\" content=\"Excel Advisor\" \/>\n<meta property=\"article:modified_time\" content=\"2023-12-03T13:05:59+00:00\" \/>\n<meta property=\"og:image\" content=\"https:\/\/exceladvisor.org\/wp-content\/uploads\/2023\/08\/donnees-a-utiliser-ou-logique-dans-countif-et-countifs-1.png\" \/>\n<meta name=\"twitter:card\" content=\"summary_large_image\" \/>\n<meta name=\"twitter:label1\" content=\"Gesch\u00e4tzte Lesezeit\" \/>\n\t<meta name=\"twitter:data1\" content=\"3\u00a0Minuten\" \/>\n<script type=\"application\/ld+json\" class=\"yoast-schema-graph\">{\"@context\":\"https:\/\/schema.org\",\"@graph\":[{\"@type\":\"WebPage\",\"@id\":\"https:\/\/exceladvisor.org\/de\/countives-countif-oder-logisch\/\",\"url\":\"https:\/\/exceladvisor.org\/de\/countives-countif-oder-logisch\/\",\"name\":\"Wie verwende ich die ODER-Logik in COUNTIF\/COUNIFS in Excel?\",\"isPartOf\":{\"@id\":\"https:\/\/exceladvisor.org\/de\/#website\"},\"primaryImageOfPage\":{\"@id\":\"https:\/\/exceladvisor.org\/de\/countives-countif-oder-logisch\/#primaryimage\"},\"image\":{\"@id\":\"https:\/\/exceladvisor.org\/de\/countives-countif-oder-logisch\/#primaryimage\"},\"thumbnailUrl\":\"https:\/\/exceladvisor.org\/wp-content\/uploads\/2023\/08\/donnees-a-utiliser-ou-logique-dans-countif-et-countifs-1.png\",\"datePublished\":\"2023-11-14T17:21:13+00:00\",\"dateModified\":\"2023-12-03T13:05:59+00:00\",\"description\":\"In diesem Artikel erfahren Sie, wie Sie mehrere Werte mithilfe der ODER-Logik in den Funktionen COUNTIF und COUNTIFS z\u00e4hlen\",\"breadcrumb\":{\"@id\":\"https:\/\/exceladvisor.org\/de\/countives-countif-oder-logisch\/#breadcrumb\"},\"inLanguage\":\"de\",\"potentialAction\":[{\"@type\":\"ReadAction\",\"target\":[\"https:\/\/exceladvisor.org\/de\/countives-countif-oder-logisch\/\"]}]},{\"@type\":\"ImageObject\",\"inLanguage\":\"de\",\"@id\":\"https:\/\/exceladvisor.org\/de\/countives-countif-oder-logisch\/#primaryimage\",\"url\":\"https:\/\/exceladvisor.org\/wp-content\/uploads\/2023\/08\/donnees-a-utiliser-ou-logique-dans-countif-et-countifs-1.png\",\"contentUrl\":\"https:\/\/exceladvisor.org\/wp-content\/uploads\/2023\/08\/donnees-a-utiliser-ou-logique-dans-countif-et-countifs-1.png\"},{\"@type\":\"BreadcrumbList\",\"@id\":\"https:\/\/exceladvisor.org\/de\/countives-countif-oder-logisch\/#breadcrumb\",\"itemListElement\":[{\"@type\":\"ListItem\",\"position\":1,\"name\":\"Accueil\",\"item\":\"https:\/\/exceladvisor.org\/de\/\"},{\"@type\":\"ListItem\",\"position\":2,\"name\":\"Wie verwende ich die oder-logik in countif\/counifs in excel?\"}]},{\"@type\":\"WebSite\",\"@id\":\"https:\/\/exceladvisor.org\/de\/#website\",\"url\":\"https:\/\/exceladvisor.org\/de\/\",\"name\":\"Excel Advisor\",\"description\":\"Ihr Leitfaden zur Datendominanz\",\"publisher\":{\"@id\":\"https:\/\/exceladvisor.org\/de\/#organization\"},\"potentialAction\":[{\"@type\":\"SearchAction\",\"target\":{\"@type\":\"EntryPoint\",\"urlTemplate\":\"https:\/\/exceladvisor.org\/de\/?s={search_term_string}\"},\"query-input\":{\"@type\":\"PropertyValueSpecification\",\"valueRequired\":true,\"valueName\":\"search_term_string\"}}],\"inLanguage\":\"de\"},{\"@type\":\"Organization\",\"@id\":\"https:\/\/exceladvisor.org\/de\/#organization\",\"name\":\"Excel Advisor\",\"url\":\"https:\/\/exceladvisor.org\/de\/\",\"logo\":{\"@type\":\"ImageObject\",\"inLanguage\":\"de\",\"@id\":\"https:\/\/exceladvisor.org\/de\/#\/schema\/logo\/image\/\",\"url\":\"https:\/\/exceladvisor.org\/de\/wp-content\/uploads\/2023\/11\/exceladvisor.org_.png\",\"contentUrl\":\"https:\/\/exceladvisor.org\/de\/wp-content\/uploads\/2023\/11\/exceladvisor.org_.png\",\"width\":105,\"height\":36,\"caption\":\"Excel Advisor\"},\"image\":{\"@id\":\"https:\/\/exceladvisor.org\/de\/#\/schema\/logo\/image\/\"}}]}<\/script>\n<!-- \/ Yoast SEO plugin. -->","yoast_head_json":{"title":"Wie verwende ich die ODER-Logik in COUNTIF\/COUNIFS in Excel?","description":"In diesem Artikel erfahren Sie, wie Sie mehrere Werte mithilfe der ODER-Logik in den Funktionen COUNTIF und COUNTIFS z\u00e4hlen","robots":{"index":"index","follow":"follow","max-snippet":"max-snippet:-1","max-image-preview":"max-image-preview:large","max-video-preview":"max-video-preview:-1"},"canonical":"https:\/\/exceladvisor.org\/de\/countives-countif-oder-logisch\/","og_locale":"de_DE","og_type":"article","og_title":"Wie verwende ich die ODER-Logik in COUNTIF\/COUNIFS in Excel?","og_description":"In diesem Artikel erfahren Sie, wie Sie mehrere Werte mithilfe der ODER-Logik in den Funktionen COUNTIF und COUNTIFS z\u00e4hlen","og_url":"https:\/\/exceladvisor.org\/de\/countives-countif-oder-logisch\/","og_site_name":"Excel Advisor","article_modified_time":"2023-12-03T13:05:59+00:00","og_image":[{"url":"https:\/\/exceladvisor.org\/wp-content\/uploads\/2023\/08\/donnees-a-utiliser-ou-logique-dans-countif-et-countifs-1.png","type":"","width":"","height":""}],"twitter_card":"summary_large_image","twitter_misc":{"Gesch\u00e4tzte Lesezeit":"3\u00a0Minuten"},"schema":{"@context":"https:\/\/schema.org","@graph":[{"@type":"WebPage","@id":"https:\/\/exceladvisor.org\/de\/countives-countif-oder-logisch\/","url":"https:\/\/exceladvisor.org\/de\/countives-countif-oder-logisch\/","name":"Wie verwende ich die ODER-Logik in COUNTIF\/COUNIFS in Excel?","isPartOf":{"@id":"https:\/\/exceladvisor.org\/de\/#website"},"primaryImageOfPage":{"@id":"https:\/\/exceladvisor.org\/de\/countives-countif-oder-logisch\/#primaryimage"},"image":{"@id":"https:\/\/exceladvisor.org\/de\/countives-countif-oder-logisch\/#primaryimage"},"thumbnailUrl":"https:\/\/exceladvisor.org\/wp-content\/uploads\/2023\/08\/donnees-a-utiliser-ou-logique-dans-countif-et-countifs-1.png","datePublished":"2023-11-14T17:21:13+00:00","dateModified":"2023-12-03T13:05:59+00:00","description":"In diesem Artikel erfahren Sie, wie Sie mehrere Werte mithilfe der ODER-Logik in den Funktionen COUNTIF und COUNTIFS z\u00e4hlen","breadcrumb":{"@id":"https:\/\/exceladvisor.org\/de\/countives-countif-oder-logisch\/#breadcrumb"},"inLanguage":"de","potentialAction":[{"@type":"ReadAction","target":["https:\/\/exceladvisor.org\/de\/countives-countif-oder-logisch\/"]}]},{"@type":"ImageObject","inLanguage":"de","@id":"https:\/\/exceladvisor.org\/de\/countives-countif-oder-logisch\/#primaryimage","url":"https:\/\/exceladvisor.org\/wp-content\/uploads\/2023\/08\/donnees-a-utiliser-ou-logique-dans-countif-et-countifs-1.png","contentUrl":"https:\/\/exceladvisor.org\/wp-content\/uploads\/2023\/08\/donnees-a-utiliser-ou-logique-dans-countif-et-countifs-1.png"},{"@type":"BreadcrumbList","@id":"https:\/\/exceladvisor.org\/de\/countives-countif-oder-logisch\/#breadcrumb","itemListElement":[{"@type":"ListItem","position":1,"name":"Accueil","item":"https:\/\/exceladvisor.org\/de\/"},{"@type":"ListItem","position":2,"name":"Wie verwende ich die oder-logik in countif\/counifs in excel?"}]},{"@type":"WebSite","@id":"https:\/\/exceladvisor.org\/de\/#website","url":"https:\/\/exceladvisor.org\/de\/","name":"Excel Advisor","description":"Ihr Leitfaden zur Datendominanz","publisher":{"@id":"https:\/\/exceladvisor.org\/de\/#organization"},"potentialAction":[{"@type":"SearchAction","target":{"@type":"EntryPoint","urlTemplate":"https:\/\/exceladvisor.org\/de\/?s={search_term_string}"},"query-input":{"@type":"PropertyValueSpecification","valueRequired":true,"valueName":"search_term_string"}}],"inLanguage":"de"},{"@type":"Organization","@id":"https:\/\/exceladvisor.org\/de\/#organization","name":"Excel Advisor","url":"https:\/\/exceladvisor.org\/de\/","logo":{"@type":"ImageObject","inLanguage":"de","@id":"https:\/\/exceladvisor.org\/de\/#\/schema\/logo\/image\/","url":"https:\/\/exceladvisor.org\/de\/wp-content\/uploads\/2023\/11\/exceladvisor.org_.png","contentUrl":"https:\/\/exceladvisor.org\/de\/wp-content\/uploads\/2023\/11\/exceladvisor.org_.png","width":105,"height":36,"caption":"Excel Advisor"},"image":{"@id":"https:\/\/exceladvisor.org\/de\/#\/schema\/logo\/image\/"}}]}},"yoast_meta":{"yoast_wpseo_title":"","yoast_wpseo_metadesc":"","yoast_wpseo_canonical":""},"_links":{"self":[{"href":"https:\/\/exceladvisor.org\/de\/wp-json\/wp\/v2\/pages\/3124","targetHints":{"allow":["GET"]}}],"collection":[{"href":"https:\/\/exceladvisor.org\/de\/wp-json\/wp\/v2\/pages"}],"about":[{"href":"https:\/\/exceladvisor.org\/de\/wp-json\/wp\/v2\/types\/page"}],"author":[{"embeddable":true,"href":"https:\/\/exceladvisor.org\/de\/wp-json\/wp\/v2\/users\/1"}],"replies":[{"embeddable":true,"href":"https:\/\/exceladvisor.org\/de\/wp-json\/wp\/v2\/comments?post=3124"}],"version-history":[{"count":1,"href":"https:\/\/exceladvisor.org\/de\/wp-json\/wp\/v2\/pages\/3124\/revisions"}],"predecessor-version":[{"id":4249,"href":"https:\/\/exceladvisor.org\/de\/wp-json\/wp\/v2\/pages\/3124\/revisions\/4249"}],"wp:attachment":[{"href":"https:\/\/exceladvisor.org\/de\/wp-json\/wp\/v2\/media?parent=3124"}],"curies":[{"name":"wp","href":"https:\/\/api.w.org\/{rel}","templated":true}]}}