{"id":3125,"date":"2023-11-14T17:14:32","date_gmt":"2023-11-14T17:14:32","guid":{"rendered":"https:\/\/exceladvisor.org\/de\/rechtschreibprufung\/"},"modified":"2023-12-03T13:05:14","modified_gmt":"2023-12-03T13:05:14","slug":"rechtschreibprufung","status":"publish","type":"page","link":"https:\/\/exceladvisor.org\/de\/rechtschreibprufung\/","title":{"rendered":"Wie \u00fcberpr\u00fcfe ich die rechtschreibung in excel?"},"content":{"rendered":"<div class=\"excel-vor-dem-inhalt\" id=\"excel-1456781811\"><script type=\"text\/javascript\">\r\n\tatOptions = {\r\n\t\t'key' : 'c1158f160081d6540a8409e6925dab94',\r\n\t\t'format' : 'iframe',\r\n\t\t'height' : 250,\r\n\t\t'width' : 300,\r\n\t\t'params' : {}\r\n\t};\r\n<\/script>\r\n<script type=\"text\/javascript\" src=\"\/\/www.highperformanceformat.com\/c1158f160081d6540a8409e6925dab94\/invoke.js\"><\/script><\/div> <p>Wie Microsoft Word verf\u00fcgt auch Excel \u00fcber eine Rechtschreibpr\u00fcfungsfunktion, aber die meisten Excel-Benutzer kennen oder verwenden diese Funktion nicht, da Excel haupts\u00e4chlich f\u00fcr numerische Werte und nicht f\u00fcr Textdaten verwendet wird.<\/p><p> Die Rechtschreibpr\u00fcfung in Excel identifiziert das falsch geschriebene Wort und Benutzer k\u00f6nnen es mithilfe dieser Rechtschreibpr\u00fcfungsfunktion korrigieren.<\/p><p> Im Vergleich dazu ist die Rechtschreibpr\u00fcfung in Excel nicht sehr fortgeschritten wie in Word, wo Grammatikfehler und falsch geschriebene W\u00f6rter \u00fcberpr\u00fcft und falsche W\u00f6rter unterstrichen werden. Dennoch ist es eine gute Option f\u00fcr Excel-Benutzer, diese Pr\u00fcfung durchzuf\u00fchren, um falsch geschriebene W\u00f6rter zu identifizieren und zu korrigieren .<\/p><h2 class=\"wp-block-heading\"> F\u00fchren Sie die Rechtschreibpr\u00fcfung in Excel aus<\/h2><ol><li> W\u00e4hlen Sie zun\u00e4chst die Zelle aus, von der aus Sie die Rechtschreibpr\u00fcfung durchf\u00fchren m\u00f6chten, oder w\u00e4hlen Sie Zelle A1 aus, um die Rechtschreibpr\u00fcfung vom gesamten Blatt aus durchzuf\u00fchren.<\/li><li> Gehen Sie anschlie\u00dfend zur Registerkarte \u201e\u00dcberpr\u00fcfen\u201c und klicken Sie im Men\u00fcband unter der Gruppe \u201ePr\u00fcfung\u201c auf das Symbol \u201eRechtschreibung\u201c oder dr\u00fccken Sie F7 als Tastenkombination f\u00fcr die Rechtschreibpr\u00fcfung. <br><img loading=\"lazy\" decoding=\"async\" title=\"Rechtschreibpr\u00fcfung in 1 Durchlauf\" src=\"https:\/\/exceladvisor.org\/wp-content\/uploads\/2023\/08\/1-verification-orthographique.png\" sizes=\"auto, \" srcset=\"\" alt=\"run-spell-check\" width=\"444\" height=\"156\"><\/li><li> Sobald Sie auf \u201eRechtschreibung\u201c klicken, startet die Rechtschreibpr\u00fcfung und wenn Sie ein falsch geschriebenes Wort finden, \u00f6ffnet sich das Rechtschreibdialogfeld.<\/li><li> Der Rechtschreibdialog bietet Ihnen mehrere Vorschlagsoptionen zur Auswahl eines davon basierend auf dem falsch geschriebenen Wort mit mehreren Aktionen, die Sie f\u00fcr dieses Wort ausf\u00fchren k\u00f6nnen, wie \u201eEinmal ignorieren, bearbeiten, zum W\u00f6rterbuch hinzuf\u00fcgen\u201c und viele andere Optionen. Andere. <br><img loading=\"lazy\" decoding=\"async\" title=\"2-Rechtschreibpr\u00fcfungsdialog\" src=\"https:\/\/exceladvisor.org\/wp-content\/uploads\/2023\/08\/2-boite-de-dialogue-de-verification-orthographique.png\" sizes=\"auto, \" srcset=\"\" alt=\"spell-check-dialog-box\" width=\"509\" height=\"302\"><\/li><li> Jetzt k\u00f6nnen Sie den Vorschlag ausw\u00e4hlen und auf \u201eBearbeiten\u201c klicken, um das falsch geschriebene Wort nur f\u00fcr dieses Mal zu aktualisieren. Sie k\u00f6nnen auch auf \u201eEinmal ignorieren\u201c klicken, um dieses falsch geschriebene Wort nur f\u00fcr dieses Mal zu ignorieren, oder auf \u201eZum W\u00f6rterbuch hinzuf\u00fcgen\u201c klicken, um dieses Wort zur Rechtschreibung hinzuzuf\u00fcgen W\u00f6rterbuch.<\/li><li> Sobald Sie mit allen falsch geschriebenen W\u00f6rtern fertig sind, wird das Dialogfeld mit der Meldung \u201eRechtschreibpr\u00fcfung abgeschlossen\u201c angezeigt und Sie klicken auf \u201eOK\u201c. <br><img loading=\"lazy\" decoding=\"async\" title=\"3 Rechtschreibpr\u00fcfungen abgeschlossen\" src=\"https:\/\/exceladvisor.org\/wp-content\/uploads\/2023\/08\/3-verification-orthographique-terminee.png\" sizes=\"auto, \" srcset=\"\" alt=\"spell-check-complete\" width=\"284\" height=\"125\"><\/li><\/ol><h2 class=\"wp-block-heading\"> Optionen im Dialogfeld \u201eRechtschreibpr\u00fcfung\u201c.<\/h2><ol><li> <strong>Einmal ignorieren:<\/strong> Ignoriert das gefundene Wort nur einmal als falsch geschrieben. Das hei\u00dft, wenn dasselbe Wort im Blatt wiederholt wird, wird dieses Wort erneut als falsch geschrieben erkannt.<\/li><li> <strong>Alle ignorieren:<\/strong> Ignoriert das gefundene Wort in allen F\u00e4llen als falsch geschrieben und zeigt das wiederholte Wort im Arbeitsblatt nicht mehr als falsch geschrieben an.<\/li><li> <strong>Zum W\u00f6rterbuch hinzuf\u00fcgen:<\/strong> Wenn Sie ein Wort verwenden m\u00fcssen, das mit dem von Ihnen eingegebenen identisch ist (haupts\u00e4chlich bei Abk\u00fcrzungen), die Rechtschreibpr\u00fcfung das Wort jedoch als falsch geschrieben erkennt, k\u00f6nnen Sie dieses Wort zum W\u00f6rterbuch hinzuf\u00fcgen und die Rechtschreibung \u00fcberpr\u00fcfen, sodass Sie es jedes Mal \u00fcberpr\u00fcfen k\u00f6nnen Wenn Sie dieses Wort verwenden, erkennt die Rechtschreibpr\u00fcfung es nicht als falsch geschrieben.<\/li><li> <strong>Bearbeiten:<\/strong> Ersetzt das falsch geschriebene Wort durch den Vorschlag, den Sie aus den f\u00fcr das falsch geschriebene Wort verf\u00fcgbaren Vorschl\u00e4gen ausw\u00e4hlen.<\/li><li> <strong>Alles \u00e4ndern:<\/strong> \u00c4ndern Sie das Vorkommen des falsch geschriebenen Worts mit dem von Ihnen ausgew\u00e4hlten Vorschlag.<\/li><li> <strong>Autokorrektur:<\/strong> Bearbeiten Sie das falsch geschriebene Wort mit dem Vorschlag und f\u00fcgen Sie diesen Vorschlag zur Autokorrekturliste hinzu. Wenn Sie das falsch geschriebene Wort eingeben, korrigiert die Rechtschreibpr\u00fcfung das Wort automatisch mit diesem vorab ausgew\u00e4hlten Vorschlag.<\/li><\/ol><h2 class=\"wp-block-heading\"> \u00c4ndern Sie die Standardeinstellungen f\u00fcr die Rechtschreibpr\u00fcfung in Excel<\/h2><p> Die Rechtschreibpr\u00fcfung in Excel verf\u00fcgt \u00fcber einige Standardeinstellungen, die Benutzer wie folgt \u00e4ndern k\u00f6nnen:<\/p><ol><li> Klicken Sie zun\u00e4chst im Dialogfeld zur Rechtschreibpr\u00fcfung auf die Schaltfl\u00e4che \u201eOptionen\u201c. <br><img loading=\"lazy\" decoding=\"async\" title=\"4 Dialogoptionen f\u00fcr die Rechtschreibpr\u00fcfung\" src=\"https:\/\/exceladvisor.org\/wp-content\/uploads\/2023\/08\/4-options-de-boite-de-dialogue-de-verification-orthographique.png\" sizes=\"auto, \" srcset=\"\" alt=\"spell-check-dialog-box-options\" width=\"498\" height=\"296\"><\/li><li> Sobald Sie auf \u201eOptionen\u201c klicken, \u00f6ffnet sich das Dialogfeld \u201eExcel-Optionen\u201c, in dem Sie die Standardeinstellung \u00e4ndern k\u00f6nnen.<\/li><li> Deaktivieren oder aktivieren Sie nun die Standardeinstellungsoptionen, die Sie \u00e4ndern m\u00f6chten, und klicken Sie auf OK. <br><img loading=\"lazy\" decoding=\"async\" title=\"5 Standardoptionen f\u00fcr die Rechtschreibpr\u00fcfung\" src=\"https:\/\/exceladvisor.org\/wp-content\/uploads\/2023\/08\/5-options-de-verification-orthographique-par-defaut.png\" sizes=\"auto, \" srcset=\"\" alt=\"spell-check-default-options\" width=\"626\" height=\"514\"><\/li><\/ol><h2 class=\"wp-block-heading\"> Imbissbuden:<\/h2><ol><li> Die Rechtschreibpr\u00fcfung erkennt nur falsch geschriebene W\u00f6rter.<\/li><li> Die Rechtschreibpr\u00fcfung erkennt gro\u00dfgeschriebene W\u00f6rter und W\u00f6rter mit der Zahlenkombination erst, wenn Sie diese Standardeinstellungsoptionen deaktivieren.<\/li><li> Die Rechtschreibpr\u00fcfung erkennt keine W\u00f6rter in Excel-Formeln.<\/li><li> Die Rechtschreibpr\u00fcfung erfolgt Zeile f\u00fcr Zeile von links nach rechts.<\/li><li> Wenn Sie auf eine andere Zelle als A1 klicken und die Rechtschreibpr\u00fcfung ausf\u00fchren, werden die Zellen links von der ausgew\u00e4hlten Spalte in dieser Zeile ignoriert.<\/li><li> Wenn Sie mehrere Zellen ausw\u00e4hlen und die Rechtschreibpr\u00fcfung ausf\u00fchren, wird diese nur f\u00fcr die ausgew\u00e4hlten Zellen ausgef\u00fchrt.<\/li><li> Die Rechtschreibpr\u00fcfung zeigt Ihnen die falsch geschriebenen W\u00f6rter nacheinander an, was bedeutet, dass sie in jeder Zelle, die einen Fehler findet, ein Dialogfeld zur Rechtschreibpr\u00fcfung \u00f6ffnet, um auf diesen Fehler zu reagieren. Sobald Sie \u00fcberpr\u00fcfen, ob dies der Fall ist, wird Ihnen das n\u00e4chste falsch geschriebene Wort angezeigt.<\/li><\/ol><div class=\"gb-container gb-container-4db6181c gb-container-mt\"> <a class=\"gb-button gb-button-c5897111 gb-button-text gb-button-mt-button\" href=\"https:\/\/exceladvisor.org\/de\/excel-grundlagen\/\">Microsoft Excel-Grundlagen (Komponenten, Teile und Wissenshinweise)<\/a><h2 class=\"gb-headline gb-headline-665e5f6b gb-headline-text gb-headline-mt-heading\"> Verwandte Tutorials <\/h2><div class=\"gb-grid-wrapper gb-grid-wrapper-a20baf7c gb-grid-wrapper-mt-grid\"><div class=\"gb-grid-column gb-grid-column-65ddf67e\"><div class=\"gb-container gb-container-65ddf67e\"><ul><li> <a href=\"https:\/\/exceladvisor.org\/de\/zeichne-eine-linie\/\">Zeichnen Sie eine Linie in Excel<\/a><\/li><li> <a href=\"https:\/\/exceladvisor.org\/de\/fugen-sie-eine-schaltflache-hinzu\/\">F\u00fcgen Sie eine Schaltfl\u00e4che in Excel hinzu<\/a><\/li><li> <a href=\"https:\/\/exceladvisor.org\/de\/verschmelzen-dissoziieren-zellen\/\">Zusammenf\u00fchren \u2013 Gruppierung von Zellen in Excel aufheben<\/a><\/li><li> <a href=\"https:\/\/exceladvisor.org\/de\/ruckzug\/\">Einzug in Excel vergr\u00f6\u00dfern und verkleinern<\/a><\/li><li> <a href=\"https:\/\/exceladvisor.org\/de\/text-drehen\/\">Text in Excel drehen (Textausrichtung)<\/a> <\/li><\/ul><\/div><\/div><div class=\"gb-grid-column gb-grid-column-50067b57\"><div class=\"gb-container gb-container-50067b57\"><\/div><\/div><\/div><\/div>","protected":false},"excerpt":{"rendered":"","protected":false},"author":1,"featured_media":0,"parent":0,"menu_order":0,"comment_status":"open","ping_status":"closed","template":"","meta":{"ub_ctt_via":"","footnotes":""},"class_list":["post-3125","page","type-page","status-publish","hentry"],"featured_image_src":null,"yoast_head":"<!-- This site is optimized with the Yoast SEO plugin v25.4 - https:\/\/yoast.com\/wordpress\/plugins\/seo\/ -->\n<title>\u25b7 Wie \u00fcberpr\u00fcfe ich die Rechtschreibung in Excel? (Tutorial 2023)<\/title>\n<meta name=\"description\" content=\"In diesem Tutorial lernen wir, wie man eine Rechtschreibpr\u00fcfung in Excel durchf\u00fchrt, und wir erfahren auch alles dar\u00fcber\" \/>\n<meta name=\"robots\" content=\"index, follow, max-snippet:-1, max-image-preview:large, max-video-preview:-1\" \/>\n<link rel=\"canonical\" href=\"https:\/\/exceladvisor.org\/de\/rechtschreibprufung\/\" \/>\n<meta property=\"og:locale\" content=\"de_DE\" \/>\n<meta property=\"og:type\" content=\"article\" \/>\n<meta property=\"og:title\" content=\"\u25b7 Wie \u00fcberpr\u00fcfe ich die Rechtschreibung in Excel? (Tutorial 2023)\" \/>\n<meta property=\"og:description\" content=\"In diesem Tutorial lernen wir, wie man eine Rechtschreibpr\u00fcfung in Excel durchf\u00fchrt, und wir erfahren auch alles dar\u00fcber\" \/>\n<meta property=\"og:url\" content=\"https:\/\/exceladvisor.org\/de\/rechtschreibprufung\/\" \/>\n<meta property=\"og:site_name\" content=\"Excel Advisor\" \/>\n<meta property=\"article:modified_time\" content=\"2023-12-03T13:05:14+00:00\" \/>\n<meta property=\"og:image\" content=\"https:\/\/exceladvisor.org\/wp-content\/uploads\/2023\/08\/1-verification-orthographique.png\" \/>\n<meta name=\"twitter:card\" content=\"summary_large_image\" \/>\n<meta name=\"twitter:label1\" content=\"Gesch\u00e4tzte Lesezeit\" \/>\n\t<meta name=\"twitter:data1\" content=\"4\u00a0Minuten\" \/>\n<script type=\"application\/ld+json\" class=\"yoast-schema-graph\">{\"@context\":\"https:\/\/schema.org\",\"@graph\":[{\"@type\":\"WebPage\",\"@id\":\"https:\/\/exceladvisor.org\/de\/rechtschreibprufung\/\",\"url\":\"https:\/\/exceladvisor.org\/de\/rechtschreibprufung\/\",\"name\":\"\u25b7 Wie \u00fcberpr\u00fcfe ich die Rechtschreibung in Excel? (Tutorial 2023)\",\"isPartOf\":{\"@id\":\"https:\/\/exceladvisor.org\/de\/#website\"},\"primaryImageOfPage\":{\"@id\":\"https:\/\/exceladvisor.org\/de\/rechtschreibprufung\/#primaryimage\"},\"image\":{\"@id\":\"https:\/\/exceladvisor.org\/de\/rechtschreibprufung\/#primaryimage\"},\"thumbnailUrl\":\"https:\/\/exceladvisor.org\/wp-content\/uploads\/2023\/08\/1-verification-orthographique.png\",\"datePublished\":\"2023-11-14T17:14:32+00:00\",\"dateModified\":\"2023-12-03T13:05:14+00:00\",\"description\":\"In diesem Tutorial lernen wir, wie man eine Rechtschreibpr\u00fcfung in Excel durchf\u00fchrt, und wir erfahren auch alles dar\u00fcber\",\"breadcrumb\":{\"@id\":\"https:\/\/exceladvisor.org\/de\/rechtschreibprufung\/#breadcrumb\"},\"inLanguage\":\"de\",\"potentialAction\":[{\"@type\":\"ReadAction\",\"target\":[\"https:\/\/exceladvisor.org\/de\/rechtschreibprufung\/\"]}]},{\"@type\":\"ImageObject\",\"inLanguage\":\"de\",\"@id\":\"https:\/\/exceladvisor.org\/de\/rechtschreibprufung\/#primaryimage\",\"url\":\"https:\/\/exceladvisor.org\/wp-content\/uploads\/2023\/08\/1-verification-orthographique.png\",\"contentUrl\":\"https:\/\/exceladvisor.org\/wp-content\/uploads\/2023\/08\/1-verification-orthographique.png\"},{\"@type\":\"BreadcrumbList\",\"@id\":\"https:\/\/exceladvisor.org\/de\/rechtschreibprufung\/#breadcrumb\",\"itemListElement\":[{\"@type\":\"ListItem\",\"position\":1,\"name\":\"Accueil\",\"item\":\"https:\/\/exceladvisor.org\/de\/\"},{\"@type\":\"ListItem\",\"position\":2,\"name\":\"Wie \u00fcberpr\u00fcfe ich die rechtschreibung in excel?\"}]},{\"@type\":\"WebSite\",\"@id\":\"https:\/\/exceladvisor.org\/de\/#website\",\"url\":\"https:\/\/exceladvisor.org\/de\/\",\"name\":\"Excel Advisor\",\"description\":\"Ihr Leitfaden zur Datendominanz\",\"publisher\":{\"@id\":\"https:\/\/exceladvisor.org\/de\/#organization\"},\"potentialAction\":[{\"@type\":\"SearchAction\",\"target\":{\"@type\":\"EntryPoint\",\"urlTemplate\":\"https:\/\/exceladvisor.org\/de\/?s={search_term_string}\"},\"query-input\":{\"@type\":\"PropertyValueSpecification\",\"valueRequired\":true,\"valueName\":\"search_term_string\"}}],\"inLanguage\":\"de\"},{\"@type\":\"Organization\",\"@id\":\"https:\/\/exceladvisor.org\/de\/#organization\",\"name\":\"Excel Advisor\",\"url\":\"https:\/\/exceladvisor.org\/de\/\",\"logo\":{\"@type\":\"ImageObject\",\"inLanguage\":\"de\",\"@id\":\"https:\/\/exceladvisor.org\/de\/#\/schema\/logo\/image\/\",\"url\":\"https:\/\/exceladvisor.org\/de\/wp-content\/uploads\/2023\/11\/exceladvisor.org_.png\",\"contentUrl\":\"https:\/\/exceladvisor.org\/de\/wp-content\/uploads\/2023\/11\/exceladvisor.org_.png\",\"width\":105,\"height\":36,\"caption\":\"Excel Advisor\"},\"image\":{\"@id\":\"https:\/\/exceladvisor.org\/de\/#\/schema\/logo\/image\/\"}}]}<\/script>\n<!-- \/ Yoast SEO plugin. -->","yoast_head_json":{"title":"\u25b7 Wie \u00fcberpr\u00fcfe ich die Rechtschreibung in Excel? (Tutorial 2023)","description":"In diesem Tutorial lernen wir, wie man eine Rechtschreibpr\u00fcfung in Excel durchf\u00fchrt, und wir erfahren auch alles dar\u00fcber","robots":{"index":"index","follow":"follow","max-snippet":"max-snippet:-1","max-image-preview":"max-image-preview:large","max-video-preview":"max-video-preview:-1"},"canonical":"https:\/\/exceladvisor.org\/de\/rechtschreibprufung\/","og_locale":"de_DE","og_type":"article","og_title":"\u25b7 Wie \u00fcberpr\u00fcfe ich die Rechtschreibung in Excel? (Tutorial 2023)","og_description":"In diesem Tutorial lernen wir, wie man eine Rechtschreibpr\u00fcfung in Excel durchf\u00fchrt, und wir erfahren auch alles dar\u00fcber","og_url":"https:\/\/exceladvisor.org\/de\/rechtschreibprufung\/","og_site_name":"Excel Advisor","article_modified_time":"2023-12-03T13:05:14+00:00","og_image":[{"url":"https:\/\/exceladvisor.org\/wp-content\/uploads\/2023\/08\/1-verification-orthographique.png","type":"","width":"","height":""}],"twitter_card":"summary_large_image","twitter_misc":{"Gesch\u00e4tzte Lesezeit":"4\u00a0Minuten"},"schema":{"@context":"https:\/\/schema.org","@graph":[{"@type":"WebPage","@id":"https:\/\/exceladvisor.org\/de\/rechtschreibprufung\/","url":"https:\/\/exceladvisor.org\/de\/rechtschreibprufung\/","name":"\u25b7 Wie \u00fcberpr\u00fcfe ich die Rechtschreibung in Excel? (Tutorial 2023)","isPartOf":{"@id":"https:\/\/exceladvisor.org\/de\/#website"},"primaryImageOfPage":{"@id":"https:\/\/exceladvisor.org\/de\/rechtschreibprufung\/#primaryimage"},"image":{"@id":"https:\/\/exceladvisor.org\/de\/rechtschreibprufung\/#primaryimage"},"thumbnailUrl":"https:\/\/exceladvisor.org\/wp-content\/uploads\/2023\/08\/1-verification-orthographique.png","datePublished":"2023-11-14T17:14:32+00:00","dateModified":"2023-12-03T13:05:14+00:00","description":"In diesem Tutorial lernen wir, wie man eine Rechtschreibpr\u00fcfung in Excel durchf\u00fchrt, und wir erfahren auch alles dar\u00fcber","breadcrumb":{"@id":"https:\/\/exceladvisor.org\/de\/rechtschreibprufung\/#breadcrumb"},"inLanguage":"de","potentialAction":[{"@type":"ReadAction","target":["https:\/\/exceladvisor.org\/de\/rechtschreibprufung\/"]}]},{"@type":"ImageObject","inLanguage":"de","@id":"https:\/\/exceladvisor.org\/de\/rechtschreibprufung\/#primaryimage","url":"https:\/\/exceladvisor.org\/wp-content\/uploads\/2023\/08\/1-verification-orthographique.png","contentUrl":"https:\/\/exceladvisor.org\/wp-content\/uploads\/2023\/08\/1-verification-orthographique.png"},{"@type":"BreadcrumbList","@id":"https:\/\/exceladvisor.org\/de\/rechtschreibprufung\/#breadcrumb","itemListElement":[{"@type":"ListItem","position":1,"name":"Accueil","item":"https:\/\/exceladvisor.org\/de\/"},{"@type":"ListItem","position":2,"name":"Wie \u00fcberpr\u00fcfe ich die rechtschreibung in excel?"}]},{"@type":"WebSite","@id":"https:\/\/exceladvisor.org\/de\/#website","url":"https:\/\/exceladvisor.org\/de\/","name":"Excel Advisor","description":"Ihr Leitfaden zur Datendominanz","publisher":{"@id":"https:\/\/exceladvisor.org\/de\/#organization"},"potentialAction":[{"@type":"SearchAction","target":{"@type":"EntryPoint","urlTemplate":"https:\/\/exceladvisor.org\/de\/?s={search_term_string}"},"query-input":{"@type":"PropertyValueSpecification","valueRequired":true,"valueName":"search_term_string"}}],"inLanguage":"de"},{"@type":"Organization","@id":"https:\/\/exceladvisor.org\/de\/#organization","name":"Excel Advisor","url":"https:\/\/exceladvisor.org\/de\/","logo":{"@type":"ImageObject","inLanguage":"de","@id":"https:\/\/exceladvisor.org\/de\/#\/schema\/logo\/image\/","url":"https:\/\/exceladvisor.org\/de\/wp-content\/uploads\/2023\/11\/exceladvisor.org_.png","contentUrl":"https:\/\/exceladvisor.org\/de\/wp-content\/uploads\/2023\/11\/exceladvisor.org_.png","width":105,"height":36,"caption":"Excel Advisor"},"image":{"@id":"https:\/\/exceladvisor.org\/de\/#\/schema\/logo\/image\/"}}]}},"yoast_meta":{"yoast_wpseo_title":"","yoast_wpseo_metadesc":"","yoast_wpseo_canonical":""},"_links":{"self":[{"href":"https:\/\/exceladvisor.org\/de\/wp-json\/wp\/v2\/pages\/3125","targetHints":{"allow":["GET"]}}],"collection":[{"href":"https:\/\/exceladvisor.org\/de\/wp-json\/wp\/v2\/pages"}],"about":[{"href":"https:\/\/exceladvisor.org\/de\/wp-json\/wp\/v2\/types\/page"}],"author":[{"embeddable":true,"href":"https:\/\/exceladvisor.org\/de\/wp-json\/wp\/v2\/users\/1"}],"replies":[{"embeddable":true,"href":"https:\/\/exceladvisor.org\/de\/wp-json\/wp\/v2\/comments?post=3125"}],"version-history":[{"count":1,"href":"https:\/\/exceladvisor.org\/de\/wp-json\/wp\/v2\/pages\/3125\/revisions"}],"predecessor-version":[{"id":4204,"href":"https:\/\/exceladvisor.org\/de\/wp-json\/wp\/v2\/pages\/3125\/revisions\/4204"}],"wp:attachment":[{"href":"https:\/\/exceladvisor.org\/de\/wp-json\/wp\/v2\/media?parent=3125"}],"curies":[{"name":"wp","href":"https:\/\/api.w.org\/{rel}","templated":true}]}}