{"id":3126,"date":"2023-11-14T16:51:36","date_gmt":"2023-11-14T16:51:36","guid":{"rendered":"https:\/\/exceladvisor.org\/de\/das-erste-letzte-wort-bekommen\/"},"modified":"2023-12-03T11:12:52","modified_gmt":"2023-12-03T11:12:52","slug":"das-erste-letzte-wort-bekommen","status":"publish","type":"page","link":"https:\/\/exceladvisor.org\/de\/das-erste-letzte-wort-bekommen\/","title":{"rendered":"So trennen sie namen in excel \u2013 (vorname und nachname)"},"content":{"rendered":"<div class=\"excel-vor-dem-inhalt\" id=\"excel-619026881\"><script type=\"text\/javascript\">\r\n\tatOptions = {\r\n\t\t'key' : 'c1158f160081d6540a8409e6925dab94',\r\n\t\t'format' : 'iframe',\r\n\t\t'height' : 250,\r\n\t\t'width' : 300,\r\n\t\t'params' : {}\r\n\t};\r\n<\/script>\r\n<script type=\"text\/javascript\" src=\"\/\/www.highperformanceformat.com\/c1158f160081d6540a8409e6925dab94\/invoke.js\"><\/script><\/div> <p>Wir stehen oft vor der Situation, dass wir in Excel Namen aufteilen (das erste und das letzte Wort einer Zelle\/Textzeichenfolge abrufen) m\u00fcssen.<\/p><p> Angenommen, Sie m\u00f6chten den Vornamen aus einer Zelle extrahieren, die sowohl den Vor- als auch den Nachnamen enth\u00e4lt, oder Sie m\u00f6chten den Produktnamen aus der Produktbeschreibungszelle extrahieren.<\/p><p> Wir brauchen eine Funktion, die das extrahieren kann. Die schlechte Nachricht ist, dass es in Excel keine spezielle Funktion gibt, um das erste und letzte Wort direkt aus einer Zelle zu extrahieren.<\/p><p> Aber <strong>die gute Nachricht ist, dass<\/strong> Sie Funktionen kombinieren und eine Formel erstellen k\u00f6nnen, um diese W\u00f6rter zu erhalten. Heute m\u00f6chte ich in diesem Artikel mit Ihnen teilen, wie Sie mithilfe einer Formel separate Namen erhalten<\/p><h2 id=\"tab-con-2\" class=\"wp-block-heading\"> Vorname extrahieren<\/h2><p> Das Extrahieren des ersten Wortes aus einer Textzeichenfolge ist viel einfacher als das Extrahieren des letzten Wortes. Hierzu k\u00f6nnen wir eine Formel erstellen, indem wir zwei verschiedene Textfunktionen kombinieren, n\u00e4mlich SEARCH und LEFT.<\/p><p> Lassen Sie uns dies anhand eines Beispiels verstehen. In der folgenden Tabelle finden Sie eine Namensliste mit Vor- und Nachnamen. Und jetzt m\u00fcssen wir von hier aus den Vornamen extrahieren, der das erste Wort in der Zelle ist. <\/p><div class=\"wp-block-image\"><figure class=\"aligncenter\"><img decoding=\"async\" src=\"https:\/\/exceladvisor.org\/wp-content\/uploads\/2023\/08\/donnees-pour-obtenir-nom-et-prenom-min-1.png\" sizes=\"\" srcset=\"\" alt=\"Daten zum Abrufen von Vor- und Nachnamen min\"><\/figure><\/div><p> Und die Formel, um den Vornamen aus der Spalte oben zu erhalten, lautet:<\/p><pre class=\"wp-block-code\"> <code class=\"language-excel-formula\" lang=\"excel-formula\">=LEFT(A2,SEARCH(\" \",A2)-1)<\/code><\/pre><p> <span style=\"font-family: inherit;\">Dies gibt einfach den Vornamen zur\u00fcck, der das erste Wort im Text ist.<\/span> <\/p><div class=\"wp-block-image\"><figure class=\"aligncenter\"><img decoding=\"async\" src=\"https:\/\/exceladvisor.org\/wp-content\/uploads\/2023\/08\/obtenir-le-premier-mot-du-nom-complet-min-1.png\" sizes=\"\" srcset=\"\" alt=\"erstes Wort des vollst\u00e4ndigen Namens erhalten, min\"><\/figure><\/div><p> Im obigen Beispiel haben wir eine Kombination aus SEARCH (es kann eine Textzeichenfolge innerhalb einer anderen Textzeichenfolge durchsuchen) und LEFT (es kann einen Text von der linken Seite extrahieren) verwendet.<\/p><h3 id=\"tab-con-1\" class=\"wp-block-heading\"> Wie es funktioniert<\/h3><p> Diese Formel funktioniert in zwei verschiedenen Teilen. <\/p><div class=\"wp-block-image\"><figure class=\"aligncenter\"><img decoding=\"async\" src=\"https:\/\/exceladvisor.org\/wp-content\/uploads\/2023\/08\/combinaison-de-formules-de-gauche-et-de-recherche-pour-obtenir-le-premier-mot-dune-chaine-de-texte-a-partir-dune-cellule-dans-Excel-min-1.png\" sizes=\"\" srcset=\"\" alt=\"Kombination aus Links- und Suchformeln, um das erste Wort einer Textzeichenfolge aus einer Zelle in Excel zu erhalten. min\"><\/figure><\/div><p> Im <strong>ersten<\/strong> Teil ermittelt die SEARCH-Funktion die Position des Leerzeichens im Text und gibt eine Zahl zur\u00fcck, von der Sie eins abziehen, um die Position des letzten Zeichens des ersten Wortes zu erhalten. <\/p><div class=\"wp-block-image\"><figure class=\"aligncenter\"><img decoding=\"async\" src=\"https:\/\/exceladvisor.org\/wp-content\/uploads\/2023\/08\/comment-la-combinaison-de-la-recherche-et-de-la-gauche-fonctionne-pour-obtenir-le-premier-mot-dune-chaine-de-texte-a-partir-dune-cellule-dans-Excel-min-1.png\" sizes=\"\" srcset=\"\" alt=\"wie die Kombination von \u201eSuchen\u201c und \u201eLinks\u201c funktioniert, um das erste Wort einer Textzeichenfolge aus einer Zelle in Excel zu erhalten. min\"><\/figure><\/div><p> Im <strong>zweiten<\/strong> Teil extrahiert die LEFT-Funktion unter Verwendung der von der SEARCH-Funktion zur\u00fcckgegebenen Zahl das erste Wort aus der Zelle. <\/p><div class=\"wp-block-image\"><figure class=\"aligncenter\"><img decoding=\"async\" src=\"https:\/\/exceladvisor.org\/wp-content\/uploads\/2023\/08\/premier-mot-dune-chaine-de-texte-dune-cellule-dans-excel-retourner-par-cette-formule-min-1.png\" sizes=\"\" srcset=\"\" alt=\"erstes Wort einer Textzeichenfolge einer Zelle in Excel, R\u00fcckgabe durch diese Formel min\"><\/figure><\/div><div class=\"gb-container gb-container-52dfcee1 gb-container-sample-file\"><h2 class=\"gb-headline gb-headline-e289c143 gb-headline-text gb-headline-4f7959c2\"> Holen Sie sich die Excel-Datei<\/h2><p> <a class=\"gb-button gb-button-e88d6bee gb-button-text gb-button-button1\" href=\"https:\/\/exceladvisor.org\/wp-content\/uploads\/2023\/08\/obtenir-les-donnees-du-premier-et-du-dernier-mot.xlsx\" rel=\"nofollow\">Herunterladen<\/a><\/p><\/div><h2 id=\"tab-con-3\" class=\"wp-block-heading\"> Nachname extrahieren<\/h2><p> Das letzte Wort einer Textzeichenfolge herauszubekommen, kann f\u00fcr Sie schwierig sein, aber sobald Sie die gesamte Formel verstanden haben, wird es in Zukunft viel einfacher sein, sie zu verwenden.<\/p><p> Um also das letzte Wort aus einer Zelle zu extrahieren, m\u00fcssen Sie RIGHT, SUBSTITUTE und REPT kombinieren. Und die Formel wird sein: <\/p><pre class=\"wp-block-code\"> <code class=\"language-excel-formula\" lang=\"excel-formula\">=TRIM(RIGHT(SUBSTITUTE(A2,\" \",REPT(\" \",LEN(A2))),LEN(A2)))<\/code><\/pre><div class=\"wp-block-image\"><figure class=\"aligncenter size-full\"><img loading=\"lazy\" decoding=\"async\" class=\"wp-image-12009\" src=\"https:\/\/exceladvisor.org\/wp-content\/uploads\/2023\/08\/combinaison-de-formules-pour-obtenir-le-dernier-mot-dune-chaine-de-texte-a-partir-dune-cellule-dans-Excel-min-1.png\" sizes=\"auto, \" srcset=\"\" alt=\"Kombinieren von Formeln, um das letzte Wort einer Textzeichenfolge aus einer Zelle in Excel zu erhalten\" width=\"646\" height=\"114\"><\/figure><\/div><p> Diese Formel gibt den Nachnamen der Zelle zur\u00fcck, die das letzte Wort ist, und funktioniert auch dann gleich, wenn eine Zelle mehr als zwei W\u00f6rter enth\u00e4lt.<\/p><h3 id=\"tab-con-0\" class=\"wp-block-heading\"> Wie es funktioniert<\/h3><p> Auch hier m\u00fcssen Sie diese Formel aufschl\u00fcsseln, um zu verstehen, wie sie funktioniert. <\/p><div class=\"wp-block-image\"><figure class=\"aligncenter\"><img decoding=\"async\" src=\"https:\/\/exceladvisor.org\/wp-content\/uploads\/2023\/08\/comment-la-combinaison-de-formules-pour-obtenir-le-dernier-mot-dune-chaine-de-texte-a-partir-dune-cellule-dans-Excel-fonctionne-min-1.png\" sizes=\"\" srcset=\"\" alt=\"Wie funktioniert das Kombinieren von Formeln, um das letzte Wort einer Textzeichenfolge aus einer Zelle in Excel zu erhalten?\"><\/figure><\/div><p> Im <strong>ERSTEN<\/strong> Teil ersetzt die REPLACE-Funktion jedes Leerzeichen durch Leerzeichen, die der L\u00e4nge des Textes entsprechen. <\/p><div class=\"wp-block-image\"><figure class=\"aligncenter\"><img decoding=\"async\" src=\"https:\/\/exceladvisor.org\/wp-content\/uploads\/2023\/08\/premiere-partie-de-la-formule-pour-obtenir-le-dernier-mot-dune-chaine-de-texte-a-partir-dune-cellule-dans-Excel-min-1.png\" sizes=\"\" srcset=\"\" alt=\"erster Teil der Formel, um das letzte Wort einer Textzeichenfolge aus einer Zelle in Excel zu erhalten, min\"><\/figure><\/div><p> Der Text wird mit zus\u00e4tzlichen Leerzeichen doppelt so lang und sieht folgenderma\u00dfen aus. Danach extrahiert die RIGHT-Funktion die Zeichen von der rechten Seite, die der urspr\u00fcnglichen L\u00e4nge des Textes entsprechen. <\/p><div class=\"wp-block-image\"><figure class=\"aligncenter\"><img decoding=\"async\" src=\"https:\/\/exceladvisor.org\/wp-content\/uploads\/2023\/08\/deuxieme-partie-de-la-formule-pour-obtenir-le-dernier-mot-dune-chaine-de-texte-a-partir-dune-cellule-dans-Excel-min-1.png\" sizes=\"\" srcset=\"\" alt=\"zweiter Teil der Formel, um das letzte Wort einer Textzeichenfolge aus einer Zelle in Excel zu erhalten, min\"><\/figure><\/div><p> Letztendlich <a href=\"https:\/\/exceladvisor.org\/de\/entfernen-sie-zusatzliche-leerzeichen\/\">entfernt die TRIM-Funktion alle f\u00fchrenden Leerzeichen<\/a> aus dem Text. <\/p><div class=\"wp-block-image\"><figure class=\"aligncenter\"><img decoding=\"async\" src=\"https:\/\/exceladvisor.org\/wp-content\/uploads\/2023\/08\/troisieme-partie-de-la-formule-pour-obtenir-le-dernier-mot-dune-chaine-de-texte-a-partir-dune-cellule-dans-Excel-min-1.png\" sizes=\"\" srcset=\"\" alt=\"Dritter Teil der Formel, um das letzte Wort einer Textzeichenfolge aus einer Zelle in Excel zu erhalten. min\"><\/figure><\/div><div class=\"gb-container gb-container-be634180 gb-container-sample-file\"><h2 class=\"gb-headline gb-headline-ffd5700d gb-headline-text gb-headline-4f7959c2\"> Holen Sie sich die Excel-Datei<\/h2><p> <a class=\"gb-button gb-button-31f0a7bf gb-button-text gb-button-button1\" href=\"https:\/\/exceladvisor.org\/wp-content\/uploads\/2023\/08\/obtenir-le-premier-et-le-dernier-mot.xlsx\" rel=\"nofollow\">Herunterladen<\/a><\/p><\/div><h2 class=\"wp-block-heading\"> Abschluss<\/h2><p> Mit den oben genannten Formeln k\u00f6nnen Sie ganz einfach das erste und letzte Wort einer Textzeichenfolge ermitteln. Die Formel f\u00fcr das erste Wort ist super einfach und f\u00fcr das letzte Wort etwas knifflig, aber man muss sie verstehen, sobald sie beginnt.<\/p><p> Ich hoffe, dass Sie diesen Tipp hilfreich fanden.<\/p><p> Jetzt sag mir eins. <strong><mark class=\"has-inline-color\" style=\"background-color: rgba(0, 0, 0, 0); color: #00a1a3;\">Haben Sie eine andere Methode, um den ersten und letzten Teil einer Zeichenfolge abzurufen?<\/mark><\/strong> Bitte teilen Sie mir Ihre Gedanken im Kommentarbereich mit, ich w\u00fcrde mich freuen, von Ihnen zu h\u00f6ren. Und vergessen Sie nicht, diesen Tipp mit Ihren Freunden zu teilen.<\/p><div class=\"gb-container gb-container-4db6181c gb-container-mt\"> <a class=\"gb-button gb-button-c5897111 gb-button-text gb-button-mt-button\" href=\"https:\/\/exceladvisor.org\/de\/vba\/\">Was ist VBA<\/a><h2 class=\"gb-headline gb-headline-665e5f6b gb-headline-text gb-headline-mt-heading\"> Verwandte Tutorials <\/h2><div class=\"gb-grid-wrapper gb-grid-wrapper-a20baf7c gb-grid-wrapper-mt-grid\"><div class=\"gb-grid-column gb-grid-column-65ddf67e\"><div class=\"gb-container gb-container-65ddf67e\"><ul><li> Entfernen Sie das erste Zeichen aus einer Zelle in Excel<\/li><li> <a href=\"https:\/\/exceladvisor.org\/de\/entfernen-sie-zusatzliche-leerzeichen\/\">Entfernen Sie zus\u00e4tzliche Leerzeichen in Excel<\/a><\/li><li> <a href=\"https:\/\/exceladvisor.org\/de\/extrahiere-das-letzte-wort-2\/\">Extrahieren Sie das letzte Wort aus einer Zelle<\/a><\/li><li> <a href=\"https:\/\/exceladvisor.org\/de\/zeilenumbruch-2-entfernen\/\">Zeilenumbruch aus einer Zelle entfernen<\/a><\/li><li> <a href=\"https:\/\/exceladvisor.org\/de\/klammern-entfernen-2\/\">Klammern in Excel entfernen (Klammern)<\/a> <\/li><\/ul><\/div><\/div><div class=\"gb-grid-column gb-grid-column-50067b57\"><div class=\"gb-container gb-container-50067b57\"><\/div><\/div><\/div><\/div>","protected":false},"excerpt":{"rendered":"","protected":false},"author":1,"featured_media":0,"parent":0,"menu_order":0,"comment_status":"open","ping_status":"closed","template":"","meta":{"ub_ctt_via":"","footnotes":""},"class_list":["post-3126","page","type-page","status-publish","hentry"],"featured_image_src":null,"yoast_head":"<!-- This site is optimized with the Yoast SEO plugin v25.4 - https:\/\/yoast.com\/wordpress\/plugins\/seo\/ -->\n<title>\u25b7 Wie trennt man Namen in Excel? - (Vor-und Nachname)<\/title>\n<meta name=\"description\" content=\"In Excel gibt es keine spezielle Funktion, um das erste und letzte Wort einer Textzeichenfolge abzurufen. Aber man kann kombinieren\" \/>\n<meta name=\"robots\" content=\"index, follow, max-snippet:-1, max-image-preview:large, max-video-preview:-1\" \/>\n<link rel=\"canonical\" href=\"https:\/\/exceladvisor.org\/de\/das-erste-letzte-wort-bekommen\/\" \/>\n<meta property=\"og:locale\" content=\"de_DE\" \/>\n<meta property=\"og:type\" content=\"article\" \/>\n<meta property=\"og:title\" content=\"\u25b7 Wie trennt man Namen in Excel? - (Vor-und Nachname)\" \/>\n<meta property=\"og:description\" content=\"In Excel gibt es keine spezielle Funktion, um das erste und letzte Wort einer Textzeichenfolge abzurufen. Aber man kann kombinieren\" \/>\n<meta property=\"og:url\" content=\"https:\/\/exceladvisor.org\/de\/das-erste-letzte-wort-bekommen\/\" \/>\n<meta property=\"og:site_name\" content=\"Excel Advisor\" \/>\n<meta property=\"article:modified_time\" content=\"2023-12-03T11:12:52+00:00\" \/>\n<meta property=\"og:image\" content=\"https:\/\/exceladvisor.org\/wp-content\/uploads\/2023\/08\/donnees-pour-obtenir-nom-et-prenom-min-1.png\" \/>\n<meta name=\"twitter:card\" content=\"summary_large_image\" \/>\n<meta name=\"twitter:label1\" content=\"Gesch\u00e4tzte Lesezeit\" \/>\n\t<meta name=\"twitter:data1\" content=\"3\u00a0Minuten\" \/>\n<script type=\"application\/ld+json\" class=\"yoast-schema-graph\">{\"@context\":\"https:\/\/schema.org\",\"@graph\":[{\"@type\":\"WebPage\",\"@id\":\"https:\/\/exceladvisor.org\/de\/das-erste-letzte-wort-bekommen\/\",\"url\":\"https:\/\/exceladvisor.org\/de\/das-erste-letzte-wort-bekommen\/\",\"name\":\"\u25b7 Wie trennt man Namen in Excel? - (Vor-und Nachname)\",\"isPartOf\":{\"@id\":\"https:\/\/exceladvisor.org\/de\/#website\"},\"primaryImageOfPage\":{\"@id\":\"https:\/\/exceladvisor.org\/de\/das-erste-letzte-wort-bekommen\/#primaryimage\"},\"image\":{\"@id\":\"https:\/\/exceladvisor.org\/de\/das-erste-letzte-wort-bekommen\/#primaryimage\"},\"thumbnailUrl\":\"https:\/\/exceladvisor.org\/wp-content\/uploads\/2023\/08\/donnees-pour-obtenir-nom-et-prenom-min-1.png\",\"datePublished\":\"2023-11-14T16:51:36+00:00\",\"dateModified\":\"2023-12-03T11:12:52+00:00\",\"description\":\"In Excel gibt es keine spezielle Funktion, um das erste und letzte Wort einer Textzeichenfolge abzurufen. Aber man kann kombinieren\",\"breadcrumb\":{\"@id\":\"https:\/\/exceladvisor.org\/de\/das-erste-letzte-wort-bekommen\/#breadcrumb\"},\"inLanguage\":\"de\",\"potentialAction\":[{\"@type\":\"ReadAction\",\"target\":[\"https:\/\/exceladvisor.org\/de\/das-erste-letzte-wort-bekommen\/\"]}]},{\"@type\":\"ImageObject\",\"inLanguage\":\"de\",\"@id\":\"https:\/\/exceladvisor.org\/de\/das-erste-letzte-wort-bekommen\/#primaryimage\",\"url\":\"https:\/\/exceladvisor.org\/wp-content\/uploads\/2023\/08\/donnees-pour-obtenir-nom-et-prenom-min-1.png\",\"contentUrl\":\"https:\/\/exceladvisor.org\/wp-content\/uploads\/2023\/08\/donnees-pour-obtenir-nom-et-prenom-min-1.png\"},{\"@type\":\"BreadcrumbList\",\"@id\":\"https:\/\/exceladvisor.org\/de\/das-erste-letzte-wort-bekommen\/#breadcrumb\",\"itemListElement\":[{\"@type\":\"ListItem\",\"position\":1,\"name\":\"Accueil\",\"item\":\"https:\/\/exceladvisor.org\/de\/\"},{\"@type\":\"ListItem\",\"position\":2,\"name\":\"So trennen sie namen in excel \u2013 (vorname und nachname)\"}]},{\"@type\":\"WebSite\",\"@id\":\"https:\/\/exceladvisor.org\/de\/#website\",\"url\":\"https:\/\/exceladvisor.org\/de\/\",\"name\":\"Excel Advisor\",\"description\":\"Ihr Leitfaden zur Datendominanz\",\"publisher\":{\"@id\":\"https:\/\/exceladvisor.org\/de\/#organization\"},\"potentialAction\":[{\"@type\":\"SearchAction\",\"target\":{\"@type\":\"EntryPoint\",\"urlTemplate\":\"https:\/\/exceladvisor.org\/de\/?s={search_term_string}\"},\"query-input\":{\"@type\":\"PropertyValueSpecification\",\"valueRequired\":true,\"valueName\":\"search_term_string\"}}],\"inLanguage\":\"de\"},{\"@type\":\"Organization\",\"@id\":\"https:\/\/exceladvisor.org\/de\/#organization\",\"name\":\"Excel Advisor\",\"url\":\"https:\/\/exceladvisor.org\/de\/\",\"logo\":{\"@type\":\"ImageObject\",\"inLanguage\":\"de\",\"@id\":\"https:\/\/exceladvisor.org\/de\/#\/schema\/logo\/image\/\",\"url\":\"https:\/\/exceladvisor.org\/de\/wp-content\/uploads\/2023\/11\/exceladvisor.org_.png\",\"contentUrl\":\"https:\/\/exceladvisor.org\/de\/wp-content\/uploads\/2023\/11\/exceladvisor.org_.png\",\"width\":105,\"height\":36,\"caption\":\"Excel Advisor\"},\"image\":{\"@id\":\"https:\/\/exceladvisor.org\/de\/#\/schema\/logo\/image\/\"}}]}<\/script>\n<!-- \/ Yoast SEO plugin. -->","yoast_head_json":{"title":"\u25b7 Wie trennt man Namen in Excel? - (Vor-und Nachname)","description":"In Excel gibt es keine spezielle Funktion, um das erste und letzte Wort einer Textzeichenfolge abzurufen. Aber man kann kombinieren","robots":{"index":"index","follow":"follow","max-snippet":"max-snippet:-1","max-image-preview":"max-image-preview:large","max-video-preview":"max-video-preview:-1"},"canonical":"https:\/\/exceladvisor.org\/de\/das-erste-letzte-wort-bekommen\/","og_locale":"de_DE","og_type":"article","og_title":"\u25b7 Wie trennt man Namen in Excel? - (Vor-und Nachname)","og_description":"In Excel gibt es keine spezielle Funktion, um das erste und letzte Wort einer Textzeichenfolge abzurufen. Aber man kann kombinieren","og_url":"https:\/\/exceladvisor.org\/de\/das-erste-letzte-wort-bekommen\/","og_site_name":"Excel Advisor","article_modified_time":"2023-12-03T11:12:52+00:00","og_image":[{"url":"https:\/\/exceladvisor.org\/wp-content\/uploads\/2023\/08\/donnees-pour-obtenir-nom-et-prenom-min-1.png","type":"","width":"","height":""}],"twitter_card":"summary_large_image","twitter_misc":{"Gesch\u00e4tzte Lesezeit":"3\u00a0Minuten"},"schema":{"@context":"https:\/\/schema.org","@graph":[{"@type":"WebPage","@id":"https:\/\/exceladvisor.org\/de\/das-erste-letzte-wort-bekommen\/","url":"https:\/\/exceladvisor.org\/de\/das-erste-letzte-wort-bekommen\/","name":"\u25b7 Wie trennt man Namen in Excel? - (Vor-und Nachname)","isPartOf":{"@id":"https:\/\/exceladvisor.org\/de\/#website"},"primaryImageOfPage":{"@id":"https:\/\/exceladvisor.org\/de\/das-erste-letzte-wort-bekommen\/#primaryimage"},"image":{"@id":"https:\/\/exceladvisor.org\/de\/das-erste-letzte-wort-bekommen\/#primaryimage"},"thumbnailUrl":"https:\/\/exceladvisor.org\/wp-content\/uploads\/2023\/08\/donnees-pour-obtenir-nom-et-prenom-min-1.png","datePublished":"2023-11-14T16:51:36+00:00","dateModified":"2023-12-03T11:12:52+00:00","description":"In Excel gibt es keine spezielle Funktion, um das erste und letzte Wort einer Textzeichenfolge abzurufen. Aber man kann kombinieren","breadcrumb":{"@id":"https:\/\/exceladvisor.org\/de\/das-erste-letzte-wort-bekommen\/#breadcrumb"},"inLanguage":"de","potentialAction":[{"@type":"ReadAction","target":["https:\/\/exceladvisor.org\/de\/das-erste-letzte-wort-bekommen\/"]}]},{"@type":"ImageObject","inLanguage":"de","@id":"https:\/\/exceladvisor.org\/de\/das-erste-letzte-wort-bekommen\/#primaryimage","url":"https:\/\/exceladvisor.org\/wp-content\/uploads\/2023\/08\/donnees-pour-obtenir-nom-et-prenom-min-1.png","contentUrl":"https:\/\/exceladvisor.org\/wp-content\/uploads\/2023\/08\/donnees-pour-obtenir-nom-et-prenom-min-1.png"},{"@type":"BreadcrumbList","@id":"https:\/\/exceladvisor.org\/de\/das-erste-letzte-wort-bekommen\/#breadcrumb","itemListElement":[{"@type":"ListItem","position":1,"name":"Accueil","item":"https:\/\/exceladvisor.org\/de\/"},{"@type":"ListItem","position":2,"name":"So trennen sie namen in excel \u2013 (vorname und nachname)"}]},{"@type":"WebSite","@id":"https:\/\/exceladvisor.org\/de\/#website","url":"https:\/\/exceladvisor.org\/de\/","name":"Excel Advisor","description":"Ihr Leitfaden zur Datendominanz","publisher":{"@id":"https:\/\/exceladvisor.org\/de\/#organization"},"potentialAction":[{"@type":"SearchAction","target":{"@type":"EntryPoint","urlTemplate":"https:\/\/exceladvisor.org\/de\/?s={search_term_string}"},"query-input":{"@type":"PropertyValueSpecification","valueRequired":true,"valueName":"search_term_string"}}],"inLanguage":"de"},{"@type":"Organization","@id":"https:\/\/exceladvisor.org\/de\/#organization","name":"Excel Advisor","url":"https:\/\/exceladvisor.org\/de\/","logo":{"@type":"ImageObject","inLanguage":"de","@id":"https:\/\/exceladvisor.org\/de\/#\/schema\/logo\/image\/","url":"https:\/\/exceladvisor.org\/de\/wp-content\/uploads\/2023\/11\/exceladvisor.org_.png","contentUrl":"https:\/\/exceladvisor.org\/de\/wp-content\/uploads\/2023\/11\/exceladvisor.org_.png","width":105,"height":36,"caption":"Excel Advisor"},"image":{"@id":"https:\/\/exceladvisor.org\/de\/#\/schema\/logo\/image\/"}}]}},"yoast_meta":{"yoast_wpseo_title":"","yoast_wpseo_metadesc":"","yoast_wpseo_canonical":""},"_links":{"self":[{"href":"https:\/\/exceladvisor.org\/de\/wp-json\/wp\/v2\/pages\/3126","targetHints":{"allow":["GET"]}}],"collection":[{"href":"https:\/\/exceladvisor.org\/de\/wp-json\/wp\/v2\/pages"}],"about":[{"href":"https:\/\/exceladvisor.org\/de\/wp-json\/wp\/v2\/types\/page"}],"author":[{"embeddable":true,"href":"https:\/\/exceladvisor.org\/de\/wp-json\/wp\/v2\/users\/1"}],"replies":[{"embeddable":true,"href":"https:\/\/exceladvisor.org\/de\/wp-json\/wp\/v2\/comments?post=3126"}],"version-history":[{"count":1,"href":"https:\/\/exceladvisor.org\/de\/wp-json\/wp\/v2\/pages\/3126\/revisions"}],"predecessor-version":[{"id":3791,"href":"https:\/\/exceladvisor.org\/de\/wp-json\/wp\/v2\/pages\/3126\/revisions\/3791"}],"wp:attachment":[{"href":"https:\/\/exceladvisor.org\/de\/wp-json\/wp\/v2\/media?parent=3126"}],"curies":[{"name":"wp","href":"https:\/\/api.w.org\/{rel}","templated":true}]}}