{"id":3127,"date":"2023-11-14T15:53:37","date_gmt":"2023-11-14T15:53:37","guid":{"rendered":"https:\/\/exceladvisor.org\/de\/tage-des-monats\/"},"modified":"2023-12-03T11:19:19","modified_gmt":"2023-12-03T11:19:19","slug":"tage-des-monats","status":"publish","type":"page","link":"https:\/\/exceladvisor.org\/de\/tage-des-monats\/","title":{"rendered":"Wie erhalte ich die gesamtzahl der tage im monat in excel?"},"content":{"rendered":"<div class=\"excel-vor-dem-inhalt\" id=\"excel-2721415867\"><script type=\"text\/javascript\">\r\n\tatOptions = {\r\n\t\t'key' : 'c1158f160081d6540a8409e6925dab94',\r\n\t\t'format' : 'iframe',\r\n\t\t'height' : 250,\r\n\t\t'width' : 300,\r\n\t\t'params' : {}\r\n\t};\r\n<\/script>\r\n<script type=\"text\/javascript\" src=\"\/\/www.highperformanceformat.com\/c1158f160081d6540a8409e6925dab94\/invoke.js\"><\/script><\/div> <p>Manchmal m\u00fcssen Sie die Gesamtzahl der Tage in einem Monat berechnen, um sie f\u00fcr andere Berechnungen zu verwenden. Dies geschieht insbesondere bei der Arbeit an Vorlagen und Dashboards. Lassen Sie mich Ihnen heute eine einfache Formel zeigen, die dies f\u00fcr Sie tun kann.<\/p><p> Um die Anzahl der Tage in einem bestimmten Monat ab einem Datum zu berechnen, m\u00fcssen wir eine Formel verwenden, die auf EOMONTH und DAY basiert.<\/p><h2 class=\"wp-block-heading\"> Formel: Ermitteln Sie die Gesamtzahl der Tage in einem Monat <\/h2><pre class=\"wp-block-code\"> <code class=\"language-excel-formula\" lang=\"excel-formula\">=DAY(EOMONTH(A2,0))<\/code><\/pre><div class=\"wp-block-image\"><figure class=\"aligncenter\"><img decoding=\"async\" src=\"https:\/\/exceladvisor.org\/wp-content\/uploads\/2023\/08\/obtenir-le-nombre-total-dans-le-mois-en-utilisant-les-fonctions-jour-eomonth.png\" sizes=\"\" srcset=\"\" alt=\"Ermitteln Sie die Gesamtzahl im Monat mithilfe der EoMonth-Tagesfunktionen\"><\/figure><\/div><h3 class=\"wp-block-heading\"> Wie funktioniert diese Formel?<\/h3><p> Wie Sie sehen, ist diese Formel eine Kombination aus zwei Funktionen. Wir haben EOMONTH, das in DAY abgedeckt ist.<\/p><ol><li> Wenn Sie sich zun\u00e4chst auf ein Datum und \u201e0\u201c in EOMONTH beziehen, wird das letzte Datum dieses Monats zur\u00fcckgegeben. Hier steht das Datum in Zelle A2.<\/li><li> Zweitens gibt die DAY-Funktion den Tag ab dem letzten von EOMONTH zur\u00fcckgegebenen Tag zur\u00fcck.<\/li><\/ol><p> Der Tag des letzten Tages des Monats ist immer die Gesamtzahl der Tage eines Monats. Zum 31. M\u00e4rz 2017 wird 31 zur\u00fcckgegeben, was der Gesamtzahl der Tage im Monat M\u00e4rz entspricht.<\/p><h2 class=\"wp-block-heading\"> Dynamische Formel<\/h2><p> Nehmen wir an, Sie m\u00f6chten die Gesamtzahl der Tage eines Monats f\u00fcr den aktuellen Monat erhalten und m\u00f6chten, dass diese Formel sie automatisch zur\u00fcckgibt, wenn sich der Monat \u00e4ndert.<\/p><p> Die Formel lautet:<\/p><pre class=\"wp-block-code\"> <code class=\"language-excel-formula\" lang=\"excel-formula\">=DAY(EOMONTH(TODAY(),0))<\/code><\/pre><p> In dieser Formel beziehen wir uns nicht auf ein Datum, sondern auf TODAY in EOMONTH, was das aktuelle Datum zur\u00fcckgibt, und dann gibt EOMONTH das letzte Datum des Monats des aktuellen Datums zur\u00fcck.<\/p><p> Am Ende gibt DAY die Tageszahl zur\u00fcck und ruft die Gesamtzahl der Tage f\u00fcr den aktuellen Monat ab.<\/p><h2 class=\"wp-block-heading\"> Holen Sie sich die Tage des Monats mithilfe des Monatsnamens<\/h2><p> Angenommen, Sie haben den Namen eines Monats in eine Zelle eingegeben, nicht ein passendes Datum, und m\u00f6chten nun die Gesamtzahl der Tage dieses Monats berechnen. Die Formel lautet: <\/p><pre class=\"wp-block-code\"> <code class=\"language-excel-formula\" lang=\"excel-formula\">=DAY(EOMONTH(DATEVALUE(\"01-\"&amp;A2&amp;\"-\"&amp;YEAR(TODAY())),0))<\/code><\/pre><div class=\"wp-block-image\"><figure class=\"aligncenter\"><img decoding=\"async\" src=\"https:\/\/exceladvisor.org\/wp-content\/uploads\/2023\/08\/obtenir-le-nombre-total-du-mois-en-utilisant-le-nom-du-mois.png\" sizes=\"\" srcset=\"\" alt=\"Ermitteln Sie die Gesamtzahl der Monate mithilfe des Monatsnamens\"><\/figure><\/div><p> Diese Formel erstellt das Datum des ersten Tages des von Ihnen genannten Monats, dann gibt EOMONTH das letzte Datum und DAY den letzten Tag zur\u00fcck, der die Gesamtzahl der Tage in einem Monat darstellt. Sie k\u00f6nnen den Monatsnamen sowohl in Kurzform als auch in Langform verwenden. <\/p><div class=\"gb-container gb-container-52dfcee1 gb-container-sample-file\"><h2 class=\"gb-headline gb-headline-e289c143 gb-headline-text gb-headline-4f7959c2\"> Holen Sie sich die Excel-Datei<\/h2><p> <a class=\"gb-button gb-button-e88d6bee gb-button-text gb-button-button1\" href=\"https:\/\/exceladvisor.org\/wp-content\/uploads\/2023\/08\/obtenir-le-nombre-total-de-jours-3.xlsx\" rel=\"nofollow\">Herunterladen<\/a><\/p><\/div><div class=\"gb-container gb-container-0df56012 gb-container-mt\"> <a class=\"gb-button gb-button-f9f432f4 gb-button-text gb-button-mt-button\" href=\"https:\/\/exceladvisor.org\/de\/formeln\/\">Liste der Excel-Formeln<\/a><h2 class=\"gb-headline gb-headline-233444e8 gb-headline-text gb-headline-mt-heading\"> Verwandte Formeln <\/h2><div class=\"gb-grid-wrapper gb-grid-wrapper-a16fa65c gb-grid-wrapper-mt-grid\"><div class=\"gb-grid-column gb-grid-column-50d07e0d\"><div class=\"gb-container gb-container-50d07e0d\"><ul><li> <a href=\"https:\/\/exceladvisor.org\/de\/fugen-sie-das-wochendatum-hinzu\/\">Addiere\/subtrahiere eine Woche von einem Datum in Excel<\/a><\/li><li> <a href=\"https:\/\/exceladvisor.org\/de\/holen-sie-sich-den-namen-des-tages\/\">Erhalten Sie den Tagesnamen aus einem Datum in Excel<\/a><\/li><li> <a href=\"https:\/\/exceladvisor.org\/de\/monate-arbeitstage\/\">Arbeitstage im Monat<\/a><\/li><li> <a href=\"https:\/\/exceladvisor.org\/de\/datum-zu-text-2\/\">Datum in Text umwandeln<\/a> <\/li><\/ul><\/div><\/div><div class=\"gb-grid-column gb-grid-column-5b4a0cf9\"><div class=\"gb-container gb-container-5b4a0cf9\"><ul><li> <a href=\"https:\/\/exceladvisor.org\/de\/countdown-tage\/\">Countdown-Tage<\/a><\/li><li> <a href=\"https:\/\/exceladvisor.org\/de\/tage-zwischen-zwei-daten\/\">Z\u00e4hlen Sie die Tage zwischen zwei Daten<\/a><\/li><li> <a href=\"https:\/\/exceladvisor.org\/de\/julienne-datum-2\/\">In julianisches Datum umrechnen<\/a><\/li><li> <a href=\"https:\/\/exceladvisor.org\/de\/vergangenen-sonntag-2\/\">Holen Sie sich den letzten Sonntag<\/a><\/li><\/ul><\/div><\/div><\/div><\/div>","protected":false},"excerpt":{"rendered":"","protected":false},"author":1,"featured_media":0,"parent":0,"menu_order":0,"comment_status":"open","ping_status":"closed","template":"","meta":{"ub_ctt_via":"","footnotes":""},"class_list":["post-3127","page","type-page","status-publish","hentry"],"featured_image_src":null,"yoast_head":"<!-- This site is optimized with the Yoast SEO plugin v25.4 - https:\/\/yoast.com\/wordpress\/plugins\/seo\/ -->\n<title>Wie erhalte ich die Gesamtzahl der Tage im Monat in Excel?<\/title>\n<meta name=\"description\" content=\"Um die Anzahl der Tage in einem bestimmten Monat ab einem Datum zu berechnen, m\u00fcssen wir eine Formel verwenden, die auf EOMONTH und DAY basiert ...\" \/>\n<meta name=\"robots\" content=\"index, follow, max-snippet:-1, max-image-preview:large, max-video-preview:-1\" \/>\n<link rel=\"canonical\" href=\"https:\/\/exceladvisor.org\/de\/tage-des-monats\/\" \/>\n<meta property=\"og:locale\" content=\"de_DE\" \/>\n<meta property=\"og:type\" content=\"article\" \/>\n<meta property=\"og:title\" content=\"Wie erhalte ich die Gesamtzahl der Tage im Monat in Excel?\" \/>\n<meta property=\"og:description\" content=\"Um die Anzahl der Tage in einem bestimmten Monat ab einem Datum zu berechnen, m\u00fcssen wir eine Formel verwenden, die auf EOMONTH und DAY basiert ...\" \/>\n<meta property=\"og:url\" content=\"https:\/\/exceladvisor.org\/de\/tage-des-monats\/\" \/>\n<meta property=\"og:site_name\" content=\"Excel Advisor\" \/>\n<meta property=\"article:modified_time\" content=\"2023-12-03T11:19:19+00:00\" \/>\n<meta property=\"og:image\" content=\"https:\/\/exceladvisor.org\/wp-content\/uploads\/2023\/08\/obtenir-le-nombre-total-dans-le-mois-en-utilisant-les-fonctions-jour-eomonth.png\" \/>\n<meta name=\"twitter:card\" content=\"summary_large_image\" \/>\n<meta name=\"twitter:label1\" content=\"Gesch\u00e4tzte Lesezeit\" \/>\n\t<meta name=\"twitter:data1\" content=\"2\u00a0Minuten\" \/>\n<script type=\"application\/ld+json\" class=\"yoast-schema-graph\">{\"@context\":\"https:\/\/schema.org\",\"@graph\":[{\"@type\":\"WebPage\",\"@id\":\"https:\/\/exceladvisor.org\/de\/tage-des-monats\/\",\"url\":\"https:\/\/exceladvisor.org\/de\/tage-des-monats\/\",\"name\":\"Wie erhalte ich die Gesamtzahl der Tage im Monat in Excel?\",\"isPartOf\":{\"@id\":\"https:\/\/exceladvisor.org\/de\/#website\"},\"primaryImageOfPage\":{\"@id\":\"https:\/\/exceladvisor.org\/de\/tage-des-monats\/#primaryimage\"},\"image\":{\"@id\":\"https:\/\/exceladvisor.org\/de\/tage-des-monats\/#primaryimage\"},\"thumbnailUrl\":\"https:\/\/exceladvisor.org\/wp-content\/uploads\/2023\/08\/obtenir-le-nombre-total-dans-le-mois-en-utilisant-les-fonctions-jour-eomonth.png\",\"datePublished\":\"2023-11-14T15:53:37+00:00\",\"dateModified\":\"2023-12-03T11:19:19+00:00\",\"description\":\"Um die Anzahl der Tage in einem bestimmten Monat ab einem Datum zu berechnen, m\u00fcssen wir eine Formel verwenden, die auf EOMONTH und DAY basiert ...\",\"breadcrumb\":{\"@id\":\"https:\/\/exceladvisor.org\/de\/tage-des-monats\/#breadcrumb\"},\"inLanguage\":\"de\",\"potentialAction\":[{\"@type\":\"ReadAction\",\"target\":[\"https:\/\/exceladvisor.org\/de\/tage-des-monats\/\"]}]},{\"@type\":\"ImageObject\",\"inLanguage\":\"de\",\"@id\":\"https:\/\/exceladvisor.org\/de\/tage-des-monats\/#primaryimage\",\"url\":\"https:\/\/exceladvisor.org\/wp-content\/uploads\/2023\/08\/obtenir-le-nombre-total-dans-le-mois-en-utilisant-les-fonctions-jour-eomonth.png\",\"contentUrl\":\"https:\/\/exceladvisor.org\/wp-content\/uploads\/2023\/08\/obtenir-le-nombre-total-dans-le-mois-en-utilisant-les-fonctions-jour-eomonth.png\"},{\"@type\":\"BreadcrumbList\",\"@id\":\"https:\/\/exceladvisor.org\/de\/tage-des-monats\/#breadcrumb\",\"itemListElement\":[{\"@type\":\"ListItem\",\"position\":1,\"name\":\"Accueil\",\"item\":\"https:\/\/exceladvisor.org\/de\/\"},{\"@type\":\"ListItem\",\"position\":2,\"name\":\"Wie erhalte ich die gesamtzahl der tage im monat in excel?\"}]},{\"@type\":\"WebSite\",\"@id\":\"https:\/\/exceladvisor.org\/de\/#website\",\"url\":\"https:\/\/exceladvisor.org\/de\/\",\"name\":\"Excel Advisor\",\"description\":\"Ihr Leitfaden zur Datendominanz\",\"publisher\":{\"@id\":\"https:\/\/exceladvisor.org\/de\/#organization\"},\"potentialAction\":[{\"@type\":\"SearchAction\",\"target\":{\"@type\":\"EntryPoint\",\"urlTemplate\":\"https:\/\/exceladvisor.org\/de\/?s={search_term_string}\"},\"query-input\":{\"@type\":\"PropertyValueSpecification\",\"valueRequired\":true,\"valueName\":\"search_term_string\"}}],\"inLanguage\":\"de\"},{\"@type\":\"Organization\",\"@id\":\"https:\/\/exceladvisor.org\/de\/#organization\",\"name\":\"Excel Advisor\",\"url\":\"https:\/\/exceladvisor.org\/de\/\",\"logo\":{\"@type\":\"ImageObject\",\"inLanguage\":\"de\",\"@id\":\"https:\/\/exceladvisor.org\/de\/#\/schema\/logo\/image\/\",\"url\":\"https:\/\/exceladvisor.org\/de\/wp-content\/uploads\/2023\/11\/exceladvisor.org_.png\",\"contentUrl\":\"https:\/\/exceladvisor.org\/de\/wp-content\/uploads\/2023\/11\/exceladvisor.org_.png\",\"width\":105,\"height\":36,\"caption\":\"Excel Advisor\"},\"image\":{\"@id\":\"https:\/\/exceladvisor.org\/de\/#\/schema\/logo\/image\/\"}}]}<\/script>\n<!-- \/ Yoast SEO plugin. -->","yoast_head_json":{"title":"Wie erhalte ich die Gesamtzahl der Tage im Monat in Excel?","description":"Um die Anzahl der Tage in einem bestimmten Monat ab einem Datum zu berechnen, m\u00fcssen wir eine Formel verwenden, die auf EOMONTH und DAY basiert ...","robots":{"index":"index","follow":"follow","max-snippet":"max-snippet:-1","max-image-preview":"max-image-preview:large","max-video-preview":"max-video-preview:-1"},"canonical":"https:\/\/exceladvisor.org\/de\/tage-des-monats\/","og_locale":"de_DE","og_type":"article","og_title":"Wie erhalte ich die Gesamtzahl der Tage im Monat in Excel?","og_description":"Um die Anzahl der Tage in einem bestimmten Monat ab einem Datum zu berechnen, m\u00fcssen wir eine Formel verwenden, die auf EOMONTH und DAY basiert ...","og_url":"https:\/\/exceladvisor.org\/de\/tage-des-monats\/","og_site_name":"Excel Advisor","article_modified_time":"2023-12-03T11:19:19+00:00","og_image":[{"url":"https:\/\/exceladvisor.org\/wp-content\/uploads\/2023\/08\/obtenir-le-nombre-total-dans-le-mois-en-utilisant-les-fonctions-jour-eomonth.png","type":"","width":"","height":""}],"twitter_card":"summary_large_image","twitter_misc":{"Gesch\u00e4tzte Lesezeit":"2\u00a0Minuten"},"schema":{"@context":"https:\/\/schema.org","@graph":[{"@type":"WebPage","@id":"https:\/\/exceladvisor.org\/de\/tage-des-monats\/","url":"https:\/\/exceladvisor.org\/de\/tage-des-monats\/","name":"Wie erhalte ich die Gesamtzahl der Tage im Monat in Excel?","isPartOf":{"@id":"https:\/\/exceladvisor.org\/de\/#website"},"primaryImageOfPage":{"@id":"https:\/\/exceladvisor.org\/de\/tage-des-monats\/#primaryimage"},"image":{"@id":"https:\/\/exceladvisor.org\/de\/tage-des-monats\/#primaryimage"},"thumbnailUrl":"https:\/\/exceladvisor.org\/wp-content\/uploads\/2023\/08\/obtenir-le-nombre-total-dans-le-mois-en-utilisant-les-fonctions-jour-eomonth.png","datePublished":"2023-11-14T15:53:37+00:00","dateModified":"2023-12-03T11:19:19+00:00","description":"Um die Anzahl der Tage in einem bestimmten Monat ab einem Datum zu berechnen, m\u00fcssen wir eine Formel verwenden, die auf EOMONTH und DAY basiert ...","breadcrumb":{"@id":"https:\/\/exceladvisor.org\/de\/tage-des-monats\/#breadcrumb"},"inLanguage":"de","potentialAction":[{"@type":"ReadAction","target":["https:\/\/exceladvisor.org\/de\/tage-des-monats\/"]}]},{"@type":"ImageObject","inLanguage":"de","@id":"https:\/\/exceladvisor.org\/de\/tage-des-monats\/#primaryimage","url":"https:\/\/exceladvisor.org\/wp-content\/uploads\/2023\/08\/obtenir-le-nombre-total-dans-le-mois-en-utilisant-les-fonctions-jour-eomonth.png","contentUrl":"https:\/\/exceladvisor.org\/wp-content\/uploads\/2023\/08\/obtenir-le-nombre-total-dans-le-mois-en-utilisant-les-fonctions-jour-eomonth.png"},{"@type":"BreadcrumbList","@id":"https:\/\/exceladvisor.org\/de\/tage-des-monats\/#breadcrumb","itemListElement":[{"@type":"ListItem","position":1,"name":"Accueil","item":"https:\/\/exceladvisor.org\/de\/"},{"@type":"ListItem","position":2,"name":"Wie erhalte ich die gesamtzahl der tage im monat in excel?"}]},{"@type":"WebSite","@id":"https:\/\/exceladvisor.org\/de\/#website","url":"https:\/\/exceladvisor.org\/de\/","name":"Excel Advisor","description":"Ihr Leitfaden zur Datendominanz","publisher":{"@id":"https:\/\/exceladvisor.org\/de\/#organization"},"potentialAction":[{"@type":"SearchAction","target":{"@type":"EntryPoint","urlTemplate":"https:\/\/exceladvisor.org\/de\/?s={search_term_string}"},"query-input":{"@type":"PropertyValueSpecification","valueRequired":true,"valueName":"search_term_string"}}],"inLanguage":"de"},{"@type":"Organization","@id":"https:\/\/exceladvisor.org\/de\/#organization","name":"Excel Advisor","url":"https:\/\/exceladvisor.org\/de\/","logo":{"@type":"ImageObject","inLanguage":"de","@id":"https:\/\/exceladvisor.org\/de\/#\/schema\/logo\/image\/","url":"https:\/\/exceladvisor.org\/de\/wp-content\/uploads\/2023\/11\/exceladvisor.org_.png","contentUrl":"https:\/\/exceladvisor.org\/de\/wp-content\/uploads\/2023\/11\/exceladvisor.org_.png","width":105,"height":36,"caption":"Excel Advisor"},"image":{"@id":"https:\/\/exceladvisor.org\/de\/#\/schema\/logo\/image\/"}}]}},"yoast_meta":{"yoast_wpseo_title":"","yoast_wpseo_metadesc":"","yoast_wpseo_canonical":""},"_links":{"self":[{"href":"https:\/\/exceladvisor.org\/de\/wp-json\/wp\/v2\/pages\/3127","targetHints":{"allow":["GET"]}}],"collection":[{"href":"https:\/\/exceladvisor.org\/de\/wp-json\/wp\/v2\/pages"}],"about":[{"href":"https:\/\/exceladvisor.org\/de\/wp-json\/wp\/v2\/types\/page"}],"author":[{"embeddable":true,"href":"https:\/\/exceladvisor.org\/de\/wp-json\/wp\/v2\/users\/1"}],"replies":[{"embeddable":true,"href":"https:\/\/exceladvisor.org\/de\/wp-json\/wp\/v2\/comments?post=3127"}],"version-history":[{"count":1,"href":"https:\/\/exceladvisor.org\/de\/wp-json\/wp\/v2\/pages\/3127\/revisions"}],"predecessor-version":[{"id":3927,"href":"https:\/\/exceladvisor.org\/de\/wp-json\/wp\/v2\/pages\/3127\/revisions\/3927"}],"wp:attachment":[{"href":"https:\/\/exceladvisor.org\/de\/wp-json\/wp\/v2\/media?parent=3127"}],"curies":[{"name":"wp","href":"https:\/\/api.w.org\/{rel}","templated":true}]}}