{"id":3128,"date":"2023-11-14T15:37:40","date_gmt":"2023-11-14T15:37:40","guid":{"rendered":"https:\/\/exceladvisor.org\/de\/fullgriff\/"},"modified":"2023-12-03T13:05:44","modified_gmt":"2023-12-03T13:05:44","slug":"fullgriff","status":"publish","type":"page","link":"https:\/\/exceladvisor.org\/de\/fullgriff\/","title":{"rendered":"Wie verwende ich das f\u00fcllhandle in excel?"},"content":{"rendered":"<div class=\"excel-vor-dem-inhalt\" id=\"excel-640570256\"><script type=\"text\/javascript\">\r\n\tatOptions = {\r\n\t\t'key' : 'c1158f160081d6540a8409e6925dab94',\r\n\t\t'format' : 'iframe',\r\n\t\t'height' : 250,\r\n\t\t'width' : 300,\r\n\t\t'params' : {}\r\n\t};\r\n<\/script>\r\n<script type=\"text\/javascript\" src=\"\/\/www.highperformanceformat.com\/c1158f160081d6540a8409e6925dab94\/invoke.js\"><\/script><\/div> <p>In Excel ist Fill Handle ein Werkzeug, das Zeilen\/Spalten automatisch nach dem Wertemuster ausgew\u00e4hlter Zellen f\u00fcllt und eine Reihenliste erstellt.<\/p><p> Der F\u00fcllgriff ist ein sehr kleines schwarzes K\u00e4stchen, das immer in der unteren rechten Ecke jeder Zelle verf\u00fcgbar ist. Benutzer m\u00fcssen nur darauf klicken und es mit der Maus ziehen oder zweimal darauf tippen, und schon werden die Zellen automatisch ausgef\u00fcllt und eine Reihe daraus erstellt auf den Werten, die Sie in den ausgew\u00e4hlten Zellen haben.<\/p><p> Mit dem F\u00fcllpunkt k\u00f6nnen Zellen automatisch gef\u00fcllt werden, basierend auf dem Wert, den Sie in der\/den Zelle(n) der Startzellen haben, aus denen Sie eine Liste erstellen m\u00f6chten.<\/p><p> Der Vorgang, mit dem F\u00fcllpunkt die Liste automatisch mit beliebigen Werten wie Zahlen, Datumsangaben, Wochentagen und Formeln zu f\u00fcllen, ist derselbe. Nachfolgend sind einige Beispiele aufgef\u00fchrt, damit Sie besser verstehen, wie der F\u00fcllpunkt funktioniert.<\/p><h4 class=\"wp-block-heading\"> Verwenden Sie den F\u00fcllpunkt, um die Nummernserienvorlage per Drag &amp; Drop automatisch zu f\u00fcllen.<\/h4><ol><li> Geben Sie zun\u00e4chst den Wert in eine Zelle ein, von der aus die Serie beginnen soll, klicken Sie auf den F\u00fcllpunkt, halten Sie ihn gedr\u00fcckt und ziehen Sie ihn in die Zelle, in die Sie die Serie kopieren m\u00f6chten.<\/li><li> Klicken Sie anschlie\u00dfend auf das Ausf\u00fcllsymbol, \u00f6ffnen Sie es und w\u00e4hlen Sie die Option \u201eSerie f\u00fcllen\u201c. Ihre Liste wird dann in eine Serie mit Schritten von 1 umgewandelt. <br><img loading=\"lazy\" decoding=\"async\" title=\"1-auto-fill-number-series.gif\" src=\"https:\/\/exceladvisor.org\/wp-content\/uploads\/2023\/08\/1-serie-de-numeros-de-remplissage-automatique.gif\" sizes=\"auto, \" srcset=\"\" alt=\"auto-fill-number-series\" width=\"265\" height=\"328\"><\/li><li> Oder geben Sie den Wert in mindestens zwei Zellen ein, um ein Muster zu erstellen, dem der F\u00fcllpunkt folgen soll.<\/li><li> W\u00e4hlen Sie anschlie\u00dfend beide Zellen aus und bewegen Sie den Mauszeiger \u00fcber die untere rechte Ecke der Zelle. Daraufhin wird ein Pluszeichen (+)-Symbol (F\u00fcllpunkt) angezeigt. <br><img loading=\"lazy\" decoding=\"async\" title=\"2 F\u00fcllgriffkn\u00f6pfe\" src=\"https:\/\/exceladvisor.org\/wp-content\/uploads\/2023\/08\/2-bouton-de-poignee-de-remplissage.png\" sizes=\"auto, \" srcset=\"\" alt=\"fill-handle-button\" width=\"188\" height=\"348\"><\/li><li> Klicken Sie nun mit gedr\u00fcckter Maustaste und ziehen Sie zu der Zelle, bis zu der Sie das Muster automatisch ausf\u00fcllen m\u00f6chten. <br><img loading=\"lazy\" decoding=\"async\" title=\"3-auto-fill-by-drag-and-drop.gif\" src=\"https:\/\/exceladvisor.org\/wp-content\/uploads\/2023\/08\/3-remplissage-automatique-par-glisser-deposer.gif\" sizes=\"auto, \" srcset=\"\" alt=\"auto-fill-by-drag-drop\" width=\"233\" height=\"330\"><\/li><\/ol><h2 class=\"wp-block-heading\"> Mit dem F\u00fcllpunkt f\u00fcllen Sie die Nummernserienvorlage per Doppelklick automatisch aus<\/h2><p> Sie k\u00f6nnen Zellen auch automatisch f\u00fcllen, indem Sie einfach auf den F\u00fcllpunkt doppelklicken. Dazu m\u00fcssen jedoch Daten in benachbarten Spalten vorhanden sein.<\/p><ol><li> Geben Sie zun\u00e4chst die Werte in mindestens zwei Zellen ein, um ein Muster zu erstellen, dem der F\u00fcllpunkt folgen soll.<\/li><li> W\u00e4hlen Sie anschlie\u00dfend beide Zellen aus und platzieren Sie den Mauszeiger in der unteren rechten Ecke der Zelle. Daraufhin wird ein Pluszeichen (+)-Symbol angezeigt.<\/li><li> Doppelklicken Sie nun einfach und Ihre Vorlage wird in Zellen mit Daten in benachbarten Zellen kopiert. <\/li><\/ol><div class=\"wp-block-image\"><figure class=\"aligncenter size-full is-resized\"><img loading=\"lazy\" decoding=\"async\" class=\"wp-image-66777\" src=\"https:\/\/exceladvisor.org\/wp-content\/uploads\/2023\/08\/4-poignee-de-remplissage-par-double-clic.gif\" sizes=\"auto, \" srcset=\"\" alt=\"Doppelklick-F\u00fcllpunkt\" width=\"285\" height=\"324\"><\/figure><\/div><p> In den obigen Beispielen haben wir in den ersten beiden ausgew\u00e4hlten Zellen das Inkrementmuster 1 verwendet, sodass der F\u00fcllpunkt demselben Muster folgte und die Zellen automatisch nach demselben Inkrementmuster f\u00fcllte.<\/p><h2 class=\"wp-block-heading\"> Verwenden Sie den F\u00fcllpunkt, um Datumsangaben automatisch auszuf\u00fcllen<\/h2><p> Der F\u00fcllgriff bietet Ihnen verschiedene Optionen zur Auswahl aus dem F\u00fcllgriff-Symbol basierend auf den Werten, die Sie in die Zelle eingeben, um eine Liste zu erstellen. Im Bild unten sehen Sie, dass wir den Zellenwert als Datum \u00fcbernommen haben.<\/p><p> Und als wir den Ausf\u00fcllpunkt zum automatischen Ausf\u00fcllen der Zellen verwendeten und auf das Ausf\u00fcllpunktsymbol klickten, wurden uns weitere Optionen im Zusammenhang mit Datumsangaben angezeigt, z. B. \u201eTage f\u00fcllen, Wochentage f\u00fcllen, Monate f\u00fcllen, Jahre f\u00fcllen\u201c.<\/p><p> Und Sie k\u00f6nnen jede der Optionen entsprechend Ihren Listenanforderungen ausw\u00e4hlen. <\/p><div class=\"wp-block-image\"><figure class=\"aligncenter size-full is-resized\"><img loading=\"lazy\" decoding=\"async\" class=\"wp-image-66778\" src=\"https:\/\/exceladvisor.org\/wp-content\/uploads\/2023\/08\/5-valeurs-de-date-de-remplissage-automatique.gif\" sizes=\"auto, \" srcset=\"\" alt=\"Datumswerte automatisch ausf\u00fcllen\" width=\"310\" height=\"414\"><\/figure><\/div><h2 class=\"wp-block-heading\"> F\u00fcllgriffoptionen<\/h2><p> Einige Optionen f\u00fcr die F\u00fcllgriffsymbole wie \u201eZellen kopieren, Reihen f\u00fcllen, Nur Formatierung f\u00fcllen, Ohne Formatierung f\u00fcllen und Blitz f\u00fcllen\u201c bleiben jedes Mal konstant, einige Optionen k\u00f6nnen jedoch je nach Einstellungen variieren. Zellwerte.<\/p><p> Wenn Ihr Zellenwert beispielsweise der Name eines Tages ist, werden Ihnen zwei bis drei zus\u00e4tzliche Optionen angezeigt, die sich nur auf die Formatierung des Tagesnamens beziehen. Im Folgenden haben wir einige weit verbreitete F\u00fcllgriffoptionen aufgef\u00fchrt:<\/p><ol><li> <strong>Zellen kopieren:<\/strong> Diese Option kopiert einfach den Wert der ausgew\u00e4hlten Zellen und f\u00fcgt ihn ein.<\/li><li> <strong>F\u00fcllreihe:<\/strong> Diese Option f\u00fcllt Zellen seriell mit Schritten von 1.<\/li><li> <strong>Nur Formatierung f\u00fcllen:<\/strong> Diese Option f\u00fcllt nur die Formatierung in den Zellen und nicht die Werte.<\/li><li> <strong>Ohne Formatierung f\u00fcllen:<\/strong> Diese Option f\u00fcllt Zellen basierend auf dem Wertemuster, ohne die Formatierung zu kopieren.<\/li><li> <strong>Tage f\u00fcllen:<\/strong> Diese Option f\u00fcllt Zellen mit einer Reihe von Tagesnamen.<\/li><li> <strong>Wochentage f\u00fcllen:<\/strong> Diese Option f\u00fcllt Zellen mit den Namen von Tagen, au\u00dfer Wochenenden (Samstag und Sonntag).<\/li><li> <strong>Monate f\u00fcllen:<\/strong> Diese Option erstellt die Liste, indem nur die Monate erh\u00f6ht werden und Datum und Jahr konstant bleiben.<\/li><li> <strong>Jahre f\u00fcllen:<\/strong> Diese Option erstellt die Liste nur durch Inkrementieren der Jahre und das Datum und der Monat bleiben konstant.<\/li><\/ol><div class=\"gb-container gb-container-4db6181c gb-container-mt\"> <a class=\"gb-button gb-button-c5897111 gb-button-text gb-button-mt-button\" href=\"https:\/\/exceladvisor.org\/de\/excel-grundlagen\/\">Microsoft Excel-Grundlagen (Komponenten, Teile und Wissenshinweise)<\/a><h2 class=\"gb-headline gb-headline-665e5f6b gb-headline-text gb-headline-mt-heading\"> Verwandte Tutorials <\/h2><div class=\"gb-grid-wrapper gb-grid-wrapper-a20baf7c gb-grid-wrapper-mt-grid\"><div class=\"gb-grid-column gb-grid-column-65ddf67e\"><div class=\"gb-container gb-container-65ddf67e\"><ul><li> <a href=\"https:\/\/exceladvisor.org\/de\/vollig-rechtfertigen\/\">F\u00fcllen Sie \u201eAusrichten\u201c in Excel aus<\/a><\/li><li> <a href=\"https:\/\/exceladvisor.org\/de\/excel-formelleiste\/\">Formelleiste in Excel<\/a><\/li><li> <a href=\"https:\/\/exceladvisor.org\/de\/herrscher\/\">Lineal in Excel anzeigen<\/a><\/li><li> <a href=\"https:\/\/exceladvisor.org\/de\/malerformat\/\">Format Painter in Excel<\/a> <\/li><\/ul><\/div><\/div><div class=\"gb-grid-column gb-grid-column-50067b57\"><div class=\"gb-container gb-container-50067b57\"><ul><li> <a href=\"https:\/\/exceladvisor.org\/de\/zoomen\/\">Vergr\u00f6\u00dfern oder verkleinern Sie Excel<\/a><\/li><li> <a href=\"https:\/\/exceladvisor.org\/de\/optionen\/\">Excel-Optionen (Mac und Windows)<\/a><\/li><li> <a href=\"https:\/\/exceladvisor.org\/de\/dialogbox\/\">Dialogfeld in Excel<\/a><\/li><li> <a href=\"https:\/\/exceladvisor.org\/de\/die-fensterladen-einfrieren\/\">Pfannen in Excel einfrieren<\/a><\/li><\/ul><\/div><\/div><\/div><\/div>","protected":false},"excerpt":{"rendered":"","protected":false},"author":1,"featured_media":0,"parent":0,"menu_order":0,"comment_status":"open","ping_status":"closed","template":"","meta":{"ub_ctt_via":"","footnotes":""},"class_list":["post-3128","page","type-page","status-publish","hentry"],"featured_image_src":null,"yoast_head":"<!-- This site is optimized with the Yoast SEO plugin v25.4 - https:\/\/yoast.com\/wordpress\/plugins\/seo\/ -->\n<title>\u25b7 Wie verwende ich F\u00fcllpunkte in Excel?<\/title>\n<meta name=\"description\" content=\"In diesem Tutorial lernen Sie anhand von drei leicht verst\u00e4ndlichen Beispielen verschiedene M\u00f6glichkeiten kennen, den F\u00fcllpunkt in Excel zu verwenden.\" \/>\n<meta name=\"robots\" content=\"index, follow, max-snippet:-1, max-image-preview:large, max-video-preview:-1\" \/>\n<link rel=\"canonical\" href=\"https:\/\/exceladvisor.org\/de\/fullgriff\/\" \/>\n<meta property=\"og:locale\" content=\"de_DE\" \/>\n<meta property=\"og:type\" content=\"article\" \/>\n<meta property=\"og:title\" content=\"\u25b7 Wie verwende ich F\u00fcllpunkte in Excel?\" \/>\n<meta property=\"og:description\" content=\"In diesem Tutorial lernen Sie anhand von drei leicht verst\u00e4ndlichen Beispielen verschiedene M\u00f6glichkeiten kennen, den F\u00fcllpunkt in Excel zu verwenden.\" \/>\n<meta property=\"og:url\" content=\"https:\/\/exceladvisor.org\/de\/fullgriff\/\" \/>\n<meta property=\"og:site_name\" content=\"Excel Advisor\" \/>\n<meta property=\"article:modified_time\" content=\"2023-12-03T13:05:44+00:00\" \/>\n<meta property=\"og:image\" content=\"https:\/\/exceladvisor.org\/wp-content\/uploads\/2023\/08\/1-serie-de-numeros-de-remplissage-automatique.gif\" \/>\n<meta name=\"twitter:card\" content=\"summary_large_image\" \/>\n<meta name=\"twitter:label1\" content=\"Gesch\u00e4tzte Lesezeit\" \/>\n\t<meta name=\"twitter:data1\" content=\"4\u00a0Minuten\" \/>\n<script type=\"application\/ld+json\" class=\"yoast-schema-graph\">{\"@context\":\"https:\/\/schema.org\",\"@graph\":[{\"@type\":\"WebPage\",\"@id\":\"https:\/\/exceladvisor.org\/de\/fullgriff\/\",\"url\":\"https:\/\/exceladvisor.org\/de\/fullgriff\/\",\"name\":\"\u25b7 Wie verwende ich F\u00fcllpunkte in Excel?\",\"isPartOf\":{\"@id\":\"https:\/\/exceladvisor.org\/de\/#website\"},\"primaryImageOfPage\":{\"@id\":\"https:\/\/exceladvisor.org\/de\/fullgriff\/#primaryimage\"},\"image\":{\"@id\":\"https:\/\/exceladvisor.org\/de\/fullgriff\/#primaryimage\"},\"thumbnailUrl\":\"https:\/\/exceladvisor.org\/wp-content\/uploads\/2023\/08\/1-serie-de-numeros-de-remplissage-automatique.gif\",\"datePublished\":\"2023-11-14T15:37:40+00:00\",\"dateModified\":\"2023-12-03T13:05:44+00:00\",\"description\":\"In diesem Tutorial lernen Sie anhand von drei leicht verst\u00e4ndlichen Beispielen verschiedene M\u00f6glichkeiten kennen, den F\u00fcllpunkt in Excel zu verwenden.\",\"breadcrumb\":{\"@id\":\"https:\/\/exceladvisor.org\/de\/fullgriff\/#breadcrumb\"},\"inLanguage\":\"de\",\"potentialAction\":[{\"@type\":\"ReadAction\",\"target\":[\"https:\/\/exceladvisor.org\/de\/fullgriff\/\"]}]},{\"@type\":\"ImageObject\",\"inLanguage\":\"de\",\"@id\":\"https:\/\/exceladvisor.org\/de\/fullgriff\/#primaryimage\",\"url\":\"https:\/\/exceladvisor.org\/wp-content\/uploads\/2023\/08\/1-serie-de-numeros-de-remplissage-automatique.gif\",\"contentUrl\":\"https:\/\/exceladvisor.org\/wp-content\/uploads\/2023\/08\/1-serie-de-numeros-de-remplissage-automatique.gif\"},{\"@type\":\"BreadcrumbList\",\"@id\":\"https:\/\/exceladvisor.org\/de\/fullgriff\/#breadcrumb\",\"itemListElement\":[{\"@type\":\"ListItem\",\"position\":1,\"name\":\"Accueil\",\"item\":\"https:\/\/exceladvisor.org\/de\/\"},{\"@type\":\"ListItem\",\"position\":2,\"name\":\"Wie verwende ich das f\u00fcllhandle in excel?\"}]},{\"@type\":\"WebSite\",\"@id\":\"https:\/\/exceladvisor.org\/de\/#website\",\"url\":\"https:\/\/exceladvisor.org\/de\/\",\"name\":\"Excel Advisor\",\"description\":\"Ihr Leitfaden zur Datendominanz\",\"publisher\":{\"@id\":\"https:\/\/exceladvisor.org\/de\/#organization\"},\"potentialAction\":[{\"@type\":\"SearchAction\",\"target\":{\"@type\":\"EntryPoint\",\"urlTemplate\":\"https:\/\/exceladvisor.org\/de\/?s={search_term_string}\"},\"query-input\":{\"@type\":\"PropertyValueSpecification\",\"valueRequired\":true,\"valueName\":\"search_term_string\"}}],\"inLanguage\":\"de\"},{\"@type\":\"Organization\",\"@id\":\"https:\/\/exceladvisor.org\/de\/#organization\",\"name\":\"Excel Advisor\",\"url\":\"https:\/\/exceladvisor.org\/de\/\",\"logo\":{\"@type\":\"ImageObject\",\"inLanguage\":\"de\",\"@id\":\"https:\/\/exceladvisor.org\/de\/#\/schema\/logo\/image\/\",\"url\":\"https:\/\/exceladvisor.org\/de\/wp-content\/uploads\/2023\/11\/exceladvisor.org_.png\",\"contentUrl\":\"https:\/\/exceladvisor.org\/de\/wp-content\/uploads\/2023\/11\/exceladvisor.org_.png\",\"width\":105,\"height\":36,\"caption\":\"Excel Advisor\"},\"image\":{\"@id\":\"https:\/\/exceladvisor.org\/de\/#\/schema\/logo\/image\/\"}}]}<\/script>\n<!-- \/ Yoast SEO plugin. -->","yoast_head_json":{"title":"\u25b7 Wie verwende ich F\u00fcllpunkte in Excel?","description":"In diesem Tutorial lernen Sie anhand von drei leicht verst\u00e4ndlichen Beispielen verschiedene M\u00f6glichkeiten kennen, den F\u00fcllpunkt in Excel zu verwenden.","robots":{"index":"index","follow":"follow","max-snippet":"max-snippet:-1","max-image-preview":"max-image-preview:large","max-video-preview":"max-video-preview:-1"},"canonical":"https:\/\/exceladvisor.org\/de\/fullgriff\/","og_locale":"de_DE","og_type":"article","og_title":"\u25b7 Wie verwende ich F\u00fcllpunkte in Excel?","og_description":"In diesem Tutorial lernen Sie anhand von drei leicht verst\u00e4ndlichen Beispielen verschiedene M\u00f6glichkeiten kennen, den F\u00fcllpunkt in Excel zu verwenden.","og_url":"https:\/\/exceladvisor.org\/de\/fullgriff\/","og_site_name":"Excel Advisor","article_modified_time":"2023-12-03T13:05:44+00:00","og_image":[{"url":"https:\/\/exceladvisor.org\/wp-content\/uploads\/2023\/08\/1-serie-de-numeros-de-remplissage-automatique.gif","type":"","width":"","height":""}],"twitter_card":"summary_large_image","twitter_misc":{"Gesch\u00e4tzte Lesezeit":"4\u00a0Minuten"},"schema":{"@context":"https:\/\/schema.org","@graph":[{"@type":"WebPage","@id":"https:\/\/exceladvisor.org\/de\/fullgriff\/","url":"https:\/\/exceladvisor.org\/de\/fullgriff\/","name":"\u25b7 Wie verwende ich F\u00fcllpunkte in Excel?","isPartOf":{"@id":"https:\/\/exceladvisor.org\/de\/#website"},"primaryImageOfPage":{"@id":"https:\/\/exceladvisor.org\/de\/fullgriff\/#primaryimage"},"image":{"@id":"https:\/\/exceladvisor.org\/de\/fullgriff\/#primaryimage"},"thumbnailUrl":"https:\/\/exceladvisor.org\/wp-content\/uploads\/2023\/08\/1-serie-de-numeros-de-remplissage-automatique.gif","datePublished":"2023-11-14T15:37:40+00:00","dateModified":"2023-12-03T13:05:44+00:00","description":"In diesem Tutorial lernen Sie anhand von drei leicht verst\u00e4ndlichen Beispielen verschiedene M\u00f6glichkeiten kennen, den F\u00fcllpunkt in Excel zu verwenden.","breadcrumb":{"@id":"https:\/\/exceladvisor.org\/de\/fullgriff\/#breadcrumb"},"inLanguage":"de","potentialAction":[{"@type":"ReadAction","target":["https:\/\/exceladvisor.org\/de\/fullgriff\/"]}]},{"@type":"ImageObject","inLanguage":"de","@id":"https:\/\/exceladvisor.org\/de\/fullgriff\/#primaryimage","url":"https:\/\/exceladvisor.org\/wp-content\/uploads\/2023\/08\/1-serie-de-numeros-de-remplissage-automatique.gif","contentUrl":"https:\/\/exceladvisor.org\/wp-content\/uploads\/2023\/08\/1-serie-de-numeros-de-remplissage-automatique.gif"},{"@type":"BreadcrumbList","@id":"https:\/\/exceladvisor.org\/de\/fullgriff\/#breadcrumb","itemListElement":[{"@type":"ListItem","position":1,"name":"Accueil","item":"https:\/\/exceladvisor.org\/de\/"},{"@type":"ListItem","position":2,"name":"Wie verwende ich das f\u00fcllhandle in excel?"}]},{"@type":"WebSite","@id":"https:\/\/exceladvisor.org\/de\/#website","url":"https:\/\/exceladvisor.org\/de\/","name":"Excel Advisor","description":"Ihr Leitfaden zur Datendominanz","publisher":{"@id":"https:\/\/exceladvisor.org\/de\/#organization"},"potentialAction":[{"@type":"SearchAction","target":{"@type":"EntryPoint","urlTemplate":"https:\/\/exceladvisor.org\/de\/?s={search_term_string}"},"query-input":{"@type":"PropertyValueSpecification","valueRequired":true,"valueName":"search_term_string"}}],"inLanguage":"de"},{"@type":"Organization","@id":"https:\/\/exceladvisor.org\/de\/#organization","name":"Excel Advisor","url":"https:\/\/exceladvisor.org\/de\/","logo":{"@type":"ImageObject","inLanguage":"de","@id":"https:\/\/exceladvisor.org\/de\/#\/schema\/logo\/image\/","url":"https:\/\/exceladvisor.org\/de\/wp-content\/uploads\/2023\/11\/exceladvisor.org_.png","contentUrl":"https:\/\/exceladvisor.org\/de\/wp-content\/uploads\/2023\/11\/exceladvisor.org_.png","width":105,"height":36,"caption":"Excel Advisor"},"image":{"@id":"https:\/\/exceladvisor.org\/de\/#\/schema\/logo\/image\/"}}]}},"yoast_meta":{"yoast_wpseo_title":"","yoast_wpseo_metadesc":"","yoast_wpseo_canonical":""},"_links":{"self":[{"href":"https:\/\/exceladvisor.org\/de\/wp-json\/wp\/v2\/pages\/3128","targetHints":{"allow":["GET"]}}],"collection":[{"href":"https:\/\/exceladvisor.org\/de\/wp-json\/wp\/v2\/pages"}],"about":[{"href":"https:\/\/exceladvisor.org\/de\/wp-json\/wp\/v2\/types\/page"}],"author":[{"embeddable":true,"href":"https:\/\/exceladvisor.org\/de\/wp-json\/wp\/v2\/users\/1"}],"replies":[{"embeddable":true,"href":"https:\/\/exceladvisor.org\/de\/wp-json\/wp\/v2\/comments?post=3128"}],"version-history":[{"count":1,"href":"https:\/\/exceladvisor.org\/de\/wp-json\/wp\/v2\/pages\/3128\/revisions"}],"predecessor-version":[{"id":4234,"href":"https:\/\/exceladvisor.org\/de\/wp-json\/wp\/v2\/pages\/3128\/revisions\/4234"}],"wp:attachment":[{"href":"https:\/\/exceladvisor.org\/de\/wp-json\/wp\/v2\/media?parent=3128"}],"curies":[{"name":"wp","href":"https:\/\/api.w.org\/{rel}","templated":true}]}}