{"id":3129,"date":"2023-11-14T15:29:45","date_gmt":"2023-11-14T15:29:45","guid":{"rendered":"https:\/\/exceladvisor.org\/de\/durchschnittliche-maximalwerte\/"},"modified":"2023-12-03T11:19:25","modified_gmt":"2023-12-03T11:19:25","slug":"durchschnittliche-maximalwerte","status":"publish","type":"page","link":"https:\/\/exceladvisor.org\/de\/durchschnittliche-maximalwerte\/","title":{"rendered":"Wie ermittele ich die top-5-werte in excel?"},"content":{"rendered":"<div class=\"excel-vor-dem-inhalt\" id=\"excel-1417907464\"><script type=\"text\/javascript\">\r\n\tatOptions = {\r\n\t\t'key' : 'c1158f160081d6540a8409e6925dab94',\r\n\t\t'format' : 'iframe',\r\n\t\t'height' : 250,\r\n\t\t'width' : 300,\r\n\t\t'params' : {}\r\n\t};\r\n<\/script>\r\n<script type=\"text\/javascript\" src=\"\/\/www.highperformanceformat.com\/c1158f160081d6540a8409e6925dab94\/invoke.js\"><\/script><\/div> <p>Nehmen wir an, Sie haben eine Produktlinie mit 20 Produkten in Ihrem Unternehmen und verf\u00fcgen \u00fcber monatliche Verkaufsdaten f\u00fcr alle 20 Produkte.<\/p><p> Aus diesen Daten m\u00f6chten Sie den Durchschnitt der Top-5-Produkte berechnen. Kurz gesagt, Sie m\u00f6chten aus diesen Daten den Durchschnitt der ersten 5 Werte ermitteln. Schauen Sie sich das Beispiel unten an. <\/p><div class=\"wp-block-image\"><figure class=\"aligncenter\"><img decoding=\"async\" src=\"https:\/\/exceladvisor.org\/wp-content\/uploads\/2023\/08\/ventes-de-produits-pour-obtenir-la-moyenne-des-5-meilleurs.png\" sizes=\"\" srcset=\"\" alt=\"Produktverk\u00e4ufe, um den Top-5-Durchschnitt zu erreichen\"><\/figure><\/div><h2 class=\"wp-block-heading\"> Formel: Durchschnittliche TOP-5-Werte<\/h2><p> Um den Durchschnitt der Top-5-Werte in der Liste zu ermitteln, k\u00f6nnen Sie eine Formel verwenden, die auf der Kombination von LARGE und DURCHSCHNITT basiert. Und die Formel wird sein: <\/p><pre class=\"wp-block-code\"> <code class=\"language-excel-formula\" lang=\"excel-formula\">=AVERAGE(LARGE(B2:B21,{1,2,3,4,5}))<\/code><\/pre><div class=\"wp-block-image\"><figure class=\"aligncenter\"><img decoding=\"async\" src=\"https:\/\/exceladvisor.org\/wp-content\/uploads\/2023\/08\/formule-pour-obtenir-la-moyenne-des-5-premiers.png\" sizes=\"\" srcset=\"\" alt=\"Formel, um den Durchschnitt der ersten 5 zu erhalten\"><\/figure><\/div><h3 class=\"wp-block-heading\"> Wie funktioniert diese Formel?<\/h3><p> Um diese Formel zu verstehen, m\u00fcssen Sie sie in zwei Teile teilen. Im ersten Teil haben wir die LARGE-Funktion verwendet.<\/p><h4 class=\"wp-block-heading\"> WIDE-Funktion<\/h4><p> Die LARGE-Funktion kann den n-tgr\u00f6\u00dften Wert aus den Daten zur\u00fcckgeben. Wenn Sie als n-ten Wert 2 angeben, wird der zweith\u00f6chste Wert aus den Daten zur\u00fcckgegeben.<\/p><p> Hier ben\u00f6tigen Sie die ersten 5 Werte, nicht nur einen, um sie zu mitteln. Dazu m\u00fcssen Sie als n-ten Wert in die untenstehende Tabelle eintragen.<\/p><p> {1,2,3,4,5}<\/p><p> Wenn Sie dies in die Funktion eingeben, wird ein Array der ersten f\u00fcnf Werte zur\u00fcckgegeben, genau wie das untenstehende. <\/p><div class=\"wp-block-image\"><figure class=\"aligncenter\"><img decoding=\"async\" src=\"https:\/\/exceladvisor.org\/wp-content\/uploads\/2023\/08\/comment-la-grande-formule-fonctionne-pour-obtenir-la-moyenne-des-5-premiers.png\" sizes=\"\" srcset=\"\" alt=\"wie die gro\u00dfe Formel funktioniert, um den Durchschnitt der Top 5 zu ermitteln\"><\/figure><\/div><p> <strong>Letztendlich<\/strong> gibt die Durchschnittsfunktion den Durchschnitt dieser Werte zur\u00fcck. Hier m\u00fcssen Sie verstehen, dass die Durchschnittsfunktion ein Array annehmen kann, ohne eine Formel wie STRG+UMSCHALT+EINGABETASTE einzugeben. <\/p><div class=\"gb-container gb-container-52dfcee1 gb-container-sample-file\"><h2 class=\"gb-headline gb-headline-e289c143 gb-headline-text gb-headline-4f7959c2\"> Holen Sie sich die Excel-Datei<\/h2><p> <a class=\"gb-button gb-button-e88d6bee gb-button-text gb-button-button1\" href=\"https:\/\/exceladvisor.org\/wp-content\/uploads\/2023\/11\/moyenne-des-cinq-premieres-valeurs.xlsx\" rel=\"nofollow\">Herunterladen<\/a><\/p><\/div><div class=\"gb-container gb-container-0df56012 gb-container-mt\"> <a class=\"gb-button gb-button-f9f432f4 gb-button-text gb-button-mt-button\" href=\"https:\/\/exceladvisor.org\/de\/formeln\/\">Liste der Excel-Formeln<\/a><h2 class=\"gb-headline gb-headline-233444e8 gb-headline-text gb-headline-mt-heading\"> Verwandte Formeln <\/h2><div class=\"gb-grid-wrapper gb-grid-wrapper-a16fa65c gb-grid-wrapper-mt-grid\"><div class=\"gb-grid-column gb-grid-column-50d07e0d\"><div class=\"gb-container gb-container-50d07e0d\"><ul><li> <a href=\"https:\/\/exceladvisor.org\/de\/gewichteter-durchschnitt\/\">Berechnen Sie den gewichteten Durchschnitt in Excel<\/a><\/li><li> <a href=\"https:\/\/exceladvisor.org\/de\/durchschnittlich-ignorierte-fehler-2\/\">Durchschnittlich, aber Fehler ignorieren (#N\/A und andere Fehler)<\/a><\/li><li> <a href=\"https:\/\/exceladvisor.org\/de\/der-durchschnitt-schliesst-nullen-aus-2\/\">Durchschnittliche Zahl, jedoch ohne Nullen<\/a><\/li><li> <a href=\"https:\/\/exceladvisor.org\/de\/durchschnitt-nicht-leerer-zellen-2\/\">Durchschnittlich nur nicht leere Zellen<\/a><\/li><li> <a href=\"https:\/\/exceladvisor.org\/de\/durchschnittlicher-prozentsatz-2\/\">Berechnen Sie den Durchschnitt der Prozentwerte<\/a><\/li><\/ul><\/div><\/div><\/div><\/div>","protected":false},"excerpt":{"rendered":"","protected":false},"author":1,"featured_media":0,"parent":0,"menu_order":0,"comment_status":"open","ping_status":"closed","template":"","meta":{"ub_ctt_via":"","footnotes":""},"class_list":["post-3129","page","type-page","status-publish","hentry"],"featured_image_src":null,"yoast_head":"<!-- This site is optimized with the Yoast SEO plugin v25.4 - https:\/\/yoast.com\/wordpress\/plugins\/seo\/ -->\n<title>Wie ermittele ich die TOP-5-Werte in Excel?<\/title>\n<meta name=\"description\" content=\"Um den Durchschnitt der Top-5-Werte in der Liste zu ermitteln, k\u00f6nnen Sie eine Formel verwenden, die auf der Kombination von LARGE und DURCHSCHNITT basiert.\" \/>\n<meta name=\"robots\" content=\"index, follow, max-snippet:-1, max-image-preview:large, max-video-preview:-1\" \/>\n<link rel=\"canonical\" href=\"https:\/\/exceladvisor.org\/de\/durchschnittliche-maximalwerte\/\" \/>\n<meta property=\"og:locale\" content=\"de_DE\" \/>\n<meta property=\"og:type\" content=\"article\" \/>\n<meta property=\"og:title\" content=\"Wie ermittele ich die TOP-5-Werte in Excel?\" \/>\n<meta property=\"og:description\" content=\"Um den Durchschnitt der Top-5-Werte in der Liste zu ermitteln, k\u00f6nnen Sie eine Formel verwenden, die auf der Kombination von LARGE und DURCHSCHNITT basiert.\" \/>\n<meta property=\"og:url\" content=\"https:\/\/exceladvisor.org\/de\/durchschnittliche-maximalwerte\/\" \/>\n<meta property=\"og:site_name\" content=\"Excel Advisor\" \/>\n<meta property=\"article:modified_time\" content=\"2023-12-03T11:19:25+00:00\" \/>\n<meta property=\"og:image\" content=\"https:\/\/exceladvisor.org\/wp-content\/uploads\/2023\/08\/ventes-de-produits-pour-obtenir-la-moyenne-des-5-meilleurs.png\" \/>\n<meta name=\"twitter:card\" content=\"summary_large_image\" \/>\n<meta name=\"twitter:label1\" content=\"Gesch\u00e4tzte Lesezeit\" \/>\n\t<meta name=\"twitter:data1\" content=\"1\u00a0Minute\" \/>\n<script type=\"application\/ld+json\" class=\"yoast-schema-graph\">{\"@context\":\"https:\/\/schema.org\",\"@graph\":[{\"@type\":\"WebPage\",\"@id\":\"https:\/\/exceladvisor.org\/de\/durchschnittliche-maximalwerte\/\",\"url\":\"https:\/\/exceladvisor.org\/de\/durchschnittliche-maximalwerte\/\",\"name\":\"Wie ermittele ich die TOP-5-Werte in Excel?\",\"isPartOf\":{\"@id\":\"https:\/\/exceladvisor.org\/de\/#website\"},\"primaryImageOfPage\":{\"@id\":\"https:\/\/exceladvisor.org\/de\/durchschnittliche-maximalwerte\/#primaryimage\"},\"image\":{\"@id\":\"https:\/\/exceladvisor.org\/de\/durchschnittliche-maximalwerte\/#primaryimage\"},\"thumbnailUrl\":\"https:\/\/exceladvisor.org\/wp-content\/uploads\/2023\/08\/ventes-de-produits-pour-obtenir-la-moyenne-des-5-meilleurs.png\",\"datePublished\":\"2023-11-14T15:29:45+00:00\",\"dateModified\":\"2023-12-03T11:19:25+00:00\",\"description\":\"Um den Durchschnitt der Top-5-Werte in der Liste zu ermitteln, k\u00f6nnen Sie eine Formel verwenden, die auf der Kombination von LARGE und DURCHSCHNITT basiert.\",\"breadcrumb\":{\"@id\":\"https:\/\/exceladvisor.org\/de\/durchschnittliche-maximalwerte\/#breadcrumb\"},\"inLanguage\":\"de\",\"potentialAction\":[{\"@type\":\"ReadAction\",\"target\":[\"https:\/\/exceladvisor.org\/de\/durchschnittliche-maximalwerte\/\"]}]},{\"@type\":\"ImageObject\",\"inLanguage\":\"de\",\"@id\":\"https:\/\/exceladvisor.org\/de\/durchschnittliche-maximalwerte\/#primaryimage\",\"url\":\"https:\/\/exceladvisor.org\/wp-content\/uploads\/2023\/08\/ventes-de-produits-pour-obtenir-la-moyenne-des-5-meilleurs.png\",\"contentUrl\":\"https:\/\/exceladvisor.org\/wp-content\/uploads\/2023\/08\/ventes-de-produits-pour-obtenir-la-moyenne-des-5-meilleurs.png\"},{\"@type\":\"BreadcrumbList\",\"@id\":\"https:\/\/exceladvisor.org\/de\/durchschnittliche-maximalwerte\/#breadcrumb\",\"itemListElement\":[{\"@type\":\"ListItem\",\"position\":1,\"name\":\"Accueil\",\"item\":\"https:\/\/exceladvisor.org\/de\/\"},{\"@type\":\"ListItem\",\"position\":2,\"name\":\"Wie ermittele ich die top-5-werte in excel?\"}]},{\"@type\":\"WebSite\",\"@id\":\"https:\/\/exceladvisor.org\/de\/#website\",\"url\":\"https:\/\/exceladvisor.org\/de\/\",\"name\":\"Excel Advisor\",\"description\":\"Ihr Leitfaden zur Datendominanz\",\"publisher\":{\"@id\":\"https:\/\/exceladvisor.org\/de\/#organization\"},\"potentialAction\":[{\"@type\":\"SearchAction\",\"target\":{\"@type\":\"EntryPoint\",\"urlTemplate\":\"https:\/\/exceladvisor.org\/de\/?s={search_term_string}\"},\"query-input\":{\"@type\":\"PropertyValueSpecification\",\"valueRequired\":true,\"valueName\":\"search_term_string\"}}],\"inLanguage\":\"de\"},{\"@type\":\"Organization\",\"@id\":\"https:\/\/exceladvisor.org\/de\/#organization\",\"name\":\"Excel Advisor\",\"url\":\"https:\/\/exceladvisor.org\/de\/\",\"logo\":{\"@type\":\"ImageObject\",\"inLanguage\":\"de\",\"@id\":\"https:\/\/exceladvisor.org\/de\/#\/schema\/logo\/image\/\",\"url\":\"https:\/\/exceladvisor.org\/de\/wp-content\/uploads\/2023\/11\/exceladvisor.org_.png\",\"contentUrl\":\"https:\/\/exceladvisor.org\/de\/wp-content\/uploads\/2023\/11\/exceladvisor.org_.png\",\"width\":105,\"height\":36,\"caption\":\"Excel Advisor\"},\"image\":{\"@id\":\"https:\/\/exceladvisor.org\/de\/#\/schema\/logo\/image\/\"}}]}<\/script>\n<!-- \/ Yoast SEO plugin. -->","yoast_head_json":{"title":"Wie ermittele ich die TOP-5-Werte in Excel?","description":"Um den Durchschnitt der Top-5-Werte in der Liste zu ermitteln, k\u00f6nnen Sie eine Formel verwenden, die auf der Kombination von LARGE und DURCHSCHNITT basiert.","robots":{"index":"index","follow":"follow","max-snippet":"max-snippet:-1","max-image-preview":"max-image-preview:large","max-video-preview":"max-video-preview:-1"},"canonical":"https:\/\/exceladvisor.org\/de\/durchschnittliche-maximalwerte\/","og_locale":"de_DE","og_type":"article","og_title":"Wie ermittele ich die TOP-5-Werte in Excel?","og_description":"Um den Durchschnitt der Top-5-Werte in der Liste zu ermitteln, k\u00f6nnen Sie eine Formel verwenden, die auf der Kombination von LARGE und DURCHSCHNITT basiert.","og_url":"https:\/\/exceladvisor.org\/de\/durchschnittliche-maximalwerte\/","og_site_name":"Excel Advisor","article_modified_time":"2023-12-03T11:19:25+00:00","og_image":[{"url":"https:\/\/exceladvisor.org\/wp-content\/uploads\/2023\/08\/ventes-de-produits-pour-obtenir-la-moyenne-des-5-meilleurs.png","type":"","width":"","height":""}],"twitter_card":"summary_large_image","twitter_misc":{"Gesch\u00e4tzte Lesezeit":"1\u00a0Minute"},"schema":{"@context":"https:\/\/schema.org","@graph":[{"@type":"WebPage","@id":"https:\/\/exceladvisor.org\/de\/durchschnittliche-maximalwerte\/","url":"https:\/\/exceladvisor.org\/de\/durchschnittliche-maximalwerte\/","name":"Wie ermittele ich die TOP-5-Werte in Excel?","isPartOf":{"@id":"https:\/\/exceladvisor.org\/de\/#website"},"primaryImageOfPage":{"@id":"https:\/\/exceladvisor.org\/de\/durchschnittliche-maximalwerte\/#primaryimage"},"image":{"@id":"https:\/\/exceladvisor.org\/de\/durchschnittliche-maximalwerte\/#primaryimage"},"thumbnailUrl":"https:\/\/exceladvisor.org\/wp-content\/uploads\/2023\/08\/ventes-de-produits-pour-obtenir-la-moyenne-des-5-meilleurs.png","datePublished":"2023-11-14T15:29:45+00:00","dateModified":"2023-12-03T11:19:25+00:00","description":"Um den Durchschnitt der Top-5-Werte in der Liste zu ermitteln, k\u00f6nnen Sie eine Formel verwenden, die auf der Kombination von LARGE und DURCHSCHNITT basiert.","breadcrumb":{"@id":"https:\/\/exceladvisor.org\/de\/durchschnittliche-maximalwerte\/#breadcrumb"},"inLanguage":"de","potentialAction":[{"@type":"ReadAction","target":["https:\/\/exceladvisor.org\/de\/durchschnittliche-maximalwerte\/"]}]},{"@type":"ImageObject","inLanguage":"de","@id":"https:\/\/exceladvisor.org\/de\/durchschnittliche-maximalwerte\/#primaryimage","url":"https:\/\/exceladvisor.org\/wp-content\/uploads\/2023\/08\/ventes-de-produits-pour-obtenir-la-moyenne-des-5-meilleurs.png","contentUrl":"https:\/\/exceladvisor.org\/wp-content\/uploads\/2023\/08\/ventes-de-produits-pour-obtenir-la-moyenne-des-5-meilleurs.png"},{"@type":"BreadcrumbList","@id":"https:\/\/exceladvisor.org\/de\/durchschnittliche-maximalwerte\/#breadcrumb","itemListElement":[{"@type":"ListItem","position":1,"name":"Accueil","item":"https:\/\/exceladvisor.org\/de\/"},{"@type":"ListItem","position":2,"name":"Wie ermittele ich die top-5-werte in excel?"}]},{"@type":"WebSite","@id":"https:\/\/exceladvisor.org\/de\/#website","url":"https:\/\/exceladvisor.org\/de\/","name":"Excel Advisor","description":"Ihr Leitfaden zur Datendominanz","publisher":{"@id":"https:\/\/exceladvisor.org\/de\/#organization"},"potentialAction":[{"@type":"SearchAction","target":{"@type":"EntryPoint","urlTemplate":"https:\/\/exceladvisor.org\/de\/?s={search_term_string}"},"query-input":{"@type":"PropertyValueSpecification","valueRequired":true,"valueName":"search_term_string"}}],"inLanguage":"de"},{"@type":"Organization","@id":"https:\/\/exceladvisor.org\/de\/#organization","name":"Excel Advisor","url":"https:\/\/exceladvisor.org\/de\/","logo":{"@type":"ImageObject","inLanguage":"de","@id":"https:\/\/exceladvisor.org\/de\/#\/schema\/logo\/image\/","url":"https:\/\/exceladvisor.org\/de\/wp-content\/uploads\/2023\/11\/exceladvisor.org_.png","contentUrl":"https:\/\/exceladvisor.org\/de\/wp-content\/uploads\/2023\/11\/exceladvisor.org_.png","width":105,"height":36,"caption":"Excel Advisor"},"image":{"@id":"https:\/\/exceladvisor.org\/de\/#\/schema\/logo\/image\/"}}]}},"yoast_meta":{"yoast_wpseo_title":"","yoast_wpseo_metadesc":"","yoast_wpseo_canonical":""},"_links":{"self":[{"href":"https:\/\/exceladvisor.org\/de\/wp-json\/wp\/v2\/pages\/3129","targetHints":{"allow":["GET"]}}],"collection":[{"href":"https:\/\/exceladvisor.org\/de\/wp-json\/wp\/v2\/pages"}],"about":[{"href":"https:\/\/exceladvisor.org\/de\/wp-json\/wp\/v2\/types\/page"}],"author":[{"embeddable":true,"href":"https:\/\/exceladvisor.org\/de\/wp-json\/wp\/v2\/users\/1"}],"replies":[{"embeddable":true,"href":"https:\/\/exceladvisor.org\/de\/wp-json\/wp\/v2\/comments?post=3129"}],"version-history":[{"count":1,"href":"https:\/\/exceladvisor.org\/de\/wp-json\/wp\/v2\/pages\/3129\/revisions"}],"predecessor-version":[{"id":3933,"href":"https:\/\/exceladvisor.org\/de\/wp-json\/wp\/v2\/pages\/3129\/revisions\/3933"}],"wp:attachment":[{"href":"https:\/\/exceladvisor.org\/de\/wp-json\/wp\/v2\/media?parent=3129"}],"curies":[{"name":"wp","href":"https:\/\/api.w.org\/{rel}","templated":true}]}}