{"id":3130,"date":"2023-11-14T15:17:07","date_gmt":"2023-11-14T15:17:07","guid":{"rendered":"https:\/\/exceladvisor.org\/de\/holen-sie-sich-den-namen-des-tages\/"},"modified":"2023-12-03T11:19:22","modified_gmt":"2023-12-03T11:19:22","slug":"holen-sie-sich-den-namen-des-tages","status":"publish","type":"page","link":"https:\/\/exceladvisor.org\/de\/holen-sie-sich-den-namen-des-tages\/","title":{"rendered":"Wie erhalte ich einen tagesnamen aus einem datum in excel?"},"content":{"rendered":"<div class=\"excel-vor-dem-inhalt\" id=\"excel-871744539\"><script type=\"text\/javascript\">\r\n\tatOptions = {\r\n\t\t'key' : 'c1158f160081d6540a8409e6925dab94',\r\n\t\t'format' : 'iframe',\r\n\t\t'height' : 250,\r\n\t\t'width' : 300,\r\n\t\t'params' : {}\r\n\t};\r\n<\/script>\r\n<script type=\"text\/javascript\" src=\"\/\/www.highperformanceformat.com\/c1158f160081d6540a8409e6925dab94\/invoke.js\"><\/script><\/div> <p class=\"has-text-align-left\">Nehmen wir an, Sie haben ein Datum aus diesem Datum, f\u00fcr das Sie den Tagesnamen erhalten m\u00f6chten, z. B. Samstag, Sonntag. Dies kann mit einer Formel erfolgen. Tats\u00e4chlich k\u00f6nnen mehrere Formeln verwendet werden.<\/p><h2 class=\"wp-block-heading\"> Holen Sie sich den Namen des Tages mit der TEXT-Funktion<\/h2><p> Mit der TEXT-Funktion k\u00f6nnen Sie einen Tagesnamen aus einem Datum extrahieren. Angenommen, Sie haben ein Datum in Zelle A2 und m\u00f6chten den Namen des Tages in Zelle B2 abrufen. Die Formel lautet:<\/p><pre class=\"wp-block-code\"> <code class=\"language-excel-formula\" lang=\"excel-formula\">=TEXT(A2,\"DDD\")<\/code><\/pre><p> Diese Formel gibt einen Tagesnamen zur\u00fcck, der kurz vor dem Datum steht. Und wenn Sie einen vollst\u00e4ndigen Tagesnamen w\u00fcnschen, k\u00f6nnen Sie die folgende Formel verwenden. <\/p><pre class=\"wp-block-code\"> <code class=\"language-excel-formula\" lang=\"excel-formula\">=TEXT(A2,\"DDDD\")<\/code><\/pre><div class=\"wp-block-image\"><figure class=\"aligncenter\"><img decoding=\"async\" src=\"https:\/\/exceladvisor.org\/wp-content\/uploads\/2023\/08\/obtenir-le-nom-du-mois-a-partir-dune-date-avec-une-fonction-de-texte.png\" sizes=\"\" srcset=\"\" alt=\"Holen Sie sich den Monatsnamen aus einem Datum mit einer Textfunktion\"><\/figure><\/div><h2 class=\"wp-block-heading\"> Funktioniert es<\/h2><p> Wenn Sie in der TEXT-Funktion auf das Datum verweisen, konvertieren Sie diese Daten in ein bestimmtes Textformat, das Sie erw\u00e4hnt haben.<\/p><h2 class=\"wp-block-heading\"> Mit der SELECT-Funktion den Namen des Tages abrufen<\/h2><p> Dies ist eine weitere Methode, mit der Sie einen Tagesnamen aus einem Datum extrahieren k\u00f6nnen. Und diese Methode ist flexibler.<\/p><p> Nehmen wir an, Sie m\u00f6chten eine benutzerdefinierte Abk\u00fcrzung verwenden oder den Namen des Tages in einer anderen Sprache erhalten. Die Formel lautet: <\/p><pre class=\"wp-block-code\"> <code class=\"language-excel-formula\" lang=\"excel-formula\">=CHOOSE(WEEKDAY(A3,2),\"M\",\"Tu\",\"W\",\"Th\",\"F\",\"Sa\",\"Su\")<\/code><\/pre><div class=\"wp-block-image\"><figure class=\"aligncenter\"><img decoding=\"async\" src=\"https:\/\/exceladvisor.org\/wp-content\/uploads\/2023\/08\/obtenir-le-nom-du-mois-a-partir-dune-date-avec-la-fonction-de-choix.png\" sizes=\"\" srcset=\"\" alt=\"Holen Sie sich den Monatsnamen aus einem Datum mit der Auswahlfunktion\"><\/figure><\/div><h2 class=\"wp-block-heading\"> Wie funktioniert das<\/h2><p> Hier gibt WEEKDAY die Anzahl der Tage in einer Woche zur\u00fcck, also 1-7. Wenn der Tag Montag ist, wird 1 zur\u00fcckgegeben und am Dienstag wird 2 zur\u00fcckgegeben. F\u00fcr jeden Wochentag gibt es also eine Zahl.<\/p><p> Danach haben Sie in der CHOOSE-Funktion 7 verschiedene Werte f\u00fcr 7 Tage der Woche angegeben und wenn WEEKDAY eine Zahl zur\u00fcckgibt, gibt CHOOSE den Wert basierend auf dieser Zahl zur\u00fcck. Kurz gesagt, Sie erhalten einen Tagesnamen.<\/p><h2 class=\"wp-block-heading\"> Wenden Sie benutzerdefinierte Formatierungen an<\/h2><p> Wenn Sie einen Tagesnamen nicht in eine andere Zelle extrahieren m\u00f6chten, k\u00f6nnen Sie eine benutzerdefinierte Formatierung anwenden, um ein Datum als Tagesnamen zu formatieren. Daf\u00fcr:<\/p><ol><li> W\u00e4hlen Sie alle Zellen aus und dr\u00fccken Sie die Tastenkombination Strg + 1.<\/li><li> W\u00e4hlen Sie auf der Registerkarte \u201eNummer\u201c die Option \u201eBenutzerdefiniert\u201c und geben Sie \u201eddd\u201c oder \u201edddd\u201c in die Eingabeleiste ein.<\/li><li> Klicken Sie am Ende auf OK. <\/li><\/ol><div class=\"wp-block-image\"><figure class=\"aligncenter\"><img decoding=\"async\" src=\"https:\/\/exceladvisor.org\/wp-content\/uploads\/2023\/08\/obtenir-le-nom-du-mois-a-partir-dune-date-avec-un-formatage-personnalise.png\" sizes=\"\" srcset=\"\" alt=\"Holen Sie sich den Monatsnamen aus einem Datum mit benutzerdefinierter Formatierung\"><\/figure><\/div><p> Dadurch wird das Datum in der ausgew\u00e4hlten Zelle in einen Tagesnamen umgewandelt.<\/p><p class=\"grey-note\"> Wenn Sie eine benutzerdefinierte Formatierung anwenden, ist der Wert in der Zelle immer ein Datum. Sie m\u00fcssen lediglich die Formatierung \u00e4ndern. <\/p><div class=\"gb-container gb-container-52dfcee1 gb-container-sample-file\"><h2 class=\"gb-headline gb-headline-e289c143 gb-headline-text gb-headline-4f7959c2\"> Holen Sie sich die Excel-Datei<\/h2><p> <a class=\"gb-button gb-button-e88d6bee gb-button-text gb-button-button1\" href=\"https:\/\/exceladvisor.org\/wp-content\/uploads\/2023\/08\/obtenir-le-nom-du-jour-2.xlsx\" rel=\"nofollow\">Herunterladen<\/a><\/p><\/div><div class=\"gb-container gb-container-0df56012 gb-container-mt\"> <a class=\"gb-button gb-button-f9f432f4 gb-button-text gb-button-mt-button\" href=\"https:\/\/exceladvisor.org\/de\/formeln\/\">Liste der Excel-Formeln<\/a><h2 class=\"gb-headline gb-headline-233444e8 gb-headline-text gb-headline-mt-heading\"> Verwandte Formeln <\/h2><div class=\"gb-grid-wrapper gb-grid-wrapper-a16fa65c gb-grid-wrapper-mt-grid\"><div class=\"gb-grid-column gb-grid-column-50d07e0d\"><div class=\"gb-container gb-container-50d07e0d\"><ul><li> <a href=\"https:\/\/exceladvisor.org\/de\/fugen-sie-das-wochendatum-hinzu\/\">Addiere\/subtrahiere eine Woche von einem Datum in Excel<\/a><\/li><li> <a href=\"https:\/\/exceladvisor.org\/de\/tage-des-monats\/\">Ermitteln Sie die Gesamtzahl der Tage oder Monate in Excel<\/a><\/li><li> <a href=\"https:\/\/exceladvisor.org\/de\/monate-arbeitstage\/\">Arbeitstage im Monat<\/a><\/li><li> <a href=\"https:\/\/exceladvisor.org\/de\/datum-zu-text-2\/\">Datum in Text umwandeln<\/a> <\/li><\/ul><\/div><\/div><div class=\"gb-grid-column gb-grid-column-5b4a0cf9\"><div class=\"gb-container gb-container-5b4a0cf9\"><ul><li> <a href=\"https:\/\/exceladvisor.org\/de\/countdown-tage\/\">Countdown-Tage<\/a><\/li><li> <a href=\"https:\/\/exceladvisor.org\/de\/tage-zwischen-zwei-daten\/\">Z\u00e4hlen Sie die Tage zwischen zwei Daten<\/a><\/li><li> <a href=\"https:\/\/exceladvisor.org\/de\/julienne-datum-2\/\">In julianisches Datum umrechnen<\/a><\/li><li> <a href=\"https:\/\/exceladvisor.org\/de\/vergangenen-sonntag-2\/\">Holen Sie sich den letzten Sonntag<\/a><\/li><\/ul><\/div><\/div><\/div><\/div>","protected":false},"excerpt":{"rendered":"","protected":false},"author":1,"featured_media":0,"parent":0,"menu_order":0,"comment_status":"open","ping_status":"closed","template":"","meta":{"ub_ctt_via":"","footnotes":""},"class_list":["post-3130","page","type-page","status-publish","hentry"],"featured_image_src":null,"yoast_head":"<!-- This site is optimized with the Yoast SEO plugin v25.4 - https:\/\/yoast.com\/wordpress\/plugins\/seo\/ -->\n<title>Formel: Tagesnamen aus einem Datum in Excel abrufen?<\/title>\n<meta name=\"description\" content=\"Angenommen, Sie haben ein Datum aus diesem Datum, f\u00fcr das Sie den Tagesnamen erhalten m\u00f6chten, z. B. Samstag, Sonntag.\" \/>\n<meta name=\"robots\" content=\"index, follow, max-snippet:-1, max-image-preview:large, max-video-preview:-1\" \/>\n<link rel=\"canonical\" href=\"https:\/\/exceladvisor.org\/de\/holen-sie-sich-den-namen-des-tages\/\" \/>\n<meta property=\"og:locale\" content=\"de_DE\" \/>\n<meta property=\"og:type\" content=\"article\" \/>\n<meta property=\"og:title\" content=\"Formel: Tagesnamen aus einem Datum in Excel abrufen?\" \/>\n<meta property=\"og:description\" content=\"Angenommen, Sie haben ein Datum aus diesem Datum, f\u00fcr das Sie den Tagesnamen erhalten m\u00f6chten, z. B. Samstag, Sonntag.\" \/>\n<meta property=\"og:url\" content=\"https:\/\/exceladvisor.org\/de\/holen-sie-sich-den-namen-des-tages\/\" \/>\n<meta property=\"og:site_name\" content=\"Excel Advisor\" \/>\n<meta property=\"article:modified_time\" content=\"2023-12-03T11:19:22+00:00\" \/>\n<meta property=\"og:image\" content=\"https:\/\/exceladvisor.org\/wp-content\/uploads\/2023\/08\/obtenir-le-nom-du-mois-a-partir-dune-date-avec-une-fonction-de-texte.png\" \/>\n<meta name=\"twitter:card\" content=\"summary_large_image\" \/>\n<meta name=\"twitter:label1\" content=\"Gesch\u00e4tzte Lesezeit\" \/>\n\t<meta name=\"twitter:data1\" content=\"2\u00a0Minuten\" \/>\n<script type=\"application\/ld+json\" class=\"yoast-schema-graph\">{\"@context\":\"https:\/\/schema.org\",\"@graph\":[{\"@type\":\"WebPage\",\"@id\":\"https:\/\/exceladvisor.org\/de\/holen-sie-sich-den-namen-des-tages\/\",\"url\":\"https:\/\/exceladvisor.org\/de\/holen-sie-sich-den-namen-des-tages\/\",\"name\":\"Formel: Tagesnamen aus einem Datum in Excel abrufen?\",\"isPartOf\":{\"@id\":\"https:\/\/exceladvisor.org\/de\/#website\"},\"primaryImageOfPage\":{\"@id\":\"https:\/\/exceladvisor.org\/de\/holen-sie-sich-den-namen-des-tages\/#primaryimage\"},\"image\":{\"@id\":\"https:\/\/exceladvisor.org\/de\/holen-sie-sich-den-namen-des-tages\/#primaryimage\"},\"thumbnailUrl\":\"https:\/\/exceladvisor.org\/wp-content\/uploads\/2023\/08\/obtenir-le-nom-du-mois-a-partir-dune-date-avec-une-fonction-de-texte.png\",\"datePublished\":\"2023-11-14T15:17:07+00:00\",\"dateModified\":\"2023-12-03T11:19:22+00:00\",\"description\":\"Angenommen, Sie haben ein Datum aus diesem Datum, f\u00fcr das Sie den Tagesnamen erhalten m\u00f6chten, z. B. Samstag, Sonntag.\",\"breadcrumb\":{\"@id\":\"https:\/\/exceladvisor.org\/de\/holen-sie-sich-den-namen-des-tages\/#breadcrumb\"},\"inLanguage\":\"de\",\"potentialAction\":[{\"@type\":\"ReadAction\",\"target\":[\"https:\/\/exceladvisor.org\/de\/holen-sie-sich-den-namen-des-tages\/\"]}]},{\"@type\":\"ImageObject\",\"inLanguage\":\"de\",\"@id\":\"https:\/\/exceladvisor.org\/de\/holen-sie-sich-den-namen-des-tages\/#primaryimage\",\"url\":\"https:\/\/exceladvisor.org\/wp-content\/uploads\/2023\/08\/obtenir-le-nom-du-mois-a-partir-dune-date-avec-une-fonction-de-texte.png\",\"contentUrl\":\"https:\/\/exceladvisor.org\/wp-content\/uploads\/2023\/08\/obtenir-le-nom-du-mois-a-partir-dune-date-avec-une-fonction-de-texte.png\"},{\"@type\":\"BreadcrumbList\",\"@id\":\"https:\/\/exceladvisor.org\/de\/holen-sie-sich-den-namen-des-tages\/#breadcrumb\",\"itemListElement\":[{\"@type\":\"ListItem\",\"position\":1,\"name\":\"Accueil\",\"item\":\"https:\/\/exceladvisor.org\/de\/\"},{\"@type\":\"ListItem\",\"position\":2,\"name\":\"Wie erhalte ich einen tagesnamen aus einem datum in excel?\"}]},{\"@type\":\"WebSite\",\"@id\":\"https:\/\/exceladvisor.org\/de\/#website\",\"url\":\"https:\/\/exceladvisor.org\/de\/\",\"name\":\"Excel Advisor\",\"description\":\"Ihr Leitfaden zur Datendominanz\",\"publisher\":{\"@id\":\"https:\/\/exceladvisor.org\/de\/#organization\"},\"potentialAction\":[{\"@type\":\"SearchAction\",\"target\":{\"@type\":\"EntryPoint\",\"urlTemplate\":\"https:\/\/exceladvisor.org\/de\/?s={search_term_string}\"},\"query-input\":{\"@type\":\"PropertyValueSpecification\",\"valueRequired\":true,\"valueName\":\"search_term_string\"}}],\"inLanguage\":\"de\"},{\"@type\":\"Organization\",\"@id\":\"https:\/\/exceladvisor.org\/de\/#organization\",\"name\":\"Excel Advisor\",\"url\":\"https:\/\/exceladvisor.org\/de\/\",\"logo\":{\"@type\":\"ImageObject\",\"inLanguage\":\"de\",\"@id\":\"https:\/\/exceladvisor.org\/de\/#\/schema\/logo\/image\/\",\"url\":\"https:\/\/exceladvisor.org\/de\/wp-content\/uploads\/2023\/11\/exceladvisor.org_.png\",\"contentUrl\":\"https:\/\/exceladvisor.org\/de\/wp-content\/uploads\/2023\/11\/exceladvisor.org_.png\",\"width\":105,\"height\":36,\"caption\":\"Excel Advisor\"},\"image\":{\"@id\":\"https:\/\/exceladvisor.org\/de\/#\/schema\/logo\/image\/\"}}]}<\/script>\n<!-- \/ Yoast SEO plugin. -->","yoast_head_json":{"title":"Formel: Tagesnamen aus einem Datum in Excel abrufen?","description":"Angenommen, Sie haben ein Datum aus diesem Datum, f\u00fcr das Sie den Tagesnamen erhalten m\u00f6chten, z. B. Samstag, Sonntag.","robots":{"index":"index","follow":"follow","max-snippet":"max-snippet:-1","max-image-preview":"max-image-preview:large","max-video-preview":"max-video-preview:-1"},"canonical":"https:\/\/exceladvisor.org\/de\/holen-sie-sich-den-namen-des-tages\/","og_locale":"de_DE","og_type":"article","og_title":"Formel: Tagesnamen aus einem Datum in Excel abrufen?","og_description":"Angenommen, Sie haben ein Datum aus diesem Datum, f\u00fcr das Sie den Tagesnamen erhalten m\u00f6chten, z. B. Samstag, Sonntag.","og_url":"https:\/\/exceladvisor.org\/de\/holen-sie-sich-den-namen-des-tages\/","og_site_name":"Excel Advisor","article_modified_time":"2023-12-03T11:19:22+00:00","og_image":[{"url":"https:\/\/exceladvisor.org\/wp-content\/uploads\/2023\/08\/obtenir-le-nom-du-mois-a-partir-dune-date-avec-une-fonction-de-texte.png","type":"","width":"","height":""}],"twitter_card":"summary_large_image","twitter_misc":{"Gesch\u00e4tzte Lesezeit":"2\u00a0Minuten"},"schema":{"@context":"https:\/\/schema.org","@graph":[{"@type":"WebPage","@id":"https:\/\/exceladvisor.org\/de\/holen-sie-sich-den-namen-des-tages\/","url":"https:\/\/exceladvisor.org\/de\/holen-sie-sich-den-namen-des-tages\/","name":"Formel: Tagesnamen aus einem Datum in Excel abrufen?","isPartOf":{"@id":"https:\/\/exceladvisor.org\/de\/#website"},"primaryImageOfPage":{"@id":"https:\/\/exceladvisor.org\/de\/holen-sie-sich-den-namen-des-tages\/#primaryimage"},"image":{"@id":"https:\/\/exceladvisor.org\/de\/holen-sie-sich-den-namen-des-tages\/#primaryimage"},"thumbnailUrl":"https:\/\/exceladvisor.org\/wp-content\/uploads\/2023\/08\/obtenir-le-nom-du-mois-a-partir-dune-date-avec-une-fonction-de-texte.png","datePublished":"2023-11-14T15:17:07+00:00","dateModified":"2023-12-03T11:19:22+00:00","description":"Angenommen, Sie haben ein Datum aus diesem Datum, f\u00fcr das Sie den Tagesnamen erhalten m\u00f6chten, z. B. Samstag, Sonntag.","breadcrumb":{"@id":"https:\/\/exceladvisor.org\/de\/holen-sie-sich-den-namen-des-tages\/#breadcrumb"},"inLanguage":"de","potentialAction":[{"@type":"ReadAction","target":["https:\/\/exceladvisor.org\/de\/holen-sie-sich-den-namen-des-tages\/"]}]},{"@type":"ImageObject","inLanguage":"de","@id":"https:\/\/exceladvisor.org\/de\/holen-sie-sich-den-namen-des-tages\/#primaryimage","url":"https:\/\/exceladvisor.org\/wp-content\/uploads\/2023\/08\/obtenir-le-nom-du-mois-a-partir-dune-date-avec-une-fonction-de-texte.png","contentUrl":"https:\/\/exceladvisor.org\/wp-content\/uploads\/2023\/08\/obtenir-le-nom-du-mois-a-partir-dune-date-avec-une-fonction-de-texte.png"},{"@type":"BreadcrumbList","@id":"https:\/\/exceladvisor.org\/de\/holen-sie-sich-den-namen-des-tages\/#breadcrumb","itemListElement":[{"@type":"ListItem","position":1,"name":"Accueil","item":"https:\/\/exceladvisor.org\/de\/"},{"@type":"ListItem","position":2,"name":"Wie erhalte ich einen tagesnamen aus einem datum in excel?"}]},{"@type":"WebSite","@id":"https:\/\/exceladvisor.org\/de\/#website","url":"https:\/\/exceladvisor.org\/de\/","name":"Excel Advisor","description":"Ihr Leitfaden zur Datendominanz","publisher":{"@id":"https:\/\/exceladvisor.org\/de\/#organization"},"potentialAction":[{"@type":"SearchAction","target":{"@type":"EntryPoint","urlTemplate":"https:\/\/exceladvisor.org\/de\/?s={search_term_string}"},"query-input":{"@type":"PropertyValueSpecification","valueRequired":true,"valueName":"search_term_string"}}],"inLanguage":"de"},{"@type":"Organization","@id":"https:\/\/exceladvisor.org\/de\/#organization","name":"Excel Advisor","url":"https:\/\/exceladvisor.org\/de\/","logo":{"@type":"ImageObject","inLanguage":"de","@id":"https:\/\/exceladvisor.org\/de\/#\/schema\/logo\/image\/","url":"https:\/\/exceladvisor.org\/de\/wp-content\/uploads\/2023\/11\/exceladvisor.org_.png","contentUrl":"https:\/\/exceladvisor.org\/de\/wp-content\/uploads\/2023\/11\/exceladvisor.org_.png","width":105,"height":36,"caption":"Excel Advisor"},"image":{"@id":"https:\/\/exceladvisor.org\/de\/#\/schema\/logo\/image\/"}}]}},"yoast_meta":{"yoast_wpseo_title":"","yoast_wpseo_metadesc":"","yoast_wpseo_canonical":""},"_links":{"self":[{"href":"https:\/\/exceladvisor.org\/de\/wp-json\/wp\/v2\/pages\/3130","targetHints":{"allow":["GET"]}}],"collection":[{"href":"https:\/\/exceladvisor.org\/de\/wp-json\/wp\/v2\/pages"}],"about":[{"href":"https:\/\/exceladvisor.org\/de\/wp-json\/wp\/v2\/types\/page"}],"author":[{"embeddable":true,"href":"https:\/\/exceladvisor.org\/de\/wp-json\/wp\/v2\/users\/1"}],"replies":[{"embeddable":true,"href":"https:\/\/exceladvisor.org\/de\/wp-json\/wp\/v2\/comments?post=3130"}],"version-history":[{"count":1,"href":"https:\/\/exceladvisor.org\/de\/wp-json\/wp\/v2\/pages\/3130\/revisions"}],"predecessor-version":[{"id":3932,"href":"https:\/\/exceladvisor.org\/de\/wp-json\/wp\/v2\/pages\/3130\/revisions\/3932"}],"wp:attachment":[{"href":"https:\/\/exceladvisor.org\/de\/wp-json\/wp\/v2\/media?parent=3130"}],"curies":[{"name":"wp","href":"https:\/\/api.w.org\/{rel}","templated":true}]}}