{"id":3131,"date":"2023-11-14T15:02:28","date_gmt":"2023-11-14T15:02:28","guid":{"rendered":"https:\/\/exceladvisor.org\/de\/summe-der-werte-zwischen-zwei-daten\/"},"modified":"2023-12-03T11:21:30","modified_gmt":"2023-12-03T11:21:30","slug":"summe-der-werte-zwischen-zwei-daten","status":"publish","type":"page","link":"https:\/\/exceladvisor.org\/de\/summe-der-werte-zwischen-zwei-daten\/","title":{"rendered":"Wie f\u00fcge ich zwei datumstabellen hinzu?"},"content":{"rendered":"<div class=\"excel-vor-dem-inhalt\" id=\"excel-2585174319\"><script type=\"text\/javascript\">\r\n\tatOptions = {\r\n\t\t'key' : 'c1158f160081d6540a8409e6925dab94',\r\n\t\t'format' : 'iframe',\r\n\t\t'height' : 250,\r\n\t\t'width' : 300,\r\n\t\t'params' : {}\r\n\t};\r\n<\/script>\r\n<script type=\"text\/javascript\" src=\"\/\/www.highperformanceformat.com\/c1158f160081d6540a8409e6925dab94\/invoke.js\"><\/script><\/div> <p>Ja, Sie haben richtig geh\u00f6rt. SUMIFS ist die einfachste und beste Methode zum Addieren von Werten zwischen zwei Daten (d. h. Datumsbereich).<\/p><p> Lass mich dir etwas erz\u00e4hlen. Nehmen wir an, Sie arbeiten in einem Handelsunternehmen und Ihr Chef bittet Sie, den Gesamtumsatz der letzten 15 Tage zu erfahren.<\/p><p> In diesem Fall m\u00fcssen Sie die Umsatzmenge vom aktuellen Datum bis 15 Tage davor, also zwischen zwei Datumsangaben, addieren. Lassen Sie mich Ihnen sagen, wie. Hier haben Sie einen Bereich von zwei Datumsangaben, der insgesamt 15 Tage umfasst, und Sie m\u00fcssen die Werte f\u00fcr jeden dieser Tage addieren.<\/p><p> Und mit SUMIFS k\u00f6nnen Sie diese beiden Daten als Kriterien hinzuf\u00fcgen, und es funktioniert wie ein Bereich und summiert alle Werte zwischen diesem Bereich.<\/p><p class=\"qt-tip\"> <strong>Kurze Einf\u00fchrung:<\/strong> SUMIFS kann Ihnen dabei helfen, Werte hinzuzuf\u00fcgen, indem mehrere Kriterien angegeben werden. Kurz gesagt: Es werden nur Zellen zusammengefasst, bei denen alle Bedingungen erf\u00fcllt sind.<\/p><pre class=\"wp-block-code\"> <code class=\"language-excel-formula\" lang=\"excel-formula\">=SUMIFS(sum_range,range1,criteria1,[range2],[criteria2],\u2026)<\/code><\/pre><p> In der obigen Syntax m\u00fcssen Sie sich zuerst auf den Bereich beziehen, aus dem Sie die Werte summieren m\u00f6chten, dann auf den Bereich, um die Kriterien zu \u00fcberpr\u00fcfen, und dann auf dieses Kriterium, um die Kriterien zu \u00fcberpr\u00fcfen, und so weiter.<\/p><h2 class=\"wp-block-heading\"> Formel zum Addieren von Werten zwischen zwei Datumsangaben in Excel<\/h2><p> Hier haben Sie Verkaufsdaten f\u00fcr den Monat Januar und m\u00fcssen die Werte zwischen dem 15. Januar 2017 und dem 25. Januar 2017 addieren. <\/p><div class=\"gb-container gb-container-52dfcee1 gb-container-sample-file\"><h2 class=\"gb-headline gb-headline-e289c143 gb-headline-text gb-headline-4f7959c2\"> Holen Sie sich die Excel-Datei<\/h2> <a class=\"gb-button gb-button-e88d6bee gb-button-text gb-button-button1\" href=\"https:\/\/exceladvisor.org\/wp-content\/uploads\/2023\/08\/somme-des-valeurs-entre-deux-donnees-de-dates.xlsx\" rel=\"nofollow\">Herunterladen<\/a> <\/div><div class=\"wp-block-image\"><figure class=\"aligncenter\"><img decoding=\"async\" src=\"https:\/\/exceladvisor.org\/wp-content\/uploads\/2023\/08\/donnees-pour-additionner-les-valeurs-entre-deux-dates-min-1.png\" sizes=\"\" srcset=\"\" alt=\"Daten zum Addieren von Werten zwischen zwei Daten mithilfe von SUMIFS\"><\/figure><\/div><p> F\u00fcgen Sie in Zelle D2 die folgende Formel ein und dr\u00fccken Sie die Eingabetaste:<\/p><pre class=\"wp-block-code\"> <code class=\"language-excel-formula\" lang=\"excel-formula\">=SUMIFS(B2:B31,A2:A31,\"&gt;=15-Jan-2017\",A2:A31,\"&lt;=25-Jan-2017\")<\/code><\/pre><p> Wenn Sie die Eingabetaste dr\u00fccken, gibt diese Funktion 15.682 $ in der Zelle zur\u00fcck, was der Summe des Betrags zwischen dem 15. Januar 2017 und dem 25. Januar 2017 entspricht. Und hier in dieser Berechnung haben Sie auch das Start- und Enddatum einbezogen. <\/p><div class=\"wp-block-image\"><figure class=\"aligncenter\"><img decoding=\"async\" src=\"https:\/\/exceladvisor.org\/wp-content\/uploads\/2023\/08\/formule-pour-additionner-les-valeurs-entre-deux-dates-min-1.png\" sizes=\"\" srcset=\"\" alt=\"Formel zum Addieren von Werten zwischen zwei Daten\"><\/figure><\/div><p> Um diese Berechnung zu \u00fcberpr\u00fcfen, w\u00e4hlen Sie einfach die Betragszellen vom 15. Januar 2017 bis 25. Januar 2017 aus und \u00fcberpr\u00fcfen Sie die Statusleiste auf die Summe dieser Werte. Sie k\u00f6nnen die Werte auch filtern, um sie zu \u00fcberpr\u00fcfen. <\/p><div class=\"wp-block-image\"><figure class=\"aligncenter\"><img decoding=\"async\" src=\"https:\/\/exceladvisor.org\/wp-content\/uploads\/2023\/08\/verifier-la-somme-de-la-barre-detat-pour-verifier-que-la-somme-des-valeurs-entre-les-dates-min-1.png\" sizes=\"\" srcset=\"\" alt=\"\u00dcberpr\u00fcfen Sie die Summe der Statusleiste, um zu \u00fcberpr\u00fcfen, ob die Summe der Werte zwischen Datumsangaben vorliegt\"><\/figure><\/div><h3 class=\"wp-block-heading\"> So funktioniert das.<\/h3><p> In dieser Formel haben wir logische Operatoren mit SUMIFS verwendet, die es uns erm\u00f6glichen, bei der Berechnung der Summe eine Bedingung hinzuzuf\u00fcgen. Lassen Sie uns die Formel aufschl\u00fcsseln, um sie zu verstehen. <\/p><div class=\"wp-block-image\"><figure class=\"aligncenter\"><img decoding=\"async\" src=\"https:\/\/exceladvisor.org\/wp-content\/uploads\/2023\/08\/comment-cette-formule-fonctionne-pour-additionner-les-valeurs-entre-deux-dates-min-1.png\" sizes=\"\" srcset=\"\" alt=\"wie diese Formel funktioniert, um die Werte zwischen zwei Daten zu addieren\"><\/figure><\/div><ul><li> Zuerst haben wir den Bereich B2:B31 als sum_range verwendet, wo wir den Betrag haben.<\/li><li> <span style=\"color: #000000;\">Danach<\/span> haben wir A2:A31 als ersten Kriterienbereich und \u201e&gt;=15.01.2017\u201c als erstes Kriterium bezeichnet.<\/li><li> Dann haben wir erneut auf A2:A31 verwiesen, dieses Mal jedoch als zweiten Kriterienbereich und \u201e&lt;=25.01.2017\u201c als zweites Kriterium.<\/li><\/ul><p> Diese beiden Kriterien weisen die Funktion daher an, die Werte zu addieren, die gleich oder gr\u00f6\u00dfer als der 15. Januar 2017 und gleich oder kleiner als der 25. Januar 2017 sind.<\/p><p> <strong><span style=\"color: #000000;\">An diesem Punkt<\/span><\/strong> haben wir also zwei verschiedene Kriterien, eines f\u00fcr die Untergrenze und eines f\u00fcr die Obergrenze, wodurch ein Datumsbereich erstellt wird. Und die Funktion summiert nur die Werte innerhalb dieses Bereichs.<\/p><h2 class=\"wp-block-heading\"> Summe der Werte zwischen einem <span style=\"color: #ea493f;\">dynamischen<\/span> Datumsbereich<\/h2><p> Es kann vorkommen, dass Sie kontinuierlich Werte zwischen zwei Daten hinzuf\u00fcgen m\u00fcssen. Nehmen wir an, Sie m\u00fcssen die Werte der letzten 7 Tage summieren und es muss dynamisch sein, sodass Sie jeden Tag die Summe der letzten 7 Tage erhalten. Die Formeln lauten also:<\/p><pre class=\"wp-block-code\"> <code class=\"language-excel-formula\" lang=\"excel-formula\">=SUMIFS(B2:B31,A2:A31,\"&lt;=\"&amp;TODAY(),A2:A31,\"&gt;=\"&amp;(TODAY()-6))<\/code><\/pre><h3 class=\"wp-block-heading\"> So funktioniert es<\/h3><p> In der obigen Formel haben wir die Funktion HEUTE verwendet, um das aktuelle dynamische Datum abzurufen, das sich automatisch \u00e4ndert. Das erste Kriterium weist die Funktion an, nur Werte hinzuzuf\u00fcgen, die gleich oder kleiner als das heutige Datum sind.<\/p><p> Und das <span style=\"color: #000000;\">zweite<\/span> Kriterium weist die Funktion an, nur Werte hinzuzuf\u00fcgen, die gleich oder kleiner als das Datum sind, das 6 Tage vor dem heutigen Tag liegt.<\/p><p> <span style=\"color: #000000;\"><strong>Nun<\/strong><\/span> wird der Bereich von zwei Datumsangaben ungef\u00e4hr so aussehen, <strong>von heute bis sechs Tage zur\u00fcck<\/strong> , was bedeutet, dass Sie insgesamt sieben Tage haben. Und die Funktion summiert nur die Werte innerhalb dieses Bereichs. <\/p><div class=\"gb-container gb-container-9b8f593d gb-container-sample-file\"><h2 class=\"gb-headline gb-headline-e7dd4817 gb-headline-text gb-headline-4f7959c2\"> Holen Sie sich die Excel-Datei<\/h2> <a class=\"gb-button gb-button-e0766fef gb-button-text gb-button-button1\" href=\"https:\/\/exceladvisor.org\/wp-content\/uploads\/2023\/08\/somme-des-valeurs-entre-deux-dates-2.xlsx\" rel=\"nofollow\">Herunterladen<\/a><\/div><div class=\"gb-container gb-container-0df56012 gb-container-mt\"> <a class=\"gb-button gb-button-f9f432f4 gb-button-text gb-button-mt-button\" href=\"https:\/\/exceladvisor.org\/de\/formeln\/\">Liste der Excel-Formeln<\/a><h2 class=\"gb-headline gb-headline-233444e8 gb-headline-text gb-headline-mt-heading\"> Verwandte Formeln <\/h2><div class=\"gb-grid-wrapper gb-grid-wrapper-a16fa65c gb-grid-wrapper-mt-grid\"><div class=\"gb-grid-column gb-grid-column-50d07e0d\"><div class=\"gb-container gb-container-50d07e0d\"><ul><li> <a href=\"https:\/\/exceladvisor.org\/de\/summe-wenn-grosser-als\/\">Summe gr\u00f6\u00dfer als Werte mit SUMIF<\/a><\/li><li> <a href=\"https:\/\/exceladvisor.org\/de\/summen-nicht-gleich\/\">Summe ungleicher Werte (SUMIFS) in Excel<\/a><\/li><li> <a href=\"https:\/\/exceladvisor.org\/de\/sumif-sumifs-oder-logik\/\">SUMIF\/SUMIFS mit ODER-Logik in Excel<\/a><\/li><li> <a href=\"https:\/\/exceladvisor.org\/de\/sumif-mit-platzhaltern\/\">SUMIF mit Platzhaltern in Excel<\/a><\/li><li> <a href=\"https:\/\/exceladvisor.org\/de\/sumif-suche\/\">Kombinieren Sie VLOOKUP mit SUMIF<\/a> <\/li><\/ul><\/div><\/div><div class=\"gb-grid-column gb-grid-column-5b4a0cf9\"><div class=\"gb-container gb-container-5b4a0cf9\"><\/div><\/div><\/div><\/div>","protected":false},"excerpt":{"rendered":"","protected":false},"author":1,"featured_media":0,"parent":0,"menu_order":0,"comment_status":"open","ping_status":"closed","template":"","meta":{"ub_ctt_via":"","footnotes":""},"class_list":["post-3131","page","type-page","status-publish","hentry"],"featured_image_src":null,"yoast_head":"<!-- This site is optimized with the Yoast SEO plugin v25.4 - https:\/\/yoast.com\/wordpress\/plugins\/seo\/ -->\n<title>SUMIFS: Summe der Werte zwischen zwei Datumstabellen<\/title>\n<meta name=\"description\" content=\"SUMIFS ist die beste M\u00f6glichkeit, Werte hinzuzuf\u00fcgen, wenn sie zwischen zwei Datumsangaben liegen. Sie m\u00fcssen lediglich das niedrigere Datum angeben\" \/>\n<meta name=\"robots\" content=\"index, follow, max-snippet:-1, max-image-preview:large, max-video-preview:-1\" \/>\n<link rel=\"canonical\" href=\"https:\/\/exceladvisor.org\/de\/summe-der-werte-zwischen-zwei-daten\/\" \/>\n<meta property=\"og:locale\" content=\"de_DE\" \/>\n<meta property=\"og:type\" content=\"article\" \/>\n<meta property=\"og:title\" content=\"SUMIFS: Summe der Werte zwischen zwei Datumstabellen\" \/>\n<meta property=\"og:description\" content=\"SUMIFS ist die beste M\u00f6glichkeit, Werte hinzuzuf\u00fcgen, wenn sie zwischen zwei Datumsangaben liegen. Sie m\u00fcssen lediglich das niedrigere Datum angeben\" \/>\n<meta property=\"og:url\" content=\"https:\/\/exceladvisor.org\/de\/summe-der-werte-zwischen-zwei-daten\/\" \/>\n<meta property=\"og:site_name\" content=\"Excel Advisor\" \/>\n<meta property=\"article:modified_time\" content=\"2023-12-03T11:21:30+00:00\" \/>\n<meta property=\"og:image\" content=\"https:\/\/exceladvisor.org\/wp-content\/uploads\/2023\/08\/donnees-pour-additionner-les-valeurs-entre-deux-dates-min-1.png\" \/>\n<meta name=\"twitter:card\" content=\"summary_large_image\" \/>\n<meta name=\"twitter:label1\" content=\"Gesch\u00e4tzte Lesezeit\" \/>\n\t<meta name=\"twitter:data1\" content=\"4\u00a0Minuten\" \/>\n<script type=\"application\/ld+json\" class=\"yoast-schema-graph\">{\"@context\":\"https:\/\/schema.org\",\"@graph\":[{\"@type\":\"WebPage\",\"@id\":\"https:\/\/exceladvisor.org\/de\/summe-der-werte-zwischen-zwei-daten\/\",\"url\":\"https:\/\/exceladvisor.org\/de\/summe-der-werte-zwischen-zwei-daten\/\",\"name\":\"SUMIFS: Summe der Werte zwischen zwei Datumstabellen\",\"isPartOf\":{\"@id\":\"https:\/\/exceladvisor.org\/de\/#website\"},\"primaryImageOfPage\":{\"@id\":\"https:\/\/exceladvisor.org\/de\/summe-der-werte-zwischen-zwei-daten\/#primaryimage\"},\"image\":{\"@id\":\"https:\/\/exceladvisor.org\/de\/summe-der-werte-zwischen-zwei-daten\/#primaryimage\"},\"thumbnailUrl\":\"https:\/\/exceladvisor.org\/wp-content\/uploads\/2023\/08\/donnees-pour-additionner-les-valeurs-entre-deux-dates-min-1.png\",\"datePublished\":\"2023-11-14T15:02:28+00:00\",\"dateModified\":\"2023-12-03T11:21:30+00:00\",\"description\":\"SUMIFS ist die beste M\u00f6glichkeit, Werte hinzuzuf\u00fcgen, wenn sie zwischen zwei Datumsangaben liegen. Sie m\u00fcssen lediglich das niedrigere Datum angeben\",\"breadcrumb\":{\"@id\":\"https:\/\/exceladvisor.org\/de\/summe-der-werte-zwischen-zwei-daten\/#breadcrumb\"},\"inLanguage\":\"de\",\"potentialAction\":[{\"@type\":\"ReadAction\",\"target\":[\"https:\/\/exceladvisor.org\/de\/summe-der-werte-zwischen-zwei-daten\/\"]}]},{\"@type\":\"ImageObject\",\"inLanguage\":\"de\",\"@id\":\"https:\/\/exceladvisor.org\/de\/summe-der-werte-zwischen-zwei-daten\/#primaryimage\",\"url\":\"https:\/\/exceladvisor.org\/wp-content\/uploads\/2023\/08\/donnees-pour-additionner-les-valeurs-entre-deux-dates-min-1.png\",\"contentUrl\":\"https:\/\/exceladvisor.org\/wp-content\/uploads\/2023\/08\/donnees-pour-additionner-les-valeurs-entre-deux-dates-min-1.png\"},{\"@type\":\"BreadcrumbList\",\"@id\":\"https:\/\/exceladvisor.org\/de\/summe-der-werte-zwischen-zwei-daten\/#breadcrumb\",\"itemListElement\":[{\"@type\":\"ListItem\",\"position\":1,\"name\":\"Accueil\",\"item\":\"https:\/\/exceladvisor.org\/de\/\"},{\"@type\":\"ListItem\",\"position\":2,\"name\":\"Wie f\u00fcge ich zwei datumstabellen hinzu?\"}]},{\"@type\":\"WebSite\",\"@id\":\"https:\/\/exceladvisor.org\/de\/#website\",\"url\":\"https:\/\/exceladvisor.org\/de\/\",\"name\":\"Excel Advisor\",\"description\":\"Ihr Leitfaden zur Datendominanz\",\"publisher\":{\"@id\":\"https:\/\/exceladvisor.org\/de\/#organization\"},\"potentialAction\":[{\"@type\":\"SearchAction\",\"target\":{\"@type\":\"EntryPoint\",\"urlTemplate\":\"https:\/\/exceladvisor.org\/de\/?s={search_term_string}\"},\"query-input\":{\"@type\":\"PropertyValueSpecification\",\"valueRequired\":true,\"valueName\":\"search_term_string\"}}],\"inLanguage\":\"de\"},{\"@type\":\"Organization\",\"@id\":\"https:\/\/exceladvisor.org\/de\/#organization\",\"name\":\"Excel Advisor\",\"url\":\"https:\/\/exceladvisor.org\/de\/\",\"logo\":{\"@type\":\"ImageObject\",\"inLanguage\":\"de\",\"@id\":\"https:\/\/exceladvisor.org\/de\/#\/schema\/logo\/image\/\",\"url\":\"https:\/\/exceladvisor.org\/de\/wp-content\/uploads\/2023\/11\/exceladvisor.org_.png\",\"contentUrl\":\"https:\/\/exceladvisor.org\/de\/wp-content\/uploads\/2023\/11\/exceladvisor.org_.png\",\"width\":105,\"height\":36,\"caption\":\"Excel Advisor\"},\"image\":{\"@id\":\"https:\/\/exceladvisor.org\/de\/#\/schema\/logo\/image\/\"}}]}<\/script>\n<!-- \/ Yoast SEO plugin. -->","yoast_head_json":{"title":"SUMIFS: Summe der Werte zwischen zwei Datumstabellen","description":"SUMIFS ist die beste M\u00f6glichkeit, Werte hinzuzuf\u00fcgen, wenn sie zwischen zwei Datumsangaben liegen. Sie m\u00fcssen lediglich das niedrigere Datum angeben","robots":{"index":"index","follow":"follow","max-snippet":"max-snippet:-1","max-image-preview":"max-image-preview:large","max-video-preview":"max-video-preview:-1"},"canonical":"https:\/\/exceladvisor.org\/de\/summe-der-werte-zwischen-zwei-daten\/","og_locale":"de_DE","og_type":"article","og_title":"SUMIFS: Summe der Werte zwischen zwei Datumstabellen","og_description":"SUMIFS ist die beste M\u00f6glichkeit, Werte hinzuzuf\u00fcgen, wenn sie zwischen zwei Datumsangaben liegen. Sie m\u00fcssen lediglich das niedrigere Datum angeben","og_url":"https:\/\/exceladvisor.org\/de\/summe-der-werte-zwischen-zwei-daten\/","og_site_name":"Excel Advisor","article_modified_time":"2023-12-03T11:21:30+00:00","og_image":[{"url":"https:\/\/exceladvisor.org\/wp-content\/uploads\/2023\/08\/donnees-pour-additionner-les-valeurs-entre-deux-dates-min-1.png","type":"","width":"","height":""}],"twitter_card":"summary_large_image","twitter_misc":{"Gesch\u00e4tzte Lesezeit":"4\u00a0Minuten"},"schema":{"@context":"https:\/\/schema.org","@graph":[{"@type":"WebPage","@id":"https:\/\/exceladvisor.org\/de\/summe-der-werte-zwischen-zwei-daten\/","url":"https:\/\/exceladvisor.org\/de\/summe-der-werte-zwischen-zwei-daten\/","name":"SUMIFS: Summe der Werte zwischen zwei Datumstabellen","isPartOf":{"@id":"https:\/\/exceladvisor.org\/de\/#website"},"primaryImageOfPage":{"@id":"https:\/\/exceladvisor.org\/de\/summe-der-werte-zwischen-zwei-daten\/#primaryimage"},"image":{"@id":"https:\/\/exceladvisor.org\/de\/summe-der-werte-zwischen-zwei-daten\/#primaryimage"},"thumbnailUrl":"https:\/\/exceladvisor.org\/wp-content\/uploads\/2023\/08\/donnees-pour-additionner-les-valeurs-entre-deux-dates-min-1.png","datePublished":"2023-11-14T15:02:28+00:00","dateModified":"2023-12-03T11:21:30+00:00","description":"SUMIFS ist die beste M\u00f6glichkeit, Werte hinzuzuf\u00fcgen, wenn sie zwischen zwei Datumsangaben liegen. Sie m\u00fcssen lediglich das niedrigere Datum angeben","breadcrumb":{"@id":"https:\/\/exceladvisor.org\/de\/summe-der-werte-zwischen-zwei-daten\/#breadcrumb"},"inLanguage":"de","potentialAction":[{"@type":"ReadAction","target":["https:\/\/exceladvisor.org\/de\/summe-der-werte-zwischen-zwei-daten\/"]}]},{"@type":"ImageObject","inLanguage":"de","@id":"https:\/\/exceladvisor.org\/de\/summe-der-werte-zwischen-zwei-daten\/#primaryimage","url":"https:\/\/exceladvisor.org\/wp-content\/uploads\/2023\/08\/donnees-pour-additionner-les-valeurs-entre-deux-dates-min-1.png","contentUrl":"https:\/\/exceladvisor.org\/wp-content\/uploads\/2023\/08\/donnees-pour-additionner-les-valeurs-entre-deux-dates-min-1.png"},{"@type":"BreadcrumbList","@id":"https:\/\/exceladvisor.org\/de\/summe-der-werte-zwischen-zwei-daten\/#breadcrumb","itemListElement":[{"@type":"ListItem","position":1,"name":"Accueil","item":"https:\/\/exceladvisor.org\/de\/"},{"@type":"ListItem","position":2,"name":"Wie f\u00fcge ich zwei datumstabellen hinzu?"}]},{"@type":"WebSite","@id":"https:\/\/exceladvisor.org\/de\/#website","url":"https:\/\/exceladvisor.org\/de\/","name":"Excel Advisor","description":"Ihr Leitfaden zur Datendominanz","publisher":{"@id":"https:\/\/exceladvisor.org\/de\/#organization"},"potentialAction":[{"@type":"SearchAction","target":{"@type":"EntryPoint","urlTemplate":"https:\/\/exceladvisor.org\/de\/?s={search_term_string}"},"query-input":{"@type":"PropertyValueSpecification","valueRequired":true,"valueName":"search_term_string"}}],"inLanguage":"de"},{"@type":"Organization","@id":"https:\/\/exceladvisor.org\/de\/#organization","name":"Excel Advisor","url":"https:\/\/exceladvisor.org\/de\/","logo":{"@type":"ImageObject","inLanguage":"de","@id":"https:\/\/exceladvisor.org\/de\/#\/schema\/logo\/image\/","url":"https:\/\/exceladvisor.org\/de\/wp-content\/uploads\/2023\/11\/exceladvisor.org_.png","contentUrl":"https:\/\/exceladvisor.org\/de\/wp-content\/uploads\/2023\/11\/exceladvisor.org_.png","width":105,"height":36,"caption":"Excel Advisor"},"image":{"@id":"https:\/\/exceladvisor.org\/de\/#\/schema\/logo\/image\/"}}]}},"yoast_meta":{"yoast_wpseo_title":"","yoast_wpseo_metadesc":"","yoast_wpseo_canonical":""},"_links":{"self":[{"href":"https:\/\/exceladvisor.org\/de\/wp-json\/wp\/v2\/pages\/3131","targetHints":{"allow":["GET"]}}],"collection":[{"href":"https:\/\/exceladvisor.org\/de\/wp-json\/wp\/v2\/pages"}],"about":[{"href":"https:\/\/exceladvisor.org\/de\/wp-json\/wp\/v2\/types\/page"}],"author":[{"embeddable":true,"href":"https:\/\/exceladvisor.org\/de\/wp-json\/wp\/v2\/users\/1"}],"replies":[{"embeddable":true,"href":"https:\/\/exceladvisor.org\/de\/wp-json\/wp\/v2\/comments?post=3131"}],"version-history":[{"count":1,"href":"https:\/\/exceladvisor.org\/de\/wp-json\/wp\/v2\/pages\/3131\/revisions"}],"predecessor-version":[{"id":4068,"href":"https:\/\/exceladvisor.org\/de\/wp-json\/wp\/v2\/pages\/3131\/revisions\/4068"}],"wp:attachment":[{"href":"https:\/\/exceladvisor.org\/de\/wp-json\/wp\/v2\/media?parent=3131"}],"curies":[{"name":"wp","href":"https:\/\/api.w.org\/{rel}","templated":true}]}}