{"id":3132,"date":"2023-11-14T14:51:46","date_gmt":"2023-11-14T14:51:46","guid":{"rendered":"https:\/\/exceladvisor.org\/de\/leerzeilen-entfernen\/"},"modified":"2023-12-03T13:04:19","modified_gmt":"2023-12-03T13:04:19","slug":"leerzeilen-entfernen","status":"publish","type":"page","link":"https:\/\/exceladvisor.org\/de\/leerzeilen-entfernen\/","title":{"rendered":"Wie l\u00f6sche ich leerzeilen in excel?"},"content":{"rendered":"<div class=\"excel-vor-dem-inhalt\" id=\"excel-1381261344\"><script type=\"text\/javascript\">\r\n\tatOptions = {\r\n\t\t'key' : 'c1158f160081d6540a8409e6925dab94',\r\n\t\t'format' : 'iframe',\r\n\t\t'height' : 250,\r\n\t\t'width' : 300,\r\n\t\t'params' : {}\r\n\t};\r\n<\/script>\r\n<script type=\"text\/javascript\" src=\"\/\/www.highperformanceformat.com\/c1158f160081d6540a8409e6925dab94\/invoke.js\"><\/script><\/div> <p>In einem Excel-Arbeitsblatt kann der Datensatz leere Zeilen enthalten, die das Navigieren in den Daten erschweren k\u00f6nnen, und Excel verwendet leere Zellen und Zeilen, um Bereiche zu bestimmen, sodass auch die Formeln unterbrochen werden k\u00f6nnen.<\/p><p> Benutzer k\u00f6nnen diese Leerzeilen jedoch schnell l\u00f6schen, da Excel mehrere M\u00f6glichkeiten zum L\u00f6schen von Leerzeilen bietet. Nachfolgend finden Sie schnelle und einfache Schritte zum Entfernen leerer Zeilen in Excel.<\/p><h2 class=\"wp-block-heading\"> Entfernen Sie Leerzeilen mithilfe der Filteroption<\/h2><p> Die Filteroption zum Entfernen leerer Zeilen ist eine der einfachsten M\u00f6glichkeiten, leere Zeilen aus Ihrem Datensatz zu entfernen bzw. zu entfernen.<\/p><ol><li> W\u00e4hlen Sie zun\u00e4chst den gesamten Datenbereich einschlie\u00dflich leerer Zeilen aus, gehen Sie dann zur Registerkarte \u201eDaten\u201c und klicken Sie unter der Gruppe \u201eSortieren und Filtern\u201c auf das Symbol \u201eFilter\u201c.<\/li><li> Oder w\u00e4hlen Sie den gesamten Datenbereich, einschlie\u00dflich leerer Zeilen, aus und dr\u00fccken Sie dann die Tastenkombination \u201eStrg+Umschalt+L\u201c, um den Filter anzuwenden. <br><img loading=\"lazy\" decoding=\"async\" title=\"1-w\u00e4hlen-Sie-den-Bereich-einschlie\u00dflich-leerer-Zeilen aus\" src=\"https:\/\/exceladvisor.org\/wp-content\/uploads\/2023\/08\/1-selectionnez-la-plage-comprenant-des-lignes-vides.png\" sizes=\"auto, \" srcset=\"\" alt=\"select-the-range-including-blank-rows\" width=\"540\" height=\"413\"><\/li><li> Sobald Sie einen der oben genannten Schritte ausgef\u00fchrt haben, werden die Filter zu den Datenbereichs\u00fcberschriften hinzugef\u00fcgt.<\/li><li> Klicken Sie nun auf eine der angewendeten Filterschaltfl\u00e4chen, deaktivieren Sie dann die Option \u201eAlle ausw\u00e4hlen\u201c im Filter-Dropdown-Men\u00fc, um alle vorab ausgew\u00e4hlten Optionen abzuw\u00e4hlen, aktivieren Sie dann nur die Option \u201eLeer\u201c und klicken Sie dann auf OK. <br><img loading=\"lazy\" decoding=\"async\" title=\"2-Klick-auf-den-Filter-Button\" src=\"https:\/\/exceladvisor.org\/wp-content\/uploads\/2023\/08\/2-cliquez-sur-le-bouton-filtre.png\" sizes=\"auto, \" srcset=\"\" alt=\"click-the-filter-button\" width=\"384\" height=\"483\"><\/li><li> An diesem Punkt werden die leeren Zeilen herausgefiltert und Sie m\u00fcssen sie nur alle ausw\u00e4hlen und mit der rechten Maustaste klicken und \u201eZeile l\u00f6schen\u201c ausw\u00e4hlen oder \u201eStrg + (-)\u201c dr\u00fccken und Ihre leeren Zeilen werden gel\u00f6scht. <br><img loading=\"lazy\" decoding=\"async\" title=\"3 Leerzeilen gefiltert\" src=\"https:\/\/exceladvisor.org\/wp-content\/uploads\/2023\/08\/3-lignes-vierges-filtrees.png\" sizes=\"auto, \" srcset=\"\" alt=\"filtered-blank-rows\" width=\"333\" height=\"343\"><\/li><li> Klicken Sie am Ende erneut auf die Schaltfl\u00e4che \u201eAngewandter Filter\u201c und aktivieren Sie \u201eAlle ausw\u00e4hlen\u201c oder dr\u00fccken Sie einfach die Tasten \u201eStrg+Umschalt+L\u201c, um den Filter abzuw\u00e4hlen, und Sie erhalten Ihre sortierten Daten. <br><img loading=\"lazy\" decoding=\"async\" title=\"4-Check-Alle-Auswahl-Option\" src=\"https:\/\/exceladvisor.org\/wp-content\/uploads\/2023\/08\/4-coche-selectionner-toutes-les-options.png\" sizes=\"auto, \" srcset=\"\" alt=\"checkmark-select-all-option\" width=\"405\" height=\"443\"><\/li><\/ol><p> Wenn Sie eine Zeile l\u00f6schen, l\u00f6scht Excel die gesamte Zeile aus dem Arbeitsblatt. Auch wenn Sie nur Daten in den Spalten A bis D haben, l\u00f6scht Excel die gesamte Zeile aus Spalte A am Ende der Spalten in der Blattberechnung und Sie k\u00f6nnen verlieren der Wert in den Zellen dieser Zeile au\u00dferhalb Ihres Datensatzes.<\/p><p class=\"formula\"> Es wird daher empfohlen, Ihren Datensatz mit den Tasten \u201eStrg + T\u201c in das Tabellenformat zu konvertieren, da Excel im Tabellenformat nur die Zeilen Ihrer ausgew\u00e4hlten Tabellendaten l\u00f6scht.<\/p><h2 class=\"wp-block-heading\"> Entfernen Sie leere Zeilen mithilfe der Sortieroption<\/h2><ul><li> W\u00e4hlen Sie zun\u00e4chst den gesamten Datenbereich, einschlie\u00dflich leerer Zeilen, aus und wechseln Sie zur Registerkarte \u201eDaten\u201c.<\/li><li> Klicken Sie anschlie\u00dfend auf das Symbol \u201eSortieren\u201c unter der Gruppe \u201eSortieren und Filtern\u201c und ein Dialogfeld \u201eSortieren\u201c wird ge\u00f6ffnet.<\/li><li> W\u00e4hlen Sie nun die Datensortierungsauswahl aus und klicken Sie auf OK. <em>(In diesem Beispiel haben wir die Sortierung der Daten nach \u201eMonat\u201c ausgew\u00e4hlt.) <br><img loading=\"lazy\" decoding=\"async\" title=\"5 leere Zeilen mit Sortieroption\" src=\"https:\/\/exceladvisor.org\/wp-content\/uploads\/2023\/08\/5-lignes-vides-en-utilisant-loption-de-tri.png\" sizes=\"auto, \" srcset=\"\" alt=\"blank-rows-using-sort-option\" width=\"698\" height=\"369\"><\/em><\/li><li> An diesem Punkt werden Ihre Daten sortiert, wobei leere Zeilen an das Ende des Datensatzes verschoben werden. <br><img loading=\"lazy\" decoding=\"async\" title=\"6-sortierte-Daten-ohne-Leerzeilen\" src=\"https:\/\/exceladvisor.org\/wp-content\/uploads\/2023\/08\/6-donnees-triees-sans-lignes-vides.png\" sizes=\"auto, \" srcset=\"\" alt=\"sorted-data-without-blank-rows\" width=\"356\" height=\"441\"><\/li><\/ul><h2 class=\"wp-block-heading\"> Leere Zeilen manuell l\u00f6schen<\/h2><p> Das manuelle Entfernen leerer Zeilen ist eine gute Option, wenn Sie \u00fcber einen kleinen Datensatz mit einigen leeren Zeilen verf\u00fcgen und diese leeren Zeilen auf dem Bildschirm leicht identifizieren k\u00f6nnen.<\/p><ul><li> W\u00e4hlen Sie die leeren Zeilen nacheinander aus, klicken Sie mit der rechten Maustaste und w\u00e4hlen Sie L\u00f6schen, um die ausgew\u00e4hlte leere Zeile zu l\u00f6schen.<\/li><li> Oder w\u00e4hlen Sie alle leeren Zeilen gleichzeitig aus, klicken Sie dann mit der rechten Maustaste und w\u00e4hlen Sie L\u00f6schen, um alle ausgew\u00e4hlten leeren Zeilen auf einmal zu l\u00f6schen. <\/li><\/ul><div class=\"wp-block-image\"><figure class=\"aligncenter size-full is-resized\"><img loading=\"lazy\" decoding=\"async\" class=\"wp-image-66755\" src=\"https:\/\/exceladvisor.org\/wp-content\/uploads\/2023\/08\/7-supprimer-manuellement-les-lignes-vides.png\" sizes=\"auto, \" srcset=\"\" alt=\"Leere Zeilen manuell l\u00f6schen\" width=\"360\" height=\"429\"><\/figure><\/div><p> Sie k\u00f6nnen die <kbd>Tastenkombination<\/kbd> <kbd>Umschalt<\/kbd> + Leertaste verwenden, um die Zeile auszuw\u00e4hlen, und dann die Tasten <kbd>Strg<\/kbd> + <kbd>-<\/kbd> verwenden, um die ausgew\u00e4hlte Zeile zu l\u00f6schen.<\/p><h2 class=\"wp-block-heading\"> Entfernen Sie Leerzeilen mit \u201eGehe zu Spezial\u201c.<\/h2><ul><li> W\u00e4hlen Sie zun\u00e4chst den gesamten Datenbereich aus, gehen Sie zur Registerkarte \u201eStartseite\u201c und klicken Sie dann auf das Symbol \u201eSuchen und Ausw\u00e4hlen\u201c.<\/li><li> Klicken Sie anschlie\u00dfend in der Dropdown-Liste auf die Option \u201eGehe zu Spezial\u201c. <br><img loading=\"lazy\" decoding=\"async\" title=\"8-Gehe-zu-Spezialoption\" src=\"https:\/\/exceladvisor.org\/wp-content\/uploads\/2023\/08\/8-aller-a-loption-speciale.png\" sizes=\"auto, \" srcset=\"\" alt=\"go-to-special-option\" width=\"531\" height=\"402\"><\/li><li> Nachdem Sie auf \u201eGehe zu Spezial\u201c geklickt haben, wird das Dialogfeld \u201eGehe zu Spezial\u201c ge\u00f6ffnet.<\/li><li> W\u00e4hlen Sie nun das Optionsfeld \u201eLeerzeichen\u201c aus und klicken Sie auf \u201eOK\u201c. Sie erhalten dann die ausgew\u00e4hlten leeren Zeilen. <br><img loading=\"lazy\" decoding=\"async\" title=\"9-Auswahloption-leer\" src=\"https:\/\/exceladvisor.org\/wp-content\/uploads\/2023\/08\/9-selectionnez-loption-vide.png\" sizes=\"auto, \" srcset=\"\" alt=\"select-blank-option\" width=\"306\" height=\"348\"><\/li><li> Klicken Sie am Ende mit der rechten Maustaste und w\u00e4hlen Sie die Option \u201eL\u00f6schen\u201c. Daraufhin werden die Optionen des Dialogfelds \u201eL\u00f6schen\u201c angezeigt, in dem Sie aufgefordert werden, die Option \u201eZellenversatz\u201c auszuw\u00e4hlen.<\/li><li> W\u00e4hlen Sie \u201eZellen nach oben verschieben\u201c und klicken Sie auf \u201eOK\u201c. Die leeren Zeilen werden entfernt. <br><img loading=\"lazy\" decoding=\"async\" title=\"10-select-shift-cells-up\" src=\"https:\/\/exceladvisor.org\/wp-content\/uploads\/2023\/08\/10-selectionner-les-cellules-de-decalage-vers-le-haut.png\" sizes=\"auto, \" srcset=\"\" alt=\"select-shift-cells-up\" width=\"184\" height=\"192\"><\/li><\/ul><p class=\"qt-tip\"> <strong>Hinweis:<\/strong> Gehen Sie zur Option \u201eSpezial\u201c und w\u00e4hlen Sie leere Zeilen und leere Spalten aus. Wenn Ihr Datensatz also in einer Zeile eine leere Spalte enth\u00e4lt, wird auch diese leere Spalte entfernt und durch einen anderen Zellenwert basierend auf den versetzten Zellen ersetzt. Option, die Ihre Daten durcheinander bringen k\u00f6nnte.<\/p><div class=\"gb-container gb-container-4db6181c gb-container-mt\"> <a class=\"gb-button gb-button-c5897111 gb-button-text gb-button-mt-button\" href=\"https:\/\/exceladvisor.org\/de\/excel-grundlagen\/\">Microsoft Excel-Grundlagen (Komponenten, Teile und Wissenshinweise)<\/a><h2 class=\"gb-headline gb-headline-665e5f6b gb-headline-text gb-headline-mt-heading\"> Verwandte Tutorials <\/h2><div class=\"gb-grid-wrapper gb-grid-wrapper-a20baf7c gb-grid-wrapper-mt-grid\"><div class=\"gb-grid-column gb-grid-column-65ddf67e\"><div class=\"gb-container gb-container-65ddf67e\"><ul><li> <a href=\"https:\/\/exceladvisor.org\/de\/hyperlinks-hinzufugen-und-entfernen\/\">F\u00fcgen Sie Hyperlinks in Excel hinzu und entfernen Sie sie<\/a><\/li><li> <a href=\"https:\/\/exceladvisor.org\/de\/wasserzeichen-hinzufugen\/\">F\u00fcgen Sie in Excel ein Wasserzeichen hinzu<\/a><\/li><li> <a href=\"https:\/\/exceladvisor.org\/de\/entfernen-sie-ausgeblendete-zeilenspalten\/\">L\u00f6schen Sie ausgeblendete Zeilen in Excel<\/a><\/li><li> <a href=\"https:\/\/exceladvisor.org\/de\/zellen-abwahlen\/\">Zellen in Excel abw\u00e4hlen<\/a> <\/li><\/ul><\/div><\/div><div class=\"gb-grid-column gb-grid-column-50067b57\"><div class=\"gb-container gb-container-50067b57\"><ul><li> <a href=\"https:\/\/exceladvisor.org\/de\/zeilen-loschen\/\">L\u00f6schen Sie eine Zeile oder mehrere Zeilen in Excel<\/a><\/li><li> <a href=\"https:\/\/exceladvisor.org\/de\/spalte-kopieren\/\">Kopieren Sie eine Spalte und f\u00fcgen Sie sie in Excel ein<\/a><\/li><li> <a href=\"https:\/\/exceladvisor.org\/de\/zeilenspalte-verschieben\/\">Verschieben Sie eine Zeile und Spalte in Excel<\/a><\/li><li> <a href=\"https:\/\/exceladvisor.org\/de\/spaltenbreite\/\">So \u00e4ndern Sie die Spaltenbreite in Excel<\/a><\/li><\/ul><\/div><\/div><\/div><\/div>","protected":false},"excerpt":{"rendered":"","protected":false},"author":1,"featured_media":0,"parent":0,"menu_order":0,"comment_status":"open","ping_status":"closed","template":"","meta":{"ub_ctt_via":"","footnotes":""},"class_list":["post-3132","page","type-page","status-publish","hentry"],"featured_image_src":null,"yoast_head":"<!-- This site is optimized with the Yoast SEO plugin v25.4 - https:\/\/yoast.com\/wordpress\/plugins\/seo\/ -->\n<title>Wie l\u00f6sche ich Leerzeilen in Excel? (Tutorial 2023)<\/title>\n<meta name=\"description\" content=\"In diesem Tutorial erfahren Sie, wie Sie Leerzeilen mit leicht verst\u00e4ndlichen und benutzerfreundlichen Methoden entfernen.\" \/>\n<meta name=\"robots\" content=\"index, follow, max-snippet:-1, max-image-preview:large, max-video-preview:-1\" \/>\n<link rel=\"canonical\" href=\"https:\/\/exceladvisor.org\/de\/leerzeilen-entfernen\/\" \/>\n<meta property=\"og:locale\" content=\"de_DE\" \/>\n<meta property=\"og:type\" content=\"article\" \/>\n<meta property=\"og:title\" content=\"Wie l\u00f6sche ich Leerzeilen in Excel? (Tutorial 2023)\" \/>\n<meta property=\"og:description\" content=\"In diesem Tutorial erfahren Sie, wie Sie Leerzeilen mit leicht verst\u00e4ndlichen und benutzerfreundlichen Methoden entfernen.\" \/>\n<meta property=\"og:url\" content=\"https:\/\/exceladvisor.org\/de\/leerzeilen-entfernen\/\" \/>\n<meta property=\"og:site_name\" content=\"Excel Advisor\" \/>\n<meta property=\"article:modified_time\" content=\"2023-12-03T13:04:19+00:00\" \/>\n<meta property=\"og:image\" content=\"https:\/\/exceladvisor.org\/wp-content\/uploads\/2023\/08\/1-selectionnez-la-plage-comprenant-des-lignes-vides.png\" \/>\n<meta name=\"twitter:card\" content=\"summary_large_image\" \/>\n<meta name=\"twitter:label1\" content=\"Gesch\u00e4tzte Lesezeit\" \/>\n\t<meta name=\"twitter:data1\" content=\"4\u00a0Minuten\" \/>\n<script type=\"application\/ld+json\" class=\"yoast-schema-graph\">{\"@context\":\"https:\/\/schema.org\",\"@graph\":[{\"@type\":\"WebPage\",\"@id\":\"https:\/\/exceladvisor.org\/de\/leerzeilen-entfernen\/\",\"url\":\"https:\/\/exceladvisor.org\/de\/leerzeilen-entfernen\/\",\"name\":\"Wie l\u00f6sche ich Leerzeilen in Excel? (Tutorial 2023)\",\"isPartOf\":{\"@id\":\"https:\/\/exceladvisor.org\/de\/#website\"},\"primaryImageOfPage\":{\"@id\":\"https:\/\/exceladvisor.org\/de\/leerzeilen-entfernen\/#primaryimage\"},\"image\":{\"@id\":\"https:\/\/exceladvisor.org\/de\/leerzeilen-entfernen\/#primaryimage\"},\"thumbnailUrl\":\"https:\/\/exceladvisor.org\/wp-content\/uploads\/2023\/08\/1-selectionnez-la-plage-comprenant-des-lignes-vides.png\",\"datePublished\":\"2023-11-14T14:51:46+00:00\",\"dateModified\":\"2023-12-03T13:04:19+00:00\",\"description\":\"In diesem Tutorial erfahren Sie, wie Sie Leerzeilen mit leicht verst\u00e4ndlichen und benutzerfreundlichen Methoden entfernen.\",\"breadcrumb\":{\"@id\":\"https:\/\/exceladvisor.org\/de\/leerzeilen-entfernen\/#breadcrumb\"},\"inLanguage\":\"de\",\"potentialAction\":[{\"@type\":\"ReadAction\",\"target\":[\"https:\/\/exceladvisor.org\/de\/leerzeilen-entfernen\/\"]}]},{\"@type\":\"ImageObject\",\"inLanguage\":\"de\",\"@id\":\"https:\/\/exceladvisor.org\/de\/leerzeilen-entfernen\/#primaryimage\",\"url\":\"https:\/\/exceladvisor.org\/wp-content\/uploads\/2023\/08\/1-selectionnez-la-plage-comprenant-des-lignes-vides.png\",\"contentUrl\":\"https:\/\/exceladvisor.org\/wp-content\/uploads\/2023\/08\/1-selectionnez-la-plage-comprenant-des-lignes-vides.png\"},{\"@type\":\"BreadcrumbList\",\"@id\":\"https:\/\/exceladvisor.org\/de\/leerzeilen-entfernen\/#breadcrumb\",\"itemListElement\":[{\"@type\":\"ListItem\",\"position\":1,\"name\":\"Accueil\",\"item\":\"https:\/\/exceladvisor.org\/de\/\"},{\"@type\":\"ListItem\",\"position\":2,\"name\":\"Wie l\u00f6sche ich leerzeilen in excel?\"}]},{\"@type\":\"WebSite\",\"@id\":\"https:\/\/exceladvisor.org\/de\/#website\",\"url\":\"https:\/\/exceladvisor.org\/de\/\",\"name\":\"Excel Advisor\",\"description\":\"Ihr Leitfaden zur Datendominanz\",\"publisher\":{\"@id\":\"https:\/\/exceladvisor.org\/de\/#organization\"},\"potentialAction\":[{\"@type\":\"SearchAction\",\"target\":{\"@type\":\"EntryPoint\",\"urlTemplate\":\"https:\/\/exceladvisor.org\/de\/?s={search_term_string}\"},\"query-input\":{\"@type\":\"PropertyValueSpecification\",\"valueRequired\":true,\"valueName\":\"search_term_string\"}}],\"inLanguage\":\"de\"},{\"@type\":\"Organization\",\"@id\":\"https:\/\/exceladvisor.org\/de\/#organization\",\"name\":\"Excel Advisor\",\"url\":\"https:\/\/exceladvisor.org\/de\/\",\"logo\":{\"@type\":\"ImageObject\",\"inLanguage\":\"de\",\"@id\":\"https:\/\/exceladvisor.org\/de\/#\/schema\/logo\/image\/\",\"url\":\"https:\/\/exceladvisor.org\/de\/wp-content\/uploads\/2023\/11\/exceladvisor.org_.png\",\"contentUrl\":\"https:\/\/exceladvisor.org\/de\/wp-content\/uploads\/2023\/11\/exceladvisor.org_.png\",\"width\":105,\"height\":36,\"caption\":\"Excel Advisor\"},\"image\":{\"@id\":\"https:\/\/exceladvisor.org\/de\/#\/schema\/logo\/image\/\"}}]}<\/script>\n<!-- \/ Yoast SEO plugin. -->","yoast_head_json":{"title":"Wie l\u00f6sche ich Leerzeilen in Excel? (Tutorial 2023)","description":"In diesem Tutorial erfahren Sie, wie Sie Leerzeilen mit leicht verst\u00e4ndlichen und benutzerfreundlichen Methoden entfernen.","robots":{"index":"index","follow":"follow","max-snippet":"max-snippet:-1","max-image-preview":"max-image-preview:large","max-video-preview":"max-video-preview:-1"},"canonical":"https:\/\/exceladvisor.org\/de\/leerzeilen-entfernen\/","og_locale":"de_DE","og_type":"article","og_title":"Wie l\u00f6sche ich Leerzeilen in Excel? (Tutorial 2023)","og_description":"In diesem Tutorial erfahren Sie, wie Sie Leerzeilen mit leicht verst\u00e4ndlichen und benutzerfreundlichen Methoden entfernen.","og_url":"https:\/\/exceladvisor.org\/de\/leerzeilen-entfernen\/","og_site_name":"Excel Advisor","article_modified_time":"2023-12-03T13:04:19+00:00","og_image":[{"url":"https:\/\/exceladvisor.org\/wp-content\/uploads\/2023\/08\/1-selectionnez-la-plage-comprenant-des-lignes-vides.png","type":"","width":"","height":""}],"twitter_card":"summary_large_image","twitter_misc":{"Gesch\u00e4tzte Lesezeit":"4\u00a0Minuten"},"schema":{"@context":"https:\/\/schema.org","@graph":[{"@type":"WebPage","@id":"https:\/\/exceladvisor.org\/de\/leerzeilen-entfernen\/","url":"https:\/\/exceladvisor.org\/de\/leerzeilen-entfernen\/","name":"Wie l\u00f6sche ich Leerzeilen in Excel? (Tutorial 2023)","isPartOf":{"@id":"https:\/\/exceladvisor.org\/de\/#website"},"primaryImageOfPage":{"@id":"https:\/\/exceladvisor.org\/de\/leerzeilen-entfernen\/#primaryimage"},"image":{"@id":"https:\/\/exceladvisor.org\/de\/leerzeilen-entfernen\/#primaryimage"},"thumbnailUrl":"https:\/\/exceladvisor.org\/wp-content\/uploads\/2023\/08\/1-selectionnez-la-plage-comprenant-des-lignes-vides.png","datePublished":"2023-11-14T14:51:46+00:00","dateModified":"2023-12-03T13:04:19+00:00","description":"In diesem Tutorial erfahren Sie, wie Sie Leerzeilen mit leicht verst\u00e4ndlichen und benutzerfreundlichen Methoden entfernen.","breadcrumb":{"@id":"https:\/\/exceladvisor.org\/de\/leerzeilen-entfernen\/#breadcrumb"},"inLanguage":"de","potentialAction":[{"@type":"ReadAction","target":["https:\/\/exceladvisor.org\/de\/leerzeilen-entfernen\/"]}]},{"@type":"ImageObject","inLanguage":"de","@id":"https:\/\/exceladvisor.org\/de\/leerzeilen-entfernen\/#primaryimage","url":"https:\/\/exceladvisor.org\/wp-content\/uploads\/2023\/08\/1-selectionnez-la-plage-comprenant-des-lignes-vides.png","contentUrl":"https:\/\/exceladvisor.org\/wp-content\/uploads\/2023\/08\/1-selectionnez-la-plage-comprenant-des-lignes-vides.png"},{"@type":"BreadcrumbList","@id":"https:\/\/exceladvisor.org\/de\/leerzeilen-entfernen\/#breadcrumb","itemListElement":[{"@type":"ListItem","position":1,"name":"Accueil","item":"https:\/\/exceladvisor.org\/de\/"},{"@type":"ListItem","position":2,"name":"Wie l\u00f6sche ich leerzeilen in excel?"}]},{"@type":"WebSite","@id":"https:\/\/exceladvisor.org\/de\/#website","url":"https:\/\/exceladvisor.org\/de\/","name":"Excel Advisor","description":"Ihr Leitfaden zur Datendominanz","publisher":{"@id":"https:\/\/exceladvisor.org\/de\/#organization"},"potentialAction":[{"@type":"SearchAction","target":{"@type":"EntryPoint","urlTemplate":"https:\/\/exceladvisor.org\/de\/?s={search_term_string}"},"query-input":{"@type":"PropertyValueSpecification","valueRequired":true,"valueName":"search_term_string"}}],"inLanguage":"de"},{"@type":"Organization","@id":"https:\/\/exceladvisor.org\/de\/#organization","name":"Excel Advisor","url":"https:\/\/exceladvisor.org\/de\/","logo":{"@type":"ImageObject","inLanguage":"de","@id":"https:\/\/exceladvisor.org\/de\/#\/schema\/logo\/image\/","url":"https:\/\/exceladvisor.org\/de\/wp-content\/uploads\/2023\/11\/exceladvisor.org_.png","contentUrl":"https:\/\/exceladvisor.org\/de\/wp-content\/uploads\/2023\/11\/exceladvisor.org_.png","width":105,"height":36,"caption":"Excel Advisor"},"image":{"@id":"https:\/\/exceladvisor.org\/de\/#\/schema\/logo\/image\/"}}]}},"yoast_meta":{"yoast_wpseo_title":"","yoast_wpseo_metadesc":"","yoast_wpseo_canonical":""},"_links":{"self":[{"href":"https:\/\/exceladvisor.org\/de\/wp-json\/wp\/v2\/pages\/3132","targetHints":{"allow":["GET"]}}],"collection":[{"href":"https:\/\/exceladvisor.org\/de\/wp-json\/wp\/v2\/pages"}],"about":[{"href":"https:\/\/exceladvisor.org\/de\/wp-json\/wp\/v2\/types\/page"}],"author":[{"embeddable":true,"href":"https:\/\/exceladvisor.org\/de\/wp-json\/wp\/v2\/users\/1"}],"replies":[{"embeddable":true,"href":"https:\/\/exceladvisor.org\/de\/wp-json\/wp\/v2\/comments?post=3132"}],"version-history":[{"count":1,"href":"https:\/\/exceladvisor.org\/de\/wp-json\/wp\/v2\/pages\/3132\/revisions"}],"predecessor-version":[{"id":4149,"href":"https:\/\/exceladvisor.org\/de\/wp-json\/wp\/v2\/pages\/3132\/revisions\/4149"}],"wp:attachment":[{"href":"https:\/\/exceladvisor.org\/de\/wp-json\/wp\/v2\/media?parent=3132"}],"curies":[{"name":"wp","href":"https:\/\/api.w.org\/{rel}","templated":true}]}}