{"id":3133,"date":"2023-11-14T14:34:20","date_gmt":"2023-11-14T14:34:20","guid":{"rendered":"https:\/\/exceladvisor.org\/de\/platzhalter-mit-vlookup\/"},"modified":"2023-12-03T13:05:08","modified_gmt":"2023-12-03T13:05:08","slug":"platzhalter-mit-vlookup","status":"publish","type":"page","link":"https:\/\/exceladvisor.org\/de\/platzhalter-mit-vlookup\/","title":{"rendered":"Wie verwende ich platzhalter mit vlookup?"},"content":{"rendered":"<div class=\"excel-vor-dem-inhalt\" id=\"excel-1965909012\"><script type=\"text\/javascript\">\r\n\tatOptions = {\r\n\t\t'key' : 'c1158f160081d6540a8409e6925dab94',\r\n\t\t'format' : 'iframe',\r\n\t\t'height' : 250,\r\n\t\t'width' : 300,\r\n\t\t'params' : {}\r\n\t};\r\n<\/script>\r\n<script type=\"text\/javascript\" src=\"\/\/www.highperformanceformat.com\/c1158f160081d6540a8409e6925dab94\/invoke.js\"><\/script><\/div> <p>Ich bin sicher, dass Sie VLOOKUP leistungsf\u00e4higer machen m\u00f6chten. Nun, die Verwendung von Platzhaltern mit VLOOKUP kann dies f\u00fcr Sie erledigen. Es kann Ihnen bei der Suche nach einem Wert mithilfe einer teilweisen \u00dcbereinstimmung helfen.<\/p><p> <strong>JETZT:<\/strong><\/p><p> Nehmen wir an, Sie haben Daten wie die folgende Tabelle, in der in einer Spalte die vollst\u00e4ndigen Namen der Sch\u00fcler und in einer anderen Spalte ihre Noten aufgef\u00fchrt sind. <\/p><div class=\"wp-block-image\"><figure class=\"aligncenter\"><img decoding=\"async\" src=\"https:\/\/exceladvisor.org\/wp-content\/uploads\/2023\/08\/table-de-donnees-utiliser-des-caracteres-generiques-avec-vlookup-min-1.png\" sizes=\"\" srcset=\"\" alt=\"Datentabellen verwenden Platzhalter bei vlookup\"><\/figure><\/div><p> Und anhand dieser Daten m\u00f6chten Sie die Noten eines bestimmten Sch\u00fclers suchen, allerdings nur mit dem Vornamen. Mit einem normalen SVERWEIS k\u00f6nnen Sie nicht nach einem solchen Wert suchen.<\/p><p> Wenn Sie jedoch ein Sternchen als Platzhalter kombinieren, k\u00f6nnen Sie die Noten eines Sch\u00fclers anhand einer Teil\u00fcbereinstimmung ermitteln. Deshalb m\u00f6chte ich Ihnen heute in diesem Artikel zeigen, wie Sie Platzhalter mit VLOOKUP verwenden.<\/p><p> Und daf\u00fcr habe ich <strong><span style=\"color: #000000;\">5 konkrete Beispiele<\/span><\/strong> aufgelistet, die Ihnen helfen k\u00f6nnen, diese Kombination zu verstehen.<\/p><h2 id=\"types-of-wildcards\" class=\"wp-block-heading\"> Platzhaltertypen<\/h2><p> Nun ist die Sache so: Sie haben insgesamt 3 Platzhalter, die Sie in Excel verwenden k\u00f6nnen.<\/p><ul><li> <strong><span style=\"color: #000000;\">Sternchen (*):<\/span><\/strong> Findet eine beliebige Anzahl von Zeichen nach Text. Sie k\u00f6nnen beispielsweise \u201eEx*\u201c verwenden, um \u201eExcel\u201c-Text aus einer Liste abzugleichen.<\/li><li> <strong><span style=\"color: #000000;\">Fragezeichen (?):<\/span><\/strong> Verwenden Sie ein Fragezeichen, um es durch ein Zeichen zu ersetzen. Beispielsweise k\u00f6nnen Sie mit P?inter nach dem Text \u201eMaler\u201c oder \u201eDrucker\u201c suchen.<\/li><li> Tilde (~): Dies kann die Wirkung der beiden oben genannten Zeichen zunichte machen. Wenn Sie beispielsweise nach dem Wert \u201ePD*\u201c suchen m\u00f6chten, k\u00f6nnen Sie stattdessen \u201ePD~*\u201c verwenden.<\/li><\/ul><p> <a href=\"https:\/\/exceladvisor.org\/wp-content\/uploads\/2023\/11\/caracteres-generiques.xlsx\" data-wpil=\"url\">Erfahren Sie mehr \u00fcber Wildcards in diesem ultimativen Leitfaden<\/a> .<\/p><p> Hier habe ich f\u00fcnf verschiedene Beispiele aufgelistet, um Ihnen zu helfen, zu verstehen, wie diese Kombination aus Platzhalter und SVERWEIS funktioniert. Sie k\u00f6nnen <a href=\"https:\/\/exceladvisor.org\/wp-content\/uploads\/2023\/08\/caracteres-generiques-avec-des-donnees-vlookup.xlsx\" rel=\"nofollow\">diese Beispieldatei hier herunterladen,<\/a> um mitzumachen.<\/p><h2 id=\"vlookup-with-a-first-name-and-an-asterisk\" class=\"wp-block-heading\"> SVERWEIS mit einem Vornamen und einem Sternchen<\/h2><p> Fahren wir mit dem Beispiel fort, das ich Ihnen oben gezeigt habe. Hier haben Sie eine Liste mit Namen (Vorname + Nachname) und m\u00fcssen die Noten der Sch\u00fcler nur anhand des Vornamens suchen. <\/p><div class=\"wp-block-image\"><figure class=\"aligncenter\"><img decoding=\"async\" src=\"https:\/\/exceladvisor.org\/wp-content\/uploads\/2023\/08\/table-de-donnees-utiliser-des-caracteres-generiques-avec-vlookup-min-1.png\" sizes=\"\" srcset=\"\" alt=\"Datentabellen verwenden Platzhalter bei vlookup\"><\/figure><\/div><p> Wenn Sie einen normalen VLOOKUP verwenden, wird ein #N\/A-Fehler zur\u00fcckgegeben, was bedeutet, dass der Wert nicht in der Liste vorhanden ist, was v\u00f6llig korrekt ist. <\/p><div class=\"wp-block-image\"><figure class=\"aligncenter\"><img decoding=\"async\" src=\"https:\/\/exceladvisor.org\/wp-content\/uploads\/2023\/08\/utiliser-des-caracteres-generiques-avec-vlookup-pour-rechercher-le-prenom-min-1.png\" sizes=\"\" srcset=\"\" alt=\"Verwenden Sie Platzhalter mit vlookup, um nach dem Vornamen zu suchen\"><\/figure><\/div><p> Wenn Sie jedoch den Suchwert mit einem Sternchen kombinieren, erhalten Sie die Noten der Sch\u00fcler ohne Fehler. <\/p><div class=\"wp-block-image\"><figure class=\"aligncenter\"><img decoding=\"async\" src=\"https:\/\/exceladvisor.org\/wp-content\/uploads\/2023\/08\/utiliser-des-caracteres-generiques-avec-vlookup-pour-rechercher-le-prenom-avec-un-asterisque-min-1.png\" sizes=\"\" srcset=\"\" alt=\"Verwenden Sie Platzhalter mit vlookup, um nach Vornamen mit einem Sternchen zu suchen\"><\/figure><\/div><h3 id=\"this-is-how-this-formula-works-2\" class=\"wp-block-heading\"> So funktioniert diese Formel<\/h3><p> In der obigen Formel haben Sie nach dem Vornamen ein Sternchen verwendet, das SVERWEIS dabei hilft, nach einem Wert zu suchen, der mit dem von Ihnen genannten Vornamen beginnt. Der Rest des Werts kann beliebig sein.<\/p><h2 id=\"combine-vlookup-and-an-asterisk-to-avoid-trailing-spaces\" class=\"wp-block-heading\"> Kombinieren Sie SVERWEIS und ein Sternchen, um nachgestellte Leerzeichen zu vermeiden<\/h2><p> In diesen Daten haben Sie nun nur Vornamen, aber auch hier k\u00f6nnen Sie keine Bewertungen abrufen. Und der Grund daf\u00fcr ist, dass nach dem Entfernen der Nachnamen der mittlere Raum dort verbleibt. <\/p><div class=\"wp-block-image\"><figure class=\"aligncenter\"><img decoding=\"async\" src=\"https:\/\/exceladvisor.org\/wp-content\/uploads\/2023\/08\/donnees-de-prenom-a-utiliser-avec-des-caracteres-generiques-avec-vlookup-1.png\" sizes=\"\" srcset=\"\" alt=\"Vornamensdaten zur Verwendung mit Platzhaltern bei vlookup\"><\/figure><\/div><p> Und wenn Sie jetzt versuchen, nach Marken mit Vornamen zu suchen, erhalten Sie erneut die Fehlermeldung #N\/A. <\/p><div class=\"wp-block-image\"><figure class=\"aligncenter\"><img decoding=\"async\" src=\"https:\/\/exceladvisor.org\/wp-content\/uploads\/2023\/08\/utiliser-des-caracteres-generiques-avec-vlookup-pour-rechercher-le-prenom-avec-un-espace-minimum-1.png\" sizes=\"\" srcset=\"\" alt=\"Verwenden Sie Platzhalter mit vlookup, um nach Vornamen mit Leerzeichen zu suchen\"><\/figure><\/div><p> Aber ja, Sie k\u00f6nnen <a href=\"https:\/\/exceladvisor.org\/de\/entfernen-sie-zusatzliche-leerzeichen\/\">alle unerw\u00fcnschten Leerzeichen entfernen<\/a> , aber hier besteht unsere Motivation darin, Platzhalter mit VLOOKUP zu verwenden, um dieses Problem zu l\u00f6sen. <\/p><div class=\"wp-block-image\"><figure class=\"aligncenter\"><img decoding=\"async\" src=\"https:\/\/exceladvisor.org\/wp-content\/uploads\/2023\/08\/utiliser-des-caracteres-generiques-avec-vlookup-pour-rechercher-le-prenom-avec-un-espace-en-utilisant-un-asterisque-min-1.png\" sizes=\"\" srcset=\"\" alt=\"Verwenden Sie Platzhalter mit vlookup, um nach Vornamen mit Leerzeichen zu suchen, mit Sternchen min\"><\/figure><\/div><p> Auch hier sollten Sie die gleiche Formel verwenden, die Sie oben verwendet haben. Es ignoriert Leerzeichen beim Abgleichen eines Werts und gibt Noten mit dem Vornamen des Sch\u00fclers zur\u00fcck.<\/p><h2 id=\"partial-invoice-look-up\" class=\"wp-block-heading\"> Teilrechnungssuche<\/h2><p> In beiden Beispielen oben haben Sie ein Sternchen verwendet, um eine teilweise \u00dcbereinstimmung f\u00fcr VLOOKUP durchzuf\u00fchren. Aber hier in diesem Beispiel haben wir Rechnungsdaten mit Verkaufsbetrag.<\/p><p> <strong><em>Hier ist eine Wendung:<\/em><\/strong><\/p><p> Jede Rechnungsnummer hat am Anfang einen \u201eINV\u201c-Pr\u00e4fixtext. Aufgrund der Rechnungsnummer, die Sie zum Nachschlagen des Betrags verwenden, liegt Ihnen dieser Text leider nicht vor. <\/p><div class=\"wp-block-image\"><figure class=\"aligncenter\"><img decoding=\"async\" src=\"https:\/\/exceladvisor.org\/wp-content\/uploads\/2023\/08\/donnees-de-facturation-pour-utiliser-des-caracteres-generiques-avec-vlookup-1.png\" sizes=\"\" srcset=\"\" alt=\"Rechnungsdaten zur Verwendung von Platzhaltern mit vlookup\"><\/figure><\/div><p> Und mit normalem VLOOKUP ist es nicht m\u00f6glich, den Verkaufsbetrag zu ermitteln. <\/p><div class=\"wp-block-image\"><figure class=\"aligncenter\"><img decoding=\"async\" src=\"https:\/\/exceladvisor.org\/wp-content\/uploads\/2023\/08\/une-correspondance-partielle-de-recherche-de-facture-normale-min-1.png\" sizes=\"\" srcset=\"\" alt=\"eine normale Rechnungssuche, teilweise \u00dcbereinstimmung, min\"><\/figure><\/div><p> Und mit einem Platzhalter sieht die Formel so aus: <\/p><div class=\"wp-block-image\"><figure class=\"aligncenter\"><img decoding=\"async\" src=\"https:\/\/exceladvisor.org\/wp-content\/uploads\/2023\/08\/recherche-de-facture-partielle-avec-caracteres-generiques-min-1.png\" sizes=\"\" srcset=\"\" alt=\"Teilrechnungssuche mit Wildcards min\"><\/figure><\/div><h3 id=\"how-this-formula-works\" class=\"wp-block-heading\"> Wie funktioniert diese Formel?<\/h3><p> In der Formel oben haben Sie drei Fragezeichen mit der Rechnungsnummer als Pr\u00e4fix kombiniert. Wie ich oben erw\u00e4hnt habe, stellt ein Fragezeichen Zeichen dar.<\/p><p> Hier stellen diese 3 Fragezeichen die 3 Zeichen dar, die Sie am Anfang der Rechnungsnummern haben.<\/p><p> Und dies erm\u00f6glicht die Suche nach dem Verkaufsbetrag zur Verwendung mit teilweiser \u00dcbereinstimmung.<\/p><h2 id=\"use-a-question-mark-with-vlookup-to-match-a-product-id\" class=\"wp-block-heading\"> Verwenden Sie ein Fragezeichen mit VLOOKUP, um eine Produkt-ID abzugleichen<\/h2><p> Beginnen wir noch einmal, in diesem Beispiel haben Sie Produkt-IDs, die eine Kombination aus 4 Ziffern, 3 Text und 3 Ziffern sind. Jetzt m\u00fcssen Sie nach der Menge eines bestimmten Produkts suchen. <\/p><div class=\"wp-block-image\"><figure class=\"aligncenter\"><img decoding=\"async\" src=\"https:\/\/exceladvisor.org\/wp-content\/uploads\/2023\/08\/donnees-didentification-de-produit-pour-utiliser-des-caracteres-generiques-avec-vlookup-1.png\" sizes=\"\" srcset=\"\" alt=\"Produktidentifikationsdaten zur Verwendung von Platzhaltern mit vlookup\"><\/figure><\/div><p> <strong>Es ist verr\u00fcckt:<\/strong><\/p><p> In diesen Daten kennen Sie nur die Startnummer der Produkt-ID und die letzte Nummer ist bei allen IDs gleich. Das Problem ist jedoch der Text im Mittelteil, den Sie nicht haben. <\/p><div class=\"wp-block-image\"><figure class=\"aligncenter\"><img decoding=\"async\" src=\"https:\/\/exceladvisor.org\/wp-content\/uploads\/2023\/08\/recherche-simple-dID-de-produit-avec-des-caracteres-generiques-min-1.png\" sizes=\"\" srcset=\"\" alt=\"Einfache Produkt-ID-Suche mit minimalen Platzhaltern\"><\/figure><\/div><p> Um dieses Problem zu l\u00f6sen, m\u00fcssen Sie die Fragezeichen-Platzhalter erneut mit einem VLOOKUP kombinieren. Und die Formel wird so aussehen: <\/p><div class=\"wp-block-image\"><figure class=\"aligncenter\"><img decoding=\"async\" src=\"https:\/\/exceladvisor.org\/wp-content\/uploads\/2023\/08\/recherche-dID-de-produit-avec-point-dinterrogation-generique-min-1.png\" sizes=\"\" srcset=\"\" alt=\"Produkt-ID-Suche mit generischem Fragezeichen min\"><\/figure><\/div><h3 id=\"how-this-formula-works-1\" class=\"wp-block-heading\"> Wie funktioniert diese Formel?<\/h3><p> In der Formel oben stellen diese beiden Fragezeichen den Text dar, den wir in der urspr\u00fcnglichen Produkt-ID-Liste haben.<\/p><h2 id=\"nullifying-the-effect-of-wildcard-characters-in-vlookup\" class=\"wp-block-heading\"> Aufheben der Wirkung von Platzhaltern in VLOOKUP<\/h2><p> Es kann vorkommen, dass Sie den Effekt von Platzhaltern entfernen m\u00fcssen. Schauen wir uns die Daten unten an, in denen wir Werte in der Spalte mit einem Sternchen haben. Und hier werden diese Sternchen nicht als Platzhalter verwendet, sondern sind Teil der eigentlichen Werte. <\/p><div class=\"wp-block-image\"><figure class=\"aligncenter\"><img decoding=\"async\" src=\"https:\/\/exceladvisor.org\/wp-content\/uploads\/2023\/08\/mauvaise-recherche-dun-asterisque-min-1.png\" sizes=\"\" srcset=\"\" alt=\"schlechte Suche nach einem Sternchen min\"><\/figure><\/div><p> <strong>Sie fragen sich vielleicht:<\/strong><\/p><p> Wenn Sie jedoch versuchen, nach einem Wert zu suchen, der ein Sternchen enth\u00e4lt, behandelt Excel ihn als Platzhalter und nicht als normalen Wert.<\/p><p> Hier m\u00fcssen Sie also den Effekt dieses Platzhalters r\u00fcckg\u00e4ngig machen. Dazu m\u00fcssen Sie eine Tilde verwenden. Und Sie sollten eine Formel wie diese verwenden: <\/p><div class=\"wp-block-image\"><figure class=\"aligncenter\"><img decoding=\"async\" src=\"https:\/\/exceladvisor.org\/wp-content\/uploads\/2023\/08\/annuler-leffet-du-joker-min-1.png\" sizes=\"\" srcset=\"\" alt=\"Joker-Effekt abbrechen min\"><\/figure><\/div><p> Wenn Sie eine Tilde vor einem Sternchen und einem Fragezeichen verwenden, wird ihre Wirkung aufgehoben und Excel behandelt sie als normales Textzeichen. <\/p><div class=\"gb-container gb-container-52dfcee1 gb-container-sample-file\"><h2 class=\"gb-headline gb-headline-e289c143 gb-headline-text gb-headline-4f7959c2\"> Holen Sie sich die Excel-Datei<\/h2> <a class=\"gb-button gb-button-e88d6bee gb-button-text gb-button-button1\" href=\"https:\/\/exceladvisor.org\/wp-content\/uploads\/2023\/08\/caracteres-generiques-avec-vlookup-2.xlsx\" rel=\"nofollow\">Herunterladen<\/a><\/div><div class=\"gb-container gb-container-0df56012 gb-container-mt\"> <a class=\"gb-button gb-button-f9f432f4 gb-button-text gb-button-mt-button\" href=\"https:\/\/exceladvisor.org\/de\/formeln\/\">Liste der Excel-Formeln<\/a><h2 class=\"gb-headline gb-headline-233444e8 gb-headline-text gb-headline-mt-heading\"> Verwandte Formeln <\/h2><div class=\"gb-grid-wrapper gb-grid-wrapper-a16fa65c gb-grid-wrapper-mt-grid\"><div class=\"gb-grid-column gb-grid-column-50d07e0d\"><div class=\"gb-container gb-container-50d07e0d\"><ul><li> <a href=\"https:\/\/exceladvisor.org\/de\/iferror-vlookup\/\">IFERROR mit VLOOKUP in Excel, um #N\/A in Excel zu ersetzen<\/a><\/li><li> <a href=\"https:\/\/exceladvisor.org\/de\/bidirektionale-suche\/\">F\u00fchren Sie eine bidirektionale Suche in Excel durch<\/a><\/li><li> <a href=\"https:\/\/exceladvisor.org\/de\/ruckwartssuche\/\">Reverse VLOOKUP (r\u00fcckw\u00e4rts: von rechts nach links) in Excel<\/a><\/li><li> <a href=\"https:\/\/exceladvisor.org\/de\/vsearch-ubereinstimmung\/\">Kombinieren von VLOOKUP MATCH in Excel<\/a><\/li><li> <a href=\"https:\/\/exceladvisor.org\/de\/suchen-sie-nach-mehreren-kriterien\/\">SVERWEIS mit mehreren Kriterien in Excel<\/a> <\/li><\/ul><\/div><\/div><div class=\"gb-grid-column gb-grid-column-5b4a0cf9\"><div class=\"gb-container gb-container-5b4a0cf9\"><\/div><\/div><\/div><\/div>","protected":false},"excerpt":{"rendered":"","protected":false},"author":1,"featured_media":0,"parent":0,"menu_order":0,"comment_status":"open","ping_status":"closed","template":"","meta":{"ub_ctt_via":"","footnotes":""},"class_list":["post-3133","page","type-page","status-publish","hentry"],"featured_image_src":null,"yoast_head":"<!-- This site is optimized with the Yoast SEO plugin v25.4 - https:\/\/yoast.com\/wordpress\/plugins\/seo\/ -->\n<title>Wie verwende ich Platzhalter mit VLOOKUP?<\/title>\n<meta name=\"description\" content=\"Durch die Verwendung von Platzhaltern mit VLOOKUP k\u00f6nnen Sie alle Situationen gewinnen, in denen die Verwendung von VLOOKUP schwierig ist. Dies wird Ihnen helfen, einen Wert zu finden ...\" \/>\n<meta name=\"robots\" content=\"index, follow, max-snippet:-1, max-image-preview:large, max-video-preview:-1\" \/>\n<link rel=\"canonical\" href=\"https:\/\/exceladvisor.org\/de\/platzhalter-mit-vlookup\/\" \/>\n<meta property=\"og:locale\" content=\"de_DE\" \/>\n<meta property=\"og:type\" content=\"article\" \/>\n<meta property=\"og:title\" content=\"Wie verwende ich Platzhalter mit VLOOKUP?\" \/>\n<meta property=\"og:description\" content=\"Durch die Verwendung von Platzhaltern mit VLOOKUP k\u00f6nnen Sie alle Situationen gewinnen, in denen die Verwendung von VLOOKUP schwierig ist. Dies wird Ihnen helfen, einen Wert zu finden ...\" \/>\n<meta property=\"og:url\" content=\"https:\/\/exceladvisor.org\/de\/platzhalter-mit-vlookup\/\" \/>\n<meta property=\"og:site_name\" content=\"Excel Advisor\" \/>\n<meta property=\"article:modified_time\" content=\"2023-12-03T13:05:08+00:00\" \/>\n<meta property=\"og:image\" content=\"https:\/\/exceladvisor.org\/wp-content\/uploads\/2023\/08\/table-de-donnees-utiliser-des-caracteres-generiques-avec-vlookup-min-1.png\" \/>\n<meta name=\"twitter:card\" content=\"summary_large_image\" \/>\n<meta name=\"twitter:label1\" content=\"Gesch\u00e4tzte Lesezeit\" \/>\n\t<meta name=\"twitter:data1\" content=\"5\u00a0Minuten\" \/>\n<script type=\"application\/ld+json\" class=\"yoast-schema-graph\">{\"@context\":\"https:\/\/schema.org\",\"@graph\":[{\"@type\":\"WebPage\",\"@id\":\"https:\/\/exceladvisor.org\/de\/platzhalter-mit-vlookup\/\",\"url\":\"https:\/\/exceladvisor.org\/de\/platzhalter-mit-vlookup\/\",\"name\":\"Wie verwende ich Platzhalter mit VLOOKUP?\",\"isPartOf\":{\"@id\":\"https:\/\/exceladvisor.org\/de\/#website\"},\"primaryImageOfPage\":{\"@id\":\"https:\/\/exceladvisor.org\/de\/platzhalter-mit-vlookup\/#primaryimage\"},\"image\":{\"@id\":\"https:\/\/exceladvisor.org\/de\/platzhalter-mit-vlookup\/#primaryimage\"},\"thumbnailUrl\":\"https:\/\/exceladvisor.org\/wp-content\/uploads\/2023\/08\/table-de-donnees-utiliser-des-caracteres-generiques-avec-vlookup-min-1.png\",\"datePublished\":\"2023-11-14T14:34:20+00:00\",\"dateModified\":\"2023-12-03T13:05:08+00:00\",\"description\":\"Durch die Verwendung von Platzhaltern mit VLOOKUP k\u00f6nnen Sie alle Situationen gewinnen, in denen die Verwendung von VLOOKUP schwierig ist. Dies wird Ihnen helfen, einen Wert zu finden ...\",\"breadcrumb\":{\"@id\":\"https:\/\/exceladvisor.org\/de\/platzhalter-mit-vlookup\/#breadcrumb\"},\"inLanguage\":\"de\",\"potentialAction\":[{\"@type\":\"ReadAction\",\"target\":[\"https:\/\/exceladvisor.org\/de\/platzhalter-mit-vlookup\/\"]}]},{\"@type\":\"ImageObject\",\"inLanguage\":\"de\",\"@id\":\"https:\/\/exceladvisor.org\/de\/platzhalter-mit-vlookup\/#primaryimage\",\"url\":\"https:\/\/exceladvisor.org\/wp-content\/uploads\/2023\/08\/table-de-donnees-utiliser-des-caracteres-generiques-avec-vlookup-min-1.png\",\"contentUrl\":\"https:\/\/exceladvisor.org\/wp-content\/uploads\/2023\/08\/table-de-donnees-utiliser-des-caracteres-generiques-avec-vlookup-min-1.png\"},{\"@type\":\"BreadcrumbList\",\"@id\":\"https:\/\/exceladvisor.org\/de\/platzhalter-mit-vlookup\/#breadcrumb\",\"itemListElement\":[{\"@type\":\"ListItem\",\"position\":1,\"name\":\"Accueil\",\"item\":\"https:\/\/exceladvisor.org\/de\/\"},{\"@type\":\"ListItem\",\"position\":2,\"name\":\"Wie verwende ich platzhalter mit vlookup?\"}]},{\"@type\":\"WebSite\",\"@id\":\"https:\/\/exceladvisor.org\/de\/#website\",\"url\":\"https:\/\/exceladvisor.org\/de\/\",\"name\":\"Excel Advisor\",\"description\":\"Ihr Leitfaden zur Datendominanz\",\"publisher\":{\"@id\":\"https:\/\/exceladvisor.org\/de\/#organization\"},\"potentialAction\":[{\"@type\":\"SearchAction\",\"target\":{\"@type\":\"EntryPoint\",\"urlTemplate\":\"https:\/\/exceladvisor.org\/de\/?s={search_term_string}\"},\"query-input\":{\"@type\":\"PropertyValueSpecification\",\"valueRequired\":true,\"valueName\":\"search_term_string\"}}],\"inLanguage\":\"de\"},{\"@type\":\"Organization\",\"@id\":\"https:\/\/exceladvisor.org\/de\/#organization\",\"name\":\"Excel Advisor\",\"url\":\"https:\/\/exceladvisor.org\/de\/\",\"logo\":{\"@type\":\"ImageObject\",\"inLanguage\":\"de\",\"@id\":\"https:\/\/exceladvisor.org\/de\/#\/schema\/logo\/image\/\",\"url\":\"https:\/\/exceladvisor.org\/de\/wp-content\/uploads\/2023\/11\/exceladvisor.org_.png\",\"contentUrl\":\"https:\/\/exceladvisor.org\/de\/wp-content\/uploads\/2023\/11\/exceladvisor.org_.png\",\"width\":105,\"height\":36,\"caption\":\"Excel Advisor\"},\"image\":{\"@id\":\"https:\/\/exceladvisor.org\/de\/#\/schema\/logo\/image\/\"}}]}<\/script>\n<!-- \/ Yoast SEO plugin. -->","yoast_head_json":{"title":"Wie verwende ich Platzhalter mit VLOOKUP?","description":"Durch die Verwendung von Platzhaltern mit VLOOKUP k\u00f6nnen Sie alle Situationen gewinnen, in denen die Verwendung von VLOOKUP schwierig ist. Dies wird Ihnen helfen, einen Wert zu finden ...","robots":{"index":"index","follow":"follow","max-snippet":"max-snippet:-1","max-image-preview":"max-image-preview:large","max-video-preview":"max-video-preview:-1"},"canonical":"https:\/\/exceladvisor.org\/de\/platzhalter-mit-vlookup\/","og_locale":"de_DE","og_type":"article","og_title":"Wie verwende ich Platzhalter mit VLOOKUP?","og_description":"Durch die Verwendung von Platzhaltern mit VLOOKUP k\u00f6nnen Sie alle Situationen gewinnen, in denen die Verwendung von VLOOKUP schwierig ist. Dies wird Ihnen helfen, einen Wert zu finden ...","og_url":"https:\/\/exceladvisor.org\/de\/platzhalter-mit-vlookup\/","og_site_name":"Excel Advisor","article_modified_time":"2023-12-03T13:05:08+00:00","og_image":[{"url":"https:\/\/exceladvisor.org\/wp-content\/uploads\/2023\/08\/table-de-donnees-utiliser-des-caracteres-generiques-avec-vlookup-min-1.png","type":"","width":"","height":""}],"twitter_card":"summary_large_image","twitter_misc":{"Gesch\u00e4tzte Lesezeit":"5\u00a0Minuten"},"schema":{"@context":"https:\/\/schema.org","@graph":[{"@type":"WebPage","@id":"https:\/\/exceladvisor.org\/de\/platzhalter-mit-vlookup\/","url":"https:\/\/exceladvisor.org\/de\/platzhalter-mit-vlookup\/","name":"Wie verwende ich Platzhalter mit VLOOKUP?","isPartOf":{"@id":"https:\/\/exceladvisor.org\/de\/#website"},"primaryImageOfPage":{"@id":"https:\/\/exceladvisor.org\/de\/platzhalter-mit-vlookup\/#primaryimage"},"image":{"@id":"https:\/\/exceladvisor.org\/de\/platzhalter-mit-vlookup\/#primaryimage"},"thumbnailUrl":"https:\/\/exceladvisor.org\/wp-content\/uploads\/2023\/08\/table-de-donnees-utiliser-des-caracteres-generiques-avec-vlookup-min-1.png","datePublished":"2023-11-14T14:34:20+00:00","dateModified":"2023-12-03T13:05:08+00:00","description":"Durch die Verwendung von Platzhaltern mit VLOOKUP k\u00f6nnen Sie alle Situationen gewinnen, in denen die Verwendung von VLOOKUP schwierig ist. Dies wird Ihnen helfen, einen Wert zu finden ...","breadcrumb":{"@id":"https:\/\/exceladvisor.org\/de\/platzhalter-mit-vlookup\/#breadcrumb"},"inLanguage":"de","potentialAction":[{"@type":"ReadAction","target":["https:\/\/exceladvisor.org\/de\/platzhalter-mit-vlookup\/"]}]},{"@type":"ImageObject","inLanguage":"de","@id":"https:\/\/exceladvisor.org\/de\/platzhalter-mit-vlookup\/#primaryimage","url":"https:\/\/exceladvisor.org\/wp-content\/uploads\/2023\/08\/table-de-donnees-utiliser-des-caracteres-generiques-avec-vlookup-min-1.png","contentUrl":"https:\/\/exceladvisor.org\/wp-content\/uploads\/2023\/08\/table-de-donnees-utiliser-des-caracteres-generiques-avec-vlookup-min-1.png"},{"@type":"BreadcrumbList","@id":"https:\/\/exceladvisor.org\/de\/platzhalter-mit-vlookup\/#breadcrumb","itemListElement":[{"@type":"ListItem","position":1,"name":"Accueil","item":"https:\/\/exceladvisor.org\/de\/"},{"@type":"ListItem","position":2,"name":"Wie verwende ich platzhalter mit vlookup?"}]},{"@type":"WebSite","@id":"https:\/\/exceladvisor.org\/de\/#website","url":"https:\/\/exceladvisor.org\/de\/","name":"Excel Advisor","description":"Ihr Leitfaden zur Datendominanz","publisher":{"@id":"https:\/\/exceladvisor.org\/de\/#organization"},"potentialAction":[{"@type":"SearchAction","target":{"@type":"EntryPoint","urlTemplate":"https:\/\/exceladvisor.org\/de\/?s={search_term_string}"},"query-input":{"@type":"PropertyValueSpecification","valueRequired":true,"valueName":"search_term_string"}}],"inLanguage":"de"},{"@type":"Organization","@id":"https:\/\/exceladvisor.org\/de\/#organization","name":"Excel Advisor","url":"https:\/\/exceladvisor.org\/de\/","logo":{"@type":"ImageObject","inLanguage":"de","@id":"https:\/\/exceladvisor.org\/de\/#\/schema\/logo\/image\/","url":"https:\/\/exceladvisor.org\/de\/wp-content\/uploads\/2023\/11\/exceladvisor.org_.png","contentUrl":"https:\/\/exceladvisor.org\/de\/wp-content\/uploads\/2023\/11\/exceladvisor.org_.png","width":105,"height":36,"caption":"Excel Advisor"},"image":{"@id":"https:\/\/exceladvisor.org\/de\/#\/schema\/logo\/image\/"}}]}},"yoast_meta":{"yoast_wpseo_title":"","yoast_wpseo_metadesc":"","yoast_wpseo_canonical":""},"_links":{"self":[{"href":"https:\/\/exceladvisor.org\/de\/wp-json\/wp\/v2\/pages\/3133","targetHints":{"allow":["GET"]}}],"collection":[{"href":"https:\/\/exceladvisor.org\/de\/wp-json\/wp\/v2\/pages"}],"about":[{"href":"https:\/\/exceladvisor.org\/de\/wp-json\/wp\/v2\/types\/page"}],"author":[{"embeddable":true,"href":"https:\/\/exceladvisor.org\/de\/wp-json\/wp\/v2\/users\/1"}],"replies":[{"embeddable":true,"href":"https:\/\/exceladvisor.org\/de\/wp-json\/wp\/v2\/comments?post=3133"}],"version-history":[{"count":1,"href":"https:\/\/exceladvisor.org\/de\/wp-json\/wp\/v2\/pages\/3133\/revisions"}],"predecessor-version":[{"id":4376,"href":"https:\/\/exceladvisor.org\/de\/wp-json\/wp\/v2\/pages\/3133\/revisions\/4376"}],"wp:attachment":[{"href":"https:\/\/exceladvisor.org\/de\/wp-json\/wp\/v2\/media?parent=3133"}],"curies":[{"name":"wp","href":"https:\/\/api.w.org\/{rel}","templated":true}]}}