{"id":3134,"date":"2023-11-14T12:32:07","date_gmt":"2023-11-14T12:32:07","guid":{"rendered":"https:\/\/exceladvisor.org\/de\/zeilen-loschen\/"},"modified":"2023-12-03T13:04:15","modified_gmt":"2023-12-03T13:04:15","slug":"zeilen-loschen","status":"publish","type":"page","link":"https:\/\/exceladvisor.org\/de\/zeilen-loschen\/","title":{"rendered":"Wie l\u00f6sche ich eine einzelne zeile\/mehrere zeilen in excel?"},"content":{"rendered":"<div class=\"excel-vor-dem-inhalt\" id=\"excel-1827531307\"><script type=\"text\/javascript\">\r\n\tatOptions = {\r\n\t\t'key' : 'c1158f160081d6540a8409e6925dab94',\r\n\t\t'format' : 'iframe',\r\n\t\t'height' : 250,\r\n\t\t'width' : 300,\r\n\t\t'params' : {}\r\n\t};\r\n<\/script>\r\n<script type=\"text\/javascript\" src=\"\/\/www.highperformanceformat.com\/c1158f160081d6540a8409e6925dab94\/invoke.js\"><\/script><\/div> <p>Beim Arbeiten in Excel kann es vorkommen, dass Sie eine oder mehrere Zeilen aus Ihrer Tabellenkalkulation l\u00f6schen m\u00fcssen. In diesem Tutorial gehen wir die verschiedenen Methoden hierf\u00fcr durch.<\/p><p> Lassen Sie uns jede Methode einzeln verstehen.<\/p><h2 class=\"wp-block-heading\"> Schritte zum L\u00f6schen einer einzelnen Zeile <\/h2><div class=\"wp-block-image\"><figure class=\"aligncenter size-full is-resized\"><img loading=\"lazy\" decoding=\"async\" class=\"wp-image-70193\" src=\"https:\/\/exceladvisor.org\/wp-content\/uploads\/2023\/08\/supprimer-une-seule-ligne.gif\" sizes=\"auto, \" srcset=\"\" alt=\"eine einzelne Zeile l\u00f6schen\" width=\"365\" height=\"466\"><\/figure><\/div><ol type=\"1\"><li> Platzieren Sie zun\u00e4chst den Cursor auf der Zeilen\u00fcberschrift, die Sie aus dem Arbeitsblatt entfernen m\u00f6chten.<\/li><li> Dr\u00fccken Sie anschlie\u00dfend die rechte Maustaste.<\/li><li> Von hier aus m\u00fcssen Sie die L\u00f6schoption verwenden.<\/li><li> Klicken Sie daher auf die Option \u201eL\u00f6schen\u201c, um die Zeile aus dem Arbeitsblatt zu l\u00f6schen.<\/li><\/ol><h2 class=\"wp-block-heading\"> Schritte zum L\u00f6schen mehrerer fortlaufender Linien<\/h2><p> Wenn Sie in Ihrer Tabelle mehrere Zeilen gleichzeitig l\u00f6schen m\u00fcssen. Befolgen Sie dann die folgenden Schritte: <\/p><div class=\"wp-block-image\"><figure class=\"aligncenter size-full is-resized\"><img loading=\"lazy\" decoding=\"async\" class=\"wp-image-70194\" src=\"https:\/\/exceladvisor.org\/wp-content\/uploads\/2023\/08\/supprimer-plusieurs-lignes-continues.gif\" sizes=\"auto, \" srcset=\"\" alt=\"L\u00f6schen Sie mehrere fortlaufende Linien\" width=\"352\" height=\"368\"><\/figure><\/div><ol type=\"1\"><li> W\u00e4hlen Sie zun\u00e4chst alle Zeilen aus, die Sie aus dem Zeilenkopf entfernen m\u00f6chten.<\/li><li> Klicken Sie anschlie\u00dfend mit der rechten Maustaste auf eine der Zielzeilen.<\/li><li> Klicken Sie nun im Men\u00fc auf die Option \u201eL\u00f6schen\u201c.<\/li><li> Sobald Sie auf die L\u00f6schoption klicken, werden Sie sehen, dass alle ausgew\u00e4hlten Zeilen erfolgreich aus dem Arbeitsblatt gel\u00f6scht wurden.<\/li><\/ol><h2 class=\"wp-block-heading\"> L\u00f6schen Sie mehrere nicht zusammenh\u00e4ngende Zeilen<\/h2><p> Das L\u00f6schen mehrerer nicht benachbarter Zeilen aus dem Blatt ist eine einfache und spannende Sache. Nachfolgend finden Sie die Schritte hierf\u00fcr: <\/p><div class=\"wp-block-image\"><figure class=\"aligncenter size-full is-resized\"><img loading=\"lazy\" decoding=\"async\" class=\"wp-image-70195\" src=\"https:\/\/exceladvisor.org\/wp-content\/uploads\/2023\/08\/supprimer-plusieurs-lignes-non-continues.gif\" sizes=\"auto, \" srcset=\"\" alt=\"Mehrere nicht durchgehende Zeilen l\u00f6schen\" width=\"445\" height=\"397\"><\/figure><\/div><ol><li> W\u00e4hlen Sie zun\u00e4chst alle nicht benachbarten Zeilen einzeln aus, indem Sie die Strg-Taste gedr\u00fcckt halten.<\/li><li> Bewegen Sie anschlie\u00dfend den Cursor auf die Kopfzeile einer dieser Zeilen.<\/li><li> Klicken Sie nun mit der rechten Maustaste darauf und klicken Sie auf die Option <strong>L\u00f6schen<\/strong> .<\/li><li> Sobald Sie auf \u201eL\u00f6schen\u201c klicken; Dadurch werden alle ausgew\u00e4hlten nicht kontinuierlichen Linien entfernt.<\/li><\/ol><h2 class=\"wp-block-heading\"> L\u00f6schen Sie Zeilen mit einem Men\u00fcbandbefehl<\/h2><p> Eine andere M\u00f6glichkeit, Zeilen aus dem Arbeitsblatt zu l\u00f6schen, ist ebenfalls sehr schnell und spannend. Hier sind nun die Schritte daf\u00fcr. <\/p><div class=\"wp-block-image\"><figure class=\"aligncenter size-full is-resized\"><img loading=\"lazy\" decoding=\"async\" class=\"wp-image-70196\" src=\"https:\/\/exceladvisor.org\/wp-content\/uploads\/2023\/08\/supprimer-des-lignes-a-laide-du-ruban.gif\" sizes=\"auto, \" srcset=\"\" alt=\"L\u00f6schen Sie Zeilen mithilfe der Multifunktionsleiste\" width=\"800\" height=\"361\"><\/figure><\/div><ol><li> Um die Zeile in Excel zu l\u00f6schen, w\u00e4hlen Sie zun\u00e4chst (die mehreren Zeilen) aus, die Sie l\u00f6schen m\u00f6chten.<\/li><li> Klicken Sie nun auf der Registerkarte \u201eStartseite\u201c des Men\u00fcbands auf die Zellen und dann auf \u201eL\u00f6schen\u201c.<\/li><li> W\u00e4hlen Sie anschlie\u00dfend die Option <strong>\u201eBlattzeilen l\u00f6schen\u201c<\/strong> aus der Dropdown-Liste aus.<\/li><li> Sobald Sie darauf klicken, werden alle ausgew\u00e4hlten Zeilen aus dem Blatt gel\u00f6scht.<\/li><\/ol><p> Sie k\u00f6nnen auch die Tastenkombination Strg+ (-) verwenden, um Zeilen schnell zu l\u00f6schen.<\/p><h2 class=\"wp-block-heading\"> Abschluss<\/h2><p> Hier ist also die Liste der M\u00f6glichkeiten, eine Verkn\u00fcpfung zum L\u00f6schen der Zeilen einzuf\u00fcgen, die Sie nicht in Ihrer Tabelle haben m\u00f6chten. Dar\u00fcber hinaus hilft es Ihnen, Zeit zu sparen und Dinge besser zu erledigen.<\/p><p> Jetzt sag mir eins. \u201eWelche Methode bevorzugen Sie?\u201c \u00bb Bitte senden Sie mir im Kommentarbereich unten eine E-Mail, ich w\u00fcrde mich freuen, von Ihnen zu h\u00f6ren.<\/p><div class=\"gb-container gb-container-4db6181c gb-container-mt\"> <a class=\"gb-button gb-button-c5897111 gb-button-text gb-button-mt-button\" href=\"https:\/\/exceladvisor.org\/de\/excel-grundlagen\/\">Microsoft Excel-Grundlagen (Komponenten, Teile und Wissenshinweise)<\/a><h2 class=\"gb-headline gb-headline-665e5f6b gb-headline-text gb-headline-mt-heading\"> Verwandte Tutorials <\/h2><div class=\"gb-grid-wrapper gb-grid-wrapper-a20baf7c gb-grid-wrapper-mt-grid\"><div class=\"gb-grid-column gb-grid-column-65ddf67e\"><div class=\"gb-container gb-container-65ddf67e\"><ul><li> <a href=\"https:\/\/exceladvisor.org\/de\/hyperlinks-hinzufugen-und-entfernen\/\">F\u00fcgen Sie Hyperlinks in Excel hinzu und entfernen Sie sie<\/a><\/li><li> <a href=\"https:\/\/exceladvisor.org\/de\/wasserzeichen-hinzufugen\/\">F\u00fcgen Sie in Excel ein Wasserzeichen hinzu<\/a><\/li><li> <a href=\"https:\/\/exceladvisor.org\/de\/entfernen-sie-ausgeblendete-zeilenspalten\/\">L\u00f6schen Sie ausgeblendete Zeilen in Excel<\/a><\/li><li> <a href=\"https:\/\/exceladvisor.org\/de\/zellen-abwahlen\/\">Zellen in Excel abw\u00e4hlen<\/a><\/li><li> <a href=\"https:\/\/exceladvisor.org\/de\/fugen-sie-eine-spalte-hinzu\/\">F\u00fcgen Sie eine Spalte in Excel hinzu<\/a> <\/li><\/ul><\/div><\/div><div class=\"gb-grid-column gb-grid-column-50067b57\"><div class=\"gb-container gb-container-50067b57\"><ul><li> <a href=\"https:\/\/exceladvisor.org\/de\/spalte-kopieren\/\">Kopieren Sie eine Spalte und f\u00fcgen Sie sie in Excel ein<\/a><\/li><li> <a href=\"https:\/\/exceladvisor.org\/de\/zeilenspalte-verschieben\/\">Verschieben Sie eine Zeile und Spalte in Excel<\/a><\/li><li> <a href=\"https:\/\/exceladvisor.org\/de\/spaltenbreite\/\">So \u00e4ndern Sie die Spaltenbreite in Excel<\/a><\/li><li> <a href=\"https:\/\/exceladvisor.org\/de\/die-zelle-austauschen\/\">Tauschen Sie schnell zwei Zellen in Excel aus<\/a><\/li><li> <a href=\"https:\/\/exceladvisor.org\/de\/spalte-2\/\">Was ist eine Spalte in Excel?<\/a><\/li><\/ul><\/div><\/div><\/div><\/div>","protected":false},"excerpt":{"rendered":"","protected":false},"author":1,"featured_media":0,"parent":0,"menu_order":0,"comment_status":"open","ping_status":"closed","template":"","meta":{"ub_ctt_via":"","footnotes":""},"class_list":["post-3134","page","type-page","status-publish","hentry"],"featured_image_src":null,"yoast_head":"<!-- This site is optimized with the Yoast SEO plugin v25.4 - https:\/\/yoast.com\/wordpress\/plugins\/seo\/ -->\n<title>Wie l\u00f6sche ich eine einzelne Zeile\/mehrere Zeilen in Excel?<\/title>\n<meta name=\"description\" content=\"In diesem Tutorial erfahren Sie, wie Sie einzelne und mehrere Zeilen in Excel l\u00f6schen. Lesen Sie unbedingt den vollst\u00e4ndigen Blog\" \/>\n<meta name=\"robots\" content=\"index, follow, max-snippet:-1, max-image-preview:large, max-video-preview:-1\" \/>\n<link rel=\"canonical\" href=\"https:\/\/exceladvisor.org\/de\/zeilen-loschen\/\" \/>\n<meta property=\"og:locale\" content=\"de_DE\" \/>\n<meta property=\"og:type\" content=\"article\" \/>\n<meta property=\"og:title\" content=\"Wie l\u00f6sche ich eine einzelne Zeile\/mehrere Zeilen in Excel?\" \/>\n<meta property=\"og:description\" content=\"In diesem Tutorial erfahren Sie, wie Sie einzelne und mehrere Zeilen in Excel l\u00f6schen. Lesen Sie unbedingt den vollst\u00e4ndigen Blog\" \/>\n<meta property=\"og:url\" content=\"https:\/\/exceladvisor.org\/de\/zeilen-loschen\/\" \/>\n<meta property=\"og:site_name\" content=\"Excel Advisor\" \/>\n<meta property=\"article:modified_time\" content=\"2023-12-03T13:04:15+00:00\" \/>\n<meta property=\"og:image\" content=\"https:\/\/exceladvisor.org\/wp-content\/uploads\/2023\/08\/supprimer-une-seule-ligne.gif\" \/>\n<meta name=\"twitter:card\" content=\"summary_large_image\" \/>\n<meta name=\"twitter:label1\" content=\"Gesch\u00e4tzte Lesezeit\" \/>\n\t<meta name=\"twitter:data1\" content=\"3\u00a0Minuten\" \/>\n<script type=\"application\/ld+json\" class=\"yoast-schema-graph\">{\"@context\":\"https:\/\/schema.org\",\"@graph\":[{\"@type\":\"WebPage\",\"@id\":\"https:\/\/exceladvisor.org\/de\/zeilen-loschen\/\",\"url\":\"https:\/\/exceladvisor.org\/de\/zeilen-loschen\/\",\"name\":\"Wie l\u00f6sche ich eine einzelne Zeile\/mehrere Zeilen in Excel?\",\"isPartOf\":{\"@id\":\"https:\/\/exceladvisor.org\/de\/#website\"},\"primaryImageOfPage\":{\"@id\":\"https:\/\/exceladvisor.org\/de\/zeilen-loschen\/#primaryimage\"},\"image\":{\"@id\":\"https:\/\/exceladvisor.org\/de\/zeilen-loschen\/#primaryimage\"},\"thumbnailUrl\":\"https:\/\/exceladvisor.org\/wp-content\/uploads\/2023\/08\/supprimer-une-seule-ligne.gif\",\"datePublished\":\"2023-11-14T12:32:07+00:00\",\"dateModified\":\"2023-12-03T13:04:15+00:00\",\"description\":\"In diesem Tutorial erfahren Sie, wie Sie einzelne und mehrere Zeilen in Excel l\u00f6schen. Lesen Sie unbedingt den vollst\u00e4ndigen Blog\",\"breadcrumb\":{\"@id\":\"https:\/\/exceladvisor.org\/de\/zeilen-loschen\/#breadcrumb\"},\"inLanguage\":\"de\",\"potentialAction\":[{\"@type\":\"ReadAction\",\"target\":[\"https:\/\/exceladvisor.org\/de\/zeilen-loschen\/\"]}]},{\"@type\":\"ImageObject\",\"inLanguage\":\"de\",\"@id\":\"https:\/\/exceladvisor.org\/de\/zeilen-loschen\/#primaryimage\",\"url\":\"https:\/\/exceladvisor.org\/wp-content\/uploads\/2023\/08\/supprimer-une-seule-ligne.gif\",\"contentUrl\":\"https:\/\/exceladvisor.org\/wp-content\/uploads\/2023\/08\/supprimer-une-seule-ligne.gif\"},{\"@type\":\"BreadcrumbList\",\"@id\":\"https:\/\/exceladvisor.org\/de\/zeilen-loschen\/#breadcrumb\",\"itemListElement\":[{\"@type\":\"ListItem\",\"position\":1,\"name\":\"Accueil\",\"item\":\"https:\/\/exceladvisor.org\/de\/\"},{\"@type\":\"ListItem\",\"position\":2,\"name\":\"Wie l\u00f6sche ich eine einzelne zeile\/mehrere zeilen in excel?\"}]},{\"@type\":\"WebSite\",\"@id\":\"https:\/\/exceladvisor.org\/de\/#website\",\"url\":\"https:\/\/exceladvisor.org\/de\/\",\"name\":\"Excel Advisor\",\"description\":\"Ihr Leitfaden zur Datendominanz\",\"publisher\":{\"@id\":\"https:\/\/exceladvisor.org\/de\/#organization\"},\"potentialAction\":[{\"@type\":\"SearchAction\",\"target\":{\"@type\":\"EntryPoint\",\"urlTemplate\":\"https:\/\/exceladvisor.org\/de\/?s={search_term_string}\"},\"query-input\":{\"@type\":\"PropertyValueSpecification\",\"valueRequired\":true,\"valueName\":\"search_term_string\"}}],\"inLanguage\":\"de\"},{\"@type\":\"Organization\",\"@id\":\"https:\/\/exceladvisor.org\/de\/#organization\",\"name\":\"Excel Advisor\",\"url\":\"https:\/\/exceladvisor.org\/de\/\",\"logo\":{\"@type\":\"ImageObject\",\"inLanguage\":\"de\",\"@id\":\"https:\/\/exceladvisor.org\/de\/#\/schema\/logo\/image\/\",\"url\":\"https:\/\/exceladvisor.org\/de\/wp-content\/uploads\/2023\/11\/exceladvisor.org_.png\",\"contentUrl\":\"https:\/\/exceladvisor.org\/de\/wp-content\/uploads\/2023\/11\/exceladvisor.org_.png\",\"width\":105,\"height\":36,\"caption\":\"Excel Advisor\"},\"image\":{\"@id\":\"https:\/\/exceladvisor.org\/de\/#\/schema\/logo\/image\/\"}}]}<\/script>\n<!-- \/ Yoast SEO plugin. -->","yoast_head_json":{"title":"Wie l\u00f6sche ich eine einzelne Zeile\/mehrere Zeilen in Excel?","description":"In diesem Tutorial erfahren Sie, wie Sie einzelne und mehrere Zeilen in Excel l\u00f6schen. Lesen Sie unbedingt den vollst\u00e4ndigen Blog","robots":{"index":"index","follow":"follow","max-snippet":"max-snippet:-1","max-image-preview":"max-image-preview:large","max-video-preview":"max-video-preview:-1"},"canonical":"https:\/\/exceladvisor.org\/de\/zeilen-loschen\/","og_locale":"de_DE","og_type":"article","og_title":"Wie l\u00f6sche ich eine einzelne Zeile\/mehrere Zeilen in Excel?","og_description":"In diesem Tutorial erfahren Sie, wie Sie einzelne und mehrere Zeilen in Excel l\u00f6schen. Lesen Sie unbedingt den vollst\u00e4ndigen Blog","og_url":"https:\/\/exceladvisor.org\/de\/zeilen-loschen\/","og_site_name":"Excel Advisor","article_modified_time":"2023-12-03T13:04:15+00:00","og_image":[{"url":"https:\/\/exceladvisor.org\/wp-content\/uploads\/2023\/08\/supprimer-une-seule-ligne.gif","type":"","width":"","height":""}],"twitter_card":"summary_large_image","twitter_misc":{"Gesch\u00e4tzte Lesezeit":"3\u00a0Minuten"},"schema":{"@context":"https:\/\/schema.org","@graph":[{"@type":"WebPage","@id":"https:\/\/exceladvisor.org\/de\/zeilen-loschen\/","url":"https:\/\/exceladvisor.org\/de\/zeilen-loschen\/","name":"Wie l\u00f6sche ich eine einzelne Zeile\/mehrere Zeilen in Excel?","isPartOf":{"@id":"https:\/\/exceladvisor.org\/de\/#website"},"primaryImageOfPage":{"@id":"https:\/\/exceladvisor.org\/de\/zeilen-loschen\/#primaryimage"},"image":{"@id":"https:\/\/exceladvisor.org\/de\/zeilen-loschen\/#primaryimage"},"thumbnailUrl":"https:\/\/exceladvisor.org\/wp-content\/uploads\/2023\/08\/supprimer-une-seule-ligne.gif","datePublished":"2023-11-14T12:32:07+00:00","dateModified":"2023-12-03T13:04:15+00:00","description":"In diesem Tutorial erfahren Sie, wie Sie einzelne und mehrere Zeilen in Excel l\u00f6schen. Lesen Sie unbedingt den vollst\u00e4ndigen Blog","breadcrumb":{"@id":"https:\/\/exceladvisor.org\/de\/zeilen-loschen\/#breadcrumb"},"inLanguage":"de","potentialAction":[{"@type":"ReadAction","target":["https:\/\/exceladvisor.org\/de\/zeilen-loschen\/"]}]},{"@type":"ImageObject","inLanguage":"de","@id":"https:\/\/exceladvisor.org\/de\/zeilen-loschen\/#primaryimage","url":"https:\/\/exceladvisor.org\/wp-content\/uploads\/2023\/08\/supprimer-une-seule-ligne.gif","contentUrl":"https:\/\/exceladvisor.org\/wp-content\/uploads\/2023\/08\/supprimer-une-seule-ligne.gif"},{"@type":"BreadcrumbList","@id":"https:\/\/exceladvisor.org\/de\/zeilen-loschen\/#breadcrumb","itemListElement":[{"@type":"ListItem","position":1,"name":"Accueil","item":"https:\/\/exceladvisor.org\/de\/"},{"@type":"ListItem","position":2,"name":"Wie l\u00f6sche ich eine einzelne zeile\/mehrere zeilen in excel?"}]},{"@type":"WebSite","@id":"https:\/\/exceladvisor.org\/de\/#website","url":"https:\/\/exceladvisor.org\/de\/","name":"Excel Advisor","description":"Ihr Leitfaden zur Datendominanz","publisher":{"@id":"https:\/\/exceladvisor.org\/de\/#organization"},"potentialAction":[{"@type":"SearchAction","target":{"@type":"EntryPoint","urlTemplate":"https:\/\/exceladvisor.org\/de\/?s={search_term_string}"},"query-input":{"@type":"PropertyValueSpecification","valueRequired":true,"valueName":"search_term_string"}}],"inLanguage":"de"},{"@type":"Organization","@id":"https:\/\/exceladvisor.org\/de\/#organization","name":"Excel Advisor","url":"https:\/\/exceladvisor.org\/de\/","logo":{"@type":"ImageObject","inLanguage":"de","@id":"https:\/\/exceladvisor.org\/de\/#\/schema\/logo\/image\/","url":"https:\/\/exceladvisor.org\/de\/wp-content\/uploads\/2023\/11\/exceladvisor.org_.png","contentUrl":"https:\/\/exceladvisor.org\/de\/wp-content\/uploads\/2023\/11\/exceladvisor.org_.png","width":105,"height":36,"caption":"Excel Advisor"},"image":{"@id":"https:\/\/exceladvisor.org\/de\/#\/schema\/logo\/image\/"}}]}},"yoast_meta":{"yoast_wpseo_title":"","yoast_wpseo_metadesc":"","yoast_wpseo_canonical":""},"_links":{"self":[{"href":"https:\/\/exceladvisor.org\/de\/wp-json\/wp\/v2\/pages\/3134","targetHints":{"allow":["GET"]}}],"collection":[{"href":"https:\/\/exceladvisor.org\/de\/wp-json\/wp\/v2\/pages"}],"about":[{"href":"https:\/\/exceladvisor.org\/de\/wp-json\/wp\/v2\/types\/page"}],"author":[{"embeddable":true,"href":"https:\/\/exceladvisor.org\/de\/wp-json\/wp\/v2\/users\/1"}],"replies":[{"embeddable":true,"href":"https:\/\/exceladvisor.org\/de\/wp-json\/wp\/v2\/comments?post=3134"}],"version-history":[{"count":1,"href":"https:\/\/exceladvisor.org\/de\/wp-json\/wp\/v2\/pages\/3134\/revisions"}],"predecessor-version":[{"id":4145,"href":"https:\/\/exceladvisor.org\/de\/wp-json\/wp\/v2\/pages\/3134\/revisions\/4145"}],"wp:attachment":[{"href":"https:\/\/exceladvisor.org\/de\/wp-json\/wp\/v2\/media?parent=3134"}],"curies":[{"name":"wp","href":"https:\/\/api.w.org\/{rel}","templated":true}]}}