{"id":3135,"date":"2023-11-14T12:22:00","date_gmt":"2023-11-14T12:22:00","guid":{"rendered":"https:\/\/exceladvisor.org\/de\/nach-datum-sortieren\/"},"modified":"2023-12-03T13:05:00","modified_gmt":"2023-12-03T13:05:00","slug":"nach-datum-sortieren","status":"publish","type":"page","link":"https:\/\/exceladvisor.org\/de\/nach-datum-sortieren\/","title":{"rendered":"Wie sortiere ich werte nach datum, uhrzeit und umgekehrter sortierung?"},"content":{"rendered":"<div class=\"excel-vor-dem-inhalt\" id=\"excel-4137201588\"><script type=\"text\/javascript\">\r\n\tatOptions = {\r\n\t\t'key' : 'c1158f160081d6540a8409e6925dab94',\r\n\t\t'format' : 'iframe',\r\n\t\t'height' : 250,\r\n\t\t'width' : 300,\r\n\t\t'params' : {}\r\n\t};\r\n<\/script>\r\n<script type=\"text\/javascript\" src=\"\/\/www.highperformanceformat.com\/c1158f160081d6540a8409e6925dab94\/invoke.js\"><\/script><\/div> <p>Wenn Sie in Excel nach Datum sortieren m\u00f6chten, also wenn eine Spalte Datumsangaben enth\u00e4lt, k\u00f6nnen Sie einfach die Option SORTIEREN verwenden.<\/p><p> Wenn Sie die Spalte ausw\u00e4hlen, in der Sie Datumsangaben haben, und dann die Sortieroption \u00f6ffnen, haben Sie die M\u00f6glichkeit, in aufsteigender oder absteigender Reihenfolge zu sortieren.<\/p><p> Im folgenden Beispiel haben Sie Datumsangaben in Spalte A und m\u00fcssen nun in dieser Spalte nach Datumsangaben sortieren. <\/p><div class=\"wp-block-image\"><figure class=\"aligncenter size-full is-resized\"><img loading=\"lazy\" decoding=\"async\" class=\"wp-image-69984\" src=\"https:\/\/exceladvisor.org\/wp-content\/uploads\/2023\/08\/1-dates-aleatoires-dans-la-colonne.png\" sizes=\"auto, \" srcset=\"\" alt=\"Zuf\u00e4llige Daten in der Spalte\" width=\"293\" height=\"495\"><\/figure><\/div><p> Nun wollen wir sehen, wie wir es sortieren k\u00f6nnen.<\/p><h2 class=\"wp-block-heading\"> Schritte zum Sortieren nach Datum in Excel<\/h2><ol><li> Gehen Sie zun\u00e4chst zur Registerkarte \u201eDaten\u201c und klicken Sie auf die Schaltfl\u00e4che \u201eSortieren\u201c, um die Sortieroption zu \u00f6ffnen. Sie k\u00f6nnen auch die Tastenkombination A \u27a4 S \u27a4 S verwenden. <br><img loading=\"lazy\" decoding=\"async\" title=\"2-Sortierung nach Datum in Excel\" src=\"https:\/\/exceladvisor.org\/wp-content\/uploads\/2023\/08\/2-trier-par-date-dans-excel.png\" sizes=\"auto, \" srcset=\"\" alt=\"sort-by-date-in-excel\" width=\"630\" height=\"206\"><\/li><li> W\u00e4hlen Sie anschlie\u00dfend in der Option SORTIEREN die Spalte aus, die Sie sortieren m\u00f6chten, und w\u00e4hlen Sie dann die Reihenfolge aus, nach der Sie sortieren m\u00f6chten. <br><img loading=\"lazy\" decoding=\"async\" title=\"3-Spalte zum Sortieren ausw\u00e4hlen\" src=\"https:\/\/exceladvisor.org\/wp-content\/uploads\/2023\/08\/3-selectionnez-la-colonne-a-trier.png\" sizes=\"auto, \" srcset=\"\" alt=\"select-the-column-to-sort\" width=\"551\" height=\"257\"><\/li><li> Als N\u00e4chstes m\u00fcssen Sie die Option \u201eMeine Daten haben einen Header\u201c kennen, die bereits aktiviert ist. Sie m\u00fcssen jedoch sicherstellen, dass Sie die Option deaktivieren, wenn Ihre Daten keinen Header haben. <br><img loading=\"lazy\" decoding=\"async\" title=\"4-meine-Daten-Header-Option\" src=\"https:\/\/exceladvisor.org\/wp-content\/uploads\/2023\/08\/4-option-mes-en-tetes-de-donnees.png\" sizes=\"auto, \" srcset=\"\" alt=\"my-data-headers-option\" width=\"617\" height=\"288\"><\/li><li> Klicken Sie am Ende auf OK, um die Spalte nach Datum zu sortieren.<\/li><\/ol><p> Sobald Sie auf \u201eOK\u201c klicken, werden alle Daten vom \u00e4ltesten zum neuesten Datum sortiert. <\/p><div class=\"wp-block-image\"><figure class=\"aligncenter size-full is-resized\"><img loading=\"lazy\" decoding=\"async\" class=\"wp-image-69988\" src=\"https:\/\/exceladvisor.org\/wp-content\/uploads\/2023\/08\/5-dates-triees.png\" sizes=\"auto, \" srcset=\"\" alt=\"Termine sortiert\" width=\"380\" height=\"380\"><\/figure><\/div><h2 class=\"wp-block-heading\"> Sortieren Sie nach Datum und Uhrzeit<\/h2><p> In Excel werden Datumsangaben als Ganzzahlen und Uhrzeiten als Dezimalzahlen mit diesen Ganzzahlen gespeichert. Wenn Sie also nach Datum sortieren, wird bei der Sortieroption auch die Uhrzeit ber\u00fccksichtigt.<\/p><p> Im folgenden Beispiel haben Sie Zeit mit Datumsangaben. <\/p><div class=\"wp-block-image\"><figure class=\"aligncenter size-full is-resized\"><img loading=\"lazy\" decoding=\"async\" class=\"wp-image-69989\" src=\"https:\/\/exceladvisor.org\/wp-content\/uploads\/2023\/08\/6-trier-par-date-et-heure.png\" sizes=\"auto, \" srcset=\"\" alt=\"Sortieren nach Datum und Uhrzeit\" width=\"762\" height=\"362\"><\/figure><\/div><p> Und wenn Sie auf \u201eOK\u201c klicken, werden alle Daten von der \u00e4ltesten zur neuesten Bestellung sortiert. <\/p><div class=\"wp-block-image\"><figure class=\"aligncenter size-full is-resized\"><img loading=\"lazy\" decoding=\"async\" class=\"wp-image-69990\" src=\"https:\/\/exceladvisor.org\/wp-content\/uploads\/2023\/08\/7-dates-triees-de-lancien-au-nouveau.png\" sizes=\"auto, \" srcset=\"\" alt=\"Daten sortiert von alt nach neu\" width=\"365\" height=\"249\"><\/figure><\/div><p> Wenn Sie nun die ersten beiden Werte sehen, bei denen Sie die gleichen Datumsangaben haben, aber beide Datumsangaben Zeitwerte haben, sollte die Sortieroption sie nach den Zeitwerten sortieren.<\/p><p> Zuerst haben Sie das Datum um 05:56 Uhr, dann das Datum um 16:11 Uhr.<\/p><h2 class=\"wp-block-heading\"> Sortieren Sie die Daten nach Jahren<\/h2><p> Nehmen wir nun an, Sie m\u00f6chten die Daten nach Jahren sortieren. In diesem Fall m\u00fcssen Sie eine Hilfsspalte hinzuf\u00fcgen, um zuerst die Jahre ab dem Datum abzurufen und dann beide Spalten zu sortieren.<\/p><p> Im folgenden Beispiel haben wir die YEAR-Funktion in Spalte B verwendet, um die Jahre abzurufen. <\/p><div class=\"wp-block-image\"><figure class=\"aligncenter size-full is-resized\"><img loading=\"lazy\" decoding=\"async\" class=\"wp-image-69991\" src=\"https:\/\/exceladvisor.org\/wp-content\/uploads\/2023\/08\/8-trier-par-annees-a-partir-des-dates.png\" sizes=\"auto, \" srcset=\"\" alt=\"Sortieren nach Jahren ab Datum\" width=\"562\" height=\"270\"><\/figure><\/div><p> Sortieren Sie danach beide Spalten basierend auf der Jahresspalte, wie ich bereits sagte. <\/p><div class=\"wp-block-image\"><figure class=\"aligncenter size-full is-resized\"><img loading=\"lazy\" decoding=\"async\" class=\"wp-image-69992\" src=\"https:\/\/exceladvisor.org\/wp-content\/uploads\/2023\/08\/9-selectionner-trier-par-annees.png\" sizes=\"auto, \" srcset=\"\" alt=\"Ausw\u00e4hlen-Sortieren nach Jahren\" width=\"780\" height=\"408\"><\/figure><\/div><p> Und dazu m\u00fcssen Sie vom Kleinsten zum Gr\u00f6\u00dften wechseln und dann auf OK klicken. <\/p><div class=\"wp-block-image\"><figure class=\"aligncenter size-full is-resized\"><img loading=\"lazy\" decoding=\"async\" class=\"wp-image-69994\" src=\"https:\/\/exceladvisor.org\/wp-content\/uploads\/2023\/08\/10-dates-triees-par-annees.png\" sizes=\"auto, \" srcset=\"\" alt=\"Daten nach Jahren sortiert\" width=\"329\" height=\"370\"><\/figure><\/div><p> So sortieren Sie nach Datum und verwenden dabei nur die Jahre.<\/p><h2 class=\"wp-block-heading\"> Umgekehrte Sortierung nach Datum<\/h2><p> Im ersten Beispiel haben wir erkl\u00e4rt, dass Sie bereit sind, die Sortierreihenfolge zu \u00e4ndern.<\/p><p> Wenn Sie es also in umgekehrter Reihenfolge sortieren m\u00f6chten, k\u00f6nnen Sie \u201e\u00e4lteste nach neueste\u201c in \u201eneueste nach \u00e4lteste\u201c \u00e4ndern. <\/p><div class=\"wp-block-image\"><figure class=\"aligncenter size-full is-resized\"><img loading=\"lazy\" decoding=\"async\" class=\"wp-image-69995\" src=\"https:\/\/exceladvisor.org\/wp-content\/uploads\/2023\/08\/11-inverse-trier-par-date.png\" sizes=\"auto, \" srcset=\"\" alt=\"umgekehrte Sortierung nach Datum\" width=\"669\" height=\"311\"><\/figure><\/div><div class=\"gb-container gb-container-4db6181c gb-container-mt\"> <a class=\"gb-button gb-button-c5897111 gb-button-text gb-button-mt-button\" href=\"https:\/\/exceladvisor.org\/de\/excel-grundlagen\/\">Microsoft Excel-Grundlagen (Komponenten, Teile und Wissenshinweise)<\/a><h2 class=\"gb-headline gb-headline-665e5f6b gb-headline-text gb-headline-mt-heading\"> Verwandte Tutorials <\/h2><div class=\"gb-grid-wrapper gb-grid-wrapper-a20baf7c gb-grid-wrapper-mt-grid\"><div class=\"gb-grid-column gb-grid-column-65ddf67e\"><div class=\"gb-container gb-container-65ddf67e\"><ul><li> <a href=\"https:\/\/exceladvisor.org\/de\/horizontal-sortieren\/\">In Excel horizontal sortieren<\/a><\/li><li> <a href=\"https:\/\/exceladvisor.org\/de\/randomisieren-sie-die-liste\/\">Eine Liste randomisieren (zuf\u00e4llige Sortierung)<\/a><\/li><li> <a href=\"https:\/\/exceladvisor.org\/de\/sortieren-sie-den-bereich\/\">Bereich mit VBA sortieren<\/a> <\/li><\/ul><\/div><\/div><div class=\"gb-grid-column gb-grid-column-50067b57\"><div class=\"gb-container gb-container-50067b57\"><\/div><\/div><\/div><\/div>","protected":false},"excerpt":{"rendered":"","protected":false},"author":1,"featured_media":0,"parent":0,"menu_order":0,"comment_status":"open","ping_status":"closed","template":"","meta":{"ub_ctt_via":"","footnotes":""},"class_list":["post-3135","page","type-page","status-publish","hentry"],"featured_image_src":null,"yoast_head":"<!-- This site is optimized with the Yoast SEO plugin v25.4 - https:\/\/yoast.com\/wordpress\/plugins\/seo\/ -->\n<title>\u25b7 Wie sortiere ich Werte nach Datum, Uhrzeit und umgekehrter Sortierung?<\/title>\n<meta name=\"description\" content=\"In diesem Tutorial erfahren Sie, wie Sie Daten in einer Spalte mit \u201eNach Datum sortieren\u201c, \u201eDatum &amp; Uhrzeit\u201c und \u201eUmgekehrte Sortierung\u201c sortieren.\" \/>\n<meta name=\"robots\" content=\"index, follow, max-snippet:-1, max-image-preview:large, max-video-preview:-1\" \/>\n<link rel=\"canonical\" href=\"https:\/\/exceladvisor.org\/de\/nach-datum-sortieren\/\" \/>\n<meta property=\"og:locale\" content=\"de_DE\" \/>\n<meta property=\"og:type\" content=\"article\" \/>\n<meta property=\"og:title\" content=\"\u25b7 Wie sortiere ich Werte nach Datum, Uhrzeit und umgekehrter Sortierung?\" \/>\n<meta property=\"og:description\" content=\"In diesem Tutorial erfahren Sie, wie Sie Daten in einer Spalte mit \u201eNach Datum sortieren\u201c, \u201eDatum &amp; Uhrzeit\u201c und \u201eUmgekehrte Sortierung\u201c sortieren.\" \/>\n<meta property=\"og:url\" content=\"https:\/\/exceladvisor.org\/de\/nach-datum-sortieren\/\" \/>\n<meta property=\"og:site_name\" content=\"Excel Advisor\" \/>\n<meta property=\"article:modified_time\" content=\"2023-12-03T13:05:00+00:00\" \/>\n<meta property=\"og:image\" content=\"https:\/\/exceladvisor.org\/wp-content\/uploads\/2023\/08\/1-dates-aleatoires-dans-la-colonne.png\" \/>\n<meta name=\"twitter:card\" content=\"summary_large_image\" \/>\n<meta name=\"twitter:label1\" content=\"Gesch\u00e4tzte Lesezeit\" \/>\n\t<meta name=\"twitter:data1\" content=\"2\u00a0Minuten\" \/>\n<script type=\"application\/ld+json\" class=\"yoast-schema-graph\">{\"@context\":\"https:\/\/schema.org\",\"@graph\":[{\"@type\":\"WebPage\",\"@id\":\"https:\/\/exceladvisor.org\/de\/nach-datum-sortieren\/\",\"url\":\"https:\/\/exceladvisor.org\/de\/nach-datum-sortieren\/\",\"name\":\"\u25b7 Wie sortiere ich Werte nach Datum, Uhrzeit und umgekehrter Sortierung?\",\"isPartOf\":{\"@id\":\"https:\/\/exceladvisor.org\/de\/#website\"},\"primaryImageOfPage\":{\"@id\":\"https:\/\/exceladvisor.org\/de\/nach-datum-sortieren\/#primaryimage\"},\"image\":{\"@id\":\"https:\/\/exceladvisor.org\/de\/nach-datum-sortieren\/#primaryimage\"},\"thumbnailUrl\":\"https:\/\/exceladvisor.org\/wp-content\/uploads\/2023\/08\/1-dates-aleatoires-dans-la-colonne.png\",\"datePublished\":\"2023-11-14T12:22:00+00:00\",\"dateModified\":\"2023-12-03T13:05:00+00:00\",\"description\":\"In diesem Tutorial erfahren Sie, wie Sie Daten in einer Spalte mit \u201eNach Datum sortieren\u201c, \u201eDatum &amp; Uhrzeit\u201c und \u201eUmgekehrte Sortierung\u201c sortieren.\",\"breadcrumb\":{\"@id\":\"https:\/\/exceladvisor.org\/de\/nach-datum-sortieren\/#breadcrumb\"},\"inLanguage\":\"de\",\"potentialAction\":[{\"@type\":\"ReadAction\",\"target\":[\"https:\/\/exceladvisor.org\/de\/nach-datum-sortieren\/\"]}]},{\"@type\":\"ImageObject\",\"inLanguage\":\"de\",\"@id\":\"https:\/\/exceladvisor.org\/de\/nach-datum-sortieren\/#primaryimage\",\"url\":\"https:\/\/exceladvisor.org\/wp-content\/uploads\/2023\/08\/1-dates-aleatoires-dans-la-colonne.png\",\"contentUrl\":\"https:\/\/exceladvisor.org\/wp-content\/uploads\/2023\/08\/1-dates-aleatoires-dans-la-colonne.png\"},{\"@type\":\"BreadcrumbList\",\"@id\":\"https:\/\/exceladvisor.org\/de\/nach-datum-sortieren\/#breadcrumb\",\"itemListElement\":[{\"@type\":\"ListItem\",\"position\":1,\"name\":\"Accueil\",\"item\":\"https:\/\/exceladvisor.org\/de\/\"},{\"@type\":\"ListItem\",\"position\":2,\"name\":\"Wie sortiere ich werte nach datum, uhrzeit und umgekehrter sortierung?\"}]},{\"@type\":\"WebSite\",\"@id\":\"https:\/\/exceladvisor.org\/de\/#website\",\"url\":\"https:\/\/exceladvisor.org\/de\/\",\"name\":\"Excel Advisor\",\"description\":\"Ihr Leitfaden zur Datendominanz\",\"publisher\":{\"@id\":\"https:\/\/exceladvisor.org\/de\/#organization\"},\"potentialAction\":[{\"@type\":\"SearchAction\",\"target\":{\"@type\":\"EntryPoint\",\"urlTemplate\":\"https:\/\/exceladvisor.org\/de\/?s={search_term_string}\"},\"query-input\":{\"@type\":\"PropertyValueSpecification\",\"valueRequired\":true,\"valueName\":\"search_term_string\"}}],\"inLanguage\":\"de\"},{\"@type\":\"Organization\",\"@id\":\"https:\/\/exceladvisor.org\/de\/#organization\",\"name\":\"Excel Advisor\",\"url\":\"https:\/\/exceladvisor.org\/de\/\",\"logo\":{\"@type\":\"ImageObject\",\"inLanguage\":\"de\",\"@id\":\"https:\/\/exceladvisor.org\/de\/#\/schema\/logo\/image\/\",\"url\":\"https:\/\/exceladvisor.org\/de\/wp-content\/uploads\/2023\/11\/exceladvisor.org_.png\",\"contentUrl\":\"https:\/\/exceladvisor.org\/de\/wp-content\/uploads\/2023\/11\/exceladvisor.org_.png\",\"width\":105,\"height\":36,\"caption\":\"Excel Advisor\"},\"image\":{\"@id\":\"https:\/\/exceladvisor.org\/de\/#\/schema\/logo\/image\/\"}}]}<\/script>\n<!-- \/ Yoast SEO plugin. -->","yoast_head_json":{"title":"\u25b7 Wie sortiere ich Werte nach Datum, Uhrzeit und umgekehrter Sortierung?","description":"In diesem Tutorial erfahren Sie, wie Sie Daten in einer Spalte mit \u201eNach Datum sortieren\u201c, \u201eDatum &amp; Uhrzeit\u201c und \u201eUmgekehrte Sortierung\u201c sortieren.","robots":{"index":"index","follow":"follow","max-snippet":"max-snippet:-1","max-image-preview":"max-image-preview:large","max-video-preview":"max-video-preview:-1"},"canonical":"https:\/\/exceladvisor.org\/de\/nach-datum-sortieren\/","og_locale":"de_DE","og_type":"article","og_title":"\u25b7 Wie sortiere ich Werte nach Datum, Uhrzeit und umgekehrter Sortierung?","og_description":"In diesem Tutorial erfahren Sie, wie Sie Daten in einer Spalte mit \u201eNach Datum sortieren\u201c, \u201eDatum &amp; Uhrzeit\u201c und \u201eUmgekehrte Sortierung\u201c sortieren.","og_url":"https:\/\/exceladvisor.org\/de\/nach-datum-sortieren\/","og_site_name":"Excel Advisor","article_modified_time":"2023-12-03T13:05:00+00:00","og_image":[{"url":"https:\/\/exceladvisor.org\/wp-content\/uploads\/2023\/08\/1-dates-aleatoires-dans-la-colonne.png","type":"","width":"","height":""}],"twitter_card":"summary_large_image","twitter_misc":{"Gesch\u00e4tzte Lesezeit":"2\u00a0Minuten"},"schema":{"@context":"https:\/\/schema.org","@graph":[{"@type":"WebPage","@id":"https:\/\/exceladvisor.org\/de\/nach-datum-sortieren\/","url":"https:\/\/exceladvisor.org\/de\/nach-datum-sortieren\/","name":"\u25b7 Wie sortiere ich Werte nach Datum, Uhrzeit und umgekehrter Sortierung?","isPartOf":{"@id":"https:\/\/exceladvisor.org\/de\/#website"},"primaryImageOfPage":{"@id":"https:\/\/exceladvisor.org\/de\/nach-datum-sortieren\/#primaryimage"},"image":{"@id":"https:\/\/exceladvisor.org\/de\/nach-datum-sortieren\/#primaryimage"},"thumbnailUrl":"https:\/\/exceladvisor.org\/wp-content\/uploads\/2023\/08\/1-dates-aleatoires-dans-la-colonne.png","datePublished":"2023-11-14T12:22:00+00:00","dateModified":"2023-12-03T13:05:00+00:00","description":"In diesem Tutorial erfahren Sie, wie Sie Daten in einer Spalte mit \u201eNach Datum sortieren\u201c, \u201eDatum &amp; Uhrzeit\u201c und \u201eUmgekehrte Sortierung\u201c sortieren.","breadcrumb":{"@id":"https:\/\/exceladvisor.org\/de\/nach-datum-sortieren\/#breadcrumb"},"inLanguage":"de","potentialAction":[{"@type":"ReadAction","target":["https:\/\/exceladvisor.org\/de\/nach-datum-sortieren\/"]}]},{"@type":"ImageObject","inLanguage":"de","@id":"https:\/\/exceladvisor.org\/de\/nach-datum-sortieren\/#primaryimage","url":"https:\/\/exceladvisor.org\/wp-content\/uploads\/2023\/08\/1-dates-aleatoires-dans-la-colonne.png","contentUrl":"https:\/\/exceladvisor.org\/wp-content\/uploads\/2023\/08\/1-dates-aleatoires-dans-la-colonne.png"},{"@type":"BreadcrumbList","@id":"https:\/\/exceladvisor.org\/de\/nach-datum-sortieren\/#breadcrumb","itemListElement":[{"@type":"ListItem","position":1,"name":"Accueil","item":"https:\/\/exceladvisor.org\/de\/"},{"@type":"ListItem","position":2,"name":"Wie sortiere ich werte nach datum, uhrzeit und umgekehrter sortierung?"}]},{"@type":"WebSite","@id":"https:\/\/exceladvisor.org\/de\/#website","url":"https:\/\/exceladvisor.org\/de\/","name":"Excel Advisor","description":"Ihr Leitfaden zur Datendominanz","publisher":{"@id":"https:\/\/exceladvisor.org\/de\/#organization"},"potentialAction":[{"@type":"SearchAction","target":{"@type":"EntryPoint","urlTemplate":"https:\/\/exceladvisor.org\/de\/?s={search_term_string}"},"query-input":{"@type":"PropertyValueSpecification","valueRequired":true,"valueName":"search_term_string"}}],"inLanguage":"de"},{"@type":"Organization","@id":"https:\/\/exceladvisor.org\/de\/#organization","name":"Excel Advisor","url":"https:\/\/exceladvisor.org\/de\/","logo":{"@type":"ImageObject","inLanguage":"de","@id":"https:\/\/exceladvisor.org\/de\/#\/schema\/logo\/image\/","url":"https:\/\/exceladvisor.org\/de\/wp-content\/uploads\/2023\/11\/exceladvisor.org_.png","contentUrl":"https:\/\/exceladvisor.org\/de\/wp-content\/uploads\/2023\/11\/exceladvisor.org_.png","width":105,"height":36,"caption":"Excel Advisor"},"image":{"@id":"https:\/\/exceladvisor.org\/de\/#\/schema\/logo\/image\/"}}]}},"yoast_meta":{"yoast_wpseo_title":"","yoast_wpseo_metadesc":"","yoast_wpseo_canonical":""},"_links":{"self":[{"href":"https:\/\/exceladvisor.org\/de\/wp-json\/wp\/v2\/pages\/3135","targetHints":{"allow":["GET"]}}],"collection":[{"href":"https:\/\/exceladvisor.org\/de\/wp-json\/wp\/v2\/pages"}],"about":[{"href":"https:\/\/exceladvisor.org\/de\/wp-json\/wp\/v2\/types\/page"}],"author":[{"embeddable":true,"href":"https:\/\/exceladvisor.org\/de\/wp-json\/wp\/v2\/users\/1"}],"replies":[{"embeddable":true,"href":"https:\/\/exceladvisor.org\/de\/wp-json\/wp\/v2\/comments?post=3135"}],"version-history":[{"count":1,"href":"https:\/\/exceladvisor.org\/de\/wp-json\/wp\/v2\/pages\/3135\/revisions"}],"predecessor-version":[{"id":4190,"href":"https:\/\/exceladvisor.org\/de\/wp-json\/wp\/v2\/pages\/3135\/revisions\/4190"}],"wp:attachment":[{"href":"https:\/\/exceladvisor.org\/de\/wp-json\/wp\/v2\/media?parent=3135"}],"curies":[{"name":"wp","href":"https:\/\/api.w.org\/{rel}","templated":true}]}}