{"id":3136,"date":"2023-11-14T10:17:28","date_gmt":"2023-11-14T10:17:28","guid":{"rendered":"https:\/\/exceladvisor.org\/de\/zellenstil\/"},"modified":"2023-12-03T11:12:32","modified_gmt":"2023-12-03T11:12:32","slug":"zellenstil","status":"publish","type":"page","link":"https:\/\/exceladvisor.org\/de\/zellenstil\/","title":{"rendered":"Excel-zellenstil: titel, berechnung, summe und kopfzeilen"},"content":{"rendered":"<div class=\"excel-vor-dem-inhalt\" id=\"excel-1518520594\"><script type=\"text\/javascript\">\r\n\tatOptions = {\r\n\t\t'key' : 'c1158f160081d6540a8409e6925dab94',\r\n\t\t'format' : 'iframe',\r\n\t\t'height' : 250,\r\n\t\t'width' : 300,\r\n\t\t'params' : {}\r\n\t};\r\n<\/script>\r\n<script type=\"text\/javascript\" src=\"\/\/www.highperformanceformat.com\/c1158f160081d6540a8409e6925dab94\/invoke.js\"><\/script><\/div> <p>Wenn Sie in Excel mit Daten arbeiten, ist es manchmal wichtig, einen bestimmten Formatierungsstil auf eine Zelle oder einen Zellbereich anzuwenden. Nun ist es so, dass es aufw\u00e4ndig ist, einen Formatierungsstil f\u00fcr bestimmte Daten zu erstellen.<\/p><p> Aber die gute Nachricht ist: In Excel gibt es vordefinierte Stile, mit denen Sie sie auf verschiedene Zellen anwenden k\u00f6nnen. <\/p><div class=\"wp-block-image\"><figure class=\"aligncenter size-full is-resized\"><img loading=\"lazy\" decoding=\"async\" class=\"wp-image-72345\" src=\"https:\/\/exceladvisor.org\/wp-content\/uploads\/2023\/08\/1-styles-Excel-predefinis.png\" sizes=\"auto, \" srcset=\"\" alt=\"Excel-vordefinierte Stile\" width=\"585\" height=\"458\"><\/figure><\/div><p> Die Anwendung dieser Stile ist einfach und unkompliziert. Sie m\u00fcssen lediglich die Zelle ausw\u00e4hlen, die Sie formatieren m\u00f6chten, und dann den Stil im Dialogfeld \u201eZellenstil\u201c anwenden.<\/p><p> In diesem Tutorial erkunden wir diese Zellstile und versuchen, einige der n\u00fctzlichsten Formate (Titel, Berechnung, Summe und Kopfzeile) zu verwenden.<\/p><h2 class=\"wp-block-heading\"> Stilberechnung<\/h2><p> Wenn Sie in Excel mit <a href=\"https:\/\/exceladvisor.org\/de\/formeln\/\">vielen Berechnungen<\/a> arbeiten, was in der Praxis die Hauptanwendung von Excel ist, gibt es einen bestimmten Zellenstil, den Sie mit einer Berechnung auf die Zelle oder einen Zellbereich anwenden k\u00f6nnen. <\/p><div class=\"wp-block-image\"><figure class=\"aligncenter size-full is-resized\"><img loading=\"lazy\" decoding=\"async\" class=\"wp-image-72346\" src=\"https:\/\/exceladvisor.org\/wp-content\/uploads\/2023\/08\/2-styles-de-calcul.png\" sizes=\"auto, \" srcset=\"\" alt=\"Berechnungsstil\" width=\"457\" height=\"293\"><\/figure><\/div><p> Im folgenden Beispiel haben Sie in Zelle A15 eine Summenformel und in dieser Zelle haben wir den Berechnungsstil Excel-Zellenstile angewendet. <\/p><div class=\"wp-block-image\"><figure class=\"aligncenter size-full is-resized\"><img loading=\"lazy\" decoding=\"async\" class=\"wp-image-72347\" src=\"https:\/\/exceladvisor.org\/wp-content\/uploads\/2023\/08\/3-style-de-calcul-applique-a-une-cellule.png\" sizes=\"auto, \" srcset=\"\" alt=\"Berechnungsstil, der auf eine Zelle angewendet wird\" width=\"384\" height=\"567\"><\/figure><\/div><p> Wie Sie sehen k\u00f6nnen, hat es eine orange Schriftfarbe, Hellgrau als <a href=\"https:\/\/exceladvisor.org\/de\/zellfarbe\/\">Zellenfarbe<\/a> und einen hellen <a href=\"https:\/\/exceladvisor.org\/de\/grenzen-anwenden\/\">Rand<\/a> um die Zelle. <\/p><div class=\"wp-block-image\"><figure class=\"aligncenter size-full is-resized\"><img loading=\"lazy\" decoding=\"async\" class=\"wp-image-72348\" src=\"https:\/\/exceladvisor.org\/wp-content\/uploads\/2023\/08\/4-style-de-calcul-applique.png\" sizes=\"auto, \" srcset=\"\" alt=\"Berechnungsstil angewendet\" width=\"388\" height=\"296\"><\/figure><\/div><p> Wenn Sie versuchen, diese Stile manuell anzuwenden, m\u00fcssen Sie verschiedene Optionen verwenden, aber mit dem Berechnungszellenstil k\u00f6nnen Sie dies mit nur einem Klick tun.<\/p><h2 class=\"wp-block-heading\"> Titelstil<\/h2><p> Wenn Sie einen Zellenwert als Titel \u00e4ndern m\u00f6chten, k\u00f6nnen Sie den Titelstil aus den Zellstilen \u00fcbernehmen. <\/p><div class=\"wp-block-image\"><figure class=\"aligncenter size-full is-resized\"><img loading=\"lazy\" decoding=\"async\" class=\"wp-image-72349\" src=\"https:\/\/exceladvisor.org\/wp-content\/uploads\/2023\/08\/style-5-titres.png\" sizes=\"auto, \" srcset=\"\" alt=\"Titelstil\" width=\"539\" height=\"356\"><\/figure><\/div><p> Mit dem Titelstil erhalten Sie einen d\u00fcnnen Schriftschnitt und eine Schriftgr\u00f6\u00dfe von 18.<\/p><h2 class=\"wp-block-heading\"> Abschnitte<\/h2><p> Au\u00dferdem stehen Ihnen \u00dcberschriftenstile (1\u20134) zur Verf\u00fcgung, die Sie f\u00fcr Zelldaten verwenden k\u00f6nnen. <\/p><div class=\"wp-block-image\"><figure class=\"aligncenter size-full is-resized\"><img loading=\"lazy\" decoding=\"async\" class=\"wp-image-72350\" src=\"https:\/\/exceladvisor.org\/wp-content\/uploads\/2023\/08\/6-styles-de-titre.png\" sizes=\"auto, \" srcset=\"\" alt=\"\u00dcberschriftenstile\" width=\"584\" height=\"306\"><\/figure><\/div><p> Bei \u00dcberschriftenstilen erhalten Sie eine fette Schriftart und einen <a href=\"https:\/\/exceladvisor.org\/de\/grenze\/\">Rahmen am unteren Rand<\/a> der Zelle.<\/p><h2 class=\"wp-block-heading\"> Gesamt<\/h2><p> Sie verf\u00fcgen au\u00dferdem \u00fcber einen Gesamtzellenstil, der n\u00fctzlich sein kann, wenn Sie mit <a href=\"https:\/\/exceladvisor.org\/de\/buchhaltungsnummernformat\/\">Buchhaltungsdaten<\/a> arbeiten. <\/p><div class=\"wp-block-image\"><figure class=\"aligncenter size-full is-resized\"><img loading=\"lazy\" decoding=\"async\" class=\"wp-image-72351\" src=\"https:\/\/exceladvisor.org\/wp-content\/uploads\/2023\/08\/7-styles-au-total.png\" sizes=\"auto, \" srcset=\"\" alt=\"Totaler Stil\" width=\"593\" height=\"327\"><\/figure><\/div><h2 class=\"wp-block-heading\"> Einen neuen Stil kreieren<\/h2><p> Zus\u00e4tzlich zu den Stilen, die Sie haben, k\u00f6nnen Sie einen neuen Stil f\u00fcr sich selbst kreieren. Klicken Sie unten im Dialogfeld auf \u201eNeuer Zellenstil\u201c. Daraufhin wird das Stildialogfeld ge\u00f6ffnet. <\/p><div class=\"wp-block-image\"><figure class=\"aligncenter size-full is-resized\"><img loading=\"lazy\" decoding=\"async\" class=\"wp-image-72352\" src=\"https:\/\/exceladvisor.org\/wp-content\/uploads\/2023\/08\/8-creer-un-nouveau-style.png\" sizes=\"auto, \" srcset=\"\" alt=\"einen neuen Stil kreieren\" width=\"700\" height=\"410\"><\/figure><\/div><p> Von hier aus stehen Ihnen sechs verschiedene Formatierungsoptionen zur Verf\u00fcgung, die Sie in Ihren Zellenstil integrieren k\u00f6nnen. <\/p><div class=\"wp-block-image\"><figure class=\"aligncenter size-full is-resized\"><img loading=\"lazy\" decoding=\"async\" class=\"wp-image-72353\" src=\"https:\/\/exceladvisor.org\/wp-content\/uploads\/2023\/08\/9-six-options-de-formatage-differentes.png\" sizes=\"auto, \" srcset=\"\" alt=\"sechs verschiedene Formatierungsoptionen\" width=\"315\" height=\"393\"><\/figure><\/div><p> Wenn Sie jedoch eine pr\u00e4zise Formatierung anwenden m\u00f6chten, klicken Sie auf die Schaltfl\u00e4che \u201eFormatieren\u201c, um das Dialogfeld mit den Formatoptionen zu \u00f6ffnen. <\/p><div class=\"wp-block-image\"><figure class=\"aligncenter size-full is-resized\"><img loading=\"lazy\" decoding=\"async\" class=\"wp-image-72354\" src=\"https:\/\/exceladvisor.org\/wp-content\/uploads\/2023\/08\/Boite-de-dialogue-10-options-de-format.png\" sizes=\"auto, \" srcset=\"\" alt=\"Formatierungsoptionsdialog\" width=\"827\" height=\"517\"><\/figure><\/div><p> Geben Sie am Ende einen Namen f\u00fcr Ihren Stil ein und klicken Sie zum Speichern auf OK. <\/p><div class=\"wp-block-image\"><figure class=\"aligncenter size-full is-resized\"><img loading=\"lazy\" decoding=\"async\" class=\"wp-image-72355\" src=\"https:\/\/exceladvisor.org\/wp-content\/uploads\/2023\/08\/11-entrez-le-nom-de-votre-style.png\" sizes=\"auto, \" srcset=\"\" alt=\"Geben Sie Ihren Stilnamen ein\" width=\"319\" height=\"277\"><\/figure><\/div><h2 class=\"wp-block-heading\"> Bearbeiten Sie einen Zellenstil<\/h2><p> Sie haben auch die M\u00f6glichkeit, einen der bearbeitbaren Zellstile zu bearbeiten und eine \u00c4nderung daran vorzunehmen. Dies kann ein von Ihnen erstellter benutzerdefinierter Stil oder einer der vordefinierten Stile sein. Sie m\u00fcssen lediglich mit der rechten Maustaste auf den Stil klicken und auf \u201eBearbeiten\u201c klicken. <\/p><div class=\"wp-block-image\"><figure class=\"aligncenter size-full is-resized\"><img loading=\"lazy\" decoding=\"async\" class=\"wp-image-72356\" src=\"https:\/\/exceladvisor.org\/wp-content\/uploads\/2023\/08\/12-modifier-un-style-de-cellule.png\" sizes=\"auto, \" srcset=\"\" alt=\"\u00c4ndern Sie den Stil einer Zelle\" width=\"408\" height=\"249\"><\/figure><\/div><p> Dadurch wird das Dialogfeld ge\u00f6ffnet, in dem Sie \u00c4nderungen am Stil vornehmen und ihn speichern k\u00f6nnen.<\/p><div class=\"gb-container gb-container-4db6181c gb-container-mt\"> <a class=\"gb-button gb-button-c5897111 gb-button-text gb-button-mt-button\" href=\"https:\/\/exceladvisor.org\/de\/excel-grundlagen\/\">Microsoft Excel-Grundlagen (Komponenten, Teile und Wissenshinweise)<\/a><h2 class=\"gb-headline gb-headline-665e5f6b gb-headline-text gb-headline-mt-heading\"> Verwandte Tutorials <\/h2><div class=\"gb-grid-wrapper gb-grid-wrapper-a20baf7c gb-grid-wrapper-mt-grid\"><div class=\"gb-grid-column gb-grid-column-65ddf67e\"><div class=\"gb-container gb-container-65ddf67e\"><ul><li> <a href=\"https:\/\/exceladvisor.org\/de\/fugen-sie-eine-seitenzahl-hinzu\/\">F\u00fcgen Sie in Excel eine Seitenzahl hinzu<\/a><\/li><li> <a href=\"https:\/\/exceladvisor.org\/de\/komma-stil-anwenden\/\">Wenden Sie den Kommastil in Excel an<\/a><\/li><li> <a href=\"https:\/\/exceladvisor.org\/de\/stange\/\">Durchstreichen in Excel anwenden<\/a><\/li><li> <a href=\"https:\/\/exceladvisor.org\/de\/markieren-sie-leere-zellen\/\">Markieren Sie leere Zellen in Excel<\/a> <\/li><\/ul><\/div><\/div><div class=\"gb-grid-column gb-grid-column-50067b57\"><div class=\"gb-container gb-container-50067b57\"><\/div><\/div><\/div><\/div>","protected":false},"excerpt":{"rendered":"","protected":false},"author":1,"featured_media":0,"parent":0,"menu_order":0,"comment_status":"open","ping_status":"closed","template":"","meta":{"ub_ctt_via":"","footnotes":""},"class_list":["post-3136","page","type-page","status-publish","hentry"],"featured_image_src":null,"yoast_head":"<!-- This site is optimized with the Yoast SEO plugin v25.4 - https:\/\/yoast.com\/wordpress\/plugins\/seo\/ -->\n<title>Excel-Zellenstil: Titel, Berechnung, Summe und Kopfzeilen (2023)<\/title>\n<meta name=\"description\" content=\"In diesem Tutorial erfahren Sie, wie Sie die Option \u201eZellenstil\u201c von Excel verwenden. Wir werden uns die verf\u00fcgbaren Stile und einen Stil ansehen\" \/>\n<meta name=\"robots\" content=\"index, follow, max-snippet:-1, max-image-preview:large, max-video-preview:-1\" \/>\n<link rel=\"canonical\" href=\"https:\/\/exceladvisor.org\/de\/zellenstil\/\" \/>\n<meta property=\"og:locale\" content=\"de_DE\" \/>\n<meta property=\"og:type\" content=\"article\" \/>\n<meta property=\"og:title\" content=\"Excel-Zellenstil: Titel, Berechnung, Summe und Kopfzeilen (2023)\" \/>\n<meta property=\"og:description\" content=\"In diesem Tutorial erfahren Sie, wie Sie die Option \u201eZellenstil\u201c von Excel verwenden. Wir werden uns die verf\u00fcgbaren Stile und einen Stil ansehen\" \/>\n<meta property=\"og:url\" content=\"https:\/\/exceladvisor.org\/de\/zellenstil\/\" \/>\n<meta property=\"og:site_name\" content=\"Excel Advisor\" \/>\n<meta property=\"article:modified_time\" content=\"2023-12-03T11:12:32+00:00\" \/>\n<meta property=\"og:image\" content=\"https:\/\/exceladvisor.org\/wp-content\/uploads\/2023\/08\/1-styles-Excel-predefinis.png\" \/>\n<meta name=\"twitter:card\" content=\"summary_large_image\" \/>\n<meta name=\"twitter:label1\" content=\"Gesch\u00e4tzte Lesezeit\" \/>\n\t<meta name=\"twitter:data1\" content=\"2\u00a0Minuten\" \/>\n<script type=\"application\/ld+json\" class=\"yoast-schema-graph\">{\"@context\":\"https:\/\/schema.org\",\"@graph\":[{\"@type\":\"WebPage\",\"@id\":\"https:\/\/exceladvisor.org\/de\/zellenstil\/\",\"url\":\"https:\/\/exceladvisor.org\/de\/zellenstil\/\",\"name\":\"Excel-Zellenstil: Titel, Berechnung, Summe und Kopfzeilen (2023)\",\"isPartOf\":{\"@id\":\"https:\/\/exceladvisor.org\/de\/#website\"},\"primaryImageOfPage\":{\"@id\":\"https:\/\/exceladvisor.org\/de\/zellenstil\/#primaryimage\"},\"image\":{\"@id\":\"https:\/\/exceladvisor.org\/de\/zellenstil\/#primaryimage\"},\"thumbnailUrl\":\"https:\/\/exceladvisor.org\/wp-content\/uploads\/2023\/08\/1-styles-Excel-predefinis.png\",\"datePublished\":\"2023-11-14T10:17:28+00:00\",\"dateModified\":\"2023-12-03T11:12:32+00:00\",\"description\":\"In diesem Tutorial erfahren Sie, wie Sie die Option \u201eZellenstil\u201c von Excel verwenden. Wir werden uns die verf\u00fcgbaren Stile und einen Stil ansehen\",\"breadcrumb\":{\"@id\":\"https:\/\/exceladvisor.org\/de\/zellenstil\/#breadcrumb\"},\"inLanguage\":\"de\",\"potentialAction\":[{\"@type\":\"ReadAction\",\"target\":[\"https:\/\/exceladvisor.org\/de\/zellenstil\/\"]}]},{\"@type\":\"ImageObject\",\"inLanguage\":\"de\",\"@id\":\"https:\/\/exceladvisor.org\/de\/zellenstil\/#primaryimage\",\"url\":\"https:\/\/exceladvisor.org\/wp-content\/uploads\/2023\/08\/1-styles-Excel-predefinis.png\",\"contentUrl\":\"https:\/\/exceladvisor.org\/wp-content\/uploads\/2023\/08\/1-styles-Excel-predefinis.png\"},{\"@type\":\"BreadcrumbList\",\"@id\":\"https:\/\/exceladvisor.org\/de\/zellenstil\/#breadcrumb\",\"itemListElement\":[{\"@type\":\"ListItem\",\"position\":1,\"name\":\"Accueil\",\"item\":\"https:\/\/exceladvisor.org\/de\/\"},{\"@type\":\"ListItem\",\"position\":2,\"name\":\"Excel-zellenstil: titel, berechnung, summe und kopfzeilen\"}]},{\"@type\":\"WebSite\",\"@id\":\"https:\/\/exceladvisor.org\/de\/#website\",\"url\":\"https:\/\/exceladvisor.org\/de\/\",\"name\":\"Excel Advisor\",\"description\":\"Ihr Leitfaden zur Datendominanz\",\"publisher\":{\"@id\":\"https:\/\/exceladvisor.org\/de\/#organization\"},\"potentialAction\":[{\"@type\":\"SearchAction\",\"target\":{\"@type\":\"EntryPoint\",\"urlTemplate\":\"https:\/\/exceladvisor.org\/de\/?s={search_term_string}\"},\"query-input\":{\"@type\":\"PropertyValueSpecification\",\"valueRequired\":true,\"valueName\":\"search_term_string\"}}],\"inLanguage\":\"de\"},{\"@type\":\"Organization\",\"@id\":\"https:\/\/exceladvisor.org\/de\/#organization\",\"name\":\"Excel Advisor\",\"url\":\"https:\/\/exceladvisor.org\/de\/\",\"logo\":{\"@type\":\"ImageObject\",\"inLanguage\":\"de\",\"@id\":\"https:\/\/exceladvisor.org\/de\/#\/schema\/logo\/image\/\",\"url\":\"https:\/\/exceladvisor.org\/de\/wp-content\/uploads\/2023\/11\/exceladvisor.org_.png\",\"contentUrl\":\"https:\/\/exceladvisor.org\/de\/wp-content\/uploads\/2023\/11\/exceladvisor.org_.png\",\"width\":105,\"height\":36,\"caption\":\"Excel Advisor\"},\"image\":{\"@id\":\"https:\/\/exceladvisor.org\/de\/#\/schema\/logo\/image\/\"}}]}<\/script>\n<!-- \/ Yoast SEO plugin. -->","yoast_head_json":{"title":"Excel-Zellenstil: Titel, Berechnung, Summe und Kopfzeilen (2023)","description":"In diesem Tutorial erfahren Sie, wie Sie die Option \u201eZellenstil\u201c von Excel verwenden. Wir werden uns die verf\u00fcgbaren Stile und einen Stil ansehen","robots":{"index":"index","follow":"follow","max-snippet":"max-snippet:-1","max-image-preview":"max-image-preview:large","max-video-preview":"max-video-preview:-1"},"canonical":"https:\/\/exceladvisor.org\/de\/zellenstil\/","og_locale":"de_DE","og_type":"article","og_title":"Excel-Zellenstil: Titel, Berechnung, Summe und Kopfzeilen (2023)","og_description":"In diesem Tutorial erfahren Sie, wie Sie die Option \u201eZellenstil\u201c von Excel verwenden. Wir werden uns die verf\u00fcgbaren Stile und einen Stil ansehen","og_url":"https:\/\/exceladvisor.org\/de\/zellenstil\/","og_site_name":"Excel Advisor","article_modified_time":"2023-12-03T11:12:32+00:00","og_image":[{"url":"https:\/\/exceladvisor.org\/wp-content\/uploads\/2023\/08\/1-styles-Excel-predefinis.png","type":"","width":"","height":""}],"twitter_card":"summary_large_image","twitter_misc":{"Gesch\u00e4tzte Lesezeit":"2\u00a0Minuten"},"schema":{"@context":"https:\/\/schema.org","@graph":[{"@type":"WebPage","@id":"https:\/\/exceladvisor.org\/de\/zellenstil\/","url":"https:\/\/exceladvisor.org\/de\/zellenstil\/","name":"Excel-Zellenstil: Titel, Berechnung, Summe und Kopfzeilen (2023)","isPartOf":{"@id":"https:\/\/exceladvisor.org\/de\/#website"},"primaryImageOfPage":{"@id":"https:\/\/exceladvisor.org\/de\/zellenstil\/#primaryimage"},"image":{"@id":"https:\/\/exceladvisor.org\/de\/zellenstil\/#primaryimage"},"thumbnailUrl":"https:\/\/exceladvisor.org\/wp-content\/uploads\/2023\/08\/1-styles-Excel-predefinis.png","datePublished":"2023-11-14T10:17:28+00:00","dateModified":"2023-12-03T11:12:32+00:00","description":"In diesem Tutorial erfahren Sie, wie Sie die Option \u201eZellenstil\u201c von Excel verwenden. Wir werden uns die verf\u00fcgbaren Stile und einen Stil ansehen","breadcrumb":{"@id":"https:\/\/exceladvisor.org\/de\/zellenstil\/#breadcrumb"},"inLanguage":"de","potentialAction":[{"@type":"ReadAction","target":["https:\/\/exceladvisor.org\/de\/zellenstil\/"]}]},{"@type":"ImageObject","inLanguage":"de","@id":"https:\/\/exceladvisor.org\/de\/zellenstil\/#primaryimage","url":"https:\/\/exceladvisor.org\/wp-content\/uploads\/2023\/08\/1-styles-Excel-predefinis.png","contentUrl":"https:\/\/exceladvisor.org\/wp-content\/uploads\/2023\/08\/1-styles-Excel-predefinis.png"},{"@type":"BreadcrumbList","@id":"https:\/\/exceladvisor.org\/de\/zellenstil\/#breadcrumb","itemListElement":[{"@type":"ListItem","position":1,"name":"Accueil","item":"https:\/\/exceladvisor.org\/de\/"},{"@type":"ListItem","position":2,"name":"Excel-zellenstil: titel, berechnung, summe und kopfzeilen"}]},{"@type":"WebSite","@id":"https:\/\/exceladvisor.org\/de\/#website","url":"https:\/\/exceladvisor.org\/de\/","name":"Excel Advisor","description":"Ihr Leitfaden zur Datendominanz","publisher":{"@id":"https:\/\/exceladvisor.org\/de\/#organization"},"potentialAction":[{"@type":"SearchAction","target":{"@type":"EntryPoint","urlTemplate":"https:\/\/exceladvisor.org\/de\/?s={search_term_string}"},"query-input":{"@type":"PropertyValueSpecification","valueRequired":true,"valueName":"search_term_string"}}],"inLanguage":"de"},{"@type":"Organization","@id":"https:\/\/exceladvisor.org\/de\/#organization","name":"Excel Advisor","url":"https:\/\/exceladvisor.org\/de\/","logo":{"@type":"ImageObject","inLanguage":"de","@id":"https:\/\/exceladvisor.org\/de\/#\/schema\/logo\/image\/","url":"https:\/\/exceladvisor.org\/de\/wp-content\/uploads\/2023\/11\/exceladvisor.org_.png","contentUrl":"https:\/\/exceladvisor.org\/de\/wp-content\/uploads\/2023\/11\/exceladvisor.org_.png","width":105,"height":36,"caption":"Excel Advisor"},"image":{"@id":"https:\/\/exceladvisor.org\/de\/#\/schema\/logo\/image\/"}}]}},"yoast_meta":{"yoast_wpseo_title":"","yoast_wpseo_metadesc":"","yoast_wpseo_canonical":""},"_links":{"self":[{"href":"https:\/\/exceladvisor.org\/de\/wp-json\/wp\/v2\/pages\/3136","targetHints":{"allow":["GET"]}}],"collection":[{"href":"https:\/\/exceladvisor.org\/de\/wp-json\/wp\/v2\/pages"}],"about":[{"href":"https:\/\/exceladvisor.org\/de\/wp-json\/wp\/v2\/types\/page"}],"author":[{"embeddable":true,"href":"https:\/\/exceladvisor.org\/de\/wp-json\/wp\/v2\/users\/1"}],"replies":[{"embeddable":true,"href":"https:\/\/exceladvisor.org\/de\/wp-json\/wp\/v2\/comments?post=3136"}],"version-history":[{"count":1,"href":"https:\/\/exceladvisor.org\/de\/wp-json\/wp\/v2\/pages\/3136\/revisions"}],"predecessor-version":[{"id":3765,"href":"https:\/\/exceladvisor.org\/de\/wp-json\/wp\/v2\/pages\/3136\/revisions\/3765"}],"wp:attachment":[{"href":"https:\/\/exceladvisor.org\/de\/wp-json\/wp\/v2\/media?parent=3136"}],"curies":[{"name":"wp","href":"https:\/\/api.w.org\/{rel}","templated":true}]}}