{"id":3137,"date":"2023-11-14T02:04:06","date_gmt":"2023-11-14T02:04:06","guid":{"rendered":"https:\/\/exceladvisor.org\/de\/markieren-sie-leere-zellen\/"},"modified":"2023-12-03T11:12:51","modified_gmt":"2023-12-03T11:12:51","slug":"markieren-sie-leere-zellen","status":"publish","type":"page","link":"https:\/\/exceladvisor.org\/de\/markieren-sie-leere-zellen\/","title":{"rendered":"So markieren sie leere zellen in excel"},"content":{"rendered":"<div class=\"excel-vor-dem-inhalt\" id=\"excel-2206015171\"><script type=\"text\/javascript\">\r\n\tatOptions = {\r\n\t\t'key' : 'c1158f160081d6540a8409e6925dab94',\r\n\t\t'format' : 'iframe',\r\n\t\t'height' : 250,\r\n\t\t'width' : 300,\r\n\t\t'params' : {}\r\n\t};\r\n<\/script>\r\n<script type=\"text\/javascript\" src=\"\/\/www.highperformanceformat.com\/c1158f160081d6540a8409e6925dab94\/invoke.js\"><\/script><\/div> <p>Es ist schwierig, leere Zellen in gro\u00dfen Datenmengen zu erkennen, da eine leere Zelle nur eine wei\u00dfe Zelle ohne Wert ist. In den meisten F\u00e4llen stellen leere Zellen fehlende Daten dar oder eine Formel gibt eine leere Zeichenfolge zur\u00fcck, was zu einer leeren Zelle f\u00fchrt.<\/p><p> Und deshalb empfiehlt es sich, diese Zellen farblich hervorzuheben, damit wir sie erkennen k\u00f6nnen.<\/p><p> Sie fragen sich vielleicht: Was ist die beste Methode, um leere Zellen zu finden und hervorzuheben? Aber hier ist der Haken: Es liegt an Ihnen, denn es gibt mehr als eine M\u00f6glichkeit, dies zu tun, und Sie k\u00f6nnen jede dieser M\u00f6glichkeiten nutzen, um Ihre Arbeit zu erledigen. Alle diese Methoden sind einzigartig.<\/p><p> Deshalb m\u00f6chte ich Ihnen heute in diesem Artikel drei verschiedene Methoden vorstellen, mit denen Sie leere Zellen in Excel hervorheben k\u00f6nnen. Also lasst uns anfangen.<\/p><p> Hier haben wir die Tabelle unten, in der wir leere Zellen haben. Sie k\u00f6nnen es <a href=\"https:\/\/exceladvisor.org\/wp-content\/uploads\/2023\/08\/mettre-en-surbrillance-les-cellules-vides-2.xlsx\" target=\"_blank\" rel=\"noreferrer noopener nofollow\">hier<\/a> herunterladen, um es mitzuverfolgen. <\/p><div class=\"wp-block-image\"><figure class=\"aligncenter\"><img decoding=\"async\" title=\"Markieren Sie die Datentabelle mit leeren Zellen\" src=\"https:\/\/exceladvisor.org\/wp-content\/uploads\/2023\/08\/comment-mettre-en-surbrillance-des-cellules-vides-avec-un-tableau-de-donnees-de-mise-en-forme-conditionnelle-1.png\" sizes=\"\" srcset=\"\" alt=\"highlight blank cells data table\"><\/figure><\/div><h2 class=\"wp-block-heading\"> Markieren Sie leere Zellen mit GoTo Special<\/h2><p> <span style=\"font-size: 1em;\">Wenn Sie allen leeren Zellen in einem Bereich eine Farbe zuweisen m\u00f6chten,<\/span> kann es eine <span style=\"font-size: 1em;\">einfache M\u00f6glichkeit sein, zu einer speziellen Option zu wechseln. Diese Methode ist einfach:<\/span> W\u00e4hlen Sie alle leeren Zellen aus und <a href=\"https:\/\/exceladvisor.org\/de\/zellfarbe\/\">wenden Sie <span style=\"font-size: 1em;\">eine Zellenfarbe<\/span> an<\/a> <span style=\"font-size: 1em;\">. Ja das ist es.<\/span> Nachfolgend finden Sie die Schritte zum Hervorheben aller leeren Zellen.<\/p><ol><li> W\u00e4hlen Sie zun\u00e4chst alle Ihre Daten aus. <br><img decoding=\"async\" title=\"So markieren Sie leere Zellen mit bedingter Formatierung und w\u00e4hlen Daten aus\" src=\"https:\/\/exceladvisor.org\/wp-content\/uploads\/2023\/08\/comment-mettre-en-surbrillance-des-cellules-vides-avec-une-mise-en-forme-conditionnelle-selectionner-des-donnees-1.png\" sizes=\"\" srcset=\"\" alt=\"how to highlight blank cells select data\"><\/li><li> Gehen Sie zur Registerkarte \u201eStartseite\u201c \u27a4 Suchen und Ausw\u00e4hlen \u27a4 Klicken Sie auf \u201eGehe zu Spezial\u201c. <br><img decoding=\"async\" title=\"W\u00e4hlen Sie \u201eGehe zu, um leere Zellen in Excel hervorzuheben\u201c.\" src=\"https:\/\/exceladvisor.org\/wp-content\/uploads\/2023\/08\/selectionnez-goto-pour-mettre-en-surbrillance-les-cellules-vides-dans-excel-1.png\" sizes=\"\" srcset=\"\" alt=\"select goto to highlight blank cells in excel\"><\/li><li> W\u00e4hlen Sie im Fenster \u201eGehe zu Spezial\u201c die Option \u201eLeer\u201c und klicken Sie auf \u201eOK\u201c. (Es werden alle leeren Zellen in der Tabelle ausgew\u00e4hlt.) <br><img decoding=\"async\" title=\"Leer ausw\u00e4hlen, um leere Zellen in Excel hervorzuheben\" src=\"https:\/\/exceladvisor.org\/wp-content\/uploads\/2023\/08\/selectionnez-vide-pour-mettre-en-surbrillance-les-cellules-vides-dans-excel-1.png\" sizes=\"\" srcset=\"\" alt=\"select blank to highlight blank cells in excel\"><\/li><li> Gehen Sie anschlie\u00dfend zur Registerkarte \u201eStartseite\u201c und wenden Sie Farbe an, um die Zellen hervorzuheben. <br><img decoding=\"async\" title=\"Farbe anwenden, um leere Zellen in Excel hervorzuheben\" src=\"https:\/\/exceladvisor.org\/wp-content\/uploads\/2023\/08\/appliquer-une-couleur-pour-mettre-en-surbrillance-les-cellules-vides-dans-Excel-1.png\" sizes=\"\" srcset=\"\" alt=\"apply color to highlight blank cells in excel\"><\/li><\/ol><p class=\"content-box-blue\"> Wenn Sie eine dynamische Methode verwenden m\u00f6chten, wenden Sie die bedingte Methode an, siehe folgende Methode.<\/p><h2 id=\"tab-con-2\" class=\"wp-block-heading\"> Bedingte Formatierung zum Hervorheben leerer Zellen<\/h2><ol><li> W\u00e4hlen Sie zun\u00e4chst die Datentabelle aus. <br><img decoding=\"async\" title=\"So markieren Sie leere Zellen mit bedingter Formatierung und w\u00e4hlen Daten aus\" src=\"https:\/\/exceladvisor.org\/wp-content\/uploads\/2023\/08\/comment-mettre-en-surbrillance-des-cellules-vides-avec-une-mise-en-forme-conditionnelle-selectionner-des-donnees-1.png\" sizes=\"\" srcset=\"\" alt=\"how to highlight blank cells select data\"><\/li><li> Gehen Sie zu \u27a4 Registerkarte \u201eStartseite\u201c \u27a4 Bedingte Formatierung. <br><img decoding=\"async\" title=\"So markieren Sie leere Zellen mit bedingter Formatierung und gehen zur Registerkarte \u201eStartseite\u201c.\" src=\"https:\/\/exceladvisor.org\/wp-content\/uploads\/2023\/08\/comment-mettre-en-surbrillance-les-cellules-vides-avec-la-mise-en-forme-conditionnelle-aller-a-longlet-daccueil-1.png\" sizes=\"\" srcset=\"\" alt=\"how to highlight blank cells goto home tab\"><\/li><li> W\u00e4hlen Sie in den bedingten Formatierungsoptionen \u201eZellenhervorhebungsregeln\u201c aus und klicken Sie auf \u201eWeitere Regeln\u201c. <br><img decoding=\"async\" title=\"So markieren Sie leere Zellen mit bedingter Formatierung und w\u00e4hlen weitere Regeln aus\" src=\"https:\/\/exceladvisor.org\/wp-content\/uploads\/2023\/08\/comment-mettre-en-surbrillance-des-cellules-vides-avec-une-mise-en-forme-conditionnelle-selectionner-plus-de-regles-1.png\" sizes=\"\" srcset=\"\" alt=\"how to highlight blank cells select more rules\"><\/li><li> W\u00e4hlen Sie nun in der Regelbeschreibung im Dropdown-Men\u00fc \u201eLeer\u201c aus. <br><img decoding=\"async\" title=\"So markieren Sie leere Zellen mit bedingter Formatierung: W\u00e4hlen Sie im Dropdown-Men\u00fc ein leeres Feld aus\" src=\"https:\/\/exceladvisor.org\/wp-content\/uploads\/2023\/08\/comment-mettre-en-surbrillance-des-cellules-vides-avec-une-mise-en-forme-conditionnelle-selectionner-vide-dans-la-liste-deroulante-1.png\" sizes=\"\" srcset=\"\" alt=\"how to highlight blank cells select blank from drop down\"><\/li><li> Klicken Sie anschlie\u00dfend auf die Schaltfl\u00e4che \u201eFormat\u201c, um die Formatierungsoption zu \u00f6ffnen. <br><img decoding=\"async\" title=\"So markieren Sie leere Zellen mit bedingter Formatierung: Klicken Sie auf die Schaltfl\u00e4che \u201eFormatieren\u201c.\" src=\"https:\/\/exceladvisor.org\/wp-content\/uploads\/2023\/08\/comment-mettre-en-surbrillance-les-cellules-vides-avec-la-mise-en-forme-conditionnelle-cliquez-sur-le-bouton-de-format-1.png\" sizes=\"\" srcset=\"\" alt=\"how to highlight blank cells click format button\"><\/li><li> W\u00e4hlen Sie in den Formatierungsoptionen die Farbe aus, die Sie f\u00fcr die Hervorhebung verwenden m\u00f6chten.<\/li><li> OK klicken. <br><img decoding=\"async\" title=\"Verwenden Sie die rote Farbe, um leere Zellen in Excel-1 hervorzuheben\" src=\"https:\/\/exceladvisor.org\/wp-content\/uploads\/2023\/08\/utiliser-la-couleur-rouge-pour-mettre-en-surbrillance-les-cellules-vides-dans-excel-1-1.png\" sizes=\"\" srcset=\"\" alt=\"use red color to highlight blank cells in excel\"><\/li><\/ol><p> Und das Beste daran ist: Wenn Sie leere Zellen mit einer Formel haben, wird diese auch hervorgehoben, und <a href=\"https:\/\/exceladvisor.org\/de\/pivot-tisch\/\">wenn Sie eine Pivot-Tabelle anstelle einer normalen Tabelle haben<\/a> , sind die Schritte dieselben.<\/p><p class=\"content-box-grey\"> Es handelt sich um eine einmalige Einrichtung, Sie m\u00fcssen sie nicht immer wieder anwenden. Wenn Sie in Ihren Daten eine Tabelle verwenden, wird <a href=\"https:\/\/exceladvisor.org\/de\/bedingte-formatierung\/\">die bedingte Formatierung<\/a> erweitert, wenn Sie der Tabelle neue Daten hinzuf\u00fcgen.<\/p><h2 id=\"tab-con-3\" class=\"wp-block-heading\"> VBA-Code zum Hervorheben einer leeren Zelle<\/h2><p> Ich wei\u00df, dass Sie VBA bedingungslos lieben. Und deshalb haben wir einen Makrocode, um allen leeren Zellen in einem ausgew\u00e4hlten Bereich eine Farbe zuzuweisen.<\/p><pre class=\"wp-block-code\"> <code class=\"language-visual-basic line-numbers\" lang=\"visual-basic\">Sub ColorBlankCells() Dim rng As Range Set rng = Selection rng.SpecialCells(xlCellTypeBlanks).Interior.Color = vbRed End Sub<\/code><\/pre><p> Wenn Sie <a href=\"https:\/\/exceladvisor.org\/de\/ein-makro-ausfuhren-2\/\">diesen Code ausf\u00fchren,<\/a> \u00fcberpr\u00fcft er jede Zelle im Bereich und wendet dann eine rote Farbe an, wenn eine Zelle leer ist.<\/p><p> <strong>Lesen Sie:<\/strong> <a href=\"https:\/\/exceladvisor.org\/de\/vba\/\">VBA-Tutorial<\/a><\/p><h2 id=\"tab-con-4\" class=\"wp-block-heading\"> Abschluss<\/h2><p> Dies sind also die drei Methoden, mit denen Sie leere Zellen hervorheben k\u00f6nnen. Sie k\u00f6nnen jede dieser Methoden verwenden, die Ihrer Meinung nach f\u00fcr Sie perfekt ist. Und wenn Sie mich fragen: Ich bevorzuge immer die bedingte Formatierung, weil sie dynamisch ist und Sie sie nicht immer wieder anwenden m\u00fcssen.<\/p><p> Ich hoffe, dass diese Methoden Ihnen bei Ihrer t\u00e4glichen Arbeit helfen werden.<\/p><p> Jetzt sag mir eins. <strong><em><span style=\"color: #ea493f;\">Haben Sie eine andere Methode, um leere Zellen mit Farbe zu versehen?<\/span><\/em><\/strong> Bitte teilen Sie es mir im Kommentarbereich mit, ich w\u00fcrde mich freuen, von Ihnen zu h\u00f6ren. Und vergessen Sie nicht, diesen Tipp mit Ihren Freunden zu teilen.<\/p><div class=\"gb-container gb-container-4db6181c gb-container-mt\"> <a class=\"gb-button gb-button-c5897111 gb-button-text gb-button-mt-button\" href=\"https:\/\/exceladvisor.org\/de\/excel-grundlagen\/\">Microsoft Excel-Grundlagen (Komponenten, Teile und Wissenshinweise)<\/a><h2 class=\"gb-headline gb-headline-665e5f6b gb-headline-text gb-headline-mt-heading\"> Verwandte Tutorials <\/h2><div class=\"gb-grid-wrapper gb-grid-wrapper-a20baf7c gb-grid-wrapper-mt-grid\"><div class=\"gb-grid-column gb-grid-column-65ddf67e\"><div class=\"gb-container gb-container-65ddf67e\"><ul><li> <a href=\"https:\/\/exceladvisor.org\/de\/buchhaltungsnummernformat\/\">Wenden Sie das Buchhaltungsnummernformat in Excel an<\/a><\/li><li> <a href=\"https:\/\/exceladvisor.org\/de\/zellfarbe\/\">Wenden Sie eine Hintergrundfarbe auf eine Zelle oder das gesamte Blatt in Excel an<\/a><\/li><li> <a href=\"https:\/\/exceladvisor.org\/de\/das-gitter\/\">Excel-Gitternetzlinien drucken (l\u00f6schen, k\u00fcrzen und Farbe \u00e4ndern)<\/a><\/li><li> <a href=\"https:\/\/exceladvisor.org\/de\/fugen-sie-eine-seitenzahl-hinzu\/\">F\u00fcgen Sie in Excel eine Seitenzahl hinzu<\/a><\/li><li> <a href=\"https:\/\/exceladvisor.org\/de\/komma-stil-anwenden\/\">Wenden Sie den Kommastil in Excel an<\/a><\/li><\/ul><\/div><\/div><\/div><\/div>","protected":false},"excerpt":{"rendered":"","protected":false},"author":1,"featured_media":0,"parent":0,"menu_order":0,"comment_status":"open","ping_status":"closed","template":"","meta":{"ub_ctt_via":"","footnotes":""},"class_list":["post-3137","page","type-page","status-publish","hentry"],"featured_image_src":null,"yoast_head":"<!-- This site is optimized with the Yoast SEO plugin v25.4 - https:\/\/yoast.com\/wordpress\/plugins\/seo\/ -->\n<title>So markieren Sie leere Zellen in Excel<\/title>\n<meta name=\"description\" content=\"Wenn Sie neugierig sind, wie Sie leere Zellen in Excel hervorheben k\u00f6nnen, haben wir hier drei M\u00f6glichkeiten erkl\u00e4rt.\" \/>\n<meta name=\"robots\" content=\"index, follow, max-snippet:-1, max-image-preview:large, max-video-preview:-1\" \/>\n<link rel=\"canonical\" href=\"https:\/\/exceladvisor.org\/de\/markieren-sie-leere-zellen\/\" \/>\n<meta property=\"og:locale\" content=\"de_DE\" \/>\n<meta property=\"og:type\" content=\"article\" \/>\n<meta property=\"og:title\" content=\"So markieren Sie leere Zellen in Excel\" \/>\n<meta property=\"og:description\" content=\"Wenn Sie neugierig sind, wie Sie leere Zellen in Excel hervorheben k\u00f6nnen, haben wir hier drei M\u00f6glichkeiten erkl\u00e4rt.\" \/>\n<meta property=\"og:url\" content=\"https:\/\/exceladvisor.org\/de\/markieren-sie-leere-zellen\/\" \/>\n<meta property=\"og:site_name\" content=\"Excel Advisor\" \/>\n<meta property=\"article:modified_time\" content=\"2023-12-03T11:12:51+00:00\" \/>\n<meta property=\"og:image\" content=\"https:\/\/exceladvisor.org\/wp-content\/uploads\/2023\/08\/comment-mettre-en-surbrillance-des-cellules-vides-avec-un-tableau-de-donnees-de-mise-en-forme-conditionnelle-1.png\" \/>\n<meta name=\"twitter:card\" content=\"summary_large_image\" \/>\n<meta name=\"twitter:label1\" content=\"Gesch\u00e4tzte Lesezeit\" \/>\n\t<meta name=\"twitter:data1\" content=\"4\u00a0Minuten\" \/>\n<script type=\"application\/ld+json\" class=\"yoast-schema-graph\">{\"@context\":\"https:\/\/schema.org\",\"@graph\":[{\"@type\":\"WebPage\",\"@id\":\"https:\/\/exceladvisor.org\/de\/markieren-sie-leere-zellen\/\",\"url\":\"https:\/\/exceladvisor.org\/de\/markieren-sie-leere-zellen\/\",\"name\":\"So markieren Sie leere Zellen in Excel\",\"isPartOf\":{\"@id\":\"https:\/\/exceladvisor.org\/de\/#website\"},\"primaryImageOfPage\":{\"@id\":\"https:\/\/exceladvisor.org\/de\/markieren-sie-leere-zellen\/#primaryimage\"},\"image\":{\"@id\":\"https:\/\/exceladvisor.org\/de\/markieren-sie-leere-zellen\/#primaryimage\"},\"thumbnailUrl\":\"https:\/\/exceladvisor.org\/wp-content\/uploads\/2023\/08\/comment-mettre-en-surbrillance-des-cellules-vides-avec-un-tableau-de-donnees-de-mise-en-forme-conditionnelle-1.png\",\"datePublished\":\"2023-11-14T02:04:06+00:00\",\"dateModified\":\"2023-12-03T11:12:51+00:00\",\"description\":\"Wenn Sie neugierig sind, wie Sie leere Zellen in Excel hervorheben k\u00f6nnen, haben wir hier drei M\u00f6glichkeiten erkl\u00e4rt.\",\"breadcrumb\":{\"@id\":\"https:\/\/exceladvisor.org\/de\/markieren-sie-leere-zellen\/#breadcrumb\"},\"inLanguage\":\"de\",\"potentialAction\":[{\"@type\":\"ReadAction\",\"target\":[\"https:\/\/exceladvisor.org\/de\/markieren-sie-leere-zellen\/\"]}]},{\"@type\":\"ImageObject\",\"inLanguage\":\"de\",\"@id\":\"https:\/\/exceladvisor.org\/de\/markieren-sie-leere-zellen\/#primaryimage\",\"url\":\"https:\/\/exceladvisor.org\/wp-content\/uploads\/2023\/08\/comment-mettre-en-surbrillance-des-cellules-vides-avec-un-tableau-de-donnees-de-mise-en-forme-conditionnelle-1.png\",\"contentUrl\":\"https:\/\/exceladvisor.org\/wp-content\/uploads\/2023\/08\/comment-mettre-en-surbrillance-des-cellules-vides-avec-un-tableau-de-donnees-de-mise-en-forme-conditionnelle-1.png\"},{\"@type\":\"BreadcrumbList\",\"@id\":\"https:\/\/exceladvisor.org\/de\/markieren-sie-leere-zellen\/#breadcrumb\",\"itemListElement\":[{\"@type\":\"ListItem\",\"position\":1,\"name\":\"Accueil\",\"item\":\"https:\/\/exceladvisor.org\/de\/\"},{\"@type\":\"ListItem\",\"position\":2,\"name\":\"So markieren sie leere zellen in excel\"}]},{\"@type\":\"WebSite\",\"@id\":\"https:\/\/exceladvisor.org\/de\/#website\",\"url\":\"https:\/\/exceladvisor.org\/de\/\",\"name\":\"Excel Advisor\",\"description\":\"Ihr Leitfaden zur Datendominanz\",\"publisher\":{\"@id\":\"https:\/\/exceladvisor.org\/de\/#organization\"},\"potentialAction\":[{\"@type\":\"SearchAction\",\"target\":{\"@type\":\"EntryPoint\",\"urlTemplate\":\"https:\/\/exceladvisor.org\/de\/?s={search_term_string}\"},\"query-input\":{\"@type\":\"PropertyValueSpecification\",\"valueRequired\":true,\"valueName\":\"search_term_string\"}}],\"inLanguage\":\"de\"},{\"@type\":\"Organization\",\"@id\":\"https:\/\/exceladvisor.org\/de\/#organization\",\"name\":\"Excel Advisor\",\"url\":\"https:\/\/exceladvisor.org\/de\/\",\"logo\":{\"@type\":\"ImageObject\",\"inLanguage\":\"de\",\"@id\":\"https:\/\/exceladvisor.org\/de\/#\/schema\/logo\/image\/\",\"url\":\"https:\/\/exceladvisor.org\/de\/wp-content\/uploads\/2023\/11\/exceladvisor.org_.png\",\"contentUrl\":\"https:\/\/exceladvisor.org\/de\/wp-content\/uploads\/2023\/11\/exceladvisor.org_.png\",\"width\":105,\"height\":36,\"caption\":\"Excel Advisor\"},\"image\":{\"@id\":\"https:\/\/exceladvisor.org\/de\/#\/schema\/logo\/image\/\"}}]}<\/script>\n<!-- \/ Yoast SEO plugin. -->","yoast_head_json":{"title":"So markieren Sie leere Zellen in Excel","description":"Wenn Sie neugierig sind, wie Sie leere Zellen in Excel hervorheben k\u00f6nnen, haben wir hier drei M\u00f6glichkeiten erkl\u00e4rt.","robots":{"index":"index","follow":"follow","max-snippet":"max-snippet:-1","max-image-preview":"max-image-preview:large","max-video-preview":"max-video-preview:-1"},"canonical":"https:\/\/exceladvisor.org\/de\/markieren-sie-leere-zellen\/","og_locale":"de_DE","og_type":"article","og_title":"So markieren Sie leere Zellen in Excel","og_description":"Wenn Sie neugierig sind, wie Sie leere Zellen in Excel hervorheben k\u00f6nnen, haben wir hier drei M\u00f6glichkeiten erkl\u00e4rt.","og_url":"https:\/\/exceladvisor.org\/de\/markieren-sie-leere-zellen\/","og_site_name":"Excel Advisor","article_modified_time":"2023-12-03T11:12:51+00:00","og_image":[{"url":"https:\/\/exceladvisor.org\/wp-content\/uploads\/2023\/08\/comment-mettre-en-surbrillance-des-cellules-vides-avec-un-tableau-de-donnees-de-mise-en-forme-conditionnelle-1.png","type":"","width":"","height":""}],"twitter_card":"summary_large_image","twitter_misc":{"Gesch\u00e4tzte Lesezeit":"4\u00a0Minuten"},"schema":{"@context":"https:\/\/schema.org","@graph":[{"@type":"WebPage","@id":"https:\/\/exceladvisor.org\/de\/markieren-sie-leere-zellen\/","url":"https:\/\/exceladvisor.org\/de\/markieren-sie-leere-zellen\/","name":"So markieren Sie leere Zellen in Excel","isPartOf":{"@id":"https:\/\/exceladvisor.org\/de\/#website"},"primaryImageOfPage":{"@id":"https:\/\/exceladvisor.org\/de\/markieren-sie-leere-zellen\/#primaryimage"},"image":{"@id":"https:\/\/exceladvisor.org\/de\/markieren-sie-leere-zellen\/#primaryimage"},"thumbnailUrl":"https:\/\/exceladvisor.org\/wp-content\/uploads\/2023\/08\/comment-mettre-en-surbrillance-des-cellules-vides-avec-un-tableau-de-donnees-de-mise-en-forme-conditionnelle-1.png","datePublished":"2023-11-14T02:04:06+00:00","dateModified":"2023-12-03T11:12:51+00:00","description":"Wenn Sie neugierig sind, wie Sie leere Zellen in Excel hervorheben k\u00f6nnen, haben wir hier drei M\u00f6glichkeiten erkl\u00e4rt.","breadcrumb":{"@id":"https:\/\/exceladvisor.org\/de\/markieren-sie-leere-zellen\/#breadcrumb"},"inLanguage":"de","potentialAction":[{"@type":"ReadAction","target":["https:\/\/exceladvisor.org\/de\/markieren-sie-leere-zellen\/"]}]},{"@type":"ImageObject","inLanguage":"de","@id":"https:\/\/exceladvisor.org\/de\/markieren-sie-leere-zellen\/#primaryimage","url":"https:\/\/exceladvisor.org\/wp-content\/uploads\/2023\/08\/comment-mettre-en-surbrillance-des-cellules-vides-avec-un-tableau-de-donnees-de-mise-en-forme-conditionnelle-1.png","contentUrl":"https:\/\/exceladvisor.org\/wp-content\/uploads\/2023\/08\/comment-mettre-en-surbrillance-des-cellules-vides-avec-un-tableau-de-donnees-de-mise-en-forme-conditionnelle-1.png"},{"@type":"BreadcrumbList","@id":"https:\/\/exceladvisor.org\/de\/markieren-sie-leere-zellen\/#breadcrumb","itemListElement":[{"@type":"ListItem","position":1,"name":"Accueil","item":"https:\/\/exceladvisor.org\/de\/"},{"@type":"ListItem","position":2,"name":"So markieren sie leere zellen in excel"}]},{"@type":"WebSite","@id":"https:\/\/exceladvisor.org\/de\/#website","url":"https:\/\/exceladvisor.org\/de\/","name":"Excel Advisor","description":"Ihr Leitfaden zur Datendominanz","publisher":{"@id":"https:\/\/exceladvisor.org\/de\/#organization"},"potentialAction":[{"@type":"SearchAction","target":{"@type":"EntryPoint","urlTemplate":"https:\/\/exceladvisor.org\/de\/?s={search_term_string}"},"query-input":{"@type":"PropertyValueSpecification","valueRequired":true,"valueName":"search_term_string"}}],"inLanguage":"de"},{"@type":"Organization","@id":"https:\/\/exceladvisor.org\/de\/#organization","name":"Excel Advisor","url":"https:\/\/exceladvisor.org\/de\/","logo":{"@type":"ImageObject","inLanguage":"de","@id":"https:\/\/exceladvisor.org\/de\/#\/schema\/logo\/image\/","url":"https:\/\/exceladvisor.org\/de\/wp-content\/uploads\/2023\/11\/exceladvisor.org_.png","contentUrl":"https:\/\/exceladvisor.org\/de\/wp-content\/uploads\/2023\/11\/exceladvisor.org_.png","width":105,"height":36,"caption":"Excel Advisor"},"image":{"@id":"https:\/\/exceladvisor.org\/de\/#\/schema\/logo\/image\/"}}]}},"yoast_meta":{"yoast_wpseo_title":"","yoast_wpseo_metadesc":"","yoast_wpseo_canonical":""},"_links":{"self":[{"href":"https:\/\/exceladvisor.org\/de\/wp-json\/wp\/v2\/pages\/3137","targetHints":{"allow":["GET"]}}],"collection":[{"href":"https:\/\/exceladvisor.org\/de\/wp-json\/wp\/v2\/pages"}],"about":[{"href":"https:\/\/exceladvisor.org\/de\/wp-json\/wp\/v2\/types\/page"}],"author":[{"embeddable":true,"href":"https:\/\/exceladvisor.org\/de\/wp-json\/wp\/v2\/users\/1"}],"replies":[{"embeddable":true,"href":"https:\/\/exceladvisor.org\/de\/wp-json\/wp\/v2\/comments?post=3137"}],"version-history":[{"count":1,"href":"https:\/\/exceladvisor.org\/de\/wp-json\/wp\/v2\/pages\/3137\/revisions"}],"predecessor-version":[{"id":3790,"href":"https:\/\/exceladvisor.org\/de\/wp-json\/wp\/v2\/pages\/3137\/revisions\/3790"}],"wp:attachment":[{"href":"https:\/\/exceladvisor.org\/de\/wp-json\/wp\/v2\/media?parent=3137"}],"curies":[{"name":"wp","href":"https:\/\/api.w.org\/{rel}","templated":true}]}}