{"id":3138,"date":"2023-11-14T01:00:34","date_gmt":"2023-11-14T01:00:34","guid":{"rendered":"https:\/\/exceladvisor.org\/de\/schleife\/"},"modified":"2023-12-03T11:12:42","modified_gmt":"2023-12-03T11:12:42","slug":"schleife","status":"publish","type":"page","link":"https:\/\/exceladvisor.org\/de\/schleife\/","title":{"rendered":"Multifunktionsleiste in excel: registerkarten und optionen"},"content":{"rendered":"<div class=\"excel-vor-dem-inhalt\" id=\"excel-1959301946\"><script type=\"text\/javascript\">\r\n\tatOptions = {\r\n\t\t'key' : 'c1158f160081d6540a8409e6925dab94',\r\n\t\t'format' : 'iframe',\r\n\t\t'height' : 250,\r\n\t\t'width' : 300,\r\n\t\t'params' : {}\r\n\t};\r\n<\/script>\r\n<script type=\"text\/javascript\" src=\"\/\/www.highperformanceformat.com\/c1158f160081d6540a8409e6925dab94\/invoke.js\"><\/script><\/div> <p>In Excel \u00e4hnelt das Men\u00fcband einer Kopfzeile oben im Excel-Fenster. Es verf\u00fcgt \u00fcber Registerkarten, auf denen alle Optionen kategorisiert sind. Jede Registerkarte verf\u00fcgt \u00fcber eine Gruppe von Optionen. Sie k\u00f6nnen jede Option direkt aus dem Men\u00fcband heraus verwenden, indem Sie die Schaltfl\u00e4chen oder die Eingabeleiste verwenden, um Werte (wie die Schriftart) zu \u00e4ndern.<\/p><p> Und wenn Sie alle Optionen f\u00fcr eine bestimmte Gruppe sehen m\u00f6chten, k\u00f6nnen Sie unten rechts auf den kleinen Abw\u00e4rtspfeil klicken. <\/p><div class=\"wp-block-image\"><figure class=\"aligncenter size-full is-resized\"><img loading=\"lazy\" decoding=\"async\" class=\"wp-image-79073\" src=\"https:\/\/exceladvisor.org\/wp-content\/uploads\/2023\/08\/1-groupes-doptions-du-lanceur-de-dialogue-donglets.png\" sizes=\"auto, \" srcset=\"\" alt=\"tabs-dialog-launcher-options-groups\" width=\"685\" height=\"423\"><\/figure><\/div><p> In diesem Tutorial lernen wir die verschiedenen Registerkarten, Symbole, Gruppen und verschiedenen Optionen mit ihren Funktionen kennen.<\/p><h2 class=\"wp-block-heading\"> Excel-Men\u00fcband-Registerkarten<\/h2><p> In Excel verf\u00fcgt das Men\u00fcband \u00fcber die folgenden Registerkarten:<\/p><h3 class=\"wp-block-heading\"> 1. Registerkarte \u201eDatei\u201c.<\/h3><p> Sie erhalten einen Blick hinter die Kulissen aller wichtigen dateibezogenen Befehle und Optionen. Es erkl\u00e4rt, wie Sie eine neue Tabelle erstellen, eine Datei \u00f6ffnen, die Dateien speichern und drucken. <\/p><div class=\"wp-block-image\"><figure class=\"aligncenter size-full is-resized\"><img loading=\"lazy\" decoding=\"async\" class=\"wp-image-79074\" src=\"https:\/\/exceladvisor.org\/wp-content\/uploads\/2023\/08\/2-options-donglet-de-fichier.png\" sizes=\"auto, \" srcset=\"\" alt=\"Optionen auf der Registerkarte \u201eDatei\u201c.\" width=\"602\" height=\"480\"><\/figure><\/div><h3 class=\"wp-block-heading\"> 2. Registerkarte \u201eStartseite\u201c.<\/h3><p> Die Registerkarte \u201eStartseite\u201c ist die Standardregisterkarte in Excel. Es verf\u00fcgt \u00fcber die am h\u00e4ufigsten verwendeten Optionen mit verschiedenen Gruppen wie Zwischenablage, Schriftart, Ausrichtung, Nummer, Stile, Zellen und Bearbeitung.<\/p><p> In der Zwischenablagegruppe stehen beispielsweise Befehle zum Ausschneiden, Kopieren und Einf\u00fcgen zur Verf\u00fcgung. Es gibt eine Schriftartengruppe, die verschiedene Formatierungen, Schriftstile, Farben und Gr\u00f6\u00dfen umfasst. <\/p><div class=\"wp-block-image\"><figure class=\"aligncenter size-full is-resized\"><img loading=\"lazy\" decoding=\"async\" class=\"wp-image-79075\" src=\"https:\/\/exceladvisor.org\/wp-content\/uploads\/2023\/08\/3-options-de-police-pour-longlet-daccueil.png\" sizes=\"auto, \" srcset=\"\" alt=\"Schriftartoptionen f\u00fcr die Registerkarte \u201eStartseite\u201c.\" width=\"715\" height=\"233\"><\/figure><\/div><h3 class=\"wp-block-heading\"> 3. F\u00fcgen Sie eine Registerkarte ein<\/h3><p> Es hilft Ihnen, verschiedene Objekte wie Pivot-Tabellen, Bilder, Diagramme, Formen, Hyperlinks, Kopf- und Fu\u00dfzeilen sowie spezielle Symbole in das Blatt einzuf\u00fcgen.<\/p><p> Sie k\u00f6nnen das Textfeld einf\u00fcgen, um Text hinzuzuf\u00fcgen und ihn durch \u00c4ndern von Umriss und Farbe anzupassen. <\/p><div class=\"wp-block-image\"><figure class=\"aligncenter size-full is-resized\"><img loading=\"lazy\" decoding=\"async\" class=\"wp-image-79076\" src=\"https:\/\/exceladvisor.org\/wp-content\/uploads\/2023\/08\/4-inserer-des-onglets-graphiques-liens-options-de-texte.png\" sizes=\"auto, \" srcset=\"\" alt=\"insert-tab-charts-links-text-options\" width=\"790\" height=\"138\"><\/figure><\/div><h3 class=\"wp-block-heading\"> 4. Registerkarte \u201eLayout\u201c.<\/h3><p> Auf dieser Registerkarte k\u00f6nnen Sie das Layout anpassen, indem Sie die Seitenr\u00e4nder f\u00fcr den Druck anpassen. Sie k\u00f6nnen zwischen Hoch- und Querformat w\u00e4hlen. <\/p><div class=\"wp-block-image\"><figure class=\"aligncenter size-full is-resized\"><img loading=\"lazy\" decoding=\"async\" class=\"wp-image-79077\" src=\"https:\/\/exceladvisor.org\/wp-content\/uploads\/2023\/08\/5-options-donglet-de-mise-en-page.png\" sizes=\"auto, \" srcset=\"\" alt=\"Optionen f\u00fcr die Registerkarte \u201eLayout\u201c.\" width=\"733\" height=\"230\"><\/figure><\/div><p> Auf der Registerkarte \u201eLayout\u201c haben Sie die M\u00f6glichkeit, die Gitternetzlinien aus dem Arbeitsblatt zu entfernen, indem Sie die Option \u201eGitternetzlinien anzeigen\u201c deaktivieren. <\/p><div class=\"wp-block-image\"><figure class=\"aligncenter size-full is-resized\"><img loading=\"lazy\" decoding=\"async\" class=\"wp-image-79078\" src=\"https:\/\/exceladvisor.org\/wp-content\/uploads\/2023\/08\/Option-daffichage-du-quadrillage-de-longlet-de-mise-en-page-a-6-pages.png\" sizes=\"auto, \" srcset=\"\" alt=\"page-layout-tab-gridlines-view-option\" width=\"648\" height=\"128\"><\/figure><\/div><h3 class=\"wp-block-heading\"> 5. Registerkarte \u201eFormel\u201c.<\/h3><p> Die Registerkarte \u201eFormel\u201c hilft Ihnen bei der Arbeit mit Formeln und Funktionen, die sich in der Gruppe \u201eFunktionsbibliothek\u201c befinden.<\/p><p> Verwenden Sie die automatische Summenfunktion, um Werte zu addieren, zu mitteln und zu z\u00e4hlen und den minimalen oder maximalen Wert unter den ausgew\u00e4hlten Werten zu ermitteln. Die definierte Namensgruppe hilft Ihnen beim Erstellen eines benannten Bereichs. <\/p><div class=\"wp-block-image\"><figure class=\"aligncenter size-full is-resized\"><img loading=\"lazy\" decoding=\"async\" class=\"wp-image-79079\" src=\"https:\/\/exceladvisor.org\/wp-content\/uploads\/2023\/08\/7-fonctions-de-somme-automatique-de-longlet-formule.png\" sizes=\"auto, \" srcset=\"\" alt=\"Formeln-Tab-Autosum-Funktionen\" width=\"797\" height=\"281\"><\/figure><\/div><h3 class=\"wp-block-heading\"> 6. Registerkarte \u201eDaten\u201c.<\/h3><p> Die Registerkarte \u201eDaten\u201c enth\u00e4lt alle Optionen, mit denen Sie Daten bereinigen und verwalten k\u00f6nnen. Von dort aus k\u00f6nnen Sie auf eine Power-Abfrage zugreifen, die Ihnen beim Bereinigen der Daten hilft. Auch hier k\u00f6nnen Sie Ihre Daten sortieren und filtern. <\/p><div class=\"wp-block-image\"><figure class=\"aligncenter size-full is-resized\"><img loading=\"lazy\" decoding=\"async\" class=\"wp-image-79080\" src=\"https:\/\/exceladvisor.org\/wp-content\/uploads\/2023\/08\/8-options-donglet-de-donnees-pour-transformer-les-donnees.png\" sizes=\"auto, \" srcset=\"\" alt=\"Datenoptionen-Tab-zum-Transformieren-von-Daten\" width=\"866\" height=\"155\"><\/figure><\/div><h3 class=\"wp-block-heading\"> 7. Registerkarte \u201e\u00dcberpr\u00fcfung\u201c.<\/h3><p> Auf diese Weise k\u00f6nnen Sie die Rechtschreibung \u00fcberpr\u00fcfen, Sprache \u00fcbersetzen und Kommentare und Notizen zur Tabelle hinzuf\u00fcgen. <\/p><div class=\"wp-block-image\"><figure class=\"aligncenter size-full is-resized\"><img loading=\"lazy\" decoding=\"async\" class=\"wp-image-79081\" src=\"https:\/\/exceladvisor.org\/wp-content\/uploads\/2023\/08\/9-onglet-de-revision-pour-verifier-lorthographe-en-ajoutant-des-commentaires.png\" sizes=\"auto, \" srcset=\"\" alt=\"Revision-Tab-zur-Rechtschreibpr\u00fcfung-Kommentare hinzuf\u00fcgen\" width=\"859\" height=\"151\"><\/figure><\/div><p> Im Dialogfeld \u201eArbeitsmappenstatistik\u201c erhalten Sie alle Details des aktuellen Blatts und der Arbeitsmappe hinsichtlich der Zellen, die Daten enthalten, der Anzahl der Bl\u00e4tter und der darin verwendeten Formeln. <\/p><div class=\"wp-block-image\"><figure class=\"aligncenter size-full is-resized\"><img loading=\"lazy\" decoding=\"async\" class=\"wp-image-79082\" src=\"https:\/\/exceladvisor.org\/wp-content\/uploads\/2023\/08\/10-boite-de-dialogue-des-statistiques-du-classeur-de-longlet-de-revision.png\" sizes=\"auto, \" srcset=\"\" alt=\"Statistikdialog auf der Registerkarte \u201eArbeitsmappen\u00fcberpr\u00fcfung\u201c.\" width=\"700\" height=\"380\"><\/figure><\/div><h3 class=\"wp-block-heading\"> 8. Registerkarte \u201eAnzeige\u201c.<\/h3><p> Sie haben mehrere Optionen zum \u00c4ndern der Ansicht der Arbeitsmappenansichten \u2013 Seitenumbruchvorschau, Normalansicht und Layoutansicht. Sie k\u00f6nnen die Formelleiste und die Arbeitsblatttitel ein- oder ausblenden.<\/p><p> Mit der Option \u201eFenster einfrieren\u201c k\u00f6nnen Sie ausgew\u00e4hlte Zeilen und Spalten einfrieren. <\/p><div class=\"wp-block-image\"><figure class=\"aligncenter size-full is-resized\"><img loading=\"lazy\" decoding=\"async\" class=\"wp-image-79083\" src=\"https:\/\/exceladvisor.org\/wp-content\/uploads\/2023\/08\/13-vues-de-classeur-dans-longlet-Affichage.png\" sizes=\"auto, \" srcset=\"\" alt=\"Arbeitsmappenansichten-zu-Ansichtsregisterkarte\" width=\"848\" height=\"149\"><\/figure><\/div><h2 class=\"wp-block-heading\"> Aktivieren oder deaktivieren Sie eine Registerkarte im Men\u00fcband<\/h2><p> Es gibt einige Registerkarten, die im Men\u00fcband standardm\u00e4\u00dfig nicht aktiv sind, z. B. die Registerkarten \u201eZeichnen\u201c und \u201eEntwickler\u201c. Und wenn Sie eine davon aktivieren m\u00f6chten, k\u00f6nnen Sie dies \u00fcber die Anpassungsoption tun. Nachfolgend finden Sie die Schritte.<\/p><ul><li> Klicken Sie zun\u00e4chst mit der rechten Maustaste auf das Men\u00fcband und w\u00e4hlen Sie die Option \u201eMen\u00fcband anpassen\u201c. <\/li><\/ul><div class=\"wp-block-image\"><figure class=\"aligncenter size-full is-resized\"><img loading=\"lazy\" decoding=\"async\" class=\"wp-image-79084\" src=\"https:\/\/exceladvisor.org\/wp-content\/uploads\/2023\/08\/11-selectionnez-personnaliser-loption-de-ruban.png\" sizes=\"auto, \" srcset=\"\" alt=\"Select-Customize-Ribbon-Option\" width=\"723\" height=\"211\"><\/figure><\/div><ul><li> Nun erscheint das Dialogfeld Excel-Optionen. <\/li><\/ul><div class=\"wp-block-image\"><figure class=\"aligncenter size-full is-resized\"><img loading=\"lazy\" decoding=\"async\" class=\"wp-image-79085\" src=\"https:\/\/exceladvisor.org\/wp-content\/uploads\/2023\/08\/Boite-de-dialogue-des-12-options-Excel.png\" sizes=\"auto, \" srcset=\"\" alt=\"Dialogfeld \u201eExcel-Optionen\u201c.\" width=\"826\" height=\"494\"><\/figure><\/div><ul><li> Von hier aus k\u00f6nnen Sie eine beliebige Registerkarte hinzuf\u00fcgen, indem Sie das Speicherfeld im Hauptregisterkartenmen\u00fc ausw\u00e4hlen. <\/li><\/ul><div class=\"wp-block-image\"><figure class=\"aligncenter size-full is-resized\"><img loading=\"lazy\" decoding=\"async\" class=\"wp-image-79086\" src=\"https:\/\/exceladvisor.org\/wp-content\/uploads\/2023\/08\/14-onglets-principaux-selectionnez-longlet-developpeur.png\" sizes=\"auto, \" srcset=\"\" alt=\"tabs-main-select-tab-developer\" width=\"398\" height=\"657\"><\/figure><\/div><ul><li> Klicken Sie abschlie\u00dfend auf \u201eOK\u201c und diese Registerkarte wird im Men\u00fcband angezeigt. <\/li><\/ul><div class=\"wp-block-image\"><figure class=\"aligncenter size-full is-resized\"><img loading=\"lazy\" decoding=\"async\" class=\"wp-image-79087\" src=\"https:\/\/exceladvisor.org\/wp-content\/uploads\/2023\/08\/15-onglet-developpeur-active-sur-le-ruban.png\" sizes=\"auto, \" srcset=\"\" alt=\"Vom Entwickler aktiviertes Tab-on-Ribbon\" width=\"583\" height=\"173\"><\/figure><\/div><p class=\"mynote\"> Wenn Sie eine Registerkarte aus dem Men\u00fcband entfernen m\u00f6chten, k\u00f6nnen Sie dazu einfach das Kontrollk\u00e4stchen f\u00fcr diese Registerkarte deaktivieren.<\/p><h2 class=\"wp-block-heading\"> Blenden Sie das Men\u00fcband in Excel ein oder aus<\/h2><p> Um den Platz in Ihrer Tabelle zu vergr\u00f6\u00dfern, k\u00f6nnen Sie das Men\u00fcband oben ausblenden.<\/p><ul><li> Klicken Sie mit der rechten Maustaste auf das Men\u00fcband und w\u00e4hlen Sie die Schaltfl\u00e4che \u201eMen\u00fcband minimieren\u201c, um es auszublenden. <\/li><\/ul><div class=\"wp-block-image\"><figure class=\"aligncenter size-full is-resized\"><img loading=\"lazy\" decoding=\"async\" class=\"wp-image-79088\" src=\"https:\/\/exceladvisor.org\/wp-content\/uploads\/2023\/08\/16-selectionnez-reduire-le-ruban-pour-le-masquer.png\" sizes=\"auto, \" srcset=\"\" alt=\"Select-Collapse-Ribbon-to-hide-it\" width=\"748\" height=\"209\"><\/figure><\/div><ul><li> Jetzt sehen Sie nur noch die Registerkarten oben im Fenster. <\/li><\/ul><div class=\"wp-block-image\"><figure class=\"aligncenter size-full is-resized\"><img loading=\"lazy\" decoding=\"async\" class=\"wp-image-79089\" src=\"https:\/\/exceladvisor.org\/wp-content\/uploads\/2023\/08\/17-seuls-onglets-visibles.png\" sizes=\"auto, \" srcset=\"\" alt=\"Nur Tabs sichtbar\" width=\"641\" height=\"174\"><\/figure><\/div><ul><li> Um es wiederherzustellen, klicken Sie mit der rechten Maustaste auf die Men\u00fcleiste und deaktivieren Sie die Schaltfl\u00e4che \u201eMen\u00fcband minimieren\u201c. <\/li><\/ul><div class=\"wp-block-image\"><figure class=\"aligncenter size-full is-resized\"><img loading=\"lazy\" decoding=\"async\" class=\"wp-image-79090\" src=\"https:\/\/exceladvisor.org\/wp-content\/uploads\/2023\/08\/18-deselectionnez-loption-reduire-le-ruban-pour-afficher-le-ruban.png\" sizes=\"auto, \" srcset=\"\" alt=\"deselect-collapse-ribbon-to-show-ribbon\" width=\"680\" height=\"220\"><\/figure><\/div><p class=\"mytip\"> Die Tastenkombinationen zum Ein- und Ausblenden des Computer-Men\u00fcbands lauten <strong>STRG + F1<\/strong> oder dr\u00fccken Sie bei Laptop-Benutzern <strong>STRG<\/strong> + <strong>Fn<\/strong> + <strong>F1<\/strong> .<\/p><div class=\"gb-container gb-container-4db6181c gb-container-mt\"> <a class=\"gb-button gb-button-c5897111 gb-button-text gb-button-mt-button\" href=\"https:\/\/exceladvisor.org\/de\/excel-grundlagen\/\">Microsoft Excel-Grundlagen (Komponenten, Teile und Wissenshinweise)<\/a><h2 class=\"gb-headline gb-headline-665e5f6b gb-headline-text gb-headline-mt-heading\"> Verwandte Tutorials <\/h2><div class=\"gb-grid-wrapper gb-grid-wrapper-a20baf7c gb-grid-wrapper-mt-grid\"><div class=\"gb-grid-column gb-grid-column-65ddf67e\"><div class=\"gb-container gb-container-65ddf67e\"><ul><li> <a href=\"https:\/\/exceladvisor.org\/de\/schnellzugriffsleiste\/\">Symbolleiste f\u00fcr den Schnellzugriff in Excel<\/a><\/li><li> <a href=\"https:\/\/exceladvisor.org\/de\/statusleiste\/\">Statusleiste in Excel<\/a><\/li><li> <a href=\"https:\/\/exceladvisor.org\/de\/textzone\/\">F\u00fcgen Sie ein Textfeld in Excel ein<\/a><\/li><li> <a href=\"https:\/\/exceladvisor.org\/de\/blick-hinter-die-kulissen\/\">\u00d6ffnen Sie die Backstage-Ansicht in Excel<\/a><\/li><li> <a href=\"https:\/\/exceladvisor.org\/de\/dunkelmodus\/\">Aktivieren Sie den Dunkelmodus in Excel<\/a> <\/li><\/ul><\/div><\/div><div class=\"gb-grid-column gb-grid-column-50067b57\"><div class=\"gb-container gb-container-50067b57\"><\/div><\/div><\/div><\/div>","protected":false},"excerpt":{"rendered":"","protected":false},"author":1,"featured_media":0,"parent":0,"menu_order":0,"comment_status":"open","ping_status":"closed","template":"","meta":{"ub_ctt_via":"","footnotes":""},"class_list":["post-3138","page","type-page","status-publish","hentry"],"featured_image_src":null,"yoast_head":"<!-- This site is optimized with the Yoast SEO plugin v25.4 - https:\/\/yoast.com\/wordpress\/plugins\/seo\/ -->\n<title>\u25b7 Multifunktionsleiste in Excel: Registerkarten und Optionen (Leitfaden 2023)<\/title>\n<meta name=\"description\" content=\"Dies ist ein grundlegendes Microsoft Excel-Tutorial zum Verst\u00e4ndnis des Excel-Men\u00fcbands und aller darin verf\u00fcgbaren Optionen.\" \/>\n<meta name=\"robots\" content=\"index, follow, max-snippet:-1, max-image-preview:large, max-video-preview:-1\" \/>\n<link rel=\"canonical\" href=\"https:\/\/exceladvisor.org\/de\/schleife\/\" \/>\n<meta property=\"og:locale\" content=\"de_DE\" \/>\n<meta property=\"og:type\" content=\"article\" \/>\n<meta property=\"og:title\" content=\"\u25b7 Multifunktionsleiste in Excel: Registerkarten und Optionen (Leitfaden 2023)\" \/>\n<meta property=\"og:description\" content=\"Dies ist ein grundlegendes Microsoft Excel-Tutorial zum Verst\u00e4ndnis des Excel-Men\u00fcbands und aller darin verf\u00fcgbaren Optionen.\" \/>\n<meta property=\"og:url\" content=\"https:\/\/exceladvisor.org\/de\/schleife\/\" \/>\n<meta property=\"og:site_name\" content=\"Excel Advisor\" \/>\n<meta property=\"article:modified_time\" content=\"2023-12-03T11:12:42+00:00\" \/>\n<meta property=\"og:image\" content=\"https:\/\/exceladvisor.org\/wp-content\/uploads\/2023\/08\/1-groupes-doptions-du-lanceur-de-dialogue-donglets.png\" \/>\n<meta name=\"twitter:card\" content=\"summary_large_image\" \/>\n<meta name=\"twitter:label1\" content=\"Gesch\u00e4tzte Lesezeit\" \/>\n\t<meta name=\"twitter:data1\" content=\"4\u00a0Minuten\" \/>\n<script type=\"application\/ld+json\" class=\"yoast-schema-graph\">{\"@context\":\"https:\/\/schema.org\",\"@graph\":[{\"@type\":\"WebPage\",\"@id\":\"https:\/\/exceladvisor.org\/de\/schleife\/\",\"url\":\"https:\/\/exceladvisor.org\/de\/schleife\/\",\"name\":\"\u25b7 Multifunktionsleiste in Excel: Registerkarten und Optionen (Leitfaden 2023)\",\"isPartOf\":{\"@id\":\"https:\/\/exceladvisor.org\/de\/#website\"},\"primaryImageOfPage\":{\"@id\":\"https:\/\/exceladvisor.org\/de\/schleife\/#primaryimage\"},\"image\":{\"@id\":\"https:\/\/exceladvisor.org\/de\/schleife\/#primaryimage\"},\"thumbnailUrl\":\"https:\/\/exceladvisor.org\/wp-content\/uploads\/2023\/08\/1-groupes-doptions-du-lanceur-de-dialogue-donglets.png\",\"datePublished\":\"2023-11-14T01:00:34+00:00\",\"dateModified\":\"2023-12-03T11:12:42+00:00\",\"description\":\"Dies ist ein grundlegendes Microsoft Excel-Tutorial zum Verst\u00e4ndnis des Excel-Men\u00fcbands und aller darin verf\u00fcgbaren Optionen.\",\"breadcrumb\":{\"@id\":\"https:\/\/exceladvisor.org\/de\/schleife\/#breadcrumb\"},\"inLanguage\":\"de\",\"potentialAction\":[{\"@type\":\"ReadAction\",\"target\":[\"https:\/\/exceladvisor.org\/de\/schleife\/\"]}]},{\"@type\":\"ImageObject\",\"inLanguage\":\"de\",\"@id\":\"https:\/\/exceladvisor.org\/de\/schleife\/#primaryimage\",\"url\":\"https:\/\/exceladvisor.org\/wp-content\/uploads\/2023\/08\/1-groupes-doptions-du-lanceur-de-dialogue-donglets.png\",\"contentUrl\":\"https:\/\/exceladvisor.org\/wp-content\/uploads\/2023\/08\/1-groupes-doptions-du-lanceur-de-dialogue-donglets.png\"},{\"@type\":\"BreadcrumbList\",\"@id\":\"https:\/\/exceladvisor.org\/de\/schleife\/#breadcrumb\",\"itemListElement\":[{\"@type\":\"ListItem\",\"position\":1,\"name\":\"Accueil\",\"item\":\"https:\/\/exceladvisor.org\/de\/\"},{\"@type\":\"ListItem\",\"position\":2,\"name\":\"Multifunktionsleiste in excel: registerkarten und optionen\"}]},{\"@type\":\"WebSite\",\"@id\":\"https:\/\/exceladvisor.org\/de\/#website\",\"url\":\"https:\/\/exceladvisor.org\/de\/\",\"name\":\"Excel Advisor\",\"description\":\"Ihr Leitfaden zur Datendominanz\",\"publisher\":{\"@id\":\"https:\/\/exceladvisor.org\/de\/#organization\"},\"potentialAction\":[{\"@type\":\"SearchAction\",\"target\":{\"@type\":\"EntryPoint\",\"urlTemplate\":\"https:\/\/exceladvisor.org\/de\/?s={search_term_string}\"},\"query-input\":{\"@type\":\"PropertyValueSpecification\",\"valueRequired\":true,\"valueName\":\"search_term_string\"}}],\"inLanguage\":\"de\"},{\"@type\":\"Organization\",\"@id\":\"https:\/\/exceladvisor.org\/de\/#organization\",\"name\":\"Excel Advisor\",\"url\":\"https:\/\/exceladvisor.org\/de\/\",\"logo\":{\"@type\":\"ImageObject\",\"inLanguage\":\"de\",\"@id\":\"https:\/\/exceladvisor.org\/de\/#\/schema\/logo\/image\/\",\"url\":\"https:\/\/exceladvisor.org\/de\/wp-content\/uploads\/2023\/11\/exceladvisor.org_.png\",\"contentUrl\":\"https:\/\/exceladvisor.org\/de\/wp-content\/uploads\/2023\/11\/exceladvisor.org_.png\",\"width\":105,\"height\":36,\"caption\":\"Excel Advisor\"},\"image\":{\"@id\":\"https:\/\/exceladvisor.org\/de\/#\/schema\/logo\/image\/\"}}]}<\/script>\n<!-- \/ Yoast SEO plugin. -->","yoast_head_json":{"title":"\u25b7 Multifunktionsleiste in Excel: Registerkarten und Optionen (Leitfaden 2023)","description":"Dies ist ein grundlegendes Microsoft Excel-Tutorial zum Verst\u00e4ndnis des Excel-Men\u00fcbands und aller darin verf\u00fcgbaren Optionen.","robots":{"index":"index","follow":"follow","max-snippet":"max-snippet:-1","max-image-preview":"max-image-preview:large","max-video-preview":"max-video-preview:-1"},"canonical":"https:\/\/exceladvisor.org\/de\/schleife\/","og_locale":"de_DE","og_type":"article","og_title":"\u25b7 Multifunktionsleiste in Excel: Registerkarten und Optionen (Leitfaden 2023)","og_description":"Dies ist ein grundlegendes Microsoft Excel-Tutorial zum Verst\u00e4ndnis des Excel-Men\u00fcbands und aller darin verf\u00fcgbaren Optionen.","og_url":"https:\/\/exceladvisor.org\/de\/schleife\/","og_site_name":"Excel Advisor","article_modified_time":"2023-12-03T11:12:42+00:00","og_image":[{"url":"https:\/\/exceladvisor.org\/wp-content\/uploads\/2023\/08\/1-groupes-doptions-du-lanceur-de-dialogue-donglets.png","type":"","width":"","height":""}],"twitter_card":"summary_large_image","twitter_misc":{"Gesch\u00e4tzte Lesezeit":"4\u00a0Minuten"},"schema":{"@context":"https:\/\/schema.org","@graph":[{"@type":"WebPage","@id":"https:\/\/exceladvisor.org\/de\/schleife\/","url":"https:\/\/exceladvisor.org\/de\/schleife\/","name":"\u25b7 Multifunktionsleiste in Excel: Registerkarten und Optionen (Leitfaden 2023)","isPartOf":{"@id":"https:\/\/exceladvisor.org\/de\/#website"},"primaryImageOfPage":{"@id":"https:\/\/exceladvisor.org\/de\/schleife\/#primaryimage"},"image":{"@id":"https:\/\/exceladvisor.org\/de\/schleife\/#primaryimage"},"thumbnailUrl":"https:\/\/exceladvisor.org\/wp-content\/uploads\/2023\/08\/1-groupes-doptions-du-lanceur-de-dialogue-donglets.png","datePublished":"2023-11-14T01:00:34+00:00","dateModified":"2023-12-03T11:12:42+00:00","description":"Dies ist ein grundlegendes Microsoft Excel-Tutorial zum Verst\u00e4ndnis des Excel-Men\u00fcbands und aller darin verf\u00fcgbaren Optionen.","breadcrumb":{"@id":"https:\/\/exceladvisor.org\/de\/schleife\/#breadcrumb"},"inLanguage":"de","potentialAction":[{"@type":"ReadAction","target":["https:\/\/exceladvisor.org\/de\/schleife\/"]}]},{"@type":"ImageObject","inLanguage":"de","@id":"https:\/\/exceladvisor.org\/de\/schleife\/#primaryimage","url":"https:\/\/exceladvisor.org\/wp-content\/uploads\/2023\/08\/1-groupes-doptions-du-lanceur-de-dialogue-donglets.png","contentUrl":"https:\/\/exceladvisor.org\/wp-content\/uploads\/2023\/08\/1-groupes-doptions-du-lanceur-de-dialogue-donglets.png"},{"@type":"BreadcrumbList","@id":"https:\/\/exceladvisor.org\/de\/schleife\/#breadcrumb","itemListElement":[{"@type":"ListItem","position":1,"name":"Accueil","item":"https:\/\/exceladvisor.org\/de\/"},{"@type":"ListItem","position":2,"name":"Multifunktionsleiste in excel: registerkarten und optionen"}]},{"@type":"WebSite","@id":"https:\/\/exceladvisor.org\/de\/#website","url":"https:\/\/exceladvisor.org\/de\/","name":"Excel Advisor","description":"Ihr Leitfaden zur Datendominanz","publisher":{"@id":"https:\/\/exceladvisor.org\/de\/#organization"},"potentialAction":[{"@type":"SearchAction","target":{"@type":"EntryPoint","urlTemplate":"https:\/\/exceladvisor.org\/de\/?s={search_term_string}"},"query-input":{"@type":"PropertyValueSpecification","valueRequired":true,"valueName":"search_term_string"}}],"inLanguage":"de"},{"@type":"Organization","@id":"https:\/\/exceladvisor.org\/de\/#organization","name":"Excel Advisor","url":"https:\/\/exceladvisor.org\/de\/","logo":{"@type":"ImageObject","inLanguage":"de","@id":"https:\/\/exceladvisor.org\/de\/#\/schema\/logo\/image\/","url":"https:\/\/exceladvisor.org\/de\/wp-content\/uploads\/2023\/11\/exceladvisor.org_.png","contentUrl":"https:\/\/exceladvisor.org\/de\/wp-content\/uploads\/2023\/11\/exceladvisor.org_.png","width":105,"height":36,"caption":"Excel Advisor"},"image":{"@id":"https:\/\/exceladvisor.org\/de\/#\/schema\/logo\/image\/"}}]}},"yoast_meta":{"yoast_wpseo_title":"","yoast_wpseo_metadesc":"","yoast_wpseo_canonical":""},"_links":{"self":[{"href":"https:\/\/exceladvisor.org\/de\/wp-json\/wp\/v2\/pages\/3138","targetHints":{"allow":["GET"]}}],"collection":[{"href":"https:\/\/exceladvisor.org\/de\/wp-json\/wp\/v2\/pages"}],"about":[{"href":"https:\/\/exceladvisor.org\/de\/wp-json\/wp\/v2\/types\/page"}],"author":[{"embeddable":true,"href":"https:\/\/exceladvisor.org\/de\/wp-json\/wp\/v2\/users\/1"}],"replies":[{"embeddable":true,"href":"https:\/\/exceladvisor.org\/de\/wp-json\/wp\/v2\/comments?post=3138"}],"version-history":[{"count":1,"href":"https:\/\/exceladvisor.org\/de\/wp-json\/wp\/v2\/pages\/3138\/revisions"}],"predecessor-version":[{"id":3777,"href":"https:\/\/exceladvisor.org\/de\/wp-json\/wp\/v2\/pages\/3138\/revisions\/3777"}],"wp:attachment":[{"href":"https:\/\/exceladvisor.org\/de\/wp-json\/wp\/v2\/media?parent=3138"}],"curies":[{"name":"wp","href":"https:\/\/api.w.org\/{rel}","templated":true}]}}