{"id":3139,"date":"2023-11-13T22:18:01","date_gmt":"2023-11-13T22:18:01","guid":{"rendered":"https:\/\/exceladvisor.org\/de\/spaltenbreite-kopieren-und-einfugen\/"},"modified":"2023-12-03T13:03:56","modified_gmt":"2023-12-03T13:03:56","slug":"spaltenbreite-kopieren-und-einfugen","status":"publish","type":"page","link":"https:\/\/exceladvisor.org\/de\/spaltenbreite-kopieren-und-einfugen\/","title":{"rendered":"Wie kopiere ich die breite einer spalte in excel und f\u00fcge sie ein?"},"content":{"rendered":"<div class=\"excel-vor-dem-inhalt\" id=\"excel-3628127399\"><script type=\"text\/javascript\">\r\n\tatOptions = {\r\n\t\t'key' : 'c1158f160081d6540a8409e6925dab94',\r\n\t\t'format' : 'iframe',\r\n\t\t'height' : 250,\r\n\t\t'width' : 300,\r\n\t\t'params' : {}\r\n\t};\r\n<\/script>\r\n<script type=\"text\/javascript\" src=\"\/\/www.highperformanceformat.com\/c1158f160081d6540a8409e6925dab94\/invoke.js\"><\/script><\/div> <p>In Excel haben Sie immer festgestellt, dass beim Kopieren und Einf\u00fcgen von Daten die Zellenbreite nicht eingef\u00fcgt wird und die eingef\u00fcgten Zellenwerte m\u00f6glicherweise den Zellenbereich \u00fcberlappen.<\/p><p> Und manchmal m\u00f6chten Benutzer nur Spaltenbreiten kopieren und einf\u00fcgen, ohne Werte einzuf\u00fcgen.<\/p><p><mark class=\"has-inline-color\" style=\"background-color: #c6edfa;\"> <strong>Die guten Nachrichten<\/strong><\/mark> ist, dass Excel die L\u00f6sung daf\u00fcr hat und Sie die Daten einschlie\u00dflich der Spaltenbreite kopieren und einf\u00fcgen k\u00f6nnen und nur die Spaltenbreite ohne die Daten kopieren und einf\u00fcgen k\u00f6nnen.<\/p><p> In diesem Tutorial erfahren Sie, wie Sie die Spaltenbreite auf verschiedene Arten kopieren und einf\u00fcgen.<\/p><h2 class=\"wp-block-heading\"> Nur Spaltenbreite kopieren und einf\u00fcgen<\/h2><p> Um nur die Spaltenbreite zu kopieren und einzuf\u00fcgen, f\u00fchren Sie die folgenden Schritte aus:<\/p><ol><li> W\u00e4hlen Sie zun\u00e4chst die Spalte aus, deren Breite Sie kopieren und einf\u00fcgen m\u00f6chten, und kopieren Sie sie. <br><img loading=\"lazy\" decoding=\"async\" title=\"1-Spalte ausw\u00e4hlen\" src=\"https:\/\/exceladvisor.org\/wp-content\/uploads\/2023\/08\/1-selectionner-la-colonne-2.png\" sizes=\"auto, \" srcset=\"\" alt=\"select-the-column\" width=\"303\" height=\"259\"><\/li><li> Gehen Sie danach zu einer beliebigen Zelle in der Spalte, in die Sie nur die kopierte Breite einf\u00fcgen m\u00f6chten, gehen Sie dann zum Symbol \u201eEinf\u00fcgen\u201c auf der Registerkarte \u201eStartseite\u201c und klicken Sie auf die Option \u201eInhalte einf\u00fcgen\u201c. <br><img loading=\"lazy\" decoding=\"async\" title=\"2-Symbol-in-Home-Tab einf\u00fcgen\" src=\"https:\/\/exceladvisor.org\/wp-content\/uploads\/2023\/08\/2-coller-licone-dans-longlet-daccueil.png\" sizes=\"auto, \" srcset=\"\" alt=\"paste-icon-within-home-tab\" width=\"309\" height=\"394\"><\/li><li> Oder gehen Sie zu einer beliebigen Zelle in der Spalte, klicken Sie mit der rechten Maustaste und klicken Sie dann auf die Option \u201eInhalte einf\u00fcgen\u201c. <br><img loading=\"lazy\" decoding=\"async\" title=\"3-Rechtsklick-und-Spezialoption-Pste\" src=\"https:\/\/exceladvisor.org\/wp-content\/uploads\/2023\/08\/3-clic-droit-et-option-speciale-pste.png\" sizes=\"auto, \" srcset=\"\" alt=\"right-click-and-paste-special-option\" width=\"484\" height=\"280\"><\/li><li> An dieser Stelle wird das Dialogfeld \u201eInhalte einf\u00fcgen\u201c ge\u00f6ffnet und die Option \u201eSpaltenbreite\u201c ausgew\u00e4hlt.<\/li><li> Klicken Sie am Ende auf OK. <br><img loading=\"lazy\" decoding=\"async\" title=\"4 Spaltenbreiten zur Auswahl\" src=\"https:\/\/exceladvisor.org\/wp-content\/uploads\/2023\/08\/4-selectionner-la-largeur-de-colonne.png\" sizes=\"auto, \" srcset=\"\" alt=\"select-column-width\" width=\"446\" height=\"336\"><\/li><li> Sobald Sie auf OK klicken, wird die Spaltenbreite eingef\u00fcgt. <br><img loading=\"lazy\" decoding=\"async\" title=\"5-spaltig-verleimt\" src=\"https:\/\/exceladvisor.org\/wp-content\/uploads\/2023\/08\/5-largeur-de-colonne-collee.png\" sizes=\"auto, \" srcset=\"\" alt=\"column-width-pasted\" width=\"393\" height=\"248\"><\/li><\/ol><h2 class=\"wp-block-heading\"> Tastenkombination zum Kopieren und Einf\u00fcgen nur der Spaltenbreite<\/h2><p> <kbd>Alt<\/kbd> \u2192 <kbd>E<\/kbd> \u2192 <kbd>S<\/kbd> \u2192 <kbd>O<\/kbd><\/p><ol><li> Navigieren Sie zun\u00e4chst zu einer beliebigen Zelle in der Spalte, deren Breite Sie kopieren und einf\u00fcgen m\u00f6chten, und dr\u00fccken Sie die Tastenkombination \u201eStrg + A\u201c, um diese Zelle zu kopieren.<\/li><li> Gehen Sie danach zu der Spaltenzelle, in die Sie die kopierte Breite einf\u00fcgen m\u00f6chten, dr\u00fccken Sie \u201eAlt \u2192 E \u2192 S \u2192 W\u201c, dr\u00fccken Sie \u201eEnter\u201c und die Spaltenbreite wird eingef\u00fcgt.<\/li><\/ol><h2 class=\"wp-block-heading\"> Kopieren Sie die Spaltenbreite einschlie\u00dflich Werte und Formatierung und f\u00fcgen Sie sie ein<\/h2><p> Ihnen ist schon immer aufgefallen, dass beim Kopieren und Einf\u00fcgen der Daten die Spaltenbreite nicht eingef\u00fcgt wird. Um die kopierten Daten und Spaltenbreite einzuf\u00fcgen, f\u00fchren Sie jedoch die folgenden Schritte aus:<\/p><ol><li> W\u00e4hlen Sie zun\u00e4chst die Daten aus, die Sie an anderer Stelle im selben Blatt oder im neuen Arbeitsblatt einf\u00fcgen m\u00f6chten, und kopieren Sie sie. <br><img loading=\"lazy\" decoding=\"async\" title=\"6-Datensatz ausw\u00e4hlen\" src=\"https:\/\/exceladvisor.org\/wp-content\/uploads\/2023\/08\/6-selectionner-le-jeu-de-donnees.png\" sizes=\"auto, \" srcset=\"\" alt=\"select-the-data-set\" width=\"492\" height=\"259\"><\/li><li> Gehen Sie anschlie\u00dfend zu der Zelle, in die Sie diese Daten einf\u00fcgen m\u00f6chten, klicken Sie auf der Registerkarte \u201eStartseite\u201c auf das Symbol \u201eEinf\u00fcgen\u201c und dann auf die Option \u201eBreite der Quellspalte beibehalten\u201c.<\/li><li> Sobald Sie auf diese Option klicken, werden die kopierten Daten mit Spaltenbreite und ggf. Formatierung in die kopierten Zellen eingef\u00fcgt. <br><img loading=\"lazy\" decoding=\"async\" title=\"7-select-keep-source-column-width\" src=\"https:\/\/exceladvisor.org\/wp-content\/uploads\/2023\/08\/7-selectionnez-conserver-la-largeur-de-la-colonne-source.png\" sizes=\"auto, \" srcset=\"\" alt=\"select-keep -source-column-width\" width=\"730\" height=\"323\"><\/li><\/ol><h2 class=\"wp-block-heading\"> Tastenkombination zum Kopieren und Einf\u00fcgen nur der Spaltenbreite<\/h2><p> <kbd>Alt<\/kbd> \u2192 <kbd>H<\/kbd> \u2192 <kbd>V<\/kbd> \u2192 <kbd>W<\/kbd><\/p><ul><li> Kopieren Sie zun\u00e4chst die Daten mit den Tastenkombinationen \u201eStrg + A\u201c.<\/li><li> Gehen Sie danach zu der Zelle, in die Sie die kopierten Daten mit der Breite einf\u00fcgen m\u00f6chten, und dr\u00fccken Sie dann \u201eAlt \u2192 H \u2192 V \u2192 W\u201c, und die Daten mit der Spaltenbreite werden eingef\u00fcgt.<\/li><\/ul><h2 class=\"wp-block-heading\"> Kopieren Sie die Spaltenbreite einschlie\u00dflich der Formatierung und f\u00fcgen Sie sie mit dem Format Painter ein<\/h2><ol><li> Gehen Sie zun\u00e4chst zur Spalten\u00fcberschrift und w\u00e4hlen Sie die gesamte Spalte aus. Klicken Sie dann auf der Registerkarte \u201eStartseite\u201c auf das Symbol \u201eFormat Painter\u201c.<\/li><li> Sobald Sie auf \u201eFormat Painter\u201c klicken, verwandelt sich Ihr Mauszeiger in ein Pinselsymbol. <br><img loading=\"lazy\" decoding=\"async\" title=\"8-Paste-Breite-mit-Painter-Format\" src=\"https:\/\/exceladvisor.org\/wp-content\/uploads\/2023\/08\/8-largeur-de-pate-a-laide-de-Format-Painter.png\" sizes=\"auto, \" srcset=\"\" alt=\"paste-width-using-format-painter\" width=\"439\" height=\"384\"><\/li><li> Gehen Sie nun zu der Spalten\u00fcberschrift, in die Sie die Spaltenbreite inklusive Formatierung einf\u00fcgen m\u00f6chten, und klicken Sie einfach mit der Maustaste, dann wird sie eingef\u00fcgt. <br><img loading=\"lazy\" decoding=\"async\" title=\"9-Breite-eingef\u00fcgt-inklusive-Formatierung\" src=\"https:\/\/exceladvisor.org\/wp-content\/uploads\/2023\/08\/9-largeur-collee-avec-mise-en-forme.png\" sizes=\"auto, \" srcset=\"\" alt=\"width-pasted-including-formatting\" width=\"668\" height=\"251\"><\/li><\/ol><div class=\"gb-container gb-container-4db6181c gb-container-mt\"> <a class=\"gb-button gb-button-c5897111 gb-button-text gb-button-mt-button\" href=\"https:\/\/exceladvisor.org\/de\/excel-grundlagen\/\">Microsoft Excel-Grundlagen (Komponenten, Teile und Wissenshinweise)<\/a><h2 class=\"gb-headline gb-headline-665e5f6b gb-headline-text gb-headline-mt-heading\"> Verwandte Tutorials <\/h2><div class=\"gb-grid-wrapper gb-grid-wrapper-a20baf7c gb-grid-wrapper-mt-grid\"><div class=\"gb-grid-column gb-grid-column-65ddf67e\"><div class=\"gb-container gb-container-65ddf67e\"><ul><li> <a href=\"https:\/\/exceladvisor.org\/de\/zeichne-eine-linie\/\">Zeichnen Sie eine Linie in Excel<\/a><\/li><li> <a href=\"https:\/\/exceladvisor.org\/de\/fugen-sie-eine-schaltflache-hinzu\/\">F\u00fcgen Sie eine Schaltfl\u00e4che in Excel hinzu<\/a><\/li><li> <a href=\"https:\/\/exceladvisor.org\/de\/verschmelzen-dissoziieren-zellen\/\">Zusammenf\u00fchren \u2013 Gruppierung von Zellen in Excel aufheben<\/a><\/li><li> <a href=\"https:\/\/exceladvisor.org\/de\/rechtschreibprufung\/\">Rechtschreibpr\u00fcfung in Excel<\/a><\/li><li> <a href=\"https:\/\/exceladvisor.org\/de\/ruckzug\/\">Einzug in Excel vergr\u00f6\u00dfern und verkleinern<\/a><\/li><\/ul><\/div><\/div><\/div><\/div>","protected":false},"excerpt":{"rendered":"","protected":false},"author":1,"featured_media":0,"parent":0,"menu_order":0,"comment_status":"open","ping_status":"closed","template":"","meta":{"ub_ctt_via":"","footnotes":""},"class_list":["post-3139","page","type-page","status-publish","hentry"],"featured_image_src":null,"yoast_head":"<!-- This site is optimized with the Yoast SEO plugin v25.4 - https:\/\/yoast.com\/wordpress\/plugins\/seo\/ -->\n<title>Wie kopiere ich die Breite einer Spalte in Excel und f\u00fcge sie ein?<\/title>\n<meta name=\"description\" content=\"Dieses Tutorial konzentriert sich auf das Kopieren und Einf\u00fcgen der Breite von einer Spalte in eine andere. Das ist eine wichtige Sache f\u00fcr ein neues...\" \/>\n<meta name=\"robots\" content=\"index, follow, max-snippet:-1, max-image-preview:large, max-video-preview:-1\" \/>\n<link rel=\"canonical\" href=\"https:\/\/exceladvisor.org\/de\/spaltenbreite-kopieren-und-einfugen\/\" \/>\n<meta property=\"og:locale\" content=\"de_DE\" \/>\n<meta property=\"og:type\" content=\"article\" \/>\n<meta property=\"og:title\" content=\"Wie kopiere ich die Breite einer Spalte in Excel und f\u00fcge sie ein?\" \/>\n<meta property=\"og:description\" content=\"Dieses Tutorial konzentriert sich auf das Kopieren und Einf\u00fcgen der Breite von einer Spalte in eine andere. Das ist eine wichtige Sache f\u00fcr ein neues...\" \/>\n<meta property=\"og:url\" content=\"https:\/\/exceladvisor.org\/de\/spaltenbreite-kopieren-und-einfugen\/\" \/>\n<meta property=\"og:site_name\" content=\"Excel Advisor\" \/>\n<meta property=\"article:modified_time\" content=\"2023-12-03T13:03:56+00:00\" \/>\n<meta property=\"og:image\" content=\"https:\/\/exceladvisor.org\/wp-content\/uploads\/2023\/08\/1-selectionner-la-colonne-2.png\" \/>\n<meta name=\"twitter:card\" content=\"summary_large_image\" \/>\n<meta name=\"twitter:label1\" content=\"Gesch\u00e4tzte Lesezeit\" \/>\n\t<meta name=\"twitter:data1\" content=\"3\u00a0Minuten\" \/>\n<script type=\"application\/ld+json\" class=\"yoast-schema-graph\">{\"@context\":\"https:\/\/schema.org\",\"@graph\":[{\"@type\":\"WebPage\",\"@id\":\"https:\/\/exceladvisor.org\/de\/spaltenbreite-kopieren-und-einfugen\/\",\"url\":\"https:\/\/exceladvisor.org\/de\/spaltenbreite-kopieren-und-einfugen\/\",\"name\":\"Wie kopiere ich die Breite einer Spalte in Excel und f\u00fcge sie ein?\",\"isPartOf\":{\"@id\":\"https:\/\/exceladvisor.org\/de\/#website\"},\"primaryImageOfPage\":{\"@id\":\"https:\/\/exceladvisor.org\/de\/spaltenbreite-kopieren-und-einfugen\/#primaryimage\"},\"image\":{\"@id\":\"https:\/\/exceladvisor.org\/de\/spaltenbreite-kopieren-und-einfugen\/#primaryimage\"},\"thumbnailUrl\":\"https:\/\/exceladvisor.org\/wp-content\/uploads\/2023\/08\/1-selectionner-la-colonne-2.png\",\"datePublished\":\"2023-11-13T22:18:01+00:00\",\"dateModified\":\"2023-12-03T13:03:56+00:00\",\"description\":\"Dieses Tutorial konzentriert sich auf das Kopieren und Einf\u00fcgen der Breite von einer Spalte in eine andere. Das ist eine wichtige Sache f\u00fcr ein neues...\",\"breadcrumb\":{\"@id\":\"https:\/\/exceladvisor.org\/de\/spaltenbreite-kopieren-und-einfugen\/#breadcrumb\"},\"inLanguage\":\"de\",\"potentialAction\":[{\"@type\":\"ReadAction\",\"target\":[\"https:\/\/exceladvisor.org\/de\/spaltenbreite-kopieren-und-einfugen\/\"]}]},{\"@type\":\"ImageObject\",\"inLanguage\":\"de\",\"@id\":\"https:\/\/exceladvisor.org\/de\/spaltenbreite-kopieren-und-einfugen\/#primaryimage\",\"url\":\"https:\/\/exceladvisor.org\/wp-content\/uploads\/2023\/08\/1-selectionner-la-colonne-2.png\",\"contentUrl\":\"https:\/\/exceladvisor.org\/wp-content\/uploads\/2023\/08\/1-selectionner-la-colonne-2.png\"},{\"@type\":\"BreadcrumbList\",\"@id\":\"https:\/\/exceladvisor.org\/de\/spaltenbreite-kopieren-und-einfugen\/#breadcrumb\",\"itemListElement\":[{\"@type\":\"ListItem\",\"position\":1,\"name\":\"Accueil\",\"item\":\"https:\/\/exceladvisor.org\/de\/\"},{\"@type\":\"ListItem\",\"position\":2,\"name\":\"Wie kopiere ich die breite einer spalte in excel und f\u00fcge sie ein?\"}]},{\"@type\":\"WebSite\",\"@id\":\"https:\/\/exceladvisor.org\/de\/#website\",\"url\":\"https:\/\/exceladvisor.org\/de\/\",\"name\":\"Excel Advisor\",\"description\":\"Ihr Leitfaden zur Datendominanz\",\"publisher\":{\"@id\":\"https:\/\/exceladvisor.org\/de\/#organization\"},\"potentialAction\":[{\"@type\":\"SearchAction\",\"target\":{\"@type\":\"EntryPoint\",\"urlTemplate\":\"https:\/\/exceladvisor.org\/de\/?s={search_term_string}\"},\"query-input\":{\"@type\":\"PropertyValueSpecification\",\"valueRequired\":true,\"valueName\":\"search_term_string\"}}],\"inLanguage\":\"de\"},{\"@type\":\"Organization\",\"@id\":\"https:\/\/exceladvisor.org\/de\/#organization\",\"name\":\"Excel Advisor\",\"url\":\"https:\/\/exceladvisor.org\/de\/\",\"logo\":{\"@type\":\"ImageObject\",\"inLanguage\":\"de\",\"@id\":\"https:\/\/exceladvisor.org\/de\/#\/schema\/logo\/image\/\",\"url\":\"https:\/\/exceladvisor.org\/de\/wp-content\/uploads\/2023\/11\/exceladvisor.org_.png\",\"contentUrl\":\"https:\/\/exceladvisor.org\/de\/wp-content\/uploads\/2023\/11\/exceladvisor.org_.png\",\"width\":105,\"height\":36,\"caption\":\"Excel Advisor\"},\"image\":{\"@id\":\"https:\/\/exceladvisor.org\/de\/#\/schema\/logo\/image\/\"}}]}<\/script>\n<!-- \/ Yoast SEO plugin. -->","yoast_head_json":{"title":"Wie kopiere ich die Breite einer Spalte in Excel und f\u00fcge sie ein?","description":"Dieses Tutorial konzentriert sich auf das Kopieren und Einf\u00fcgen der Breite von einer Spalte in eine andere. Das ist eine wichtige Sache f\u00fcr ein neues...","robots":{"index":"index","follow":"follow","max-snippet":"max-snippet:-1","max-image-preview":"max-image-preview:large","max-video-preview":"max-video-preview:-1"},"canonical":"https:\/\/exceladvisor.org\/de\/spaltenbreite-kopieren-und-einfugen\/","og_locale":"de_DE","og_type":"article","og_title":"Wie kopiere ich die Breite einer Spalte in Excel und f\u00fcge sie ein?","og_description":"Dieses Tutorial konzentriert sich auf das Kopieren und Einf\u00fcgen der Breite von einer Spalte in eine andere. Das ist eine wichtige Sache f\u00fcr ein neues...","og_url":"https:\/\/exceladvisor.org\/de\/spaltenbreite-kopieren-und-einfugen\/","og_site_name":"Excel Advisor","article_modified_time":"2023-12-03T13:03:56+00:00","og_image":[{"url":"https:\/\/exceladvisor.org\/wp-content\/uploads\/2023\/08\/1-selectionner-la-colonne-2.png","type":"","width":"","height":""}],"twitter_card":"summary_large_image","twitter_misc":{"Gesch\u00e4tzte Lesezeit":"3\u00a0Minuten"},"schema":{"@context":"https:\/\/schema.org","@graph":[{"@type":"WebPage","@id":"https:\/\/exceladvisor.org\/de\/spaltenbreite-kopieren-und-einfugen\/","url":"https:\/\/exceladvisor.org\/de\/spaltenbreite-kopieren-und-einfugen\/","name":"Wie kopiere ich die Breite einer Spalte in Excel und f\u00fcge sie ein?","isPartOf":{"@id":"https:\/\/exceladvisor.org\/de\/#website"},"primaryImageOfPage":{"@id":"https:\/\/exceladvisor.org\/de\/spaltenbreite-kopieren-und-einfugen\/#primaryimage"},"image":{"@id":"https:\/\/exceladvisor.org\/de\/spaltenbreite-kopieren-und-einfugen\/#primaryimage"},"thumbnailUrl":"https:\/\/exceladvisor.org\/wp-content\/uploads\/2023\/08\/1-selectionner-la-colonne-2.png","datePublished":"2023-11-13T22:18:01+00:00","dateModified":"2023-12-03T13:03:56+00:00","description":"Dieses Tutorial konzentriert sich auf das Kopieren und Einf\u00fcgen der Breite von einer Spalte in eine andere. Das ist eine wichtige Sache f\u00fcr ein neues...","breadcrumb":{"@id":"https:\/\/exceladvisor.org\/de\/spaltenbreite-kopieren-und-einfugen\/#breadcrumb"},"inLanguage":"de","potentialAction":[{"@type":"ReadAction","target":["https:\/\/exceladvisor.org\/de\/spaltenbreite-kopieren-und-einfugen\/"]}]},{"@type":"ImageObject","inLanguage":"de","@id":"https:\/\/exceladvisor.org\/de\/spaltenbreite-kopieren-und-einfugen\/#primaryimage","url":"https:\/\/exceladvisor.org\/wp-content\/uploads\/2023\/08\/1-selectionner-la-colonne-2.png","contentUrl":"https:\/\/exceladvisor.org\/wp-content\/uploads\/2023\/08\/1-selectionner-la-colonne-2.png"},{"@type":"BreadcrumbList","@id":"https:\/\/exceladvisor.org\/de\/spaltenbreite-kopieren-und-einfugen\/#breadcrumb","itemListElement":[{"@type":"ListItem","position":1,"name":"Accueil","item":"https:\/\/exceladvisor.org\/de\/"},{"@type":"ListItem","position":2,"name":"Wie kopiere ich die breite einer spalte in excel und f\u00fcge sie ein?"}]},{"@type":"WebSite","@id":"https:\/\/exceladvisor.org\/de\/#website","url":"https:\/\/exceladvisor.org\/de\/","name":"Excel Advisor","description":"Ihr Leitfaden zur Datendominanz","publisher":{"@id":"https:\/\/exceladvisor.org\/de\/#organization"},"potentialAction":[{"@type":"SearchAction","target":{"@type":"EntryPoint","urlTemplate":"https:\/\/exceladvisor.org\/de\/?s={search_term_string}"},"query-input":{"@type":"PropertyValueSpecification","valueRequired":true,"valueName":"search_term_string"}}],"inLanguage":"de"},{"@type":"Organization","@id":"https:\/\/exceladvisor.org\/de\/#organization","name":"Excel Advisor","url":"https:\/\/exceladvisor.org\/de\/","logo":{"@type":"ImageObject","inLanguage":"de","@id":"https:\/\/exceladvisor.org\/de\/#\/schema\/logo\/image\/","url":"https:\/\/exceladvisor.org\/de\/wp-content\/uploads\/2023\/11\/exceladvisor.org_.png","contentUrl":"https:\/\/exceladvisor.org\/de\/wp-content\/uploads\/2023\/11\/exceladvisor.org_.png","width":105,"height":36,"caption":"Excel Advisor"},"image":{"@id":"https:\/\/exceladvisor.org\/de\/#\/schema\/logo\/image\/"}}]}},"yoast_meta":{"yoast_wpseo_title":"","yoast_wpseo_metadesc":"","yoast_wpseo_canonical":""},"_links":{"self":[{"href":"https:\/\/exceladvisor.org\/de\/wp-json\/wp\/v2\/pages\/3139","targetHints":{"allow":["GET"]}}],"collection":[{"href":"https:\/\/exceladvisor.org\/de\/wp-json\/wp\/v2\/pages"}],"about":[{"href":"https:\/\/exceladvisor.org\/de\/wp-json\/wp\/v2\/types\/page"}],"author":[{"embeddable":true,"href":"https:\/\/exceladvisor.org\/de\/wp-json\/wp\/v2\/users\/1"}],"replies":[{"embeddable":true,"href":"https:\/\/exceladvisor.org\/de\/wp-json\/wp\/v2\/comments?post=3139"}],"version-history":[{"count":1,"href":"https:\/\/exceladvisor.org\/de\/wp-json\/wp\/v2\/pages\/3139\/revisions"}],"predecessor-version":[{"id":4127,"href":"https:\/\/exceladvisor.org\/de\/wp-json\/wp\/v2\/pages\/3139\/revisions\/4127"}],"wp:attachment":[{"href":"https:\/\/exceladvisor.org\/de\/wp-json\/wp\/v2\/media?parent=3139"}],"curies":[{"name":"wp","href":"https:\/\/api.w.org\/{rel}","templated":true}]}}