{"id":3140,"date":"2023-11-13T21:20:58","date_gmt":"2023-11-13T21:20:58","guid":{"rendered":"https:\/\/exceladvisor.org\/de\/werte-ohne-formatierung-einfugen\/"},"modified":"2023-12-03T13:04:02","modified_gmt":"2023-12-03T13:04:02","slug":"werte-ohne-formatierung-einfugen","status":"publish","type":"page","link":"https:\/\/exceladvisor.org\/de\/werte-ohne-formatierung-einfugen\/","title":{"rendered":"Wie kopiere und f\u00fcge ich werte ohne formatierung ein?"},"content":{"rendered":"<div class=\"excel-vor-dem-inhalt\" id=\"excel-482198199\"><script type=\"text\/javascript\">\r\n\tatOptions = {\r\n\t\t'key' : 'c1158f160081d6540a8409e6925dab94',\r\n\t\t'format' : 'iframe',\r\n\t\t'height' : 250,\r\n\t\t'width' : 300,\r\n\t\t'params' : {}\r\n\t};\r\n<\/script>\r\n<script type=\"text\/javascript\" src=\"\/\/www.highperformanceformat.com\/c1158f160081d6540a8409e6925dab94\/invoke.js\"><\/script><\/div> <p>Wie Sie alle wissen, ist das Kopieren und Einf\u00fcgen eine \u00fcbliche Sache, die jeder bei der Arbeit mit Daten macht, und manchmal m\u00f6chte man Daten kopieren und einf\u00fcgen, auf die eine Formatierung angewendet wurde, aber man m\u00f6chte nur die Werte daraus einf\u00fcgen, und Excel hat dies auch getan mehrere M\u00f6glichkeiten, dies zu tun.<\/p><p> In diesem Tutorial zeigen wir Ihnen verschiedene M\u00f6glichkeiten, Werte nur ohne Formatierung zu kopieren und einzuf\u00fcgen.<\/p><h2 class=\"wp-block-heading\"> Schritte zum Kopieren und Einf\u00fcgen von Werten nur mit der Sonderoption \u201eEinf\u00fcgen\u201c.<\/h2><ol><li> W\u00e4hlen Sie zun\u00e4chst die Zelle oder den Zellbereich aus, die Sie kopieren und einf\u00fcgen m\u00f6chten.<\/li><li> Dr\u00fccken Sie anschlie\u00dfend die Tastenkombination \u201eSTRG + C\u201c oder klicken Sie mit der rechten Maustaste und w\u00e4hlen Sie die Option \u201eKopieren\u201c aus der Dropdown-Liste, um die ausgew\u00e4hlten Zellen zu kopieren. <br><img loading=\"lazy\" decoding=\"async\" title=\"1-nur Werte kopieren\/einf\u00fcgen\" src=\"https:\/\/exceladvisor.org\/wp-content\/uploads\/2023\/08\/1-copier-et-coller-uniquement-les-valeurs.png\" sizes=\"auto, \" srcset=\"\" alt=\"copy-and-paste-values-only\" width=\"448\" height=\"393\"><\/li><li> Sobald Ihre Daten ausgew\u00e4hlt sind, beginnt Excel mit der Anzeige des hervorgehobenen Rahmens im ausgew\u00e4hlten Bereich, wie im Bild unten gezeigt. <br><img loading=\"lazy\" decoding=\"async\" title=\"2 ausgew\u00e4hlte Datenbereiche\" src=\"https:\/\/exceladvisor.org\/wp-content\/uploads\/2023\/08\/2-plage-de-donnees-selectionnee.png\" sizes=\"auto, \" srcset=\"\" alt=\"selected-data-range\" width=\"405\" height=\"223\"><\/li><li> Gehen Sie nun zu der Zelle, in die Sie die kopierten Daten einf\u00fcgen m\u00f6chten, klicken Sie mit der rechten Maustaste und w\u00e4hlen Sie die Option \u201e123\u201c (Werte). Ihre Daten werden als Werte eingef\u00fcgt. <br><img loading=\"lazy\" decoding=\"async\" title=\"Option 3 Auswahlwerte\" src=\"https:\/\/exceladvisor.org\/wp-content\/uploads\/2023\/08\/3-choisir-loption-des-valeurs.png\" sizes=\"auto, \" srcset=\"\" alt=\"choose-values-option\" width=\"613\" height=\"253\"><\/li><li> Oder gehen Sie zu der Zelle, in die Sie die kopierten Daten einf\u00fcgen m\u00f6chten, gehen Sie zur Registerkarte \u201eStartseite\u201c und klicken Sie auf das Symbol \u201eEinf\u00fcgen\u201c. W\u00e4hlen Sie dort die Option \u201e123\u201c Werte aus und Ihre Daten werden als Werte eingef\u00fcgt. <br><img loading=\"lazy\" decoding=\"async\" title=\"4-Choose-Paste-Values-Only\" src=\"https:\/\/exceladvisor.org\/wp-content\/uploads\/2023\/08\/4-choisir-uniquement-les-valeurs-de-collage.png\" sizes=\"auto, \" srcset=\"\" alt=\"choose-paste-values-only\" width=\"564\" height=\"354\"><\/li><\/ol><h2 class=\"wp-block-heading\"> Kopieren Sie Werte per Drag &amp; Drop und f\u00fcgen Sie sie ein<\/h2><p> Excel verf\u00fcgt au\u00dferdem \u00fcber eine sehr schnelle und einfache Drag-and-Drop-Funktion, mit der Sie die kopierten Daten nur als Werte einf\u00fcgen k\u00f6nnen. Befolgen Sie dazu die folgenden Schritte:<\/p><ol><li> W\u00e4hlen Sie zun\u00e4chst die Zelle oder den Zellbereich aus, die Sie kopieren und einf\u00fcgen m\u00f6chten.<\/li><li> Bewegen Sie anschlie\u00dfend Ihre Maus \u00fcber den Rand des ausgew\u00e4hlten Bereichs. <br><img loading=\"lazy\" decoding=\"async\" title=\"5-Maus-schweben-\u00fcber-der-Bereichsgrenze\" src=\"https:\/\/exceladvisor.org\/wp-content\/uploads\/2023\/08\/5-survolez-la-souris-sur-la-bordure-de-la-plage.png\" sizes=\"auto, \" srcset=\"\" alt=\"hover-mouse-on-the-range-border\" width=\"408\" height=\"227\"><\/li><li> Klicken Sie nun mit der rechten Maustaste, halten Sie die Maustaste gedr\u00fcckt und ziehen Sie den Bereich in die Zelle, in die Sie ihn einf\u00fcgen m\u00f6chten. Lassen Sie dann die rechte Maustaste los.<\/li><li> Sobald Sie die rechte Taste loslassen, erhalten Sie das Dropdown-Men\u00fc mit den mehreren Optionen und klicken dort auf \u201eNur als Werte hierher kopieren\u201c. <br><img loading=\"lazy\" decoding=\"async\" title=\"6-hier-kopieren-als-Werte-nur\" src=\"https:\/\/exceladvisor.org\/wp-content\/uploads\/2023\/08\/6-copier-ici-en-tant-que-valeurs-uniquement.png\" sizes=\"auto, \" srcset=\"\" alt=\"copy-here-as-values-only\" width=\"540\" height=\"339\"><\/li><li> Sobald Sie auf die Option \u201eNur als Werte hierher kopieren\u201c klicken, werden die kopierten Daten nur als Werte eingef\u00fcgt. <br><img loading=\"lazy\" decoding=\"async\" title=\"7-Daten werden nur als Werte eingef\u00fcgt\" src=\"https:\/\/exceladvisor.org\/wp-content\/uploads\/2023\/08\/7-donnees-collees-en-tant-que-valeurs-uniquement.png\" sizes=\"auto, \" srcset=\"\" alt=\"data-pasted-as-values-only\" width=\"611\" height=\"233\"><\/li><\/ol><h2 class=\"wp-block-heading\"> Kopieren und Einf\u00fcgen von Werten nur \u00fcber die Tastenkombination<\/h2><p> Wenn Sie Excel-Verkn\u00fcpfungen lieben, ist diese Tastenkombination zum Kopieren und Einf\u00fcgen die beste Wahl f\u00fcr Sie.<\/p><ol><li> W\u00e4hlen Sie zun\u00e4chst den Datenbereich aus, den Sie kopieren und einf\u00fcgen m\u00f6chten, und dr\u00fccken Sie dann die Tastenkombination \u201eStrg + C\u201c, um diesen Bereich zu kopieren.<\/li><li> Wenn Sie den gesamten Datensatz ausw\u00e4hlen m\u00f6chten, dr\u00fccken Sie zun\u00e4chst \u201eStrg + A\u201c, um den gesamten Datensatz auszuw\u00e4hlen, und dr\u00fccken Sie dann \u201eStrg + C\u201c, um den ausgew\u00e4hlten Datensatz zu kopieren.<\/li><li> Sobald Ihre Daten ausgew\u00e4hlt sind, beginnt Excel mit der Anzeige des hervorgehobenen Rahmens im ausgew\u00e4hlten Bereich, wie im Bild unten gezeigt. <br><img loading=\"lazy\" decoding=\"async\" title=\"8-Datenbereich ausw\u00e4hlen\" src=\"https:\/\/exceladvisor.org\/wp-content\/uploads\/2023\/08\/8-selectionner-la-plage-de-donnees.png\" sizes=\"auto, \" srcset=\"\" alt=\"select-the-data-range\" width=\"426\" height=\"248\"><\/li><li> Gehen Sie nun zu der Zelle, in die Sie die ausgew\u00e4hlten Daten einf\u00fcgen m\u00f6chten, dr\u00fccken Sie dann nacheinander die Tasten \u201eAlt \u2192 E \u2192 S \u2192 E\u201c und dr\u00fccken Sie dann die Eingabetaste. Ihre Daten werden nur als Werte eingef\u00fcgt.<\/li><li> Oder Sie k\u00f6nnen \u201eStrg + Alt + V \u2192 \u201eE\u201c dr\u00fccken und dann die Eingabetaste dr\u00fccken, um die kopierten Daten nur als Werte einzuf\u00fcgen. <br><img loading=\"lazy\" decoding=\"async\" title=\"9-Tastenkombination-nur-zum-Einf\u00fcgen-von-Werten\" src=\"https:\/\/exceladvisor.org\/wp-content\/uploads\/2023\/08\/9-raccourci-pour-coller-uniquement-les-valeurs.png\" sizes=\"auto, \" srcset=\"\" alt=\"shortcut-to-paste-values-only\" width=\"707\" height=\"223\"><\/li><\/ol><p class=\"grey-note\"> Die beiden oben genannten Tastenkombinationen \u00f6ffnen das Dialogfeld \u201eInhalte einf\u00fcgen\u201c, wenn Sie die ersten drei Tasten der Tastenkombination dr\u00fccken und wenn Sie die letzte Taste \u201eV\u201c dr\u00fccken, wodurch die Option \u201eWerte\u201c des Dialogfelds zum Einf\u00fcgen ausgew\u00e4hlt wird Daten nur als Werte. <\/p><div class=\"wp-block-image\"><figure class=\"aligncenter size-full is-resized\"><img loading=\"lazy\" decoding=\"async\" class=\"wp-image-80398\" src=\"https:\/\/exceladvisor.org\/wp-content\/uploads\/2023\/08\/Boite-de-dialogue-speciale-10-coller.png\" sizes=\"auto, \" srcset=\"\" alt=\"Spezialdialogfeld einf\u00fcgen\" width=\"452\" height=\"339\"><\/figure><\/div><h2 class=\"wp-block-heading\"> Kopieren Sie Werte und f\u00fcgen Sie sie im Zellenbearbeitungsmodus ein<\/h2><p> Diese Option funktioniert nur, wenn Sie einen einzelnen Zellenwert kopieren und einf\u00fcgen m\u00f6chten.<\/p><ol><li> Navigieren Sie zu der Zelle, die Sie kopieren m\u00f6chten, und doppelklicken Sie dann darauf, um die Zelle in den Bearbeitungsmodus zu versetzen. W\u00e4hlen Sie dann den Zellenwert aus und kopieren Sie ihn.<\/li><li> Gehen Sie anschlie\u00dfend zu der Zelle, in die Sie den kopierten Wert einf\u00fcgen, und f\u00fcgen Sie ihn dort mit der Tastenkombination \u201eStrg + V\u201c ein. <\/li><\/ol><div class=\"wp-block-image\"><figure class=\"aligncenter size-full is-resized\"><img loading=\"lazy\" decoding=\"async\" class=\"wp-image-80399\" src=\"https:\/\/exceladvisor.org\/wp-content\/uploads\/2023\/08\/11-selectionner-la-valeur-de-la-cellule.png\" sizes=\"auto, \" srcset=\"\" alt=\"Zellenwert ausw\u00e4hlen\" width=\"450\" height=\"253\"><\/figure><\/div><div class=\"gb-container gb-container-4db6181c gb-container-mt\"> <a class=\"gb-button gb-button-c5897111 gb-button-text gb-button-mt-button\" href=\"https:\/\/exceladvisor.org\/de\/excel-grundlagen\/\">Microsoft Excel-Grundlagen (Komponenten, Teile und Wissenshinweise)<\/a><h2 class=\"gb-headline gb-headline-665e5f6b gb-headline-text gb-headline-mt-heading\"> Verwandte Tutorials <\/h2><div class=\"gb-grid-wrapper gb-grid-wrapper-a20baf7c gb-grid-wrapper-mt-grid\"><div class=\"gb-grid-column gb-grid-column-65ddf67e\"><div class=\"gb-container gb-container-65ddf67e\"><ul><li> <a href=\"https:\/\/exceladvisor.org\/de\/zeichne-eine-linie\/\">Zeichnen Sie eine Linie in Excel<\/a><\/li><li> <a href=\"https:\/\/exceladvisor.org\/de\/fugen-sie-eine-schaltflache-hinzu\/\">F\u00fcgen Sie eine Schaltfl\u00e4che in Excel hinzu<\/a><\/li><li> <a href=\"https:\/\/exceladvisor.org\/de\/verschmelzen-dissoziieren-zellen\/\">Zusammenf\u00fchren \u2013 Gruppierung von Zellen in Excel aufheben<\/a><\/li><li> <a href=\"https:\/\/exceladvisor.org\/de\/rechtschreibprufung\/\">Rechtschreibpr\u00fcfung in Excel<\/a> <\/li><\/ul><\/div><\/div><div class=\"gb-grid-column gb-grid-column-50067b57\"><div class=\"gb-container gb-container-50067b57\"><ul><li> <a href=\"https:\/\/exceladvisor.org\/de\/ersatz-finden\/\">Suchen und Ersetzen in Excel<\/a><\/li><li> <a href=\"https:\/\/exceladvisor.org\/de\/spaltenbreite-kopieren-und-einfugen\/\">Kopieren Sie die Spaltenbreite und f\u00fcgen Sie sie in Excel ein<\/a><\/li><li> <a href=\"https:\/\/exceladvisor.org\/de\/dollarzeichen\/\">F\u00fcgen Sie in Excel ein Dollarzeichen hinzu<\/a><\/li><li> <a href=\"https:\/\/exceladvisor.org\/de\/erstellen-sie-die-kopfzeile-der-ersten-zeile\/\">Erstellen Sie in Excel eine erste Zeilen\u00fcberschrift<\/a><\/li><\/ul><\/div><\/div><\/div><\/div>","protected":false},"excerpt":{"rendered":"","protected":false},"author":1,"featured_media":0,"parent":0,"menu_order":0,"comment_status":"open","ping_status":"closed","template":"","meta":{"ub_ctt_via":"","footnotes":""},"class_list":["post-3140","page","type-page","status-publish","hentry"],"featured_image_src":null,"yoast_head":"<!-- This site is optimized with the Yoast SEO plugin v25.4 - https:\/\/yoast.com\/wordpress\/plugins\/seo\/ -->\n<title>\u25b7 Wie kopiere und f\u00fcge ich Werte ohne Formatierung ein?<\/title>\n<meta name=\"description\" content=\"Dies ist ein grundlegendes Microsoft Excel-Tutorial zum Kopieren und Einf\u00fcgen von Werten ohne Formatierung. In diesem Tutorial erfahren Sie, wie das geht\" \/>\n<meta name=\"robots\" content=\"index, follow, max-snippet:-1, max-image-preview:large, max-video-preview:-1\" \/>\n<link rel=\"canonical\" href=\"https:\/\/exceladvisor.org\/de\/werte-ohne-formatierung-einfugen\/\" \/>\n<meta property=\"og:locale\" content=\"de_DE\" \/>\n<meta property=\"og:type\" content=\"article\" \/>\n<meta property=\"og:title\" content=\"\u25b7 Wie kopiere und f\u00fcge ich Werte ohne Formatierung ein?\" \/>\n<meta property=\"og:description\" content=\"Dies ist ein grundlegendes Microsoft Excel-Tutorial zum Kopieren und Einf\u00fcgen von Werten ohne Formatierung. In diesem Tutorial erfahren Sie, wie das geht\" \/>\n<meta property=\"og:url\" content=\"https:\/\/exceladvisor.org\/de\/werte-ohne-formatierung-einfugen\/\" \/>\n<meta property=\"og:site_name\" content=\"Excel Advisor\" \/>\n<meta property=\"article:modified_time\" content=\"2023-12-03T13:04:02+00:00\" \/>\n<meta property=\"og:image\" content=\"https:\/\/exceladvisor.org\/wp-content\/uploads\/2023\/08\/1-copier-et-coller-uniquement-les-valeurs.png\" \/>\n<meta name=\"twitter:card\" content=\"summary_large_image\" \/>\n<meta name=\"twitter:label1\" content=\"Gesch\u00e4tzte Lesezeit\" \/>\n\t<meta name=\"twitter:data1\" content=\"4\u00a0Minuten\" \/>\n<script type=\"application\/ld+json\" class=\"yoast-schema-graph\">{\"@context\":\"https:\/\/schema.org\",\"@graph\":[{\"@type\":\"WebPage\",\"@id\":\"https:\/\/exceladvisor.org\/de\/werte-ohne-formatierung-einfugen\/\",\"url\":\"https:\/\/exceladvisor.org\/de\/werte-ohne-formatierung-einfugen\/\",\"name\":\"\u25b7 Wie kopiere und f\u00fcge ich Werte ohne Formatierung ein?\",\"isPartOf\":{\"@id\":\"https:\/\/exceladvisor.org\/de\/#website\"},\"primaryImageOfPage\":{\"@id\":\"https:\/\/exceladvisor.org\/de\/werte-ohne-formatierung-einfugen\/#primaryimage\"},\"image\":{\"@id\":\"https:\/\/exceladvisor.org\/de\/werte-ohne-formatierung-einfugen\/#primaryimage\"},\"thumbnailUrl\":\"https:\/\/exceladvisor.org\/wp-content\/uploads\/2023\/08\/1-copier-et-coller-uniquement-les-valeurs.png\",\"datePublished\":\"2023-11-13T21:20:58+00:00\",\"dateModified\":\"2023-12-03T13:04:02+00:00\",\"description\":\"Dies ist ein grundlegendes Microsoft Excel-Tutorial zum Kopieren und Einf\u00fcgen von Werten ohne Formatierung. In diesem Tutorial erfahren Sie, wie das geht\",\"breadcrumb\":{\"@id\":\"https:\/\/exceladvisor.org\/de\/werte-ohne-formatierung-einfugen\/#breadcrumb\"},\"inLanguage\":\"de\",\"potentialAction\":[{\"@type\":\"ReadAction\",\"target\":[\"https:\/\/exceladvisor.org\/de\/werte-ohne-formatierung-einfugen\/\"]}]},{\"@type\":\"ImageObject\",\"inLanguage\":\"de\",\"@id\":\"https:\/\/exceladvisor.org\/de\/werte-ohne-formatierung-einfugen\/#primaryimage\",\"url\":\"https:\/\/exceladvisor.org\/wp-content\/uploads\/2023\/08\/1-copier-et-coller-uniquement-les-valeurs.png\",\"contentUrl\":\"https:\/\/exceladvisor.org\/wp-content\/uploads\/2023\/08\/1-copier-et-coller-uniquement-les-valeurs.png\"},{\"@type\":\"BreadcrumbList\",\"@id\":\"https:\/\/exceladvisor.org\/de\/werte-ohne-formatierung-einfugen\/#breadcrumb\",\"itemListElement\":[{\"@type\":\"ListItem\",\"position\":1,\"name\":\"Accueil\",\"item\":\"https:\/\/exceladvisor.org\/de\/\"},{\"@type\":\"ListItem\",\"position\":2,\"name\":\"Wie kopiere und f\u00fcge ich werte ohne formatierung ein?\"}]},{\"@type\":\"WebSite\",\"@id\":\"https:\/\/exceladvisor.org\/de\/#website\",\"url\":\"https:\/\/exceladvisor.org\/de\/\",\"name\":\"Excel Advisor\",\"description\":\"Ihr Leitfaden zur Datendominanz\",\"publisher\":{\"@id\":\"https:\/\/exceladvisor.org\/de\/#organization\"},\"potentialAction\":[{\"@type\":\"SearchAction\",\"target\":{\"@type\":\"EntryPoint\",\"urlTemplate\":\"https:\/\/exceladvisor.org\/de\/?s={search_term_string}\"},\"query-input\":{\"@type\":\"PropertyValueSpecification\",\"valueRequired\":true,\"valueName\":\"search_term_string\"}}],\"inLanguage\":\"de\"},{\"@type\":\"Organization\",\"@id\":\"https:\/\/exceladvisor.org\/de\/#organization\",\"name\":\"Excel Advisor\",\"url\":\"https:\/\/exceladvisor.org\/de\/\",\"logo\":{\"@type\":\"ImageObject\",\"inLanguage\":\"de\",\"@id\":\"https:\/\/exceladvisor.org\/de\/#\/schema\/logo\/image\/\",\"url\":\"https:\/\/exceladvisor.org\/de\/wp-content\/uploads\/2023\/11\/exceladvisor.org_.png\",\"contentUrl\":\"https:\/\/exceladvisor.org\/de\/wp-content\/uploads\/2023\/11\/exceladvisor.org_.png\",\"width\":105,\"height\":36,\"caption\":\"Excel Advisor\"},\"image\":{\"@id\":\"https:\/\/exceladvisor.org\/de\/#\/schema\/logo\/image\/\"}}]}<\/script>\n<!-- \/ Yoast SEO plugin. -->","yoast_head_json":{"title":"\u25b7 Wie kopiere und f\u00fcge ich Werte ohne Formatierung ein?","description":"Dies ist ein grundlegendes Microsoft Excel-Tutorial zum Kopieren und Einf\u00fcgen von Werten ohne Formatierung. In diesem Tutorial erfahren Sie, wie das geht","robots":{"index":"index","follow":"follow","max-snippet":"max-snippet:-1","max-image-preview":"max-image-preview:large","max-video-preview":"max-video-preview:-1"},"canonical":"https:\/\/exceladvisor.org\/de\/werte-ohne-formatierung-einfugen\/","og_locale":"de_DE","og_type":"article","og_title":"\u25b7 Wie kopiere und f\u00fcge ich Werte ohne Formatierung ein?","og_description":"Dies ist ein grundlegendes Microsoft Excel-Tutorial zum Kopieren und Einf\u00fcgen von Werten ohne Formatierung. In diesem Tutorial erfahren Sie, wie das geht","og_url":"https:\/\/exceladvisor.org\/de\/werte-ohne-formatierung-einfugen\/","og_site_name":"Excel Advisor","article_modified_time":"2023-12-03T13:04:02+00:00","og_image":[{"url":"https:\/\/exceladvisor.org\/wp-content\/uploads\/2023\/08\/1-copier-et-coller-uniquement-les-valeurs.png","type":"","width":"","height":""}],"twitter_card":"summary_large_image","twitter_misc":{"Gesch\u00e4tzte Lesezeit":"4\u00a0Minuten"},"schema":{"@context":"https:\/\/schema.org","@graph":[{"@type":"WebPage","@id":"https:\/\/exceladvisor.org\/de\/werte-ohne-formatierung-einfugen\/","url":"https:\/\/exceladvisor.org\/de\/werte-ohne-formatierung-einfugen\/","name":"\u25b7 Wie kopiere und f\u00fcge ich Werte ohne Formatierung ein?","isPartOf":{"@id":"https:\/\/exceladvisor.org\/de\/#website"},"primaryImageOfPage":{"@id":"https:\/\/exceladvisor.org\/de\/werte-ohne-formatierung-einfugen\/#primaryimage"},"image":{"@id":"https:\/\/exceladvisor.org\/de\/werte-ohne-formatierung-einfugen\/#primaryimage"},"thumbnailUrl":"https:\/\/exceladvisor.org\/wp-content\/uploads\/2023\/08\/1-copier-et-coller-uniquement-les-valeurs.png","datePublished":"2023-11-13T21:20:58+00:00","dateModified":"2023-12-03T13:04:02+00:00","description":"Dies ist ein grundlegendes Microsoft Excel-Tutorial zum Kopieren und Einf\u00fcgen von Werten ohne Formatierung. In diesem Tutorial erfahren Sie, wie das geht","breadcrumb":{"@id":"https:\/\/exceladvisor.org\/de\/werte-ohne-formatierung-einfugen\/#breadcrumb"},"inLanguage":"de","potentialAction":[{"@type":"ReadAction","target":["https:\/\/exceladvisor.org\/de\/werte-ohne-formatierung-einfugen\/"]}]},{"@type":"ImageObject","inLanguage":"de","@id":"https:\/\/exceladvisor.org\/de\/werte-ohne-formatierung-einfugen\/#primaryimage","url":"https:\/\/exceladvisor.org\/wp-content\/uploads\/2023\/08\/1-copier-et-coller-uniquement-les-valeurs.png","contentUrl":"https:\/\/exceladvisor.org\/wp-content\/uploads\/2023\/08\/1-copier-et-coller-uniquement-les-valeurs.png"},{"@type":"BreadcrumbList","@id":"https:\/\/exceladvisor.org\/de\/werte-ohne-formatierung-einfugen\/#breadcrumb","itemListElement":[{"@type":"ListItem","position":1,"name":"Accueil","item":"https:\/\/exceladvisor.org\/de\/"},{"@type":"ListItem","position":2,"name":"Wie kopiere und f\u00fcge ich werte ohne formatierung ein?"}]},{"@type":"WebSite","@id":"https:\/\/exceladvisor.org\/de\/#website","url":"https:\/\/exceladvisor.org\/de\/","name":"Excel Advisor","description":"Ihr Leitfaden zur Datendominanz","publisher":{"@id":"https:\/\/exceladvisor.org\/de\/#organization"},"potentialAction":[{"@type":"SearchAction","target":{"@type":"EntryPoint","urlTemplate":"https:\/\/exceladvisor.org\/de\/?s={search_term_string}"},"query-input":{"@type":"PropertyValueSpecification","valueRequired":true,"valueName":"search_term_string"}}],"inLanguage":"de"},{"@type":"Organization","@id":"https:\/\/exceladvisor.org\/de\/#organization","name":"Excel Advisor","url":"https:\/\/exceladvisor.org\/de\/","logo":{"@type":"ImageObject","inLanguage":"de","@id":"https:\/\/exceladvisor.org\/de\/#\/schema\/logo\/image\/","url":"https:\/\/exceladvisor.org\/de\/wp-content\/uploads\/2023\/11\/exceladvisor.org_.png","contentUrl":"https:\/\/exceladvisor.org\/de\/wp-content\/uploads\/2023\/11\/exceladvisor.org_.png","width":105,"height":36,"caption":"Excel Advisor"},"image":{"@id":"https:\/\/exceladvisor.org\/de\/#\/schema\/logo\/image\/"}}]}},"yoast_meta":{"yoast_wpseo_title":"","yoast_wpseo_metadesc":"","yoast_wpseo_canonical":""},"_links":{"self":[{"href":"https:\/\/exceladvisor.org\/de\/wp-json\/wp\/v2\/pages\/3140","targetHints":{"allow":["GET"]}}],"collection":[{"href":"https:\/\/exceladvisor.org\/de\/wp-json\/wp\/v2\/pages"}],"about":[{"href":"https:\/\/exceladvisor.org\/de\/wp-json\/wp\/v2\/types\/page"}],"author":[{"embeddable":true,"href":"https:\/\/exceladvisor.org\/de\/wp-json\/wp\/v2\/users\/1"}],"replies":[{"embeddable":true,"href":"https:\/\/exceladvisor.org\/de\/wp-json\/wp\/v2\/comments?post=3140"}],"version-history":[{"count":1,"href":"https:\/\/exceladvisor.org\/de\/wp-json\/wp\/v2\/pages\/3140\/revisions"}],"predecessor-version":[{"id":4133,"href":"https:\/\/exceladvisor.org\/de\/wp-json\/wp\/v2\/pages\/3140\/revisions\/4133"}],"wp:attachment":[{"href":"https:\/\/exceladvisor.org\/de\/wp-json\/wp\/v2\/media?parent=3140"}],"curies":[{"name":"wp","href":"https:\/\/api.w.org\/{rel}","templated":true}]}}