{"id":3142,"date":"2023-11-13T18:23:16","date_gmt":"2023-11-13T18:23:16","guid":{"rendered":"https:\/\/exceladvisor.org\/de\/zustand-im-gesamtprodukt\/"},"modified":"2023-12-03T13:05:16","modified_gmt":"2023-12-03T13:05:16","slug":"zustand-im-gesamtprodukt","status":"publish","type":"page","link":"https:\/\/exceladvisor.org\/de\/zustand-im-gesamtprodukt\/","title":{"rendered":"Wie verwende ich sumproduct if in excel?"},"content":{"rendered":"<div class=\"excel-vor-dem-inhalt\" id=\"excel-272711118\"><script type=\"text\/javascript\">\r\n\tatOptions = {\r\n\t\t'key' : 'c1158f160081d6540a8409e6925dab94',\r\n\t\t'format' : 'iframe',\r\n\t\t'height' : 250,\r\n\t\t'width' : 300,\r\n\t\t'params' : {}\r\n\t};\r\n<\/script>\r\n<script type=\"text\/javascript\" src=\"\/\/www.highperformanceformat.com\/c1158f160081d6540a8409e6925dab94\/invoke.js\"><\/script><\/div> <p>SUMMENPRODUKT ist eine <a style=\"outline: none; display: inline-block;\" href=\"https:\/\/exceladvisor.org\/de\/excel-funktionen\/\">der wichtigsten Funktionen in Excel<\/a> . Das Beste daran ist, dass Sie es auf verschiedene Arten \u00e4ndern k\u00f6nnen.<\/p><p> Und eine seiner F\u00e4higkeiten, die ich k\u00fcrzlich entdeckt habe, ist: Verwenden Sie es als <strong>SUMMENPRODUKT IF,<\/strong> kurz gesagt, als bedingtes SUMMENPRODUKT.<\/p><p> Nun, wie Sie wissen, k\u00f6nnen Sie SUMPRODUCT verwenden, um bestimmte Bereiche oder Arrays zu multiplizieren und zu summieren. Mit einem bedingten SUMMENPRODUKT k\u00f6nnen Sie die Bereiche, die die Kriterien erf\u00fcllen, multiplizieren und addieren.<\/p><p> Ja, Sie haben richtig geh\u00f6rt. Und du wei\u00dft das Beste? Hierf\u00fcr ist die Verwendung der IF-Funktion nicht erforderlich. Ist das nicht toll?<\/p><p> Ja?<\/p><p> Deshalb m\u00f6chte ich Ihnen heute in diesem Artikel ein Problem und eine einfache M\u00f6glichkeit vorstellen, es mit SUMPRODUCTIVE zu l\u00f6sen.<\/p><p> Seien Sie also dabei, eine der erstaunlichsten Excel-Formeln zu lernen und stellen Sie sicher, dass <a href=\"https:\/\/exceladvisor.org\/wp-content\/uploads\/2023\/08\/somme-des-donnees-brutes.xlsx\" rel=\"nofollow\">Sie Beispieldateien herunterladen.<\/a><\/p><h2 id=\"h-how-i-got-to-know-about-this-conditional-sumproduct\" class=\"wp-block-heading\"> Wie ich von diesem bedingten SUMMENPRODUKT erfahren habe<\/h2><p> Fangen wir mit dem Anfang an.<\/p><p> Gestern erhielt ich eine E-Mail von einem meiner Abonnenten. Sie wollte eine bedingte Anweisung mit SUMPRODUCT und IF erstellen, um Daten aus einer Tabelle abzurufen.<\/p><p> Hier ist die Mail, die ich erhalten habe:<\/p><blockquote class=\"wp-block-quote\"><p> Hallo Puneet, ich brauche deine Hilfe. Gibt es eine M\u00f6glichkeit, SUMPRODUCT IF zu kombinieren? Ich habe Daten in einer Tabelle und m\u00f6chte das Produkt zweier Spalten erhalten, die die Kriterien erf\u00fcllen. Bitte hilf mir.<\/p><\/blockquote><p> Mit der Mail erhielt ich von ihr eine Excel-Datei mit folgenden Bestandteilen. Sie k\u00f6nnen <a href=\"https:\/\/exceladvisor.org\/wp-content\/uploads\/2023\/08\/somme-des-donnees-brutes.xlsx\" rel=\"nofollow\">diese Datei hier herunterladen,<\/a> um sie mitzuverfolgen. <\/p><div class=\"wp-block-image\"><figure class=\"aligncenter size-full\"><img loading=\"lazy\" decoding=\"async\" class=\"wp-image-17568\" src=\"https:\/\/exceladvisor.org\/wp-content\/uploads\/2023\/08\/table-de-donnees-brutes-pour-appliquer-sumproduct-si-1.png\" sizes=\"auto, \" srcset=\"\" alt=\"Rohdatentabelle zum Anwenden des Summenprodukts, wenn\" width=\"584\" height=\"437\"><\/figure><\/div><ol><li> <strong><span style=\"color: #000000;\">Bestandsdaten:<\/span><\/strong> Diese Tabelle enth\u00e4lt Bestandsdaten, die in verschiedenen Filialen des Unternehmens gespeichert sind. Es enth\u00e4lt den Produktnamen, die vorr\u00e4tigen Einheiten und das St\u00fcckgewicht.<\/li><li> <strong><span style=\"color: #000000;\">Dropdown-Liste<\/span> :<\/strong> Ein Dropdown-Men\u00fc zur Auswahl eines Produkts.<\/li><\/ol><p> Aus dieser Tabelle wollte sie durch Auswahl des Dropdown-Men\u00fcs die Gesamtmenge eines Produkts (Einheiten * Gewicht pro Einheit) ermitteln. Wenn sie beispielsweise \u201eGem\u00fcse\u201c ausw\u00e4hlt, sollte die Gesamtmenge in der Zelle die Summe sein, die durch Multiplikation der Einheiten mit der Menge pro Einheit entsteht.<\/p><p> Bitte beachten Sie, dass hier ein Produktname erforderlich ist. <\/p><div class=\"wp-block-image\"><figure class=\"aligncenter\"><img decoding=\"async\" src=\"https:\/\/exceladvisor.org\/wp-content\/uploads\/2023\/08\/tableau-de-donnees-de-la-fonction-de-somme-conditionnelle-pour-selectionner-les-impulsions-1.png\" sizes=\"\" srcset=\"\" alt=\"Datentabelle der bedingten Summenfunktion zur Auswahl von Impulsen\"><\/figure><\/div><h2 id=\"h-solution-with-sumproduct-if\" class=\"wp-block-heading\"> L\u00f6sung mit SUMMENPRODUKT IF<\/h2><p> Damals war ich mir sicher, dass wir SUMPRODUCT verwenden k\u00f6nnen, um Produktsummen aus Arrays oder Bereichen zu erhalten.<\/p><p> Aber hier bestand das Spiel darin, die Summe durch Multiplikation der Gesamteinheiten und der Menge pro Einheit nur f\u00fcr die Zellen zu erhalten, die die Kriterien erf\u00fcllen.<\/p><p> Und die Formel, die wir verwenden k\u00f6nnen: <\/p><pre class=\"wp-block-code\"> <code class=\"language-excel-formula\" lang=\"excel-formula\">=SUMPRODUCT(--(C7:C19=C2),E7:E19,F7:F19)<\/code><\/pre><p class=\"has-text-align-center\"><img loading=\"lazy\" decoding=\"async\" src=\"https:\/\/exceladvisor.org\/wp-content\/uploads\/2023\/08\/Solution-avec-Sumproduct-If-Statement.gif\" sizes=\"auto, \" srcset=\"\" alt=\"L\u00f6sung mit Sumproduct If-Anweisung\" width=\"588\" height=\"488\" data-id=\"7191\"><\/p><p> Wenn Sie nun einen Eintrag aus der Dropdown-Liste ausw\u00e4hlen, gibt diese Formel nur das Produkt f\u00fcr Zellen zur\u00fcck, die die Kriterien erf\u00fcllen.<\/p><p> <strong><span style=\"color: #ff0000;\">Hey, Moment mal:<\/span><\/strong> Genau wie diese Formel habe ich einige weitere clevere Formeln aufgelistet, die Sie vielleicht in Erstaunen versetzen.<\/p><ul><li> <a href=\"https:\/\/exceladvisor.org\/de\/bedingtes-ranking-summenproduktrang-wenn\/\">Bedingtes Ranking in Excel mit der SUMPRODUCT-Funktion<\/a><\/li><li> <a href=\"https:\/\/exceladvisor.org\/de\/maximal-wenn\/\">So verwenden Sie die MAX IF-Formel in Excel<\/a><\/li><li> <a href=\"https:\/\/exceladvisor.org\/de\/countives-countif-oder-logisch\/\">So verwenden Sie die ODER-Logik in COUNTIF\/COUNIFS in Excel<\/a><\/li><li> <a href=\"https:\/\/exceladvisor.org\/de\/sumif-sumifs-oder-logik\/\">So verwenden Sie SUMIF\/SUMIFS mit ODER-Logik in Excel<\/a><\/li><\/ul><h2 id=\"h-how-it-works\" class=\"wp-block-heading\"> Wie es funktioniert<\/h2><p> Wie Sie bereits wissen, kann SUMPRODUCT mit Tabellen arbeiten. In der obigen Methode haben wir also drei Arrays verwendet, um das Produkt der Werte zu erhalten. <\/p><div class=\"wp-block-image\"><figure class=\"aligncenter\"><img decoding=\"async\" src=\"https:\/\/exceladvisor.org\/wp-content\/uploads\/2023\/08\/trois-tableaux-pour-sumproduct-conditionnel-1.png\" sizes=\"\" srcset=\"\" alt=\"drei Arrays f\u00fcr bedingtes Summenprodukt\"><\/figure><\/div><p> Die Formel funktioniert wie folgt.<\/p><h3 id=\"h-1-creating-a-condition\" class=\"wp-block-heading\"> 1. Erstellen Sie eine Bedingung<\/h3><p> <b>Zun\u00e4chst<\/b> haben wir eine Tabelle, um den Status des Produktnamens zu \u00fcberpr\u00fcfen. Es pr\u00fcft die Werte der Produktspalte und gibt TRUE f\u00fcr \u00fcbereinstimmende Werte und FALSE f\u00fcr andere zur\u00fcck. <\/p><div class=\"wp-block-image\"><figure class=\"aligncenter\"><img decoding=\"async\" src=\"https:\/\/exceladvisor.org\/wp-content\/uploads\/2023\/08\/Fonctionnement-de-linstruction-SUMPRODUCT-IF.png\" sizes=\"\" srcset=\"\" alt=\"So funktioniert die SUMPRODUCT IF-Anweisung\"><\/figure><\/div><h3 id=\"h-2-using-double-minus-sign\" class=\"wp-block-heading\"> 2. Verwenden Sie das doppelte Minuszeichen<\/h3><p> Als n\u00e4chstes geht es nun darum, die WAHR-FALSCH-Werte in 0-1 umzuwandeln, damit wir sie in der Berechnung verwenden k\u00f6nnen. Und daf\u00fcr haben wir das <a href=\"http:\/\/www.listendata.com\/2012\/10\/why-two-minus-signs-in-excel-formula.html\" target=\"_blank\" rel=\"noopener noreferrer\">doppelte Minuszeichen<\/a> vor der ersten Tabelle verwendet. <\/p><div class=\"wp-block-image\"><figure class=\"aligncenter\"><img decoding=\"async\" src=\"https:\/\/exceladvisor.org\/wp-content\/uploads\/2023\/08\/Utiliser-Double-Minus-Sigh-avec-linstruction-SUMPRODUCT-IF.png\" sizes=\"\" srcset=\"\" alt=\"Verwenden Sie Double Sigh Minus mit der Summenprodukt-IF-Anweisung\"><\/figure><\/div><h3 id=\"h-3-multiplying-arrays\" class=\"wp-block-heading\"> 3. Multiplizieren Sie Tabellen<\/h3><p> Nach der Konvertierung von TRUE-FALSE in 0-1 sieht die Tabelle so aus. Hier haben wir alle Werte, bei denen die Kriterien nicht erf\u00fcllt sind, Nullen. <\/p><div class=\"wp-block-image\"><figure class=\"aligncenter\"><img decoding=\"async\" src=\"https:\/\/exceladvisor.org\/wp-content\/uploads\/2023\/08\/tableau-fonctionnant-pour-utiliser-la-condition-dans-sumproduct-1.png\" sizes=\"\" srcset=\"\" alt=\"Array arbeitet daran, die Bedingung im Summenprodukt zu verwenden\"><\/figure><\/div><p> Denken Sie daran: Wenn etwas mit Null multipliziert wird, kehrt es zu Null zur\u00fcck. Auf diese Weise erhalten wir das Produkt nur f\u00fcr die Zellen, in denen wir 1 haben. Kurz gesagt, in denen die Bedingung erf\u00fcllt ist. <\/p><div class=\"gb-container gb-container-bafb25cc gb-container-download-2\"><div class=\"gb-grid-wrapper gb-grid-wrapper-91201309\"><div class=\"gb-grid-column gb-grid-column-15a917ef\"><div class=\"gb-container gb-container-15a917ef\"><h2 class=\"gb-headline gb-headline-f2deb261 gb-headline-text gb-headline-download-2\"> Holen Sie sich die Excel-Datei <\/h2><\/div><\/div><div class=\"gb-grid-column gb-grid-column-18357188\"><div class=\"gb-container gb-container-18357188\"><div class=\"gb-container gb-container-76cbe15e\"> <a class=\"gb-button gb-button-cb63d00a gb-button-text gb-button-download-2\" href=\"https:\/\/exceladvisor.org\/wp-content\/uploads\/2023\/08\/produit-somme-conditionnelle.xlsx\" rel=\"nofollow\">Herunterladen<\/a><\/div><\/div><\/div><\/div><\/div><h2 id=\"h-conclusion\" class=\"wp-block-heading\"> Abschluss<\/h2><p> Das Beste an der Verwendung dieses bedingten SUMMENPRODUKTS ist, dass Sie IF nicht verwenden m\u00fcssen und die gesamte Berechnung in einer einzigen Zelle erfolgt. Wie ich bereits sagte, ist SUMPRODUCT eine <a href=\"https:\/\/exceladvisor.org\/de\/excel-funktionen\/\">der leistungsst\u00e4rksten Funktionen<\/a> und das Beste, was Sie mit ihren Kr\u00e4ften machen k\u00f6nnen.<\/p><p> Jetzt sag mir eins.<\/p><p> <em>Haben Sie schon einmal versucht, eine Bedingung in SUMPRODUCT zu verwenden?<\/em><\/p><p> Bitte teilen Sie mir Ihre Meinung im Kommentarbereich mit. Ich w\u00fcrde gerne von Ihnen h\u00f6ren und vergessen Sie nicht, es mit Ihren Freunden zu teilen. Ich bin sicher, sie werden es zu sch\u00e4tzen wissen.<\/p><div class=\"gb-container gb-container-0df56012 gb-container-mt\"> <a class=\"gb-button gb-button-f9f432f4 gb-button-text gb-button-mt-button\" href=\"https:\/\/exceladvisor.org\/de\/formeln\/\">Liste der Excel-Formeln<\/a><h2 class=\"gb-headline gb-headline-233444e8 gb-headline-text gb-headline-mt-heading\"> Verwandte Formeln <\/h2><div class=\"gb-grid-wrapper gb-grid-wrapper-a16fa65c gb-grid-wrapper-mt-grid\"><div class=\"gb-grid-column gb-grid-column-50d07e0d\"><div class=\"gb-container gb-container-50d07e0d\"><ul><li> <a href=\"https:\/\/exceladvisor.org\/de\/vergleichen-sie-zwei-zellen\/\">Vergleichen Sie zwei Zellen in Excel<\/a><\/li><li> <a href=\"https:\/\/exceladvisor.org\/de\/bedingtes-ranking-summenproduktrang-wenn\/\">Bedingtes Ranking in Excel mit der Funktion SUMPRODUCT [RANKIF].<\/a> <\/li><\/ul><\/div><\/div><div class=\"gb-grid-column gb-grid-column-5b4a0cf9\"><div class=\"gb-container gb-container-5b4a0cf9\"><\/div><\/div><\/div><\/div>","protected":false},"excerpt":{"rendered":"","protected":false},"author":1,"featured_media":0,"parent":0,"menu_order":0,"comment_status":"open","ping_status":"closed","template":"","meta":{"ub_ctt_via":"","footnotes":""},"class_list":["post-3142","page","type-page","status-publish","hentry"],"featured_image_src":null,"yoast_head":"<!-- This site is optimized with the Yoast SEO plugin v25.4 - https:\/\/yoast.com\/wordpress\/plugins\/seo\/ -->\n<title>Wie verwende ich SUMPRODUCT IF in Excel? (Tutorials 2023)<\/title>\n<meta name=\"description\" content=\"Ich glaube, dass die Verwendung einer Bedingung im Summenprodukt eines der m\u00e4chtigsten Dinge ist, die man in Excel tun kann.\" \/>\n<meta name=\"robots\" content=\"index, follow, max-snippet:-1, max-image-preview:large, max-video-preview:-1\" \/>\n<link rel=\"canonical\" href=\"https:\/\/exceladvisor.org\/de\/zustand-im-gesamtprodukt\/\" \/>\n<meta property=\"og:locale\" content=\"de_DE\" \/>\n<meta property=\"og:type\" content=\"article\" \/>\n<meta property=\"og:title\" content=\"Wie verwende ich SUMPRODUCT IF in Excel? (Tutorials 2023)\" \/>\n<meta property=\"og:description\" content=\"Ich glaube, dass die Verwendung einer Bedingung im Summenprodukt eines der m\u00e4chtigsten Dinge ist, die man in Excel tun kann.\" \/>\n<meta property=\"og:url\" content=\"https:\/\/exceladvisor.org\/de\/zustand-im-gesamtprodukt\/\" \/>\n<meta property=\"og:site_name\" content=\"Excel Advisor\" \/>\n<meta property=\"article:modified_time\" content=\"2023-12-03T13:05:16+00:00\" \/>\n<meta property=\"og:image\" content=\"https:\/\/exceladvisor.org\/wp-content\/uploads\/2023\/08\/table-de-donnees-brutes-pour-appliquer-sumproduct-si-1.png\" \/>\n<meta name=\"twitter:card\" content=\"summary_large_image\" \/>\n<meta name=\"twitter:label1\" content=\"Gesch\u00e4tzte Lesezeit\" \/>\n\t<meta name=\"twitter:data1\" content=\"4\u00a0Minuten\" \/>\n<script type=\"application\/ld+json\" class=\"yoast-schema-graph\">{\"@context\":\"https:\/\/schema.org\",\"@graph\":[{\"@type\":\"WebPage\",\"@id\":\"https:\/\/exceladvisor.org\/de\/zustand-im-gesamtprodukt\/\",\"url\":\"https:\/\/exceladvisor.org\/de\/zustand-im-gesamtprodukt\/\",\"name\":\"Wie verwende ich SUMPRODUCT IF in Excel? (Tutorials 2023)\",\"isPartOf\":{\"@id\":\"https:\/\/exceladvisor.org\/de\/#website\"},\"primaryImageOfPage\":{\"@id\":\"https:\/\/exceladvisor.org\/de\/zustand-im-gesamtprodukt\/#primaryimage\"},\"image\":{\"@id\":\"https:\/\/exceladvisor.org\/de\/zustand-im-gesamtprodukt\/#primaryimage\"},\"thumbnailUrl\":\"https:\/\/exceladvisor.org\/wp-content\/uploads\/2023\/08\/table-de-donnees-brutes-pour-appliquer-sumproduct-si-1.png\",\"datePublished\":\"2023-11-13T18:23:16+00:00\",\"dateModified\":\"2023-12-03T13:05:16+00:00\",\"description\":\"Ich glaube, dass die Verwendung einer Bedingung im Summenprodukt eines der m\u00e4chtigsten Dinge ist, die man in Excel tun kann.\",\"breadcrumb\":{\"@id\":\"https:\/\/exceladvisor.org\/de\/zustand-im-gesamtprodukt\/#breadcrumb\"},\"inLanguage\":\"de\",\"potentialAction\":[{\"@type\":\"ReadAction\",\"target\":[\"https:\/\/exceladvisor.org\/de\/zustand-im-gesamtprodukt\/\"]}]},{\"@type\":\"ImageObject\",\"inLanguage\":\"de\",\"@id\":\"https:\/\/exceladvisor.org\/de\/zustand-im-gesamtprodukt\/#primaryimage\",\"url\":\"https:\/\/exceladvisor.org\/wp-content\/uploads\/2023\/08\/table-de-donnees-brutes-pour-appliquer-sumproduct-si-1.png\",\"contentUrl\":\"https:\/\/exceladvisor.org\/wp-content\/uploads\/2023\/08\/table-de-donnees-brutes-pour-appliquer-sumproduct-si-1.png\"},{\"@type\":\"BreadcrumbList\",\"@id\":\"https:\/\/exceladvisor.org\/de\/zustand-im-gesamtprodukt\/#breadcrumb\",\"itemListElement\":[{\"@type\":\"ListItem\",\"position\":1,\"name\":\"Accueil\",\"item\":\"https:\/\/exceladvisor.org\/de\/\"},{\"@type\":\"ListItem\",\"position\":2,\"name\":\"Wie verwende ich sumproduct if in excel?\"}]},{\"@type\":\"WebSite\",\"@id\":\"https:\/\/exceladvisor.org\/de\/#website\",\"url\":\"https:\/\/exceladvisor.org\/de\/\",\"name\":\"Excel Advisor\",\"description\":\"Ihr Leitfaden zur Datendominanz\",\"publisher\":{\"@id\":\"https:\/\/exceladvisor.org\/de\/#organization\"},\"potentialAction\":[{\"@type\":\"SearchAction\",\"target\":{\"@type\":\"EntryPoint\",\"urlTemplate\":\"https:\/\/exceladvisor.org\/de\/?s={search_term_string}\"},\"query-input\":{\"@type\":\"PropertyValueSpecification\",\"valueRequired\":true,\"valueName\":\"search_term_string\"}}],\"inLanguage\":\"de\"},{\"@type\":\"Organization\",\"@id\":\"https:\/\/exceladvisor.org\/de\/#organization\",\"name\":\"Excel Advisor\",\"url\":\"https:\/\/exceladvisor.org\/de\/\",\"logo\":{\"@type\":\"ImageObject\",\"inLanguage\":\"de\",\"@id\":\"https:\/\/exceladvisor.org\/de\/#\/schema\/logo\/image\/\",\"url\":\"https:\/\/exceladvisor.org\/de\/wp-content\/uploads\/2023\/11\/exceladvisor.org_.png\",\"contentUrl\":\"https:\/\/exceladvisor.org\/de\/wp-content\/uploads\/2023\/11\/exceladvisor.org_.png\",\"width\":105,\"height\":36,\"caption\":\"Excel Advisor\"},\"image\":{\"@id\":\"https:\/\/exceladvisor.org\/de\/#\/schema\/logo\/image\/\"}}]}<\/script>\n<!-- \/ Yoast SEO plugin. -->","yoast_head_json":{"title":"Wie verwende ich SUMPRODUCT IF in Excel? (Tutorials 2023)","description":"Ich glaube, dass die Verwendung einer Bedingung im Summenprodukt eines der m\u00e4chtigsten Dinge ist, die man in Excel tun kann.","robots":{"index":"index","follow":"follow","max-snippet":"max-snippet:-1","max-image-preview":"max-image-preview:large","max-video-preview":"max-video-preview:-1"},"canonical":"https:\/\/exceladvisor.org\/de\/zustand-im-gesamtprodukt\/","og_locale":"de_DE","og_type":"article","og_title":"Wie verwende ich SUMPRODUCT IF in Excel? (Tutorials 2023)","og_description":"Ich glaube, dass die Verwendung einer Bedingung im Summenprodukt eines der m\u00e4chtigsten Dinge ist, die man in Excel tun kann.","og_url":"https:\/\/exceladvisor.org\/de\/zustand-im-gesamtprodukt\/","og_site_name":"Excel Advisor","article_modified_time":"2023-12-03T13:05:16+00:00","og_image":[{"url":"https:\/\/exceladvisor.org\/wp-content\/uploads\/2023\/08\/table-de-donnees-brutes-pour-appliquer-sumproduct-si-1.png","type":"","width":"","height":""}],"twitter_card":"summary_large_image","twitter_misc":{"Gesch\u00e4tzte Lesezeit":"4\u00a0Minuten"},"schema":{"@context":"https:\/\/schema.org","@graph":[{"@type":"WebPage","@id":"https:\/\/exceladvisor.org\/de\/zustand-im-gesamtprodukt\/","url":"https:\/\/exceladvisor.org\/de\/zustand-im-gesamtprodukt\/","name":"Wie verwende ich SUMPRODUCT IF in Excel? (Tutorials 2023)","isPartOf":{"@id":"https:\/\/exceladvisor.org\/de\/#website"},"primaryImageOfPage":{"@id":"https:\/\/exceladvisor.org\/de\/zustand-im-gesamtprodukt\/#primaryimage"},"image":{"@id":"https:\/\/exceladvisor.org\/de\/zustand-im-gesamtprodukt\/#primaryimage"},"thumbnailUrl":"https:\/\/exceladvisor.org\/wp-content\/uploads\/2023\/08\/table-de-donnees-brutes-pour-appliquer-sumproduct-si-1.png","datePublished":"2023-11-13T18:23:16+00:00","dateModified":"2023-12-03T13:05:16+00:00","description":"Ich glaube, dass die Verwendung einer Bedingung im Summenprodukt eines der m\u00e4chtigsten Dinge ist, die man in Excel tun kann.","breadcrumb":{"@id":"https:\/\/exceladvisor.org\/de\/zustand-im-gesamtprodukt\/#breadcrumb"},"inLanguage":"de","potentialAction":[{"@type":"ReadAction","target":["https:\/\/exceladvisor.org\/de\/zustand-im-gesamtprodukt\/"]}]},{"@type":"ImageObject","inLanguage":"de","@id":"https:\/\/exceladvisor.org\/de\/zustand-im-gesamtprodukt\/#primaryimage","url":"https:\/\/exceladvisor.org\/wp-content\/uploads\/2023\/08\/table-de-donnees-brutes-pour-appliquer-sumproduct-si-1.png","contentUrl":"https:\/\/exceladvisor.org\/wp-content\/uploads\/2023\/08\/table-de-donnees-brutes-pour-appliquer-sumproduct-si-1.png"},{"@type":"BreadcrumbList","@id":"https:\/\/exceladvisor.org\/de\/zustand-im-gesamtprodukt\/#breadcrumb","itemListElement":[{"@type":"ListItem","position":1,"name":"Accueil","item":"https:\/\/exceladvisor.org\/de\/"},{"@type":"ListItem","position":2,"name":"Wie verwende ich sumproduct if in excel?"}]},{"@type":"WebSite","@id":"https:\/\/exceladvisor.org\/de\/#website","url":"https:\/\/exceladvisor.org\/de\/","name":"Excel Advisor","description":"Ihr Leitfaden zur Datendominanz","publisher":{"@id":"https:\/\/exceladvisor.org\/de\/#organization"},"potentialAction":[{"@type":"SearchAction","target":{"@type":"EntryPoint","urlTemplate":"https:\/\/exceladvisor.org\/de\/?s={search_term_string}"},"query-input":{"@type":"PropertyValueSpecification","valueRequired":true,"valueName":"search_term_string"}}],"inLanguage":"de"},{"@type":"Organization","@id":"https:\/\/exceladvisor.org\/de\/#organization","name":"Excel Advisor","url":"https:\/\/exceladvisor.org\/de\/","logo":{"@type":"ImageObject","inLanguage":"de","@id":"https:\/\/exceladvisor.org\/de\/#\/schema\/logo\/image\/","url":"https:\/\/exceladvisor.org\/de\/wp-content\/uploads\/2023\/11\/exceladvisor.org_.png","contentUrl":"https:\/\/exceladvisor.org\/de\/wp-content\/uploads\/2023\/11\/exceladvisor.org_.png","width":105,"height":36,"caption":"Excel Advisor"},"image":{"@id":"https:\/\/exceladvisor.org\/de\/#\/schema\/logo\/image\/"}}]}},"yoast_meta":{"yoast_wpseo_title":"","yoast_wpseo_metadesc":"","yoast_wpseo_canonical":""},"_links":{"self":[{"href":"https:\/\/exceladvisor.org\/de\/wp-json\/wp\/v2\/pages\/3142","targetHints":{"allow":["GET"]}}],"collection":[{"href":"https:\/\/exceladvisor.org\/de\/wp-json\/wp\/v2\/pages"}],"about":[{"href":"https:\/\/exceladvisor.org\/de\/wp-json\/wp\/v2\/types\/page"}],"author":[{"embeddable":true,"href":"https:\/\/exceladvisor.org\/de\/wp-json\/wp\/v2\/users\/1"}],"replies":[{"embeddable":true,"href":"https:\/\/exceladvisor.org\/de\/wp-json\/wp\/v2\/comments?post=3142"}],"version-history":[{"count":1,"href":"https:\/\/exceladvisor.org\/de\/wp-json\/wp\/v2\/pages\/3142\/revisions"}],"predecessor-version":[{"id":4384,"href":"https:\/\/exceladvisor.org\/de\/wp-json\/wp\/v2\/pages\/3142\/revisions\/4384"}],"wp:attachment":[{"href":"https:\/\/exceladvisor.org\/de\/wp-json\/wp\/v2\/media?parent=3142"}],"curies":[{"name":"wp","href":"https:\/\/api.w.org\/{rel}","templated":true}]}}