{"id":3143,"date":"2023-11-13T18:13:54","date_gmt":"2023-11-13T18:13:54","guid":{"rendered":"https:\/\/exceladvisor.org\/de\/gewichteter-durchschnitt\/"},"modified":"2023-12-03T11:14:08","modified_gmt":"2023-12-03T11:14:08","slug":"gewichteter-durchschnitt","status":"publish","type":"page","link":"https:\/\/exceladvisor.org\/de\/gewichteter-durchschnitt\/","title":{"rendered":"Wie berechnet man den gewichteten durchschnitt in excel?"},"content":{"rendered":"<div class=\"excel-vor-dem-inhalt\" id=\"excel-3603186050\"><script type=\"text\/javascript\">\r\n\tatOptions = {\r\n\t\t'key' : 'c1158f160081d6540a8409e6925dab94',\r\n\t\t'format' : 'iframe',\r\n\t\t'height' : 250,\r\n\t\t'width' : 300,\r\n\t\t'params' : {}\r\n\t};\r\n<\/script>\r\n<script type=\"text\/javascript\" src=\"\/\/www.highperformanceformat.com\/c1158f160081d6540a8409e6925dab94\/invoke.js\"><\/script><\/div> <p class=\"has-text-align-left\">Ein Durchschnitt ist die beste M\u00f6glichkeit, einen \u00dcberblick \u00fcber die Daten zu erhalten. Aber manchmal liefert der Durchschnitt einen verzerrten Wert. In diesen Situationen [jedes Mal] ist es am besten, den gewichteten Durchschnitt zu berechnen.<\/p><p> Und ich habe herausgefunden, dass der beste Weg darin besteht, eine Formel zu verwenden, indem man die Funktionen SUMPRODUCT und SUM kombiniert.<\/p><p> Diese Methode ist einfach und leicht anzuwenden. Deshalb m\u00f6chte ich Ihnen heute in diesem Artikel zeigen, wie Sie den gewichteten Durchschnitt in Excel mithilfe von SUMPRODUCT und SUM berechnen.<\/p><h2 id=\"tab-con-1\" class=\"wp-block-heading\"> Unterschied zwischen normalem und gewichtetem Durchschnitt<\/h2><p> Im folgenden Beispiel haben wir 1658 als normalen Durchschnitt und 1445 als gewichteten Durchschnitt. Lassen Sie mich diesen Unterschied in zwei Punkten klarstellen. <\/p><div class=\"wp-block-image\"><figure class=\"aligncenter\"><img decoding=\"async\" src=\"https:\/\/exceladvisor.org\/wp-content\/uploads\/2023\/08\/different-entre-la-moyenne-ponderee-normale-et-comment-calculer-la-moyenne-ponderee-dans-Excel-avec-sumproduct.png\" sizes=\"\" srcset=\"\" alt=\"Unterschied zwischen dem normalen gewichteten Durchschnitt und der Berechnung des gewichteten Durchschnitts in Excel mit Summenprodukt\"><\/figure><\/div><ul><li> <strong>Erstens:<\/strong> Wenn Sie 1658 (Durchschnitt) mit 68 (Menge) multiplizieren, erhalten Sie 112742, was nicht dem Gesamtbetrag entspricht. Wenn Sie jedoch 1445 (gewichteter Durchschnitt) mit 68 (Menge) multiplizieren, erhalten Sie 98289, was dem Gesamtbetrag entspricht.<\/li><li> <strong>Zweitens:<\/strong> Produkt-1 hat den niedrigsten Preis und die h\u00f6chste Menge, w\u00e4hrend Produkt-4 den h\u00f6chsten Preis und die niedrigste Menge hat.<\/li><\/ul><p> Bei der Berechnung des normalen Durchschnitts ber\u00fccksichtigen Sie nicht die Menge und eine \u00c4nderung der Menge hat keinen Einfluss auf den Durchschnittspreis. Und im gewichteten Durchschnitt k\u00f6nnen Sie die Menge als Gewicht verwenden.<\/p><h2 id=\"tab-con-2\" class=\"wp-block-heading\"> Schritt zur Berechnung des gewichteten Durchschnitts in Excel<\/h2><p> Um den gewichteten Durchschnitt zu berechnen, verwenden wir dieselbe Datentabelle, die ich Ihnen im obigen Beispiel gezeigt habe. <\/p><div class=\"gb-container gb-container-bafb25cc gb-container-download-2\"><div class=\"gb-grid-wrapper gb-grid-wrapper-91201309\"><div class=\"gb-grid-column gb-grid-column-15a917ef\"><div class=\"gb-container gb-container-15a917ef\"><h2 class=\"gb-headline gb-headline-f2deb261 gb-headline-text gb-headline-download-2\"> Holen Sie sich die Excel-Datei <\/h2><\/div><\/div><div class=\"gb-grid-column gb-grid-column-18357188\"><div class=\"gb-container gb-container-18357188\"><div class=\"gb-container gb-container-76cbe15e\"> <a class=\"gb-button gb-button-cb63d00a gb-button-text gb-button-download-2\" href=\"https:\/\/exceladvisor.org\/wp-content\/uploads\/2023\/11\/donnees-pour-calculer-la-moyenne-mobile-avec-sumproduct.xlsx\" rel=\"nofollow\">Herunterladen<\/a> <\/div><\/div><\/div><\/div><\/div><div class=\"wp-block-image\"><figure class=\"aligncenter\"><img decoding=\"async\" src=\"https:\/\/exceladvisor.org\/wp-content\/uploads\/2023\/08\/table-de-donnees-a-utiliser-pour-calculer-la-moyenne-ponderee-dans-excel-avec-la-formule-sumproduct.png\" sizes=\"\" srcset=\"\" alt=\"Unterschied zwischen dem normalen gewichteten Durchschnitt und der Berechnung des gewichteten Durchschnitts in Excel mit Summenprodukt\"><\/figure><\/div><p> Befolgen Sie nun diese beiden einfachen Schritte.<\/p><ul><li> Geben Sie in Zelle C7 die folgende Formel ein: =SUMPRODUCT(B2:B6,C2:C6)\/SUM(B2:B6). <\/li><\/ul><div class=\"wp-block-image\"><figure class=\"aligncenter\"><img decoding=\"async\" src=\"https:\/\/exceladvisor.org\/wp-content\/uploads\/2023\/08\/entrer-des-formules-dans-le-tableau-de-donnees-a-utiliser-pour-calculer-la-moyenne-ponderee-dans-Excel-avec-sumproduct.png\" sizes=\"\" srcset=\"\" alt=\"Geben Sie Formeln in die Datentabelle ein, um den gewichteten Durchschnitt in Excel mit Summenprodukt zu berechnen\"><\/figure><\/div><ul><li> OK klicken. <\/li><\/ul><div class=\"wp-block-image\"><figure class=\"aligncenter\"><img decoding=\"async\" src=\"https:\/\/exceladvisor.org\/wp-content\/uploads\/2023\/08\/cliquez-sur-ok-dans-le-tableau-de-donnees-a-utiliser-pour-calculer-la-moyenne-ponderee-dans-Excel-avec-sumproduct.png\" sizes=\"\" srcset=\"\" alt=\"Klicken Sie in der Datentabelle auf \u201eOK\u201c, um den gewichteten Durchschnitt in Excel mit Summenprodukt zu berechnen\"><\/figure><\/div><p> Jetzt haben Sie 1445 als gewichteten Durchschnitt aus Preis und Produkt. Wie gesagt, SUMPRODUCT ist eine einfache M\u00f6glichkeit, den gewichteten Durchschnitt oder den gewichteten Durchschnitt in Excel zu berechnen. Das Beste an SUMPRODUCT ist, dass es ein Array in einer einzelnen Zelle multiplizieren und hinzuf\u00fcgen kann.<\/p><pre class=\"wp-block-code\"> <code class=\"language-excel-formula\" lang=\"excel-formula\">=SUMPRODUCT(B2:B6,C2:C6)\/SUM(C2:C6)<\/code><\/pre><h3 id=\"tab-con-3\" class=\"wp-block-heading\"> Wie funktioniert das<\/h3><p> Wir m\u00fcssen diese Formel aufschl\u00fcsseln, um sie zu verstehen. <\/p><div class=\"wp-block-image\"><figure class=\"aligncenter\"><img decoding=\"async\" src=\"https:\/\/exceladvisor.org\/wp-content\/uploads\/2023\/08\/les-formules-se-decomposent-pour-calculer-la-moyenne-ponderee-dans-Excel-avec-sumproduct.png\" sizes=\"\" srcset=\"\" alt=\"Formeln werden zerlegt, um den gewichteten Durchschnitt in Excel mit Summenprodukt zu berechnen\"><\/figure><\/div><p> Zun\u00e4chst berechnet SUMPRODUCT das Produkt aus Preis und Menge f\u00fcr alle Produkte und gibt die Summe aller Produkte zur\u00fcck. Danach geben Ihnen einige Funktionen die Summe der Menge aus. Und am Ende erhalten Sie den gewichteten Durchschnitt, indem Sie die Werte beider Funktionen dividieren.<\/p><p> Schauen Sie sich das an: <a href=\"https:\/\/exceladvisor.org\/de\/zustand-im-gesamtprodukt\/\"><strong>SUMMENPRODUKTIV<\/strong><\/a><\/p><h2 id=\"tab-con-4\" class=\"wp-block-heading\"> Berechnen Sie den gewichteten gleitenden Durchschnitt<\/h2><p> Gehen wir noch ein wenig weiter. Kommen wir zum Teil der Datenanalyse. Mit der gleichen Formel k\u00f6nnen Sie auch den gewichteten gleitenden Durchschnitt berechnen. <\/p><div class=\"gb-container gb-container-d0894b79 gb-container-download-2\"><div class=\"gb-grid-wrapper gb-grid-wrapper-fb05a72a\"><div class=\"gb-grid-column gb-grid-column-977d91db\"><div class=\"gb-container gb-container-977d91db\"><h2 class=\"gb-headline gb-headline-21846cd9 gb-headline-text gb-headline-download-2\"> Holen Sie sich die Excel-Datei <\/h2><\/div><\/div><div class=\"gb-grid-column gb-grid-column-098be44d\"><div class=\"gb-container gb-container-098be44d\"><div class=\"gb-container gb-container-1d96da0a\"> <a class=\"gb-button gb-button-e86530c2 gb-button-text gb-button-download-2\" href=\"https:\/\/exceladvisor.org\/wp-content\/uploads\/2023\/11\/donnees-pour-calculer-la-moyenne-mobile-avec-sumproduct.xlsx\" rel=\"nofollow\">Herunterladen<\/a> <\/div><\/div><\/div><\/div><\/div><div class=\"wp-block-image\"><figure class=\"aligncenter\"><img decoding=\"async\" src=\"https:\/\/exceladvisor.org\/wp-content\/uploads\/2023\/08\/avec-moyenne-mobile-calculer-la-moyenne-ponderee-avec-sumproduct-1.png\" sizes=\"\" srcset=\"\" alt=\"Berechnen Sie mit dem gleitenden Durchschnitt den gewichteten gewichteten Durchschnitt in Excel mit dem Summenprodukt\"><\/figure><\/div><p> Hier sind die Schritte:<\/p><ul><li> Geben Sie die Formel unten in Zelle D4 ein und ziehen Sie sie an das Ende. =SUMMENPRODUKT(B2:B4,C2:C4)\/SUMME(C2:C4) <\/li><\/ul><div class=\"wp-block-image\"><figure class=\"aligncenter\"><img decoding=\"async\" src=\"https:\/\/exceladvisor.org\/wp-content\/uploads\/2023\/08\/ajouter-des-formules-pour-calculer-la-moyenne-mobile-et-calculer-la-moyenne-ponderee-avec-sumproduct-1.png\" sizes=\"\" srcset=\"\" alt=\"F\u00fcgen Sie Formeln hinzu, um den gleitenden Durchschnitt zu berechnen und den gewichteten Durchschnitt in Excel mit Summenprodukt zu berechnen\"><\/figure><\/div><ul><li> Sobald Sie diese Formel ziehen, wird f\u00fcr jeden Monat der gleitende Durchschnitt basierend auf 3 Monaten berechnet.<\/li><\/ul><h3 id=\"tab-con-3\" class=\"wp-block-heading\"> Wie funktioniert das<\/h3><p> Wenn Sie sich die Momentaufnahme oben in Zelle D4 ansehen, sehen Sie den gleitenden Durchschnitt f\u00fcr Januar, Februar und M\u00e4rz. Und in Zelle D5 sehen Sie den gleitenden Durchschnitt f\u00fcr Februar, M\u00e4rz und April.<\/p><p> Jedes Mal, wenn Sie zu einem neuen Monat wechseln, erhalten Sie den gleitenden Durchschnitt, einschlie\u00dflich des aktuellen Monats und der letzten beiden Monate. Machen Sie Ihre Zellbez\u00fcge einfach relativ, wenn Sie Ihre Formel ziehen. <\/p><div class=\"gb-container gb-container-3c0c09cb gb-container-download-2\"><div class=\"gb-grid-wrapper gb-grid-wrapper-2ce0b1ad\"><div class=\"gb-grid-column gb-grid-column-03e068ab\"><div class=\"gb-container gb-container-03e068ab\"><h2 class=\"gb-headline gb-headline-9978411b gb-headline-text gb-headline-download-2\"> Holen Sie sich die Excel-Datei <\/h2><\/div><\/div><div class=\"gb-grid-column gb-grid-column-3f9fba78\"><div class=\"gb-container gb-container-3f9fba78\"><div class=\"gb-container gb-container-ee718499\"> <a class=\"gb-button gb-button-94105543 gb-button-text gb-button-download-2\" href=\"https:\/\/exceladvisor.org\/wp-content\/uploads\/2023\/11\/moyenne-ponderee-avec-somme-du-produit.xlsx\" rel=\"nofollow\">Herunterladen<\/a><\/div><\/div><\/div><\/div><\/div><div class=\"gb-container gb-container-0df56012 gb-container-mt\"> <a class=\"gb-button gb-button-f9f432f4 gb-button-text gb-button-mt-button\" href=\"https:\/\/exceladvisor.org\/de\/formeln\/\">Liste der Excel-Formeln<\/a><h2 class=\"gb-headline gb-headline-233444e8 gb-headline-text gb-headline-mt-heading\"> Verwandte Formeln <\/h2><div class=\"gb-grid-wrapper gb-grid-wrapper-a16fa65c gb-grid-wrapper-mt-grid\"><div class=\"gb-grid-column gb-grid-column-50d07e0d\"><div class=\"gb-container gb-container-50d07e0d\"><ul><li> <a href=\"https:\/\/exceladvisor.org\/de\/durchschnittliche-maximalwerte\/\">Durchschnitt der 5 h\u00f6chsten Werte in Excel<\/a><\/li><li> <a href=\"https:\/\/exceladvisor.org\/de\/durchschnittlich-ignorierte-fehler-2\/\">Durchschnittlich, aber Fehler ignorieren (#N\/A und andere Fehler)<\/a><\/li><li> <a href=\"https:\/\/exceladvisor.org\/de\/der-durchschnitt-schliesst-nullen-aus-2\/\">Durchschnittliche Zahl, aber ohne Nullen<\/a><\/li><li> <a href=\"https:\/\/exceladvisor.org\/de\/durchschnitt-nicht-leerer-zellen-2\/\">Durchschnittlich nur nicht leere Zellen<\/a><\/li><li> <a href=\"https:\/\/exceladvisor.org\/de\/durchschnittlicher-prozentsatz-2\/\">Berechnen Sie den Durchschnitt der Prozentwerte<\/a> <\/li><\/ul><\/div><\/div><div class=\"gb-grid-column gb-grid-column-5b4a0cf9\"><div class=\"gb-container gb-container-5b4a0cf9\"><\/div><\/div><\/div><\/div>","protected":false},"excerpt":{"rendered":"","protected":false},"author":1,"featured_media":0,"parent":0,"menu_order":0,"comment_status":"open","ping_status":"closed","template":"","meta":{"ub_ctt_via":"","footnotes":""},"class_list":["post-3143","page","type-page","status-publish","hentry"],"featured_image_src":null,"yoast_head":"<!-- This site is optimized with the Yoast SEO plugin v25.4 - https:\/\/yoast.com\/wordpress\/plugins\/seo\/ -->\n<title>\u25b7 Wie berechnet man den gewichteten Durchschnitt in Excel?<\/title>\n<meta name=\"description\" content=\"Der gewichtete Durchschnitt ist eine der wichtigsten Berechnungen und die Summe des Produkts ist eine der einfachsten Berechnungsmethoden.\" \/>\n<meta name=\"robots\" content=\"index, follow, max-snippet:-1, max-image-preview:large, max-video-preview:-1\" \/>\n<link rel=\"canonical\" href=\"https:\/\/exceladvisor.org\/de\/gewichteter-durchschnitt\/\" \/>\n<meta property=\"og:locale\" content=\"de_DE\" \/>\n<meta property=\"og:type\" content=\"article\" \/>\n<meta property=\"og:title\" content=\"\u25b7 Wie berechnet man den gewichteten Durchschnitt in Excel?\" \/>\n<meta property=\"og:description\" content=\"Der gewichtete Durchschnitt ist eine der wichtigsten Berechnungen und die Summe des Produkts ist eine der einfachsten Berechnungsmethoden.\" \/>\n<meta property=\"og:url\" content=\"https:\/\/exceladvisor.org\/de\/gewichteter-durchschnitt\/\" \/>\n<meta property=\"og:site_name\" content=\"Excel Advisor\" \/>\n<meta property=\"article:modified_time\" content=\"2023-12-03T11:14:08+00:00\" \/>\n<meta property=\"og:image\" content=\"https:\/\/exceladvisor.org\/wp-content\/uploads\/2023\/08\/different-entre-la-moyenne-ponderee-normale-et-comment-calculer-la-moyenne-ponderee-dans-Excel-avec-sumproduct.png\" \/>\n<meta name=\"twitter:card\" content=\"summary_large_image\" \/>\n<meta name=\"twitter:label1\" content=\"Gesch\u00e4tzte Lesezeit\" \/>\n\t<meta name=\"twitter:data1\" content=\"3\u00a0Minuten\" \/>\n<script type=\"application\/ld+json\" class=\"yoast-schema-graph\">{\"@context\":\"https:\/\/schema.org\",\"@graph\":[{\"@type\":\"WebPage\",\"@id\":\"https:\/\/exceladvisor.org\/de\/gewichteter-durchschnitt\/\",\"url\":\"https:\/\/exceladvisor.org\/de\/gewichteter-durchschnitt\/\",\"name\":\"\u25b7 Wie berechnet man den gewichteten Durchschnitt in Excel?\",\"isPartOf\":{\"@id\":\"https:\/\/exceladvisor.org\/de\/#website\"},\"primaryImageOfPage\":{\"@id\":\"https:\/\/exceladvisor.org\/de\/gewichteter-durchschnitt\/#primaryimage\"},\"image\":{\"@id\":\"https:\/\/exceladvisor.org\/de\/gewichteter-durchschnitt\/#primaryimage\"},\"thumbnailUrl\":\"https:\/\/exceladvisor.org\/wp-content\/uploads\/2023\/08\/different-entre-la-moyenne-ponderee-normale-et-comment-calculer-la-moyenne-ponderee-dans-Excel-avec-sumproduct.png\",\"datePublished\":\"2023-11-13T18:13:54+00:00\",\"dateModified\":\"2023-12-03T11:14:08+00:00\",\"description\":\"Der gewichtete Durchschnitt ist eine der wichtigsten Berechnungen und die Summe des Produkts ist eine der einfachsten Berechnungsmethoden.\",\"breadcrumb\":{\"@id\":\"https:\/\/exceladvisor.org\/de\/gewichteter-durchschnitt\/#breadcrumb\"},\"inLanguage\":\"de\",\"potentialAction\":[{\"@type\":\"ReadAction\",\"target\":[\"https:\/\/exceladvisor.org\/de\/gewichteter-durchschnitt\/\"]}]},{\"@type\":\"ImageObject\",\"inLanguage\":\"de\",\"@id\":\"https:\/\/exceladvisor.org\/de\/gewichteter-durchschnitt\/#primaryimage\",\"url\":\"https:\/\/exceladvisor.org\/wp-content\/uploads\/2023\/08\/different-entre-la-moyenne-ponderee-normale-et-comment-calculer-la-moyenne-ponderee-dans-Excel-avec-sumproduct.png\",\"contentUrl\":\"https:\/\/exceladvisor.org\/wp-content\/uploads\/2023\/08\/different-entre-la-moyenne-ponderee-normale-et-comment-calculer-la-moyenne-ponderee-dans-Excel-avec-sumproduct.png\"},{\"@type\":\"BreadcrumbList\",\"@id\":\"https:\/\/exceladvisor.org\/de\/gewichteter-durchschnitt\/#breadcrumb\",\"itemListElement\":[{\"@type\":\"ListItem\",\"position\":1,\"name\":\"Accueil\",\"item\":\"https:\/\/exceladvisor.org\/de\/\"},{\"@type\":\"ListItem\",\"position\":2,\"name\":\"Wie berechnet man den gewichteten durchschnitt in excel?\"}]},{\"@type\":\"WebSite\",\"@id\":\"https:\/\/exceladvisor.org\/de\/#website\",\"url\":\"https:\/\/exceladvisor.org\/de\/\",\"name\":\"Excel Advisor\",\"description\":\"Ihr Leitfaden zur Datendominanz\",\"publisher\":{\"@id\":\"https:\/\/exceladvisor.org\/de\/#organization\"},\"potentialAction\":[{\"@type\":\"SearchAction\",\"target\":{\"@type\":\"EntryPoint\",\"urlTemplate\":\"https:\/\/exceladvisor.org\/de\/?s={search_term_string}\"},\"query-input\":{\"@type\":\"PropertyValueSpecification\",\"valueRequired\":true,\"valueName\":\"search_term_string\"}}],\"inLanguage\":\"de\"},{\"@type\":\"Organization\",\"@id\":\"https:\/\/exceladvisor.org\/de\/#organization\",\"name\":\"Excel Advisor\",\"url\":\"https:\/\/exceladvisor.org\/de\/\",\"logo\":{\"@type\":\"ImageObject\",\"inLanguage\":\"de\",\"@id\":\"https:\/\/exceladvisor.org\/de\/#\/schema\/logo\/image\/\",\"url\":\"https:\/\/exceladvisor.org\/de\/wp-content\/uploads\/2023\/11\/exceladvisor.org_.png\",\"contentUrl\":\"https:\/\/exceladvisor.org\/de\/wp-content\/uploads\/2023\/11\/exceladvisor.org_.png\",\"width\":105,\"height\":36,\"caption\":\"Excel Advisor\"},\"image\":{\"@id\":\"https:\/\/exceladvisor.org\/de\/#\/schema\/logo\/image\/\"}}]}<\/script>\n<!-- \/ Yoast SEO plugin. -->","yoast_head_json":{"title":"\u25b7 Wie berechnet man den gewichteten Durchschnitt in Excel?","description":"Der gewichtete Durchschnitt ist eine der wichtigsten Berechnungen und die Summe des Produkts ist eine der einfachsten Berechnungsmethoden.","robots":{"index":"index","follow":"follow","max-snippet":"max-snippet:-1","max-image-preview":"max-image-preview:large","max-video-preview":"max-video-preview:-1"},"canonical":"https:\/\/exceladvisor.org\/de\/gewichteter-durchschnitt\/","og_locale":"de_DE","og_type":"article","og_title":"\u25b7 Wie berechnet man den gewichteten Durchschnitt in Excel?","og_description":"Der gewichtete Durchschnitt ist eine der wichtigsten Berechnungen und die Summe des Produkts ist eine der einfachsten Berechnungsmethoden.","og_url":"https:\/\/exceladvisor.org\/de\/gewichteter-durchschnitt\/","og_site_name":"Excel Advisor","article_modified_time":"2023-12-03T11:14:08+00:00","og_image":[{"url":"https:\/\/exceladvisor.org\/wp-content\/uploads\/2023\/08\/different-entre-la-moyenne-ponderee-normale-et-comment-calculer-la-moyenne-ponderee-dans-Excel-avec-sumproduct.png","type":"","width":"","height":""}],"twitter_card":"summary_large_image","twitter_misc":{"Gesch\u00e4tzte Lesezeit":"3\u00a0Minuten"},"schema":{"@context":"https:\/\/schema.org","@graph":[{"@type":"WebPage","@id":"https:\/\/exceladvisor.org\/de\/gewichteter-durchschnitt\/","url":"https:\/\/exceladvisor.org\/de\/gewichteter-durchschnitt\/","name":"\u25b7 Wie berechnet man den gewichteten Durchschnitt in Excel?","isPartOf":{"@id":"https:\/\/exceladvisor.org\/de\/#website"},"primaryImageOfPage":{"@id":"https:\/\/exceladvisor.org\/de\/gewichteter-durchschnitt\/#primaryimage"},"image":{"@id":"https:\/\/exceladvisor.org\/de\/gewichteter-durchschnitt\/#primaryimage"},"thumbnailUrl":"https:\/\/exceladvisor.org\/wp-content\/uploads\/2023\/08\/different-entre-la-moyenne-ponderee-normale-et-comment-calculer-la-moyenne-ponderee-dans-Excel-avec-sumproduct.png","datePublished":"2023-11-13T18:13:54+00:00","dateModified":"2023-12-03T11:14:08+00:00","description":"Der gewichtete Durchschnitt ist eine der wichtigsten Berechnungen und die Summe des Produkts ist eine der einfachsten Berechnungsmethoden.","breadcrumb":{"@id":"https:\/\/exceladvisor.org\/de\/gewichteter-durchschnitt\/#breadcrumb"},"inLanguage":"de","potentialAction":[{"@type":"ReadAction","target":["https:\/\/exceladvisor.org\/de\/gewichteter-durchschnitt\/"]}]},{"@type":"ImageObject","inLanguage":"de","@id":"https:\/\/exceladvisor.org\/de\/gewichteter-durchschnitt\/#primaryimage","url":"https:\/\/exceladvisor.org\/wp-content\/uploads\/2023\/08\/different-entre-la-moyenne-ponderee-normale-et-comment-calculer-la-moyenne-ponderee-dans-Excel-avec-sumproduct.png","contentUrl":"https:\/\/exceladvisor.org\/wp-content\/uploads\/2023\/08\/different-entre-la-moyenne-ponderee-normale-et-comment-calculer-la-moyenne-ponderee-dans-Excel-avec-sumproduct.png"},{"@type":"BreadcrumbList","@id":"https:\/\/exceladvisor.org\/de\/gewichteter-durchschnitt\/#breadcrumb","itemListElement":[{"@type":"ListItem","position":1,"name":"Accueil","item":"https:\/\/exceladvisor.org\/de\/"},{"@type":"ListItem","position":2,"name":"Wie berechnet man den gewichteten durchschnitt in excel?"}]},{"@type":"WebSite","@id":"https:\/\/exceladvisor.org\/de\/#website","url":"https:\/\/exceladvisor.org\/de\/","name":"Excel Advisor","description":"Ihr Leitfaden zur Datendominanz","publisher":{"@id":"https:\/\/exceladvisor.org\/de\/#organization"},"potentialAction":[{"@type":"SearchAction","target":{"@type":"EntryPoint","urlTemplate":"https:\/\/exceladvisor.org\/de\/?s={search_term_string}"},"query-input":{"@type":"PropertyValueSpecification","valueRequired":true,"valueName":"search_term_string"}}],"inLanguage":"de"},{"@type":"Organization","@id":"https:\/\/exceladvisor.org\/de\/#organization","name":"Excel Advisor","url":"https:\/\/exceladvisor.org\/de\/","logo":{"@type":"ImageObject","inLanguage":"de","@id":"https:\/\/exceladvisor.org\/de\/#\/schema\/logo\/image\/","url":"https:\/\/exceladvisor.org\/de\/wp-content\/uploads\/2023\/11\/exceladvisor.org_.png","contentUrl":"https:\/\/exceladvisor.org\/de\/wp-content\/uploads\/2023\/11\/exceladvisor.org_.png","width":105,"height":36,"caption":"Excel Advisor"},"image":{"@id":"https:\/\/exceladvisor.org\/de\/#\/schema\/logo\/image\/"}}]}},"yoast_meta":{"yoast_wpseo_title":"","yoast_wpseo_metadesc":"","yoast_wpseo_canonical":""},"_links":{"self":[{"href":"https:\/\/exceladvisor.org\/de\/wp-json\/wp\/v2\/pages\/3143","targetHints":{"allow":["GET"]}}],"collection":[{"href":"https:\/\/exceladvisor.org\/de\/wp-json\/wp\/v2\/pages"}],"about":[{"href":"https:\/\/exceladvisor.org\/de\/wp-json\/wp\/v2\/types\/page"}],"author":[{"embeddable":true,"href":"https:\/\/exceladvisor.org\/de\/wp-json\/wp\/v2\/users\/1"}],"replies":[{"embeddable":true,"href":"https:\/\/exceladvisor.org\/de\/wp-json\/wp\/v2\/comments?post=3143"}],"version-history":[{"count":1,"href":"https:\/\/exceladvisor.org\/de\/wp-json\/wp\/v2\/pages\/3143\/revisions"}],"predecessor-version":[{"id":3885,"href":"https:\/\/exceladvisor.org\/de\/wp-json\/wp\/v2\/pages\/3143\/revisions\/3885"}],"wp:attachment":[{"href":"https:\/\/exceladvisor.org\/de\/wp-json\/wp\/v2\/media?parent=3143"}],"curies":[{"name":"wp","href":"https:\/\/api.w.org\/{rel}","templated":true}]}}