{"id":3145,"date":"2023-11-13T16:36:39","date_gmt":"2023-11-13T16:36:39","guid":{"rendered":"https:\/\/exceladvisor.org\/de\/blick-hinter-die-kulissen\/"},"modified":"2023-12-03T13:04:30","modified_gmt":"2023-12-03T13:04:30","slug":"blick-hinter-die-kulissen","status":"publish","type":"page","link":"https:\/\/exceladvisor.org\/de\/blick-hinter-die-kulissen\/","title":{"rendered":"Wie \u00f6ffne ich die backstage-ansicht in excel?"},"content":{"rendered":"<div class=\"excel-vor-dem-inhalt\" id=\"excel-1554688870\"><script type=\"text\/javascript\">\r\n\tatOptions = {\r\n\t\t'key' : 'c1158f160081d6540a8409e6925dab94',\r\n\t\t'format' : 'iframe',\r\n\t\t'height' : 250,\r\n\t\t'width' : 300,\r\n\t\t'params' : {}\r\n\t};\r\n<\/script>\r\n<script type=\"text\/javascript\" src=\"\/\/www.highperformanceformat.com\/c1158f160081d6540a8409e6925dab94\/invoke.js\"><\/script><\/div> <p>Wenn Sie Excel \u00f6ffnen, wird ein \u00d6ffnungsfenster mit der Bezeichnung \u201eBackstage-Ansicht\u201c angezeigt. Dies ist die erste Ansicht, die Sie erhalten, wenn Sie Excel \u00f6ffnen. <\/p><div class=\"wp-block-image\"><figure class=\"aligncenter size-full is-resized\"><img loading=\"lazy\" decoding=\"async\" class=\"wp-image-88721\" src=\"https:\/\/exceladvisor.org\/wp-content\/uploads\/2023\/08\/1-fenetre-ouvrante-en-coulisses.png\" sizes=\"auto, \" srcset=\"\" alt=\"\u00d6ffnungsfenster hinter der B\u00fchne\" width=\"750\" height=\"394\"><\/figure><\/div><p> Im Screenshot oben sehen Sie, dass dieses Fenster die M\u00f6glichkeit bietet, mit der Arbeit in Excel zu beginnen. Aber man nennt ihn Backstage-Modus, weil er ganz hinten beginnt, wenn man in Excel arbeitet. Und um es w\u00e4hrend der Arbeit zu \u00f6ffnen, m\u00fcssen Sie auf die Registerkarte \u201eDatei\u201c Ihres Excel-Fensters klicken. <\/p><div class=\"wp-block-image\"><figure class=\"aligncenter size-full is-resized\"><img loading=\"lazy\" decoding=\"async\" class=\"wp-image-88722\" src=\"https:\/\/exceladvisor.org\/wp-content\/uploads\/2023\/08\/2-aller-a-longlet-fichier-2.png\" sizes=\"auto, \" srcset=\"\" alt=\"Gehen Sie zur Registerkarte \u201eDatei\u201c.\" width=\"455\" height=\"299\"><\/figure><\/div><p> Einfach ausgedr\u00fcckt bleibt diese Ansicht von Excel im Hintergrund und Sie m\u00fcssen \u00fcber die Registerkarte \u201eDatei\u201c darauf zugreifen. Wenn Sie Excel auf dem Mac \u00f6ffnen, erhalten Sie auch einen Blick hinter die Kulissen. <\/p><div class=\"wp-block-image\"><figure class=\"aligncenter size-full is-resized\"><img loading=\"lazy\" decoding=\"async\" class=\"alignnone size-full wp-image-13614\" src=\"https:\/\/exceladvisor.org\/wp-content\/uploads\/2023\/11\/vue-dexcel-a-larrieres.png\" alt=\"R\u00fcckansicht von Excel\" width=\"750\" height=\"470\" srcset=\"https:\/\/exceladvisor.org\/wp-content\/uploads\/2023\/11\/vue-dexcel-a-larrieres.png 750w, https:\/\/exceladvisor.org\/wp-content\/uploads\/2023\/11\/vue-dexcel-a-larrieres-300x188.png 300w\" sizes=\"auto, (max-width: 750px) 100vw, 750px\"><\/figure><\/div><p> Und wenn Sie es erneut \u00f6ffnen m\u00f6chten, m\u00fcssen Sie auf \u201eDatei neu\u201c gehen. <\/p><div class=\"wp-block-image\"><figure class=\"aligncenter size-full is-resized\"><img loading=\"lazy\" decoding=\"async\" class=\"wp-image-88724\" src=\"https:\/\/exceladvisor.org\/wp-content\/uploads\/2023\/08\/4-aller-au-fichier-nouveau.png\" sizes=\"auto, \" srcset=\"\" alt=\"Gehe zu Datei-Neu\" width=\"592\" height=\"264\"><\/figure><\/div><h2 class=\"wp-block-heading\"> Tastat\u00fcrk\u00fcrzel<\/h2><p> Wenn Sie in Excel arbeiten und die Backstage-Ansicht \u00f6ffnen m\u00f6chten, k\u00f6nnen Sie die Tastenkombination verwenden:<\/p><p> <kbd>Alt<\/kbd> + <kbd>F<\/kbd><\/p><h2 class=\"wp-block-heading\"> Option verf\u00fcgbar in der Backstage-Ansicht<\/h2><p> Es stehen einige wesentliche Optionen zur Verf\u00fcgung:<\/p><ul><li> Neu: um eine neue Arbeitsmappe zu erstellen.<\/li><li> \u00d6ffnen: um eine bereits gespeicherte Arbeitsmappe zu \u00f6ffnen.<\/li><li> Mehr: zum \u00d6ffnen von Excel-Optionen und Kontoinformationen. <\/li><\/ul><div class=\"wp-block-image\"><figure class=\"aligncenter size-full is-resized\"><img loading=\"lazy\" decoding=\"async\" class=\"wp-image-88725\" src=\"https:\/\/exceladvisor.org\/wp-content\/uploads\/2023\/08\/5-options-disponibles-en-vue-backstage.png\" sizes=\"auto, \" srcset=\"\" alt=\"Optionen-verf\u00fcgbar-in-der-Backstage-Ansicht\" width=\"154\" height=\"505\"><\/figure><\/div><p> Die obige Option bleibt auch dann bestehen, wenn Sie keine Arbeitsmappe ge\u00f6ffnet haben. Aber sobald Sie die Arbeitsmappe \u00f6ffnen, stehen Ihnen mehr Optionen zur Verf\u00fcgung. <\/p><div class=\"wp-block-image\"><figure class=\"aligncenter size-full is-resized\"><img loading=\"lazy\" decoding=\"async\" class=\"wp-image-88726\" src=\"https:\/\/exceladvisor.org\/wp-content\/uploads\/2023\/08\/6-options-supplementaires-a-louverture-dExcel.png\" sizes=\"auto, \" srcset=\"\" alt=\"Weitere Optionen, wenn Excel ge\u00f6ffnet ist\" width=\"162\" height=\"492\"><\/figure><\/div><p> Sie k\u00f6nnen oben im Fenster eine neue leere Arbeitsmappe \u00f6ffnen. Sie k\u00f6nnen auch einige vordefinierte Vorlagen verwenden, die in Excel verf\u00fcgbar sind. <\/p><div class=\"wp-block-image\"><figure class=\"aligncenter size-full is-resized\"><img loading=\"lazy\" decoding=\"async\" class=\"wp-image-88727\" src=\"https:\/\/exceladvisor.org\/wp-content\/uploads\/2023\/08\/7-nouveau-classeur-vierge.png\" sizes=\"auto, \" srcset=\"\" alt=\"neuer leerer Ordner\" width=\"644\" height=\"300\"><\/figure><\/div><p> Unten im Fenster finden Sie eine Liste der zuletzt verwendeten Arbeitsmappen und eine Suchleiste zum Durchsuchen von Arbeitsmappen. <\/p><div class=\"wp-block-image\"><figure class=\"aligncenter size-full is-resized\"><img loading=\"lazy\" decoding=\"async\" class=\"wp-image-88728\" src=\"https:\/\/exceladvisor.org\/wp-content\/uploads\/2023\/08\/8-classeurs-doccasion-recents.png\" sizes=\"auto, \" srcset=\"\" alt=\"k\u00fcrzlich verwendete Bindemittel\" width=\"602\" height=\"175\"><\/figure><\/div><p> Sie k\u00f6nnen auch eine Arbeitsmappe anheften, die Sie h\u00e4ufiger als andere verwenden m\u00f6chten. Dann k\u00f6nnen Sie es mit einem einzigen Klick aus der angehefteten Liste \u00f6ffnen. <\/p><div class=\"wp-block-image\"><figure class=\"aligncenter size-full is-resized\"><img loading=\"lazy\" decoding=\"async\" class=\"wp-image-88729\" src=\"https:\/\/exceladvisor.org\/wp-content\/uploads\/2023\/08\/9-epingler-un-classeur.png\" sizes=\"auto, \" srcset=\"\" alt=\"Binderstift\" width=\"604\" height=\"344\"><\/figure><\/div><p> Wenn Sie auf die Option \u201e\u00d6ffnen\u201c klicken, erhalten Sie weitere Optionen zum Suchen einer zu \u00f6ffnenden Datei. <\/p><div class=\"wp-block-image\"><figure class=\"aligncenter size-full is-resized\"><img loading=\"lazy\" decoding=\"async\" class=\"wp-image-88730\" src=\"https:\/\/exceladvisor.org\/wp-content\/uploads\/2023\/08\/10-options-supplementaires-pour-localiser-un-fichier.png\" sizes=\"auto, \" srcset=\"\" alt=\"Weitere Optionen zum Auffinden einer Datei\" width=\"446\" height=\"513\"><\/figure><\/div><h2 class=\"wp-block-heading\"> Backstage-Ansicht schlie\u00dfen<\/h2><p> Wenn Sie keine Datei ge\u00f6ffnet haben, m\u00fcssen Sie eine Arbeitsmappe \u00f6ffnen, um die Backstage-Ansicht zu vermeiden. Wenn Sie bereits eine Arbeitsmappe ge\u00f6ffnet haben, m\u00fcssen Sie als N\u00e4chstes die Escape-Taste dr\u00fccken oder auf die Schaltfl\u00e4che \u201eZur\u00fcck\u201c klicken. <\/p><div class=\"wp-block-image\"><figure class=\"aligncenter size-full is-resized\"><img loading=\"lazy\" decoding=\"async\" class=\"wp-image-88731\" src=\"https:\/\/exceladvisor.org\/wp-content\/uploads\/2023\/08\/11-fermer-la-vue-des-coulisses.png\" sizes=\"auto, \" srcset=\"\" alt=\"Nahaufnahme hinter den Kulissen\" width=\"351\" height=\"132\"><\/figure><\/div><div class=\"gb-container gb-container-29c351cb gb-container-mt\"> <a class=\"gb-button gb-button-3f93e23e gb-button-text gb-button-mt-button\" href=\"https:\/\/exceladvisor.org\/de\/excel-grundlagen\/\">Microsoft Excel-Grundlagen (Komponenten, Teile und Wissenshinweise)<\/a><h2 class=\"gb-headline gb-headline-039c6b39 gb-headline-text gb-headline-mt-heading\"> Weitere Tutorials <\/h2><div class=\"gb-grid-wrapper gb-grid-wrapper-a21eef70 gb-grid-wrapper-mt-grid\"><div class=\"gb-grid-column gb-grid-column-8876d83d\"><div class=\"gb-container gb-container-8876d83d\"><ul><li> <a href=\"https:\/\/exceladvisor.org\/de\/statusleiste\/\">Statusleiste in Excel<\/a><\/li><li> <a href=\"https:\/\/exceladvisor.org\/de\/textzone\/\">F\u00fcgen Sie ein Textfeld in Excel ein<\/a><\/li><li> <a href=\"https:\/\/exceladvisor.org\/de\/a\/\" data-wpil=\"url\">Tab-Farbe in Excel \u00e4ndern<\/a><\/li><li> <a href=\"https:\/\/exceladvisor.org\/de\/zoomen\/\">Vergr\u00f6\u00dfern oder verkleinern Sie Excel<\/a><\/li><li> <a href=\"https:\/\/exceladvisor.org\/de\/dialogbox\/\">Dialogfeld in Excel<\/a> <\/li><\/ul><\/div><\/div><div class=\"gb-grid-column gb-grid-column-ee06a2c7\"><div class=\"gb-container gb-container-ee06a2c7\"><ul><li> <a href=\"https:\/\/exceladvisor.org\/de\/ausrichtung\/\">Ausrichtung in Excel<\/a><\/li><li> <a href=\"https:\/\/exceladvisor.org\/de\/datei-speichern\/\">Speichern Sie eine Datei in Excel<\/a><\/li><li> <a href=\"https:\/\/exceladvisor.org\/de\/automatisch-rollierende-monate\/\">Automatische rollierende Monate in Excel<\/a><\/li><li> <a href=\"https:\/\/exceladvisor.org\/de\/dunkelmodus\/\">Aktivieren Sie den Dunkelmodus in Excel<\/a><\/li><li> <a href=\"https:\/\/exceladvisor.org\/de\/scrollleiste\/\">Bildlaufleiste in Excel wiederherstellen<\/a><\/li><\/ul><\/div><\/div><\/div><\/div>","protected":false},"excerpt":{"rendered":"","protected":false},"author":1,"featured_media":0,"parent":0,"menu_order":0,"comment_status":"open","ping_status":"closed","template":"","meta":{"ub_ctt_via":"","footnotes":""},"class_list":["post-3145","page","type-page","status-publish","hentry"],"featured_image_src":null,"yoast_head":"<!-- This site is optimized with the Yoast SEO plugin v25.4 - https:\/\/yoast.com\/wordpress\/plugins\/seo\/ -->\n<title>Wie \u00f6ffne ich die Backstage-Ansicht in Excel? (Tutorial 2023)<\/title>\n<meta name=\"description\" content=\"Dies wird als \u201eHinter-die-Kulissen-Ansicht\u201c bezeichnet, da sie bei der Arbeit in Excel ganz hinten beginnt. Und es w\u00e4hrenddessen zu \u00f6ffnen\" \/>\n<meta name=\"robots\" content=\"index, follow, max-snippet:-1, max-image-preview:large, max-video-preview:-1\" \/>\n<link rel=\"canonical\" href=\"https:\/\/exceladvisor.org\/de\/blick-hinter-die-kulissen\/\" \/>\n<meta property=\"og:locale\" content=\"de_DE\" \/>\n<meta property=\"og:type\" content=\"article\" \/>\n<meta property=\"og:title\" content=\"Wie \u00f6ffne ich die Backstage-Ansicht in Excel? (Tutorial 2023)\" \/>\n<meta property=\"og:description\" content=\"Dies wird als \u201eHinter-die-Kulissen-Ansicht\u201c bezeichnet, da sie bei der Arbeit in Excel ganz hinten beginnt. Und es w\u00e4hrenddessen zu \u00f6ffnen\" \/>\n<meta property=\"og:url\" content=\"https:\/\/exceladvisor.org\/de\/blick-hinter-die-kulissen\/\" \/>\n<meta property=\"og:site_name\" content=\"Excel Advisor\" \/>\n<meta property=\"article:modified_time\" content=\"2023-12-03T13:04:30+00:00\" \/>\n<meta property=\"og:image\" content=\"https:\/\/exceladvisor.org\/wp-content\/uploads\/2023\/08\/1-fenetre-ouvrante-en-coulisses.png\" \/>\n<meta name=\"twitter:card\" content=\"summary_large_image\" \/>\n<meta name=\"twitter:label1\" content=\"Gesch\u00e4tzte Lesezeit\" \/>\n\t<meta name=\"twitter:data1\" content=\"2\u00a0Minuten\" \/>\n<script type=\"application\/ld+json\" class=\"yoast-schema-graph\">{\"@context\":\"https:\/\/schema.org\",\"@graph\":[{\"@type\":\"WebPage\",\"@id\":\"https:\/\/exceladvisor.org\/de\/blick-hinter-die-kulissen\/\",\"url\":\"https:\/\/exceladvisor.org\/de\/blick-hinter-die-kulissen\/\",\"name\":\"Wie \u00f6ffne ich die Backstage-Ansicht in Excel? (Tutorial 2023)\",\"isPartOf\":{\"@id\":\"https:\/\/exceladvisor.org\/de\/#website\"},\"primaryImageOfPage\":{\"@id\":\"https:\/\/exceladvisor.org\/de\/blick-hinter-die-kulissen\/#primaryimage\"},\"image\":{\"@id\":\"https:\/\/exceladvisor.org\/de\/blick-hinter-die-kulissen\/#primaryimage\"},\"thumbnailUrl\":\"https:\/\/exceladvisor.org\/wp-content\/uploads\/2023\/08\/1-fenetre-ouvrante-en-coulisses.png\",\"datePublished\":\"2023-11-13T16:36:39+00:00\",\"dateModified\":\"2023-12-03T13:04:30+00:00\",\"description\":\"Dies wird als \u201eHinter-die-Kulissen-Ansicht\u201c bezeichnet, da sie bei der Arbeit in Excel ganz hinten beginnt. Und es w\u00e4hrenddessen zu \u00f6ffnen\",\"breadcrumb\":{\"@id\":\"https:\/\/exceladvisor.org\/de\/blick-hinter-die-kulissen\/#breadcrumb\"},\"inLanguage\":\"de\",\"potentialAction\":[{\"@type\":\"ReadAction\",\"target\":[\"https:\/\/exceladvisor.org\/de\/blick-hinter-die-kulissen\/\"]}]},{\"@type\":\"ImageObject\",\"inLanguage\":\"de\",\"@id\":\"https:\/\/exceladvisor.org\/de\/blick-hinter-die-kulissen\/#primaryimage\",\"url\":\"https:\/\/exceladvisor.org\/wp-content\/uploads\/2023\/08\/1-fenetre-ouvrante-en-coulisses.png\",\"contentUrl\":\"https:\/\/exceladvisor.org\/wp-content\/uploads\/2023\/08\/1-fenetre-ouvrante-en-coulisses.png\"},{\"@type\":\"BreadcrumbList\",\"@id\":\"https:\/\/exceladvisor.org\/de\/blick-hinter-die-kulissen\/#breadcrumb\",\"itemListElement\":[{\"@type\":\"ListItem\",\"position\":1,\"name\":\"Accueil\",\"item\":\"https:\/\/exceladvisor.org\/de\/\"},{\"@type\":\"ListItem\",\"position\":2,\"name\":\"Wie \u00f6ffne ich die backstage-ansicht in excel?\"}]},{\"@type\":\"WebSite\",\"@id\":\"https:\/\/exceladvisor.org\/de\/#website\",\"url\":\"https:\/\/exceladvisor.org\/de\/\",\"name\":\"Excel Advisor\",\"description\":\"Ihr Leitfaden zur Datendominanz\",\"publisher\":{\"@id\":\"https:\/\/exceladvisor.org\/de\/#organization\"},\"potentialAction\":[{\"@type\":\"SearchAction\",\"target\":{\"@type\":\"EntryPoint\",\"urlTemplate\":\"https:\/\/exceladvisor.org\/de\/?s={search_term_string}\"},\"query-input\":{\"@type\":\"PropertyValueSpecification\",\"valueRequired\":true,\"valueName\":\"search_term_string\"}}],\"inLanguage\":\"de\"},{\"@type\":\"Organization\",\"@id\":\"https:\/\/exceladvisor.org\/de\/#organization\",\"name\":\"Excel Advisor\",\"url\":\"https:\/\/exceladvisor.org\/de\/\",\"logo\":{\"@type\":\"ImageObject\",\"inLanguage\":\"de\",\"@id\":\"https:\/\/exceladvisor.org\/de\/#\/schema\/logo\/image\/\",\"url\":\"https:\/\/exceladvisor.org\/de\/wp-content\/uploads\/2023\/11\/exceladvisor.org_.png\",\"contentUrl\":\"https:\/\/exceladvisor.org\/de\/wp-content\/uploads\/2023\/11\/exceladvisor.org_.png\",\"width\":105,\"height\":36,\"caption\":\"Excel Advisor\"},\"image\":{\"@id\":\"https:\/\/exceladvisor.org\/de\/#\/schema\/logo\/image\/\"}}]}<\/script>\n<!-- \/ Yoast SEO plugin. -->","yoast_head_json":{"title":"Wie \u00f6ffne ich die Backstage-Ansicht in Excel? (Tutorial 2023)","description":"Dies wird als \u201eHinter-die-Kulissen-Ansicht\u201c bezeichnet, da sie bei der Arbeit in Excel ganz hinten beginnt. Und es w\u00e4hrenddessen zu \u00f6ffnen","robots":{"index":"index","follow":"follow","max-snippet":"max-snippet:-1","max-image-preview":"max-image-preview:large","max-video-preview":"max-video-preview:-1"},"canonical":"https:\/\/exceladvisor.org\/de\/blick-hinter-die-kulissen\/","og_locale":"de_DE","og_type":"article","og_title":"Wie \u00f6ffne ich die Backstage-Ansicht in Excel? (Tutorial 2023)","og_description":"Dies wird als \u201eHinter-die-Kulissen-Ansicht\u201c bezeichnet, da sie bei der Arbeit in Excel ganz hinten beginnt. Und es w\u00e4hrenddessen zu \u00f6ffnen","og_url":"https:\/\/exceladvisor.org\/de\/blick-hinter-die-kulissen\/","og_site_name":"Excel Advisor","article_modified_time":"2023-12-03T13:04:30+00:00","og_image":[{"url":"https:\/\/exceladvisor.org\/wp-content\/uploads\/2023\/08\/1-fenetre-ouvrante-en-coulisses.png","type":"","width":"","height":""}],"twitter_card":"summary_large_image","twitter_misc":{"Gesch\u00e4tzte Lesezeit":"2\u00a0Minuten"},"schema":{"@context":"https:\/\/schema.org","@graph":[{"@type":"WebPage","@id":"https:\/\/exceladvisor.org\/de\/blick-hinter-die-kulissen\/","url":"https:\/\/exceladvisor.org\/de\/blick-hinter-die-kulissen\/","name":"Wie \u00f6ffne ich die Backstage-Ansicht in Excel? (Tutorial 2023)","isPartOf":{"@id":"https:\/\/exceladvisor.org\/de\/#website"},"primaryImageOfPage":{"@id":"https:\/\/exceladvisor.org\/de\/blick-hinter-die-kulissen\/#primaryimage"},"image":{"@id":"https:\/\/exceladvisor.org\/de\/blick-hinter-die-kulissen\/#primaryimage"},"thumbnailUrl":"https:\/\/exceladvisor.org\/wp-content\/uploads\/2023\/08\/1-fenetre-ouvrante-en-coulisses.png","datePublished":"2023-11-13T16:36:39+00:00","dateModified":"2023-12-03T13:04:30+00:00","description":"Dies wird als \u201eHinter-die-Kulissen-Ansicht\u201c bezeichnet, da sie bei der Arbeit in Excel ganz hinten beginnt. Und es w\u00e4hrenddessen zu \u00f6ffnen","breadcrumb":{"@id":"https:\/\/exceladvisor.org\/de\/blick-hinter-die-kulissen\/#breadcrumb"},"inLanguage":"de","potentialAction":[{"@type":"ReadAction","target":["https:\/\/exceladvisor.org\/de\/blick-hinter-die-kulissen\/"]}]},{"@type":"ImageObject","inLanguage":"de","@id":"https:\/\/exceladvisor.org\/de\/blick-hinter-die-kulissen\/#primaryimage","url":"https:\/\/exceladvisor.org\/wp-content\/uploads\/2023\/08\/1-fenetre-ouvrante-en-coulisses.png","contentUrl":"https:\/\/exceladvisor.org\/wp-content\/uploads\/2023\/08\/1-fenetre-ouvrante-en-coulisses.png"},{"@type":"BreadcrumbList","@id":"https:\/\/exceladvisor.org\/de\/blick-hinter-die-kulissen\/#breadcrumb","itemListElement":[{"@type":"ListItem","position":1,"name":"Accueil","item":"https:\/\/exceladvisor.org\/de\/"},{"@type":"ListItem","position":2,"name":"Wie \u00f6ffne ich die backstage-ansicht in excel?"}]},{"@type":"WebSite","@id":"https:\/\/exceladvisor.org\/de\/#website","url":"https:\/\/exceladvisor.org\/de\/","name":"Excel Advisor","description":"Ihr Leitfaden zur Datendominanz","publisher":{"@id":"https:\/\/exceladvisor.org\/de\/#organization"},"potentialAction":[{"@type":"SearchAction","target":{"@type":"EntryPoint","urlTemplate":"https:\/\/exceladvisor.org\/de\/?s={search_term_string}"},"query-input":{"@type":"PropertyValueSpecification","valueRequired":true,"valueName":"search_term_string"}}],"inLanguage":"de"},{"@type":"Organization","@id":"https:\/\/exceladvisor.org\/de\/#organization","name":"Excel Advisor","url":"https:\/\/exceladvisor.org\/de\/","logo":{"@type":"ImageObject","inLanguage":"de","@id":"https:\/\/exceladvisor.org\/de\/#\/schema\/logo\/image\/","url":"https:\/\/exceladvisor.org\/de\/wp-content\/uploads\/2023\/11\/exceladvisor.org_.png","contentUrl":"https:\/\/exceladvisor.org\/de\/wp-content\/uploads\/2023\/11\/exceladvisor.org_.png","width":105,"height":36,"caption":"Excel Advisor"},"image":{"@id":"https:\/\/exceladvisor.org\/de\/#\/schema\/logo\/image\/"}}]}},"yoast_meta":{"yoast_wpseo_title":"","yoast_wpseo_metadesc":"","yoast_wpseo_canonical":""},"_links":{"self":[{"href":"https:\/\/exceladvisor.org\/de\/wp-json\/wp\/v2\/pages\/3145","targetHints":{"allow":["GET"]}}],"collection":[{"href":"https:\/\/exceladvisor.org\/de\/wp-json\/wp\/v2\/pages"}],"about":[{"href":"https:\/\/exceladvisor.org\/de\/wp-json\/wp\/v2\/types\/page"}],"author":[{"embeddable":true,"href":"https:\/\/exceladvisor.org\/de\/wp-json\/wp\/v2\/users\/1"}],"replies":[{"embeddable":true,"href":"https:\/\/exceladvisor.org\/de\/wp-json\/wp\/v2\/comments?post=3145"}],"version-history":[{"count":1,"href":"https:\/\/exceladvisor.org\/de\/wp-json\/wp\/v2\/pages\/3145\/revisions"}],"predecessor-version":[{"id":4160,"href":"https:\/\/exceladvisor.org\/de\/wp-json\/wp\/v2\/pages\/3145\/revisions\/4160"}],"wp:attachment":[{"href":"https:\/\/exceladvisor.org\/de\/wp-json\/wp\/v2\/media?parent=3145"}],"curies":[{"name":"wp","href":"https:\/\/api.w.org\/{rel}","templated":true}]}}