{"id":3146,"date":"2023-11-13T16:32:31","date_gmt":"2023-11-13T16:32:31","guid":{"rendered":"https:\/\/exceladvisor.org\/de\/suchen-sie-nach-mehreren-kriterien\/"},"modified":"2023-12-03T11:21:58","modified_gmt":"2023-12-03T11:21:58","slug":"suchen-sie-nach-mehreren-kriterien","status":"publish","type":"page","link":"https:\/\/exceladvisor.org\/de\/suchen-sie-nach-mehreren-kriterien\/","title":{"rendered":"Wie kann ich in excel nach mehreren kriterien suchen?"},"content":{"rendered":"<div class=\"excel-vor-dem-inhalt\" id=\"excel-3179014922\"><script type=\"text\/javascript\">\r\n\tatOptions = {\r\n\t\t'key' : 'c1158f160081d6540a8409e6925dab94',\r\n\t\t'format' : 'iframe',\r\n\t\t'height' : 250,\r\n\t\t'width' : 300,\r\n\t\t'params' : {}\r\n\t};\r\n<\/script>\r\n<script type=\"text\/javascript\" src=\"\/\/www.highperformanceformat.com\/c1158f160081d6540a8409e6925dab94\/invoke.js\"><\/script><\/div> <p>SVERWEIS ist eine der <a style=\"outline: none; display: inline-block;\" href=\"https:\/\/exceladvisor.org\/de\/excel-funktionen\/\">beliebtesten Excel-Funktionen<\/a> . Aber es ist auch eine der eingeschr\u00e4nktesten Funktionen.<\/p><p> Fortgeschrittene Excel-Benutzer wissen, dass wir mit VLOOKUP so viele Dinge nicht tun k\u00f6nnen oder dass sie zus\u00e4tzliche Anstrengungen unternehmen m\u00fcssen, damit es funktioniert.<\/p><p> Verwenden Sie beispielsweise SVERWEIS mit mehreren Kriterien. Standardm\u00e4\u00dfig erm\u00f6glicht Ihnen SVERWEIS die Suche nach einem einzelnen Wert.<\/p><p> Aber in der realen Welt gibt es Situationen, in denen wir zwei oder mehr Kriterien verwenden m\u00fcssen.<\/p><p> Angenommen, Sie haben eine Sch\u00fclerliste f\u00fcr eine ganze Schule und m\u00f6chten in dieser Liste nach einem Sch\u00fcler suchen, dessen Name \u201eJohn\u201c ist und der in der IX. Klasse ist. <\/p><div class=\"wp-block-image\"><figure class=\"aligncenter\"><img decoding=\"async\" src=\"https:\/\/exceladvisor.org\/wp-content\/uploads\/2023\/08\/2-vlookup-avec-table-de-donnees-a-criteres-multiples-min-1.png\" sizes=\"\" srcset=\"\" alt=\"\"><\/figure><\/div><p> Es besteht eine gro\u00dfe Wahrscheinlichkeit, dass es mehr als einen Sch\u00fcler gibt, der \u201eJohn\u201c hei\u00dft. Die beste L\u00f6sung besteht hier darin, zwei verschiedene Kriterien (Name und Klasse) zu kombinieren, um im Gegenzug den richtigen Wert zu erhalten. <\/p><div class=\"wp-block-image\"><figure class=\"aligncenter\"><img decoding=\"async\" src=\"https:\/\/exceladvisor.org\/wp-content\/uploads\/2023\/08\/1-vlookup-avec-plusieurs-criteres-comment-min-1.png\" sizes=\"\" srcset=\"\" alt=\"\"><\/figure><\/div><p> Heute werden wir in diesem Artikel die Methode zur Verwendung mehrerer Kriterien mit VLOOKUP untersuchen.<\/p><p> Also fangen wir an und laden Sie unbedingt <a href=\"https:\/\/exceladvisor.org\/wp-content\/uploads\/2023\/08\/vlookup-de-donnees-brutes-avec-plusieurs-criteres.xlsx\" rel=\"nofollow\">diese Beispieldatei hier herunter,<\/a> um mitzumachen.<\/p><p> Gem\u00e4\u00df dem oben erw\u00e4hnten Problem m\u00fcssen wir nun zwei Kriterien als Suchwert in VLOOKUP verwenden. Dazu m\u00fcssen wir zwei einfache Anpassungen vornehmen.<\/p><h2 id=\"tab-con-1\" class=\"wp-block-heading\"> Erstellen Sie eine neue Support-Spalte<\/h2><p> Hier sind die Schritte zum Einf\u00fcgen einer neuen Spalte durch Verbinden zweier Kriterien.<\/p><ul><li> Zuerst m\u00fcssen wir eine neue Spalte hinzuf\u00fcgen. <\/li><\/ul><div class=\"wp-block-image\"><figure class=\"aligncenter\"><img decoding=\"async\" src=\"https:\/\/exceladvisor.org\/wp-content\/uploads\/2023\/08\/3-vlookup-avec-plusieurs-criteres-inserer-une-colonne-vide-min-1.png\" sizes=\"\" srcset=\"\" alt=\"\"><\/figure><\/div><ul><li> Geben Sie anschlie\u00dfend in der neuen Spalte eine Formel ein, um den Namen und die Klasse zu verbinden, wie unten. <\/li><\/ul><div class=\"wp-block-image\"><figure class=\"aligncenter\"><img decoding=\"async\" src=\"https:\/\/exceladvisor.org\/wp-content\/uploads\/2023\/08\/4-vlookup-avec-plusieurs-criteres-inserer-une-formule-pour-joindre-des-colonnes-min-1.png\" sizes=\"\" srcset=\"\" alt=\"\"><\/figure><\/div><ul><li> Ziehen Sie nun die Formel in die letzte Zelle der Spalte.<\/li><li> Jetzt haben wir eine einzige Spalte, in der wir zwei verschiedene Kriterien (Name und Klasse) kombiniert haben. <\/li><\/ul><div class=\"wp-block-image\"><figure class=\"aligncenter\"><img decoding=\"async\" src=\"https:\/\/exceladvisor.org\/wp-content\/uploads\/2023\/08\/5-vlookup-avec-plusieurs-criteres-nouvelle-colonne-combinee-avec-deux-criteres-min-1.png\" sizes=\"\" srcset=\"\" alt=\"\"><\/figure><\/div><h2 id=\"tab-con-2\" class=\"wp-block-heading\"> Kombinieren Sie zwei Kriterien im Suchwert<\/h2><p> Als n\u00e4chstes m\u00fcssen wir nun zwei Kriterien im Argument \u201elookup_value\u201c von VLOOKUP kombinieren.<\/p><p> Hier m\u00f6chten wir \u201eJohn\u201c und \u201eClass-IX\u201c verwenden und m\u00fcssen dazu die beiden mithilfe eines kaufm\u00e4nnischen Und-Zeichens in \u201elookup_argument\u201c kombinieren. <\/p><div class=\"wp-block-image\"><figure class=\"aligncenter\"><img decoding=\"async\" src=\"https:\/\/exceladvisor.org\/wp-content\/uploads\/2023\/08\/6-vlookup-avec-plusieurs-criteres-utilise-deux-arguments-dans-vlookup-min-1.png\" sizes=\"\" srcset=\"\" alt=\"\"><\/figure><\/div><p> Danach m\u00fcssen wir die Spalten C und D als Lookup_Range, 2 als Col_Index_Number und 0 als [Range_Lookup] ausw\u00e4hlen. <\/p><div class=\"wp-block-image\"><figure class=\"aligncenter\"><img decoding=\"async\" src=\"https:\/\/exceladvisor.org\/wp-content\/uploads\/2023\/08\/7-vlookup-avec-plusieurs-criteres-definissent-la-plage-min-1.png\" sizes=\"\" srcset=\"\" alt=\"\"><\/figure><\/div><p> Dr\u00fccken Sie am Ende die Eingabetaste. Und jetzt haben wir die Partitur von John, der in der IX. Klasse ist. <\/p><div class=\"wp-block-image\"><figure class=\"aligncenter\"><img decoding=\"async\" src=\"https:\/\/exceladvisor.org\/wp-content\/uploads\/2023\/08\/8-vlookup-avec-plusieurs-criteres-resultat-final-min-1.png\" sizes=\"\" srcset=\"\" alt=\"\"><\/figure><\/div><h2 id=\"tab-con-3\" class=\"wp-block-heading\"> Wie es funktioniert<\/h2><p> Die Methode zur Verwendung kombinierter Kriterien in VLOOKUP ist einfach. Wenn wir zwei Spalten zu einer kombinieren, erhalten wir eindeutige Werte.<\/p><p> Stellen Sie sich das mal so vor: Wir haben den Namen John dreimal in unseren Daten. Wenn wir jedoch Namen ihrer Klasse zuordnen, erhalten wir f\u00fcr jeden Namen einen eindeutigen Wert.<\/p><p> Zum Beispiel JohnClass-IX, JohnClass-VI und JohnClass-II. Jetzt haben Duplikate keinen Wert mehr.<\/p><p> In \u00e4hnlicher Weise haben wir bei der Angabe von \u201elookup_argument\u201c in VLOOKUP die beiden Kriterien \u201eName\u201c und \u201eKlasse\u201c kombiniert, sodass die Punktzahl des richtigen Sch\u00fclers zur\u00fcckgegeben wird, d. h. John, der in Klasse IX ist. <\/p><div class=\"wp-block-image\"><figure class=\"aligncenter\"><img decoding=\"async\" src=\"https:\/\/exceladvisor.org\/wp-content\/uploads\/2023\/08\/9-vlookup-avec-plusieurs-criteres-trouver-des-valeurs-precises-min-1.png\" sizes=\"\" srcset=\"\" alt=\"\"><\/figure><\/div><h2 id=\"tab-con-4\" class=\"wp-block-heading\"> Abschluss<\/h2><p> Durch die Verwendung mehrerer Kriterien mit VLOOKUP k\u00f6nnen Sie genauer und einfacher nach einem Wert suchen. Genau wie wir es im obigen Beispiel getan haben.<\/p><p> Und das Beste daran ist, dass die Kombination zweier verschiedener Kriterien keine gro\u00dfe Sache ist, sondern einfach und unkompliziert. Ich hoffe, dass Sie diese Formel n\u00fctzlich fanden und dass sie Ihnen bei Ihrer Arbeit helfen wird.<\/p><p> Jetzt sag mir eins. Haben Sie schon einmal versucht, in SVERWEIS mehr als ein Kriterium hinzuzuf\u00fcgen? Oder habt ihr daf\u00fcr eine andere Methode? Bitte teilen Sie es mir im Kommentarbereich mit, ich w\u00fcrde mich freuen, von Ihnen zu h\u00f6ren. Und vergessen Sie nicht, diesen Tipp mit Ihren Freunden zu teilen.<\/p><div class=\"gb-container gb-container-0df56012 gb-container-mt\"> <a class=\"gb-button gb-button-f9f432f4 gb-button-text gb-button-mt-button\" href=\"https:\/\/exceladvisor.org\/de\/formeln\/\">Liste der Excel-Formeln<\/a><h2 class=\"gb-headline gb-headline-233444e8 gb-headline-text gb-headline-mt-heading\"> Verwandte Formeln <\/h2><div class=\"gb-grid-wrapper gb-grid-wrapper-a16fa65c gb-grid-wrapper-mt-grid\"><div class=\"gb-grid-column gb-grid-column-50d07e0d\"><div class=\"gb-container gb-container-50d07e0d\"><ul><li> <a href=\"https:\/\/exceladvisor.org\/de\/iferror-vlookup\/\">IFERROR mit VLOOKUP in Excel, um #N\/A in Excel zu ersetzen<\/a><\/li><li> <a href=\"https:\/\/exceladvisor.org\/de\/bidirektionale-suche\/\">F\u00fchren Sie eine bidirektionale Suche in Excel durch<\/a><\/li><li> <a href=\"https:\/\/exceladvisor.org\/de\/ruckwartssuche\/\">Reverse VLOOKUP (r\u00fcckw\u00e4rts: von rechts nach links) in Excel<\/a><\/li><li> <a href=\"https:\/\/exceladvisor.org\/de\/vsearch-ubereinstimmung\/\">Kombinieren von VLOOKUP MATCH in Excel<\/a><\/li><li> <a href=\"https:\/\/exceladvisor.org\/de\/platzhalter-mit-vlookup\/\">Platzhalter mit VLOOKUP in Excel<\/a> <\/li><\/ul><\/div><\/div><div class=\"gb-grid-column gb-grid-column-5b4a0cf9\"><div class=\"gb-container gb-container-5b4a0cf9\"><\/div><\/div><\/div><\/div>","protected":false},"excerpt":{"rendered":"","protected":false},"author":1,"featured_media":0,"parent":0,"menu_order":0,"comment_status":"open","ping_status":"closed","template":"","meta":{"ub_ctt_via":"","footnotes":""},"class_list":["post-3146","page","type-page","status-publish","hentry"],"featured_image_src":null,"yoast_head":"<!-- This site is optimized with the Yoast SEO plugin v25.4 - https:\/\/yoast.com\/wordpress\/plugins\/seo\/ -->\n<title>\u25b7 Wie kann ich in Excel nach mehreren Kriterien suchen?<\/title>\n<meta name=\"description\" content=\"Durch die Verwendung von SVERWEIS mit mehreren Kriterien erhalten Sie eine pr\u00e4zisere Suche nach einem Wert. Und das Beste daran ist, dass es einfach ist...\" \/>\n<meta name=\"robots\" content=\"index, follow, max-snippet:-1, max-image-preview:large, max-video-preview:-1\" \/>\n<link rel=\"canonical\" href=\"https:\/\/exceladvisor.org\/de\/suchen-sie-nach-mehreren-kriterien\/\" \/>\n<meta property=\"og:locale\" content=\"de_DE\" \/>\n<meta property=\"og:type\" content=\"article\" \/>\n<meta property=\"og:title\" content=\"\u25b7 Wie kann ich in Excel nach mehreren Kriterien suchen?\" \/>\n<meta property=\"og:description\" content=\"Durch die Verwendung von SVERWEIS mit mehreren Kriterien erhalten Sie eine pr\u00e4zisere Suche nach einem Wert. Und das Beste daran ist, dass es einfach ist...\" \/>\n<meta property=\"og:url\" content=\"https:\/\/exceladvisor.org\/de\/suchen-sie-nach-mehreren-kriterien\/\" \/>\n<meta property=\"og:site_name\" content=\"Excel Advisor\" \/>\n<meta property=\"article:modified_time\" content=\"2023-12-03T11:21:58+00:00\" \/>\n<meta property=\"og:image\" content=\"https:\/\/exceladvisor.org\/wp-content\/uploads\/2023\/08\/2-vlookup-avec-table-de-donnees-a-criteres-multiples-min-1.png\" \/>\n<meta name=\"twitter:card\" content=\"summary_large_image\" \/>\n<meta name=\"twitter:label1\" content=\"Gesch\u00e4tzte Lesezeit\" \/>\n\t<meta name=\"twitter:data1\" content=\"3\u00a0Minuten\" \/>\n<script type=\"application\/ld+json\" class=\"yoast-schema-graph\">{\"@context\":\"https:\/\/schema.org\",\"@graph\":[{\"@type\":\"WebPage\",\"@id\":\"https:\/\/exceladvisor.org\/de\/suchen-sie-nach-mehreren-kriterien\/\",\"url\":\"https:\/\/exceladvisor.org\/de\/suchen-sie-nach-mehreren-kriterien\/\",\"name\":\"\u25b7 Wie kann ich in Excel nach mehreren Kriterien suchen?\",\"isPartOf\":{\"@id\":\"https:\/\/exceladvisor.org\/de\/#website\"},\"primaryImageOfPage\":{\"@id\":\"https:\/\/exceladvisor.org\/de\/suchen-sie-nach-mehreren-kriterien\/#primaryimage\"},\"image\":{\"@id\":\"https:\/\/exceladvisor.org\/de\/suchen-sie-nach-mehreren-kriterien\/#primaryimage\"},\"thumbnailUrl\":\"https:\/\/exceladvisor.org\/wp-content\/uploads\/2023\/08\/2-vlookup-avec-table-de-donnees-a-criteres-multiples-min-1.png\",\"datePublished\":\"2023-11-13T16:32:31+00:00\",\"dateModified\":\"2023-12-03T11:21:58+00:00\",\"description\":\"Durch die Verwendung von SVERWEIS mit mehreren Kriterien erhalten Sie eine pr\u00e4zisere Suche nach einem Wert. Und das Beste daran ist, dass es einfach ist...\",\"breadcrumb\":{\"@id\":\"https:\/\/exceladvisor.org\/de\/suchen-sie-nach-mehreren-kriterien\/#breadcrumb\"},\"inLanguage\":\"de\",\"potentialAction\":[{\"@type\":\"ReadAction\",\"target\":[\"https:\/\/exceladvisor.org\/de\/suchen-sie-nach-mehreren-kriterien\/\"]}]},{\"@type\":\"ImageObject\",\"inLanguage\":\"de\",\"@id\":\"https:\/\/exceladvisor.org\/de\/suchen-sie-nach-mehreren-kriterien\/#primaryimage\",\"url\":\"https:\/\/exceladvisor.org\/wp-content\/uploads\/2023\/08\/2-vlookup-avec-table-de-donnees-a-criteres-multiples-min-1.png\",\"contentUrl\":\"https:\/\/exceladvisor.org\/wp-content\/uploads\/2023\/08\/2-vlookup-avec-table-de-donnees-a-criteres-multiples-min-1.png\"},{\"@type\":\"BreadcrumbList\",\"@id\":\"https:\/\/exceladvisor.org\/de\/suchen-sie-nach-mehreren-kriterien\/#breadcrumb\",\"itemListElement\":[{\"@type\":\"ListItem\",\"position\":1,\"name\":\"Accueil\",\"item\":\"https:\/\/exceladvisor.org\/de\/\"},{\"@type\":\"ListItem\",\"position\":2,\"name\":\"Wie kann ich in excel nach mehreren kriterien suchen?\"}]},{\"@type\":\"WebSite\",\"@id\":\"https:\/\/exceladvisor.org\/de\/#website\",\"url\":\"https:\/\/exceladvisor.org\/de\/\",\"name\":\"Excel Advisor\",\"description\":\"Ihr Leitfaden zur Datendominanz\",\"publisher\":{\"@id\":\"https:\/\/exceladvisor.org\/de\/#organization\"},\"potentialAction\":[{\"@type\":\"SearchAction\",\"target\":{\"@type\":\"EntryPoint\",\"urlTemplate\":\"https:\/\/exceladvisor.org\/de\/?s={search_term_string}\"},\"query-input\":{\"@type\":\"PropertyValueSpecification\",\"valueRequired\":true,\"valueName\":\"search_term_string\"}}],\"inLanguage\":\"de\"},{\"@type\":\"Organization\",\"@id\":\"https:\/\/exceladvisor.org\/de\/#organization\",\"name\":\"Excel Advisor\",\"url\":\"https:\/\/exceladvisor.org\/de\/\",\"logo\":{\"@type\":\"ImageObject\",\"inLanguage\":\"de\",\"@id\":\"https:\/\/exceladvisor.org\/de\/#\/schema\/logo\/image\/\",\"url\":\"https:\/\/exceladvisor.org\/de\/wp-content\/uploads\/2023\/11\/exceladvisor.org_.png\",\"contentUrl\":\"https:\/\/exceladvisor.org\/de\/wp-content\/uploads\/2023\/11\/exceladvisor.org_.png\",\"width\":105,\"height\":36,\"caption\":\"Excel Advisor\"},\"image\":{\"@id\":\"https:\/\/exceladvisor.org\/de\/#\/schema\/logo\/image\/\"}}]}<\/script>\n<!-- \/ Yoast SEO plugin. -->","yoast_head_json":{"title":"\u25b7 Wie kann ich in Excel nach mehreren Kriterien suchen?","description":"Durch die Verwendung von SVERWEIS mit mehreren Kriterien erhalten Sie eine pr\u00e4zisere Suche nach einem Wert. Und das Beste daran ist, dass es einfach ist...","robots":{"index":"index","follow":"follow","max-snippet":"max-snippet:-1","max-image-preview":"max-image-preview:large","max-video-preview":"max-video-preview:-1"},"canonical":"https:\/\/exceladvisor.org\/de\/suchen-sie-nach-mehreren-kriterien\/","og_locale":"de_DE","og_type":"article","og_title":"\u25b7 Wie kann ich in Excel nach mehreren Kriterien suchen?","og_description":"Durch die Verwendung von SVERWEIS mit mehreren Kriterien erhalten Sie eine pr\u00e4zisere Suche nach einem Wert. Und das Beste daran ist, dass es einfach ist...","og_url":"https:\/\/exceladvisor.org\/de\/suchen-sie-nach-mehreren-kriterien\/","og_site_name":"Excel Advisor","article_modified_time":"2023-12-03T11:21:58+00:00","og_image":[{"url":"https:\/\/exceladvisor.org\/wp-content\/uploads\/2023\/08\/2-vlookup-avec-table-de-donnees-a-criteres-multiples-min-1.png","type":"","width":"","height":""}],"twitter_card":"summary_large_image","twitter_misc":{"Gesch\u00e4tzte Lesezeit":"3\u00a0Minuten"},"schema":{"@context":"https:\/\/schema.org","@graph":[{"@type":"WebPage","@id":"https:\/\/exceladvisor.org\/de\/suchen-sie-nach-mehreren-kriterien\/","url":"https:\/\/exceladvisor.org\/de\/suchen-sie-nach-mehreren-kriterien\/","name":"\u25b7 Wie kann ich in Excel nach mehreren Kriterien suchen?","isPartOf":{"@id":"https:\/\/exceladvisor.org\/de\/#website"},"primaryImageOfPage":{"@id":"https:\/\/exceladvisor.org\/de\/suchen-sie-nach-mehreren-kriterien\/#primaryimage"},"image":{"@id":"https:\/\/exceladvisor.org\/de\/suchen-sie-nach-mehreren-kriterien\/#primaryimage"},"thumbnailUrl":"https:\/\/exceladvisor.org\/wp-content\/uploads\/2023\/08\/2-vlookup-avec-table-de-donnees-a-criteres-multiples-min-1.png","datePublished":"2023-11-13T16:32:31+00:00","dateModified":"2023-12-03T11:21:58+00:00","description":"Durch die Verwendung von SVERWEIS mit mehreren Kriterien erhalten Sie eine pr\u00e4zisere Suche nach einem Wert. Und das Beste daran ist, dass es einfach ist...","breadcrumb":{"@id":"https:\/\/exceladvisor.org\/de\/suchen-sie-nach-mehreren-kriterien\/#breadcrumb"},"inLanguage":"de","potentialAction":[{"@type":"ReadAction","target":["https:\/\/exceladvisor.org\/de\/suchen-sie-nach-mehreren-kriterien\/"]}]},{"@type":"ImageObject","inLanguage":"de","@id":"https:\/\/exceladvisor.org\/de\/suchen-sie-nach-mehreren-kriterien\/#primaryimage","url":"https:\/\/exceladvisor.org\/wp-content\/uploads\/2023\/08\/2-vlookup-avec-table-de-donnees-a-criteres-multiples-min-1.png","contentUrl":"https:\/\/exceladvisor.org\/wp-content\/uploads\/2023\/08\/2-vlookup-avec-table-de-donnees-a-criteres-multiples-min-1.png"},{"@type":"BreadcrumbList","@id":"https:\/\/exceladvisor.org\/de\/suchen-sie-nach-mehreren-kriterien\/#breadcrumb","itemListElement":[{"@type":"ListItem","position":1,"name":"Accueil","item":"https:\/\/exceladvisor.org\/de\/"},{"@type":"ListItem","position":2,"name":"Wie kann ich in excel nach mehreren kriterien suchen?"}]},{"@type":"WebSite","@id":"https:\/\/exceladvisor.org\/de\/#website","url":"https:\/\/exceladvisor.org\/de\/","name":"Excel Advisor","description":"Ihr Leitfaden zur Datendominanz","publisher":{"@id":"https:\/\/exceladvisor.org\/de\/#organization"},"potentialAction":[{"@type":"SearchAction","target":{"@type":"EntryPoint","urlTemplate":"https:\/\/exceladvisor.org\/de\/?s={search_term_string}"},"query-input":{"@type":"PropertyValueSpecification","valueRequired":true,"valueName":"search_term_string"}}],"inLanguage":"de"},{"@type":"Organization","@id":"https:\/\/exceladvisor.org\/de\/#organization","name":"Excel Advisor","url":"https:\/\/exceladvisor.org\/de\/","logo":{"@type":"ImageObject","inLanguage":"de","@id":"https:\/\/exceladvisor.org\/de\/#\/schema\/logo\/image\/","url":"https:\/\/exceladvisor.org\/de\/wp-content\/uploads\/2023\/11\/exceladvisor.org_.png","contentUrl":"https:\/\/exceladvisor.org\/de\/wp-content\/uploads\/2023\/11\/exceladvisor.org_.png","width":105,"height":36,"caption":"Excel Advisor"},"image":{"@id":"https:\/\/exceladvisor.org\/de\/#\/schema\/logo\/image\/"}}]}},"yoast_meta":{"yoast_wpseo_title":"","yoast_wpseo_metadesc":"","yoast_wpseo_canonical":""},"_links":{"self":[{"href":"https:\/\/exceladvisor.org\/de\/wp-json\/wp\/v2\/pages\/3146","targetHints":{"allow":["GET"]}}],"collection":[{"href":"https:\/\/exceladvisor.org\/de\/wp-json\/wp\/v2\/pages"}],"about":[{"href":"https:\/\/exceladvisor.org\/de\/wp-json\/wp\/v2\/types\/page"}],"author":[{"embeddable":true,"href":"https:\/\/exceladvisor.org\/de\/wp-json\/wp\/v2\/users\/1"}],"replies":[{"embeddable":true,"href":"https:\/\/exceladvisor.org\/de\/wp-json\/wp\/v2\/comments?post=3146"}],"version-history":[{"count":1,"href":"https:\/\/exceladvisor.org\/de\/wp-json\/wp\/v2\/pages\/3146\/revisions"}],"predecessor-version":[{"id":4093,"href":"https:\/\/exceladvisor.org\/de\/wp-json\/wp\/v2\/pages\/3146\/revisions\/4093"}],"wp:attachment":[{"href":"https:\/\/exceladvisor.org\/de\/wp-json\/wp\/v2\/media?parent=3146"}],"curies":[{"name":"wp","href":"https:\/\/api.w.org\/{rel}","templated":true}]}}