{"id":3147,"date":"2023-11-13T16:20:36","date_gmt":"2023-11-13T16:20:36","guid":{"rendered":"https:\/\/exceladvisor.org\/de\/fuhrende-nullen\/"},"modified":"2023-12-03T11:21:03","modified_gmt":"2023-12-03T11:21:03","slug":"fuhrende-nullen","status":"publish","type":"page","link":"https:\/\/exceladvisor.org\/de\/fuhrende-nullen\/","title":{"rendered":"Wie f\u00fcge ich in excel f\u00fchrende nullen hinzu?"},"content":{"rendered":"<div class=\"excel-vor-dem-inhalt\" id=\"excel-3374035486\"><script type=\"text\/javascript\">\r\n\tatOptions = {\r\n\t\t'key' : 'c1158f160081d6540a8409e6925dab94',\r\n\t\t'format' : 'iframe',\r\n\t\t'height' : 250,\r\n\t\t'width' : 300,\r\n\t\t'params' : {}\r\n\t};\r\n<\/script>\r\n<script type=\"text\/javascript\" src=\"\/\/www.highperformanceformat.com\/c1158f160081d6540a8409e6925dab94\/invoke.js\"><\/script><\/div> <p>Es gibt einige Standardregeln in Excel, die Sie m\u00f6glicherweise st\u00f6ren. Eine dieser Regeln besagt, dass man vor einer Zahl keine Null hinzuf\u00fcgen darf.<\/p><p> Der Grund daf\u00fcr ist, dass eine Null vor einer Zahl keine Bedeutung hat und f\u00fcr die Zahl selbst keinen Wert hat.<\/p><p> Immer wenn Sie versuchen, vor einer Zahl eine Null einzuf\u00fcgen, entfernt Excel diese und Sie erhalten die Zahl nur aus einer reellen Zahl.<\/p><p> Das Problem ist nun folgendes: Es gibt einzigartige Situationen, in denen wir vor einer Zahl eine Null hinzuf\u00fcgen m\u00fcssen und m\u00f6chten, dass die Null dort bleibt.<\/p><p> <span style=\"color: #000000;\">Zum Beispiel<\/span> Telefonnummern, Postleitzahlen, Rechnungsnummern usw.<\/p><p> Deshalb m\u00f6chte ich Ihnen heute in diesem Artikel f\u00fcnf verschiedene Methoden vorstellen, mit denen wir f\u00fchrende Nullen in Excel hinzuf\u00fcgen k\u00f6nnen.<\/p><h2 id=\"h-convert-a-number-into-a-text-for-adding-zeros\" class=\"wp-block-heading\"> Wandeln Sie eine Zahl in Text um, um Nullen hinzuzuf\u00fcgen<\/h2><p> <span style=\"font-size: revert;\">Wenn Sie<\/span> <strong style=\"font-size: revert;\"><span style=\"color: #000000;\">das Format einer Zelle von \u201eZahl\u201c in \u201eText\u201c \u00e4ndern<\/span><\/strong> <span style=\"font-size: revert;\">, k\u00f6nnen Sie problemlos eine f\u00fchrende Null hinzuf\u00fcgen.<\/span><\/p><p> Auf diese Weise behandelt Excel Ihre Zahl nicht als reelle Zahl und entfernt keine Nullen daraus.<\/p><ul><li> W\u00e4hlen Sie die Zellen aus, in denen Sie f\u00fchrende Nullen hinzuf\u00fcgen m\u00f6chten.<\/li><li> Gehen Sie zu Start \u279c Zahl \u279c \u00c4ndern Sie das Zahlenformat in Text. <\/li><\/ul><div class=\"wp-block-image\"><figure class=\"aligncenter\"><img decoding=\"async\" src=\"https:\/\/exceladvisor.org\/wp-content\/uploads\/2023\/08\/Ajouter-des-zeros-non-significatifs-dans-Excel-3-1.gif\" sizes=\"\" srcset=\"\" alt=\"Verwenden des Textformats zum Hinzuf\u00fcgen f\u00fchrender Nullen in Excel vor einer Zahl\"><\/figure><\/div><p> Jetzt k\u00f6nnen Sie ganz einfach Nullen am Anfang von Zahlen hinzuf\u00fcgen. Sie k\u00f6nnen diese Zahlen in keiner Berechnung mehr verwenden, da sie jetzt im Textformat vorliegen.<\/p><h2 id=\"h-use-concatenate-function-to-add-a-zero\" class=\"wp-block-heading\"> Verwenden Sie die Verkettungsfunktion, um eine Null hinzuzuf\u00fcgen<\/h2><p> Wenn Sie vor einer Zahl eine feste Anzahl von Nullen einf\u00fcgen m\u00f6chten, k\u00f6nnen Sie die Verkettungsfunktion verwenden.<\/p><p> Mit der CONCATENATE-Funktion <span style=\"font-size: revert;\">kombinieren Sie Nullen mit reellen Zahlen.<\/span> Sie k\u00f6nnen eine Formel wie die folgende verwenden, um vor Zahlen in einer Zelle eine Null hinzuzuf\u00fcgen. <\/p><pre class=\"wp-block-code\"> <code class=\"language-excel-formula\" lang=\"excel-formula\">=CONCATENATE(\"0\",\"123458\")<\/code><\/pre><div class=\"wp-block-image\"><figure class=\"aligncenter\"><img decoding=\"async\" src=\"https:\/\/exceladvisor.org\/wp-content\/uploads\/2023\/08\/Ajouter-des-zeros-non-significatifs-dans-Excel-4-1.png\" sizes=\"\" srcset=\"\" alt=\"Verwenden der Verkettungsfunktion zum Hinzuf\u00fcgen f\u00fchrender Nullen in Excel vor einer Zahl\"><\/figure><\/div><p class=\"content-box-red\"> Sie k\u00f6nnen diese Zahlen in keiner Berechnung mehr verwenden, da sie jetzt im Textformat vorliegen.<\/p><h2 id=\"h-add-dynamic-leading-zeros-with-rept-function\" class=\"wp-block-heading\"> F\u00fcgen Sie dynamische f\u00fchrende Nullen mit der REPT-Funktion hinzu<\/h2><p> REPT ist eine <a style=\"outline: none; display: inline-block;\" href=\"https:\/\/exceladvisor.org\/de\/excel-funktionen\/\">meiner Lieblings-Excel-Funktionen<\/a> , die Text mehrmals wiederholen kann. Lassen Sie mich Ihnen nun zeigen, wie uns dies helfen kann, einer Zelle eine Null voranzustellen. <\/p><div class=\"wp-block-image\"><figure class=\"aligncenter\"><img decoding=\"async\" src=\"https:\/\/exceladvisor.org\/wp-content\/uploads\/2023\/08\/Ajouter-des-zeros-non-significatifs-dans-Excel-5-1.gif\" sizes=\"\" srcset=\"\" alt=\"Verwenden der REPT-Funktion zum Hinzuf\u00fcgen f\u00fchrender Nullen in Excel vor einer Zahl\"><\/figure><\/div><pre class=\"wp-block-code\"> <code class=\"language-excel-formula\" lang=\"excel-formula\">=REPT(0,7-LEN(B5))&amp;B5<\/code><\/pre><p> Im obigen Beispiel haben wir REPT verwendet, um insgesamt 8 Ziffern in einer Zelle zu erhalten. Wenn eine Zelle 6 Ziffern hat, sind die restlichen 2 Ziffern Null, und wenn eine Zelle 4 Ziffern hat, sind die restlichen 4 Ziffern Null.<\/p><p> Dies ist eine dynamische Formel, um Null vor Zahlen zu erhalten. Sie k\u00f6nnen diese Zahlen in keiner Berechnung mehr verwenden, da sie jetzt im Textformat vorliegen.<\/p><h2 id=\"h-use-text-function-to-add-leading-zeros-format\" class=\"wp-block-heading\"> Verwenden Sie die TEXT-Funktion, um das f\u00fchrende Nullformat hinzuzuf\u00fcgen<\/h2><p> Sie k\u00f6nnen auch die <a href=\"https:\/\/support.office.com\/en-us\/article\/text-functions-reference-cccd86ad-547d-4ea9-a065-7bb697c2a56e\" target=\"_blank\" rel=\"noopener noreferrer\">TEXT-Funktion<\/a> verwenden, um f\u00fchrende Nullen hinzuzuf\u00fcgen. Mit der TEXT-Funktion erhalten Sie das gleiche Ergebnis wie mit dem Textformat. <\/p><pre class=\"wp-block-code\"> <code class=\"language-excel-formula\" lang=\"excel-formula\">=TEXT(B6,\"0000000\")<\/code><\/pre><div class=\"wp-block-image\"><figure class=\"aligncenter\"><img decoding=\"async\" src=\"https:\/\/exceladvisor.org\/wp-content\/uploads\/2023\/08\/Ajouter-des-zeros-non-significatifs-dans-Excel-6-1.gif\" sizes=\"\" srcset=\"\" alt=\"Verwenden der Textfunktion zum Hinzuf\u00fcgen f\u00fchrender Nullen in Excel vor einer Zahl\"><\/figure><\/div><p> Im obigen Beispiel haben wir eine Zahl in einen Text umgewandelt, in dem Sie immer 7 Ziffern erhalten. Wenn Sie 5 Ziffern haben, sind die restlichen Ziffern der 2 am Anfang Nullen.<\/p><p> Beziehen Sie sich in der Textfunktion einfach auf die Zelle, die den Wert und dann das Format hat, wie ich es im obigen Beispiel angegeben habe. Sie k\u00f6nnen diese Zahlen in keiner Berechnung verwenden, da sie jetzt im Textformat vorliegen.<\/p><h2 id=\"h-apply-custom-format-with-leading-zeros\" class=\"wp-block-heading\"> Wenden Sie ein benutzerdefiniertes Format mit f\u00fchrenden Nullen an<\/h2><p> Wenn Sie keine Formeln oder andere Methoden verwenden m\u00f6chten, k\u00f6nnen Sie ein benutzerdefiniertes Format auf eine Zelle anwenden. Ich denke, dass dies die beste Methode ist und <span style=\"color: #000000;\">einen zus\u00e4tzlichen Vorteil gegen\u00fcber allen anderen Methoden bietet<\/span> . <\/p><div class=\"wp-block-image\"><figure class=\"aligncenter\"><img decoding=\"async\" src=\"https:\/\/exceladvisor.org\/wp-content\/uploads\/2023\/08\/Ajouter-des-zeros-non-significatifs-dans-Excel-7-1.png\" sizes=\"\" srcset=\"\" alt=\"Verwenden Sie ein benutzerdefiniertes Format, um f\u00fchrende Nullen in Excel hinzuzuf\u00fcgen\"><\/figure><\/div><ol><li> W\u00e4hlen Sie die Zelle aus, in der Sie Nullen als Pr\u00e4fix hinzuf\u00fcgen m\u00f6chten.<\/li><li> Klicken Sie mit der rechten Maustaste auf \u279c Formatoption oder Sie k\u00f6nnen auch die Tastenkombination Strg+1 verwenden, um das \u201eDialogfeld \u201eZelle formatieren\u201c\u201c zu \u00f6ffnen.<\/li><li> W\u00e4hlen Sie in der Kategorie \u201eBenutzerdefiniert\u201c aus.<\/li><li> Geben Sie im benutzerdefinierten Eingabedialogfeld \u201e0000000\u201c ein.<\/li><li> OK klicken.<\/li><\/ol><p> Im obigen Beispiel haben wir die Zellen mit 7-stelligen Zahlen formatiert, sodass Sie immer 7 Ziffern erhalten. Wenn Sie 5 Ziffern haben, sind die restlichen 2 f\u00fchrende Nullen.<\/p><p> Wenn Sie <a style=\"outline: none;\" href=\"https:\/\/exceladvisor.org\/de\/excel-formelleiste\/\">die Excel-Formelleiste<\/a> \u00fcberpr\u00fcfen, haben Sie den tats\u00e4chlichen Zahlenwert in der Zelle und k\u00f6nnen diese Zahl zur Berechnung verwenden, was bei den anderen Methoden nicht m\u00f6glich ist. <\/p><div class=\"gb-container gb-container-bafb25cc gb-container-download-2\"><div class=\"gb-grid-wrapper gb-grid-wrapper-91201309\"><div class=\"gb-grid-column gb-grid-column-15a917ef\"><div class=\"gb-container gb-container-15a917ef\"><h2 class=\"gb-headline gb-headline-f2deb261 gb-headline-text gb-headline-download-2\"> Holen Sie sich die Excel-Datei <\/h2><\/div><\/div><div class=\"gb-grid-column gb-grid-column-18357188\"><div class=\"gb-container gb-container-18357188\"><div class=\"gb-container gb-container-76cbe15e\"> <a class=\"gb-button gb-button-cb63d00a gb-button-text gb-button-download-2\" href=\"https:\/\/exceladvisor.org\/wp-content\/uploads\/2023\/11\/ajouter-des-zeros-non-significatifs-dans-excel.xlsx\" rel=\"nofollow\">Herunterladen<\/a><\/div><\/div><\/div><\/div><\/div><h2 id=\"h-conclusion\" class=\"wp-block-heading\"> Abschluss<\/h2><p> Meistens m\u00fcssen Sie vor einer Nummer eine Null einf\u00fcgen, wenn es sich um eine bestimmte Art von Nummern handelt, z. B. Rechnungsnummern, Mobiltelefonnummern, Postleitzahlen usw.<\/p><p> Bei normalen Zahlen kommt eine solche Situation nie vor, da wir uns mehr in der Berechnung als im Format befinden.<\/p><p> Aber wenn das passiert, haben Sie jetzt 5 verschiedene Methoden, um damit umzugehen, und ich hoffe, diese Methoden helfen Ihnen, aber jetzt sagen Sie mir eines.<\/p><p> Gibt es eine andere Methode zum Hinzuf\u00fcgen von Nullen vor einer Zahl?<\/p><p> Teilen Sie mir Ihre Gedanken unbedingt im Kommentarbereich mit, ich w\u00fcrde mich freuen, von Ihnen zu h\u00f6ren. Und vergessen Sie bitte nicht, diesen Beitrag mit Ihren Freunden zu teilen, ich bin sicher, sie werden es genie\u00dfen.<\/p><div class=\"gb-container gb-container-0df56012 gb-container-mt\"> <a class=\"gb-button gb-button-f9f432f4 gb-button-text gb-button-mt-button\" href=\"https:\/\/exceladvisor.org\/de\/formeln\/\">Liste der Excel-Formeln<\/a><h2 class=\"gb-headline gb-headline-233444e8 gb-headline-text gb-headline-mt-heading\"> Verwandte Formeln <\/h2><div class=\"gb-grid-wrapper gb-grid-wrapper-a16fa65c gb-grid-wrapper-mt-grid\"><div class=\"gb-grid-column gb-grid-column-50d07e0d\"><div class=\"gb-container gb-container-50d07e0d\"><ul><li> <a href=\"https:\/\/exceladvisor.org\/de\/neue-zeile-in-der-zelle\/\">Eine neue Zeile zu einer Zelle in Excel hinzuf\u00fcgen (Zeilenumbruch)<\/a><\/li><li> <a href=\"https:\/\/exceladvisor.org\/de\/verketten-sie-zellen-mit-einem-komma\/\">Verketten (kombinieren) Sie Zellen in Excel mit einem Komma<\/a><\/li><li> <a href=\"https:\/\/exceladvisor.org\/de\/eine-reihe-von-zellen-verketten\/\">Verketten (kombinieren) Sie einen Bereich von Zellen in Excel<\/a><\/li><li> <a href=\"https:\/\/exceladvisor.org\/de\/einen-zeilenumbruch-verketten\/\">Mit Zeilenumbruch in Excel verketten<\/a> <\/li><\/ul><\/div><\/div><div class=\"gb-grid-column gb-grid-column-5b4a0cf9\"><div class=\"gb-container gb-container-5b4a0cf9\"><\/div><\/div><\/div><\/div>","protected":false},"excerpt":{"rendered":"","protected":false},"author":1,"featured_media":0,"parent":0,"menu_order":0,"comment_status":"open","ping_status":"closed","template":"","meta":{"ub_ctt_via":"","footnotes":""},"class_list":["post-3147","page","type-page","status-publish","hentry"],"featured_image_src":null,"yoast_head":"<!-- This site is optimized with the Yoast SEO plugin v25.4 - https:\/\/yoast.com\/wordpress\/plugins\/seo\/ -->\n<title>\u25b7 Wie f\u00fcge ich f\u00fchrende Nullen in Excel hinzu?<\/title>\n<meta name=\"description\" content=\"Es gibt ein paar Standardregeln in Excel, die Sie m\u00f6glicherweise st\u00f6ren. Und eine dieser Regeln besagt, dass man keine Null hinzuf\u00fcgen darf\" \/>\n<meta name=\"robots\" content=\"index, follow, max-snippet:-1, max-image-preview:large, max-video-preview:-1\" \/>\n<link rel=\"canonical\" href=\"https:\/\/exceladvisor.org\/de\/fuhrende-nullen\/\" \/>\n<meta property=\"og:locale\" content=\"de_DE\" \/>\n<meta property=\"og:type\" content=\"article\" \/>\n<meta property=\"og:title\" content=\"\u25b7 Wie f\u00fcge ich f\u00fchrende Nullen in Excel hinzu?\" \/>\n<meta property=\"og:description\" content=\"Es gibt ein paar Standardregeln in Excel, die Sie m\u00f6glicherweise st\u00f6ren. Und eine dieser Regeln besagt, dass man keine Null hinzuf\u00fcgen darf\" \/>\n<meta property=\"og:url\" content=\"https:\/\/exceladvisor.org\/de\/fuhrende-nullen\/\" \/>\n<meta property=\"og:site_name\" content=\"Excel Advisor\" \/>\n<meta property=\"article:modified_time\" content=\"2023-12-03T11:21:03+00:00\" \/>\n<meta property=\"og:image\" content=\"https:\/\/exceladvisor.org\/wp-content\/uploads\/2023\/08\/Ajouter-des-zeros-non-significatifs-dans-Excel-3-1.gif\" \/>\n<meta name=\"twitter:card\" content=\"summary_large_image\" \/>\n<meta name=\"twitter:label1\" content=\"Gesch\u00e4tzte Lesezeit\" \/>\n\t<meta name=\"twitter:data1\" content=\"4\u00a0Minuten\" \/>\n<script type=\"application\/ld+json\" class=\"yoast-schema-graph\">{\"@context\":\"https:\/\/schema.org\",\"@graph\":[{\"@type\":\"WebPage\",\"@id\":\"https:\/\/exceladvisor.org\/de\/fuhrende-nullen\/\",\"url\":\"https:\/\/exceladvisor.org\/de\/fuhrende-nullen\/\",\"name\":\"\u25b7 Wie f\u00fcge ich f\u00fchrende Nullen in Excel hinzu?\",\"isPartOf\":{\"@id\":\"https:\/\/exceladvisor.org\/de\/#website\"},\"primaryImageOfPage\":{\"@id\":\"https:\/\/exceladvisor.org\/de\/fuhrende-nullen\/#primaryimage\"},\"image\":{\"@id\":\"https:\/\/exceladvisor.org\/de\/fuhrende-nullen\/#primaryimage\"},\"thumbnailUrl\":\"https:\/\/exceladvisor.org\/wp-content\/uploads\/2023\/08\/Ajouter-des-zeros-non-significatifs-dans-Excel-3-1.gif\",\"datePublished\":\"2023-11-13T16:20:36+00:00\",\"dateModified\":\"2023-12-03T11:21:03+00:00\",\"description\":\"Es gibt ein paar Standardregeln in Excel, die Sie m\u00f6glicherweise st\u00f6ren. Und eine dieser Regeln besagt, dass man keine Null hinzuf\u00fcgen darf\",\"breadcrumb\":{\"@id\":\"https:\/\/exceladvisor.org\/de\/fuhrende-nullen\/#breadcrumb\"},\"inLanguage\":\"de\",\"potentialAction\":[{\"@type\":\"ReadAction\",\"target\":[\"https:\/\/exceladvisor.org\/de\/fuhrende-nullen\/\"]}]},{\"@type\":\"ImageObject\",\"inLanguage\":\"de\",\"@id\":\"https:\/\/exceladvisor.org\/de\/fuhrende-nullen\/#primaryimage\",\"url\":\"https:\/\/exceladvisor.org\/wp-content\/uploads\/2023\/08\/Ajouter-des-zeros-non-significatifs-dans-Excel-3-1.gif\",\"contentUrl\":\"https:\/\/exceladvisor.org\/wp-content\/uploads\/2023\/08\/Ajouter-des-zeros-non-significatifs-dans-Excel-3-1.gif\"},{\"@type\":\"BreadcrumbList\",\"@id\":\"https:\/\/exceladvisor.org\/de\/fuhrende-nullen\/#breadcrumb\",\"itemListElement\":[{\"@type\":\"ListItem\",\"position\":1,\"name\":\"Accueil\",\"item\":\"https:\/\/exceladvisor.org\/de\/\"},{\"@type\":\"ListItem\",\"position\":2,\"name\":\"Wie f\u00fcge ich in excel f\u00fchrende nullen hinzu?\"}]},{\"@type\":\"WebSite\",\"@id\":\"https:\/\/exceladvisor.org\/de\/#website\",\"url\":\"https:\/\/exceladvisor.org\/de\/\",\"name\":\"Excel Advisor\",\"description\":\"Ihr Leitfaden zur Datendominanz\",\"publisher\":{\"@id\":\"https:\/\/exceladvisor.org\/de\/#organization\"},\"potentialAction\":[{\"@type\":\"SearchAction\",\"target\":{\"@type\":\"EntryPoint\",\"urlTemplate\":\"https:\/\/exceladvisor.org\/de\/?s={search_term_string}\"},\"query-input\":{\"@type\":\"PropertyValueSpecification\",\"valueRequired\":true,\"valueName\":\"search_term_string\"}}],\"inLanguage\":\"de\"},{\"@type\":\"Organization\",\"@id\":\"https:\/\/exceladvisor.org\/de\/#organization\",\"name\":\"Excel Advisor\",\"url\":\"https:\/\/exceladvisor.org\/de\/\",\"logo\":{\"@type\":\"ImageObject\",\"inLanguage\":\"de\",\"@id\":\"https:\/\/exceladvisor.org\/de\/#\/schema\/logo\/image\/\",\"url\":\"https:\/\/exceladvisor.org\/de\/wp-content\/uploads\/2023\/11\/exceladvisor.org_.png\",\"contentUrl\":\"https:\/\/exceladvisor.org\/de\/wp-content\/uploads\/2023\/11\/exceladvisor.org_.png\",\"width\":105,\"height\":36,\"caption\":\"Excel Advisor\"},\"image\":{\"@id\":\"https:\/\/exceladvisor.org\/de\/#\/schema\/logo\/image\/\"}}]}<\/script>\n<!-- \/ Yoast SEO plugin. -->","yoast_head_json":{"title":"\u25b7 Wie f\u00fcge ich f\u00fchrende Nullen in Excel hinzu?","description":"Es gibt ein paar Standardregeln in Excel, die Sie m\u00f6glicherweise st\u00f6ren. Und eine dieser Regeln besagt, dass man keine Null hinzuf\u00fcgen darf","robots":{"index":"index","follow":"follow","max-snippet":"max-snippet:-1","max-image-preview":"max-image-preview:large","max-video-preview":"max-video-preview:-1"},"canonical":"https:\/\/exceladvisor.org\/de\/fuhrende-nullen\/","og_locale":"de_DE","og_type":"article","og_title":"\u25b7 Wie f\u00fcge ich f\u00fchrende Nullen in Excel hinzu?","og_description":"Es gibt ein paar Standardregeln in Excel, die Sie m\u00f6glicherweise st\u00f6ren. Und eine dieser Regeln besagt, dass man keine Null hinzuf\u00fcgen darf","og_url":"https:\/\/exceladvisor.org\/de\/fuhrende-nullen\/","og_site_name":"Excel Advisor","article_modified_time":"2023-12-03T11:21:03+00:00","og_image":[{"url":"https:\/\/exceladvisor.org\/wp-content\/uploads\/2023\/08\/Ajouter-des-zeros-non-significatifs-dans-Excel-3-1.gif","type":"","width":"","height":""}],"twitter_card":"summary_large_image","twitter_misc":{"Gesch\u00e4tzte Lesezeit":"4\u00a0Minuten"},"schema":{"@context":"https:\/\/schema.org","@graph":[{"@type":"WebPage","@id":"https:\/\/exceladvisor.org\/de\/fuhrende-nullen\/","url":"https:\/\/exceladvisor.org\/de\/fuhrende-nullen\/","name":"\u25b7 Wie f\u00fcge ich f\u00fchrende Nullen in Excel hinzu?","isPartOf":{"@id":"https:\/\/exceladvisor.org\/de\/#website"},"primaryImageOfPage":{"@id":"https:\/\/exceladvisor.org\/de\/fuhrende-nullen\/#primaryimage"},"image":{"@id":"https:\/\/exceladvisor.org\/de\/fuhrende-nullen\/#primaryimage"},"thumbnailUrl":"https:\/\/exceladvisor.org\/wp-content\/uploads\/2023\/08\/Ajouter-des-zeros-non-significatifs-dans-Excel-3-1.gif","datePublished":"2023-11-13T16:20:36+00:00","dateModified":"2023-12-03T11:21:03+00:00","description":"Es gibt ein paar Standardregeln in Excel, die Sie m\u00f6glicherweise st\u00f6ren. Und eine dieser Regeln besagt, dass man keine Null hinzuf\u00fcgen darf","breadcrumb":{"@id":"https:\/\/exceladvisor.org\/de\/fuhrende-nullen\/#breadcrumb"},"inLanguage":"de","potentialAction":[{"@type":"ReadAction","target":["https:\/\/exceladvisor.org\/de\/fuhrende-nullen\/"]}]},{"@type":"ImageObject","inLanguage":"de","@id":"https:\/\/exceladvisor.org\/de\/fuhrende-nullen\/#primaryimage","url":"https:\/\/exceladvisor.org\/wp-content\/uploads\/2023\/08\/Ajouter-des-zeros-non-significatifs-dans-Excel-3-1.gif","contentUrl":"https:\/\/exceladvisor.org\/wp-content\/uploads\/2023\/08\/Ajouter-des-zeros-non-significatifs-dans-Excel-3-1.gif"},{"@type":"BreadcrumbList","@id":"https:\/\/exceladvisor.org\/de\/fuhrende-nullen\/#breadcrumb","itemListElement":[{"@type":"ListItem","position":1,"name":"Accueil","item":"https:\/\/exceladvisor.org\/de\/"},{"@type":"ListItem","position":2,"name":"Wie f\u00fcge ich in excel f\u00fchrende nullen hinzu?"}]},{"@type":"WebSite","@id":"https:\/\/exceladvisor.org\/de\/#website","url":"https:\/\/exceladvisor.org\/de\/","name":"Excel Advisor","description":"Ihr Leitfaden zur Datendominanz","publisher":{"@id":"https:\/\/exceladvisor.org\/de\/#organization"},"potentialAction":[{"@type":"SearchAction","target":{"@type":"EntryPoint","urlTemplate":"https:\/\/exceladvisor.org\/de\/?s={search_term_string}"},"query-input":{"@type":"PropertyValueSpecification","valueRequired":true,"valueName":"search_term_string"}}],"inLanguage":"de"},{"@type":"Organization","@id":"https:\/\/exceladvisor.org\/de\/#organization","name":"Excel Advisor","url":"https:\/\/exceladvisor.org\/de\/","logo":{"@type":"ImageObject","inLanguage":"de","@id":"https:\/\/exceladvisor.org\/de\/#\/schema\/logo\/image\/","url":"https:\/\/exceladvisor.org\/de\/wp-content\/uploads\/2023\/11\/exceladvisor.org_.png","contentUrl":"https:\/\/exceladvisor.org\/de\/wp-content\/uploads\/2023\/11\/exceladvisor.org_.png","width":105,"height":36,"caption":"Excel Advisor"},"image":{"@id":"https:\/\/exceladvisor.org\/de\/#\/schema\/logo\/image\/"}}]}},"yoast_meta":{"yoast_wpseo_title":"","yoast_wpseo_metadesc":"","yoast_wpseo_canonical":""},"_links":{"self":[{"href":"https:\/\/exceladvisor.org\/de\/wp-json\/wp\/v2\/pages\/3147","targetHints":{"allow":["GET"]}}],"collection":[{"href":"https:\/\/exceladvisor.org\/de\/wp-json\/wp\/v2\/pages"}],"about":[{"href":"https:\/\/exceladvisor.org\/de\/wp-json\/wp\/v2\/types\/page"}],"author":[{"embeddable":true,"href":"https:\/\/exceladvisor.org\/de\/wp-json\/wp\/v2\/users\/1"}],"replies":[{"embeddable":true,"href":"https:\/\/exceladvisor.org\/de\/wp-json\/wp\/v2\/comments?post=3147"}],"version-history":[{"count":1,"href":"https:\/\/exceladvisor.org\/de\/wp-json\/wp\/v2\/pages\/3147\/revisions"}],"predecessor-version":[{"id":4043,"href":"https:\/\/exceladvisor.org\/de\/wp-json\/wp\/v2\/pages\/3147\/revisions\/4043"}],"wp:attachment":[{"href":"https:\/\/exceladvisor.org\/de\/wp-json\/wp\/v2\/media?parent=3147"}],"curies":[{"name":"wp","href":"https:\/\/api.w.org\/{rel}","templated":true}]}}