{"id":3152,"date":"2023-11-12T18:51:05","date_gmt":"2023-11-12T18:51:05","guid":{"rendered":"https:\/\/exceladvisor.org\/de\/bewertung-in-sternen\/"},"modified":"2023-12-03T11:19:49","modified_gmt":"2023-12-03T11:19:49","slug":"bewertung-in-sternen","status":"publish","type":"page","link":"https:\/\/exceladvisor.org\/de\/bewertung-in-sternen\/","title":{"rendered":"Wie erstelle ich eine sternebewertungsvorlage in excel?"},"content":{"rendered":"<div class=\"excel-vor-dem-inhalt\" id=\"excel-2606912487\"><script type=\"text\/javascript\">\r\n\tatOptions = {\r\n\t\t'key' : 'c1158f160081d6540a8409e6925dab94',\r\n\t\t'format' : 'iframe',\r\n\t\t'height' : 250,\r\n\t\t'width' : 300,\r\n\t\t'params' : {}\r\n\t};\r\n<\/script>\r\n<script type=\"text\/javascript\" src=\"\/\/www.highperformanceformat.com\/c1158f160081d6540a8409e6925dab94\/invoke.js\"><\/script><\/div> <p class=\"has-text-align-left\">Hier ist ein kurzer Tipp, der Ihnen beim Erstellen einer Sternebewertungsvorlage in Excel hilft. Um diese Sternebewertungsvorlage zu erstellen, ben\u00f6tigen Sie lediglich die REPT-Funktion. Die REPT-Funktion ist n\u00fctzlich, wenn Sie einen bestimmten Text eine bestimmte Anzahl von Malen wiederholen m\u00f6chten.<\/p><h2 id=\"h-steps-to-create-a-star-rating-template\" class=\"wp-block-heading\"> Schritte zum Erstellen einer Sternebewertungsvorlage<\/h2><ol><li> F\u00fcgen Sie zwei verschiedene Arten von Sternen (\u2606\u2605) in Ihre Tabelle ein und platzieren Sie sie in zwei verschiedenen Zellen.<\/li><li> F\u00fcgen Sie f\u00fcnf Optionsschaltfl\u00e4chen (Formularsteuerung) aus der Registerkarte \u201eEntwickler\u201c ein. Und erstellen Sie einen einzigen Zellenlink f\u00fcr alle Schaltfl\u00e4chen. Platzieren Sie sie in f\u00fcnf Zellen in vertikaler Richtung.<\/li><li> F\u00fchren Sie 5 Zellen zusammen, nur eine Spalte davor, wo Sie Schaltfl\u00e4chen haben.<\/li><li> Geben Sie \u201e=REPT(H11,5-K11)&amp;REPT(I11,K11)\u201c in die verbundene Zelle ein.<\/li><li> \u00c4ndern Sie die Textausrichtung der Zelle in vertikalen Text und \u00e4ndern Sie dann die Textausrichtung in die Mitte und den unteren Rand.<\/li><\/ol><p> Ihr Modell ist fertig. <\/p><div class=\"wp-block-image\"><figure class=\"aligncenter\"><img decoding=\"async\" src=\"https:\/\/exceladvisor.org\/wp-content\/uploads\/2023\/08\/modele-devaluation-par-etoiles-dans-excel.gif\" sizes=\"\" srcset=\"\" alt=\"Sterne-Bewertungsvorlage in Excel\"><\/figure><\/div><h2 id=\"h-how-it-works\" class=\"wp-block-heading\"> Wie es funktioniert<\/h2><p> Der erste Teil der Formel liefert Ihnen die beschriebenen Sterne. Wenn Sie beispielsweise auf eine 3-Sterne-Bewertung klicken, werden die restlichen beiden Sterne im Plan vergeben.<\/p><p> Der zweite Teil der Formel ergibt gef\u00fcllte Sterne. Wenn Sie beispielsweise auf die 4-Sterne-Bewertung klicken, erhalten Sie 4 ausgef\u00fcllte Sterne.<\/p><p class=\"content-box-green\"> Sie k\u00f6nnen Symbole auch in die Formel selbst einf\u00fcgen oder nach Belieben auch andere Arten von Symbolen verwenden. <\/p><div class=\"gb-container gb-container-bafb25cc gb-container-download-2\"><div class=\"gb-grid-wrapper gb-grid-wrapper-91201309\"><div class=\"gb-grid-column gb-grid-column-15a917ef\"><div class=\"gb-container gb-container-15a917ef\"><h2 class=\"gb-headline gb-headline-f2deb261 gb-headline-text gb-headline-download-2\"> Holen Sie sich die Excel-Datei <\/h2><\/div><\/div><div class=\"gb-grid-column gb-grid-column-18357188\"><div class=\"gb-container gb-container-18357188\"><div class=\"gb-container gb-container-76cbe15e\"> <a class=\"gb-button gb-button-cb63d00a gb-button-text gb-button-download-2\" href=\"https:\/\/exceladvisor.org\/wp-content\/uploads\/2023\/11\/modele-devaluation-par-etoiles-excel-2.xlsx\" rel=\"nofollow\">Herunterladen<\/a><\/div><\/div><\/div><\/div><\/div><div class=\"gb-container gb-container-0df56012 gb-container-mt\"> <a class=\"gb-button gb-button-f9f432f4 gb-button-text gb-button-mt-button\" href=\"https:\/\/exceladvisor.org\/de\/formeln\/\">Liste der Excel-Formeln<\/a><h2 class=\"gb-headline gb-headline-233444e8 gb-headline-text gb-headline-mt-heading\"> Verwandte Formeln <\/h2><div class=\"gb-grid-wrapper gb-grid-wrapper-a16fa65c gb-grid-wrapper-mt-grid\"><div class=\"gb-grid-column gb-grid-column-50d07e0d\"><div class=\"gb-container gb-container-50d07e0d\"><ul><li> <a href=\"https:\/\/exceladvisor.org\/de\/horizontaler-filter\/\">Erstellen Sie in Excel einen horizontalen Filter<\/a><\/li><li> <a href=\"https:\/\/exceladvisor.org\/de\/dateinamen-abrufen\/\">Dateinamen in Excel abrufen<\/a><\/li><li> <a href=\"https:\/\/exceladvisor.org\/de\/holen-sie-sich-den-blattnamen\/\">Blattnamen in Excel abrufen<\/a><\/li><li> <a href=\"https:\/\/exceladvisor.org\/de\/generiere-zufallige-buchstaben\/\">Generieren Sie schnell zuf\u00e4llige Buchstaben in Excel<\/a><\/li><li> <a href=\"https:\/\/exceladvisor.org\/de\/randomisieren-sie-die-liste\/\">Randomisieren Sie eine Liste (zuf\u00e4llige Sortierung) in Excel<\/a><\/li><\/ul><\/div><\/div><\/div><\/div>","protected":false},"excerpt":{"rendered":"","protected":false},"author":1,"featured_media":0,"parent":0,"menu_order":0,"comment_status":"open","ping_status":"closed","template":"","meta":{"ub_ctt_via":"","footnotes":""},"class_list":["post-3152","page","type-page","status-publish","hentry"],"featured_image_src":null,"yoast_head":"<!-- This site is optimized with the Yoast SEO plugin v25.4 - https:\/\/yoast.com\/wordpress\/plugins\/seo\/ -->\n<title>Wie erstelle ich eine Sternebewertungsvorlage in Excel?<\/title>\n<meta name=\"description\" content=\"Die REPT-Funktion ist n\u00fctzlich, wenn Sie einen bestimmten Text mehrmals wiederholen m\u00f6chten. Und heute werden wir diese Formel verwenden, um ein Sternebewertungsmodell zu erstellen.\" \/>\n<meta name=\"robots\" content=\"index, follow, max-snippet:-1, max-image-preview:large, max-video-preview:-1\" \/>\n<link rel=\"canonical\" href=\"https:\/\/exceladvisor.org\/de\/bewertung-in-sternen\/\" \/>\n<meta property=\"og:locale\" content=\"de_DE\" \/>\n<meta property=\"og:type\" content=\"article\" \/>\n<meta property=\"og:title\" content=\"Wie erstelle ich eine Sternebewertungsvorlage in Excel?\" \/>\n<meta property=\"og:description\" content=\"Die REPT-Funktion ist n\u00fctzlich, wenn Sie einen bestimmten Text mehrmals wiederholen m\u00f6chten. Und heute werden wir diese Formel verwenden, um ein Sternebewertungsmodell zu erstellen.\" \/>\n<meta property=\"og:url\" content=\"https:\/\/exceladvisor.org\/de\/bewertung-in-sternen\/\" \/>\n<meta property=\"og:site_name\" content=\"Excel Advisor\" \/>\n<meta property=\"article:modified_time\" content=\"2023-12-03T11:19:49+00:00\" \/>\n<meta property=\"og:image\" content=\"https:\/\/exceladvisor.org\/wp-content\/uploads\/2023\/08\/modele-devaluation-par-etoiles-dans-excel.gif\" \/>\n<meta name=\"twitter:card\" content=\"summary_large_image\" \/>\n<meta name=\"twitter:label1\" content=\"Gesch\u00e4tzte Lesezeit\" \/>\n\t<meta name=\"twitter:data1\" content=\"1\u00a0Minute\" \/>\n<script type=\"application\/ld+json\" class=\"yoast-schema-graph\">{\"@context\":\"https:\/\/schema.org\",\"@graph\":[{\"@type\":\"WebPage\",\"@id\":\"https:\/\/exceladvisor.org\/de\/bewertung-in-sternen\/\",\"url\":\"https:\/\/exceladvisor.org\/de\/bewertung-in-sternen\/\",\"name\":\"Wie erstelle ich eine Sternebewertungsvorlage in Excel?\",\"isPartOf\":{\"@id\":\"https:\/\/exceladvisor.org\/de\/#website\"},\"primaryImageOfPage\":{\"@id\":\"https:\/\/exceladvisor.org\/de\/bewertung-in-sternen\/#primaryimage\"},\"image\":{\"@id\":\"https:\/\/exceladvisor.org\/de\/bewertung-in-sternen\/#primaryimage\"},\"thumbnailUrl\":\"https:\/\/exceladvisor.org\/wp-content\/uploads\/2023\/08\/modele-devaluation-par-etoiles-dans-excel.gif\",\"datePublished\":\"2023-11-12T18:51:05+00:00\",\"dateModified\":\"2023-12-03T11:19:49+00:00\",\"description\":\"Die REPT-Funktion ist n\u00fctzlich, wenn Sie einen bestimmten Text mehrmals wiederholen m\u00f6chten. Und heute werden wir diese Formel verwenden, um ein Sternebewertungsmodell zu erstellen.\",\"breadcrumb\":{\"@id\":\"https:\/\/exceladvisor.org\/de\/bewertung-in-sternen\/#breadcrumb\"},\"inLanguage\":\"de\",\"potentialAction\":[{\"@type\":\"ReadAction\",\"target\":[\"https:\/\/exceladvisor.org\/de\/bewertung-in-sternen\/\"]}]},{\"@type\":\"ImageObject\",\"inLanguage\":\"de\",\"@id\":\"https:\/\/exceladvisor.org\/de\/bewertung-in-sternen\/#primaryimage\",\"url\":\"https:\/\/exceladvisor.org\/wp-content\/uploads\/2023\/08\/modele-devaluation-par-etoiles-dans-excel.gif\",\"contentUrl\":\"https:\/\/exceladvisor.org\/wp-content\/uploads\/2023\/08\/modele-devaluation-par-etoiles-dans-excel.gif\"},{\"@type\":\"BreadcrumbList\",\"@id\":\"https:\/\/exceladvisor.org\/de\/bewertung-in-sternen\/#breadcrumb\",\"itemListElement\":[{\"@type\":\"ListItem\",\"position\":1,\"name\":\"Accueil\",\"item\":\"https:\/\/exceladvisor.org\/de\/\"},{\"@type\":\"ListItem\",\"position\":2,\"name\":\"Wie erstelle ich eine sternebewertungsvorlage in excel?\"}]},{\"@type\":\"WebSite\",\"@id\":\"https:\/\/exceladvisor.org\/de\/#website\",\"url\":\"https:\/\/exceladvisor.org\/de\/\",\"name\":\"Excel Advisor\",\"description\":\"Ihr Leitfaden zur Datendominanz\",\"publisher\":{\"@id\":\"https:\/\/exceladvisor.org\/de\/#organization\"},\"potentialAction\":[{\"@type\":\"SearchAction\",\"target\":{\"@type\":\"EntryPoint\",\"urlTemplate\":\"https:\/\/exceladvisor.org\/de\/?s={search_term_string}\"},\"query-input\":{\"@type\":\"PropertyValueSpecification\",\"valueRequired\":true,\"valueName\":\"search_term_string\"}}],\"inLanguage\":\"de\"},{\"@type\":\"Organization\",\"@id\":\"https:\/\/exceladvisor.org\/de\/#organization\",\"name\":\"Excel Advisor\",\"url\":\"https:\/\/exceladvisor.org\/de\/\",\"logo\":{\"@type\":\"ImageObject\",\"inLanguage\":\"de\",\"@id\":\"https:\/\/exceladvisor.org\/de\/#\/schema\/logo\/image\/\",\"url\":\"https:\/\/exceladvisor.org\/de\/wp-content\/uploads\/2023\/11\/exceladvisor.org_.png\",\"contentUrl\":\"https:\/\/exceladvisor.org\/de\/wp-content\/uploads\/2023\/11\/exceladvisor.org_.png\",\"width\":105,\"height\":36,\"caption\":\"Excel Advisor\"},\"image\":{\"@id\":\"https:\/\/exceladvisor.org\/de\/#\/schema\/logo\/image\/\"}}]}<\/script>\n<!-- \/ Yoast SEO plugin. -->","yoast_head_json":{"title":"Wie erstelle ich eine Sternebewertungsvorlage in Excel?","description":"Die REPT-Funktion ist n\u00fctzlich, wenn Sie einen bestimmten Text mehrmals wiederholen m\u00f6chten. Und heute werden wir diese Formel verwenden, um ein Sternebewertungsmodell zu erstellen.","robots":{"index":"index","follow":"follow","max-snippet":"max-snippet:-1","max-image-preview":"max-image-preview:large","max-video-preview":"max-video-preview:-1"},"canonical":"https:\/\/exceladvisor.org\/de\/bewertung-in-sternen\/","og_locale":"de_DE","og_type":"article","og_title":"Wie erstelle ich eine Sternebewertungsvorlage in Excel?","og_description":"Die REPT-Funktion ist n\u00fctzlich, wenn Sie einen bestimmten Text mehrmals wiederholen m\u00f6chten. Und heute werden wir diese Formel verwenden, um ein Sternebewertungsmodell zu erstellen.","og_url":"https:\/\/exceladvisor.org\/de\/bewertung-in-sternen\/","og_site_name":"Excel Advisor","article_modified_time":"2023-12-03T11:19:49+00:00","og_image":[{"url":"https:\/\/exceladvisor.org\/wp-content\/uploads\/2023\/08\/modele-devaluation-par-etoiles-dans-excel.gif","type":"","width":"","height":""}],"twitter_card":"summary_large_image","twitter_misc":{"Gesch\u00e4tzte Lesezeit":"1\u00a0Minute"},"schema":{"@context":"https:\/\/schema.org","@graph":[{"@type":"WebPage","@id":"https:\/\/exceladvisor.org\/de\/bewertung-in-sternen\/","url":"https:\/\/exceladvisor.org\/de\/bewertung-in-sternen\/","name":"Wie erstelle ich eine Sternebewertungsvorlage in Excel?","isPartOf":{"@id":"https:\/\/exceladvisor.org\/de\/#website"},"primaryImageOfPage":{"@id":"https:\/\/exceladvisor.org\/de\/bewertung-in-sternen\/#primaryimage"},"image":{"@id":"https:\/\/exceladvisor.org\/de\/bewertung-in-sternen\/#primaryimage"},"thumbnailUrl":"https:\/\/exceladvisor.org\/wp-content\/uploads\/2023\/08\/modele-devaluation-par-etoiles-dans-excel.gif","datePublished":"2023-11-12T18:51:05+00:00","dateModified":"2023-12-03T11:19:49+00:00","description":"Die REPT-Funktion ist n\u00fctzlich, wenn Sie einen bestimmten Text mehrmals wiederholen m\u00f6chten. Und heute werden wir diese Formel verwenden, um ein Sternebewertungsmodell zu erstellen.","breadcrumb":{"@id":"https:\/\/exceladvisor.org\/de\/bewertung-in-sternen\/#breadcrumb"},"inLanguage":"de","potentialAction":[{"@type":"ReadAction","target":["https:\/\/exceladvisor.org\/de\/bewertung-in-sternen\/"]}]},{"@type":"ImageObject","inLanguage":"de","@id":"https:\/\/exceladvisor.org\/de\/bewertung-in-sternen\/#primaryimage","url":"https:\/\/exceladvisor.org\/wp-content\/uploads\/2023\/08\/modele-devaluation-par-etoiles-dans-excel.gif","contentUrl":"https:\/\/exceladvisor.org\/wp-content\/uploads\/2023\/08\/modele-devaluation-par-etoiles-dans-excel.gif"},{"@type":"BreadcrumbList","@id":"https:\/\/exceladvisor.org\/de\/bewertung-in-sternen\/#breadcrumb","itemListElement":[{"@type":"ListItem","position":1,"name":"Accueil","item":"https:\/\/exceladvisor.org\/de\/"},{"@type":"ListItem","position":2,"name":"Wie erstelle ich eine sternebewertungsvorlage in excel?"}]},{"@type":"WebSite","@id":"https:\/\/exceladvisor.org\/de\/#website","url":"https:\/\/exceladvisor.org\/de\/","name":"Excel Advisor","description":"Ihr Leitfaden zur Datendominanz","publisher":{"@id":"https:\/\/exceladvisor.org\/de\/#organization"},"potentialAction":[{"@type":"SearchAction","target":{"@type":"EntryPoint","urlTemplate":"https:\/\/exceladvisor.org\/de\/?s={search_term_string}"},"query-input":{"@type":"PropertyValueSpecification","valueRequired":true,"valueName":"search_term_string"}}],"inLanguage":"de"},{"@type":"Organization","@id":"https:\/\/exceladvisor.org\/de\/#organization","name":"Excel Advisor","url":"https:\/\/exceladvisor.org\/de\/","logo":{"@type":"ImageObject","inLanguage":"de","@id":"https:\/\/exceladvisor.org\/de\/#\/schema\/logo\/image\/","url":"https:\/\/exceladvisor.org\/de\/wp-content\/uploads\/2023\/11\/exceladvisor.org_.png","contentUrl":"https:\/\/exceladvisor.org\/de\/wp-content\/uploads\/2023\/11\/exceladvisor.org_.png","width":105,"height":36,"caption":"Excel Advisor"},"image":{"@id":"https:\/\/exceladvisor.org\/de\/#\/schema\/logo\/image\/"}}]}},"yoast_meta":{"yoast_wpseo_title":"","yoast_wpseo_metadesc":"","yoast_wpseo_canonical":""},"_links":{"self":[{"href":"https:\/\/exceladvisor.org\/de\/wp-json\/wp\/v2\/pages\/3152","targetHints":{"allow":["GET"]}}],"collection":[{"href":"https:\/\/exceladvisor.org\/de\/wp-json\/wp\/v2\/pages"}],"about":[{"href":"https:\/\/exceladvisor.org\/de\/wp-json\/wp\/v2\/types\/page"}],"author":[{"embeddable":true,"href":"https:\/\/exceladvisor.org\/de\/wp-json\/wp\/v2\/users\/1"}],"replies":[{"embeddable":true,"href":"https:\/\/exceladvisor.org\/de\/wp-json\/wp\/v2\/comments?post=3152"}],"version-history":[{"count":1,"href":"https:\/\/exceladvisor.org\/de\/wp-json\/wp\/v2\/pages\/3152\/revisions"}],"predecessor-version":[{"id":3967,"href":"https:\/\/exceladvisor.org\/de\/wp-json\/wp\/v2\/pages\/3152\/revisions\/3967"}],"wp:attachment":[{"href":"https:\/\/exceladvisor.org\/de\/wp-json\/wp\/v2\/media?parent=3152"}],"curies":[{"name":"wp","href":"https:\/\/api.w.org\/{rel}","templated":true}]}}