{"id":3154,"date":"2023-11-12T17:03:14","date_gmt":"2023-11-12T17:03:14","guid":{"rendered":"https:\/\/exceladvisor.org\/de\/dynamischer-diagrammbereich\/"},"modified":"2023-12-03T11:19:52","modified_gmt":"2023-12-03T11:19:52","slug":"dynamischer-diagrammbereich","status":"publish","type":"page","link":"https:\/\/exceladvisor.org\/de\/dynamischer-diagrammbereich\/","title":{"rendered":"Wie erstelle ich einen dynamischen diagrammbereich?"},"content":{"rendered":"<div class=\"excel-vor-dem-inhalt\" id=\"excel-4079356346\"><script type=\"text\/javascript\">\r\n\tatOptions = {\r\n\t\t'key' : 'c1158f160081d6540a8409e6925dab94',\r\n\t\t'format' : 'iframe',\r\n\t\t'height' : 250,\r\n\t\t'width' : 300,\r\n\t\t'params' : {}\r\n\t};\r\n<\/script>\r\n<script type=\"text\/javascript\" src=\"\/\/www.highperformanceformat.com\/c1158f160081d6540a8409e6925dab94\/invoke.js\"><\/script><\/div> <p>Ich habe einen guten Grund f\u00fcr Sie, einen dynamischen Diagrammbereich zu verwenden. Manchmal kommt es vor, dass Sie ein Diagramm erstellen und beim Aktualisieren dessen Bereich manuell \u00e4ndern m\u00fcssen.<\/p><p> Selbst wenn Sie einige Daten l\u00f6schen, m\u00fcssen Sie deren Bereich \u00e4ndern. Vielleicht scheint es, als w\u00e4re die \u00c4nderung eines Diagrammbereichs keine gro\u00dfe Sache. Aber was ist, wenn Sie Ihre Daten h\u00e4ufig aktualisieren m\u00fcssen?<\/p><p> Sie ben\u00f6tigen einen dynamischen Grafikumfang.<\/p><h2 class=\"wp-block-heading\"> Sind Sie sicher, dass Sie einen dynamischen Diagrammbereich ben\u00f6tigen?<\/h2><p> Ja, 100 %. Also gut, lass mich dir etwas zeigen. <\/p><div class=\"wp-block-image\"><figure class=\"aligncenter\"><img decoding=\"async\" src=\"https:\/\/exceladvisor.org\/wp-content\/uploads\/2023\/08\/comment-creer-une-plage-de-graphique-dynamique-dans-le-tableau-des-montants-mensuels-Excel-1.png\" sizes=\"\" srcset=\"\" alt=\"So erstellen Sie einen dynamischen Diagrammbereich in einer Excel-Tabelle mit monatlichen Betr\u00e4gen\"><\/figure><\/div><p> Unten sehen Sie ein Diagramm mit dem monatlichen Betrag. Wenn Sie den Betrag f\u00fcr Juni hinzuf\u00fcgen, sind die Diagrammwerte gleich, es gibt keine \u00c4nderung. Jetzt m\u00fcssen Sie den Diagrammbereich manuell aktualisieren, um Jun in das Diagramm aufzunehmen. Was denken Sie, ist die Verwendung eines dynamischen Grafikbereichs eine Zeitersparnis?<\/p><h2 id=\"1\" class=\"wp-block-heading\"> Verwenden der Datentabelle f\u00fcr den dynamischen Diagrammbereich<\/h2><p> Wenn Sie Excel Version 2007 oder h\u00f6her verwenden, ist <a href=\"https:\/\/www.ablebits.com\/office-addins-blog\/2011\/09\/23\/excel-tables-ranges\/\" target=\"_blank\" rel=\"noopener noreferrer\">die Verwendung einer Datentabelle anstelle eines normalen Bereichs<\/a> die beste L\u00f6sung.<\/p><p> Alles, was Sie tun m\u00fcssen, ist, Ihren normalen Bereich in eine Tabelle umzuwandeln <span class=\"su-highlight\" style=\"background: #f8de7e; color: #3a3a3a;\"><strong>(verwenden Sie die Tastenkombination Strg + T)<\/strong><\/span> und diese Tabelle dann zum Erstellen eines Diagramms zu verwenden. Jetzt wird jedes Mal, wenn Sie Daten zu Ihrer Tabelle hinzuf\u00fcgen, auch das Diagramm automatisch aktualisiert. <\/p><div class=\"wp-block-image\"><figure class=\"aligncenter\"><img decoding=\"async\" src=\"https:\/\/exceladvisor.org\/wp-content\/uploads\/2023\/08\/comment-creer-une-plage-de-graphiques-dynamiques-dans-Excel-a-laide-des-donnees-de-mise-a-jour-de-la-table-de-donnees-1.gif\" sizes=\"\" srcset=\"\" alt=\"So erstellen Sie einen dynamischen Diagrammbereich in Excel mithilfe von Datentabellenaktualisierungsdaten\"><\/figure><\/div><p> Wenn ich in der Tabelle oben den Betrag f\u00fcr Juni hinzugef\u00fcgt habe, wird die Tabelle automatisch aktualisiert. Der einzige Grund, warum Sie die folgende Methode verwenden, ist, dass Ihr Diagramm nicht aktualisiert wird, wenn Sie Daten aus einer Tabelle l\u00f6schen. <\/p><div class=\"wp-block-image\"><figure class=\"aligncenter\"><img decoding=\"async\" src=\"https:\/\/exceladvisor.org\/wp-content\/uploads\/2023\/08\/comment-creer-une-plage-de-graphiques-dynamiques-dans-un-tableau-de-donnees-Excel-supprimer-des-donnees-1.png\" sizes=\"\" srcset=\"\" alt=\"So erstellen Sie einen dynamischen Diagrammbereich in einer Excel-Datentabelle und l\u00f6schen Daten\"><\/figure><\/div><p> Die L\u00f6sung f\u00fcr dieses Problem besteht darin, dass Sie, wenn Sie Daten aus dem Diagramm l\u00f6schen m\u00f6chten, einfach diese Zelle mit der L\u00f6schoption l\u00f6schen.<\/p><h2 id=\"2\" class=\"wp-block-heading\"> Verwendung eines dynamischen benannten Bereichs<\/h2><p> Die Verwendung eines dynamischen benannten Bereichs f\u00fcr ein Diagramm ist etwas schwierig, aber es handelt sich um eine einzigartige Einrichtung. Sobald Sie das getan haben, ist es super einfach zu verwalten. Deshalb habe ich den gesamten Prozess in zwei Schritte unterteilt.<\/p><ol><li> Erstellen eines dynamischen benannten Bereichs.<\/li><li> \u00c4ndern der Diagrammquelldaten in einen dynamischen benannten Bereich.<\/li><\/ol><h3 id=\"3\" class=\"wp-block-heading\"> Erstellen eines dynamischen benannten Bereichs f\u00fcr ein dynamisches Diagramm<\/h3><p> Um einen dynamischen benannten Bereich zu erstellen, k\u00f6nnen wir die OFFSET-Funktion verwenden.<\/p><p> <strong>Kurze Einf\u00fchrung in Offset:<\/strong> Es kann die Referenz eines Bereichs zur\u00fcckgeben, der eine <a href=\"http:\/\/www.contextures.com\/exceloffsetfunction.html#rangecount\" target=\"_blank\" rel=\"noopener noreferrer\">bestimmte Anzahl von Zeilen und Spalten<\/a> aus einer Zelle oder einem Zellbereich darstellt. Wir haben die folgenden Daten, um einen benannten Bereich zu erstellen. <\/p><div class=\"wp-block-image\"><figure class=\"aligncenter\"><img decoding=\"async\" src=\"https:\/\/exceladvisor.org\/wp-content\/uploads\/2023\/08\/comment-creer-une-plage-de-graphique-dynamique-dans-Excel-avec-une-plage-nommee-dynamique-1.png\" sizes=\"\" srcset=\"\" alt=\"So erstellen Sie einen dynamischen Diagrammbereich in Excel mit einem dynamischen benannten Bereich\"><\/figure><\/div><p> In Spalte A haben wir Monate und Betr\u00e4ge in Spalte B. Und wir m\u00fcssen dynamische benannte Bereiche f\u00fcr beide Spalten erstellen, damit Ihr Diagramm automatisch aktualisiert wird, wenn Sie die Daten aktualisieren.<\/p><p> <a href=\"https:\/\/exceladvisor.org\/wp-content\/uploads\/2023\/11\/plage-graphique-dynamique-donnees-brutes.xlsx\">Laden Sie diese Datei herunter, um mitzumachen<\/a> .<\/p><p> Hier sind die Schritte. <\/p><ol id=\"block-6a03b0d2-7c05-43a0-b73f-5c0957980728\" class=\"block-editor-rich-text__editable block-editor-block-list__block wp-block is-selected rich-text\" tabindex=\"0\" role=\"group\" contenteditable=\"true\" aria-multiline=\"true\" aria-label=\"Block: List\" data-block=\"6a03b0d2-7c05-43a0-b73f-5c0957980728\" data-type=\"core\/list\" data-title=\"List\"><li> Gehen Sie zur Registerkarte Formeln -&gt; Definierte Namen -&gt; Namensmanager. <br><img decoding=\"async\" title=\"So erstellen Sie einen dynamischen Diagrammbereich im Excel-Click-Name-Manager\" src=\"https:\/\/exceladvisor.org\/wp-content\/uploads\/2023\/08\/comment-creer-une-plage-de-graphiques-dynamiques-dans-le-gestionnaire-de-noms-de-clics-Excel-1.png\" sizes=\"\" srcset=\"\" alt=\"how to create a dynamic chart range in excel click name manager\"><\/li><li> Klicken Sie auf \u201eNeu\u201c, um einen benannten Bereich zu erstellen. <br><img decoding=\"async\" title=\"So erstellen Sie einen dynamischen Diagrammbereich in Excel Klicken Sie auf Neu\" src=\"https:\/\/exceladvisor.org\/wp-content\/uploads\/2023\/08\/comment-creer-une-plage-de-graphique-dynamique-dans-excel-cliquez-sur-nouveau-1.png\" sizes=\"\" srcset=\"\" alt=\"how to create a dynamic chart range in excel click new\"><\/li><li> Geben Sie nun im Fenster \u201eNeuer Name\u201c die folgende Formel ein (ich erkl\u00e4re Ihnen sp\u00e4ter, wie sie funktioniert).<ul><li> =OFFSET(Sheet2!$B$2,0,0,COUNTA(Sheet2!$B:$B)-1,1)<\/li><\/ul><\/li><li> Nennen Sie Ihren Bereich \u201eBetrag\u201c. <br><img decoding=\"async\" title=\"So erstellen Sie einen dynamischen Diagrammbereich in Excel und geben die Formel ein\" src=\"https:\/\/exceladvisor.org\/wp-content\/uploads\/2023\/08\/comment-creer-une-plage-de-graphique-dynamique-dans-excel-entrer-la-formule-1.png\" sizes=\"\" srcset=\"\" alt=\"how to create a dynamic chart range in excel enter formula\"><\/li><li> OK klicken.<\/li><li> Erstellen Sie nun einen weiteren benannten Bereich mit der folgenden Formel.<ul><li> =OFFSET(Blatt2!$A$2,0,0,COUNTA(Blatt2!$A:$A)-1,1)<\/li><\/ul><\/li><li> Nennen Sie es \u201eMonat\u201c.<\/li><li> OK klicken.<\/li><\/ol><p> Zu diesem Zeitpunkt haben wir zwei benannte Bereiche: \u201eMonat\u201c und \u201eBetrag\u201c. Lassen Sie mich Ihnen nun erkl\u00e4ren, wie es funktioniert. In den obigen Formeln habe ich die Z\u00e4hlfunktion verwendet, um die Gesamtzahl der Zellen mit einem Wert zu z\u00e4hlen. Dann habe ich diesen Z\u00e4hlwert als Versatzh\u00f6he verwendet, um auf einen Bereich zu verweisen. <\/p><div class=\"wp-block-image\"><figure class=\"aligncenter\"><img decoding=\"async\" src=\"https:\/\/exceladvisor.org\/wp-content\/uploads\/2023\/08\/comment-creer-une-plage-de-graphique-dynamique-dans-la-formule-Excel-utilisee-1.png\" sizes=\"\" srcset=\"\" alt=\"So erstellen Sie einen dynamischen Diagrammbereich in der verwendeten Excel-Formel\"><\/figure><\/div><p> Im Monatsbereich haben wir A2 als Ausgangspunkt f\u00fcr die Verschiebung und Z\u00e4hlung der Gesamtzahl der Zellen in Spalte B mit counta (-1 zum Ausschlie\u00dfen der \u00dcberschrift) verwendet, die sich auf A2 bezieht: A7 .<\/p><h3 id=\"4\" class=\"wp-block-heading\"> \u00c4ndern der Diagrammquelldaten in den dynamischen benannten Bereich<\/h3><p> Jetzt m\u00fcssen wir die Quelldaten in die benannten Bereiche \u00e4ndern, die wir gerade erstellt haben. Oh, tut mir leid, ich habe vergessen, Ihnen zu sagen, dass Sie ein Diagramm erstellen sollen. Bitte <a href=\"http:\/\/www.wikihow.com\/Make-a-Line-Graph-in-Microsoft-Excel\" target=\"_blank\" rel=\"noopener noreferrer\">f\u00fcgen Sie ein Liniendiagramm ein<\/a> . Hier sind die n\u00e4chsten Schritte.<\/p><ol><li> Klicken Sie mit der rechten Maustaste auf Ihr Diagramm und w\u00e4hlen Sie \u201eDaten ausw\u00e4hlen\u201c. <br><img decoding=\"async\" title=\"So erstellen Sie einen dynamischen Diagrammbereich in Excel-Select-Data\" src=\"https:\/\/exceladvisor.org\/wp-content\/uploads\/2023\/08\/comment-creer-une-plage-de-graphique-dynamique-dans-Excel-selectionnez-des-donnees-1.png\" sizes=\"\" srcset=\"\" alt=\"how to create a dynamic chart range in excel select data\"><\/li><li> Klicken Sie unter den Beschriftungseintr\u00e4gen auf Bearbeiten. <br><img decoding=\"async\" title=\"So erstellen Sie einen dynamischen Diagrammbereich in einer Excel-Datentabelle, klicken Sie auf Bearbeiten\" src=\"https:\/\/exceladvisor.org\/wp-content\/uploads\/2023\/08\/comment-creer-une-plage-de-graphique-dynamique-dans-le-tableau-de-donnees-Excel-cliquez-sur-modifier-1.png\" sizes=\"\" srcset=\"\" alt=\"how to create a dynamic chart range in excel data table click edit\"><\/li><li> \u00c4ndern Sie unter \u201eSerienwerte\u201c den Bereichsverweis in den Bereich mit dem Namen \u201eBetrag\u201c. <br><img decoding=\"async\" title=\"So erstellen Sie einen dynamischen Diagrammbereich in Excel und f\u00fcgen den Bereichsnamen hinzu\" src=\"https:\/\/exceladvisor.org\/wp-content\/uploads\/2023\/08\/comment-creer-une-plage-de-graphique-dynamique-dans-Excel-ajouter-le-nom-de-la-plage-1.png\" sizes=\"\" srcset=\"\" alt=\"how to create a dynamic chart range in excel add range name\"><\/li><li> OK klicken.<\/li><li> Klicken Sie auf der horizontalen Achse auf Bearbeiten. <br><img decoding=\"async\" title=\"So erstellen Sie einen dynamischen Diagrammbereich in Excel: Klicken Sie auf den Achsenbereich, um ihn zu bearbeiten\" src=\"https:\/\/exceladvisor.org\/wp-content\/uploads\/2023\/08\/comment-creer-une-plage-de-graphique-dynamique-dans-Excel-cliquez-sur-modifier-la-plage-daxe-1.png\" sizes=\"\" srcset=\"\" alt=\"how to create a dynamic chart range in excel click edit axis range\"><\/li><li> Geben Sie den Bereich mit dem Namen \u201eMonat\u201c f\u00fcr die Achsenbeschriftung ein. <br><img decoding=\"async\" title=\"So erstellen Sie einen dynamischen Diagrammbereich in Excel und \u00e4ndern den Bereich in einen Monat\" src=\"https:\/\/exceladvisor.org\/wp-content\/uploads\/2023\/08\/comment-creer-une-plage-de-graphiques-dynamiques-dans-la-plage-de-modification-dExcel-au-cours-du-mois-1.png\" sizes=\"\" srcset=\"\" alt=\"how to create a dynamic chart range in excel edit range in month\"><\/li><li> OK klicken.<\/li><\/ol><p> Alles ist getan. Herzlichen Gl\u00fcckwunsch, Ihr Diagramm verf\u00fcgt jetzt \u00fcber einen dynamischen Bereich. <\/p><div class=\"wp-block-image\"><figure class=\"aligncenter\"><img decoding=\"async\" src=\"https:\/\/exceladvisor.org\/wp-content\/uploads\/2023\/08\/comment-creer-une-plage-de-graphiques-dynamiques-dans-un-graphique-Excel-est-pret-1.gif\" sizes=\"\" srcset=\"\" alt=\"So erstellen Sie einen dynamischen Diagrammbereich in einem Diagramm. Excel ist fertig\"><\/figure><\/div><div class=\"su-note\" style=\"border-color: #c7d4d9; border-radius: 10px; -moz-border-radius: 10px; -webkit-border-radius: 10px;\"><div class=\"su-note-inner su-u-clearfix su-u-trim\" style=\"background-color: #e1eef3; border-color: #ffffff; color: #333333; border-radius: 10px; -moz-border-radius: 10px; -webkit-border-radius: 10px;\"> Wichtiger Hinweis: Wenn Sie in Ihrer Diagrammquelle einen benannten Bereich verwenden, m\u00fcssen Sie unbedingt den Namen des Arbeitsblatts hinzuf\u00fcgen.<\/div><\/div><h2 class=\"wp-block-heading\"> Beispieldatei<\/h2><div class=\"wp-block-image\"><figure class=\"aligncenter\"> <a href=\"https:\/\/exceladvisor.org\/wp-content\/uploads\/2023\/11\/plage-de-graphique-dynamique-2.xlsx\"><img decoding=\"async\" src=\"https:\/\/exceladvisor.org\/wp-content\/uploads\/2023\/08\/comment-creer-une-plage-de-graphique-dynamique-dans-un-exemple-de-fichier-Excel-1.png\" sizes=\"\" srcset=\"\" alt=\"Beispiel f\u00fcr die Erstellung eines dynamischen Diagrammbereichs in einer Excel-Datei\"><\/a><\/figure><\/div><h2 class=\"wp-block-heading\"> Letzte Worte<\/h2><p> Die Verwendung eines dynamischen Grafikbereichs ist eine enorme Zeitersparnis und erspart Ihnen viel Aufwand. Sie m\u00fcssen Ihren Datenbereich nicht immer wieder \u00e4ndern. Jedes Mal, wenn Sie Ihre Daten aktualisieren, wird Ihr Diagramm sofort aktualisiert.<\/p><h2 class=\"wp-block-heading\"> Weitere Charting-Tipps und Tutorials<\/h2><ul><li> <a style=\"outline: none;\" href=\"https:\/\/exceladvisor.org\/de\/fugen-sie-eine-horizontale-linie-hinzu\/\">So f\u00fcgen Sie einem Diagramm in Excel eine horizontale Linie hinzu<\/a><\/li><li> <a style=\"outline: none;\" href=\"https:\/\/exceladvisor.org\/de\/fugen-sie-eine-vertikale-linie-hinzu\/\">So f\u00fcgen Sie einem Diagramm in Excel eine vertikale Linie hinzu<\/a><\/li><li> <a style=\"outline: none;\" href=\"https:\/\/exceladvisor.org\/de\/schwarzes-brett\/\">So erstellen Sie ein Bullet-Diagramm in Excel<\/a><\/li><li> <a style=\"outline: none;\" href=\"https:\/\/exceladvisor.org\/de\/dynamischer-diagrammtitel\/\">So erstellen Sie einen dynamischen Diagrammtitel in Excel<\/a><\/li><li> <a style=\"outline: none;\" href=\"https:\/\/exceladvisor.org\/de\/interaktive-grafiken\/\">So erstellen Sie interaktive Diagramme in Excel<\/a><\/li><\/ul>","protected":false},"excerpt":{"rendered":"","protected":false},"author":1,"featured_media":0,"parent":0,"menu_order":0,"comment_status":"open","ping_status":"closed","template":"","meta":{"ub_ctt_via":"","footnotes":""},"class_list":["post-3154","page","type-page","status-publish","hentry"],"featured_image_src":null,"yoast_head":"<!-- This site is optimized with the Yoast SEO plugin v25.4 - https:\/\/yoast.com\/wordpress\/plugins\/seo\/ -->\n<title>Wie erstelle ich einen dynamischen Diagrammbereich in Excel?<\/title>\n<meta name=\"description\" content=\"In diesem Artikel lernen Sie zwei verschiedene Methoden zum Erstellen verschiedener dynamischer Diagramme kennen. Sie k\u00f6nnen die Methoden w\u00e4hlen\" \/>\n<meta name=\"robots\" content=\"index, follow, max-snippet:-1, max-image-preview:large, max-video-preview:-1\" \/>\n<link rel=\"canonical\" href=\"https:\/\/exceladvisor.org\/de\/dynamischer-diagrammbereich\/\" \/>\n<meta property=\"og:locale\" content=\"de_DE\" \/>\n<meta property=\"og:type\" content=\"article\" \/>\n<meta property=\"og:title\" content=\"Wie erstelle ich einen dynamischen Diagrammbereich in Excel?\" \/>\n<meta property=\"og:description\" content=\"In diesem Artikel lernen Sie zwei verschiedene Methoden zum Erstellen verschiedener dynamischer Diagramme kennen. Sie k\u00f6nnen die Methoden w\u00e4hlen\" \/>\n<meta property=\"og:url\" content=\"https:\/\/exceladvisor.org\/de\/dynamischer-diagrammbereich\/\" \/>\n<meta property=\"og:site_name\" content=\"Excel Advisor\" \/>\n<meta property=\"article:modified_time\" content=\"2023-12-03T11:19:52+00:00\" \/>\n<meta property=\"og:image\" content=\"https:\/\/exceladvisor.org\/wp-content\/uploads\/2023\/08\/comment-creer-une-plage-de-graphique-dynamique-dans-le-tableau-des-montants-mensuels-Excel-1.png\" \/>\n<meta name=\"twitter:card\" content=\"summary_large_image\" \/>\n<meta name=\"twitter:label1\" content=\"Gesch\u00e4tzte Lesezeit\" \/>\n\t<meta name=\"twitter:data1\" content=\"4\u00a0Minuten\" \/>\n<script type=\"application\/ld+json\" class=\"yoast-schema-graph\">{\"@context\":\"https:\/\/schema.org\",\"@graph\":[{\"@type\":\"WebPage\",\"@id\":\"https:\/\/exceladvisor.org\/de\/dynamischer-diagrammbereich\/\",\"url\":\"https:\/\/exceladvisor.org\/de\/dynamischer-diagrammbereich\/\",\"name\":\"Wie erstelle ich einen dynamischen Diagrammbereich in Excel?\",\"isPartOf\":{\"@id\":\"https:\/\/exceladvisor.org\/de\/#website\"},\"primaryImageOfPage\":{\"@id\":\"https:\/\/exceladvisor.org\/de\/dynamischer-diagrammbereich\/#primaryimage\"},\"image\":{\"@id\":\"https:\/\/exceladvisor.org\/de\/dynamischer-diagrammbereich\/#primaryimage\"},\"thumbnailUrl\":\"https:\/\/exceladvisor.org\/wp-content\/uploads\/2023\/08\/comment-creer-une-plage-de-graphique-dynamique-dans-le-tableau-des-montants-mensuels-Excel-1.png\",\"datePublished\":\"2023-11-12T17:03:14+00:00\",\"dateModified\":\"2023-12-03T11:19:52+00:00\",\"description\":\"In diesem Artikel lernen Sie zwei verschiedene Methoden zum Erstellen verschiedener dynamischer Diagramme kennen. Sie k\u00f6nnen die Methoden w\u00e4hlen\",\"breadcrumb\":{\"@id\":\"https:\/\/exceladvisor.org\/de\/dynamischer-diagrammbereich\/#breadcrumb\"},\"inLanguage\":\"de\",\"potentialAction\":[{\"@type\":\"ReadAction\",\"target\":[\"https:\/\/exceladvisor.org\/de\/dynamischer-diagrammbereich\/\"]}]},{\"@type\":\"ImageObject\",\"inLanguage\":\"de\",\"@id\":\"https:\/\/exceladvisor.org\/de\/dynamischer-diagrammbereich\/#primaryimage\",\"url\":\"https:\/\/exceladvisor.org\/wp-content\/uploads\/2023\/08\/comment-creer-une-plage-de-graphique-dynamique-dans-le-tableau-des-montants-mensuels-Excel-1.png\",\"contentUrl\":\"https:\/\/exceladvisor.org\/wp-content\/uploads\/2023\/08\/comment-creer-une-plage-de-graphique-dynamique-dans-le-tableau-des-montants-mensuels-Excel-1.png\"},{\"@type\":\"BreadcrumbList\",\"@id\":\"https:\/\/exceladvisor.org\/de\/dynamischer-diagrammbereich\/#breadcrumb\",\"itemListElement\":[{\"@type\":\"ListItem\",\"position\":1,\"name\":\"Accueil\",\"item\":\"https:\/\/exceladvisor.org\/de\/\"},{\"@type\":\"ListItem\",\"position\":2,\"name\":\"Wie erstelle ich einen dynamischen diagrammbereich?\"}]},{\"@type\":\"WebSite\",\"@id\":\"https:\/\/exceladvisor.org\/de\/#website\",\"url\":\"https:\/\/exceladvisor.org\/de\/\",\"name\":\"Excel Advisor\",\"description\":\"Ihr Leitfaden zur Datendominanz\",\"publisher\":{\"@id\":\"https:\/\/exceladvisor.org\/de\/#organization\"},\"potentialAction\":[{\"@type\":\"SearchAction\",\"target\":{\"@type\":\"EntryPoint\",\"urlTemplate\":\"https:\/\/exceladvisor.org\/de\/?s={search_term_string}\"},\"query-input\":{\"@type\":\"PropertyValueSpecification\",\"valueRequired\":true,\"valueName\":\"search_term_string\"}}],\"inLanguage\":\"de\"},{\"@type\":\"Organization\",\"@id\":\"https:\/\/exceladvisor.org\/de\/#organization\",\"name\":\"Excel Advisor\",\"url\":\"https:\/\/exceladvisor.org\/de\/\",\"logo\":{\"@type\":\"ImageObject\",\"inLanguage\":\"de\",\"@id\":\"https:\/\/exceladvisor.org\/de\/#\/schema\/logo\/image\/\",\"url\":\"https:\/\/exceladvisor.org\/de\/wp-content\/uploads\/2023\/11\/exceladvisor.org_.png\",\"contentUrl\":\"https:\/\/exceladvisor.org\/de\/wp-content\/uploads\/2023\/11\/exceladvisor.org_.png\",\"width\":105,\"height\":36,\"caption\":\"Excel Advisor\"},\"image\":{\"@id\":\"https:\/\/exceladvisor.org\/de\/#\/schema\/logo\/image\/\"}}]}<\/script>\n<!-- \/ Yoast SEO plugin. -->","yoast_head_json":{"title":"Wie erstelle ich einen dynamischen Diagrammbereich in Excel?","description":"In diesem Artikel lernen Sie zwei verschiedene Methoden zum Erstellen verschiedener dynamischer Diagramme kennen. Sie k\u00f6nnen die Methoden w\u00e4hlen","robots":{"index":"index","follow":"follow","max-snippet":"max-snippet:-1","max-image-preview":"max-image-preview:large","max-video-preview":"max-video-preview:-1"},"canonical":"https:\/\/exceladvisor.org\/de\/dynamischer-diagrammbereich\/","og_locale":"de_DE","og_type":"article","og_title":"Wie erstelle ich einen dynamischen Diagrammbereich in Excel?","og_description":"In diesem Artikel lernen Sie zwei verschiedene Methoden zum Erstellen verschiedener dynamischer Diagramme kennen. Sie k\u00f6nnen die Methoden w\u00e4hlen","og_url":"https:\/\/exceladvisor.org\/de\/dynamischer-diagrammbereich\/","og_site_name":"Excel Advisor","article_modified_time":"2023-12-03T11:19:52+00:00","og_image":[{"url":"https:\/\/exceladvisor.org\/wp-content\/uploads\/2023\/08\/comment-creer-une-plage-de-graphique-dynamique-dans-le-tableau-des-montants-mensuels-Excel-1.png","type":"","width":"","height":""}],"twitter_card":"summary_large_image","twitter_misc":{"Gesch\u00e4tzte Lesezeit":"4\u00a0Minuten"},"schema":{"@context":"https:\/\/schema.org","@graph":[{"@type":"WebPage","@id":"https:\/\/exceladvisor.org\/de\/dynamischer-diagrammbereich\/","url":"https:\/\/exceladvisor.org\/de\/dynamischer-diagrammbereich\/","name":"Wie erstelle ich einen dynamischen Diagrammbereich in Excel?","isPartOf":{"@id":"https:\/\/exceladvisor.org\/de\/#website"},"primaryImageOfPage":{"@id":"https:\/\/exceladvisor.org\/de\/dynamischer-diagrammbereich\/#primaryimage"},"image":{"@id":"https:\/\/exceladvisor.org\/de\/dynamischer-diagrammbereich\/#primaryimage"},"thumbnailUrl":"https:\/\/exceladvisor.org\/wp-content\/uploads\/2023\/08\/comment-creer-une-plage-de-graphique-dynamique-dans-le-tableau-des-montants-mensuels-Excel-1.png","datePublished":"2023-11-12T17:03:14+00:00","dateModified":"2023-12-03T11:19:52+00:00","description":"In diesem Artikel lernen Sie zwei verschiedene Methoden zum Erstellen verschiedener dynamischer Diagramme kennen. Sie k\u00f6nnen die Methoden w\u00e4hlen","breadcrumb":{"@id":"https:\/\/exceladvisor.org\/de\/dynamischer-diagrammbereich\/#breadcrumb"},"inLanguage":"de","potentialAction":[{"@type":"ReadAction","target":["https:\/\/exceladvisor.org\/de\/dynamischer-diagrammbereich\/"]}]},{"@type":"ImageObject","inLanguage":"de","@id":"https:\/\/exceladvisor.org\/de\/dynamischer-diagrammbereich\/#primaryimage","url":"https:\/\/exceladvisor.org\/wp-content\/uploads\/2023\/08\/comment-creer-une-plage-de-graphique-dynamique-dans-le-tableau-des-montants-mensuels-Excel-1.png","contentUrl":"https:\/\/exceladvisor.org\/wp-content\/uploads\/2023\/08\/comment-creer-une-plage-de-graphique-dynamique-dans-le-tableau-des-montants-mensuels-Excel-1.png"},{"@type":"BreadcrumbList","@id":"https:\/\/exceladvisor.org\/de\/dynamischer-diagrammbereich\/#breadcrumb","itemListElement":[{"@type":"ListItem","position":1,"name":"Accueil","item":"https:\/\/exceladvisor.org\/de\/"},{"@type":"ListItem","position":2,"name":"Wie erstelle ich einen dynamischen diagrammbereich?"}]},{"@type":"WebSite","@id":"https:\/\/exceladvisor.org\/de\/#website","url":"https:\/\/exceladvisor.org\/de\/","name":"Excel Advisor","description":"Ihr Leitfaden zur Datendominanz","publisher":{"@id":"https:\/\/exceladvisor.org\/de\/#organization"},"potentialAction":[{"@type":"SearchAction","target":{"@type":"EntryPoint","urlTemplate":"https:\/\/exceladvisor.org\/de\/?s={search_term_string}"},"query-input":{"@type":"PropertyValueSpecification","valueRequired":true,"valueName":"search_term_string"}}],"inLanguage":"de"},{"@type":"Organization","@id":"https:\/\/exceladvisor.org\/de\/#organization","name":"Excel Advisor","url":"https:\/\/exceladvisor.org\/de\/","logo":{"@type":"ImageObject","inLanguage":"de","@id":"https:\/\/exceladvisor.org\/de\/#\/schema\/logo\/image\/","url":"https:\/\/exceladvisor.org\/de\/wp-content\/uploads\/2023\/11\/exceladvisor.org_.png","contentUrl":"https:\/\/exceladvisor.org\/de\/wp-content\/uploads\/2023\/11\/exceladvisor.org_.png","width":105,"height":36,"caption":"Excel Advisor"},"image":{"@id":"https:\/\/exceladvisor.org\/de\/#\/schema\/logo\/image\/"}}]}},"yoast_meta":{"yoast_wpseo_title":"","yoast_wpseo_metadesc":"","yoast_wpseo_canonical":""},"_links":{"self":[{"href":"https:\/\/exceladvisor.org\/de\/wp-json\/wp\/v2\/pages\/3154","targetHints":{"allow":["GET"]}}],"collection":[{"href":"https:\/\/exceladvisor.org\/de\/wp-json\/wp\/v2\/pages"}],"about":[{"href":"https:\/\/exceladvisor.org\/de\/wp-json\/wp\/v2\/types\/page"}],"author":[{"embeddable":true,"href":"https:\/\/exceladvisor.org\/de\/wp-json\/wp\/v2\/users\/1"}],"replies":[{"embeddable":true,"href":"https:\/\/exceladvisor.org\/de\/wp-json\/wp\/v2\/comments?post=3154"}],"version-history":[{"count":1,"href":"https:\/\/exceladvisor.org\/de\/wp-json\/wp\/v2\/pages\/3154\/revisions"}],"predecessor-version":[{"id":3971,"href":"https:\/\/exceladvisor.org\/de\/wp-json\/wp\/v2\/pages\/3154\/revisions\/3971"}],"wp:attachment":[{"href":"https:\/\/exceladvisor.org\/de\/wp-json\/wp\/v2\/media?parent=3154"}],"curies":[{"name":"wp","href":"https:\/\/api.w.org\/{rel}","templated":true}]}}