{"id":3157,"date":"2023-11-12T16:00:40","date_gmt":"2023-11-12T16:00:40","guid":{"rendered":"https:\/\/exceladvisor.org\/de\/schwarzes-brett\/"},"modified":"2023-12-03T11:19:28","modified_gmt":"2023-12-03T11:19:28","slug":"schwarzes-brett","status":"publish","type":"page","link":"https:\/\/exceladvisor.org\/de\/schwarzes-brett\/","title":{"rendered":"Wie erstelle ich ein bullet-diagramm in excel?"},"content":{"rendered":"<div class=\"excel-vor-dem-inhalt\" id=\"excel-1097644387\"><script type=\"text\/javascript\">\r\n\tatOptions = {\r\n\t\t'key' : 'c1158f160081d6540a8409e6925dab94',\r\n\t\t'format' : 'iframe',\r\n\t\t'height' : 250,\r\n\t\t'width' : 300,\r\n\t\t'params' : {}\r\n\t};\r\n<\/script>\r\n<script type=\"text\/javascript\" src=\"\/\/www.highperformanceformat.com\/c1158f160081d6540a8409e6925dab94\/invoke.js\"><\/script><\/div> <p>Die Auswahl eines guten Diagrammtyps ist eine der schwierigsten Aufgaben. Als ich mit solchen Problemen zu k\u00e4mpfen hatte, stie\u00df ich auf ein Diagramm namens <strong><span style=\"color: #554a47; background-color: #ffff00;\">\u201eBullet Chart\u201c<\/span><\/strong> .<\/p><p> Das Bullet-Diagramm ist eines dieser <a href=\"https:\/\/exceladvisor.org\/de\/erweiterte-grafik\/\">fortgeschrittenen Excel-Diagramme<\/a> , bei denen Sie lernen sollten, wie man es besser darstellt. Dies ist ein perfektes Diagramm, wenn Sie einen einzelnen Punkt \u201eZiel vs. Leistung\u201c darstellen m\u00fcssen.<\/p><p> Laut Wikipedia:<\/p><p> <span style=\"font-family: Georgia,serif;\"><em>Ein Bullet-Diagramm ist eine Variation eines von <a href=\"https:\/\/www.perceptualedge.com\/\" target=\"_blank\" rel=\"noreferrer noopener nofollow\">Stephen Few<\/a> entwickelten Balkendiagramms. Offenbar inspiriert von den<\/em><\/span> traditionellen<a href=\"https:\/\/exceladvisor.org\/de\/thermometertabelle\/\"><span style=\"font-family: Georgia,serif;\"><em>Thermometerdiagrammen<\/em><\/span><\/a> <span style=\"font-family: Georgia,serif;\"><em>und Fortschrittsbalken, die in vielen Dashboards zu finden sind, ersetzt das Bullet-Diagramm die Armaturenbrett-Anzeigen und -Z\u00e4hler.<\/em><\/span> <\/p><div class=\"wp-block-image\"><figure class=\"aligncenter\"><img decoding=\"async\" src=\"https:\/\/exceladvisor.org\/wp-content\/uploads\/2023\/08\/tableau-a-puces-pret-a-lemploi-dans-excel-1.png\" sizes=\"\" srcset=\"\" alt=\"Gebrauchsfertige Bullet-Tabelle in Excel\"><\/figure><\/div><p> Und im heutigen Artikel werde ich Ihnen zeigen, wie Sie in einfachen Schritten ein Bullet-Diagramm in Excel erstellen.<\/p><p> Also lasst uns anfangen.<\/p><h2 id=\"tab-con-1\" class=\"wp-block-heading\"> Komponenten eines Bullet-Diagramms<\/h2><p> Ein Bullet-Diagramm besteht haupts\u00e4chlich aus drei Komponenten.<\/p><ol><li> <strong>Zielmarkierung<\/strong> : Eine Markierung zur Darstellung des Ziels. Im obigen Beispiel habe ich 90 % als Ziel verwendet. Sie k\u00f6nnen den Wert nach Bedarf \u00e4ndern.<\/li><li> <strong>Erfolgsbalken<\/strong> : Ein einzelner Erfolgsbalken zur Darstellung des tats\u00e4chlichen Werts. Dieser Balken sollte einfarbig und etwas schmaler sein als die Farbbalken im Vergleichsbereich.<\/li><li> <strong>Vergleichsbereich<\/strong> : Ein Vergleichsbereich eines Farbthemas zur Verwendung im Hintergrund der Erfolgsleiste. Die Hauptidee bei der Verwendung dieses Bereichs besteht darin, einen Vergleich f\u00fcr Erfolge, wie etwa Meilensteine, zu erstellen. <\/li><\/ol><div class=\"wp-block-image\"><figure class=\"aligncenter\"><img decoding=\"async\" src=\"https:\/\/exceladvisor.org\/wp-content\/uploads\/2023\/08\/comment-creer-un-tableau-a-puces-dans-les-composants-excel-1.png\" sizes=\"\" srcset=\"\" alt=\"So erstellen Sie eine Tabelle mit Aufz\u00e4hlungszeichen in Excel-Komponenten\"><\/figure><\/div><h2 class=\"wp-block-heading\"> Schritte zum Erstellen eines Bullet-Diagramms in Excel<\/h2><p> In der folgenden Tabelle finden Sie dreiteilige Daten, die Sie zum Erstellen eines Bullet-Diagramms verwenden k\u00f6nnen. Sie k\u00f6nnen <a href=\"https:\/\/exceladvisor.org\/wp-content\/uploads\/2023\/11\/tableau-a-puces-dans-une-feuille-brute-excel.xlsx\" rel=\"nofollow\">diese Datei hier herunterladen,<\/a> um sie mitzuverfolgen. <\/p><div class=\"wp-block-image\"><figure class=\"aligncenter\"><img decoding=\"async\" src=\"https:\/\/exceladvisor.org\/wp-content\/uploads\/2023\/08\/tableau-pour-creer-un-graphique-a-puces-dans-excel-1.png\" sizes=\"\" srcset=\"\" alt=\"Tabelle zum Erstellen eines Bullet-Diagramms in Excel\"><\/figure><\/div><ol><li> Die ersten vier Werte gelten f\u00fcr den Vergleichsbereich.<\/li><li> Der Leistungswert gilt f\u00fcr die Leistungsleiste.<\/li><li> Das Ziel ist f\u00fcr den Zielmarker.<\/li><\/ol><p> Wie ich oben erw\u00e4hnt habe, haben wir drei Hauptkomponenten in einer Aufz\u00e4hlungstabelle. Daher m\u00fcssen Sie den gesamten Prozess in mehrere Teile unterteilen. Die Schritte zum Erstellen eines Bullet-Diagramms in Excel sind etwas langwierig. Aber sobald Sie den gesamten Prozess verstanden haben, k\u00f6nnen Sie ihn in Sekundenschnelle erstellen.<\/p><h3 class=\"wp-block-heading\"> F\u00fcgen Sie ein S\u00e4ulendiagramm ein<\/h3><p> Um ein Bullet-Diagramm zu erstellen, m\u00fcssen Sie ein 2D-Cluster-S\u00e4ulendiagramm einf\u00fcgen. Hier sind die Schritte daf\u00fcr.<\/p><ol><li> W\u00e4hlen Sie zun\u00e4chst Ihre Daten aus und f\u00fcgen Sie \u00fcber die Registerkarte \u201eEinf\u00fcgen\u201c ein 2D-Cluster-Histogramm ein. <br><img decoding=\"async\" title=\"Gehen Sie zu \u201eTab-Einf\u00fcgen-2D-Stack-Spalte einf\u00fcgen\u201c, um ein Aufz\u00e4hlungsdiagramm in Excel zu erstellen\" src=\"https:\/\/exceladvisor.org\/wp-content\/uploads\/2023\/08\/allez-dans-longlet-inserer-inserer-une-colonne-de-pile-2d-pour-creer-un-tableau-a-puces-dans-Excel-1.png\" sizes=\"\" srcset=\"\" alt=\"go to insert tab insert 2d stack column to create a bullet chart in excel\"><\/li><li> So erhalten Sie alle sechs Datenwerte in Ihrem Diagramm. <br><img decoding=\"async\" title=\"F\u00fcgen Sie ein 2D-Cluster-S\u00e4ulendiagramm ein, um ein Bullet-Diagramm in Excel zu erstellen\" src=\"https:\/\/exceladvisor.org\/wp-content\/uploads\/2023\/08\/inserer-un-graphique-a-colonnes-de-cluster-2d-pour-creer-un-graphique-a-puces-dans-Excel-1.png\" sizes=\"\" srcset=\"\" alt=\"insert a 2d cluster column chart to create a bullet chart in excel\"><\/li><li> Danach m\u00fcssen Sie die Daten im Diagramm austauschen. W\u00e4hlen Sie Ihr Diagramm aus und klicken Sie auf \u201eZeile\/Spalte \u00e4ndern\u201c. <br><img decoding=\"async\" title=\"Tauschen Sie Diagrammdaten aus, um ein Bullet-Diagramm in Excel zu erstellen\" src=\"https:\/\/exceladvisor.org\/wp-content\/uploads\/2023\/08\/echanger-les-donnees-du-graphique-pour-creer-un-graphique-a-puces-dans-Excel-1.png\" sizes=\"\" srcset=\"\" alt=\"swap chart data to create a bullet chart in excel\"><\/li><li> Stellen Sie sicher, dass die maximalen Achsenwerte 100 % betragen.<\/li><li> Jetzt haben Sie eine Tabelle wie unten. <br><img decoding=\"async\" title=\"\u00c4ndern Sie die Achsenbeschriftung, um ein Bullet-Diagramm in Excel zu erstellen\" src=\"https:\/\/exceladvisor.org\/wp-content\/uploads\/2023\/08\/changer-letiquette-de-laxe-pour-creer-un-graphique-a-puces-dans-Excel-1.png\" sizes=\"\" srcset=\"\" alt=\"change axis label to create a bullet chart in excel\"><\/li><li> Machen wir nun den n\u00e4chsten Schritt und erstellen Sie einen Zielmarker.<\/li><\/ol><h3 class=\"wp-block-heading\"> Machen Sie eine Zielmarkierung<\/h3><p> Jetzt m\u00fcssen Sie eine Zielmarkierung erstellen, die wie eine kleine horizontale Linie aussieht. Hier sind die Schritte.<\/p><ol><li> Zuerst m\u00fcssen Sie Ihre Zielleiste ausw\u00e4hlen. (Aber das Diagramm ist im Moment v\u00f6llig durcheinander und es ist schwierig, den Zielbalken auszuw\u00e4hlen.)<\/li><\/ol><p style=\"text-align: left; padding-left: 40px;\"> <strong data-rich-text-format-boundary=\"true\">Hier ist der Trick:<\/strong> W\u00e4hlen Sie Ihr Diagramm aus und verwenden Sie aus den Formatoptionen dieses Dropdown-Men\u00fc, um den Zielwert auszuw\u00e4hlen. <br><img decoding=\"async\" style=\"display: block; margin-left: auto; margin-right: auto;\" title=\"W\u00e4hlen Sie die Zieldatenleiste aus, um in Excel ein Bullet-Diagramm zu erstellen\" src=\"https:\/\/exceladvisor.org\/wp-content\/uploads\/2023\/08\/selectionnez-la-barre-de-donnees-cible-pour-creer-un-graphique-a-puces-dans-Excel-1.png\" sizes=\"\" srcset=\"\" alt=\"select target data bar to create a bullet chart in excel\"><\/p><ol><li style=\"list-style-type: none;\"><ol><li style=\"list-style-type: none;\"><ul id=\"block-fc63191a-1304-496b-a649-860e26f3572c\" class=\"block-editor-rich-text__editable block-editor-block-list__block wp-block is-selected rich-text\" tabindex=\"0\" role=\"group\" contenteditable=\"true\" aria-multiline=\"true\" aria-label=\"Block: List\" data-block=\"fc63191a-1304-496b-a649-860e26f3572c\" data-type=\"core\/list\" data-title=\"List\"><li> Gehen Sie nun zur Registerkarte \u201eDesign\u201c und klicken Sie auf \u201eDiagrammtyp \u00e4ndern\u201c. <br><img decoding=\"async\" title=\"Klicken Sie auf die Schaltfl\u00e4che \u201eDiagrammtyp \u00e4ndern\u201c, um ein Bullet-Diagramm in Excel zu erstellen\" src=\"https:\/\/exceladvisor.org\/wp-content\/uploads\/2023\/08\/cliquez-sur-le-bouton-de-changement-de-type-de-graphique-creer-un-graphique-a-puces-dans-Excel-1.png\" sizes=\"\" srcset=\"\" alt=\"click on change chart type button create a bullet chart in excel\"><\/li><li> \u00c4ndern Sie den Diagrammtyp f\u00fcr den Zielwert in Liniendiagramm mit Markierung und \u00fcberpr\u00fcfen Sie die entsprechende Sekund\u00e4rachse. <br><img decoding=\"async\" title=\"\u00c4ndern Sie den Diagrammtyp der Zieldatenbalkenoption, um ein Bullet-Diagramm in Excel zu erstellen\" src=\"https:\/\/exceladvisor.org\/wp-content\/uploads\/2023\/08\/changer-le-type-de-graphique-de-loption-pour-la-barre-de-donnees-cible-pour-creer-un-graphique-a-puces-dans-Excel-1.png\" sizes=\"\" srcset=\"\" alt=\"change chart type from option for target data bar to create a bullet chart in excel\"><\/li><li> An diesem Punkt haben Sie in Ihrem Diagramm einen kleinen Punkt f\u00fcr das Ziel. <br><img decoding=\"async\" title=\"\u00c4ndern Sie den Diagrammtyp der Zieldatenleiste, um ein Bullet-Diagramm in Excel zu erstellen\" src=\"https:\/\/exceladvisor.org\/wp-content\/uploads\/2023\/08\/modifier-le-type-de-graphique-de-la-barre-de-donnees-cible-pour-creer-un-graphique-a-puces-dans-Excel-1.png\" sizes=\"\" srcset=\"\" alt=\"change chart type of target data bar to create a bullet chart in excel\"><\/li><\/ul><\/li><\/ol><\/li><\/ol><p> Gehen Sie von hier aus wie folgt vor.<\/p><ol><li style=\"list-style-type: none;\"><ol><li style=\"list-style-type: none;\"><ol><li> W\u00e4hlen Sie diesen Punkt aus und \u00e4ndern Sie die Markierung in einen rechteckigen Balken.<\/li><li> \u00c4ndern Sie die Markierungsgr\u00f6\u00dfe auf 20.<\/li><li> Verwenden Sie f\u00fcr die F\u00fcllung eine Volltonfarbe (z. B. Schwarz).<\/li><li> Keine Linie f\u00fcr die Grenze.<\/li><li> L\u00f6schen Sie die Sekund\u00e4rachse. <\/li><\/ol><\/li><\/ol><\/li><\/ol><div class=\"wp-block-image\"><figure class=\"aligncenter\"><img decoding=\"async\" src=\"https:\/\/exceladvisor.org\/wp-content\/uploads\/2023\/08\/changer-le-style-du-marqueur-pour-creer-un-tableau-a-puces-dans-Excel-1.png\" sizes=\"\" srcset=\"\" alt=\"\u00c4ndern Sie den Markierungsstil, um eine Tabelle mit Aufz\u00e4hlungszeichen in Excel zu erstellen\"><\/figure><\/div><p> An diesem Punkt haben Sie ein Diagramm wie oben und m\u00fcssen dann einige \u00c4nderungen vornehmen, um einen Erfolgsbalken hinzuzuf\u00fcgen.<\/p><h3 class=\"wp-block-heading\"> Erstellen Sie eine Erfolgsleiste<\/h3><p> Sie sollten einen Leistungsbalken mit einer einfarbigen Farbe erstellen, um den aktuellen Erfolg im Hinblick auf das Ziel darzustellen. F\u00fchren Sie die folgenden Schritte aus.<\/p><ol><li style=\"list-style-type: none;\"><ol><li style=\"list-style-type: none;\"><ul><li> W\u00e4hlen Sie die Erfolgsleiste genauso aus, wie Sie die Zielleiste mithilfe der Dropdown-Liste \u201eFormatoptionen\u201c ausgew\u00e4hlt haben. <br><img decoding=\"async\" title=\"W\u00e4hlen Sie eine Leistungsleiste aus, um ein Bullet-Diagramm in Excel zu erstellen\" src=\"https:\/\/exceladvisor.org\/wp-content\/uploads\/2023\/08\/selectionnez-la-barre-de-reussite-pour-creer-un-tableau-a-puces-dans-Excel-1.png\" sizes=\"\" srcset=\"\" alt=\"select achievement bar to create a bullet chart in excel\"><\/li><li> Gehen Sie nun zu den seriellen Optionen und w\u00e4hlen Sie die Sekund\u00e4rachse aus.<\/li><li> \u00c4ndern Sie die L\u00fcckenbreite vorerst auf 500 %. <br><img decoding=\"async\" title=\"Erstellen Sie einen Erfolgsbalken auf der sekund\u00e4ren Achse, um ein Bullet-Diagramm in Excel zu erstellen\" src=\"https:\/\/exceladvisor.org\/wp-content\/uploads\/2023\/08\/creer-une-barre-de-reussite-sur-laxe-secondaire-pour-creer-un-tableau-a-puces-dans-Excel-1.png\" sizes=\"\" srcset=\"\" alt=\"make achievement bar to secondary axis to create a bullet chart in excel\"><\/li><li> Und verwenden Sie eine Volltonfarbe als F\u00fcllung f\u00fcr die Leistungsleiste (z. B. Schwarz oder Dunkelblau). <br><img decoding=\"async\" title=\"Nach dem Erstellen der Erfolgsleiste k\u00f6nnen Sie in Excel ein Bullet-Chart erstellen\" src=\"https:\/\/exceladvisor.org\/wp-content\/uploads\/2023\/08\/apres-avoir-cree-une-barre-de-reussite-pour-creer-un-tableau-a-puces-dans-Excel-1.png\" sizes=\"\" srcset=\"\" alt=\"after creating achievement bar to create a bullet chart in excel\"><\/li><\/ul><\/li><\/ol><\/li><\/ol><p> Ihre Aufz\u00e4hlungstabelle ist fast fertig. Sie m\u00fcssen nur noch ein Farbthema f\u00fcr den Vergleichsbereich hinzuf\u00fcgen.<\/p><h3 class=\"wp-block-heading\"> Schritt 4. Erstellen Sie einen Vergleichsbereich<\/h3><p> Um einen Vergleichsbereich zu erstellen, m\u00fcssen Sie eine Farbe ausw\u00e4hlen und vier verschiedene Farbt\u00f6ne davon verwenden. Sie m\u00fcssen sie nur einzeln ausw\u00e4hlen und eine Farbe auftragen. Ich habe hier vier verschiedene Graut\u00f6ne verwendet.<\/p><p> Sie k\u00f6nnen Ihrem Diagramm bei Bedarf auch Formatierungen hinzuf\u00fcgen. Eine Sache, die ich vergessen habe, Ihnen zu sagen, ist, dass Sie, wenn Sie damit fertig sind, unbedingt den Abstand zum Vergleichsbereich auf 500 % und den Erfolgsbalken auf 220 % \u00e4ndern m\u00fcssen.<\/p><p> Gl\u00fcckwunsch! Ihre Bullet-Tabelle ist fertig. <\/p><div class=\"wp-block-image\"><figure class=\"aligncenter\"><img decoding=\"async\" src=\"https:\/\/exceladvisor.org\/wp-content\/uploads\/2023\/08\/tableau-a-puces-pret-a-lemploi-dans-excel-1.png\" sizes=\"\" srcset=\"\" alt=\"Gebrauchsfertige Bullet-Tabelle in Excel\"><\/figure><\/div><h2 class=\"wp-block-heading\"> Weitere Informationen<\/h2><ol><li> Stellen Sie sicher, dass die Breite Ihrer Markierung gr\u00f6\u00dfer als die Erfolgsleiste ist. Wenn Sie also mehr Erfolge als die Zielmarkierung haben, wird dies korrekt angezeigt.<\/li><li> Verwenden Sie f\u00fcr die Leistungsleiste und die Zielmarkierung immer einfarbige Farben.<\/li><li> Nutzen Sie zum Vergleich verschiedene Einzelfarbt\u00f6ne.<\/li><li> Mit derselben Technik k\u00f6nnen Sie auch ein horizontales Bullet-Diagramm erstellen. Ersetzen Sie einfach das S\u00e4ulendiagramm durch ein Balkendiagramm. <\/li><li style=\"list-style-type: none;\"><ol><li style=\"list-style-type: none;\"><\/li><\/ol><\/li><\/ol><h2 class=\"wp-block-heading\"> Beispieldatei<\/h2><p> <a style=\"outline: none;\" href=\"https:\/\/exceladvisor.org\/wp-content\/uploads\/2023\/11\/tableau-a-puces-in2-excel.xls\" rel=\"nofollow\">Laden Sie diese Beispieldatei hier herunter,<\/a> um mehr zu erfahren.<\/p><div class=\"gb-container gb-container-a61970aa gb-container-mt\"> <a class=\"gb-button gb-button-b4293c6c gb-button-text gb-button-mt-button\" href=\"https:\/\/exceladvisor.org\/de\/excel-diagramme\/\">Arten von Excel-Diagrammen<\/a><h2 class=\"gb-headline gb-headline-5bf2e581 gb-headline-text gb-headline-mt-heading\"> Verwandte Tutorials <\/h2><div class=\"gb-grid-wrapper gb-grid-wrapper-9b70abf1 gb-grid-wrapper-mt-grid\"><div class=\"gb-grid-column gb-grid-column-97a95c29\"><div class=\"gb-container gb-container-97a95c29\"><ul><li> <a href=\"https:\/\/exceladvisor.org\/de\/waffelgrafik\/\">GEPR\u00c4GTES BOARD<\/a><\/li><li> <a href=\"https:\/\/exceladvisor.org\/de\/trichterdiagramm\/\">Trichterdiagramm<\/a><\/li><li> <a href=\"https:\/\/exceladvisor.org\/de\/gantt-diagramm\/\">Gantt-Diagramm<\/a><\/li><li> <a href=\"https:\/\/exceladvisor.org\/de\/tornado-diagramm\/\">Tornado-Karte<\/a><\/li><li> <a href=\"https:\/\/exceladvisor.org\/de\/erweiterte-grafik\/\">Erweiterte Excel-Diagramme<\/a><\/li><li> <a href=\"https:\/\/exceladvisor.org\/de\/piktogramm\/\">Piktogramm<\/a> <\/li><\/ul><\/div><\/div><div class=\"gb-grid-column gb-grid-column-0636840f\"><div class=\"gb-container gb-container-0636840f\"><\/div><\/div><\/div><\/div>","protected":false},"excerpt":{"rendered":"","protected":false},"author":1,"featured_media":0,"parent":0,"menu_order":0,"comment_status":"open","ping_status":"closed","template":"","meta":{"ub_ctt_via":"","footnotes":""},"class_list":["post-3157","page","type-page","status-publish","hentry"],"featured_image_src":null,"yoast_head":"<!-- This site is optimized with the Yoast SEO plugin v25.4 - https:\/\/yoast.com\/wordpress\/plugins\/seo\/ -->\n<title>Wie erstelle ich ein Bullet-Diagramm in Excel? (Tutorial 2023)<\/title>\n<meta name=\"description\" content=\"Die Wahl des richtigen Diagrammtyps ist eine der schwierigsten Aufgaben. W\u00e4hrend ich mit solchen Problemen k\u00e4mpfte, fand ich eine Tabelle\" \/>\n<meta name=\"robots\" content=\"index, follow, max-snippet:-1, max-image-preview:large, max-video-preview:-1\" \/>\n<link rel=\"canonical\" href=\"https:\/\/exceladvisor.org\/de\/schwarzes-brett\/\" \/>\n<meta property=\"og:locale\" content=\"de_DE\" \/>\n<meta property=\"og:type\" content=\"article\" \/>\n<meta property=\"og:title\" content=\"Wie erstelle ich ein Bullet-Diagramm in Excel? (Tutorial 2023)\" \/>\n<meta property=\"og:description\" content=\"Die Wahl des richtigen Diagrammtyps ist eine der schwierigsten Aufgaben. W\u00e4hrend ich mit solchen Problemen k\u00e4mpfte, fand ich eine Tabelle\" \/>\n<meta property=\"og:url\" content=\"https:\/\/exceladvisor.org\/de\/schwarzes-brett\/\" \/>\n<meta property=\"og:site_name\" content=\"Excel Advisor\" \/>\n<meta property=\"article:modified_time\" content=\"2023-12-03T11:19:28+00:00\" \/>\n<meta property=\"og:image\" content=\"https:\/\/exceladvisor.org\/wp-content\/uploads\/2023\/08\/tableau-a-puces-pret-a-lemploi-dans-excel-1.png\" \/>\n<meta name=\"twitter:card\" content=\"summary_large_image\" \/>\n<meta name=\"twitter:label1\" content=\"Gesch\u00e4tzte Lesezeit\" \/>\n\t<meta name=\"twitter:data1\" content=\"4\u00a0Minuten\" \/>\n<script type=\"application\/ld+json\" class=\"yoast-schema-graph\">{\"@context\":\"https:\/\/schema.org\",\"@graph\":[{\"@type\":\"WebPage\",\"@id\":\"https:\/\/exceladvisor.org\/de\/schwarzes-brett\/\",\"url\":\"https:\/\/exceladvisor.org\/de\/schwarzes-brett\/\",\"name\":\"Wie erstelle ich ein Bullet-Diagramm in Excel? (Tutorial 2023)\",\"isPartOf\":{\"@id\":\"https:\/\/exceladvisor.org\/de\/#website\"},\"primaryImageOfPage\":{\"@id\":\"https:\/\/exceladvisor.org\/de\/schwarzes-brett\/#primaryimage\"},\"image\":{\"@id\":\"https:\/\/exceladvisor.org\/de\/schwarzes-brett\/#primaryimage\"},\"thumbnailUrl\":\"https:\/\/exceladvisor.org\/wp-content\/uploads\/2023\/08\/tableau-a-puces-pret-a-lemploi-dans-excel-1.png\",\"datePublished\":\"2023-11-12T16:00:40+00:00\",\"dateModified\":\"2023-12-03T11:19:28+00:00\",\"description\":\"Die Wahl des richtigen Diagrammtyps ist eine der schwierigsten Aufgaben. W\u00e4hrend ich mit solchen Problemen k\u00e4mpfte, fand ich eine Tabelle\",\"breadcrumb\":{\"@id\":\"https:\/\/exceladvisor.org\/de\/schwarzes-brett\/#breadcrumb\"},\"inLanguage\":\"de\",\"potentialAction\":[{\"@type\":\"ReadAction\",\"target\":[\"https:\/\/exceladvisor.org\/de\/schwarzes-brett\/\"]}]},{\"@type\":\"ImageObject\",\"inLanguage\":\"de\",\"@id\":\"https:\/\/exceladvisor.org\/de\/schwarzes-brett\/#primaryimage\",\"url\":\"https:\/\/exceladvisor.org\/wp-content\/uploads\/2023\/08\/tableau-a-puces-pret-a-lemploi-dans-excel-1.png\",\"contentUrl\":\"https:\/\/exceladvisor.org\/wp-content\/uploads\/2023\/08\/tableau-a-puces-pret-a-lemploi-dans-excel-1.png\"},{\"@type\":\"BreadcrumbList\",\"@id\":\"https:\/\/exceladvisor.org\/de\/schwarzes-brett\/#breadcrumb\",\"itemListElement\":[{\"@type\":\"ListItem\",\"position\":1,\"name\":\"Accueil\",\"item\":\"https:\/\/exceladvisor.org\/de\/\"},{\"@type\":\"ListItem\",\"position\":2,\"name\":\"Wie erstelle ich ein bullet-diagramm in excel?\"}]},{\"@type\":\"WebSite\",\"@id\":\"https:\/\/exceladvisor.org\/de\/#website\",\"url\":\"https:\/\/exceladvisor.org\/de\/\",\"name\":\"Excel Advisor\",\"description\":\"Ihr Leitfaden zur Datendominanz\",\"publisher\":{\"@id\":\"https:\/\/exceladvisor.org\/de\/#organization\"},\"potentialAction\":[{\"@type\":\"SearchAction\",\"target\":{\"@type\":\"EntryPoint\",\"urlTemplate\":\"https:\/\/exceladvisor.org\/de\/?s={search_term_string}\"},\"query-input\":{\"@type\":\"PropertyValueSpecification\",\"valueRequired\":true,\"valueName\":\"search_term_string\"}}],\"inLanguage\":\"de\"},{\"@type\":\"Organization\",\"@id\":\"https:\/\/exceladvisor.org\/de\/#organization\",\"name\":\"Excel Advisor\",\"url\":\"https:\/\/exceladvisor.org\/de\/\",\"logo\":{\"@type\":\"ImageObject\",\"inLanguage\":\"de\",\"@id\":\"https:\/\/exceladvisor.org\/de\/#\/schema\/logo\/image\/\",\"url\":\"https:\/\/exceladvisor.org\/de\/wp-content\/uploads\/2023\/11\/exceladvisor.org_.png\",\"contentUrl\":\"https:\/\/exceladvisor.org\/de\/wp-content\/uploads\/2023\/11\/exceladvisor.org_.png\",\"width\":105,\"height\":36,\"caption\":\"Excel Advisor\"},\"image\":{\"@id\":\"https:\/\/exceladvisor.org\/de\/#\/schema\/logo\/image\/\"}}]}<\/script>\n<!-- \/ Yoast SEO plugin. -->","yoast_head_json":{"title":"Wie erstelle ich ein Bullet-Diagramm in Excel? (Tutorial 2023)","description":"Die Wahl des richtigen Diagrammtyps ist eine der schwierigsten Aufgaben. W\u00e4hrend ich mit solchen Problemen k\u00e4mpfte, fand ich eine Tabelle","robots":{"index":"index","follow":"follow","max-snippet":"max-snippet:-1","max-image-preview":"max-image-preview:large","max-video-preview":"max-video-preview:-1"},"canonical":"https:\/\/exceladvisor.org\/de\/schwarzes-brett\/","og_locale":"de_DE","og_type":"article","og_title":"Wie erstelle ich ein Bullet-Diagramm in Excel? (Tutorial 2023)","og_description":"Die Wahl des richtigen Diagrammtyps ist eine der schwierigsten Aufgaben. W\u00e4hrend ich mit solchen Problemen k\u00e4mpfte, fand ich eine Tabelle","og_url":"https:\/\/exceladvisor.org\/de\/schwarzes-brett\/","og_site_name":"Excel Advisor","article_modified_time":"2023-12-03T11:19:28+00:00","og_image":[{"url":"https:\/\/exceladvisor.org\/wp-content\/uploads\/2023\/08\/tableau-a-puces-pret-a-lemploi-dans-excel-1.png","type":"","width":"","height":""}],"twitter_card":"summary_large_image","twitter_misc":{"Gesch\u00e4tzte Lesezeit":"4\u00a0Minuten"},"schema":{"@context":"https:\/\/schema.org","@graph":[{"@type":"WebPage","@id":"https:\/\/exceladvisor.org\/de\/schwarzes-brett\/","url":"https:\/\/exceladvisor.org\/de\/schwarzes-brett\/","name":"Wie erstelle ich ein Bullet-Diagramm in Excel? (Tutorial 2023)","isPartOf":{"@id":"https:\/\/exceladvisor.org\/de\/#website"},"primaryImageOfPage":{"@id":"https:\/\/exceladvisor.org\/de\/schwarzes-brett\/#primaryimage"},"image":{"@id":"https:\/\/exceladvisor.org\/de\/schwarzes-brett\/#primaryimage"},"thumbnailUrl":"https:\/\/exceladvisor.org\/wp-content\/uploads\/2023\/08\/tableau-a-puces-pret-a-lemploi-dans-excel-1.png","datePublished":"2023-11-12T16:00:40+00:00","dateModified":"2023-12-03T11:19:28+00:00","description":"Die Wahl des richtigen Diagrammtyps ist eine der schwierigsten Aufgaben. W\u00e4hrend ich mit solchen Problemen k\u00e4mpfte, fand ich eine Tabelle","breadcrumb":{"@id":"https:\/\/exceladvisor.org\/de\/schwarzes-brett\/#breadcrumb"},"inLanguage":"de","potentialAction":[{"@type":"ReadAction","target":["https:\/\/exceladvisor.org\/de\/schwarzes-brett\/"]}]},{"@type":"ImageObject","inLanguage":"de","@id":"https:\/\/exceladvisor.org\/de\/schwarzes-brett\/#primaryimage","url":"https:\/\/exceladvisor.org\/wp-content\/uploads\/2023\/08\/tableau-a-puces-pret-a-lemploi-dans-excel-1.png","contentUrl":"https:\/\/exceladvisor.org\/wp-content\/uploads\/2023\/08\/tableau-a-puces-pret-a-lemploi-dans-excel-1.png"},{"@type":"BreadcrumbList","@id":"https:\/\/exceladvisor.org\/de\/schwarzes-brett\/#breadcrumb","itemListElement":[{"@type":"ListItem","position":1,"name":"Accueil","item":"https:\/\/exceladvisor.org\/de\/"},{"@type":"ListItem","position":2,"name":"Wie erstelle ich ein bullet-diagramm in excel?"}]},{"@type":"WebSite","@id":"https:\/\/exceladvisor.org\/de\/#website","url":"https:\/\/exceladvisor.org\/de\/","name":"Excel Advisor","description":"Ihr Leitfaden zur Datendominanz","publisher":{"@id":"https:\/\/exceladvisor.org\/de\/#organization"},"potentialAction":[{"@type":"SearchAction","target":{"@type":"EntryPoint","urlTemplate":"https:\/\/exceladvisor.org\/de\/?s={search_term_string}"},"query-input":{"@type":"PropertyValueSpecification","valueRequired":true,"valueName":"search_term_string"}}],"inLanguage":"de"},{"@type":"Organization","@id":"https:\/\/exceladvisor.org\/de\/#organization","name":"Excel Advisor","url":"https:\/\/exceladvisor.org\/de\/","logo":{"@type":"ImageObject","inLanguage":"de","@id":"https:\/\/exceladvisor.org\/de\/#\/schema\/logo\/image\/","url":"https:\/\/exceladvisor.org\/de\/wp-content\/uploads\/2023\/11\/exceladvisor.org_.png","contentUrl":"https:\/\/exceladvisor.org\/de\/wp-content\/uploads\/2023\/11\/exceladvisor.org_.png","width":105,"height":36,"caption":"Excel Advisor"},"image":{"@id":"https:\/\/exceladvisor.org\/de\/#\/schema\/logo\/image\/"}}]}},"yoast_meta":{"yoast_wpseo_title":"","yoast_wpseo_metadesc":"","yoast_wpseo_canonical":""},"_links":{"self":[{"href":"https:\/\/exceladvisor.org\/de\/wp-json\/wp\/v2\/pages\/3157","targetHints":{"allow":["GET"]}}],"collection":[{"href":"https:\/\/exceladvisor.org\/de\/wp-json\/wp\/v2\/pages"}],"about":[{"href":"https:\/\/exceladvisor.org\/de\/wp-json\/wp\/v2\/types\/page"}],"author":[{"embeddable":true,"href":"https:\/\/exceladvisor.org\/de\/wp-json\/wp\/v2\/users\/1"}],"replies":[{"embeddable":true,"href":"https:\/\/exceladvisor.org\/de\/wp-json\/wp\/v2\/comments?post=3157"}],"version-history":[{"count":1,"href":"https:\/\/exceladvisor.org\/de\/wp-json\/wp\/v2\/pages\/3157\/revisions"}],"predecessor-version":[{"id":3937,"href":"https:\/\/exceladvisor.org\/de\/wp-json\/wp\/v2\/pages\/3157\/revisions\/3937"}],"wp:attachment":[{"href":"https:\/\/exceladvisor.org\/de\/wp-json\/wp\/v2\/media?parent=3157"}],"curies":[{"name":"wp","href":"https:\/\/api.w.org\/{rel}","templated":true}]}}