{"id":3158,"date":"2023-11-12T15:52:42","date_gmt":"2023-11-12T15:52:42","guid":{"rendered":"https:\/\/exceladvisor.org\/de\/dynamischer-diagrammtitel\/"},"modified":"2023-12-03T11:19:53","modified_gmt":"2023-12-03T11:19:53","slug":"dynamischer-diagrammtitel","status":"publish","type":"page","link":"https:\/\/exceladvisor.org\/de\/dynamischer-diagrammtitel\/","title":{"rendered":"Wie erstelle ich einen dynamischen diagrammtitel in excel?"},"content":{"rendered":"<div class=\"excel-vor-dem-inhalt\" id=\"excel-3347185458\"><script type=\"text\/javascript\">\r\n\tatOptions = {\r\n\t\t'key' : 'c1158f160081d6540a8409e6925dab94',\r\n\t\t'format' : 'iframe',\r\n\t\t'height' : 250,\r\n\t\t'width' : 300,\r\n\t\t'params' : {}\r\n\t};\r\n<\/script>\r\n<script type=\"text\/javascript\" src=\"\/\/www.highperformanceformat.com\/c1158f160081d6540a8409e6925dab94\/invoke.js\"><\/script><\/div> <p>Wir alle lieben <a style=\"outline: none;\" href=\"https:\/\/exceladvisor.org\/de\/interaktive-grafiken\/\">dynamische, interaktive Grafiken<\/a> . Sie sind gro\u00dfartig. Aber wissen Sie, was der wichtigste Teil eines dynamischen Diagramms ist?<\/p><p> Dies ist \u279c <strong>Diagrammtitel<\/strong><\/p><p> Durch die Erstellung eines dynamischen Diagrammtitels k\u00f6nnen Sie Ihre Excel-Diagramme effektiver gestalten.<\/p><p> Denken Sie einfach so. Sie haben ein dynamisches Diagramm erstellt, in dem sich die Werte \u00e4ndern, wenn das aktuelle Jahr wechselt. Aber was ist mit dem Diagrammtitel? Man muss ihn jedes Mal \u00e4ndern.<\/p><p> Die schlechte Nachricht ist, dass immer die M\u00f6glichkeit besteht, etwas zu verpassen. Aber hier ist die gute Nachricht: Sie k\u00f6nnen einen Diagrammtitel an eine Zelle binden, um ihn dynamisch zu machen. Und im heutigen Beitrag m\u00f6chte ich Ihnen die genauen Schritte vorstellen, mit denen Sie einen Diagrammtitel dynamisch machen, indem Sie ihn mit einer Zelle verbinden.<\/p><p> Lass uns anfangen.<\/p><h2 class=\"wp-block-heading\"> Schritte zum Erstellen eines dynamischen Diagrammtitels in Excel<\/h2><p> Das Konvertieren eines normalen Diagrammtitels in einen dynamischen Titel ist einfach. Zuvor ben\u00f6tigen Sie jedoch einen, den Sie mit dem Titel verkn\u00fcpfen k\u00f6nnen.<\/p><p> Hier sind die Schritte:<\/p><ol><li> W\u00e4hlen Sie den Diagrammtitel in Ihrem Diagramm aus.<\/li><li> Gehen Sie zur Formelleiste und geben Sie = ein.<\/li><li> W\u00e4hlen Sie die Zelle aus, die Sie mit dem Diagrammtitel verkn\u00fcpfen m\u00f6chten.<\/li><li> Dr\u00fccken Sie Enter. <\/li><\/ol><div class=\"wp-block-image\"><figure class=\"aligncenter\"><img decoding=\"async\" src=\"https:\/\/exceladvisor.org\/wp-content\/uploads\/2023\/08\/etapes-pour-lier-une-cellule-avec-le-titre-du-graphique-pour-creer-une-dynamique-1.gif\" sizes=\"\" srcset=\"\" alt=\"\"><\/figure><\/div><p> <em>Verwandte Themen: <a style=\"outline: none;\" href=\"https:\/\/exceladvisor.org\/de\/erweiterte-grafik\/\">Die 10 FORTGESCHRITTENEN Excel-Tabellen und -Diagramme (kostenloser Vorlagen-Download)<\/a><\/em><\/p><h2 class=\"wp-block-heading\"> Kombinieren Sie Zelllinks und Text, um einen dynamischen Diagrammtitel zu erstellen<\/h2><p> Lassen Sie mich Ihnen nun zeigen, wie Sie eine Zelle und Text kombinieren, um einen dynamischen Diagrammtitel zu erstellen. Wenn Sie beispielsweise eine Zelle mit einem Jahresnamen verkn\u00fcpfen m\u00f6chten, der sich mit den Diagrammdaten \u00e4ndert, und davor die Bezeichnung \u201eMonatlicher Umsatztrend:\u201c hinzuf\u00fcgen m\u00f6chten.<\/p><ul><li> Geben Sie zun\u00e4chst einfach die Formel ( <code>=\u201dMonthly Sales Trend: \u201d &amp;H3<\/code> ) in die <a href=\"https:\/\/exceladvisor.org\/de\/excel-formelleiste\/\">Formelleiste<\/a> in einer neuen Zelle ein.<\/li><li> W\u00e4hlen Sie den Diagrammtitel aus.<\/li><li> Gehen Sie zur Bearbeitungsleiste und dr\u00fccken Sie =.<\/li><li> W\u00e4hlen Sie nun einfach die neue Zelle aus.<\/li><li> Dr\u00fccken Sie Enter. <\/li><\/ul><div class=\"wp-block-image\"><figure class=\"aligncenter\"><img decoding=\"async\" src=\"https:\/\/exceladvisor.org\/wp-content\/uploads\/2023\/08\/etapes-pour-lier-une-cellule-et-un-texte-avec-titre-de-graphique-pour-creer-une-dynamique-1.gif\" sizes=\"\" srcset=\"\" alt=\"\"><\/figure><\/div><h2 class=\"wp-block-heading\"> Erstellen eines dynamischen Titels in einem Pivot-Diagramm<\/h2><p> Mit derselben Methode k\u00f6nnen Sie auch einen dynamischen Titel in einer Pivot-Tabelle erstellen. Nachdem Sie <a style=\"outline: none;\" href=\"https:\/\/exceladvisor.org\/de\/pivot-tabelle-2\/\" data-wpil=\"url\">eine Pivot-Tabelle erstellt haben<\/a> , befolgen Sie die gleichen Schritte wie bei einer regul\u00e4ren Tabelle. <\/p><div class=\"wp-block-image\"><figure class=\"aligncenter\"><img decoding=\"async\" src=\"https:\/\/exceladvisor.org\/wp-content\/uploads\/2023\/08\/titre-du-graphique-dynamique-avec-lien-vers-une-cellule-avec-des-formules-pour-le-graphique-croise-dynamique-1.png\" sizes=\"\" srcset=\"\" alt=\"dynamischer-Diagrammtitel-mit-Link-zur-Zelle-mit-Formeln-f\u00fcr-Pivot-Diagramm\"><\/figure><\/div><h2 class=\"wp-block-heading\"> Erstellen Sie einen dynamischen Diagrammtitel mit Formen<\/h2><p> Wenn Sie in Ihrem Diagramm Platz sparen m\u00f6chten, k\u00f6nnen Sie auch eine separate rechteckige Form als Diagrammtitel verwenden.<\/p><ul><li> F\u00fcgen Sie einfach eine Form in Ihre Tabelle ein.<\/li><li> Verkn\u00fcpfen Sie es mit der Zelle, wie Sie es im normalen Diagrammtitel getan haben. <\/li><\/ul><div class=\"wp-block-image\"><figure class=\"aligncenter\"><img decoding=\"async\" src=\"https:\/\/exceladvisor.org\/wp-content\/uploads\/2023\/08\/titre-de-graphique-dynamique-avec-lien-vers-une-cellule-avec-des-formules-utilisant-une-forme-1.png\" sizes=\"\" srcset=\"\" alt=\"\"><\/figure><\/div><h2 class=\"wp-block-heading\"> Wichtige Punkte<\/h2><ol><li> Sie k\u00f6nnen im Diagrammtitel keine Formel verwenden, aber Sie k\u00f6nnen sie mit einer Zelle verkn\u00fcpfen, die eine Formel enth\u00e4lt.<\/li><li> Wenn Sie einen Zeilenumbruch in den Diagrammtitel einf\u00fcgen m\u00f6chten, k\u00f6nnen Sie diesen Zeilenumbruch in der Zelle erstellen, zu der Sie eine Verkn\u00fcpfung herstellen.<\/li><\/ol><h2 class=\"wp-block-heading\"> Beispieldatei<\/h2><p> <a href=\"https:\/\/exceladvisor.org\/wp-content\/uploads\/2023\/11\/titre-du-graphique-dynamique-2.xlsx\" rel=\"nofollow\">Laden Sie hier eine Beispieldatei herunter,<\/a> um mehr zu erfahren.<\/p><h2 class=\"wp-block-heading\"> Abschluss<\/h2><p> Der Titel eines dynamischen Diagramms h\u00e4ngt von einer Zelle ab, die eine Formel enth\u00e4lt, die sich \u00e4ndert, wenn Sie den Wert Ihres Diagramms \u00e4ndern. Im Grunde ist Ihr Diagrammtitel also mit einer dynamischen Zelle verkn\u00fcpft. Ich hoffe, dieser Charting-Tipp hilft Ihnen bei der Erstellung fortgeschrittener Diagramme und sagen Sie mir jetzt etwas.<\/p><p> Haben Sie schon einmal einen dynamischen Titel in einem Diagramm verwendet?<\/p><p> Teilen Sie mir Ihre Gedanken im Kommentarbereich mit, ich w\u00fcrde mich freuen, von Ihnen zu h\u00f6ren. Und vergessen Sie nicht, diesen Tipp mit Ihren Freunden zu teilen.<\/p><h2 class=\"wp-block-heading\"> Weitere Charting-Tipps und Tutorials<\/h2><ul><li> <a style=\"outline: none;\" href=\"https:\/\/exceladvisor.org\/de\/fugen-sie-eine-horizontale-linie-hinzu\/\">So f\u00fcgen Sie in Excel eine horizontale Linie zu einem Diagramm hinzu<\/a><\/li><li> <a style=\"outline: none;\" href=\"https:\/\/exceladvisor.org\/de\/fugen-sie-eine-vertikale-linie-hinzu\/\">So f\u00fcgen Sie einem Diagramm in Excel eine vertikale Linie hinzu<\/a><\/li><li> <a style=\"outline: none;\" href=\"https:\/\/exceladvisor.org\/de\/schwarzes-brett\/\">So erstellen Sie ein Bullet-Diagramm in Excel<\/a><\/li><li> <a style=\"outline: none;\" href=\"https:\/\/exceladvisor.org\/de\/dynamischer-diagrammbereich\/\">So erstellen Sie einen dynamischen Diagrammbereich in Excel<\/a><\/li><li> <a style=\"outline: none;\" href=\"https:\/\/exceladvisor.org\/de\/trichterdiagramm\/\">So erstellen Sie ein Verkaufstrichterdiagramm in Excel<\/a><\/li><\/ul>","protected":false},"excerpt":{"rendered":"","protected":false},"author":1,"featured_media":0,"parent":0,"menu_order":0,"comment_status":"open","ping_status":"closed","template":"","meta":{"ub_ctt_via":"","footnotes":""},"class_list":["post-3158","page","type-page","status-publish","hentry"],"featured_image_src":null,"yoast_head":"<!-- This site is optimized with the Yoast SEO plugin v25.4 - https:\/\/yoast.com\/wordpress\/plugins\/seo\/ -->\n<title>Wie erstelle ich einen dynamischen Diagrammtitel in Excel?<\/title>\n<meta name=\"description\" content=\"Durch die Erstellung eines dynamischen Diagrammtitels k\u00f6nnen Sie Ihre Excel-Diagramme effektiver gestalten. Denken Sie einfach so.\" \/>\n<meta name=\"robots\" content=\"index, follow, max-snippet:-1, max-image-preview:large, max-video-preview:-1\" \/>\n<link rel=\"canonical\" href=\"https:\/\/exceladvisor.org\/de\/dynamischer-diagrammtitel\/\" \/>\n<meta property=\"og:locale\" content=\"de_DE\" \/>\n<meta property=\"og:type\" content=\"article\" \/>\n<meta property=\"og:title\" content=\"Wie erstelle ich einen dynamischen Diagrammtitel in Excel?\" \/>\n<meta property=\"og:description\" content=\"Durch die Erstellung eines dynamischen Diagrammtitels k\u00f6nnen Sie Ihre Excel-Diagramme effektiver gestalten. Denken Sie einfach so.\" \/>\n<meta property=\"og:url\" content=\"https:\/\/exceladvisor.org\/de\/dynamischer-diagrammtitel\/\" \/>\n<meta property=\"og:site_name\" content=\"Excel Advisor\" \/>\n<meta property=\"article:modified_time\" content=\"2023-12-03T11:19:53+00:00\" \/>\n<meta property=\"og:image\" content=\"https:\/\/exceladvisor.org\/wp-content\/uploads\/2023\/08\/etapes-pour-lier-une-cellule-avec-le-titre-du-graphique-pour-creer-une-dynamique-1.gif\" \/>\n<meta name=\"twitter:card\" content=\"summary_large_image\" \/>\n<meta name=\"twitter:label1\" content=\"Gesch\u00e4tzte Lesezeit\" \/>\n\t<meta name=\"twitter:data1\" content=\"3\u00a0Minuten\" \/>\n<script type=\"application\/ld+json\" class=\"yoast-schema-graph\">{\"@context\":\"https:\/\/schema.org\",\"@graph\":[{\"@type\":\"WebPage\",\"@id\":\"https:\/\/exceladvisor.org\/de\/dynamischer-diagrammtitel\/\",\"url\":\"https:\/\/exceladvisor.org\/de\/dynamischer-diagrammtitel\/\",\"name\":\"Wie erstelle ich einen dynamischen Diagrammtitel in Excel?\",\"isPartOf\":{\"@id\":\"https:\/\/exceladvisor.org\/de\/#website\"},\"primaryImageOfPage\":{\"@id\":\"https:\/\/exceladvisor.org\/de\/dynamischer-diagrammtitel\/#primaryimage\"},\"image\":{\"@id\":\"https:\/\/exceladvisor.org\/de\/dynamischer-diagrammtitel\/#primaryimage\"},\"thumbnailUrl\":\"https:\/\/exceladvisor.org\/wp-content\/uploads\/2023\/08\/etapes-pour-lier-une-cellule-avec-le-titre-du-graphique-pour-creer-une-dynamique-1.gif\",\"datePublished\":\"2023-11-12T15:52:42+00:00\",\"dateModified\":\"2023-12-03T11:19:53+00:00\",\"description\":\"Durch die Erstellung eines dynamischen Diagrammtitels k\u00f6nnen Sie Ihre Excel-Diagramme effektiver gestalten. Denken Sie einfach so.\",\"breadcrumb\":{\"@id\":\"https:\/\/exceladvisor.org\/de\/dynamischer-diagrammtitel\/#breadcrumb\"},\"inLanguage\":\"de\",\"potentialAction\":[{\"@type\":\"ReadAction\",\"target\":[\"https:\/\/exceladvisor.org\/de\/dynamischer-diagrammtitel\/\"]}]},{\"@type\":\"ImageObject\",\"inLanguage\":\"de\",\"@id\":\"https:\/\/exceladvisor.org\/de\/dynamischer-diagrammtitel\/#primaryimage\",\"url\":\"https:\/\/exceladvisor.org\/wp-content\/uploads\/2023\/08\/etapes-pour-lier-une-cellule-avec-le-titre-du-graphique-pour-creer-une-dynamique-1.gif\",\"contentUrl\":\"https:\/\/exceladvisor.org\/wp-content\/uploads\/2023\/08\/etapes-pour-lier-une-cellule-avec-le-titre-du-graphique-pour-creer-une-dynamique-1.gif\"},{\"@type\":\"BreadcrumbList\",\"@id\":\"https:\/\/exceladvisor.org\/de\/dynamischer-diagrammtitel\/#breadcrumb\",\"itemListElement\":[{\"@type\":\"ListItem\",\"position\":1,\"name\":\"Accueil\",\"item\":\"https:\/\/exceladvisor.org\/de\/\"},{\"@type\":\"ListItem\",\"position\":2,\"name\":\"Wie erstelle ich einen dynamischen diagrammtitel in excel?\"}]},{\"@type\":\"WebSite\",\"@id\":\"https:\/\/exceladvisor.org\/de\/#website\",\"url\":\"https:\/\/exceladvisor.org\/de\/\",\"name\":\"Excel Advisor\",\"description\":\"Ihr Leitfaden zur Datendominanz\",\"publisher\":{\"@id\":\"https:\/\/exceladvisor.org\/de\/#organization\"},\"potentialAction\":[{\"@type\":\"SearchAction\",\"target\":{\"@type\":\"EntryPoint\",\"urlTemplate\":\"https:\/\/exceladvisor.org\/de\/?s={search_term_string}\"},\"query-input\":{\"@type\":\"PropertyValueSpecification\",\"valueRequired\":true,\"valueName\":\"search_term_string\"}}],\"inLanguage\":\"de\"},{\"@type\":\"Organization\",\"@id\":\"https:\/\/exceladvisor.org\/de\/#organization\",\"name\":\"Excel Advisor\",\"url\":\"https:\/\/exceladvisor.org\/de\/\",\"logo\":{\"@type\":\"ImageObject\",\"inLanguage\":\"de\",\"@id\":\"https:\/\/exceladvisor.org\/de\/#\/schema\/logo\/image\/\",\"url\":\"https:\/\/exceladvisor.org\/de\/wp-content\/uploads\/2023\/11\/exceladvisor.org_.png\",\"contentUrl\":\"https:\/\/exceladvisor.org\/de\/wp-content\/uploads\/2023\/11\/exceladvisor.org_.png\",\"width\":105,\"height\":36,\"caption\":\"Excel Advisor\"},\"image\":{\"@id\":\"https:\/\/exceladvisor.org\/de\/#\/schema\/logo\/image\/\"}}]}<\/script>\n<!-- \/ Yoast SEO plugin. -->","yoast_head_json":{"title":"Wie erstelle ich einen dynamischen Diagrammtitel in Excel?","description":"Durch die Erstellung eines dynamischen Diagrammtitels k\u00f6nnen Sie Ihre Excel-Diagramme effektiver gestalten. Denken Sie einfach so.","robots":{"index":"index","follow":"follow","max-snippet":"max-snippet:-1","max-image-preview":"max-image-preview:large","max-video-preview":"max-video-preview:-1"},"canonical":"https:\/\/exceladvisor.org\/de\/dynamischer-diagrammtitel\/","og_locale":"de_DE","og_type":"article","og_title":"Wie erstelle ich einen dynamischen Diagrammtitel in Excel?","og_description":"Durch die Erstellung eines dynamischen Diagrammtitels k\u00f6nnen Sie Ihre Excel-Diagramme effektiver gestalten. Denken Sie einfach so.","og_url":"https:\/\/exceladvisor.org\/de\/dynamischer-diagrammtitel\/","og_site_name":"Excel Advisor","article_modified_time":"2023-12-03T11:19:53+00:00","og_image":[{"url":"https:\/\/exceladvisor.org\/wp-content\/uploads\/2023\/08\/etapes-pour-lier-une-cellule-avec-le-titre-du-graphique-pour-creer-une-dynamique-1.gif","type":"","width":"","height":""}],"twitter_card":"summary_large_image","twitter_misc":{"Gesch\u00e4tzte Lesezeit":"3\u00a0Minuten"},"schema":{"@context":"https:\/\/schema.org","@graph":[{"@type":"WebPage","@id":"https:\/\/exceladvisor.org\/de\/dynamischer-diagrammtitel\/","url":"https:\/\/exceladvisor.org\/de\/dynamischer-diagrammtitel\/","name":"Wie erstelle ich einen dynamischen Diagrammtitel in Excel?","isPartOf":{"@id":"https:\/\/exceladvisor.org\/de\/#website"},"primaryImageOfPage":{"@id":"https:\/\/exceladvisor.org\/de\/dynamischer-diagrammtitel\/#primaryimage"},"image":{"@id":"https:\/\/exceladvisor.org\/de\/dynamischer-diagrammtitel\/#primaryimage"},"thumbnailUrl":"https:\/\/exceladvisor.org\/wp-content\/uploads\/2023\/08\/etapes-pour-lier-une-cellule-avec-le-titre-du-graphique-pour-creer-une-dynamique-1.gif","datePublished":"2023-11-12T15:52:42+00:00","dateModified":"2023-12-03T11:19:53+00:00","description":"Durch die Erstellung eines dynamischen Diagrammtitels k\u00f6nnen Sie Ihre Excel-Diagramme effektiver gestalten. Denken Sie einfach so.","breadcrumb":{"@id":"https:\/\/exceladvisor.org\/de\/dynamischer-diagrammtitel\/#breadcrumb"},"inLanguage":"de","potentialAction":[{"@type":"ReadAction","target":["https:\/\/exceladvisor.org\/de\/dynamischer-diagrammtitel\/"]}]},{"@type":"ImageObject","inLanguage":"de","@id":"https:\/\/exceladvisor.org\/de\/dynamischer-diagrammtitel\/#primaryimage","url":"https:\/\/exceladvisor.org\/wp-content\/uploads\/2023\/08\/etapes-pour-lier-une-cellule-avec-le-titre-du-graphique-pour-creer-une-dynamique-1.gif","contentUrl":"https:\/\/exceladvisor.org\/wp-content\/uploads\/2023\/08\/etapes-pour-lier-une-cellule-avec-le-titre-du-graphique-pour-creer-une-dynamique-1.gif"},{"@type":"BreadcrumbList","@id":"https:\/\/exceladvisor.org\/de\/dynamischer-diagrammtitel\/#breadcrumb","itemListElement":[{"@type":"ListItem","position":1,"name":"Accueil","item":"https:\/\/exceladvisor.org\/de\/"},{"@type":"ListItem","position":2,"name":"Wie erstelle ich einen dynamischen diagrammtitel in excel?"}]},{"@type":"WebSite","@id":"https:\/\/exceladvisor.org\/de\/#website","url":"https:\/\/exceladvisor.org\/de\/","name":"Excel Advisor","description":"Ihr Leitfaden zur Datendominanz","publisher":{"@id":"https:\/\/exceladvisor.org\/de\/#organization"},"potentialAction":[{"@type":"SearchAction","target":{"@type":"EntryPoint","urlTemplate":"https:\/\/exceladvisor.org\/de\/?s={search_term_string}"},"query-input":{"@type":"PropertyValueSpecification","valueRequired":true,"valueName":"search_term_string"}}],"inLanguage":"de"},{"@type":"Organization","@id":"https:\/\/exceladvisor.org\/de\/#organization","name":"Excel Advisor","url":"https:\/\/exceladvisor.org\/de\/","logo":{"@type":"ImageObject","inLanguage":"de","@id":"https:\/\/exceladvisor.org\/de\/#\/schema\/logo\/image\/","url":"https:\/\/exceladvisor.org\/de\/wp-content\/uploads\/2023\/11\/exceladvisor.org_.png","contentUrl":"https:\/\/exceladvisor.org\/de\/wp-content\/uploads\/2023\/11\/exceladvisor.org_.png","width":105,"height":36,"caption":"Excel Advisor"},"image":{"@id":"https:\/\/exceladvisor.org\/de\/#\/schema\/logo\/image\/"}}]}},"yoast_meta":{"yoast_wpseo_title":"","yoast_wpseo_metadesc":"","yoast_wpseo_canonical":""},"_links":{"self":[{"href":"https:\/\/exceladvisor.org\/de\/wp-json\/wp\/v2\/pages\/3158","targetHints":{"allow":["GET"]}}],"collection":[{"href":"https:\/\/exceladvisor.org\/de\/wp-json\/wp\/v2\/pages"}],"about":[{"href":"https:\/\/exceladvisor.org\/de\/wp-json\/wp\/v2\/types\/page"}],"author":[{"embeddable":true,"href":"https:\/\/exceladvisor.org\/de\/wp-json\/wp\/v2\/users\/1"}],"replies":[{"embeddable":true,"href":"https:\/\/exceladvisor.org\/de\/wp-json\/wp\/v2\/comments?post=3158"}],"version-history":[{"count":1,"href":"https:\/\/exceladvisor.org\/de\/wp-json\/wp\/v2\/pages\/3158\/revisions"}],"predecessor-version":[{"id":3972,"href":"https:\/\/exceladvisor.org\/de\/wp-json\/wp\/v2\/pages\/3158\/revisions\/3972"}],"wp:attachment":[{"href":"https:\/\/exceladvisor.org\/de\/wp-json\/wp\/v2\/media?parent=3158"}],"curies":[{"name":"wp","href":"https:\/\/api.w.org\/{rel}","templated":true}]}}