{"id":3161,"date":"2023-11-12T14:09:55","date_gmt":"2023-11-12T14:09:55","guid":{"rendered":"https:\/\/exceladvisor.org\/de\/zellen-mit-text-zahlen\/"},"modified":"2023-12-03T13:05:55","modified_gmt":"2023-12-03T13:05:55","slug":"zellen-mit-text-zahlen","status":"publish","type":"page","link":"https:\/\/exceladvisor.org\/de\/zellen-mit-text-zahlen\/","title":{"rendered":"Wie z\u00e4hle ich zellen mit text in excel?"},"content":{"rendered":"<div class=\"excel-vor-dem-inhalt\" id=\"excel-3886000296\"><script type=\"text\/javascript\">\r\n\tatOptions = {\r\n\t\t'key' : 'c1158f160081d6540a8409e6925dab94',\r\n\t\t'format' : 'iframe',\r\n\t\t'height' : 250,\r\n\t\t'width' : 300,\r\n\t\t'params' : {}\r\n\t};\r\n<\/script>\r\n<script type=\"text\/javascript\" src=\"\/\/www.highperformanceformat.com\/c1158f160081d6540a8409e6925dab94\/invoke.js\"><\/script><\/div> <p>Letzte Woche fragte mich einer meiner Leser nach einer einfachen Formel, mit der er Zellen mit Text z\u00e4hlen kann. Im Grunde versuchte er herauszufinden, welche Methode am besten geeignet ist.<\/p><p> Aber wenn Sie eine Sekunde dar\u00fcber nachdenken. In Excel gibt es verschiedene Formeln, um alle Zellen zu z\u00e4hlen, in denen Sie Textwerte haben. Aber der Punkt ist, welches Sie verwenden sollten.<\/p><p> Ich denke, es kommt auf die Situation an. Eine Sache, die Sie hier verstehen m\u00fcssen, ist, dass mit Zellen mit Text alle Zellen gemeint sind, in denen Sie keine Zahlen, leere Zellen oder Fehler haben.<\/p><p> Heute m\u00f6chte ich in diesem Artikel 6 verschiedene M\u00f6glichkeiten vorstellen, Zellen mit Text in verschiedenen Situationen zu z\u00e4hlen.<\/p><h2 id=\"tab-con-1\" class=\"wp-block-heading\"> 1. COUNTIF mit Platzhaltern, um Zellen mit Textwerten zu z\u00e4hlen<\/h2><p> Die beste Formel zum Z\u00e4hlen von Zellen mit Text ist COUNTIF mit einem <a href=\"https:\/\/exceladvisor.org\/de\/platzhalter-2\/\" data-wpil=\"url\">Platzhalter<\/a> (* \u2013 Sternchen). In der Datentabelle unten finden Sie eine Liste mit Namen und Mobiltelefonnummern in einer einzigen Spalte. Und aus dieser Liste m\u00fcssen Sie die Anzahl der Zellen mit Namen (Text) z\u00e4hlen. Die Formel lautet: <\/p><pre class=\"wp-block-code\"> <code class=\"language-excel-formula\" lang=\"excel-formula\">=COUNTIF(A2:A20,\"*\")<\/code><\/pre><div class=\"wp-block-image\"><figure class=\"aligncenter size-full\"><img decoding=\"async\" class=\"wp-image-12935\" src=\"https:\/\/exceladvisor.org\/wp-content\/uploads\/2023\/08\/1-compter-les-cellules-avec-du-texte-en-utilisant-countif-et-astrisk-min-1.png\" sizes=\"\" srcset=\"\" alt=\"count-cells-with-text-using-countif-and-astrisk-min\"><\/figure><\/div><p> Wenn Sie es eingeben, wird nur die Anzahl der Zellen mit Text zur\u00fcckgegeben.<\/p><h3 class=\"wp-block-heading\"> So funktioniert diese Formel<\/h3><p> Hier haben wir COUNTIF verwendet, um Zellen mit bestimmten Kriterien zu z\u00e4hlen, und f\u00fcr Kriterien haben wir ein Sternchen verwendet. Wenn Sie ein Sternchen verwenden, werden Zellen gez\u00e4hlt, die eine beliebige Anzahl anderer Zeichen als logische Werte, Zahlen (sofern nicht als Text eingegeben) und Fehler enthalten.<\/p><p class=\"qt-tip\"> <strong>Hinweis:<\/strong> Wenn es Zellen gibt, in denen <a style=\"outline: none;\" href=\"https:\/\/exceladvisor.org\/de\/entfernen-sie-zusatzliche-leerzeichen\/\" target=\"_blank\" rel=\"noopener noreferrer\">Sie nur Leerzeichen haben<\/a> , wird dies als Text gez\u00e4hlt. Daf\u00fcr k\u00f6nnen Sie Ihre Formel also wie folgt \u00e4ndern.<\/p><pre class=\"wp-block-code\"> <code class=\"language-excel-formula\" lang=\"excel-formula\">=COUNTIFS(A2:A20,\"*\",A2:A20,\"&lt;&gt; \")<\/code><\/pre><h2 id=\"tab-con-2\" class=\"wp-block-heading\"> 2. SUMPRODUCT und ISTEXT, um die Anzahl der Zellen mit Text zu z\u00e4hlen<\/h2><p> Um die Anzahl der Zellen zu z\u00e4hlen, die Text enthalten, k\u00f6nnen Sie auch eine Formel erstellen, indem Sie SUMPRODUCT und ISTEXT kombinieren. Und die Formel wird sein: <\/p><pre class=\"wp-block-code\"> <code class=\"language-excel-formula\" lang=\"excel-formula\">=SUMPRODUCT(--ISTEXT(A2:A20))<\/code><\/pre><p class=\"has-text-align-center\"><img loading=\"lazy\" decoding=\"async\" src=\"https:\/\/exceladvisor.org\/wp-content\/uploads\/2023\/08\/2-compter-les-cellules-avec-du-texte-en-utilisant-sumproduct-et-istext-min-1.png\" sizes=\"auto, \" srcset=\"\" alt=\"\" width=\"486\" height=\"336\" data-attachment-id=\"12936\"><\/p><p> Wenn Sie es eingeben, wird die Anzahl der Zellen zur\u00fcckgegeben, die Text enthalten.<\/p><h3 class=\"wp-block-heading\"> So funktioniert diese Formel<\/h3><p> Um diese Formel zu verstehen, m\u00fcssen Sie sie in drei verschiedene Teile unterteilen.<\/p><p> <strong>Zuerst<\/strong> haben Sie mit ISTEXT \u00fcberpr\u00fcft, ob eine Zelle Text enth\u00e4lt oder nicht. Hier gibt ISTEXT <strong>ein Array zur\u00fcck<\/strong> , in dem f\u00fcr alle Zellen, in denen Sie TRUE f\u00fcr Zellen mit Text und FALSE f\u00fcr alle anderen Zellen haben, ein Array zur\u00fcckgegeben wird. <\/p><div class=\"wp-block-image\"><figure class=\"aligncenter\"><img decoding=\"async\" src=\"https:\/\/exceladvisor.org\/wp-content\/uploads\/2023\/08\/3-compter-les-cellules-avec-du-texte-en-utilisant-sumproduct-et-istext-true-false-array-min-1.png\" sizes=\"\" srcset=\"\" alt=\"\"><\/figure><\/div><p> <strong>Zweitens<\/strong> f\u00fcgen Sie ein doppeltes Minuszeichen hinzu, um das TRUE\/FALSE-Array in 1\/0 umzuwandeln. Jetzt haben Sie f\u00fcr alle Zellen mit Text eine 1 und f\u00fcr alle anderen eine 0. <\/p><div class=\"wp-block-image is-style-default\"><figure class=\"aligncenter\"><img decoding=\"async\" src=\"https:\/\/exceladvisor.org\/wp-content\/uploads\/2023\/08\/4-cellules-de-comptage-avec-du-texte-en-utilisant-sumproduct-et-istext-un-tableau-zero-min-1.png\" sizes=\"\" srcset=\"\" alt=\"\"><\/figure><\/div><p> <strong>Drittens<\/strong> haben Sie SUMPRODUCT verwendet, um dieses Array zu summieren. Und diese Summe ist die Anzahl der Zellen, die Text enthalten. <\/p><div class=\"wp-block-image\"><figure class=\"aligncenter\"><img decoding=\"async\" src=\"https:\/\/exceladvisor.org\/wp-content\/uploads\/2023\/08\/5-compter-les-cellules-avec-du-texte-en-utilisant-sumproduct-et-istext-un-zero-somme-min-1.png\" sizes=\"\" srcset=\"\" alt=\"\"><\/figure><\/div><p> Die Verwendung von SUMPRODUCT hat hier den Vorteil, dass Sie Ihre Formeln nicht in Tabellenform eingeben m\u00fcssen.<\/p><h2 class=\"wp-block-heading\"> 3. Formel zum Z\u00e4hlen von Zellen mit bestimmtem Text<\/h2><p> Lassen Sie uns nun etwas tiefer graben. Angenommen, Sie m\u00fcssen Zellen z\u00e4hlen, in denen sich ein bestimmter Text befindet. Hier ist ein Beispiel. In der Datentabelle unten m\u00fcssen Sie die Zelle z\u00e4hlen, in der Sie \u201eJohn\u201c haben. Und daf\u00fcr lautet die Formel: <\/p><pre class=\"wp-block-code\"> <code class=\"language-excel-formula\" lang=\"excel-formula\">=COUNTIF(A2:A20,\"John\")<\/code><\/pre><p class=\"has-text-align-center\"><img loading=\"lazy\" decoding=\"async\" src=\"https:\/\/exceladvisor.org\/wp-content\/uploads\/2023\/08\/6-cellules-de-comptage-avec-texte-specifique-avec-countif-min-1.png\" sizes=\"auto, \" srcset=\"\" alt=\"\" width=\"431\" height=\"313\" data-attachment-id=\"12940\"><\/p><p> Diese Formel gibt die Anzahl der Zellen zur\u00fcck, in denen sich der von Ihnen angegebene Text befindet.<\/p><h2 class=\"wp-block-heading\"> 4. Zellen mit Teiltext<\/h2><p> Dies passiert manchmal, wenn Sie Zellen z\u00e4hlen m\u00fcssen, indem Sie Teiltext abgleichen. Und Z\u00c4HLENWENN und Platzhalter k\u00f6nnen Ihnen dabei helfen.<\/p><p> Sehen Sie sich die Tabelle unten an, in der wir den Produktnamen und die Rechnungsnummern kombiniert haben. Und von dort aus m\u00fcssen Sie die Anzahl der Zellen mit \u201eProdukt-A\u201c z\u00e4hlen. Verwenden Sie die folgende Formel: <\/p><pre class=\"wp-block-code\"> <code class=\"language-excel-formula\" lang=\"excel-formula\">=COUNTIF(A2:A20,\"Product-A*\")<\/code><\/pre><p class=\"has-text-align-center\"><img loading=\"lazy\" decoding=\"async\" src=\"https:\/\/exceladvisor.org\/wp-content\/uploads\/2023\/08\/7-cellules-de-comptage-avec-texte-specifique-partiel-specifique-countif-asterisque-min-1.png\" sizes=\"auto, \" srcset=\"\" alt=\"\" width=\"462\" height=\"312\" data-attachment-id=\"12941\"><\/p><p> Diese Formel gibt die Anzahl der Zellen zur\u00fcck, in denen Sie \u201eProdukt-A\u201c haben.<\/p><h2 class=\"wp-block-heading\"> 5. Gro\u00df-\/Kleinschreibung beim Text beachten<\/h2><p> Hier ist etwas anderes. Sie m\u00fcssen Zellen mit bestimmtem Text z\u00e4hlen und bei dieser Zahl sollte die Gro\u00df-\/Kleinschreibung beachtet werden.<\/p><p> In der folgenden Tabelle m\u00fcssen Sie die Zellen mit dem Namen \u201eJOHN\u201c z\u00e4hlen, aber hier haben Sie den gleichen Namen in Kleinbuchstaben, die Zahl sollte jedoch in Gro\u00dfbuchstaben geschrieben sein.<\/p><p> Dazu k\u00f6nnen Sie SUMPRODUCT mit EXACT kombinieren. <\/p><pre class=\"wp-block-code\"> <code class=\"language-excel-formula\" lang=\"excel-formula\">=SUMPRODUCT(--EXACT(\"JOHN\",A1:A20))<\/code><\/pre><p class=\"has-text-align-center\"><img loading=\"lazy\" decoding=\"async\" src=\"https:\/\/exceladvisor.org\/wp-content\/uploads\/2023\/08\/8-cellules-de-comptage-avec-texte-min-exact-1.png\" sizes=\"auto, \" srcset=\"\" alt=\"\" width=\"526\" height=\"323\" data-attachment-id=\"12942\"><\/p><p> Es wird die Anzahl der Zellen zur\u00fcckgegeben, in denen Sie \u201eJOHN\u201c haben.<\/p><h3 class=\"wp-block-heading\"> Wie funktioniert diese Formel?<\/h3><p> Um diese Formel zu verstehen, m\u00fcssen Sie sie in drei verschiedene Teile unterteilen.<\/p><p> Zuerst haben Sie EXACT verwendet, um den gesamten Zellbereich mit dem Text \u201eJOHN\u201c zu vergleichen. Es wird ein Array zur\u00fcckgegeben, in dem Sie TRUE f\u00fcr Zellen haben, in denen \u201eJOHN\u201c steht, wobei \u201ejohn\u201c, \u201eJohn\u201c und alle anderen Zellen ignoriert werden. <\/p><div class=\"wp-block-image\"><figure class=\"aligncenter\"><img decoding=\"async\" src=\"https:\/\/exceladvisor.org\/wp-content\/uploads\/2023\/08\/9-cellules-de-comptage-avec-texte-exact-vrai-faux-tableau-min-1.png\" sizes=\"\" srcset=\"\" alt=\"\"><\/figure><\/div><p> Zweitens f\u00fcgen Sie ein doppeltes Minuszeichen hinzu, um dieses TRUE\/FALSE-Array in 1\/0 umzuwandeln. Jetzt haben Sie f\u00fcr alle Zellen mit dem \u201eJOHN\u201c eine 1 und f\u00fcr alle anderen eine 0. <\/p><div class=\"wp-block-image\"><figure class=\"aligncenter\"><img decoding=\"async\" src=\"https:\/\/exceladvisor.org\/wp-content\/uploads\/2023\/08\/10-cellules-de-comptage-avec-texte-exact-un-zero-tableau-min-1.png\" sizes=\"\" srcset=\"\" alt=\"count-cells-with-text-exact-one-null-array-min\"><\/figure><\/div><p> Drittens haben Sie SUMPRODUCT verwendet, um dieses Array zu summieren. Und diese Summe ist die Anzahl der Zellen, die \u201eJOHN\u201c enthalten. <\/p><div class=\"wp-block-image\"><figure class=\"aligncenter\"><img decoding=\"async\" src=\"https:\/\/exceladvisor.org\/wp-content\/uploads\/2023\/08\/11-cellules-de-comptage-avec-tableau-de-somme-exacte-de-texte-min-1.png\" sizes=\"\" srcset=\"\" alt=\"\"><\/figure><\/div><h2 class=\"wp-block-heading\"> 5. VBA zum Z\u00e4hlen von Zellen mit Text<\/h2><p> Die Verwendung von Makrocode ist eine enorme Zeitersparnis. Die folgenden Codes helfen Ihnen, die Anzahl der Zellen mit Text in der Auswahl und im gesamten Arbeitsblatt zu z\u00e4hlen.<\/p><h3 class=\"wp-block-heading\"> Zur Auswahl:<\/h3><pre class=\"wp-block-code\"> <code class=\"language-visual-basic line-numbers\" lang=\"visual-basic\">Sub countTextSelection() Dim rng As Range Dim i As Integer For Each rng In Selection If Application.WorksheetFunction.IsText(rng) Then i = i + 1 End If Next rng MsgBox i End Sub<\/code><\/pre><h3 class=\"wp-block-heading\"> Gesamte Tabelle:<\/h3><pre class=\"wp-block-code\"> <code class=\"language-visual-basic line-numbers\" lang=\"visual-basic\">Sub countTextWorksheet() Dim rng As Range Dim i As Integer For Each rng In ActiveSheet.UsedRange If Application.WorksheetFunction.IsText(rng) Then i = i + 1 End If Next rng MsgBox i End Sub<\/code><\/pre><p> <em>Verwandte Themen: <a href=\"https:\/\/exceladvisor.org\/de\/vba\/\">Was ist VBA in Excel?<\/a><\/em><\/p><h2 class=\"wp-block-heading\"> Abschluss<\/h2><p> Ich bin sicher, dass alle diese Methoden ausreichen, um in einer bestimmten Situation Zellen mit Text zu z\u00e4hlen. Sie k\u00f6nnen jede der Methoden anwenden, die Ihrer Meinung nach f\u00fcr Sie perfekt ist.<\/p><p> In den meisten Situationen ist die erste Methode problemlos anwendbar. Wenn Sie jedoch noch weiter gehen m\u00f6chten, k\u00f6nnen Sie auch andere Methoden verwenden. F\u00fcr mich ist VBA eine enorme Zeitersparnis, da ich keine Formeln anwenden muss. Jetzt bist du an der Reihe, mir etwas zu sagen.<\/p><p> <strong>Haben Sie eine andere Methode, mit der wir die Anzahl der Zellen mit Text z\u00e4hlen k\u00f6nnen?<\/strong><\/p><p> Teilen Sie mir Ihre Gedanken unbedingt im Kommentarbereich mit, ich w\u00fcrde mich freuen, von Ihnen zu h\u00f6ren. Und vergessen Sie bitte nicht, diesen Beitrag mit Ihren Freunden zu teilen, ich bin sicher, sie werden es genie\u00dfen. <\/p><div class=\"gb-container gb-container-52dfcee1 gb-container-sample-file\"><h2 class=\"gb-headline gb-headline-e289c143 gb-headline-text gb-headline-4f7959c2\"> Holen Sie sich die Excel-Datei<\/h2><p> <a class=\"gb-button gb-button-e88d6bee gb-button-text gb-button-button1\" href=\"https:\/\/exceladvisor.org\/wp-content\/uploads\/2023\/08\/compter-les-cellules-avec-du-texte-2.xlsx\" rel=\"nofollow\">Herunterladen<\/a><\/p><\/div><div class=\"gb-container gb-container-0df56012 gb-container-mt\"> <a class=\"gb-button gb-button-f9f432f4 gb-button-text gb-button-mt-button\" href=\"https:\/\/exceladvisor.org\/de\/formeln\/\">Liste der Excel-Formeln<\/a><h2 class=\"gb-headline gb-headline-233444e8 gb-headline-text gb-headline-mt-heading\"> Verwandte Formeln <\/h2><div class=\"gb-grid-wrapper gb-grid-wrapper-a16fa65c gb-grid-wrapper-mt-grid\"><div class=\"gb-grid-column gb-grid-column-50d07e0d\"><div class=\"gb-container gb-container-50d07e0d\"><ul><li> <a href=\"https:\/\/exceladvisor.org\/de\/zahlen-sie-bestimmte-zeichen\/\">Z\u00e4hlen Sie bestimmte Zeichen in Excel<\/a><\/li><li> <a href=\"https:\/\/exceladvisor.org\/de\/zahlen-sie-die-gesamtzahl-der-zellen\/\">Z\u00e4hlen Sie die Gesamtzahl der Zellen in einem Bereich in Excel<\/a><\/li><li> <a href=\"https:\/\/exceladvisor.org\/de\/eindeutige-werte-zahlen-1\/\">Z\u00e4hlen Sie eindeutige Werte in Excel<\/a><\/li><li> <a href=\"https:\/\/exceladvisor.org\/de\/zahle-die-worter\/\">Z\u00e4hlen Sie W\u00f6rter in Excel<\/a><\/li><li> <a href=\"https:\/\/exceladvisor.org\/de\/gefilterte-zeilen-zahlen\/\">Z\u00e4hlen Sie gefilterte Zeilen in Excel<\/a><\/li><li> <a href=\"https:\/\/exceladvisor.org\/de\/zahle-die-zeilen-2\/\">Zeilen z\u00e4hlen (alle, leer, nicht leer und mit Zahlen)<\/a> <\/li><\/ul><\/div><\/div><div class=\"gb-grid-column gb-grid-column-5b4a0cf9\"><div class=\"gb-container gb-container-5b4a0cf9\"><\/div><\/div><\/div><\/div>","protected":false},"excerpt":{"rendered":"","protected":false},"author":1,"featured_media":0,"parent":0,"menu_order":0,"comment_status":"open","ping_status":"closed","template":"","meta":{"ub_ctt_via":"","footnotes":""},"class_list":["post-3161","page","type-page","status-publish","hentry"],"featured_image_src":null,"yoast_head":"<!-- This site is optimized with the Yoast SEO plugin v25.4 - https:\/\/yoast.com\/wordpress\/plugins\/seo\/ -->\n<title>\u25b7 Wie z\u00e4hle ich Zellen mit Text in Excel?<\/title>\n<meta name=\"description\" content=\"Das Z\u00e4hlen der Anzahl der Zellen mit Text kann in verschiedenen Situationen mit unterschiedlichen Methoden erfolgen. Und ich habe 6 aufgelistet...\" \/>\n<meta name=\"robots\" content=\"index, follow, max-snippet:-1, max-image-preview:large, max-video-preview:-1\" \/>\n<link rel=\"canonical\" href=\"https:\/\/exceladvisor.org\/de\/zellen-mit-text-zahlen\/\" \/>\n<meta property=\"og:locale\" content=\"de_DE\" \/>\n<meta property=\"og:type\" content=\"article\" \/>\n<meta property=\"og:title\" content=\"\u25b7 Wie z\u00e4hle ich Zellen mit Text in Excel?\" \/>\n<meta property=\"og:description\" content=\"Das Z\u00e4hlen der Anzahl der Zellen mit Text kann in verschiedenen Situationen mit unterschiedlichen Methoden erfolgen. Und ich habe 6 aufgelistet...\" \/>\n<meta property=\"og:url\" content=\"https:\/\/exceladvisor.org\/de\/zellen-mit-text-zahlen\/\" \/>\n<meta property=\"og:site_name\" content=\"Excel Advisor\" \/>\n<meta property=\"article:modified_time\" content=\"2023-12-03T13:05:55+00:00\" \/>\n<meta property=\"og:image\" content=\"https:\/\/exceladvisor.org\/wp-content\/uploads\/2023\/08\/1-compter-les-cellules-avec-du-texte-en-utilisant-countif-et-astrisk-min-1.png\" \/>\n<meta name=\"twitter:card\" content=\"summary_large_image\" \/>\n<meta name=\"twitter:label1\" content=\"Gesch\u00e4tzte Lesezeit\" \/>\n\t<meta name=\"twitter:data1\" content=\"6\u00a0Minuten\" \/>\n<script type=\"application\/ld+json\" class=\"yoast-schema-graph\">{\"@context\":\"https:\/\/schema.org\",\"@graph\":[{\"@type\":\"WebPage\",\"@id\":\"https:\/\/exceladvisor.org\/de\/zellen-mit-text-zahlen\/\",\"url\":\"https:\/\/exceladvisor.org\/de\/zellen-mit-text-zahlen\/\",\"name\":\"\u25b7 Wie z\u00e4hle ich Zellen mit Text in Excel?\",\"isPartOf\":{\"@id\":\"https:\/\/exceladvisor.org\/de\/#website\"},\"primaryImageOfPage\":{\"@id\":\"https:\/\/exceladvisor.org\/de\/zellen-mit-text-zahlen\/#primaryimage\"},\"image\":{\"@id\":\"https:\/\/exceladvisor.org\/de\/zellen-mit-text-zahlen\/#primaryimage\"},\"thumbnailUrl\":\"https:\/\/exceladvisor.org\/wp-content\/uploads\/2023\/08\/1-compter-les-cellules-avec-du-texte-en-utilisant-countif-et-astrisk-min-1.png\",\"datePublished\":\"2023-11-12T14:09:55+00:00\",\"dateModified\":\"2023-12-03T13:05:55+00:00\",\"description\":\"Das Z\u00e4hlen der Anzahl der Zellen mit Text kann in verschiedenen Situationen mit unterschiedlichen Methoden erfolgen. Und ich habe 6 aufgelistet...\",\"breadcrumb\":{\"@id\":\"https:\/\/exceladvisor.org\/de\/zellen-mit-text-zahlen\/#breadcrumb\"},\"inLanguage\":\"de\",\"potentialAction\":[{\"@type\":\"ReadAction\",\"target\":[\"https:\/\/exceladvisor.org\/de\/zellen-mit-text-zahlen\/\"]}]},{\"@type\":\"ImageObject\",\"inLanguage\":\"de\",\"@id\":\"https:\/\/exceladvisor.org\/de\/zellen-mit-text-zahlen\/#primaryimage\",\"url\":\"https:\/\/exceladvisor.org\/wp-content\/uploads\/2023\/08\/1-compter-les-cellules-avec-du-texte-en-utilisant-countif-et-astrisk-min-1.png\",\"contentUrl\":\"https:\/\/exceladvisor.org\/wp-content\/uploads\/2023\/08\/1-compter-les-cellules-avec-du-texte-en-utilisant-countif-et-astrisk-min-1.png\"},{\"@type\":\"BreadcrumbList\",\"@id\":\"https:\/\/exceladvisor.org\/de\/zellen-mit-text-zahlen\/#breadcrumb\",\"itemListElement\":[{\"@type\":\"ListItem\",\"position\":1,\"name\":\"Accueil\",\"item\":\"https:\/\/exceladvisor.org\/de\/\"},{\"@type\":\"ListItem\",\"position\":2,\"name\":\"Wie z\u00e4hle ich zellen mit text in excel?\"}]},{\"@type\":\"WebSite\",\"@id\":\"https:\/\/exceladvisor.org\/de\/#website\",\"url\":\"https:\/\/exceladvisor.org\/de\/\",\"name\":\"Excel Advisor\",\"description\":\"Ihr Leitfaden zur Datendominanz\",\"publisher\":{\"@id\":\"https:\/\/exceladvisor.org\/de\/#organization\"},\"potentialAction\":[{\"@type\":\"SearchAction\",\"target\":{\"@type\":\"EntryPoint\",\"urlTemplate\":\"https:\/\/exceladvisor.org\/de\/?s={search_term_string}\"},\"query-input\":{\"@type\":\"PropertyValueSpecification\",\"valueRequired\":true,\"valueName\":\"search_term_string\"}}],\"inLanguage\":\"de\"},{\"@type\":\"Organization\",\"@id\":\"https:\/\/exceladvisor.org\/de\/#organization\",\"name\":\"Excel Advisor\",\"url\":\"https:\/\/exceladvisor.org\/de\/\",\"logo\":{\"@type\":\"ImageObject\",\"inLanguage\":\"de\",\"@id\":\"https:\/\/exceladvisor.org\/de\/#\/schema\/logo\/image\/\",\"url\":\"https:\/\/exceladvisor.org\/de\/wp-content\/uploads\/2023\/11\/exceladvisor.org_.png\",\"contentUrl\":\"https:\/\/exceladvisor.org\/de\/wp-content\/uploads\/2023\/11\/exceladvisor.org_.png\",\"width\":105,\"height\":36,\"caption\":\"Excel Advisor\"},\"image\":{\"@id\":\"https:\/\/exceladvisor.org\/de\/#\/schema\/logo\/image\/\"}}]}<\/script>\n<!-- \/ Yoast SEO plugin. -->","yoast_head_json":{"title":"\u25b7 Wie z\u00e4hle ich Zellen mit Text in Excel?","description":"Das Z\u00e4hlen der Anzahl der Zellen mit Text kann in verschiedenen Situationen mit unterschiedlichen Methoden erfolgen. Und ich habe 6 aufgelistet...","robots":{"index":"index","follow":"follow","max-snippet":"max-snippet:-1","max-image-preview":"max-image-preview:large","max-video-preview":"max-video-preview:-1"},"canonical":"https:\/\/exceladvisor.org\/de\/zellen-mit-text-zahlen\/","og_locale":"de_DE","og_type":"article","og_title":"\u25b7 Wie z\u00e4hle ich Zellen mit Text in Excel?","og_description":"Das Z\u00e4hlen der Anzahl der Zellen mit Text kann in verschiedenen Situationen mit unterschiedlichen Methoden erfolgen. Und ich habe 6 aufgelistet...","og_url":"https:\/\/exceladvisor.org\/de\/zellen-mit-text-zahlen\/","og_site_name":"Excel Advisor","article_modified_time":"2023-12-03T13:05:55+00:00","og_image":[{"url":"https:\/\/exceladvisor.org\/wp-content\/uploads\/2023\/08\/1-compter-les-cellules-avec-du-texte-en-utilisant-countif-et-astrisk-min-1.png","type":"","width":"","height":""}],"twitter_card":"summary_large_image","twitter_misc":{"Gesch\u00e4tzte Lesezeit":"6\u00a0Minuten"},"schema":{"@context":"https:\/\/schema.org","@graph":[{"@type":"WebPage","@id":"https:\/\/exceladvisor.org\/de\/zellen-mit-text-zahlen\/","url":"https:\/\/exceladvisor.org\/de\/zellen-mit-text-zahlen\/","name":"\u25b7 Wie z\u00e4hle ich Zellen mit Text in Excel?","isPartOf":{"@id":"https:\/\/exceladvisor.org\/de\/#website"},"primaryImageOfPage":{"@id":"https:\/\/exceladvisor.org\/de\/zellen-mit-text-zahlen\/#primaryimage"},"image":{"@id":"https:\/\/exceladvisor.org\/de\/zellen-mit-text-zahlen\/#primaryimage"},"thumbnailUrl":"https:\/\/exceladvisor.org\/wp-content\/uploads\/2023\/08\/1-compter-les-cellules-avec-du-texte-en-utilisant-countif-et-astrisk-min-1.png","datePublished":"2023-11-12T14:09:55+00:00","dateModified":"2023-12-03T13:05:55+00:00","description":"Das Z\u00e4hlen der Anzahl der Zellen mit Text kann in verschiedenen Situationen mit unterschiedlichen Methoden erfolgen. Und ich habe 6 aufgelistet...","breadcrumb":{"@id":"https:\/\/exceladvisor.org\/de\/zellen-mit-text-zahlen\/#breadcrumb"},"inLanguage":"de","potentialAction":[{"@type":"ReadAction","target":["https:\/\/exceladvisor.org\/de\/zellen-mit-text-zahlen\/"]}]},{"@type":"ImageObject","inLanguage":"de","@id":"https:\/\/exceladvisor.org\/de\/zellen-mit-text-zahlen\/#primaryimage","url":"https:\/\/exceladvisor.org\/wp-content\/uploads\/2023\/08\/1-compter-les-cellules-avec-du-texte-en-utilisant-countif-et-astrisk-min-1.png","contentUrl":"https:\/\/exceladvisor.org\/wp-content\/uploads\/2023\/08\/1-compter-les-cellules-avec-du-texte-en-utilisant-countif-et-astrisk-min-1.png"},{"@type":"BreadcrumbList","@id":"https:\/\/exceladvisor.org\/de\/zellen-mit-text-zahlen\/#breadcrumb","itemListElement":[{"@type":"ListItem","position":1,"name":"Accueil","item":"https:\/\/exceladvisor.org\/de\/"},{"@type":"ListItem","position":2,"name":"Wie z\u00e4hle ich zellen mit text in excel?"}]},{"@type":"WebSite","@id":"https:\/\/exceladvisor.org\/de\/#website","url":"https:\/\/exceladvisor.org\/de\/","name":"Excel Advisor","description":"Ihr Leitfaden zur Datendominanz","publisher":{"@id":"https:\/\/exceladvisor.org\/de\/#organization"},"potentialAction":[{"@type":"SearchAction","target":{"@type":"EntryPoint","urlTemplate":"https:\/\/exceladvisor.org\/de\/?s={search_term_string}"},"query-input":{"@type":"PropertyValueSpecification","valueRequired":true,"valueName":"search_term_string"}}],"inLanguage":"de"},{"@type":"Organization","@id":"https:\/\/exceladvisor.org\/de\/#organization","name":"Excel Advisor","url":"https:\/\/exceladvisor.org\/de\/","logo":{"@type":"ImageObject","inLanguage":"de","@id":"https:\/\/exceladvisor.org\/de\/#\/schema\/logo\/image\/","url":"https:\/\/exceladvisor.org\/de\/wp-content\/uploads\/2023\/11\/exceladvisor.org_.png","contentUrl":"https:\/\/exceladvisor.org\/de\/wp-content\/uploads\/2023\/11\/exceladvisor.org_.png","width":105,"height":36,"caption":"Excel Advisor"},"image":{"@id":"https:\/\/exceladvisor.org\/de\/#\/schema\/logo\/image\/"}}]}},"yoast_meta":{"yoast_wpseo_title":"","yoast_wpseo_metadesc":"","yoast_wpseo_canonical":""},"_links":{"self":[{"href":"https:\/\/exceladvisor.org\/de\/wp-json\/wp\/v2\/pages\/3161","targetHints":{"allow":["GET"]}}],"collection":[{"href":"https:\/\/exceladvisor.org\/de\/wp-json\/wp\/v2\/pages"}],"about":[{"href":"https:\/\/exceladvisor.org\/de\/wp-json\/wp\/v2\/types\/page"}],"author":[{"embeddable":true,"href":"https:\/\/exceladvisor.org\/de\/wp-json\/wp\/v2\/users\/1"}],"replies":[{"embeddable":true,"href":"https:\/\/exceladvisor.org\/de\/wp-json\/wp\/v2\/comments?post=3161"}],"version-history":[{"count":1,"href":"https:\/\/exceladvisor.org\/de\/wp-json\/wp\/v2\/pages\/3161\/revisions"}],"predecessor-version":[{"id":4423,"href":"https:\/\/exceladvisor.org\/de\/wp-json\/wp\/v2\/pages\/3161\/revisions\/4423"}],"wp:attachment":[{"href":"https:\/\/exceladvisor.org\/de\/wp-json\/wp\/v2\/media?parent=3161"}],"curies":[{"name":"wp","href":"https:\/\/api.w.org\/{rel}","templated":true}]}}