{"id":3162,"date":"2023-11-12T14:04:35","date_gmt":"2023-11-12T14:04:35","guid":{"rendered":"https:\/\/exceladvisor.org\/de\/geben-sie-die-vornamen-mit-komma-dazwischen-zuruck\/"},"modified":"2023-12-03T11:20:05","modified_gmt":"2023-12-03T11:20:05","slug":"geben-sie-die-vornamen-mit-komma-dazwischen-zuruck","status":"publish","type":"page","link":"https:\/\/exceladvisor.org\/de\/geben-sie-die-vornamen-mit-komma-dazwischen-zuruck\/","title":{"rendered":"Wie extrahiere ich vor- und nachnamen mit einem komma?"},"content":{"rendered":"<div class=\"excel-vor-dem-inhalt\" id=\"excel-945161851\"><script type=\"text\/javascript\">\r\n\tatOptions = {\r\n\t\t'key' : 'c1158f160081d6540a8409e6925dab94',\r\n\t\t'format' : 'iframe',\r\n\t\t'height' : 250,\r\n\t\t'width' : 300,\r\n\t\t'params' : {}\r\n\t};\r\n<\/script>\r\n<script type=\"text\/javascript\" src=\"\/\/www.highperformanceformat.com\/c1158f160081d6540a8409e6925dab94\/invoke.js\"><\/script><\/div> <p>Um Vor- und Nachnamen in Excel in Vor- und Nachnamen umzuwandeln, m\u00fcssen Sie eine Kombination aus MID-, LEN- und SEARCH-Funktionen verwenden. In diesem Tutorial lernen wir, wie man hierf\u00fcr eine Formel schreibt. <\/p><div class=\"wp-block-image\"><figure class=\"aligncenter size-full is-resized\"><img loading=\"lazy\" decoding=\"async\" class=\"aligncenter wp-image-12335 size-full\" src=\"https:\/\/exceladvisor.org\/wp-content\/uploads\/2023\/11\/Retournez-le-premier-amp.png\" alt=\"Geben Sie das erste &amp;amp;\" width=\"487\" height=\"301\" srcset=\"https:\/\/exceladvisor.org\/wp-content\/uploads\/2023\/11\/Retournez-le-premier-amp.png 487w, https:\/\/exceladvisor.org\/wp-content\/uploads\/2023\/11\/Retournez-le-premier-amp-300x185.png 300w\" sizes=\"auto, (max-width: 487px) 100vw, 487px\"><\/figure><\/div><h2 class=\"wp-block-heading\"> Excel-Formel zum \u00c4ndern von Vor- und Nachnamen<\/h2><p> Sie k\u00f6nnen die folgenden Schritte verwenden, um diese Formel zu schreiben:<\/p><ol><li> Zuerst m\u00fcssen Sie die SUCHEN-Funktion verwenden, um das Leerzeichen zwischen dem Vor- und Nachnamen zu finden.<br><br><\/li><li> F\u00fcgen Sie anschlie\u00dfend eins zu der von der Suche zur\u00fcckgegebenen Zahl hinzu.<br><br><\/li><li> Anschlie\u00dfend m\u00fcssen Sie die LEN-Funktion verwenden, um die Gesamtzahl der Zeichen (Vor- und Nachname) zu ermitteln. Und addiere auch 1 dazu.<br><br><\/li><li> Geben Sie nun die MID-Funktion ein und geben Sie im ersten Argument die Zelle A1 (in der sich der Name befindet) zweimal ein, indem Sie sie mit einem Komma und einem Leerzeichen kombinieren.<br><br><\/li><li> Geben Sie von dort aus im zweiten und dritten Argument der MID die SEARCH-Funktion bzw. die LEN-Funktion ein (die wir in den vorherigen Schritten geschrieben haben).<br><br><\/li><li> Dr\u00fccken Sie am Ende die Eingabetaste, um das Ergebnis zu erhalten.<\/li><\/ol><pre class=\"wp-block-code\"> <code class=\"language-excel-formula\" lang=\"excel-formula\">=MID(A1&amp;\", \"&amp;A1,SEARCH(\" \",A1)+1,LEN(A1)+1)<\/code><\/pre><h2 class=\"wp-block-heading\"> Wie funktioniert diese Formel?<\/h2><p> Um diese Formel zu verstehen, m\u00fcssen Sie sie in drei Teile teilen. Die Hauptfunktion ist die MID-Funktion und wir m\u00fcssen drei Argumente in der Mid-Funktion definieren. Deshalb m\u00fcssen Sie diese Formel in drei Teile unterteilen, um sie zu verstehen.<\/p><p> Im <strong>ersten Teil<\/strong> haben wir das Textargument des MID. Und in diesem Argument haben wir den Vor- und Nachnamen zweimal mit einem Komma und einem Leerzeichen kombiniert.<\/p><p> In <strong>TEIL ZWEI<\/strong> haben Sie die SUCHE-Funktion, die sich auf Zelle A1 bezieht, in der Sie die Namen (Vor- und Nachnamen) haben, nach dem Leerzeichen darin suchen und dann 1 hinzuf\u00fcgen. Auf diese Weise erhalten Sie die Startposition des Nachnamens der Zelle.<\/p><p> In <strong>TEIL DREI<\/strong> haben Sie die LEN-Funktion, die die Gesamtzahl der Zeichen der Originalnamen (Vor- und Nachname) z\u00e4hlt und 1 hinzuf\u00fcgt.<\/p><div class=\"wp-block-image\"><figure class=\"aligncenter size-full\"><\/figure><\/div><p> Am Ende ruft die MID-Funktion den Nachnamen aus dem ersten Wert und den Vornamen aus dem zweiten Wert ab, um Ihnen das Ergebnis der Vertauschung von Vorname und Nachname in Nachname und Vorname zu liefern. <\/p><div class=\"gb-container gb-container-52dfcee1 gb-container-sample-file\"><h2 class=\"gb-headline gb-headline-e289c143 gb-headline-text gb-headline-4f7959c2\"> Holen Sie sich die Excel-Datei<\/h2> <a href=\"https:\/\/exceladvisor.org\/wp-content\/uploads\/2023\/11\/changer-les-prenoms.xlsx\">Herunterladen<\/a><\/div><div class=\"gb-container gb-container-0df56012 gb-container-mt\"> <a class=\"gb-button gb-button-f9f432f4 gb-button-text gb-button-mt-button\" href=\"https:\/\/exceladvisor.org\/de\/formeln\/\">Liste der Excel-Formeln<\/a><h2 class=\"gb-headline gb-headline-233444e8 gb-headline-text gb-headline-mt-heading\"> Verwandte Formeln <\/h2><div class=\"gb-grid-wrapper gb-grid-wrapper-a16fa65c gb-grid-wrapper-mt-grid\"><div class=\"gb-grid-column gb-grid-column-50d07e0d\"><div class=\"gb-container gb-container-50d07e0d\"><ul><li> <a href=\"https:\/\/exceladvisor.org\/de\/schreiben-sie-den-ersten-buchstaben-gross\/\">Schreiben Sie den ersten Buchstaben in Excel gro\u00df<\/a><\/li><li> <a href=\"https:\/\/exceladvisor.org\/de\/spalte-zu-zeile\/\">\u00c4ndern Sie in Excel eine Spalte in eine Zeile (umgekehrt).<\/a><\/li><li> <a href=\"https:\/\/exceladvisor.org\/de\/satzfall\/\">Wechseln Sie in Excel zur Gro\u00df-\/Kleinschreibung<\/a><\/li><li> <a href=\"https:\/\/exceladvisor.org\/de\/andern-sie-die-gross-kleinschreibung-des-textes\/\">\u00c4ndern Sie die Gro\u00df- und Kleinschreibung des Textes (Gro\u00df-, Klein- und Kleinschreibung).<\/a> <\/li><\/ul><\/div><\/div><div class=\"gb-grid-column gb-grid-column-5b4a0cf9\"><div class=\"gb-container gb-container-5b4a0cf9\"><\/div><\/div><\/div><\/div>","protected":false},"excerpt":{"rendered":"","protected":false},"author":1,"featured_media":0,"parent":0,"menu_order":0,"comment_status":"open","ping_status":"closed","template":"","meta":{"ub_ctt_via":"","footnotes":""},"class_list":["post-3162","page","type-page","status-publish","hentry"],"featured_image_src":null,"yoast_head":"<!-- This site is optimized with the Yoast SEO plugin v25.4 - https:\/\/yoast.com\/wordpress\/plugins\/seo\/ -->\n<title>\u25b7 Wie extrahiere ich Vor- und Nachnamen mit einem Komma?<\/title>\n<meta name=\"description\" content=\"In diesem Tutorial erfahren Sie, wie Sie eine Excel-Formel schreiben, um Vor- und Nachnamen umzukehren und dazwischen ein Komma einzuf\u00fcgen.\" \/>\n<meta name=\"robots\" content=\"index, follow, max-snippet:-1, max-image-preview:large, max-video-preview:-1\" \/>\n<link rel=\"canonical\" href=\"https:\/\/exceladvisor.org\/de\/geben-sie-die-vornamen-mit-komma-dazwischen-zuruck\/\" \/>\n<meta property=\"og:locale\" content=\"de_DE\" \/>\n<meta property=\"og:type\" content=\"article\" \/>\n<meta property=\"og:title\" content=\"\u25b7 Wie extrahiere ich Vor- und Nachnamen mit einem Komma?\" \/>\n<meta property=\"og:description\" content=\"In diesem Tutorial erfahren Sie, wie Sie eine Excel-Formel schreiben, um Vor- und Nachnamen umzukehren und dazwischen ein Komma einzuf\u00fcgen.\" \/>\n<meta property=\"og:url\" content=\"https:\/\/exceladvisor.org\/de\/geben-sie-die-vornamen-mit-komma-dazwischen-zuruck\/\" \/>\n<meta property=\"og:site_name\" content=\"Excel Advisor\" \/>\n<meta property=\"article:modified_time\" content=\"2023-12-03T11:20:05+00:00\" \/>\n<meta property=\"og:image\" content=\"https:\/\/exceladvisor.org\/wp-content\/uploads\/2023\/11\/Retournez-le-premier-amp.png\" \/>\n<meta name=\"twitter:card\" content=\"summary_large_image\" \/>\n<meta name=\"twitter:label1\" content=\"Gesch\u00e4tzte Lesezeit\" \/>\n\t<meta name=\"twitter:data1\" content=\"2\u00a0Minuten\" \/>\n<script type=\"application\/ld+json\" class=\"yoast-schema-graph\">{\"@context\":\"https:\/\/schema.org\",\"@graph\":[{\"@type\":\"WebPage\",\"@id\":\"https:\/\/exceladvisor.org\/de\/geben-sie-die-vornamen-mit-komma-dazwischen-zuruck\/\",\"url\":\"https:\/\/exceladvisor.org\/de\/geben-sie-die-vornamen-mit-komma-dazwischen-zuruck\/\",\"name\":\"\u25b7 Wie extrahiere ich Vor- und Nachnamen mit einem Komma?\",\"isPartOf\":{\"@id\":\"https:\/\/exceladvisor.org\/de\/#website\"},\"primaryImageOfPage\":{\"@id\":\"https:\/\/exceladvisor.org\/de\/geben-sie-die-vornamen-mit-komma-dazwischen-zuruck\/#primaryimage\"},\"image\":{\"@id\":\"https:\/\/exceladvisor.org\/de\/geben-sie-die-vornamen-mit-komma-dazwischen-zuruck\/#primaryimage\"},\"thumbnailUrl\":\"https:\/\/exceladvisor.org\/wp-content\/uploads\/2023\/11\/Retournez-le-premier-amp.png\",\"datePublished\":\"2023-11-12T14:04:35+00:00\",\"dateModified\":\"2023-12-03T11:20:05+00:00\",\"description\":\"In diesem Tutorial erfahren Sie, wie Sie eine Excel-Formel schreiben, um Vor- und Nachnamen umzukehren und dazwischen ein Komma einzuf\u00fcgen.\",\"breadcrumb\":{\"@id\":\"https:\/\/exceladvisor.org\/de\/geben-sie-die-vornamen-mit-komma-dazwischen-zuruck\/#breadcrumb\"},\"inLanguage\":\"de\",\"potentialAction\":[{\"@type\":\"ReadAction\",\"target\":[\"https:\/\/exceladvisor.org\/de\/geben-sie-die-vornamen-mit-komma-dazwischen-zuruck\/\"]}]},{\"@type\":\"ImageObject\",\"inLanguage\":\"de\",\"@id\":\"https:\/\/exceladvisor.org\/de\/geben-sie-die-vornamen-mit-komma-dazwischen-zuruck\/#primaryimage\",\"url\":\"https:\/\/exceladvisor.org\/wp-content\/uploads\/2023\/11\/Retournez-le-premier-amp.png\",\"contentUrl\":\"https:\/\/exceladvisor.org\/wp-content\/uploads\/2023\/11\/Retournez-le-premier-amp.png\"},{\"@type\":\"BreadcrumbList\",\"@id\":\"https:\/\/exceladvisor.org\/de\/geben-sie-die-vornamen-mit-komma-dazwischen-zuruck\/#breadcrumb\",\"itemListElement\":[{\"@type\":\"ListItem\",\"position\":1,\"name\":\"Accueil\",\"item\":\"https:\/\/exceladvisor.org\/de\/\"},{\"@type\":\"ListItem\",\"position\":2,\"name\":\"Wie extrahiere ich vor- und nachnamen mit einem komma?\"}]},{\"@type\":\"WebSite\",\"@id\":\"https:\/\/exceladvisor.org\/de\/#website\",\"url\":\"https:\/\/exceladvisor.org\/de\/\",\"name\":\"Excel Advisor\",\"description\":\"Ihr Leitfaden zur Datendominanz\",\"publisher\":{\"@id\":\"https:\/\/exceladvisor.org\/de\/#organization\"},\"potentialAction\":[{\"@type\":\"SearchAction\",\"target\":{\"@type\":\"EntryPoint\",\"urlTemplate\":\"https:\/\/exceladvisor.org\/de\/?s={search_term_string}\"},\"query-input\":{\"@type\":\"PropertyValueSpecification\",\"valueRequired\":true,\"valueName\":\"search_term_string\"}}],\"inLanguage\":\"de\"},{\"@type\":\"Organization\",\"@id\":\"https:\/\/exceladvisor.org\/de\/#organization\",\"name\":\"Excel Advisor\",\"url\":\"https:\/\/exceladvisor.org\/de\/\",\"logo\":{\"@type\":\"ImageObject\",\"inLanguage\":\"de\",\"@id\":\"https:\/\/exceladvisor.org\/de\/#\/schema\/logo\/image\/\",\"url\":\"https:\/\/exceladvisor.org\/de\/wp-content\/uploads\/2023\/11\/exceladvisor.org_.png\",\"contentUrl\":\"https:\/\/exceladvisor.org\/de\/wp-content\/uploads\/2023\/11\/exceladvisor.org_.png\",\"width\":105,\"height\":36,\"caption\":\"Excel Advisor\"},\"image\":{\"@id\":\"https:\/\/exceladvisor.org\/de\/#\/schema\/logo\/image\/\"}}]}<\/script>\n<!-- \/ Yoast SEO plugin. -->","yoast_head_json":{"title":"\u25b7 Wie extrahiere ich Vor- und Nachnamen mit einem Komma?","description":"In diesem Tutorial erfahren Sie, wie Sie eine Excel-Formel schreiben, um Vor- und Nachnamen umzukehren und dazwischen ein Komma einzuf\u00fcgen.","robots":{"index":"index","follow":"follow","max-snippet":"max-snippet:-1","max-image-preview":"max-image-preview:large","max-video-preview":"max-video-preview:-1"},"canonical":"https:\/\/exceladvisor.org\/de\/geben-sie-die-vornamen-mit-komma-dazwischen-zuruck\/","og_locale":"de_DE","og_type":"article","og_title":"\u25b7 Wie extrahiere ich Vor- und Nachnamen mit einem Komma?","og_description":"In diesem Tutorial erfahren Sie, wie Sie eine Excel-Formel schreiben, um Vor- und Nachnamen umzukehren und dazwischen ein Komma einzuf\u00fcgen.","og_url":"https:\/\/exceladvisor.org\/de\/geben-sie-die-vornamen-mit-komma-dazwischen-zuruck\/","og_site_name":"Excel Advisor","article_modified_time":"2023-12-03T11:20:05+00:00","og_image":[{"url":"https:\/\/exceladvisor.org\/wp-content\/uploads\/2023\/11\/Retournez-le-premier-amp.png","type":"","width":"","height":""}],"twitter_card":"summary_large_image","twitter_misc":{"Gesch\u00e4tzte Lesezeit":"2\u00a0Minuten"},"schema":{"@context":"https:\/\/schema.org","@graph":[{"@type":"WebPage","@id":"https:\/\/exceladvisor.org\/de\/geben-sie-die-vornamen-mit-komma-dazwischen-zuruck\/","url":"https:\/\/exceladvisor.org\/de\/geben-sie-die-vornamen-mit-komma-dazwischen-zuruck\/","name":"\u25b7 Wie extrahiere ich Vor- und Nachnamen mit einem Komma?","isPartOf":{"@id":"https:\/\/exceladvisor.org\/de\/#website"},"primaryImageOfPage":{"@id":"https:\/\/exceladvisor.org\/de\/geben-sie-die-vornamen-mit-komma-dazwischen-zuruck\/#primaryimage"},"image":{"@id":"https:\/\/exceladvisor.org\/de\/geben-sie-die-vornamen-mit-komma-dazwischen-zuruck\/#primaryimage"},"thumbnailUrl":"https:\/\/exceladvisor.org\/wp-content\/uploads\/2023\/11\/Retournez-le-premier-amp.png","datePublished":"2023-11-12T14:04:35+00:00","dateModified":"2023-12-03T11:20:05+00:00","description":"In diesem Tutorial erfahren Sie, wie Sie eine Excel-Formel schreiben, um Vor- und Nachnamen umzukehren und dazwischen ein Komma einzuf\u00fcgen.","breadcrumb":{"@id":"https:\/\/exceladvisor.org\/de\/geben-sie-die-vornamen-mit-komma-dazwischen-zuruck\/#breadcrumb"},"inLanguage":"de","potentialAction":[{"@type":"ReadAction","target":["https:\/\/exceladvisor.org\/de\/geben-sie-die-vornamen-mit-komma-dazwischen-zuruck\/"]}]},{"@type":"ImageObject","inLanguage":"de","@id":"https:\/\/exceladvisor.org\/de\/geben-sie-die-vornamen-mit-komma-dazwischen-zuruck\/#primaryimage","url":"https:\/\/exceladvisor.org\/wp-content\/uploads\/2023\/11\/Retournez-le-premier-amp.png","contentUrl":"https:\/\/exceladvisor.org\/wp-content\/uploads\/2023\/11\/Retournez-le-premier-amp.png"},{"@type":"BreadcrumbList","@id":"https:\/\/exceladvisor.org\/de\/geben-sie-die-vornamen-mit-komma-dazwischen-zuruck\/#breadcrumb","itemListElement":[{"@type":"ListItem","position":1,"name":"Accueil","item":"https:\/\/exceladvisor.org\/de\/"},{"@type":"ListItem","position":2,"name":"Wie extrahiere ich vor- und nachnamen mit einem komma?"}]},{"@type":"WebSite","@id":"https:\/\/exceladvisor.org\/de\/#website","url":"https:\/\/exceladvisor.org\/de\/","name":"Excel Advisor","description":"Ihr Leitfaden zur Datendominanz","publisher":{"@id":"https:\/\/exceladvisor.org\/de\/#organization"},"potentialAction":[{"@type":"SearchAction","target":{"@type":"EntryPoint","urlTemplate":"https:\/\/exceladvisor.org\/de\/?s={search_term_string}"},"query-input":{"@type":"PropertyValueSpecification","valueRequired":true,"valueName":"search_term_string"}}],"inLanguage":"de"},{"@type":"Organization","@id":"https:\/\/exceladvisor.org\/de\/#organization","name":"Excel Advisor","url":"https:\/\/exceladvisor.org\/de\/","logo":{"@type":"ImageObject","inLanguage":"de","@id":"https:\/\/exceladvisor.org\/de\/#\/schema\/logo\/image\/","url":"https:\/\/exceladvisor.org\/de\/wp-content\/uploads\/2023\/11\/exceladvisor.org_.png","contentUrl":"https:\/\/exceladvisor.org\/de\/wp-content\/uploads\/2023\/11\/exceladvisor.org_.png","width":105,"height":36,"caption":"Excel Advisor"},"image":{"@id":"https:\/\/exceladvisor.org\/de\/#\/schema\/logo\/image\/"}}]}},"yoast_meta":{"yoast_wpseo_title":"","yoast_wpseo_metadesc":"","yoast_wpseo_canonical":""},"_links":{"self":[{"href":"https:\/\/exceladvisor.org\/de\/wp-json\/wp\/v2\/pages\/3162","targetHints":{"allow":["GET"]}}],"collection":[{"href":"https:\/\/exceladvisor.org\/de\/wp-json\/wp\/v2\/pages"}],"about":[{"href":"https:\/\/exceladvisor.org\/de\/wp-json\/wp\/v2\/types\/page"}],"author":[{"embeddable":true,"href":"https:\/\/exceladvisor.org\/de\/wp-json\/wp\/v2\/users\/1"}],"replies":[{"embeddable":true,"href":"https:\/\/exceladvisor.org\/de\/wp-json\/wp\/v2\/comments?post=3162"}],"version-history":[{"count":1,"href":"https:\/\/exceladvisor.org\/de\/wp-json\/wp\/v2\/pages\/3162\/revisions"}],"predecessor-version":[{"id":3985,"href":"https:\/\/exceladvisor.org\/de\/wp-json\/wp\/v2\/pages\/3162\/revisions\/3985"}],"wp:attachment":[{"href":"https:\/\/exceladvisor.org\/de\/wp-json\/wp\/v2\/media?parent=3162"}],"curies":[{"name":"wp","href":"https:\/\/api.w.org\/{rel}","templated":true}]}}