{"id":3163,"date":"2023-11-12T13:44:23","date_gmt":"2023-11-12T13:44:23","guid":{"rendered":"https:\/\/exceladvisor.org\/de\/minuten-bis-stunden\/"},"modified":"2023-12-03T13:04:44","modified_gmt":"2023-12-03T13:04:44","slug":"minuten-bis-stunden","status":"publish","type":"page","link":"https:\/\/exceladvisor.org\/de\/minuten-bis-stunden\/","title":{"rendered":"Wie rechnet man minuten in stunden und minuten um?"},"content":{"rendered":"<div class=\"excel-vor-dem-inhalt\" id=\"excel-2831050524\"><script type=\"text\/javascript\">\r\n\tatOptions = {\r\n\t\t'key' : 'c1158f160081d6540a8409e6925dab94',\r\n\t\t'format' : 'iframe',\r\n\t\t'height' : 250,\r\n\t\t'width' : 300,\r\n\t\t'params' : {}\r\n\t};\r\n<\/script>\r\n<script type=\"text\/javascript\" src=\"\/\/www.highperformanceformat.com\/c1158f160081d6540a8409e6925dab94\/invoke.js\"><\/script><\/div> <p>Um in Excel Minuten in Stunden und Minuten (HH:MM) umzurechnen, m\u00fcssen Sie eine Formel verwenden, bei der Sie die Anzahl der Minuten mit (24*60) multiplizieren m\u00fcssen. Wenn Sie (24*60) verwenden, was die Gesamtzahl der Minuten an einem Tag ist, wird eine Zahl mit Dezimalstellen zur\u00fcckgegeben. In dieser Zahl repr\u00e4sentiert der ganzzahlige Teil die Stunden und die Dezimalstellen die Minuten.<\/p><p> Um diese Zahl in das Stunden- und Minutenformat umzuwandeln, m\u00fcssen Sie [h]:mm in der benutzerdefinierten Formatierung anwenden. <\/p><div class=\"wp-block-image\"><figure class=\"aligncenter size-full is-resized\"><img loading=\"lazy\" decoding=\"async\" class=\"wp-image-79870\" src=\"https:\/\/exceladvisor.org\/wp-content\/uploads\/2023\/08\/1-convertir-des-minutes-en-heures.png\" sizes=\"auto, \" srcset=\"\" alt=\"Konvertieren Sie Minuten in Stunden\" width=\"567\" height=\"286\"><\/figure><\/div><h2 class=\"wp-block-heading\"> Formel zur Umrechnung von Minuten in Stunden und Minuten<\/h2><p> Sie k\u00f6nnen die folgenden Schritte ausf\u00fchren:<\/p><ol type=\"1\"><li> Beziehen Sie sich zun\u00e4chst in Zelle B1 auf Zelle A1, in der Sie den Minutenwert haben.<\/li><li> Geben Sie anschlie\u00dfend den Divisionsoperator und dann die Startklammern ein.<\/li><li> Geben Sie nun 24 ein und geben Sie anschlie\u00dfend erneut den Divisionsoperator ein.<\/li><li> Geben Sie als N\u00e4chstes 60 ein, schlie\u00dfen Sie die Klammern und dr\u00fccken Sie dann die Eingabetaste, um das Ergebnis zu erhalten.<\/li><\/ol><p> Sobald Sie die Eingabetaste dr\u00fccken, erhalten Sie die Anzahl der in der Zelle verbrachten Stunden. <\/p><div class=\"wp-block-image\"><figure class=\"aligncenter size-full is-resized\"><img loading=\"lazy\" decoding=\"async\" class=\"wp-image-79871\" src=\"https:\/\/exceladvisor.org\/wp-content\/uploads\/2023\/08\/2-formules-pour-convertir-les-minutes-en-heures.png\" sizes=\"auto, \" srcset=\"\" alt=\"Formel zur Umrechnung von Minuten in Stunden\" width=\"551\" height=\"279\"><\/figure><\/div><p> Als n\u00e4chstes m\u00fcssen Sie das Zellenformat \u00e4ndern. W\u00e4hlen Sie dazu die Zelle aus und \u00f6ffnen Sie die Option Zellen formatieren mit der Tastenkombination Strg + 1. <\/p><div class=\"wp-block-image\"><figure class=\"aligncenter size-full is-resized\"><img loading=\"lazy\" decoding=\"async\" class=\"wp-image-79872\" src=\"https:\/\/exceladvisor.org\/wp-content\/uploads\/2023\/08\/3-changer-le-format-de-cellule.png\" sizes=\"auto, \" srcset=\"\" alt=\"Zellenformat \u00e4ndern\" width=\"767\" height=\"350\"><\/figure><\/div><p> Klicken Sie hier auf die Kategorie \u201eBenutzerdefiniert\u201c und geben Sie das Format [H]:mm in die Typeingabeleiste ein. <\/p><div class=\"wp-block-image\"><figure class=\"aligncenter size-full is-resized\"><img loading=\"lazy\" decoding=\"async\" class=\"wp-image-79873\" src=\"https:\/\/exceladvisor.org\/wp-content\/uploads\/2023\/08\/4-changer-foermat-de-cellule-en-minutes.png\" sizes=\"auto, \" srcset=\"\" alt=\"Zellenformat-in-Minuten \u00e4ndern\" width=\"713\" height=\"374\"><\/figure><\/div><p> Klicken Sie abschlie\u00dfend auf OK, um das Format anzuwenden.<\/p><pre class=\"wp-block-code\"> <code class=\"language-excel-formula\" lang=\"excel-formula\">=A1\/(24*60)<\/code><\/pre><h2 class=\"wp-block-heading\"> Wie funktioniert diese Formel?<\/h2><p> In dieser Formel haben wir 24*60 verwendet, was die Gesamtzahl der Minuten an einem Tag zur\u00fcckgibt (24 Stunden x 60 Minuten = 1440 Minuten). <\/p><div class=\"wp-block-image\"><figure class=\"aligncenter size-full is-resized\"><img loading=\"lazy\" decoding=\"async\" class=\"wp-image-79874\" src=\"https:\/\/exceladvisor.org\/wp-content\/uploads\/2023\/08\/5-comment-fonctionne-la-formule.png\" sizes=\"auto, \" srcset=\"\" alt=\"wie-die-formel-funktioniert\" width=\"565\" height=\"249\"><\/figure><\/div><p> Wenn Sie es anschlie\u00dfend durch die Anzahl der Minuten dividieren, werden die Tage zur\u00fcckgegeben, die der Anzahl der Minuten entsprechen, die Sie haben. <\/p><div class=\"wp-block-image\"><figure class=\"aligncenter size-full is-resized\"><img loading=\"lazy\" decoding=\"async\" class=\"wp-image-79875\" src=\"https:\/\/exceladvisor.org\/wp-content\/uploads\/2023\/08\/6-renvoie-les-jours-equivalents-aux-minutes.png\" sizes=\"auto, \" srcset=\"\" alt=\"Gibt \u201eTage-\u00c4quivalent-in-Minuten\u201c zur\u00fcck\" width=\"564\" height=\"328\"><\/figure><\/div><p> Um diese Tage nun in Stunden und Minuten anzuzeigen, m\u00fcssen Sie das Format [h]:mm verwenden.<\/p><h2 class=\"wp-block-heading\"> Verwendung der TEXT-Funktion<\/h2><p> Wenn Sie die Zellenformatierung nicht \u00e4ndern m\u00f6chten. Mit der TEXT-Funktion k\u00f6nnen Sie Zeit f\u00fcr den Wert in der Formel hinzuf\u00fcgen. <\/p><div class=\"wp-block-image\"><figure class=\"aligncenter size-full is-resized\"><img loading=\"lazy\" decoding=\"async\" class=\"wp-image-79876\" src=\"https:\/\/exceladvisor.org\/wp-content\/uploads\/2023\/08\/7-fonction-de-texte-pour-ajouter-du-temps.png\" sizes=\"auto, \" srcset=\"\" alt=\"Textfunktion zum Hinzuf\u00fcgen von Zeit\" width=\"422\" height=\"297\"><\/figure><\/div><p> Diese Formel funktioniert genau wie die vorherige Methode. Der einzige Unterschied besteht darin, dass Sie TEXT verwenden, um den Ergebniswert zu formatieren.<\/p><pre class=\"wp-block-code\"><code class=\"language-excel-formula\" lang=\"excel-formula\"> =TEXT(A1\/(24*60),\"[h]:mm\")<\/code><\/pre><h2 class=\"wp-block-heading\"> Konvertieren Sie Minuten in Stunden und Minuten (als Zahl)<\/h2><p> Sie k\u00f6nnen auch eine Formel verwenden, bei der Sie die Anzahl der Minuten durch 60 teilen k\u00f6nnen. <\/p><div class=\"wp-block-image\"><figure class=\"aligncenter size-full is-resized\"><img loading=\"lazy\" decoding=\"async\" class=\"wp-image-79877\" src=\"https:\/\/exceladvisor.org\/wp-content\/uploads\/2023\/08\/8-minutes-a-heures-sous-forme-de-nombres.png\" sizes=\"auto, \" srcset=\"\" alt=\"Minuten-Stunden-in-Zahlen\" width=\"410\" height=\"264\"><\/figure><\/div><p> Diese Formel gibt die Anzahl der Stunden und Minuten zur\u00fcck, wobei die Stunden eine Ganzzahl und die Minuten eine Dezimalzahl sind.<\/p><pre class=\"wp-block-code\"> <code class=\"language-excel-formula\" lang=\"excel-formula\">=A1\/60<\/code><\/pre><h2 class=\"wp-block-heading\"> Funktion konvertieren<\/h2><p> In Excel gibt es eine neue Funktion, mit der Sie Minuten in Stunden umrechnen k\u00f6nnen: KONVERTIEREN. <\/p><div class=\"wp-block-image\"><figure class=\"aligncenter size-full is-resized\"><img loading=\"lazy\" decoding=\"async\" class=\"wp-image-79878\" src=\"https:\/\/exceladvisor.org\/wp-content\/uploads\/2023\/08\/9-fonction-de-conversion.png\" sizes=\"auto, \" srcset=\"\" alt=\"Konvertierungsfunktion\" width=\"515\" height=\"301\"><\/figure><\/div><p> In CONVERT m\u00fcssen Sie sich auf den Minutenwert beziehen, die urspr\u00fcngliche Einheit des Werts (Sie m\u00fcssen Minuten \u201emn\u201c angeben) und dann die Umrechnungseinheit (geben Sie \u201ehr\u201c f\u00fcr Stunden an).<\/p><pre class=\"wp-block-code\"> <code class=\"language-excel-formula\" lang=\"excel-formula\">=CONVERT(A1,\"mn\",\"hr\")<\/code><\/pre><div class=\"gb-container gb-container-52dfcee1 gb-container-sample-file\"><h2 class=\"gb-headline gb-headline-e289c143 gb-headline-text gb-headline-4f7959c2\"> Holen Sie sich die Excel-Datei<\/h2> <a class=\"gb-button gb-button-e88d6bee gb-button-text gb-button-button1\" href=\"https:\/\/exceladvisor.org\/wp-content\/uploads\/2023\/08\/minutes-a-heures.xlsx\" rel=\"nofollow\">Herunterladen<\/a> <\/div><div class=\"wp-block-group more-tutorials is-layout-flow\"><div class=\"wp-block-group__inner-container\"><h2 class=\"wp-block-heading\"> Weitere Formeln<\/h2><ul><li> <a href=\"https:\/\/exceladvisor.org\/de\/fugen-sie-stunden-hinzu\/\">Addieren Sie Stunden zur Zeit in Excel<\/a><\/li><li> <a href=\"https:\/\/exceladvisor.org\/de\/fugen-sie-der-zeit-minuten-hinzu\/\">Addieren Sie Minuten zur Zeit in Excel<\/a><\/li><li> <a href=\"https:\/\/exceladvisor.org\/de\/zeitunterschied-berechnen\/\">Berechnen Sie den Zeitunterschied zwischen zwei Stunden in Excel<\/a><\/li><li> <a href=\"https:\/\/exceladvisor.org\/de\/zeitformat-andern\/\">Zeitformat in Excel \u00e4ndern<\/a><\/li><li> <a href=\"https:\/\/exceladvisor.org\/de\/wehrdienst\/\">Milit\u00e4rzeit (Get und Subtrahieren) in Excel<\/a><\/li><\/ul><p> \u21e0 Zur\u00fcck zur <a href=\"https:\/\/exceladvisor.org\/de\/formeln\/\">Liste mit \u00fcber 100 Excel-Formeln (Grundkenntnisse + Fortgeschrittene)<\/a><\/p><\/div><\/div>","protected":false},"excerpt":{"rendered":"","protected":false},"author":1,"featured_media":0,"parent":0,"menu_order":0,"comment_status":"open","ping_status":"closed","template":"","meta":{"ub_ctt_via":"","footnotes":""},"class_list":["post-3163","page","type-page","status-publish","hentry"],"featured_image_src":null,"yoast_head":"<!-- This site is optimized with the Yoast SEO plugin v25.4 - https:\/\/yoast.com\/wordpress\/plugins\/seo\/ -->\n<title>Wie rechnet man Minuten in Stunden und Minuten um (HH:MM)?<\/title>\n<meta name=\"description\" content=\"In diesem Tutorial erfahren Sie, wie Sie eine Excel-Formel schreiben, um Minuten in Stunden und Minuten umzurechnen. Lassen Sie uns das \u00fcberpr\u00fcfen ...\" \/>\n<meta name=\"robots\" content=\"index, follow, max-snippet:-1, max-image-preview:large, max-video-preview:-1\" \/>\n<link rel=\"canonical\" href=\"https:\/\/exceladvisor.org\/de\/minuten-bis-stunden\/\" \/>\n<meta property=\"og:locale\" content=\"de_DE\" \/>\n<meta property=\"og:type\" content=\"article\" \/>\n<meta property=\"og:title\" content=\"Wie rechnet man Minuten in Stunden und Minuten um (HH:MM)?\" \/>\n<meta property=\"og:description\" content=\"In diesem Tutorial erfahren Sie, wie Sie eine Excel-Formel schreiben, um Minuten in Stunden und Minuten umzurechnen. Lassen Sie uns das \u00fcberpr\u00fcfen ...\" \/>\n<meta property=\"og:url\" content=\"https:\/\/exceladvisor.org\/de\/minuten-bis-stunden\/\" \/>\n<meta property=\"og:site_name\" content=\"Excel Advisor\" \/>\n<meta property=\"article:modified_time\" content=\"2023-12-03T13:04:44+00:00\" \/>\n<meta property=\"og:image\" content=\"https:\/\/exceladvisor.org\/wp-content\/uploads\/2023\/08\/1-convertir-des-minutes-en-heures.png\" \/>\n<meta name=\"twitter:card\" content=\"summary_large_image\" \/>\n<meta name=\"twitter:label1\" content=\"Gesch\u00e4tzte Lesezeit\" \/>\n\t<meta name=\"twitter:data1\" content=\"3\u00a0Minuten\" \/>\n<script type=\"application\/ld+json\" class=\"yoast-schema-graph\">{\"@context\":\"https:\/\/schema.org\",\"@graph\":[{\"@type\":\"WebPage\",\"@id\":\"https:\/\/exceladvisor.org\/de\/minuten-bis-stunden\/\",\"url\":\"https:\/\/exceladvisor.org\/de\/minuten-bis-stunden\/\",\"name\":\"Wie rechnet man Minuten in Stunden und Minuten um (HH:MM)?\",\"isPartOf\":{\"@id\":\"https:\/\/exceladvisor.org\/de\/#website\"},\"primaryImageOfPage\":{\"@id\":\"https:\/\/exceladvisor.org\/de\/minuten-bis-stunden\/#primaryimage\"},\"image\":{\"@id\":\"https:\/\/exceladvisor.org\/de\/minuten-bis-stunden\/#primaryimage\"},\"thumbnailUrl\":\"https:\/\/exceladvisor.org\/wp-content\/uploads\/2023\/08\/1-convertir-des-minutes-en-heures.png\",\"datePublished\":\"2023-11-12T13:44:23+00:00\",\"dateModified\":\"2023-12-03T13:04:44+00:00\",\"description\":\"In diesem Tutorial erfahren Sie, wie Sie eine Excel-Formel schreiben, um Minuten in Stunden und Minuten umzurechnen. Lassen Sie uns das \u00fcberpr\u00fcfen ...\",\"breadcrumb\":{\"@id\":\"https:\/\/exceladvisor.org\/de\/minuten-bis-stunden\/#breadcrumb\"},\"inLanguage\":\"de\",\"potentialAction\":[{\"@type\":\"ReadAction\",\"target\":[\"https:\/\/exceladvisor.org\/de\/minuten-bis-stunden\/\"]}]},{\"@type\":\"ImageObject\",\"inLanguage\":\"de\",\"@id\":\"https:\/\/exceladvisor.org\/de\/minuten-bis-stunden\/#primaryimage\",\"url\":\"https:\/\/exceladvisor.org\/wp-content\/uploads\/2023\/08\/1-convertir-des-minutes-en-heures.png\",\"contentUrl\":\"https:\/\/exceladvisor.org\/wp-content\/uploads\/2023\/08\/1-convertir-des-minutes-en-heures.png\"},{\"@type\":\"BreadcrumbList\",\"@id\":\"https:\/\/exceladvisor.org\/de\/minuten-bis-stunden\/#breadcrumb\",\"itemListElement\":[{\"@type\":\"ListItem\",\"position\":1,\"name\":\"Accueil\",\"item\":\"https:\/\/exceladvisor.org\/de\/\"},{\"@type\":\"ListItem\",\"position\":2,\"name\":\"Wie rechnet man minuten in stunden und minuten um?\"}]},{\"@type\":\"WebSite\",\"@id\":\"https:\/\/exceladvisor.org\/de\/#website\",\"url\":\"https:\/\/exceladvisor.org\/de\/\",\"name\":\"Excel Advisor\",\"description\":\"Ihr Leitfaden zur Datendominanz\",\"publisher\":{\"@id\":\"https:\/\/exceladvisor.org\/de\/#organization\"},\"potentialAction\":[{\"@type\":\"SearchAction\",\"target\":{\"@type\":\"EntryPoint\",\"urlTemplate\":\"https:\/\/exceladvisor.org\/de\/?s={search_term_string}\"},\"query-input\":{\"@type\":\"PropertyValueSpecification\",\"valueRequired\":true,\"valueName\":\"search_term_string\"}}],\"inLanguage\":\"de\"},{\"@type\":\"Organization\",\"@id\":\"https:\/\/exceladvisor.org\/de\/#organization\",\"name\":\"Excel Advisor\",\"url\":\"https:\/\/exceladvisor.org\/de\/\",\"logo\":{\"@type\":\"ImageObject\",\"inLanguage\":\"de\",\"@id\":\"https:\/\/exceladvisor.org\/de\/#\/schema\/logo\/image\/\",\"url\":\"https:\/\/exceladvisor.org\/de\/wp-content\/uploads\/2023\/11\/exceladvisor.org_.png\",\"contentUrl\":\"https:\/\/exceladvisor.org\/de\/wp-content\/uploads\/2023\/11\/exceladvisor.org_.png\",\"width\":105,\"height\":36,\"caption\":\"Excel Advisor\"},\"image\":{\"@id\":\"https:\/\/exceladvisor.org\/de\/#\/schema\/logo\/image\/\"}}]}<\/script>\n<!-- \/ Yoast SEO plugin. -->","yoast_head_json":{"title":"Wie rechnet man Minuten in Stunden und Minuten um (HH:MM)?","description":"In diesem Tutorial erfahren Sie, wie Sie eine Excel-Formel schreiben, um Minuten in Stunden und Minuten umzurechnen. Lassen Sie uns das \u00fcberpr\u00fcfen ...","robots":{"index":"index","follow":"follow","max-snippet":"max-snippet:-1","max-image-preview":"max-image-preview:large","max-video-preview":"max-video-preview:-1"},"canonical":"https:\/\/exceladvisor.org\/de\/minuten-bis-stunden\/","og_locale":"de_DE","og_type":"article","og_title":"Wie rechnet man Minuten in Stunden und Minuten um (HH:MM)?","og_description":"In diesem Tutorial erfahren Sie, wie Sie eine Excel-Formel schreiben, um Minuten in Stunden und Minuten umzurechnen. Lassen Sie uns das \u00fcberpr\u00fcfen ...","og_url":"https:\/\/exceladvisor.org\/de\/minuten-bis-stunden\/","og_site_name":"Excel Advisor","article_modified_time":"2023-12-03T13:04:44+00:00","og_image":[{"url":"https:\/\/exceladvisor.org\/wp-content\/uploads\/2023\/08\/1-convertir-des-minutes-en-heures.png","type":"","width":"","height":""}],"twitter_card":"summary_large_image","twitter_misc":{"Gesch\u00e4tzte Lesezeit":"3\u00a0Minuten"},"schema":{"@context":"https:\/\/schema.org","@graph":[{"@type":"WebPage","@id":"https:\/\/exceladvisor.org\/de\/minuten-bis-stunden\/","url":"https:\/\/exceladvisor.org\/de\/minuten-bis-stunden\/","name":"Wie rechnet man Minuten in Stunden und Minuten um (HH:MM)?","isPartOf":{"@id":"https:\/\/exceladvisor.org\/de\/#website"},"primaryImageOfPage":{"@id":"https:\/\/exceladvisor.org\/de\/minuten-bis-stunden\/#primaryimage"},"image":{"@id":"https:\/\/exceladvisor.org\/de\/minuten-bis-stunden\/#primaryimage"},"thumbnailUrl":"https:\/\/exceladvisor.org\/wp-content\/uploads\/2023\/08\/1-convertir-des-minutes-en-heures.png","datePublished":"2023-11-12T13:44:23+00:00","dateModified":"2023-12-03T13:04:44+00:00","description":"In diesem Tutorial erfahren Sie, wie Sie eine Excel-Formel schreiben, um Minuten in Stunden und Minuten umzurechnen. Lassen Sie uns das \u00fcberpr\u00fcfen ...","breadcrumb":{"@id":"https:\/\/exceladvisor.org\/de\/minuten-bis-stunden\/#breadcrumb"},"inLanguage":"de","potentialAction":[{"@type":"ReadAction","target":["https:\/\/exceladvisor.org\/de\/minuten-bis-stunden\/"]}]},{"@type":"ImageObject","inLanguage":"de","@id":"https:\/\/exceladvisor.org\/de\/minuten-bis-stunden\/#primaryimage","url":"https:\/\/exceladvisor.org\/wp-content\/uploads\/2023\/08\/1-convertir-des-minutes-en-heures.png","contentUrl":"https:\/\/exceladvisor.org\/wp-content\/uploads\/2023\/08\/1-convertir-des-minutes-en-heures.png"},{"@type":"BreadcrumbList","@id":"https:\/\/exceladvisor.org\/de\/minuten-bis-stunden\/#breadcrumb","itemListElement":[{"@type":"ListItem","position":1,"name":"Accueil","item":"https:\/\/exceladvisor.org\/de\/"},{"@type":"ListItem","position":2,"name":"Wie rechnet man minuten in stunden und minuten um?"}]},{"@type":"WebSite","@id":"https:\/\/exceladvisor.org\/de\/#website","url":"https:\/\/exceladvisor.org\/de\/","name":"Excel Advisor","description":"Ihr Leitfaden zur Datendominanz","publisher":{"@id":"https:\/\/exceladvisor.org\/de\/#organization"},"potentialAction":[{"@type":"SearchAction","target":{"@type":"EntryPoint","urlTemplate":"https:\/\/exceladvisor.org\/de\/?s={search_term_string}"},"query-input":{"@type":"PropertyValueSpecification","valueRequired":true,"valueName":"search_term_string"}}],"inLanguage":"de"},{"@type":"Organization","@id":"https:\/\/exceladvisor.org\/de\/#organization","name":"Excel Advisor","url":"https:\/\/exceladvisor.org\/de\/","logo":{"@type":"ImageObject","inLanguage":"de","@id":"https:\/\/exceladvisor.org\/de\/#\/schema\/logo\/image\/","url":"https:\/\/exceladvisor.org\/de\/wp-content\/uploads\/2023\/11\/exceladvisor.org_.png","contentUrl":"https:\/\/exceladvisor.org\/de\/wp-content\/uploads\/2023\/11\/exceladvisor.org_.png","width":105,"height":36,"caption":"Excel Advisor"},"image":{"@id":"https:\/\/exceladvisor.org\/de\/#\/schema\/logo\/image\/"}}]}},"yoast_meta":{"yoast_wpseo_title":"","yoast_wpseo_metadesc":"","yoast_wpseo_canonical":""},"_links":{"self":[{"href":"https:\/\/exceladvisor.org\/de\/wp-json\/wp\/v2\/pages\/3163","targetHints":{"allow":["GET"]}}],"collection":[{"href":"https:\/\/exceladvisor.org\/de\/wp-json\/wp\/v2\/pages"}],"about":[{"href":"https:\/\/exceladvisor.org\/de\/wp-json\/wp\/v2\/types\/page"}],"author":[{"embeddable":true,"href":"https:\/\/exceladvisor.org\/de\/wp-json\/wp\/v2\/users\/1"}],"replies":[{"embeddable":true,"href":"https:\/\/exceladvisor.org\/de\/wp-json\/wp\/v2\/comments?post=3163"}],"version-history":[{"count":1,"href":"https:\/\/exceladvisor.org\/de\/wp-json\/wp\/v2\/pages\/3163\/revisions"}],"predecessor-version":[{"id":4174,"href":"https:\/\/exceladvisor.org\/de\/wp-json\/wp\/v2\/pages\/3163\/revisions\/4174"}],"wp:attachment":[{"href":"https:\/\/exceladvisor.org\/de\/wp-json\/wp\/v2\/media?parent=3163"}],"curies":[{"name":"wp","href":"https:\/\/api.w.org\/{rel}","templated":true}]}}