{"id":3164,"date":"2023-11-12T13:33:22","date_gmt":"2023-11-12T13:33:22","guid":{"rendered":"https:\/\/exceladvisor.org\/de\/monate-arbeitstage\/"},"modified":"2023-12-03T11:20:03","modified_gmt":"2023-12-03T11:20:03","slug":"monate-arbeitstage","status":"publish","type":"page","link":"https:\/\/exceladvisor.org\/de\/monate-arbeitstage\/","title":{"rendered":"Wie extrahiere ich die arbeitstage in einem monat?"},"content":{"rendered":"<div class=\"excel-vor-dem-inhalt\" id=\"excel-1591436768\"><script type=\"text\/javascript\">\r\n\tatOptions = {\r\n\t\t'key' : 'c1158f160081d6540a8409e6925dab94',\r\n\t\t'format' : 'iframe',\r\n\t\t'height' : 250,\r\n\t\t'width' : 300,\r\n\t\t'params' : {}\r\n\t};\r\n<\/script>\r\n<script type=\"text\/javascript\" src=\"\/\/www.highperformanceformat.com\/c1158f160081d6540a8409e6925dab94\/invoke.js\"><\/script><\/div> <p>Um die Gesamtzahl der Werktage (Arbeitstage) in Excel mithilfe einer Formel zu erhalten, m\u00fcssen Sie zwei Funktionen (EOMONTH und NETWORKDAYS) kombinieren. In dieser Formel hilft Ihnen EOMONTH dabei, das <a href=\"https:\/\/exceladvisor.org\/de\/ende-des-monats\/\">letzte Datum des Monats<\/a> zu ermitteln. Mithilfe dieses letzten Datums und des von Ihnen angegebenen ersten Datums gibt NETWORKDAYS die Gesamtzahl der Arbeitstage in einem Monat zur\u00fcck. <\/p><div class=\"wp-block-image\"><figure class=\"aligncenter size-full is-resized\"><img loading=\"lazy\" decoding=\"async\" class=\"wp-image-79816\" src=\"https:\/\/exceladvisor.org\/wp-content\/uploads\/2023\/08\/1-jours-ouvres-par-mois.png\" sizes=\"auto, \" srcset=\"\" alt=\"Arbeitstage des Monats\" width=\"592\" height=\"471\"><\/figure><\/div><p> In diesem Tutorial lernen wir, wie man diese Formel schreibt. Und auch die von Ihnen gew\u00fcnschten Feiertage ber\u00fccksichtigen wir bei der Berechnung der Gesamtzahl der Tage.<\/p><h2 class=\"wp-block-heading\"> Excel-Formel zur Ermittlung der Gesamtzahl der Arbeitstage in einem Monat<\/h2><p> Sie k\u00f6nnen die folgenden Schritte ausf\u00fchren:<\/p><ol type=\"1\"><li> Geben Sie zun\u00e4chst in einer Zelle die Funktion ANZAHL DER ARBEITSTAGE ein.<\/li><li> Danach beziehen Sie sich im ersten Argument (start_date) auf die Zelle, in der Sie das Startdatum des Monats haben.<\/li><li> Geben Sie dann im zweiten Argument (end_date) die Funktion EOMONTH ein.<\/li><li> Geben Sie von dort aus in EOMONTH das Startdatum des Monats an, auf den Sie im Argument start_date von NETWORKDAYS verwiesen haben.<\/li><li> Geben Sie nun Nullen (0) in das Argument (Monat) von EOMONTH ein und schlie\u00dfen Sie die Funktion mit schlie\u00dfenden Klammern.<\/li><li> Sehen Sie sich am Ende die Liste der Feiertage (es muss eine Liste g\u00fcltiger Daten sein) im Argument [holidays] von NETWORKDAYS an, geben Sie die schlie\u00dfenden Klammern ein und dr\u00fccken Sie die Eingabetaste, um das Ergebnis zu erhalten. <\/li><\/ol><div class=\"wp-block-image\"><figure class=\"aligncenter size-full is-resized\"><img loading=\"lazy\" decoding=\"async\" class=\"wp-image-79817\" src=\"https:\/\/exceladvisor.org\/wp-content\/uploads\/2023\/08\/Fonction-2-jours-de-reseau.png\" sizes=\"auto, \" srcset=\"\" alt=\"Netzwerktage-Funktion\" width=\"580\" height=\"357\"><\/figure><\/div><pre class=\"wp-block-code\"> <code class=\"language-excel-formula line-numbers\" lang=\"excel-formula\">=NETWORKDAYS(A1,EOMONTH(A1,0),A4:A14) =NETWORKDAYS(start_date,EOMONTH(start_date,0),list_of_holidays)<\/code><\/pre><h2 class=\"wp-block-heading\"> Wie funktioniert diese Formel?<\/h2><p> Wie ich bereits erw\u00e4hnt habe, gibt die Funktion EOMONTH das letzte Datum des Monats zur\u00fcck. Wenn Sie in der Funktion ein Datum angeben, wird das letzte Datum dieses Monats zur\u00fcckgegeben. <\/p><div class=\"wp-block-image\"><figure class=\"aligncenter size-full is-resized\"><img loading=\"lazy\" decoding=\"async\" class=\"wp-image-79818\" src=\"https:\/\/exceladvisor.org\/wp-content\/uploads\/2023\/08\/Fonction-3-mois.png\" sizes=\"auto, \" srcset=\"\" alt=\"eomonth-Funktion\" width=\"546\" height=\"213\"><\/figure><\/div><p> COUNT.WORKDAYS verwendet dieses Datum als Enddatum, um die Gesamtzahl der Tage zwischen diesen beiden Daten zu ermitteln. <\/p><div class=\"wp-block-image\"><figure class=\"aligncenter size-full is-resized\"><img loading=\"lazy\" decoding=\"async\" class=\"wp-image-79819\" src=\"https:\/\/exceladvisor.org\/wp-content\/uploads\/2023\/08\/4-fonction-reseau-pour-obtenir-des-jours.png\" sizes=\"auto, \" srcset=\"\" alt=\"Netzwerkfunktion-zu-get-Tage\" width=\"558\" height=\"279\"><\/figure><\/div><p> Und am Ende, wenn Sie eine Liste mit Daten angeben, die Feiertage sind. COUNT.WORKDAYS ber\u00fccksichtigt dies auch bei der Berechnung der Gesamtzahl der Tage.<\/p><p> Im obigen Beispiel haben wir den ersten Tag des Januar 2023 verwendet. Im Januar haben wir insgesamt 31 Tage. Und wenn Sie es manuell \u00fcberpr\u00fcfen, haben Sie 10 Wochenenden und Feiertage im Monat. F\u00fcr ein Unternehmen bedeutet dies 21 Werktage. <\/p><div class=\"wp-block-image\"><figure class=\"aligncenter size-full is-resized\"><img loading=\"lazy\" decoding=\"async\" class=\"wp-image-79820\" src=\"https:\/\/exceladvisor.org\/wp-content\/uploads\/2023\/08\/5-exemples-pour-obtenir-des-jours-ouvres.png\" sizes=\"auto, \" srcset=\"\" alt=\"Beispiel-zu-Arbeitstage bekommen\" width=\"616\" height=\"394\"><\/figure><\/div><p> Und das ist genau die Anzahl der Werktage, die wir im Ergebnis haben. <\/p><div class=\"gb-container gb-container-52dfcee1 gb-container-sample-file\"><h2 class=\"gb-headline gb-headline-e289c143 gb-headline-text gb-headline-4f7959c2\"> Holen Sie sich die Excel-Datei<\/h2><p> <a class=\"gb-button gb-button-e88d6bee gb-button-text gb-button-button1\" href=\"https:\/\/exceladvisor.org\/wp-content\/uploads\/2023\/08\/jours-ouvrables.xlsx\" rel=\"nofollow\">Herunterladen<\/a><\/p><\/div><div class=\"gb-container gb-container-0df56012 gb-container-mt\"> <a class=\"gb-button gb-button-f9f432f4 gb-button-text gb-button-mt-button\" href=\"https:\/\/exceladvisor.org\/de\/formeln\/\">Liste der Excel-Formeln<\/a><h2 class=\"gb-headline gb-headline-233444e8 gb-headline-text gb-headline-mt-heading\"> Verwandte Formeln <\/h2><div class=\"gb-grid-wrapper gb-grid-wrapper-a16fa65c gb-grid-wrapper-mt-grid\"><div class=\"gb-grid-column gb-grid-column-50d07e0d\"><div class=\"gb-container gb-container-50d07e0d\"><ul><li> <a href=\"https:\/\/exceladvisor.org\/de\/fugen-sie-das-wochendatum-hinzu\/\">Addiere\/subtrahiere eine Woche von einem Datum in Excel<\/a><\/li><li> <a href=\"https:\/\/exceladvisor.org\/de\/holen-sie-sich-den-namen-des-tages\/\">Erhalten Sie den Tagesnamen aus einem Datum in Excel<\/a><\/li><li> <a href=\"https:\/\/exceladvisor.org\/de\/tage-des-monats\/\">Ermitteln Sie die Gesamtzahl der Tage oder Monate in Excel<\/a><\/li><li> <a href=\"https:\/\/exceladvisor.org\/de\/datum-zu-text-2\/\">Datum in Text umwandeln<\/a> <\/li><\/ul><\/div><\/div><div class=\"gb-grid-column gb-grid-column-5b4a0cf9\"><div class=\"gb-container gb-container-5b4a0cf9\"><ul><li> <a href=\"https:\/\/exceladvisor.org\/de\/countdown-tage\/\">Countdown-Tage<\/a><\/li><li> <a href=\"https:\/\/exceladvisor.org\/de\/tage-zwischen-zwei-daten\/\">Z\u00e4hlen Sie die Tage zwischen zwei Daten<\/a><\/li><li> <a href=\"https:\/\/exceladvisor.org\/de\/julienne-datum-2\/\">In julianisches Datum umrechnen<\/a><\/li><li> <a href=\"https:\/\/exceladvisor.org\/de\/vergangenen-sonntag-2\/\">Holen Sie sich den letzten Sonntag<\/a><\/li><\/ul><\/div><\/div><\/div><\/div>","protected":false},"excerpt":{"rendered":"","protected":false},"author":1,"featured_media":0,"parent":0,"menu_order":0,"comment_status":"open","ping_status":"closed","template":"","meta":{"ub_ctt_via":"","footnotes":""},"class_list":["post-3164","page","type-page","status-publish","hentry"],"featured_image_src":null,"yoast_head":"<!-- This site is optimized with the Yoast SEO plugin v25.4 - https:\/\/yoast.com\/wordpress\/plugins\/seo\/ -->\n<title>Wie extrahiere ich die Arbeitstage in einem Monat? - Excel-Berater<\/title>\n<meta name=\"description\" content=\"In diesem Tutorial erfahren Sie, wie Sie eine Excel-Formel schreiben, um die Anzahl der Arbeitstage in einem Monat zu ermitteln. Lassen Sie uns das \u00fcberpr\u00fcfen ...\" \/>\n<meta name=\"robots\" content=\"index, follow, max-snippet:-1, max-image-preview:large, max-video-preview:-1\" \/>\n<link rel=\"canonical\" href=\"https:\/\/exceladvisor.org\/de\/monate-arbeitstage\/\" \/>\n<meta property=\"og:locale\" content=\"de_DE\" \/>\n<meta property=\"og:type\" content=\"article\" \/>\n<meta property=\"og:title\" content=\"Wie extrahiere ich die Arbeitstage in einem Monat? - Excel-Berater\" \/>\n<meta property=\"og:description\" content=\"In diesem Tutorial erfahren Sie, wie Sie eine Excel-Formel schreiben, um die Anzahl der Arbeitstage in einem Monat zu ermitteln. Lassen Sie uns das \u00fcberpr\u00fcfen ...\" \/>\n<meta property=\"og:url\" content=\"https:\/\/exceladvisor.org\/de\/monate-arbeitstage\/\" \/>\n<meta property=\"og:site_name\" content=\"Excel Advisor\" \/>\n<meta property=\"article:modified_time\" content=\"2023-12-03T11:20:03+00:00\" \/>\n<meta property=\"og:image\" content=\"https:\/\/exceladvisor.org\/wp-content\/uploads\/2023\/08\/1-jours-ouvres-par-mois.png\" \/>\n<meta name=\"twitter:card\" content=\"summary_large_image\" \/>\n<meta name=\"twitter:label1\" content=\"Gesch\u00e4tzte Lesezeit\" \/>\n\t<meta name=\"twitter:data1\" content=\"2\u00a0Minuten\" \/>\n<script type=\"application\/ld+json\" class=\"yoast-schema-graph\">{\"@context\":\"https:\/\/schema.org\",\"@graph\":[{\"@type\":\"WebPage\",\"@id\":\"https:\/\/exceladvisor.org\/de\/monate-arbeitstage\/\",\"url\":\"https:\/\/exceladvisor.org\/de\/monate-arbeitstage\/\",\"name\":\"Wie extrahiere ich die Arbeitstage in einem Monat? - Excel-Berater\",\"isPartOf\":{\"@id\":\"https:\/\/exceladvisor.org\/de\/#website\"},\"primaryImageOfPage\":{\"@id\":\"https:\/\/exceladvisor.org\/de\/monate-arbeitstage\/#primaryimage\"},\"image\":{\"@id\":\"https:\/\/exceladvisor.org\/de\/monate-arbeitstage\/#primaryimage\"},\"thumbnailUrl\":\"https:\/\/exceladvisor.org\/wp-content\/uploads\/2023\/08\/1-jours-ouvres-par-mois.png\",\"datePublished\":\"2023-11-12T13:33:22+00:00\",\"dateModified\":\"2023-12-03T11:20:03+00:00\",\"description\":\"In diesem Tutorial erfahren Sie, wie Sie eine Excel-Formel schreiben, um die Anzahl der Arbeitstage in einem Monat zu ermitteln. Lassen Sie uns das \u00fcberpr\u00fcfen ...\",\"breadcrumb\":{\"@id\":\"https:\/\/exceladvisor.org\/de\/monate-arbeitstage\/#breadcrumb\"},\"inLanguage\":\"de\",\"potentialAction\":[{\"@type\":\"ReadAction\",\"target\":[\"https:\/\/exceladvisor.org\/de\/monate-arbeitstage\/\"]}]},{\"@type\":\"ImageObject\",\"inLanguage\":\"de\",\"@id\":\"https:\/\/exceladvisor.org\/de\/monate-arbeitstage\/#primaryimage\",\"url\":\"https:\/\/exceladvisor.org\/wp-content\/uploads\/2023\/08\/1-jours-ouvres-par-mois.png\",\"contentUrl\":\"https:\/\/exceladvisor.org\/wp-content\/uploads\/2023\/08\/1-jours-ouvres-par-mois.png\"},{\"@type\":\"BreadcrumbList\",\"@id\":\"https:\/\/exceladvisor.org\/de\/monate-arbeitstage\/#breadcrumb\",\"itemListElement\":[{\"@type\":\"ListItem\",\"position\":1,\"name\":\"Accueil\",\"item\":\"https:\/\/exceladvisor.org\/de\/\"},{\"@type\":\"ListItem\",\"position\":2,\"name\":\"Wie extrahiere ich die arbeitstage in einem monat?\"}]},{\"@type\":\"WebSite\",\"@id\":\"https:\/\/exceladvisor.org\/de\/#website\",\"url\":\"https:\/\/exceladvisor.org\/de\/\",\"name\":\"Excel Advisor\",\"description\":\"Ihr Leitfaden zur Datendominanz\",\"publisher\":{\"@id\":\"https:\/\/exceladvisor.org\/de\/#organization\"},\"potentialAction\":[{\"@type\":\"SearchAction\",\"target\":{\"@type\":\"EntryPoint\",\"urlTemplate\":\"https:\/\/exceladvisor.org\/de\/?s={search_term_string}\"},\"query-input\":{\"@type\":\"PropertyValueSpecification\",\"valueRequired\":true,\"valueName\":\"search_term_string\"}}],\"inLanguage\":\"de\"},{\"@type\":\"Organization\",\"@id\":\"https:\/\/exceladvisor.org\/de\/#organization\",\"name\":\"Excel Advisor\",\"url\":\"https:\/\/exceladvisor.org\/de\/\",\"logo\":{\"@type\":\"ImageObject\",\"inLanguage\":\"de\",\"@id\":\"https:\/\/exceladvisor.org\/de\/#\/schema\/logo\/image\/\",\"url\":\"https:\/\/exceladvisor.org\/de\/wp-content\/uploads\/2023\/11\/exceladvisor.org_.png\",\"contentUrl\":\"https:\/\/exceladvisor.org\/de\/wp-content\/uploads\/2023\/11\/exceladvisor.org_.png\",\"width\":105,\"height\":36,\"caption\":\"Excel Advisor\"},\"image\":{\"@id\":\"https:\/\/exceladvisor.org\/de\/#\/schema\/logo\/image\/\"}}]}<\/script>\n<!-- \/ Yoast SEO plugin. -->","yoast_head_json":{"title":"Wie extrahiere ich die Arbeitstage in einem Monat? - Excel-Berater","description":"In diesem Tutorial erfahren Sie, wie Sie eine Excel-Formel schreiben, um die Anzahl der Arbeitstage in einem Monat zu ermitteln. Lassen Sie uns das \u00fcberpr\u00fcfen ...","robots":{"index":"index","follow":"follow","max-snippet":"max-snippet:-1","max-image-preview":"max-image-preview:large","max-video-preview":"max-video-preview:-1"},"canonical":"https:\/\/exceladvisor.org\/de\/monate-arbeitstage\/","og_locale":"de_DE","og_type":"article","og_title":"Wie extrahiere ich die Arbeitstage in einem Monat? - Excel-Berater","og_description":"In diesem Tutorial erfahren Sie, wie Sie eine Excel-Formel schreiben, um die Anzahl der Arbeitstage in einem Monat zu ermitteln. Lassen Sie uns das \u00fcberpr\u00fcfen ...","og_url":"https:\/\/exceladvisor.org\/de\/monate-arbeitstage\/","og_site_name":"Excel Advisor","article_modified_time":"2023-12-03T11:20:03+00:00","og_image":[{"url":"https:\/\/exceladvisor.org\/wp-content\/uploads\/2023\/08\/1-jours-ouvres-par-mois.png","type":"","width":"","height":""}],"twitter_card":"summary_large_image","twitter_misc":{"Gesch\u00e4tzte Lesezeit":"2\u00a0Minuten"},"schema":{"@context":"https:\/\/schema.org","@graph":[{"@type":"WebPage","@id":"https:\/\/exceladvisor.org\/de\/monate-arbeitstage\/","url":"https:\/\/exceladvisor.org\/de\/monate-arbeitstage\/","name":"Wie extrahiere ich die Arbeitstage in einem Monat? - Excel-Berater","isPartOf":{"@id":"https:\/\/exceladvisor.org\/de\/#website"},"primaryImageOfPage":{"@id":"https:\/\/exceladvisor.org\/de\/monate-arbeitstage\/#primaryimage"},"image":{"@id":"https:\/\/exceladvisor.org\/de\/monate-arbeitstage\/#primaryimage"},"thumbnailUrl":"https:\/\/exceladvisor.org\/wp-content\/uploads\/2023\/08\/1-jours-ouvres-par-mois.png","datePublished":"2023-11-12T13:33:22+00:00","dateModified":"2023-12-03T11:20:03+00:00","description":"In diesem Tutorial erfahren Sie, wie Sie eine Excel-Formel schreiben, um die Anzahl der Arbeitstage in einem Monat zu ermitteln. Lassen Sie uns das \u00fcberpr\u00fcfen ...","breadcrumb":{"@id":"https:\/\/exceladvisor.org\/de\/monate-arbeitstage\/#breadcrumb"},"inLanguage":"de","potentialAction":[{"@type":"ReadAction","target":["https:\/\/exceladvisor.org\/de\/monate-arbeitstage\/"]}]},{"@type":"ImageObject","inLanguage":"de","@id":"https:\/\/exceladvisor.org\/de\/monate-arbeitstage\/#primaryimage","url":"https:\/\/exceladvisor.org\/wp-content\/uploads\/2023\/08\/1-jours-ouvres-par-mois.png","contentUrl":"https:\/\/exceladvisor.org\/wp-content\/uploads\/2023\/08\/1-jours-ouvres-par-mois.png"},{"@type":"BreadcrumbList","@id":"https:\/\/exceladvisor.org\/de\/monate-arbeitstage\/#breadcrumb","itemListElement":[{"@type":"ListItem","position":1,"name":"Accueil","item":"https:\/\/exceladvisor.org\/de\/"},{"@type":"ListItem","position":2,"name":"Wie extrahiere ich die arbeitstage in einem monat?"}]},{"@type":"WebSite","@id":"https:\/\/exceladvisor.org\/de\/#website","url":"https:\/\/exceladvisor.org\/de\/","name":"Excel Advisor","description":"Ihr Leitfaden zur Datendominanz","publisher":{"@id":"https:\/\/exceladvisor.org\/de\/#organization"},"potentialAction":[{"@type":"SearchAction","target":{"@type":"EntryPoint","urlTemplate":"https:\/\/exceladvisor.org\/de\/?s={search_term_string}"},"query-input":{"@type":"PropertyValueSpecification","valueRequired":true,"valueName":"search_term_string"}}],"inLanguage":"de"},{"@type":"Organization","@id":"https:\/\/exceladvisor.org\/de\/#organization","name":"Excel Advisor","url":"https:\/\/exceladvisor.org\/de\/","logo":{"@type":"ImageObject","inLanguage":"de","@id":"https:\/\/exceladvisor.org\/de\/#\/schema\/logo\/image\/","url":"https:\/\/exceladvisor.org\/de\/wp-content\/uploads\/2023\/11\/exceladvisor.org_.png","contentUrl":"https:\/\/exceladvisor.org\/de\/wp-content\/uploads\/2023\/11\/exceladvisor.org_.png","width":105,"height":36,"caption":"Excel Advisor"},"image":{"@id":"https:\/\/exceladvisor.org\/de\/#\/schema\/logo\/image\/"}}]}},"yoast_meta":{"yoast_wpseo_title":"","yoast_wpseo_metadesc":"","yoast_wpseo_canonical":""},"_links":{"self":[{"href":"https:\/\/exceladvisor.org\/de\/wp-json\/wp\/v2\/pages\/3164","targetHints":{"allow":["GET"]}}],"collection":[{"href":"https:\/\/exceladvisor.org\/de\/wp-json\/wp\/v2\/pages"}],"about":[{"href":"https:\/\/exceladvisor.org\/de\/wp-json\/wp\/v2\/types\/page"}],"author":[{"embeddable":true,"href":"https:\/\/exceladvisor.org\/de\/wp-json\/wp\/v2\/users\/1"}],"replies":[{"embeddable":true,"href":"https:\/\/exceladvisor.org\/de\/wp-json\/wp\/v2\/comments?post=3164"}],"version-history":[{"count":1,"href":"https:\/\/exceladvisor.org\/de\/wp-json\/wp\/v2\/pages\/3164\/revisions"}],"predecessor-version":[{"id":3983,"href":"https:\/\/exceladvisor.org\/de\/wp-json\/wp\/v2\/pages\/3164\/revisions\/3983"}],"wp:attachment":[{"href":"https:\/\/exceladvisor.org\/de\/wp-json\/wp\/v2\/media?parent=3164"}],"curies":[{"name":"wp","href":"https:\/\/api.w.org\/{rel}","templated":true}]}}