{"id":3169,"date":"2023-11-11T17:39:06","date_gmt":"2023-11-11T17:39:06","guid":{"rendered":"https:\/\/exceladvisor.org\/de\/interaktive-grafiken\/"},"modified":"2023-12-03T11:19:56","modified_gmt":"2023-12-03T11:19:56","slug":"interaktive-grafiken","status":"publish","type":"page","link":"https:\/\/exceladvisor.org\/de\/interaktive-grafiken\/","title":{"rendered":"Wie erstelle ich interaktive diagramme in excel?"},"content":{"rendered":"<div class=\"excel-vor-dem-inhalt\" id=\"excel-986639313\"><script type=\"text\/javascript\">\r\n\tatOptions = {\r\n\t\t'key' : 'c1158f160081d6540a8409e6925dab94',\r\n\t\t'format' : 'iframe',\r\n\t\t'height' : 250,\r\n\t\t'width' : 300,\r\n\t\t'params' : {}\r\n\t};\r\n<\/script>\r\n<script type=\"text\/javascript\" src=\"\/\/www.highperformanceformat.com\/c1158f160081d6540a8409e6925dab94\/invoke.js\"><\/script><\/div> <p>Ein Diagramm ist ein perfektes Werkzeug, um Daten verst\u00e4ndlich darzustellen. Aber manchmal ist es schei\u00dfe, weil wir es mit Daten \u00fcberladen. Ja, Sie haben richtig geh\u00f6rt.<\/p><p> Ich denke, wenn es um Grafiken geht, m\u00fcssen sie klar und deutlich sein, und die beste L\u00f6sung f\u00fcr dieses Problem ist die Verwendung interaktiver Grafiken. Durch die Verwendung interaktiver Diagramme in Excel <strong>k\u00f6nnen Sie mehr Daten in einem einzigen Diagramm darstellen,<\/strong> ohne sich um all das Durcheinander k\u00fcmmern zu m\u00fcssen.<\/p><p> Es ist ein kluger Weg. Schauen Sie sich die Tabelle unten an, in der ich versuche, das Ziel in Bezug auf Leistung, Gewinn und Marktanteil darzustellen. <\/p><div class=\"wp-block-image\"><figure class=\"aligncenter\"><img decoding=\"async\" src=\"https:\/\/exceladvisor.org\/wp-content\/uploads\/2023\/08\/comment-creer-un-graphique-interactif-dans-Excel-vs-graphique-normal-1.png\" sizes=\"\" srcset=\"\" alt=\"So erstellen Sie ein interaktives Diagramm in Excel im Vergleich zu einem normalen Diagramm\"><\/figure><\/div><p> Glauben Sie, dass dies eine angemessene Art ist, es zu pr\u00e4sentieren? Nat\u00fcrlich nicht. Und jetzt schauen Sie sich das an, wo ich ein interaktives Diagramm habe, das ich mit Optionsschaltfl\u00e4chen steuern kann. <\/p><div class=\"wp-block-image\"><figure class=\"aligncenter\"><img decoding=\"async\" src=\"https:\/\/exceladvisor.org\/wp-content\/uploads\/2023\/08\/comment-creer-un-graphique-interactif-dans-un-graphique-excel-1.gif\" sizes=\"\" srcset=\"\" alt=\"So erstellen Sie ein interaktives Diagramm in einem Excel-Diagramm\"><\/figure><\/div><p style=\"font-size: 24px;\"> <em>Was denken Sie? Sind Sie bereit, Ihr erstes interaktives Diagramm in Excel zu erstellen?<\/em><\/p><h2 class=\"wp-block-heading\"> Schritte zum Erstellen eines interaktiven Diagramms in Excel<\/h2><p> Im heutigen Artikel zeige ich Ihnen die genauen Schritte, die Sie befolgen m\u00fcssen, um ein einfaches interaktives Diagramm in Excel zu erstellen. Bitte <a href=\"https:\/\/exceladvisor.org\/wp-content\/uploads\/2023\/11\/graphique-excel-interactif-donnees-brutes.xlsx\" rel=\"nofollow\">laden Sie diese Datei hier herunter,<\/a> um mitzumachen.<\/p><h3 class=\"wp-block-heading\"> 1. Bereiten Sie die Daten vor<\/h3><ol><li> Kopieren Sie zun\u00e4chst diese Tabelle und f\u00fcgen Sie sie unter der Originaltabelle ein. <br><img loading=\"lazy\" decoding=\"async\" title=\"nt\/uploads\/2016\/12\/how-to-create-an-interactive-chart-in-excel-paste-table-data\" src=\"https:\/\/exceladvisor.org\/wp-content\/uploads\/2023\/08\/comment-creer-un-graphique-interactif-dans-Excel-coller-les-donnees-du-tableau-1.png\" sizes=\"auto, \" srcset=\"\" alt=\"nt\/uploads\/2016\/12\/how-to-create-an-interactive-chart-in-excel-paste-table-data\" width=\"488\" height=\"254\"><\/li><li> L\u00f6schen Sie nun die Daten aus der zweiten Tabelle. <br><img decoding=\"async\" title=\"nt\/uploads\/2016\/12\/how-to-create-an-interactive-chart-in-excel-delete-data\" src=\"https:\/\/exceladvisor.org\/wp-content\/uploads\/2023\/08\/comment-creer-un-graphique-interactif-dans-excel-supprimer-des-donnees-1.png\" sizes=\"\" srcset=\"\" alt=\"how to create an interactive chart in excel delete data\"><\/li><li> F\u00fcgen Sie in der Zelle \u201eJanuar-Ziel und -Leistung\u201c die folgenden Formeln ein und kopieren Sie diese Formeln in die gesamte Zeile ( <a href=\"https:\/\/exceladvisor.org\/de\/excel-formelleiste\/\">Formelleiste<\/a> ).<br> <code>=IF($A$1=1,B3,NA())<\/code><br> <img decoding=\"async\" title=\"nt\/uploads\/2016\/12\/how-to-create-an-interactive-chart-in-excel-add-formula-in-tagret-achievement\" src=\"https:\/\/exceladvisor.org\/wp-content\/uploads\/2023\/08\/comment-creer-un-graphique-interactif-dans-excel-ajouter-une-formule-dans-la-realisation-de-tagret-1.png\" sizes=\"\" srcset=\"\" alt=\"how to create an interactive chart in excel add formula in tagret achievement\"><\/li><li> Danach im Monat Januar Gewinn machen und in die gesamte Linie kopieren. <br><img decoding=\"async\" title=\"nt\/uploads\/2016\/12\/how-to-create-an-interactive-chart-in-excel-add-formula-profit\" src=\"https:\/\/exceladvisor.org\/wp-content\/uploads\/2023\/08\/comment-creer-un-graphique-interactif-dans-excel-ajouter-un-profit-de-formule-1.png\" sizes=\"\" srcset=\"\" alt=\"how to create an interactive chart in excel add formula profit\"><\/li><li> Letztendlich spiegelt sich der Marktanteil im Januar auf ganzer Linie wider. <br><img decoding=\"async\" title=\"nt\/uploads\/2016\/12\/how-to-create-an-interactive-chart-in-excel-add-formula-in-market-share\" src=\"https:\/\/exceladvisor.org\/wp-content\/uploads\/2023\/08\/comment-creer-un-graphique-interactif-dans-excel-ajouter-une-formule-de-part-de-marche-1.png\" sizes=\"\" srcset=\"\" alt=\"how to create an interactive chart in excel add formula in market share\"><\/li><\/ol><p style=\"font-size: 24px;\"> <em>Ihre interaktive Datentabelle ist fertig.<\/em> <\/p><div class=\"wp-block-image\"><figure class=\"aligncenter\"><img decoding=\"async\" src=\"https:\/\/exceladvisor.org\/wp-content\/uploads\/2023\/08\/comment-creer-un-graphique-interactif-dans-des-donnees-Excel-avec-des-formules-1.gif\" sizes=\"\" srcset=\"\" alt=\"So erstellen Sie ein interaktives Diagramm in Excel-Daten mit Formeln\"><\/figure><\/div><p> Alle Zellen in dieser Tabelle sind mit A1 verkn\u00fcpft. Und wenn Sie in Tabelle A1 \u201e1\u201c eingeben, werden nur die Daten f\u00fcr Ziel und Leistung angezeigt. F\u00fcr \u201e2\u201c werden Gewinn und Marktanteil f\u00fcr \u201e3\u201c angezeigt.<\/p><h3 class=\"wp-block-heading\"> 2. Optionsfelder einf\u00fcgen<\/h3><ol><li> Gehen Sie zur <a href=\"https:\/\/exceladvisor.org\/de\/fugen-sie-eine-entwicklerregisterkarte-hinzu\/\">Registerkarte \u201eEntwickler\u201c<\/a> \u279c Steuerung \u279c Einf\u00fcgen \u279c Optionsfeld. <br><img decoding=\"async\" title=\"Wie-erstelle-ein-interaktives-Diagramm-in-Excel-Optionsfelder einf\u00fcgen\" src=\"https:\/\/exceladvisor.org\/wp-content\/uploads\/2023\/08\/comment-creer-un-graphique-interactif-dans-excel-inserer-des-boutons-doption-1.png\" sizes=\"\" srcset=\"\" alt=\"how to create an interactive chart in excel insert option buttons\"><\/li><li> F\u00fcgen Sie drei Optionsfelder ein und benennen Sie sie wie folgt.<ul><li> Taste-1 = TGT vs. ACH<\/li><li> Button-2 = Gewinn<\/li><li> Button-3 = Marktanteil <\/li><\/ul><br><img decoding=\"async\" src=\"https:\/\/exceladvisor.org\/wp-content\/uploads\/2023\/08\/comment-creer-un-graphique-interactif-dans-les-boutons-doption-de-nom-Excel-1.png\" sizes=\"\" srcset=\"\" alt=\"So erstellen Sie ein interaktives Diagramm in Excel: Namensoptionsschaltfl\u00e4chen\"><\/li><li> Klicken Sie anschlie\u00dfend mit der rechten Maustaste auf eine der Schaltfl\u00e4chen und w\u00e4hlen Sie \u201eFormatsteuerung\u201c. <br><img decoding=\"async\" title=\"Wie-erstelle-ein-interaktives-Diagramm-in-Excel-Select-Format-Control\" src=\"https:\/\/exceladvisor.org\/wp-content\/uploads\/2023\/08\/comment-creer-un-graphique-interactif-dans-le-controle-de-format-de-selection-Excel-1.png\" sizes=\"\" srcset=\"\" alt=\"how to create an interactive chart in excel select format control\"><\/li><li> Verkn\u00fcpfen Sie es in den Formatsteuerungsoptionen mit Zelle A1 und klicken Sie auf OK. <br><img decoding=\"async\" src=\"https:\/\/exceladvisor.org\/wp-content\/uploads\/2023\/08\/comment-creer-un-graphique-interactif-dans-une-cellule-de-lien-Excel-1.png\" sizes=\"\" srcset=\"\" alt=\"So erstellen Sie ein interaktives Diagramm in einer Excel-Linkzelle\"><\/li><li> Jetzt k\u00f6nnen Sie Ihre Daten mit diesen Optionsfeldern steuern. <br><img decoding=\"async\" title=\"How-to-create-an-interactive-chart-in-excel-data-with-option-buttons.gif\" src=\"https:\/\/exceladvisor.org\/wp-content\/uploads\/2023\/08\/comment-creer-un-graphique-interactif-dans-des-donnees-Excel-avec-des-boutons-doption-1.gif\" sizes=\"\" srcset=\"\" alt=\"how to create an interactive chart in excel data with option buttons\"><\/li><\/ol><h3 class=\"wp-block-heading\"> 3. Nebenachsendiagramm einf\u00fcgen<\/h3><ol><li> W\u00e4hlen Sie zun\u00e4chst Ihre Tabelle aus und f\u00fcgen Sie ein Histogramm ein.<\/li><li> W\u00e4hlen Sie anschlie\u00dfend Ihre Datenbalken aus und klicken Sie auf \u201eDiagrammtyp \u00e4ndern\u201c. Gehen Sie zur Registerkarte Design \u279c Design \u279c Diagrammtyp \u00e4ndern. <br><img decoding=\"async\" title=\"Wie-erstelle-ein-interaktives-Diagramm-in-Excel-click-change-data-type-1\" src=\"https:\/\/exceladvisor.org\/wp-content\/uploads\/2023\/08\/comment-creer-un-graphique-interactif-dans-excel-cliquez-sur-changer-le-type-de-donnees-1.png\" sizes=\"\" srcset=\"\" alt=\"how to create an interactive chart in excel click change data type\"><\/li><li> \u00c4ndern Sie nun f\u00fcr Gewinn und Marktanteil den Diagrammtyp in \u201eLinie mit Markierungen\u201c und <a href=\"https:\/\/exceladvisor.org\/de\/sekundarachse\/\" data-wpil=\"url\">\u00fcberpr\u00fcfen Sie die Sekund\u00e4rachse<\/a> f\u00fcr beides. <br><img decoding=\"async\" title=\"Wie-erstellt-ein-interaktives-Diagramm-in-Excel-den-Typ-des-Sekund\u00e4rachsendiagramms-\u00e4ndern\" src=\"https:\/\/exceladvisor.org\/wp-content\/uploads\/2023\/08\/comment-creer-un-graphique-interactif-dans-Excel-modifier-laxe-secondaire-du-type-de-graphique.png\" sizes=\"\" srcset=\"\" alt=\"how to create interactive chart in excel change charts type secondary axis\"><\/li><\/ol><p> <strong>Gl\u00fcckwunsch!<\/strong> Ihr interaktives Diagramm ist bereit zum Rocken. Sie k\u00f6nnen bei Bedarf auch Formatierungs\u00e4nderungen an Ihrem Diagramm vornehmen. <\/p><div class=\"wp-block-image\"><figure class=\"aligncenter\"><img decoding=\"async\" src=\"https:\/\/exceladvisor.org\/wp-content\/uploads\/2023\/08\/comment-creer-un-graphique-interactif-dans-excel-pret-a-lemploi-1.gif\" sizes=\"\" srcset=\"\" alt=\"So erstellen Sie gebrauchsfertige interaktive Diagramme in Excel\"><\/figure><\/div><h2 id=\"tab-con-5\" class=\"wp-block-heading\"> Beispieldatei<\/h2><p> <a style=\"outline: none;\" href=\"https:\/\/exceladvisor.org\/wp-content\/uploads\/2023\/11\/tableau-excel-interactif.xlsx\" rel=\"nofollow\">Laden Sie diese Beispieldatei hier herunter,<\/a> um mehr zu erfahren.<\/p><h2 class=\"wp-block-heading\"> Abschluss<\/h2><p> Abschlie\u00dfend m\u00f6chte ich nur sagen, dass Sie Ihrem Benutzer mit einem interaktiven Diagramm helfen k\u00f6nnen, sich jeweils auf eine Sache zu konzentrieren.<\/p><p> Und auch in Dashboards k\u00f6nnen Sie viel Platz sparen. Manchmal hat man das Gef\u00fchl, dass es ein langer Prozess ist, aber es handelt sich um eine einmalige Einrichtung, die Ihnen viel Zeit sparen kann. Ich hoffe, dieser Tipp hilft Ihnen dabei, das Mapping zu verbessern, aber jetzt sagen Sie mir noch etwas.<\/p><p> Welche Art von interaktiven Grafiken verwenden Sie? Teilen Sie es mir im Kommentarbereich mit, ich w\u00fcrde gerne von Ihnen h\u00f6ren, und vergessen Sie nicht, diesen Tipp mit Ihren Freunden zu teilen, ich bin sicher, sie werden es zu sch\u00e4tzen wissen.<\/p><h2 class=\"wp-block-heading\"> Weitere Grafik-Tutorials<\/h2><ul><li> <a style=\"outline: none;\" href=\"https:\/\/exceladvisor.org\/de\/fugen-sie-eine-horizontale-linie-hinzu\/\">So f\u00fcgen Sie einem Diagramm in Excel eine horizontale Linie hinzu<\/a><\/li><li> <a style=\"outline: none;\" href=\"https:\/\/exceladvisor.org\/de\/fugen-sie-eine-vertikale-linie-hinzu\/\">So f\u00fcgen Sie einem Diagramm in Excel eine vertikale Linie hinzu<\/a><\/li><li> <a style=\"outline: none;\" href=\"https:\/\/exceladvisor.org\/de\/schwarzes-brett\/\">So erstellen Sie ein Bullet-Diagramm in Excel<\/a><\/li><li> <a style=\"outline: none;\" href=\"https:\/\/exceladvisor.org\/de\/dynamischer-diagrammbereich\/\">So erstellen Sie einen dynamischen Diagrammbereich in Excel<\/a><\/li><li> <a style=\"outline: none;\" href=\"https:\/\/exceladvisor.org\/de\/dynamischer-diagrammtitel\/\">So erstellen Sie einen dynamischen Diagrammtitel in Excel<\/a><\/li><\/ul>","protected":false},"excerpt":{"rendered":"","protected":false},"author":1,"featured_media":0,"parent":0,"menu_order":0,"comment_status":"open","ping_status":"closed","template":"","meta":{"ub_ctt_via":"","footnotes":""},"class_list":["post-3169","page","type-page","status-publish","hentry"],"featured_image_src":null,"yoast_head":"<!-- This site is optimized with the Yoast SEO plugin v25.4 - https:\/\/yoast.com\/wordpress\/plugins\/seo\/ -->\n<title>Wie erstelle ich interaktive Diagramme in Excel? [3 Schritte]<\/title>\n<meta name=\"description\" content=\"Durch die Verwendung interaktiver Diagramme in Excel k\u00f6nnen Sie mehr Daten in einem einzigen Diagramm darstellen. Und hier habe ich eine Schritt-f\u00fcr-Schritt-Anleitung zum Erstellen Ihres ersten interaktiven Diagramms.\" \/>\n<meta name=\"robots\" content=\"index, follow, max-snippet:-1, max-image-preview:large, max-video-preview:-1\" \/>\n<link rel=\"canonical\" href=\"https:\/\/exceladvisor.org\/de\/interaktive-grafiken\/\" \/>\n<meta property=\"og:locale\" content=\"de_DE\" \/>\n<meta property=\"og:type\" content=\"article\" \/>\n<meta property=\"og:title\" content=\"Wie erstelle ich interaktive Diagramme in Excel? [3 Schritte]\" \/>\n<meta property=\"og:description\" content=\"Durch die Verwendung interaktiver Diagramme in Excel k\u00f6nnen Sie mehr Daten in einem einzigen Diagramm darstellen. Und hier habe ich eine Schritt-f\u00fcr-Schritt-Anleitung zum Erstellen Ihres ersten interaktiven Diagramms.\" \/>\n<meta property=\"og:url\" content=\"https:\/\/exceladvisor.org\/de\/interaktive-grafiken\/\" \/>\n<meta property=\"og:site_name\" content=\"Excel Advisor\" \/>\n<meta property=\"article:modified_time\" content=\"2023-12-03T11:19:56+00:00\" \/>\n<meta property=\"og:image\" content=\"https:\/\/exceladvisor.org\/wp-content\/uploads\/2023\/08\/comment-creer-un-graphique-interactif-dans-Excel-vs-graphique-normal-1.png\" \/>\n<meta name=\"twitter:card\" content=\"summary_large_image\" \/>\n<meta name=\"twitter:label1\" content=\"Gesch\u00e4tzte Lesezeit\" \/>\n\t<meta name=\"twitter:data1\" content=\"3\u00a0Minuten\" \/>\n<script type=\"application\/ld+json\" class=\"yoast-schema-graph\">{\"@context\":\"https:\/\/schema.org\",\"@graph\":[{\"@type\":\"WebPage\",\"@id\":\"https:\/\/exceladvisor.org\/de\/interaktive-grafiken\/\",\"url\":\"https:\/\/exceladvisor.org\/de\/interaktive-grafiken\/\",\"name\":\"Wie erstelle ich interaktive Diagramme in Excel? [3 Schritte]\",\"isPartOf\":{\"@id\":\"https:\/\/exceladvisor.org\/de\/#website\"},\"primaryImageOfPage\":{\"@id\":\"https:\/\/exceladvisor.org\/de\/interaktive-grafiken\/#primaryimage\"},\"image\":{\"@id\":\"https:\/\/exceladvisor.org\/de\/interaktive-grafiken\/#primaryimage\"},\"thumbnailUrl\":\"https:\/\/exceladvisor.org\/wp-content\/uploads\/2023\/08\/comment-creer-un-graphique-interactif-dans-Excel-vs-graphique-normal-1.png\",\"datePublished\":\"2023-11-11T17:39:06+00:00\",\"dateModified\":\"2023-12-03T11:19:56+00:00\",\"description\":\"Durch die Verwendung interaktiver Diagramme in Excel k\u00f6nnen Sie mehr Daten in einem einzigen Diagramm darstellen. Und hier habe ich eine Schritt-f\u00fcr-Schritt-Anleitung zum Erstellen Ihres ersten interaktiven Diagramms.\",\"breadcrumb\":{\"@id\":\"https:\/\/exceladvisor.org\/de\/interaktive-grafiken\/#breadcrumb\"},\"inLanguage\":\"de\",\"potentialAction\":[{\"@type\":\"ReadAction\",\"target\":[\"https:\/\/exceladvisor.org\/de\/interaktive-grafiken\/\"]}]},{\"@type\":\"ImageObject\",\"inLanguage\":\"de\",\"@id\":\"https:\/\/exceladvisor.org\/de\/interaktive-grafiken\/#primaryimage\",\"url\":\"https:\/\/exceladvisor.org\/wp-content\/uploads\/2023\/08\/comment-creer-un-graphique-interactif-dans-Excel-vs-graphique-normal-1.png\",\"contentUrl\":\"https:\/\/exceladvisor.org\/wp-content\/uploads\/2023\/08\/comment-creer-un-graphique-interactif-dans-Excel-vs-graphique-normal-1.png\"},{\"@type\":\"BreadcrumbList\",\"@id\":\"https:\/\/exceladvisor.org\/de\/interaktive-grafiken\/#breadcrumb\",\"itemListElement\":[{\"@type\":\"ListItem\",\"position\":1,\"name\":\"Accueil\",\"item\":\"https:\/\/exceladvisor.org\/de\/\"},{\"@type\":\"ListItem\",\"position\":2,\"name\":\"Wie erstelle ich interaktive diagramme in excel?\"}]},{\"@type\":\"WebSite\",\"@id\":\"https:\/\/exceladvisor.org\/de\/#website\",\"url\":\"https:\/\/exceladvisor.org\/de\/\",\"name\":\"Excel Advisor\",\"description\":\"Ihr Leitfaden zur Datendominanz\",\"publisher\":{\"@id\":\"https:\/\/exceladvisor.org\/de\/#organization\"},\"potentialAction\":[{\"@type\":\"SearchAction\",\"target\":{\"@type\":\"EntryPoint\",\"urlTemplate\":\"https:\/\/exceladvisor.org\/de\/?s={search_term_string}\"},\"query-input\":{\"@type\":\"PropertyValueSpecification\",\"valueRequired\":true,\"valueName\":\"search_term_string\"}}],\"inLanguage\":\"de\"},{\"@type\":\"Organization\",\"@id\":\"https:\/\/exceladvisor.org\/de\/#organization\",\"name\":\"Excel Advisor\",\"url\":\"https:\/\/exceladvisor.org\/de\/\",\"logo\":{\"@type\":\"ImageObject\",\"inLanguage\":\"de\",\"@id\":\"https:\/\/exceladvisor.org\/de\/#\/schema\/logo\/image\/\",\"url\":\"https:\/\/exceladvisor.org\/de\/wp-content\/uploads\/2023\/11\/exceladvisor.org_.png\",\"contentUrl\":\"https:\/\/exceladvisor.org\/de\/wp-content\/uploads\/2023\/11\/exceladvisor.org_.png\",\"width\":105,\"height\":36,\"caption\":\"Excel Advisor\"},\"image\":{\"@id\":\"https:\/\/exceladvisor.org\/de\/#\/schema\/logo\/image\/\"}}]}<\/script>\n<!-- \/ Yoast SEO plugin. -->","yoast_head_json":{"title":"Wie erstelle ich interaktive Diagramme in Excel? [3 Schritte]","description":"Durch die Verwendung interaktiver Diagramme in Excel k\u00f6nnen Sie mehr Daten in einem einzigen Diagramm darstellen. Und hier habe ich eine Schritt-f\u00fcr-Schritt-Anleitung zum Erstellen Ihres ersten interaktiven Diagramms.","robots":{"index":"index","follow":"follow","max-snippet":"max-snippet:-1","max-image-preview":"max-image-preview:large","max-video-preview":"max-video-preview:-1"},"canonical":"https:\/\/exceladvisor.org\/de\/interaktive-grafiken\/","og_locale":"de_DE","og_type":"article","og_title":"Wie erstelle ich interaktive Diagramme in Excel? [3 Schritte]","og_description":"Durch die Verwendung interaktiver Diagramme in Excel k\u00f6nnen Sie mehr Daten in einem einzigen Diagramm darstellen. Und hier habe ich eine Schritt-f\u00fcr-Schritt-Anleitung zum Erstellen Ihres ersten interaktiven Diagramms.","og_url":"https:\/\/exceladvisor.org\/de\/interaktive-grafiken\/","og_site_name":"Excel Advisor","article_modified_time":"2023-12-03T11:19:56+00:00","og_image":[{"url":"https:\/\/exceladvisor.org\/wp-content\/uploads\/2023\/08\/comment-creer-un-graphique-interactif-dans-Excel-vs-graphique-normal-1.png","type":"","width":"","height":""}],"twitter_card":"summary_large_image","twitter_misc":{"Gesch\u00e4tzte Lesezeit":"3\u00a0Minuten"},"schema":{"@context":"https:\/\/schema.org","@graph":[{"@type":"WebPage","@id":"https:\/\/exceladvisor.org\/de\/interaktive-grafiken\/","url":"https:\/\/exceladvisor.org\/de\/interaktive-grafiken\/","name":"Wie erstelle ich interaktive Diagramme in Excel? [3 Schritte]","isPartOf":{"@id":"https:\/\/exceladvisor.org\/de\/#website"},"primaryImageOfPage":{"@id":"https:\/\/exceladvisor.org\/de\/interaktive-grafiken\/#primaryimage"},"image":{"@id":"https:\/\/exceladvisor.org\/de\/interaktive-grafiken\/#primaryimage"},"thumbnailUrl":"https:\/\/exceladvisor.org\/wp-content\/uploads\/2023\/08\/comment-creer-un-graphique-interactif-dans-Excel-vs-graphique-normal-1.png","datePublished":"2023-11-11T17:39:06+00:00","dateModified":"2023-12-03T11:19:56+00:00","description":"Durch die Verwendung interaktiver Diagramme in Excel k\u00f6nnen Sie mehr Daten in einem einzigen Diagramm darstellen. Und hier habe ich eine Schritt-f\u00fcr-Schritt-Anleitung zum Erstellen Ihres ersten interaktiven Diagramms.","breadcrumb":{"@id":"https:\/\/exceladvisor.org\/de\/interaktive-grafiken\/#breadcrumb"},"inLanguage":"de","potentialAction":[{"@type":"ReadAction","target":["https:\/\/exceladvisor.org\/de\/interaktive-grafiken\/"]}]},{"@type":"ImageObject","inLanguage":"de","@id":"https:\/\/exceladvisor.org\/de\/interaktive-grafiken\/#primaryimage","url":"https:\/\/exceladvisor.org\/wp-content\/uploads\/2023\/08\/comment-creer-un-graphique-interactif-dans-Excel-vs-graphique-normal-1.png","contentUrl":"https:\/\/exceladvisor.org\/wp-content\/uploads\/2023\/08\/comment-creer-un-graphique-interactif-dans-Excel-vs-graphique-normal-1.png"},{"@type":"BreadcrumbList","@id":"https:\/\/exceladvisor.org\/de\/interaktive-grafiken\/#breadcrumb","itemListElement":[{"@type":"ListItem","position":1,"name":"Accueil","item":"https:\/\/exceladvisor.org\/de\/"},{"@type":"ListItem","position":2,"name":"Wie erstelle ich interaktive diagramme in excel?"}]},{"@type":"WebSite","@id":"https:\/\/exceladvisor.org\/de\/#website","url":"https:\/\/exceladvisor.org\/de\/","name":"Excel Advisor","description":"Ihr Leitfaden zur Datendominanz","publisher":{"@id":"https:\/\/exceladvisor.org\/de\/#organization"},"potentialAction":[{"@type":"SearchAction","target":{"@type":"EntryPoint","urlTemplate":"https:\/\/exceladvisor.org\/de\/?s={search_term_string}"},"query-input":{"@type":"PropertyValueSpecification","valueRequired":true,"valueName":"search_term_string"}}],"inLanguage":"de"},{"@type":"Organization","@id":"https:\/\/exceladvisor.org\/de\/#organization","name":"Excel Advisor","url":"https:\/\/exceladvisor.org\/de\/","logo":{"@type":"ImageObject","inLanguage":"de","@id":"https:\/\/exceladvisor.org\/de\/#\/schema\/logo\/image\/","url":"https:\/\/exceladvisor.org\/de\/wp-content\/uploads\/2023\/11\/exceladvisor.org_.png","contentUrl":"https:\/\/exceladvisor.org\/de\/wp-content\/uploads\/2023\/11\/exceladvisor.org_.png","width":105,"height":36,"caption":"Excel Advisor"},"image":{"@id":"https:\/\/exceladvisor.org\/de\/#\/schema\/logo\/image\/"}}]}},"yoast_meta":{"yoast_wpseo_title":"","yoast_wpseo_metadesc":"","yoast_wpseo_canonical":""},"_links":{"self":[{"href":"https:\/\/exceladvisor.org\/de\/wp-json\/wp\/v2\/pages\/3169","targetHints":{"allow":["GET"]}}],"collection":[{"href":"https:\/\/exceladvisor.org\/de\/wp-json\/wp\/v2\/pages"}],"about":[{"href":"https:\/\/exceladvisor.org\/de\/wp-json\/wp\/v2\/types\/page"}],"author":[{"embeddable":true,"href":"https:\/\/exceladvisor.org\/de\/wp-json\/wp\/v2\/users\/1"}],"replies":[{"embeddable":true,"href":"https:\/\/exceladvisor.org\/de\/wp-json\/wp\/v2\/comments?post=3169"}],"version-history":[{"count":1,"href":"https:\/\/exceladvisor.org\/de\/wp-json\/wp\/v2\/pages\/3169\/revisions"}],"predecessor-version":[{"id":3976,"href":"https:\/\/exceladvisor.org\/de\/wp-json\/wp\/v2\/pages\/3169\/revisions\/3976"}],"wp:attachment":[{"href":"https:\/\/exceladvisor.org\/de\/wp-json\/wp\/v2\/media?parent=3169"}],"curies":[{"name":"wp","href":"https:\/\/api.w.org\/{rel}","templated":true}]}}