{"id":3171,"date":"2023-11-11T16:10:09","date_gmt":"2023-11-11T16:10:09","guid":{"rendered":"https:\/\/exceladvisor.org\/de\/median-wenn-2\/"},"modified":"2023-12-03T11:12:07","modified_gmt":"2023-12-03T11:12:07","slug":"median-wenn-2","status":"publish","type":"page","link":"https:\/\/exceladvisor.org\/de\/median-wenn-2\/","title":{"rendered":"Bedingte kriterien f\u00fcr die verwendung von median mit if"},"content":{"rendered":"<div class=\"excel-vor-dem-inhalt\" id=\"excel-1030998228\"><script type=\"text\/javascript\">\r\n\tatOptions = {\r\n\t\t'key' : 'c1158f160081d6540a8409e6925dab94',\r\n\t\t'format' : 'iframe',\r\n\t\t'height' : 250,\r\n\t\t'width' : 300,\r\n\t\t'params' : {}\r\n\t};\r\n<\/script>\r\n<script type=\"text\/javascript\" src=\"\/\/www.highperformanceformat.com\/c1158f160081d6540a8409e6925dab94\/invoke.js\"><\/script><\/div> <p>Um die MEDIAN-IF-Formel in Excel zu schreiben, m\u00fcssen Sie die MEDIAN-Funktion in Kombination mit der IF-Funktion verwenden. Zuerst m\u00fcssen Sie die MEDIAN-Funktion verwenden. Um dann eine Bedingung zu erstellen, m\u00fcssen Sie die IF-Funktion eingeben. Beziehen Sie sich im SI auf den Bereich, in dem Sie die Bedingung testen m\u00f6chten. Beziehen Sie sich anschlie\u00dfend auf den Bereich, in dem Sie die Daten haben. Geben Sie am Ende die Formel als Matrixformel ein. <\/p><div class=\"wp-block-image\"><figure class=\"aligncenter size-full is-resized\"><img loading=\"lazy\" decoding=\"async\" class=\"wp-image-79414\" src=\"https:\/\/exceladvisor.org\/wp-content\/uploads\/2023\/08\/1-mediane-avec-si.png\" sizes=\"auto, \" srcset=\"\" alt=\"Median-mit-wenn\" width=\"536\" height=\"386\"><\/figure><\/div><p> In diesem Tutorial lernen wir, wie man eine Formel schreibt, um einen Median mit einer Bedingung zu berechnen.<\/p><h2 class=\"wp-block-heading\"> Bedingte Formel zur Berechnung von MEDIAN IF<\/h2><p> Sie k\u00f6nnen die folgenden Schritte ausf\u00fchren:<\/p><ol><li> Geben Sie zun\u00e4chst die MEDIAN-Funktion in eine Zelle ein.<\/li><li> Geben Sie anschlie\u00dfend die WENN-Funktion mit dem MEDIAN ein.<\/li><li> Beziehen Sie sich nun im Argument (logical_test) auf den Bereich A1:A1.<\/li><li> Geben Sie von dort aus im selben Argument einen Gleichheitsoperator und \u201eTag 1\u201c ein, um ihn als Testbedingung zu verwenden.<\/li><li> Verweisen Sie dann in (value_if_true) in IF auf den Bereich B1:B12, in dem Sie Daten zur Berechnung des MEDIAN haben.<\/li><li> Geben Sie am Ende schlie\u00dfende Klammern ein, um die Funktion zu schlie\u00dfen. Und verwenden Sie <strong>Strg + Umschalt + Eingabetaste,<\/strong> um das Formelergebnis zu erhalten. <\/li><\/ol><div class=\"wp-block-image\"><figure class=\"aligncenter size-full is-resized\"><img loading=\"lazy\" decoding=\"async\" class=\"wp-image-79415\" src=\"https:\/\/exceladvisor.org\/wp-content\/uploads\/2023\/08\/2-calculer-la-mediane-si.png\" sizes=\"auto, \" srcset=\"\" alt=\"Berechnen-Median-wenn\" width=\"642\" height=\"355\"><\/figure><\/div><pre class=\"wp-block-code\"> <code class=\"language-excel-formula\" lang=\"excel-formula\">=MEDIAN(IF(A1:A12=\"Day 1\",B1:B12))<\/code><\/pre><h2 class=\"wp-block-heading\"> Wie funktioniert diese Formel?<\/h2><p> Um diese Formel zu verstehen, m\u00fcssen Sie verstehen, dass die Eingabe einer Formel in Tabellenform f\u00fcr den gesamten Bereich und nicht nur f\u00fcr eine Zelle funktioniert. Um dies zu verstehen, m\u00fcssen Sie diese Formel in zwei Teile aufteilen. <\/p><div class=\"wp-block-image\"><figure class=\"aligncenter size-full is-resized\"><img loading=\"lazy\" decoding=\"async\" class=\"wp-image-79416\" src=\"https:\/\/exceladvisor.org\/wp-content\/uploads\/2023\/08\/3-comprend-la-formule.png\" sizes=\"auto, \" srcset=\"\" alt=\"Verstehe-die-Formel\" width=\"675\" height=\"341\"><\/figure><\/div><p> In <strong><strong><mark class=\"has-inline-color\" style=\"background-color: #eedc82; color: #ed573c;\">TEIL EINS<\/mark><\/strong><\/strong> m\u00fcssen Sie eine Bedingung im Bereich A1:A12 testen. In diesem Bereich haben wir zwei Werte, Tag 1 und Tag 2. Wir m\u00f6chten die Zellen testen, in denen wir die Zelle f\u00fcr Tag 1 haben. Wie Sie im obigen Beispiel sehen k\u00f6nnen, haben wir TRUE f\u00fcr alle Zellen, in denen wir auf Tag 1 gesetzt haben, und FALSE f\u00fcr die restlichen Zellen. <\/p><div class=\"wp-block-image\"><figure class=\"aligncenter size-full is-resized\"><img loading=\"lazy\" decoding=\"async\" class=\"wp-image-79417\" src=\"https:\/\/exceladvisor.org\/wp-content\/uploads\/2023\/08\/4-conditions-a-tester-en-premiere-partie1.png\" sizes=\"auto, \" srcset=\"\" alt=\"Bedingung, die im ersten Teil gepr\u00fcft werden soll\" width=\"671\" height=\"329\"><\/figure><\/div><p> Danach haben Sie sich im zweiten Argument der IF-Funktion auf den Bereich B1:B12 bezogen, in dem wir die Daten zur Berechnung des Medians haben. <\/p><div class=\"wp-block-image\"><figure class=\"aligncenter size-full is-resized\"><img loading=\"lazy\" decoding=\"async\" class=\"wp-image-79418\" src=\"https:\/\/exceladvisor.org\/wp-content\/uploads\/2023\/08\/5-fait-reference-a-la-gamme-dans-la-deuxieme-partie.png\" sizes=\"auto, \" srcset=\"\" alt=\"Verweis auf die Skala im zweiten Teil\" width=\"705\" height=\"337\"><\/figure><\/div><p> In <strong><mark class=\"has-inline-color\" style=\"background-color: #eedc82; color: #ed573c;\">TEIL ZWEI<\/mark><\/strong> gibt IF Daten f\u00fcr alle Werte zur\u00fcck, f\u00fcr die wir DAY 1 im Bereich A1:A12 haben, und FALSE f\u00fcr die restlichen Werte. Und MEDIAN gibt nur f\u00fcr diese Werte den Median zur\u00fcck. <\/p><div class=\"gb-container gb-container-52dfcee1 gb-container-sample-file\"><h2 class=\"gb-headline gb-headline-e289c143 gb-headline-text gb-headline-4f7959c2\"> Holen Sie sich die Excel-Datei<\/h2> <a class=\"gb-button gb-button-e88d6bee gb-button-text gb-button-button1\" href=\"https:\/\/exceladvisor.org\/wp-content\/uploads\/2023\/08\/mediane-si.xlsx\" rel=\"nofollow\">Herunterladen<\/a><\/div><div class=\"gb-container gb-container-0df56012 gb-container-mt\"> <a class=\"gb-button gb-button-f9f432f4 gb-button-text gb-button-mt-button\" href=\"https:\/\/exceladvisor.org\/de\/formeln\/\">Liste der Excel-Formeln<\/a><h2 class=\"gb-headline gb-headline-233444e8 gb-headline-text gb-headline-mt-heading\"> Verwandte Formeln <\/h2><div class=\"gb-grid-wrapper gb-grid-wrapper-a16fa65c gb-grid-wrapper-mt-grid\"><div class=\"gb-grid-column gb-grid-column-50d07e0d\"><div class=\"gb-container gb-container-50d07e0d\"><ul><li> <a href=\"https:\/\/exceladvisor.org\/de\/wenn-null-dann-leer\/\">\u00dcberpr\u00fcfen Sie, ob 0 (Null) ist, und leeren Sie es dann in Excel<\/a><\/li><li> <a href=\"https:\/\/exceladvisor.org\/de\/uberprufen-sie-ob-ein-wert-in-einem-bereich-vorhanden-ist\/\">\u00dcberpr\u00fcfen Sie, ob in einem Bereich in Excel ein Wert vorhanden ist<\/a><\/li><li> <a href=\"https:\/\/exceladvisor.org\/de\/wenn-und-1\/\">Kombinieren Sie WENN- und UND-Funktionen in Excel<\/a><\/li><li> <a href=\"https:\/\/exceladvisor.org\/de\/wenn-oder-1\/\">Kombinieren Sie WENN- und ODER-Funktionen in Excel<\/a><\/li><li> <a href=\"https:\/\/exceladvisor.org\/de\/wenn-die-zelle-leer-ist\/\">IF Zelle ist leer (leer) mit IF + ISBLANK in Excel<\/a><\/li><li> <a href=\"https:\/\/exceladvisor.org\/de\/wenn-negativ-dann-null\/\">WENN negativ, dann Null (0) in Excel<\/a> <\/li><\/ul><\/div><\/div><div class=\"gb-grid-column gb-grid-column-5b4a0cf9\"><div class=\"gb-container gb-container-5b4a0cf9\"><\/div><\/div><\/div><\/div>","protected":false},"excerpt":{"rendered":"","protected":false},"author":1,"featured_media":0,"parent":0,"menu_order":0,"comment_status":"open","ping_status":"closed","template":"","meta":{"ub_ctt_via":"","footnotes":""},"class_list":["post-3171","page","type-page","status-publish","hentry"],"featured_image_src":null,"yoast_head":"<!-- This site is optimized with the Yoast SEO plugin v25.4 - https:\/\/yoast.com\/wordpress\/plugins\/seo\/ -->\n<title>Bedingte Kriterien f\u00fcr die Verwendung von MEDIAN mit IF<\/title>\n<meta name=\"description\" content=\"Um die MEDIAN-IF-Formel in Excel zu schreiben, m\u00fcssen Sie die MEDIAN-Funktion in Kombination mit der IF-Funktion verwenden. Erstens\" \/>\n<meta name=\"robots\" content=\"index, follow, max-snippet:-1, max-image-preview:large, max-video-preview:-1\" \/>\n<link rel=\"canonical\" href=\"https:\/\/exceladvisor.org\/de\/median-wenn-2\/\" \/>\n<meta property=\"og:locale\" content=\"de_DE\" \/>\n<meta property=\"og:type\" content=\"article\" \/>\n<meta property=\"og:title\" content=\"Bedingte Kriterien f\u00fcr die Verwendung von MEDIAN mit IF\" \/>\n<meta property=\"og:description\" content=\"Um die MEDIAN-IF-Formel in Excel zu schreiben, m\u00fcssen Sie die MEDIAN-Funktion in Kombination mit der IF-Funktion verwenden. Erstens\" \/>\n<meta property=\"og:url\" content=\"https:\/\/exceladvisor.org\/de\/median-wenn-2\/\" \/>\n<meta property=\"og:site_name\" content=\"Excel Advisor\" \/>\n<meta property=\"article:modified_time\" content=\"2023-12-03T11:12:07+00:00\" \/>\n<meta property=\"og:image\" content=\"https:\/\/exceladvisor.org\/wp-content\/uploads\/2023\/08\/1-mediane-avec-si.png\" \/>\n<meta name=\"twitter:card\" content=\"summary_large_image\" \/>\n<meta name=\"twitter:label1\" content=\"Gesch\u00e4tzte Lesezeit\" \/>\n\t<meta name=\"twitter:data1\" content=\"2\u00a0Minuten\" \/>\n<script type=\"application\/ld+json\" class=\"yoast-schema-graph\">{\"@context\":\"https:\/\/schema.org\",\"@graph\":[{\"@type\":\"WebPage\",\"@id\":\"https:\/\/exceladvisor.org\/de\/median-wenn-2\/\",\"url\":\"https:\/\/exceladvisor.org\/de\/median-wenn-2\/\",\"name\":\"Bedingte Kriterien f\u00fcr die Verwendung von MEDIAN mit IF\",\"isPartOf\":{\"@id\":\"https:\/\/exceladvisor.org\/de\/#website\"},\"primaryImageOfPage\":{\"@id\":\"https:\/\/exceladvisor.org\/de\/median-wenn-2\/#primaryimage\"},\"image\":{\"@id\":\"https:\/\/exceladvisor.org\/de\/median-wenn-2\/#primaryimage\"},\"thumbnailUrl\":\"https:\/\/exceladvisor.org\/wp-content\/uploads\/2023\/08\/1-mediane-avec-si.png\",\"datePublished\":\"2023-11-11T16:10:09+00:00\",\"dateModified\":\"2023-12-03T11:12:07+00:00\",\"description\":\"Um die MEDIAN-IF-Formel in Excel zu schreiben, m\u00fcssen Sie die MEDIAN-Funktion in Kombination mit der IF-Funktion verwenden. Erstens\",\"breadcrumb\":{\"@id\":\"https:\/\/exceladvisor.org\/de\/median-wenn-2\/#breadcrumb\"},\"inLanguage\":\"de\",\"potentialAction\":[{\"@type\":\"ReadAction\",\"target\":[\"https:\/\/exceladvisor.org\/de\/median-wenn-2\/\"]}]},{\"@type\":\"ImageObject\",\"inLanguage\":\"de\",\"@id\":\"https:\/\/exceladvisor.org\/de\/median-wenn-2\/#primaryimage\",\"url\":\"https:\/\/exceladvisor.org\/wp-content\/uploads\/2023\/08\/1-mediane-avec-si.png\",\"contentUrl\":\"https:\/\/exceladvisor.org\/wp-content\/uploads\/2023\/08\/1-mediane-avec-si.png\"},{\"@type\":\"BreadcrumbList\",\"@id\":\"https:\/\/exceladvisor.org\/de\/median-wenn-2\/#breadcrumb\",\"itemListElement\":[{\"@type\":\"ListItem\",\"position\":1,\"name\":\"Accueil\",\"item\":\"https:\/\/exceladvisor.org\/de\/\"},{\"@type\":\"ListItem\",\"position\":2,\"name\":\"Bedingte kriterien f\u00fcr die verwendung von median mit if\"}]},{\"@type\":\"WebSite\",\"@id\":\"https:\/\/exceladvisor.org\/de\/#website\",\"url\":\"https:\/\/exceladvisor.org\/de\/\",\"name\":\"Excel Advisor\",\"description\":\"Ihr Leitfaden zur Datendominanz\",\"publisher\":{\"@id\":\"https:\/\/exceladvisor.org\/de\/#organization\"},\"potentialAction\":[{\"@type\":\"SearchAction\",\"target\":{\"@type\":\"EntryPoint\",\"urlTemplate\":\"https:\/\/exceladvisor.org\/de\/?s={search_term_string}\"},\"query-input\":{\"@type\":\"PropertyValueSpecification\",\"valueRequired\":true,\"valueName\":\"search_term_string\"}}],\"inLanguage\":\"de\"},{\"@type\":\"Organization\",\"@id\":\"https:\/\/exceladvisor.org\/de\/#organization\",\"name\":\"Excel Advisor\",\"url\":\"https:\/\/exceladvisor.org\/de\/\",\"logo\":{\"@type\":\"ImageObject\",\"inLanguage\":\"de\",\"@id\":\"https:\/\/exceladvisor.org\/de\/#\/schema\/logo\/image\/\",\"url\":\"https:\/\/exceladvisor.org\/de\/wp-content\/uploads\/2023\/11\/exceladvisor.org_.png\",\"contentUrl\":\"https:\/\/exceladvisor.org\/de\/wp-content\/uploads\/2023\/11\/exceladvisor.org_.png\",\"width\":105,\"height\":36,\"caption\":\"Excel Advisor\"},\"image\":{\"@id\":\"https:\/\/exceladvisor.org\/de\/#\/schema\/logo\/image\/\"}}]}<\/script>\n<!-- \/ Yoast SEO plugin. -->","yoast_head_json":{"title":"Bedingte Kriterien f\u00fcr die Verwendung von MEDIAN mit IF","description":"Um die MEDIAN-IF-Formel in Excel zu schreiben, m\u00fcssen Sie die MEDIAN-Funktion in Kombination mit der IF-Funktion verwenden. Erstens","robots":{"index":"index","follow":"follow","max-snippet":"max-snippet:-1","max-image-preview":"max-image-preview:large","max-video-preview":"max-video-preview:-1"},"canonical":"https:\/\/exceladvisor.org\/de\/median-wenn-2\/","og_locale":"de_DE","og_type":"article","og_title":"Bedingte Kriterien f\u00fcr die Verwendung von MEDIAN mit IF","og_description":"Um die MEDIAN-IF-Formel in Excel zu schreiben, m\u00fcssen Sie die MEDIAN-Funktion in Kombination mit der IF-Funktion verwenden. Erstens","og_url":"https:\/\/exceladvisor.org\/de\/median-wenn-2\/","og_site_name":"Excel Advisor","article_modified_time":"2023-12-03T11:12:07+00:00","og_image":[{"url":"https:\/\/exceladvisor.org\/wp-content\/uploads\/2023\/08\/1-mediane-avec-si.png","type":"","width":"","height":""}],"twitter_card":"summary_large_image","twitter_misc":{"Gesch\u00e4tzte Lesezeit":"2\u00a0Minuten"},"schema":{"@context":"https:\/\/schema.org","@graph":[{"@type":"WebPage","@id":"https:\/\/exceladvisor.org\/de\/median-wenn-2\/","url":"https:\/\/exceladvisor.org\/de\/median-wenn-2\/","name":"Bedingte Kriterien f\u00fcr die Verwendung von MEDIAN mit IF","isPartOf":{"@id":"https:\/\/exceladvisor.org\/de\/#website"},"primaryImageOfPage":{"@id":"https:\/\/exceladvisor.org\/de\/median-wenn-2\/#primaryimage"},"image":{"@id":"https:\/\/exceladvisor.org\/de\/median-wenn-2\/#primaryimage"},"thumbnailUrl":"https:\/\/exceladvisor.org\/wp-content\/uploads\/2023\/08\/1-mediane-avec-si.png","datePublished":"2023-11-11T16:10:09+00:00","dateModified":"2023-12-03T11:12:07+00:00","description":"Um die MEDIAN-IF-Formel in Excel zu schreiben, m\u00fcssen Sie die MEDIAN-Funktion in Kombination mit der IF-Funktion verwenden. Erstens","breadcrumb":{"@id":"https:\/\/exceladvisor.org\/de\/median-wenn-2\/#breadcrumb"},"inLanguage":"de","potentialAction":[{"@type":"ReadAction","target":["https:\/\/exceladvisor.org\/de\/median-wenn-2\/"]}]},{"@type":"ImageObject","inLanguage":"de","@id":"https:\/\/exceladvisor.org\/de\/median-wenn-2\/#primaryimage","url":"https:\/\/exceladvisor.org\/wp-content\/uploads\/2023\/08\/1-mediane-avec-si.png","contentUrl":"https:\/\/exceladvisor.org\/wp-content\/uploads\/2023\/08\/1-mediane-avec-si.png"},{"@type":"BreadcrumbList","@id":"https:\/\/exceladvisor.org\/de\/median-wenn-2\/#breadcrumb","itemListElement":[{"@type":"ListItem","position":1,"name":"Accueil","item":"https:\/\/exceladvisor.org\/de\/"},{"@type":"ListItem","position":2,"name":"Bedingte kriterien f\u00fcr die verwendung von median mit if"}]},{"@type":"WebSite","@id":"https:\/\/exceladvisor.org\/de\/#website","url":"https:\/\/exceladvisor.org\/de\/","name":"Excel Advisor","description":"Ihr Leitfaden zur Datendominanz","publisher":{"@id":"https:\/\/exceladvisor.org\/de\/#organization"},"potentialAction":[{"@type":"SearchAction","target":{"@type":"EntryPoint","urlTemplate":"https:\/\/exceladvisor.org\/de\/?s={search_term_string}"},"query-input":{"@type":"PropertyValueSpecification","valueRequired":true,"valueName":"search_term_string"}}],"inLanguage":"de"},{"@type":"Organization","@id":"https:\/\/exceladvisor.org\/de\/#organization","name":"Excel Advisor","url":"https:\/\/exceladvisor.org\/de\/","logo":{"@type":"ImageObject","inLanguage":"de","@id":"https:\/\/exceladvisor.org\/de\/#\/schema\/logo\/image\/","url":"https:\/\/exceladvisor.org\/de\/wp-content\/uploads\/2023\/11\/exceladvisor.org_.png","contentUrl":"https:\/\/exceladvisor.org\/de\/wp-content\/uploads\/2023\/11\/exceladvisor.org_.png","width":105,"height":36,"caption":"Excel Advisor"},"image":{"@id":"https:\/\/exceladvisor.org\/de\/#\/schema\/logo\/image\/"}}]}},"yoast_meta":{"yoast_wpseo_title":"","yoast_wpseo_metadesc":"","yoast_wpseo_canonical":""},"_links":{"self":[{"href":"https:\/\/exceladvisor.org\/de\/wp-json\/wp\/v2\/pages\/3171","targetHints":{"allow":["GET"]}}],"collection":[{"href":"https:\/\/exceladvisor.org\/de\/wp-json\/wp\/v2\/pages"}],"about":[{"href":"https:\/\/exceladvisor.org\/de\/wp-json\/wp\/v2\/types\/page"}],"author":[{"embeddable":true,"href":"https:\/\/exceladvisor.org\/de\/wp-json\/wp\/v2\/users\/1"}],"replies":[{"embeddable":true,"href":"https:\/\/exceladvisor.org\/de\/wp-json\/wp\/v2\/comments?post=3171"}],"version-history":[{"count":1,"href":"https:\/\/exceladvisor.org\/de\/wp-json\/wp\/v2\/pages\/3171\/revisions"}],"predecessor-version":[{"id":3732,"href":"https:\/\/exceladvisor.org\/de\/wp-json\/wp\/v2\/pages\/3171\/revisions\/3732"}],"wp:attachment":[{"href":"https:\/\/exceladvisor.org\/de\/wp-json\/wp\/v2\/media?parent=3171"}],"curies":[{"name":"wp","href":"https:\/\/api.w.org\/{rel}","templated":true}]}}