{"id":3173,"date":"2023-11-11T15:36:54","date_gmt":"2023-11-11T15:36:54","guid":{"rendered":"https:\/\/exceladvisor.org\/de\/autosumme-1\/"},"modified":"2023-12-03T13:05:37","modified_gmt":"2023-12-03T13:05:37","slug":"autosumme-1","status":"publish","type":"page","link":"https:\/\/exceladvisor.org\/de\/autosumme-1\/","title":{"rendered":"Wie verwende ich autosum in excel?"},"content":{"rendered":"<div class=\"excel-vor-dem-inhalt\" id=\"excel-1853487779\"><script type=\"text\/javascript\">\r\n\tatOptions = {\r\n\t\t'key' : 'c1158f160081d6540a8409e6925dab94',\r\n\t\t'format' : 'iframe',\r\n\t\t'height' : 250,\r\n\t\t'width' : 300,\r\n\t\t'params' : {}\r\n\t};\r\n<\/script>\r\n<script type=\"text\/javascript\" src=\"\/\/www.highperformanceformat.com\/c1158f160081d6540a8409e6925dab94\/invoke.js\"><\/script><\/div> <p>Um die automatische Summe in Excel zu verwenden, m\u00fcssen Sie die Zelle unterhalb oder rechts neben den Werten ausw\u00e4hlen, die Sie hinzuf\u00fcgen m\u00f6chten. Sobald Sie dies getan haben, k\u00f6nnen Sie die Tastenkombination oder die Option auf der Registerkarte \u201eStartseite\u201c des Men\u00fcbands verwenden. AutoSum ist eine Option zum schnellen Berechnen der Summe der Werte, die Sie in einem Bereich haben.<\/p><h2 class=\"wp-block-heading\"> Autosum f\u00fcr eine Spalte<\/h2><p> Sie k\u00f6nnen die folgenden Schritte verwenden:<\/p><ol><li> W\u00e4hlen Sie zun\u00e4chst die Zelle direkt unter der letzten Zelle mit einem Wert aus. <br><img loading=\"lazy\" decoding=\"async\" title=\"1-letzte-Zelle-unterhalb-Werte\" src=\"https:\/\/exceladvisor.org\/wp-content\/uploads\/2023\/08\/1-derniere-cellule-sous-les-valeurs.png\" sizes=\"auto, \" srcset=\"\" alt=\"last-cell-below-values\" width=\"402\" height=\"297\"><\/li><li> Gehen Sie anschlie\u00dfend zur Registerkarte \u201eStartseite\u201c und klicken Sie auf das Dropdown-Men\u00fc \u201eAutoSumme\u201c. <br><img loading=\"lazy\" decoding=\"async\" title=\"Dropdown-Liste \u201eAutomatische Summe 2\u201c.\" src=\"https:\/\/exceladvisor.org\/wp-content\/uploads\/2023\/08\/2-liste-deroulante-de-somme-automatique.png\" sizes=\"auto, \" srcset=\"\" alt=\"autosum-drop-down\" width=\"476\" height=\"231\"><\/li><li> W\u00e4hlen Sie nun \u201eSumme\u201c aus der Dropdown-Liste aus. <br><img loading=\"lazy\" decoding=\"async\" title=\"3-Summen-Dropdown-Men\u00fc\" src=\"https:\/\/exceladvisor.org\/wp-content\/uploads\/2023\/08\/3-somme-du-menu-deroulant.png\" sizes=\"auto, \" srcset=\"\" alt=\"sum-from-drop-down\" width=\"214\" height=\"252\"><\/li><li> Sobald Sie es ausw\u00e4hlen, wird die Summenfunktion in die ausgew\u00e4hlte Zelle eingef\u00fcgt, die sich auf den Bereich \u00fcber der Zelle bezieht. <br><img loading=\"lazy\" decoding=\"async\" title=\"4-Funktionen-Summe-mit-Bereich\" src=\"https:\/\/exceladvisor.org\/wp-content\/uploads\/2023\/08\/4-fonction-somme-avec-plage.png\" sizes=\"auto, \" srcset=\"\" alt=\"sum-function-with-range\" width=\"293\" height=\"352\"><\/li><li> Dr\u00fccken Sie am Ende die Eingabetaste, um das Ergebnis zu erhalten.<\/li><\/ol><p> Dadurch erhalten Sie dieselbe SUMME-Funktion, die Sie manuell in eine Zelle einf\u00fcgen. <\/p><div class=\"wp-block-image\"><figure class=\"aligncenter size-full is-resized\"><img loading=\"lazy\" decoding=\"async\" class=\"wp-image-79233\" src=\"https:\/\/exceladvisor.org\/wp-content\/uploads\/2023\/08\/5-fonction-somme1.png\" sizes=\"auto, \" srcset=\"\" alt=\"Summenfunktion\" width=\"439\" height=\"384\"><\/figure><\/div><h2 class=\"wp-block-heading\"> Autosum f\u00fcr eine Spalte<\/h2><p> Wenn Sie die Summe f\u00fcr eine Zeile erhalten m\u00f6chten, m\u00fcssen Sie die Zelle rechts neben den Werten (neben dem letzten Wert) ausw\u00e4hlen. <\/p><div class=\"wp-block-image\"><figure class=\"aligncenter size-full is-resized\"><img loading=\"lazy\" decoding=\"async\" class=\"wp-image-79234\" src=\"https:\/\/exceladvisor.org\/wp-content\/uploads\/2023\/08\/6-au-total-de-rangee.png\" sizes=\"auto, \" srcset=\"\" alt=\"Zeilensumme\" width=\"584\" height=\"131\"><\/figure><\/div><p> F\u00fchren Sie nun die gleichen Schritte aus, die wir f\u00fcr die Spalte verwendet haben. <\/p><div class=\"wp-block-image\"><figure class=\"aligncenter size-full is-resized\"><img loading=\"lazy\" decoding=\"async\" class=\"wp-image-79235\" src=\"https:\/\/exceladvisor.org\/wp-content\/uploads\/2023\/08\/7-somme-pour-les-lignes.png\" sizes=\"auto, \" srcset=\"\" alt=\"Summe f\u00fcr Zeilen\" width=\"684\" height=\"161\"><\/figure><\/div><p> Dr\u00fccken Sie am Ende die Eingabetaste, um die Summe zu erhalten. <\/p><div class=\"wp-block-image\"><figure class=\"aligncenter size-full is-resized\"><img loading=\"lazy\" decoding=\"async\" class=\"wp-image-79236\" src=\"https:\/\/exceladvisor.org\/wp-content\/uploads\/2023\/08\/8-appuyez-sur-entree-pour-obtenir-la-somme.png\" sizes=\"auto, \" srcset=\"\" alt=\"Dr\u00fccken Sie die Eingabetaste, um die Summe zu erhalten\" width=\"685\" height=\"155\"><\/figure><\/div><h2 class=\"wp-block-heading\"> Verwenden der Tastenkombination f\u00fcr AutoSumme<\/h2><p> Sie k\u00f6nnen f\u00fcr die automatische Zusammenfassung auch eine Tastenkombination verwenden. Sie m\u00fcssen lediglich die Zelle ausw\u00e4hlen und dann die Tastenkombination Alt+= dr\u00fccken. Auf dieser Seite k\u00f6nnen Sie mehr dar\u00fcber erfahren. <\/p><div class=\"wp-block-image\"><figure class=\"aligncenter size-full is-resized\"><img loading=\"lazy\" decoding=\"async\" class=\"wp-image-79237\" src=\"https:\/\/exceladvisor.org\/wp-content\/uploads\/2023\/08\/9-raccourci-pour-la-somme.png\" sizes=\"auto, \" srcset=\"\" alt=\"Abk\u00fcrzung f\u00fcr Summe\" width=\"306\" height=\"142\"><\/figure><\/div><h2 class=\"wp-block-heading\"> Verwenden Sie Autosum f\u00fcr eine gesamte Tabelle<\/h2><p> Sie k\u00f6nnen die automatische Summe auch verwenden, um eine Gesamtzeile und -spalte zu einer Tabelle in Excel hinzuzuf\u00fcgen. W\u00e4hlen Sie die Zellen unterhalb der Spalten und dann die Zellen rechts von den Zeilen aus. <\/p><div class=\"wp-block-image\"><figure class=\"aligncenter size-full is-resized\"><img loading=\"lazy\" decoding=\"async\" class=\"wp-image-79238\" src=\"https:\/\/exceladvisor.org\/wp-content\/uploads\/2023\/08\/10-somme-automatique-pour-toute-la-table.png\" sizes=\"auto, \" srcset=\"\" alt=\"Automatische Summe f\u00fcr die gesamte Tabelle\" width=\"787\" height=\"344\"><\/figure><\/div><p> Und verwenden Sie dann die Tastenkombination Alt+= oder die Option \u201eAutosumme\u201c auf der Registerkarte \u201eStartseite\u201c. Es wird die Summe aller Spalten und Zeilen ermittelt. <\/p><div class=\"gb-container gb-container-52dfcee1 gb-container-sample-file\"><h2 class=\"gb-headline gb-headline-e289c143 gb-headline-text gb-headline-4f7959c2\"> Holen Sie sich die Excel-Datei<\/h2><p> <a class=\"gb-button gb-button-e88d6bee gb-button-text gb-button-button1\" href=\"https:\/\/exceladvisor.org\/wp-content\/uploads\/2023\/08\/somme-automatique.xlsx\" rel=\"nofollow\">Herunterladen<\/a><\/p><\/div><div class=\"gb-container gb-container-0df56012 gb-container-mt\"> <a class=\"gb-button gb-button-f9f432f4 gb-button-text gb-button-mt-button\" href=\"https:\/\/exceladvisor.org\/de\/formeln\/\">Liste der Excel-Formeln<\/a><h2 class=\"gb-headline gb-headline-233444e8 gb-headline-text gb-headline-mt-heading\"> Verwandte Formeln <\/h2><div class=\"gb-grid-wrapper gb-grid-wrapper-a16fa65c gb-grid-wrapper-mt-grid\"><div class=\"gb-grid-column gb-grid-column-50d07e0d\"><div class=\"gb-container gb-container-50d07e0d\"><ul><li> <a href=\"https:\/\/exceladvisor.org\/de\/fugen-sie-die-gesamte-spalte-hinzu\/\">F\u00fcgen Sie eine ganze Spalte oder Zeile in Excel hinzu<\/a><\/li><li> <a href=\"https:\/\/exceladvisor.org\/de\/fugen-sie-nur-sichtbare-zellen-hinzu\/\">Summieren Sie nur sichtbare Zellen in Excel<\/a><\/li><li> <a href=\"https:\/\/exceladvisor.org\/de\/fugen-sie-zufallige-zellen-hinzu\/\">Summe zuf\u00e4lliger Zellen in Excel<\/a><\/li><li> <a href=\"https:\/\/exceladvisor.org\/de\/gesamtlinie\/\">F\u00fcgen Sie in Excel eine Gesamtzeile hinzu<\/a><\/li><li> <a href=\"https:\/\/exceladvisor.org\/de\/indirekte-summe-2\/\">INDIREKT mit SUMME<\/a><\/li><li> <a href=\"https:\/\/exceladvisor.org\/de\/die-gesamtsumme-betragt-1\/\">Kumulative Gesamt<\/a><\/li><li> <a href=\"https:\/\/exceladvisor.org\/de\/summe-der-quadrate-2\/\">Quadratsumme<\/a> <\/li><\/ul><\/div><\/div><div class=\"gb-grid-column gb-grid-column-5b4a0cf9\"><div class=\"gb-container gb-container-5b4a0cf9\"><\/div><\/div><\/div><\/div>","protected":false},"excerpt":{"rendered":"","protected":false},"author":1,"featured_media":0,"parent":0,"menu_order":0,"comment_status":"open","ping_status":"closed","template":"","meta":{"ub_ctt_via":"","footnotes":""},"class_list":["post-3173","page","type-page","status-publish","hentry"],"featured_image_src":null,"yoast_head":"<!-- This site is optimized with the Yoast SEO plugin v25.4 - https:\/\/yoast.com\/wordpress\/plugins\/seo\/ -->\n<title>\u25b7 Wie verwende ich die automatische Summe in Excel?<\/title>\n<meta name=\"description\" content=\"In diesem Tutorial erfahren Sie, wie Sie mit der Autosum-Funktion von Excel schnell die Summe der von Ihnen eingegebenen Werte ermitteln\" \/>\n<meta name=\"robots\" content=\"index, follow, max-snippet:-1, max-image-preview:large, max-video-preview:-1\" \/>\n<link rel=\"canonical\" href=\"https:\/\/exceladvisor.org\/de\/autosumme-1\/\" \/>\n<meta property=\"og:locale\" content=\"de_DE\" \/>\n<meta property=\"og:type\" content=\"article\" \/>\n<meta property=\"og:title\" content=\"\u25b7 Wie verwende ich die automatische Summe in Excel?\" \/>\n<meta property=\"og:description\" content=\"In diesem Tutorial erfahren Sie, wie Sie mit der Autosum-Funktion von Excel schnell die Summe der von Ihnen eingegebenen Werte ermitteln\" \/>\n<meta property=\"og:url\" content=\"https:\/\/exceladvisor.org\/de\/autosumme-1\/\" \/>\n<meta property=\"og:site_name\" content=\"Excel Advisor\" \/>\n<meta property=\"article:modified_time\" content=\"2023-12-03T13:05:37+00:00\" \/>\n<meta property=\"og:image\" content=\"https:\/\/exceladvisor.org\/wp-content\/uploads\/2023\/08\/1-derniere-cellule-sous-les-valeurs.png\" \/>\n<meta name=\"twitter:card\" content=\"summary_large_image\" \/>\n<meta name=\"twitter:label1\" content=\"Gesch\u00e4tzte Lesezeit\" \/>\n\t<meta name=\"twitter:data1\" content=\"2\u00a0Minuten\" \/>\n<script type=\"application\/ld+json\" class=\"yoast-schema-graph\">{\"@context\":\"https:\/\/schema.org\",\"@graph\":[{\"@type\":\"WebPage\",\"@id\":\"https:\/\/exceladvisor.org\/de\/autosumme-1\/\",\"url\":\"https:\/\/exceladvisor.org\/de\/autosumme-1\/\",\"name\":\"\u25b7 Wie verwende ich die automatische Summe in Excel?\",\"isPartOf\":{\"@id\":\"https:\/\/exceladvisor.org\/de\/#website\"},\"primaryImageOfPage\":{\"@id\":\"https:\/\/exceladvisor.org\/de\/autosumme-1\/#primaryimage\"},\"image\":{\"@id\":\"https:\/\/exceladvisor.org\/de\/autosumme-1\/#primaryimage\"},\"thumbnailUrl\":\"https:\/\/exceladvisor.org\/wp-content\/uploads\/2023\/08\/1-derniere-cellule-sous-les-valeurs.png\",\"datePublished\":\"2023-11-11T15:36:54+00:00\",\"dateModified\":\"2023-12-03T13:05:37+00:00\",\"description\":\"In diesem Tutorial erfahren Sie, wie Sie mit der Autosum-Funktion von Excel schnell die Summe der von Ihnen eingegebenen Werte ermitteln\",\"breadcrumb\":{\"@id\":\"https:\/\/exceladvisor.org\/de\/autosumme-1\/#breadcrumb\"},\"inLanguage\":\"de\",\"potentialAction\":[{\"@type\":\"ReadAction\",\"target\":[\"https:\/\/exceladvisor.org\/de\/autosumme-1\/\"]}]},{\"@type\":\"ImageObject\",\"inLanguage\":\"de\",\"@id\":\"https:\/\/exceladvisor.org\/de\/autosumme-1\/#primaryimage\",\"url\":\"https:\/\/exceladvisor.org\/wp-content\/uploads\/2023\/08\/1-derniere-cellule-sous-les-valeurs.png\",\"contentUrl\":\"https:\/\/exceladvisor.org\/wp-content\/uploads\/2023\/08\/1-derniere-cellule-sous-les-valeurs.png\"},{\"@type\":\"BreadcrumbList\",\"@id\":\"https:\/\/exceladvisor.org\/de\/autosumme-1\/#breadcrumb\",\"itemListElement\":[{\"@type\":\"ListItem\",\"position\":1,\"name\":\"Accueil\",\"item\":\"https:\/\/exceladvisor.org\/de\/\"},{\"@type\":\"ListItem\",\"position\":2,\"name\":\"Wie verwende ich autosum in excel?\"}]},{\"@type\":\"WebSite\",\"@id\":\"https:\/\/exceladvisor.org\/de\/#website\",\"url\":\"https:\/\/exceladvisor.org\/de\/\",\"name\":\"Excel Advisor\",\"description\":\"Ihr Leitfaden zur Datendominanz\",\"publisher\":{\"@id\":\"https:\/\/exceladvisor.org\/de\/#organization\"},\"potentialAction\":[{\"@type\":\"SearchAction\",\"target\":{\"@type\":\"EntryPoint\",\"urlTemplate\":\"https:\/\/exceladvisor.org\/de\/?s={search_term_string}\"},\"query-input\":{\"@type\":\"PropertyValueSpecification\",\"valueRequired\":true,\"valueName\":\"search_term_string\"}}],\"inLanguage\":\"de\"},{\"@type\":\"Organization\",\"@id\":\"https:\/\/exceladvisor.org\/de\/#organization\",\"name\":\"Excel Advisor\",\"url\":\"https:\/\/exceladvisor.org\/de\/\",\"logo\":{\"@type\":\"ImageObject\",\"inLanguage\":\"de\",\"@id\":\"https:\/\/exceladvisor.org\/de\/#\/schema\/logo\/image\/\",\"url\":\"https:\/\/exceladvisor.org\/de\/wp-content\/uploads\/2023\/11\/exceladvisor.org_.png\",\"contentUrl\":\"https:\/\/exceladvisor.org\/de\/wp-content\/uploads\/2023\/11\/exceladvisor.org_.png\",\"width\":105,\"height\":36,\"caption\":\"Excel Advisor\"},\"image\":{\"@id\":\"https:\/\/exceladvisor.org\/de\/#\/schema\/logo\/image\/\"}}]}<\/script>\n<!-- \/ Yoast SEO plugin. -->","yoast_head_json":{"title":"\u25b7 Wie verwende ich die automatische Summe in Excel?","description":"In diesem Tutorial erfahren Sie, wie Sie mit der Autosum-Funktion von Excel schnell die Summe der von Ihnen eingegebenen Werte ermitteln","robots":{"index":"index","follow":"follow","max-snippet":"max-snippet:-1","max-image-preview":"max-image-preview:large","max-video-preview":"max-video-preview:-1"},"canonical":"https:\/\/exceladvisor.org\/de\/autosumme-1\/","og_locale":"de_DE","og_type":"article","og_title":"\u25b7 Wie verwende ich die automatische Summe in Excel?","og_description":"In diesem Tutorial erfahren Sie, wie Sie mit der Autosum-Funktion von Excel schnell die Summe der von Ihnen eingegebenen Werte ermitteln","og_url":"https:\/\/exceladvisor.org\/de\/autosumme-1\/","og_site_name":"Excel Advisor","article_modified_time":"2023-12-03T13:05:37+00:00","og_image":[{"url":"https:\/\/exceladvisor.org\/wp-content\/uploads\/2023\/08\/1-derniere-cellule-sous-les-valeurs.png","type":"","width":"","height":""}],"twitter_card":"summary_large_image","twitter_misc":{"Gesch\u00e4tzte Lesezeit":"2\u00a0Minuten"},"schema":{"@context":"https:\/\/schema.org","@graph":[{"@type":"WebPage","@id":"https:\/\/exceladvisor.org\/de\/autosumme-1\/","url":"https:\/\/exceladvisor.org\/de\/autosumme-1\/","name":"\u25b7 Wie verwende ich die automatische Summe in Excel?","isPartOf":{"@id":"https:\/\/exceladvisor.org\/de\/#website"},"primaryImageOfPage":{"@id":"https:\/\/exceladvisor.org\/de\/autosumme-1\/#primaryimage"},"image":{"@id":"https:\/\/exceladvisor.org\/de\/autosumme-1\/#primaryimage"},"thumbnailUrl":"https:\/\/exceladvisor.org\/wp-content\/uploads\/2023\/08\/1-derniere-cellule-sous-les-valeurs.png","datePublished":"2023-11-11T15:36:54+00:00","dateModified":"2023-12-03T13:05:37+00:00","description":"In diesem Tutorial erfahren Sie, wie Sie mit der Autosum-Funktion von Excel schnell die Summe der von Ihnen eingegebenen Werte ermitteln","breadcrumb":{"@id":"https:\/\/exceladvisor.org\/de\/autosumme-1\/#breadcrumb"},"inLanguage":"de","potentialAction":[{"@type":"ReadAction","target":["https:\/\/exceladvisor.org\/de\/autosumme-1\/"]}]},{"@type":"ImageObject","inLanguage":"de","@id":"https:\/\/exceladvisor.org\/de\/autosumme-1\/#primaryimage","url":"https:\/\/exceladvisor.org\/wp-content\/uploads\/2023\/08\/1-derniere-cellule-sous-les-valeurs.png","contentUrl":"https:\/\/exceladvisor.org\/wp-content\/uploads\/2023\/08\/1-derniere-cellule-sous-les-valeurs.png"},{"@type":"BreadcrumbList","@id":"https:\/\/exceladvisor.org\/de\/autosumme-1\/#breadcrumb","itemListElement":[{"@type":"ListItem","position":1,"name":"Accueil","item":"https:\/\/exceladvisor.org\/de\/"},{"@type":"ListItem","position":2,"name":"Wie verwende ich autosum in excel?"}]},{"@type":"WebSite","@id":"https:\/\/exceladvisor.org\/de\/#website","url":"https:\/\/exceladvisor.org\/de\/","name":"Excel Advisor","description":"Ihr Leitfaden zur Datendominanz","publisher":{"@id":"https:\/\/exceladvisor.org\/de\/#organization"},"potentialAction":[{"@type":"SearchAction","target":{"@type":"EntryPoint","urlTemplate":"https:\/\/exceladvisor.org\/de\/?s={search_term_string}"},"query-input":{"@type":"PropertyValueSpecification","valueRequired":true,"valueName":"search_term_string"}}],"inLanguage":"de"},{"@type":"Organization","@id":"https:\/\/exceladvisor.org\/de\/#organization","name":"Excel Advisor","url":"https:\/\/exceladvisor.org\/de\/","logo":{"@type":"ImageObject","inLanguage":"de","@id":"https:\/\/exceladvisor.org\/de\/#\/schema\/logo\/image\/","url":"https:\/\/exceladvisor.org\/de\/wp-content\/uploads\/2023\/11\/exceladvisor.org_.png","contentUrl":"https:\/\/exceladvisor.org\/de\/wp-content\/uploads\/2023\/11\/exceladvisor.org_.png","width":105,"height":36,"caption":"Excel Advisor"},"image":{"@id":"https:\/\/exceladvisor.org\/de\/#\/schema\/logo\/image\/"}}]}},"yoast_meta":{"yoast_wpseo_title":"","yoast_wpseo_metadesc":"","yoast_wpseo_canonical":""},"_links":{"self":[{"href":"https:\/\/exceladvisor.org\/de\/wp-json\/wp\/v2\/pages\/3173","targetHints":{"allow":["GET"]}}],"collection":[{"href":"https:\/\/exceladvisor.org\/de\/wp-json\/wp\/v2\/pages"}],"about":[{"href":"https:\/\/exceladvisor.org\/de\/wp-json\/wp\/v2\/types\/page"}],"author":[{"embeddable":true,"href":"https:\/\/exceladvisor.org\/de\/wp-json\/wp\/v2\/users\/1"}],"replies":[{"embeddable":true,"href":"https:\/\/exceladvisor.org\/de\/wp-json\/wp\/v2\/comments?post=3173"}],"version-history":[{"count":1,"href":"https:\/\/exceladvisor.org\/de\/wp-json\/wp\/v2\/pages\/3173\/revisions"}],"predecessor-version":[{"id":4227,"href":"https:\/\/exceladvisor.org\/de\/wp-json\/wp\/v2\/pages\/3173\/revisions\/4227"}],"wp:attachment":[{"href":"https:\/\/exceladvisor.org\/de\/wp-json\/wp\/v2\/media?parent=3173"}],"curies":[{"name":"wp","href":"https:\/\/api.w.org\/{rel}","templated":true}]}}