{"id":3174,"date":"2023-11-11T15:33:29","date_gmt":"2023-11-11T15:33:29","guid":{"rendered":"https:\/\/exceladvisor.org\/de\/kumulierte-summe-2\/"},"modified":"2023-12-03T11:14:12","modified_gmt":"2023-12-03T11:14:12","slug":"kumulierte-summe-2","status":"publish","type":"page","link":"https:\/\/exceladvisor.org\/de\/kumulierte-summe-2\/","title":{"rendered":"Wie berechnet man die kumulative summe der werte?"},"content":{"rendered":"<div class=\"excel-vor-dem-inhalt\" id=\"excel-782199752\"><script type=\"text\/javascript\">\r\n\tatOptions = {\r\n\t\t'key' : 'c1158f160081d6540a8409e6925dab94',\r\n\t\t'format' : 'iframe',\r\n\t\t'height' : 250,\r\n\t\t'width' : 300,\r\n\t\t'params' : {}\r\n\t};\r\n<\/script>\r\n<script type=\"text\/javascript\" src=\"\/\/www.highperformanceformat.com\/c1158f160081d6540a8409e6925dab94\/invoke.js\"><\/script><\/div> <p>Um die kumulative Summe in Excel zu berechnen, m\u00fcssen Sie die SUMME-Formel verwenden. Sie m\u00fcssen sich auf die vorherigen Werte und den aktuellen Wert in der Formel beziehen und diese Formel dann auf alle Zellen ziehen, bis zu denen Sie die laufende Summe (laufende Summe) berechnen m\u00f6chten.<\/p><p> In diesem Tutorial lernen wir, wie man diese Formel und einige andere Formeln schreibt, um mit verschiedenen Situationen umzugehen.<\/p><h2 class=\"wp-block-heading\"> Formel zur Berechnung einer kumulierten Summe<\/h2><p> Sie k\u00f6nnen die folgenden Schritte verwenden:<\/p><ol type=\"1\"><li> Geben Sie zun\u00e4chst die Summenfunktion in Zelle C2 ein.<\/li><li> Dann beziehen Sie sich auf den Bereich B2:B3. Dieser Bereich umfasst die Menge f\u00fcr Tag 1 und Tag 2.<\/li><li> Verwenden Sie nun das Dollarzeichen vor der Zeilennummer des Zellbezugs.<\/li><li> Geben Sie dann die Funktion ein, um die laufende Summe f\u00fcr zwei Tage (1 und 2) zu erhalten.<\/li><li> Ziehen Sie am Ende die Formel in die letzte Zelle der Spalte, um die laufende Summe aller Tage zu erhalten. <\/li><\/ol><div class=\"wp-block-image\"><figure class=\"aligncenter size-full is-resized\"><img loading=\"lazy\" decoding=\"async\" class=\"wp-image-79324\" src=\"https:\/\/exceladvisor.org\/wp-content\/uploads\/2023\/08\/1-formule-de-somme-cumulee.png\" sizes=\"auto, \" srcset=\"\" alt=\"Formel f\u00fcr die kumulative Summe\" width=\"520\" height=\"519\"><\/figure><\/div><p> Sie k\u00f6nnen sehen, dass bei Verwendung des Dollarzeichens die erste Zelle eingefroren wird und in jeder Zelle die kumulative Summe f\u00fcr alle vorherigen Tage berechnet wird. <\/p><div class=\"wp-block-image\"><figure class=\"aligncenter size-full is-resized\"><img loading=\"lazy\" decoding=\"async\" class=\"wp-image-79325\" src=\"https:\/\/exceladvisor.org\/wp-content\/uploads\/2023\/08\/2-signe-pour-geler-la-valeur-precedente.png\" sizes=\"auto, \" srcset=\"\" alt=\"$-Sign-to-Freeze-Previous-Value\" width=\"470\" height=\"406\"><\/figure><\/div><h2 class=\"wp-block-heading\"> Kumulierte Summe nach Datum<\/h2><p> Wenn Sie Daten mit Datumsangaben haben, wie wir sie in Spalte A haben. <\/p><div class=\"wp-block-image\"><figure class=\"aligncenter size-full is-resized\"><img loading=\"lazy\" decoding=\"async\" class=\"wp-image-79326\" src=\"https:\/\/exceladvisor.org\/wp-content\/uploads\/2023\/08\/3-somme-cumulee-par-date.png\" sizes=\"auto, \" srcset=\"\" alt=\"Kumulierte-Summe-nach-Datum\" width=\"464\" height=\"501\"><\/figure><\/div><p> Um die laufende Summe nach Datum zu erhalten, m\u00fcssen Sie die Daten zun\u00e4chst von alt nach neu sortieren. <\/p><div class=\"wp-block-image\"><figure class=\"aligncenter size-full is-resized\"><img loading=\"lazy\" decoding=\"async\" class=\"wp-image-79327\" src=\"https:\/\/exceladvisor.org\/wp-content\/uploads\/2023\/08\/4-trier-la-date-de-lancien-au-nouveau.png\" sizes=\"auto, \" srcset=\"\" alt=\"Sortierdatum von alt nach neu\" width=\"449\" height=\"487\"><\/figure><\/div><p> Schreiben Sie anschlie\u00dfend die Formel auf die gleiche Weise wie im vorherigen Beispiel. <\/p><div class=\"wp-block-image\"><figure class=\"aligncenter size-full is-resized\"><img loading=\"lazy\" decoding=\"async\" class=\"wp-image-79328\" src=\"https:\/\/exceladvisor.org\/wp-content\/uploads\/2023\/08\/5-somme-pour-obtenir-le-total-cumule-par-date.png\" sizes=\"auto, \" srcset=\"\" alt=\"summ-to-get-date-wise-running-total\" width=\"462\" height=\"549\"><\/figure><\/div><p> Und am Ende ziehen Sie diese Formel in die letzte Zelle mit dem Datum. <\/p><div class=\"wp-block-image\"><figure class=\"aligncenter size-full is-resized\"><img loading=\"lazy\" decoding=\"async\" class=\"wp-image-79329\" src=\"https:\/\/exceladvisor.org\/wp-content\/uploads\/2023\/08\/6-faites-glisser-la-formule-jusqua-la-cellule-de-fin.png\" sizes=\"auto, \" srcset=\"\" alt=\"Ziehen Sie die Formel an das Ende der Zelle\" width=\"466\" height=\"522\"><\/figure><\/div><h2 class=\"wp-block-heading\"> Kumulierter Betrag pro Monat<\/h2><p> Im folgenden Beispiel haben wir Datumsangaben in Spalte A und m\u00f6chten die laufende Summe basierend auf Monaten statt auf Datumsangaben berechnen. Dazu m\u00fcssen Sie zun\u00e4chst eine separate Spalte mit Monatsnamen hinzuf\u00fcgen. <\/p><div class=\"wp-block-image\"><figure class=\"aligncenter size-full is-resized\"><img loading=\"lazy\" decoding=\"async\" class=\"wp-image-79330\" src=\"https:\/\/exceladvisor.org\/wp-content\/uploads\/2023\/08\/7-somme-cumulee-par-mois.png\" sizes=\"auto, \" srcset=\"\" alt=\"Kumulierte Summe pro Monat\" width=\"584\" height=\"441\"><\/figure><\/div><p> Geben Sie nun in der n\u00e4chsten Spalte die folgende Formel ein, die sich auf die Datums- und Mengenspalte in der Originaltabelle bezieht. <\/p><pre class=\"wp-block-code\"> <code class=\"language-excel-formula\" lang=\"excel-formula\">=SUMPRODUCT(--(TEXT($A$2:$A$11,\"MMM\")=D2),$B$2:$B$11)<\/code><\/pre><div class=\"wp-block-image\"><figure class=\"aligncenter size-full is-resized\"><img loading=\"lazy\" decoding=\"async\" class=\"wp-image-79331\" src=\"https:\/\/exceladvisor.org\/wp-content\/uploads\/2023\/08\/8-sumproduct-faisant-reference-a-la-date-et-a-la-quantite.png\" sizes=\"auto, \" srcset=\"\" alt=\"sumproduct-referenzdatum-und-menge\" width=\"656\" height=\"479\"><\/figure><\/div><p> Mit dieser Formel erhalten Sie f\u00fcr jeden Monat eine monatliche Gesamtsumme. Und f\u00fcr Monate, f\u00fcr die Sie kein Datum haben, wird 0 angezeigt. Als N\u00e4chstes m\u00fcssen Sie hier eine Spalte f\u00fcr die laufende Summe (laufende Summe) hinzuf\u00fcgen.<\/p><p> Geben Sie auf die gleiche Weise die Summenfunktion ein, beziehen Sie sich auf die Zellen E2 und E3 und frieren Sie die Zeile f\u00fcr Zelle E2 ein, indem Sie das Dollarzeichen vor der Zeilennummer verwenden. <\/p><div class=\"wp-block-image\"><figure class=\"aligncenter size-full is-resized\"><img loading=\"lazy\" decoding=\"async\" class=\"wp-image-79332\" src=\"https:\/\/exceladvisor.org\/wp-content\/uploads\/2023\/08\/9-entrez-la-formule-de-somme.png\" sizes=\"auto, \" srcset=\"\" alt=\"Geben Sie die Summenformel ein\" width=\"643\" height=\"429\"><\/figure><\/div><p> Ziehen Sie anschlie\u00dfend die Formel in den letzten Zellmonat. <\/p><div class=\"gb-container gb-container-52dfcee1 gb-container-sample-file\"><h2 class=\"gb-headline gb-headline-e289c143 gb-headline-text gb-headline-4f7959c2\"> Holen Sie sich die Excel-Datei<\/h2> <a class=\"gb-button gb-button-e88d6bee gb-button-text gb-button-button1\" href=\"https:\/\/exceladvisor.org\/wp-content\/uploads\/2023\/11\/somme-cumulee.xlsx\" rel=\"nofollow\">Herunterladen<\/a><\/div><div class=\"gb-container gb-container-0df56012 gb-container-mt\"> <a class=\"gb-button gb-button-f9f432f4 gb-button-text gb-button-mt-button\" href=\"https:\/\/exceladvisor.org\/de\/formeln\/\">Liste der Excel-Formeln<\/a><h2 class=\"gb-headline gb-headline-233444e8 gb-headline-text gb-headline-mt-heading\"> Verwandte Formeln <\/h2><div class=\"gb-grid-wrapper gb-grid-wrapper-a16fa65c gb-grid-wrapper-mt-grid\"><div class=\"gb-grid-column gb-grid-column-50d07e0d\"><div class=\"gb-container gb-container-50d07e0d\"><ul><li> Kubikwurzel in Excel berechnen<\/li><li> <a href=\"https:\/\/exceladvisor.org\/de\/prozentualer-unterschied\/\">Berechnen Sie die prozentuale Varianz (Differenz) in Excel<\/a><\/li><li> <a href=\"https:\/\/exceladvisor.org\/de\/quadratwurzel\/\">Quadratwurzel in Excel berechnen + Symbol einf\u00fcgen<\/a><\/li><li> <a href=\"https:\/\/exceladvisor.org\/de\/ist-nicht-gleich\/\">Entspricht nicht dem Operator in Excel<\/a> <\/li><\/ul><\/div><\/div><div class=\"gb-grid-column gb-grid-column-5b4a0cf9\"><div class=\"gb-container gb-container-5b4a0cf9\"><\/div><\/div><\/div><\/div>","protected":false},"excerpt":{"rendered":"","protected":false},"author":1,"featured_media":0,"parent":0,"menu_order":0,"comment_status":"open","ping_status":"closed","template":"","meta":{"ub_ctt_via":"","footnotes":""},"class_list":["post-3174","page","type-page","status-publish","hentry"],"featured_image_src":null,"yoast_head":"<!-- This site is optimized with the Yoast SEO plugin v25.4 - https:\/\/yoast.com\/wordpress\/plugins\/seo\/ -->\n<title>Wie berechnet man die kumulative Summe der Werte? - Excel-Berater<\/title>\n<meta name=\"description\" content=\"In diesem Tutorial lernen wir, wie man Excel-Formeln schreibt, um die kumulative Summe aus einem Bereich zu berechnen. Lassen Sie uns das \u00fcberpr\u00fcfen ...\" \/>\n<meta name=\"robots\" content=\"index, follow, max-snippet:-1, max-image-preview:large, max-video-preview:-1\" \/>\n<link rel=\"canonical\" href=\"https:\/\/exceladvisor.org\/de\/kumulierte-summe-2\/\" \/>\n<meta property=\"og:locale\" content=\"de_DE\" \/>\n<meta property=\"og:type\" content=\"article\" \/>\n<meta property=\"og:title\" content=\"Wie berechnet man die kumulative Summe der Werte? - Excel-Berater\" \/>\n<meta property=\"og:description\" content=\"In diesem Tutorial lernen wir, wie man Excel-Formeln schreibt, um die kumulative Summe aus einem Bereich zu berechnen. Lassen Sie uns das \u00fcberpr\u00fcfen ...\" \/>\n<meta property=\"og:url\" content=\"https:\/\/exceladvisor.org\/de\/kumulierte-summe-2\/\" \/>\n<meta property=\"og:site_name\" content=\"Excel Advisor\" \/>\n<meta property=\"article:modified_time\" content=\"2023-12-03T11:14:12+00:00\" \/>\n<meta property=\"og:image\" content=\"https:\/\/exceladvisor.org\/wp-content\/uploads\/2023\/08\/1-formule-de-somme-cumulee.png\" \/>\n<meta name=\"twitter:card\" content=\"summary_large_image\" \/>\n<meta name=\"twitter:label1\" content=\"Gesch\u00e4tzte Lesezeit\" \/>\n\t<meta name=\"twitter:data1\" content=\"2\u00a0Minuten\" \/>\n<script type=\"application\/ld+json\" class=\"yoast-schema-graph\">{\"@context\":\"https:\/\/schema.org\",\"@graph\":[{\"@type\":\"WebPage\",\"@id\":\"https:\/\/exceladvisor.org\/de\/kumulierte-summe-2\/\",\"url\":\"https:\/\/exceladvisor.org\/de\/kumulierte-summe-2\/\",\"name\":\"Wie berechnet man die kumulative Summe der Werte? - Excel-Berater\",\"isPartOf\":{\"@id\":\"https:\/\/exceladvisor.org\/de\/#website\"},\"primaryImageOfPage\":{\"@id\":\"https:\/\/exceladvisor.org\/de\/kumulierte-summe-2\/#primaryimage\"},\"image\":{\"@id\":\"https:\/\/exceladvisor.org\/de\/kumulierte-summe-2\/#primaryimage\"},\"thumbnailUrl\":\"https:\/\/exceladvisor.org\/wp-content\/uploads\/2023\/08\/1-formule-de-somme-cumulee.png\",\"datePublished\":\"2023-11-11T15:33:29+00:00\",\"dateModified\":\"2023-12-03T11:14:12+00:00\",\"description\":\"In diesem Tutorial lernen wir, wie man Excel-Formeln schreibt, um die kumulative Summe aus einem Bereich zu berechnen. Lassen Sie uns das \u00fcberpr\u00fcfen ...\",\"breadcrumb\":{\"@id\":\"https:\/\/exceladvisor.org\/de\/kumulierte-summe-2\/#breadcrumb\"},\"inLanguage\":\"de\",\"potentialAction\":[{\"@type\":\"ReadAction\",\"target\":[\"https:\/\/exceladvisor.org\/de\/kumulierte-summe-2\/\"]}]},{\"@type\":\"ImageObject\",\"inLanguage\":\"de\",\"@id\":\"https:\/\/exceladvisor.org\/de\/kumulierte-summe-2\/#primaryimage\",\"url\":\"https:\/\/exceladvisor.org\/wp-content\/uploads\/2023\/08\/1-formule-de-somme-cumulee.png\",\"contentUrl\":\"https:\/\/exceladvisor.org\/wp-content\/uploads\/2023\/08\/1-formule-de-somme-cumulee.png\"},{\"@type\":\"BreadcrumbList\",\"@id\":\"https:\/\/exceladvisor.org\/de\/kumulierte-summe-2\/#breadcrumb\",\"itemListElement\":[{\"@type\":\"ListItem\",\"position\":1,\"name\":\"Accueil\",\"item\":\"https:\/\/exceladvisor.org\/de\/\"},{\"@type\":\"ListItem\",\"position\":2,\"name\":\"Wie berechnet man die kumulative summe der werte?\"}]},{\"@type\":\"WebSite\",\"@id\":\"https:\/\/exceladvisor.org\/de\/#website\",\"url\":\"https:\/\/exceladvisor.org\/de\/\",\"name\":\"Excel Advisor\",\"description\":\"Ihr Leitfaden zur Datendominanz\",\"publisher\":{\"@id\":\"https:\/\/exceladvisor.org\/de\/#organization\"},\"potentialAction\":[{\"@type\":\"SearchAction\",\"target\":{\"@type\":\"EntryPoint\",\"urlTemplate\":\"https:\/\/exceladvisor.org\/de\/?s={search_term_string}\"},\"query-input\":{\"@type\":\"PropertyValueSpecification\",\"valueRequired\":true,\"valueName\":\"search_term_string\"}}],\"inLanguage\":\"de\"},{\"@type\":\"Organization\",\"@id\":\"https:\/\/exceladvisor.org\/de\/#organization\",\"name\":\"Excel Advisor\",\"url\":\"https:\/\/exceladvisor.org\/de\/\",\"logo\":{\"@type\":\"ImageObject\",\"inLanguage\":\"de\",\"@id\":\"https:\/\/exceladvisor.org\/de\/#\/schema\/logo\/image\/\",\"url\":\"https:\/\/exceladvisor.org\/de\/wp-content\/uploads\/2023\/11\/exceladvisor.org_.png\",\"contentUrl\":\"https:\/\/exceladvisor.org\/de\/wp-content\/uploads\/2023\/11\/exceladvisor.org_.png\",\"width\":105,\"height\":36,\"caption\":\"Excel Advisor\"},\"image\":{\"@id\":\"https:\/\/exceladvisor.org\/de\/#\/schema\/logo\/image\/\"}}]}<\/script>\n<!-- \/ Yoast SEO plugin. -->","yoast_head_json":{"title":"Wie berechnet man die kumulative Summe der Werte? - Excel-Berater","description":"In diesem Tutorial lernen wir, wie man Excel-Formeln schreibt, um die kumulative Summe aus einem Bereich zu berechnen. Lassen Sie uns das \u00fcberpr\u00fcfen ...","robots":{"index":"index","follow":"follow","max-snippet":"max-snippet:-1","max-image-preview":"max-image-preview:large","max-video-preview":"max-video-preview:-1"},"canonical":"https:\/\/exceladvisor.org\/de\/kumulierte-summe-2\/","og_locale":"de_DE","og_type":"article","og_title":"Wie berechnet man die kumulative Summe der Werte? - Excel-Berater","og_description":"In diesem Tutorial lernen wir, wie man Excel-Formeln schreibt, um die kumulative Summe aus einem Bereich zu berechnen. Lassen Sie uns das \u00fcberpr\u00fcfen ...","og_url":"https:\/\/exceladvisor.org\/de\/kumulierte-summe-2\/","og_site_name":"Excel Advisor","article_modified_time":"2023-12-03T11:14:12+00:00","og_image":[{"url":"https:\/\/exceladvisor.org\/wp-content\/uploads\/2023\/08\/1-formule-de-somme-cumulee.png","type":"","width":"","height":""}],"twitter_card":"summary_large_image","twitter_misc":{"Gesch\u00e4tzte Lesezeit":"2\u00a0Minuten"},"schema":{"@context":"https:\/\/schema.org","@graph":[{"@type":"WebPage","@id":"https:\/\/exceladvisor.org\/de\/kumulierte-summe-2\/","url":"https:\/\/exceladvisor.org\/de\/kumulierte-summe-2\/","name":"Wie berechnet man die kumulative Summe der Werte? - Excel-Berater","isPartOf":{"@id":"https:\/\/exceladvisor.org\/de\/#website"},"primaryImageOfPage":{"@id":"https:\/\/exceladvisor.org\/de\/kumulierte-summe-2\/#primaryimage"},"image":{"@id":"https:\/\/exceladvisor.org\/de\/kumulierte-summe-2\/#primaryimage"},"thumbnailUrl":"https:\/\/exceladvisor.org\/wp-content\/uploads\/2023\/08\/1-formule-de-somme-cumulee.png","datePublished":"2023-11-11T15:33:29+00:00","dateModified":"2023-12-03T11:14:12+00:00","description":"In diesem Tutorial lernen wir, wie man Excel-Formeln schreibt, um die kumulative Summe aus einem Bereich zu berechnen. Lassen Sie uns das \u00fcberpr\u00fcfen ...","breadcrumb":{"@id":"https:\/\/exceladvisor.org\/de\/kumulierte-summe-2\/#breadcrumb"},"inLanguage":"de","potentialAction":[{"@type":"ReadAction","target":["https:\/\/exceladvisor.org\/de\/kumulierte-summe-2\/"]}]},{"@type":"ImageObject","inLanguage":"de","@id":"https:\/\/exceladvisor.org\/de\/kumulierte-summe-2\/#primaryimage","url":"https:\/\/exceladvisor.org\/wp-content\/uploads\/2023\/08\/1-formule-de-somme-cumulee.png","contentUrl":"https:\/\/exceladvisor.org\/wp-content\/uploads\/2023\/08\/1-formule-de-somme-cumulee.png"},{"@type":"BreadcrumbList","@id":"https:\/\/exceladvisor.org\/de\/kumulierte-summe-2\/#breadcrumb","itemListElement":[{"@type":"ListItem","position":1,"name":"Accueil","item":"https:\/\/exceladvisor.org\/de\/"},{"@type":"ListItem","position":2,"name":"Wie berechnet man die kumulative summe der werte?"}]},{"@type":"WebSite","@id":"https:\/\/exceladvisor.org\/de\/#website","url":"https:\/\/exceladvisor.org\/de\/","name":"Excel Advisor","description":"Ihr Leitfaden zur Datendominanz","publisher":{"@id":"https:\/\/exceladvisor.org\/de\/#organization"},"potentialAction":[{"@type":"SearchAction","target":{"@type":"EntryPoint","urlTemplate":"https:\/\/exceladvisor.org\/de\/?s={search_term_string}"},"query-input":{"@type":"PropertyValueSpecification","valueRequired":true,"valueName":"search_term_string"}}],"inLanguage":"de"},{"@type":"Organization","@id":"https:\/\/exceladvisor.org\/de\/#organization","name":"Excel Advisor","url":"https:\/\/exceladvisor.org\/de\/","logo":{"@type":"ImageObject","inLanguage":"de","@id":"https:\/\/exceladvisor.org\/de\/#\/schema\/logo\/image\/","url":"https:\/\/exceladvisor.org\/de\/wp-content\/uploads\/2023\/11\/exceladvisor.org_.png","contentUrl":"https:\/\/exceladvisor.org\/de\/wp-content\/uploads\/2023\/11\/exceladvisor.org_.png","width":105,"height":36,"caption":"Excel Advisor"},"image":{"@id":"https:\/\/exceladvisor.org\/de\/#\/schema\/logo\/image\/"}}]}},"yoast_meta":{"yoast_wpseo_title":"","yoast_wpseo_metadesc":"","yoast_wpseo_canonical":""},"_links":{"self":[{"href":"https:\/\/exceladvisor.org\/de\/wp-json\/wp\/v2\/pages\/3174","targetHints":{"allow":["GET"]}}],"collection":[{"href":"https:\/\/exceladvisor.org\/de\/wp-json\/wp\/v2\/pages"}],"about":[{"href":"https:\/\/exceladvisor.org\/de\/wp-json\/wp\/v2\/types\/page"}],"author":[{"embeddable":true,"href":"https:\/\/exceladvisor.org\/de\/wp-json\/wp\/v2\/users\/1"}],"replies":[{"embeddable":true,"href":"https:\/\/exceladvisor.org\/de\/wp-json\/wp\/v2\/comments?post=3174"}],"version-history":[{"count":1,"href":"https:\/\/exceladvisor.org\/de\/wp-json\/wp\/v2\/pages\/3174\/revisions"}],"predecessor-version":[{"id":3891,"href":"https:\/\/exceladvisor.org\/de\/wp-json\/wp\/v2\/pages\/3174\/revisions\/3891"}],"wp:attachment":[{"href":"https:\/\/exceladvisor.org\/de\/wp-json\/wp\/v2\/media?parent=3174"}],"curies":[{"name":"wp","href":"https:\/\/api.w.org\/{rel}","templated":true}]}}