{"id":3175,"date":"2023-11-11T15:13:22","date_gmt":"2023-11-11T15:13:22","guid":{"rendered":"https:\/\/exceladvisor.org\/de\/summe-wenn-kleiner-als\/"},"modified":"2023-12-03T11:13:27","modified_gmt":"2023-12-03T11:13:27","slug":"summe-wenn-kleiner-als","status":"publish","type":"page","link":"https:\/\/exceladvisor.org\/de\/summe-wenn-kleiner-als\/","title":{"rendered":"Wie addiere ich werte kleiner als a?"},"content":{"rendered":"<div class=\"excel-vor-dem-inhalt\" id=\"excel-1956500721\"><script type=\"text\/javascript\">\r\n\tatOptions = {\r\n\t\t'key' : 'c1158f160081d6540a8409e6925dab94',\r\n\t\t'format' : 'iframe',\r\n\t\t'height' : 250,\r\n\t\t'width' : 300,\r\n\t\t'params' : {}\r\n\t};\r\n<\/script>\r\n<script type=\"text\/javascript\" src=\"\/\/www.highperformanceformat.com\/c1158f160081d6540a8409e6925dab94\/invoke.js\"><\/script><\/div> <p>Um Werte hinzuzuf\u00fcgen, die kleiner als ein bestimmter Wert sind, m\u00fcssen Sie die SUMMEWENN-Funktion in Excel verwenden. Sie m\u00fcssen den Zellbereich angeben, der auf die Kriterien \u00fcberpr\u00fcft werden soll, einen Wert, der als Kriterium verwendet werden soll, und dann den Bereich, aus dem Sie die Werte summieren m\u00f6chten. Sie k\u00f6nnen aber auch den gleichen Bereich verwenden, um die Werte zu summieren und die Kriterien zu \u00fcberpr\u00fcfen. <\/p><div class=\"wp-block-image\"><figure class=\"aligncenter size-full is-resized\"><img loading=\"lazy\" decoding=\"async\" class=\"wp-image-79486\" src=\"https:\/\/exceladvisor.org\/wp-content\/uploads\/2023\/08\/1-somme-des-valeurs-inferieures-a.png\" sizes=\"auto, \" srcset=\"\" alt=\"Summenwerte-kleiner als\" width=\"673\" height=\"292\"><\/figure><\/div><p> In diesem Tutorial lernen wir, wie man eine Formel schreibt, um Werte hinzuzuf\u00fcgen, die kleiner als ein bestimmter Wert sind.<\/p><h2 class=\"wp-block-heading\"> Formel: SUMWENN Kleiner als<\/h2><p> Sie k\u00f6nnen die folgenden Schritte verwenden:<\/p><ol type=\"1\"><li> Geben Sie zun\u00e4chst in einer Zelle die Funktion SUMMEWENN ein.<\/li><li> Beziehen Sie sich anschlie\u00dfend im ersten Argument auf den Bereich, in dem Sie die Kriterien \u00fcberpr\u00fcfen m\u00fcssen. In unserem Beispiel m\u00fcssen Sie sich auf den Losgr\u00f6\u00dfenbereich beziehen.<\/li><li> Nun m\u00fcssen Sie hier die Kriterien festlegen. Wir werden also eine 40 mit einem Kleiner-als-Operator verwenden, um alle Werte kleiner als zu addieren.<\/li><li> Als n\u00e4chstes beziehen wir uns auf den Bereich, in dem wir Werte hinzuf\u00fcgen m\u00fcssen. In unserem Beispiel m\u00fcssen Sie sich auf den Mengenbereich beziehen.<\/li><li> Dr\u00fccken Sie am Ende die Eingabetaste, um das Ergebnis zu erhalten. <\/li><\/ol><div class=\"wp-block-image\"><figure class=\"aligncenter size-full is-resized\"><img loading=\"lazy\" decoding=\"async\" class=\"wp-image-79487\" src=\"https:\/\/exceladvisor.org\/wp-content\/uploads\/2023\/08\/2-somme-si-moins-de.png\" sizes=\"auto, \" srcset=\"\" alt=\"Sumif kleiner als\" width=\"616\" height=\"293\"><\/figure><\/div><pre class=\"wp-block-code\"> <code class=\"language-excel-formula\" lang=\"excel-formula\">=SUMIF(A2:A10,\"&lt;40\",C2:C10)<\/code><\/pre><p> Wie Sie sehen, haben wir im Ergebnis 685. Das bedeutet, dass die Summe aller Werte in der Mengenspalte, bei denen der Wert in der Losgr\u00f6\u00dfenspalte kleiner als 40 ist, 685 betr\u00e4gt. <\/p><div class=\"wp-block-image\"><figure class=\"aligncenter size-full is-resized\"><img loading=\"lazy\" decoding=\"async\" class=\"wp-image-79488\" src=\"https:\/\/exceladvisor.org\/wp-content\/uploads\/2023\/08\/3-resultat-somme.png\" sizes=\"auto, \" srcset=\"\" alt=\"Sumif-Ergebnis\" width=\"621\" height=\"242\"><\/figure><\/div><p> Wenn Sie f\u00fcr den Wert ein Kleiner-als-Zeichen verwenden, wird dieser Wert nicht ber\u00fccksichtigt, solange die Summe kleiner als die Werte ist. Das bedeutet, dass bei &lt;40 der Wert 40 nicht ber\u00fccksichtigt wird. Dazu m\u00fcssen Sie auch das Gleichheitszeichen verwenden, wie folgt. <\/p><div class=\"wp-block-image\"><figure class=\"aligncenter size-full is-resized\"><img loading=\"lazy\" decoding=\"async\" class=\"wp-image-79489\" src=\"https:\/\/exceladvisor.org\/wp-content\/uploads\/2023\/08\/4-resultat-sumif-avec-signe-inferieur.png\" sizes=\"auto, \" srcset=\"\" alt=\"Sumif-Ergebnis-mit-niedrigem-Vorzeichen\" width=\"631\" height=\"333\"><\/figure><\/div><pre class=\"wp-block-code\"> <code class=\"language-excel-formula\" lang=\"excel-formula\">=SUMIF(A2:A10,\"&lt;=40\",C2:C10)<\/code><\/pre><h2 class=\"wp-block-heading\"> Es wird ein Wert verwendet, der kleiner als eine Zelle ist<\/h2><p> Anstatt den Wert in der Funktion anzugeben, m\u00f6chten Sie ihn f\u00fcr eine Zelle verwenden. In diesem Fall m\u00fcssen Sie Ihre Formel wie im folgenden Beispiel schreiben: <\/p><div class=\"wp-block-image\"><figure class=\"aligncenter size-full is-resized\"><img loading=\"lazy\" decoding=\"async\" class=\"wp-image-79490\" src=\"https:\/\/exceladvisor.org\/wp-content\/uploads\/2023\/08\/5-en-utilisant-moins-que-la-valeur-dune-cellule.png\" sizes=\"auto, \" srcset=\"\" alt=\"Use-less-than-a-cell-value\" width=\"696\" height=\"302\"><\/figure><\/div><p> Hier m\u00fcssen Sie das Kleiner-als-Zeichen in doppelte Anf\u00fchrungszeichen setzen und es dann mit einem kaufm\u00e4nnischen Und mit der Zelle kombinieren, in der Sie den Kleiner-als-Wert haben.<\/p><pre class=\"wp-block-code\"> <code class=\"language-excel-formula\" lang=\"excel-formula\">=SUMIF(A2:A10,\"&lt;\"&amp;E5,C2:C10)<\/code><\/pre><h2 class=\"wp-block-heading\"> SUMIF Weniger als wenn Sie denselben Bereich f\u00fcr die Pr\u00fcfkriterien haben<\/h2><p> Denken wir nun an eine andere Situation, in der Sie den gleichen Bereich haben, um die Werte zu summieren und auf Kleiner-als-Kriterien zu pr\u00fcfen. <\/p><div class=\"wp-block-image\"><figure class=\"aligncenter size-full is-resized\"><img loading=\"lazy\" decoding=\"async\" class=\"wp-image-79491\" src=\"https:\/\/exceladvisor.org\/wp-content\/uploads\/2023\/08\/6-somme-si-inferieur-a-avec-la-meme-plage-et-les-memes-criteres.png\" sizes=\"auto, \" srcset=\"\" alt=\"Sumif-kleiner-als-mit-gleichem-Bereich-und-Kriterien\" width=\"628\" height=\"349\"><\/figure><\/div><p> Im obigen Beispiel haben wir im Kriterienbereich auf die Mengenspalte verwiesen und in den Kriterien &lt;150 angegeben, aber wir haben im Argument \u201esum_range\u201c keinen Bereich angegeben. In SUMIF ist sum_range optional. Und wenn Sie es ignorieren, verwendet die Funktion den Kriterienbereich, um die Werte zu summieren.<\/p><pre class=\"wp-block-code\"> <code class=\"language-excel-formula\" lang=\"excel-formula\">=SUMIF(C2:C10,\"&lt;150\")<\/code><\/pre><p> In der obigen Formel f\u00fcgt SUMIF Werte unter 150 aus der Mengenspalte hinzu. <\/p><div class=\"gb-container gb-container-52dfcee1 gb-container-sample-file\"><h2 class=\"gb-headline gb-headline-e289c143 gb-headline-text gb-headline-4f7959c2\"> Holen Sie sich die Excel-Datei<\/h2> <a class=\"gb-button gb-button-e88d6bee gb-button-text gb-button-button1\" href=\"https:\/\/exceladvisor.org\/wp-content\/uploads\/2023\/08\/sumif-inferieur-a-fichier.xlsx\" rel=\"nofollow\">Herunterladen<\/a><\/div><div class=\"gb-container gb-container-0df56012 gb-container-mt\"> <a class=\"gb-button gb-button-f9f432f4 gb-button-text gb-button-mt-button\" href=\"https:\/\/exceladvisor.org\/de\/formeln\/\">Liste der Excel-Formeln<\/a><h2 class=\"gb-headline gb-headline-233444e8 gb-headline-text gb-headline-mt-heading\"> Verwandte Formeln <\/h2><div class=\"gb-grid-wrapper gb-grid-wrapper-a16fa65c gb-grid-wrapper-mt-grid\"><div class=\"gb-grid-column gb-grid-column-50d07e0d\"><div class=\"gb-container gb-container-50d07e0d\"><ul><li> <a href=\"https:\/\/exceladvisor.org\/de\/summe-wenn-grosser-als\/\">Summe gr\u00f6\u00dfer als Werte mit SUMIF<\/a><\/li><li> <a href=\"https:\/\/exceladvisor.org\/de\/summen-nicht-gleich\/\">Summe ungleicher Werte (SUMIFS) in Excel<\/a><\/li><li> <a href=\"https:\/\/exceladvisor.org\/de\/sumif-sumifs-oder-logik\/\">SUMIF\/SUMIFS mit ODER-Logik in Excel<\/a><\/li><li> <a href=\"https:\/\/exceladvisor.org\/de\/sumif-mit-platzhaltern\/\">SUMIF mit Platzhaltern in Excel<\/a><\/li><li> <a href=\"https:\/\/exceladvisor.org\/de\/summe-der-werte-zwischen-zwei-daten\/\">SUMIFS-Datumsbereich (Summe der Werte zwischen zwei Datumsfeldern)<\/a><\/li><\/ul><\/div><\/div><\/div><\/div>","protected":false},"excerpt":{"rendered":"","protected":false},"author":1,"featured_media":0,"parent":0,"menu_order":0,"comment_status":"open","ping_status":"closed","template":"","meta":{"ub_ctt_via":"","footnotes":""},"class_list":["post-3175","page","type-page","status-publish","hentry"],"featured_image_src":null,"yoast_head":"<!-- This site is optimized with the Yoast SEO plugin v25.4 - https:\/\/yoast.com\/wordpress\/plugins\/seo\/ -->\n<title>Wie addiere ich Werte kleiner als A? (Tutorial 2023)<\/title>\n<meta name=\"description\" content=\"In diesem Tutorial erfahren Sie, wie Sie Excel-Formeln schreiben, um mit SUMIF Werte hinzuzuf\u00fcgen, die kleiner als ein bestimmter Wert sind.\" \/>\n<meta name=\"robots\" content=\"index, follow, max-snippet:-1, max-image-preview:large, max-video-preview:-1\" \/>\n<link rel=\"canonical\" href=\"https:\/\/exceladvisor.org\/de\/summe-wenn-kleiner-als\/\" \/>\n<meta property=\"og:locale\" content=\"de_DE\" \/>\n<meta property=\"og:type\" content=\"article\" \/>\n<meta property=\"og:title\" content=\"Wie addiere ich Werte kleiner als A? (Tutorial 2023)\" \/>\n<meta property=\"og:description\" content=\"In diesem Tutorial erfahren Sie, wie Sie Excel-Formeln schreiben, um mit SUMIF Werte hinzuzuf\u00fcgen, die kleiner als ein bestimmter Wert sind.\" \/>\n<meta property=\"og:url\" content=\"https:\/\/exceladvisor.org\/de\/summe-wenn-kleiner-als\/\" \/>\n<meta property=\"og:site_name\" content=\"Excel Advisor\" \/>\n<meta property=\"article:modified_time\" content=\"2023-12-03T11:13:27+00:00\" \/>\n<meta property=\"og:image\" content=\"https:\/\/exceladvisor.org\/wp-content\/uploads\/2023\/08\/1-somme-des-valeurs-inferieures-a.png\" \/>\n<meta name=\"twitter:card\" content=\"summary_large_image\" \/>\n<meta name=\"twitter:label1\" content=\"Gesch\u00e4tzte Lesezeit\" \/>\n\t<meta name=\"twitter:data1\" content=\"3\u00a0Minuten\" \/>\n<script type=\"application\/ld+json\" class=\"yoast-schema-graph\">{\"@context\":\"https:\/\/schema.org\",\"@graph\":[{\"@type\":\"WebPage\",\"@id\":\"https:\/\/exceladvisor.org\/de\/summe-wenn-kleiner-als\/\",\"url\":\"https:\/\/exceladvisor.org\/de\/summe-wenn-kleiner-als\/\",\"name\":\"Wie addiere ich Werte kleiner als A? (Tutorial 2023)\",\"isPartOf\":{\"@id\":\"https:\/\/exceladvisor.org\/de\/#website\"},\"primaryImageOfPage\":{\"@id\":\"https:\/\/exceladvisor.org\/de\/summe-wenn-kleiner-als\/#primaryimage\"},\"image\":{\"@id\":\"https:\/\/exceladvisor.org\/de\/summe-wenn-kleiner-als\/#primaryimage\"},\"thumbnailUrl\":\"https:\/\/exceladvisor.org\/wp-content\/uploads\/2023\/08\/1-somme-des-valeurs-inferieures-a.png\",\"datePublished\":\"2023-11-11T15:13:22+00:00\",\"dateModified\":\"2023-12-03T11:13:27+00:00\",\"description\":\"In diesem Tutorial erfahren Sie, wie Sie Excel-Formeln schreiben, um mit SUMIF Werte hinzuzuf\u00fcgen, die kleiner als ein bestimmter Wert sind.\",\"breadcrumb\":{\"@id\":\"https:\/\/exceladvisor.org\/de\/summe-wenn-kleiner-als\/#breadcrumb\"},\"inLanguage\":\"de\",\"potentialAction\":[{\"@type\":\"ReadAction\",\"target\":[\"https:\/\/exceladvisor.org\/de\/summe-wenn-kleiner-als\/\"]}]},{\"@type\":\"ImageObject\",\"inLanguage\":\"de\",\"@id\":\"https:\/\/exceladvisor.org\/de\/summe-wenn-kleiner-als\/#primaryimage\",\"url\":\"https:\/\/exceladvisor.org\/wp-content\/uploads\/2023\/08\/1-somme-des-valeurs-inferieures-a.png\",\"contentUrl\":\"https:\/\/exceladvisor.org\/wp-content\/uploads\/2023\/08\/1-somme-des-valeurs-inferieures-a.png\"},{\"@type\":\"BreadcrumbList\",\"@id\":\"https:\/\/exceladvisor.org\/de\/summe-wenn-kleiner-als\/#breadcrumb\",\"itemListElement\":[{\"@type\":\"ListItem\",\"position\":1,\"name\":\"Accueil\",\"item\":\"https:\/\/exceladvisor.org\/de\/\"},{\"@type\":\"ListItem\",\"position\":2,\"name\":\"Wie addiere ich werte kleiner als a?\"}]},{\"@type\":\"WebSite\",\"@id\":\"https:\/\/exceladvisor.org\/de\/#website\",\"url\":\"https:\/\/exceladvisor.org\/de\/\",\"name\":\"Excel Advisor\",\"description\":\"Ihr Leitfaden zur Datendominanz\",\"publisher\":{\"@id\":\"https:\/\/exceladvisor.org\/de\/#organization\"},\"potentialAction\":[{\"@type\":\"SearchAction\",\"target\":{\"@type\":\"EntryPoint\",\"urlTemplate\":\"https:\/\/exceladvisor.org\/de\/?s={search_term_string}\"},\"query-input\":{\"@type\":\"PropertyValueSpecification\",\"valueRequired\":true,\"valueName\":\"search_term_string\"}}],\"inLanguage\":\"de\"},{\"@type\":\"Organization\",\"@id\":\"https:\/\/exceladvisor.org\/de\/#organization\",\"name\":\"Excel Advisor\",\"url\":\"https:\/\/exceladvisor.org\/de\/\",\"logo\":{\"@type\":\"ImageObject\",\"inLanguage\":\"de\",\"@id\":\"https:\/\/exceladvisor.org\/de\/#\/schema\/logo\/image\/\",\"url\":\"https:\/\/exceladvisor.org\/de\/wp-content\/uploads\/2023\/11\/exceladvisor.org_.png\",\"contentUrl\":\"https:\/\/exceladvisor.org\/de\/wp-content\/uploads\/2023\/11\/exceladvisor.org_.png\",\"width\":105,\"height\":36,\"caption\":\"Excel Advisor\"},\"image\":{\"@id\":\"https:\/\/exceladvisor.org\/de\/#\/schema\/logo\/image\/\"}}]}<\/script>\n<!-- \/ Yoast SEO plugin. -->","yoast_head_json":{"title":"Wie addiere ich Werte kleiner als A? (Tutorial 2023)","description":"In diesem Tutorial erfahren Sie, wie Sie Excel-Formeln schreiben, um mit SUMIF Werte hinzuzuf\u00fcgen, die kleiner als ein bestimmter Wert sind.","robots":{"index":"index","follow":"follow","max-snippet":"max-snippet:-1","max-image-preview":"max-image-preview:large","max-video-preview":"max-video-preview:-1"},"canonical":"https:\/\/exceladvisor.org\/de\/summe-wenn-kleiner-als\/","og_locale":"de_DE","og_type":"article","og_title":"Wie addiere ich Werte kleiner als A? (Tutorial 2023)","og_description":"In diesem Tutorial erfahren Sie, wie Sie Excel-Formeln schreiben, um mit SUMIF Werte hinzuzuf\u00fcgen, die kleiner als ein bestimmter Wert sind.","og_url":"https:\/\/exceladvisor.org\/de\/summe-wenn-kleiner-als\/","og_site_name":"Excel Advisor","article_modified_time":"2023-12-03T11:13:27+00:00","og_image":[{"url":"https:\/\/exceladvisor.org\/wp-content\/uploads\/2023\/08\/1-somme-des-valeurs-inferieures-a.png","type":"","width":"","height":""}],"twitter_card":"summary_large_image","twitter_misc":{"Gesch\u00e4tzte Lesezeit":"3\u00a0Minuten"},"schema":{"@context":"https:\/\/schema.org","@graph":[{"@type":"WebPage","@id":"https:\/\/exceladvisor.org\/de\/summe-wenn-kleiner-als\/","url":"https:\/\/exceladvisor.org\/de\/summe-wenn-kleiner-als\/","name":"Wie addiere ich Werte kleiner als A? (Tutorial 2023)","isPartOf":{"@id":"https:\/\/exceladvisor.org\/de\/#website"},"primaryImageOfPage":{"@id":"https:\/\/exceladvisor.org\/de\/summe-wenn-kleiner-als\/#primaryimage"},"image":{"@id":"https:\/\/exceladvisor.org\/de\/summe-wenn-kleiner-als\/#primaryimage"},"thumbnailUrl":"https:\/\/exceladvisor.org\/wp-content\/uploads\/2023\/08\/1-somme-des-valeurs-inferieures-a.png","datePublished":"2023-11-11T15:13:22+00:00","dateModified":"2023-12-03T11:13:27+00:00","description":"In diesem Tutorial erfahren Sie, wie Sie Excel-Formeln schreiben, um mit SUMIF Werte hinzuzuf\u00fcgen, die kleiner als ein bestimmter Wert sind.","breadcrumb":{"@id":"https:\/\/exceladvisor.org\/de\/summe-wenn-kleiner-als\/#breadcrumb"},"inLanguage":"de","potentialAction":[{"@type":"ReadAction","target":["https:\/\/exceladvisor.org\/de\/summe-wenn-kleiner-als\/"]}]},{"@type":"ImageObject","inLanguage":"de","@id":"https:\/\/exceladvisor.org\/de\/summe-wenn-kleiner-als\/#primaryimage","url":"https:\/\/exceladvisor.org\/wp-content\/uploads\/2023\/08\/1-somme-des-valeurs-inferieures-a.png","contentUrl":"https:\/\/exceladvisor.org\/wp-content\/uploads\/2023\/08\/1-somme-des-valeurs-inferieures-a.png"},{"@type":"BreadcrumbList","@id":"https:\/\/exceladvisor.org\/de\/summe-wenn-kleiner-als\/#breadcrumb","itemListElement":[{"@type":"ListItem","position":1,"name":"Accueil","item":"https:\/\/exceladvisor.org\/de\/"},{"@type":"ListItem","position":2,"name":"Wie addiere ich werte kleiner als a?"}]},{"@type":"WebSite","@id":"https:\/\/exceladvisor.org\/de\/#website","url":"https:\/\/exceladvisor.org\/de\/","name":"Excel Advisor","description":"Ihr Leitfaden zur Datendominanz","publisher":{"@id":"https:\/\/exceladvisor.org\/de\/#organization"},"potentialAction":[{"@type":"SearchAction","target":{"@type":"EntryPoint","urlTemplate":"https:\/\/exceladvisor.org\/de\/?s={search_term_string}"},"query-input":{"@type":"PropertyValueSpecification","valueRequired":true,"valueName":"search_term_string"}}],"inLanguage":"de"},{"@type":"Organization","@id":"https:\/\/exceladvisor.org\/de\/#organization","name":"Excel Advisor","url":"https:\/\/exceladvisor.org\/de\/","logo":{"@type":"ImageObject","inLanguage":"de","@id":"https:\/\/exceladvisor.org\/de\/#\/schema\/logo\/image\/","url":"https:\/\/exceladvisor.org\/de\/wp-content\/uploads\/2023\/11\/exceladvisor.org_.png","contentUrl":"https:\/\/exceladvisor.org\/de\/wp-content\/uploads\/2023\/11\/exceladvisor.org_.png","width":105,"height":36,"caption":"Excel Advisor"},"image":{"@id":"https:\/\/exceladvisor.org\/de\/#\/schema\/logo\/image\/"}}]}},"yoast_meta":{"yoast_wpseo_title":"","yoast_wpseo_metadesc":"","yoast_wpseo_canonical":""},"_links":{"self":[{"href":"https:\/\/exceladvisor.org\/de\/wp-json\/wp\/v2\/pages\/3175","targetHints":{"allow":["GET"]}}],"collection":[{"href":"https:\/\/exceladvisor.org\/de\/wp-json\/wp\/v2\/pages"}],"about":[{"href":"https:\/\/exceladvisor.org\/de\/wp-json\/wp\/v2\/types\/page"}],"author":[{"embeddable":true,"href":"https:\/\/exceladvisor.org\/de\/wp-json\/wp\/v2\/users\/1"}],"replies":[{"embeddable":true,"href":"https:\/\/exceladvisor.org\/de\/wp-json\/wp\/v2\/comments?post=3175"}],"version-history":[{"count":1,"href":"https:\/\/exceladvisor.org\/de\/wp-json\/wp\/v2\/pages\/3175\/revisions"}],"predecessor-version":[{"id":3835,"href":"https:\/\/exceladvisor.org\/de\/wp-json\/wp\/v2\/pages\/3175\/revisions\/3835"}],"wp:attachment":[{"href":"https:\/\/exceladvisor.org\/de\/wp-json\/wp\/v2\/media?parent=3175"}],"curies":[{"name":"wp","href":"https:\/\/api.w.org\/{rel}","templated":true}]}}