{"id":3176,"date":"2023-11-11T14:31:11","date_gmt":"2023-11-11T14:31:11","guid":{"rendered":"https:\/\/exceladvisor.org\/de\/zufallszahl\/"},"modified":"2023-12-03T11:21:38","modified_gmt":"2023-12-03T11:21:38","slug":"zufallszahl","status":"publish","type":"page","link":"https:\/\/exceladvisor.org\/de\/zufallszahl\/","title":{"rendered":"Wie generiert man zufallszahlen in vba?"},"content":{"rendered":"<div class=\"excel-vor-dem-inhalt\" id=\"excel-2335249162\"><script type=\"text\/javascript\">\r\n\tatOptions = {\r\n\t\t'key' : 'c1158f160081d6540a8409e6925dab94',\r\n\t\t'format' : 'iframe',\r\n\t\t'height' : 250,\r\n\t\t'width' : 300,\r\n\t\t'params' : {}\r\n\t};\r\n<\/script>\r\n<script type=\"text\/javascript\" src=\"\/\/www.highperformanceformat.com\/c1158f160081d6540a8409e6925dab94\/invoke.js\"><\/script><\/div> <p>In VBA k\u00f6nnen Sie verschiedene Methoden zum Generieren einer Zufallszahl in Excel verwenden. In diesem Artikel werden wir sie alle einzeln betrachten.<\/p><h2 class=\"wp-block-heading\"> RND-Funktion<\/h2><p> Um eine Zufallszahl zu generieren, gibt es in VBA eine Funktion namens <a href=\"https:\/\/exceladvisor.org\/de\/runde\/\">RND<\/a> . Diese Funktion bedeutet \u201ezuf\u00e4llig\u201c und wenn Sie diese Funktion im Code verwenden, gibt sie eine Zufallszahl zwischen 0 und 1 zur\u00fcck. In RND m\u00fcssen Sie kein Argument angeben.<\/p><pre class=\"wp-block-code\"> <code class=\"language-visual-basic\" lang=\"visual-basic\">Range(\"A1\") = Rnd()<\/code><\/pre><p> Der obige Code verwendet es, um eine Zufallszahl in A1 zu erhalten, und es wurde 0,705547521 zur\u00fcckgegeben. <\/p><div class=\"wp-block-image\"><figure class=\"aligncenter size-large is-resized\"><img loading=\"lazy\" decoding=\"async\" class=\"wp-image-52247\" src=\"https:\/\/exceladvisor.org\/wp-content\/uploads\/2023\/08\/1-generer-un-nombre-aleatoire-dans-vba.png\" sizes=\"auto, \" srcset=\"\" alt=\"Generiere eine Zufallszahl in VBA\" width=\"511\" height=\"260\"><\/figure><\/div><p> Wenn Sie es jedoch f\u00fcr einen gesamten Bereich verwenden, gibt es im gesamten Bereich dieselbe Zufallszahl zur\u00fcck, sodass es nicht mehr zum Generieren von Zufallszahlen mehr als einmal verwendet werden kann. <\/p><div class=\"wp-block-image\"><figure class=\"aligncenter size-large is-resized\"><img loading=\"lazy\" decoding=\"async\" class=\"wp-image-52248\" src=\"https:\/\/exceladvisor.org\/wp-content\/uploads\/2023\/08\/2-renvoie-le-meme-nombre-aleatoire.png\" sizes=\"auto, \" srcset=\"\" alt=\"Gibt die gleiche Zufallszahl zur\u00fcck\" width=\"572\" height=\"368\"><\/figure><\/div><p> Nun, hier macht es keinen Sinn, es zu verwenden, oder? Aber es gibt eine L\u00f6sung, die Sie verwenden k\u00f6nnen: <a href=\"https:\/\/exceladvisor.org\/de\/fur-die-schleife\/\">FOR NEXT LOOP<\/a> . <\/p><div class=\"wp-block-image\"><figure class=\"aligncenter size-large is-resized\"><img loading=\"lazy\" decoding=\"async\" class=\"wp-image-52249\" src=\"https:\/\/exceladvisor.org\/wp-content\/uploads\/2023\/08\/3-utilisation-pour-la-boucle-suivante.png\" sizes=\"auto, \" srcset=\"\" alt=\"F\u00fcr die n\u00e4chste Schleife verwenden\" width=\"583\" height=\"407\"><\/figure><\/div><p> Im obigen Code haben Sie eine Schleife, die ausgehend von der ausgew\u00e4hlten Zelle 10 Zellen (eine nach der anderen) durchl\u00e4uft und eine Zufallszahl hinzuf\u00fcgt.<\/p><p> Hier ist der vollst\u00e4ndige Code:<\/p><pre class=\"wp-block-code\"> <code class=\"language-visual-basic\" lang=\"visual-basic\">Sub vba_random_number() Dim i As Long i = 10 For i = 1 To i ActiveCell.Value = Rnd() ActiveCell.Offset(1, 0).Select Next i End Sub<\/code><\/pre><h2 class=\"wp-block-heading\"> Zufallszahl zwischen zwei Zahlen<\/h2><p> Wenn Sie eine Zufallszahl zwischen zwei definierten Zahlen generieren m\u00f6chten, m\u00fcssen Sie in diesem Fall Code mit zwei <a href=\"https:\/\/exceladvisor.org\/de\/funktionen\/\">VBA-Funktionen<\/a> ( <a href=\"https:\/\/exceladvisor.org\/de\/runde\/\">RND<\/a> + <a href=\"https:\/\/exceladvisor.org\/de\/int\/\">INT<\/a> ) schreiben. Der Code f\u00fcr diese Formel w\u00fcrde wie folgt aussehen. <\/p><div class=\"wp-block-image\"><figure class=\"aligncenter size-large is-resized\"><img loading=\"lazy\" decoding=\"async\" class=\"wp-image-52250\" src=\"https:\/\/exceladvisor.org\/wp-content\/uploads\/2023\/08\/4-nombre-aleatoire-entre-deux-nombres.png\" sizes=\"auto, \" srcset=\"\" alt=\"Zufallszahl zwischen zwei Zahlen\" width=\"548\" height=\"293\"><\/figure><\/div><pre class=\"wp-block-code\"> <code class=\"language-visual-basic\" lang=\"visual-basic\">Sub vba_random_number() Dim myRnd As Integer myRnd = Int(2 + Rnd * (45 - 10 + 1)) Range(\"A1\") = myRnd End Sub<\/code><\/pre><p> Wenn Sie <a href=\"https:\/\/exceladvisor.org\/de\/ein-makro-ausfuhren-2\/\">dieses Makro ausf\u00fchren<\/a> , verwendet RND die von Ihnen festgelegte H\u00f6chstzahl und Mindestzahl, um die Zufallszahl zu generieren, und INT entfernt die Dezimalstelle. <\/p><div class=\"wp-block-image\"><figure class=\"aligncenter size-large is-resized\"><img loading=\"lazy\" decoding=\"async\" class=\"wp-image-52251\" src=\"https:\/\/exceladvisor.org\/wp-content\/uploads\/2023\/08\/5-rnd-utiliser-le-nombre-max-et-min.png\" sizes=\"auto, \" srcset=\"\" alt=\"rnd-use-the-max-and-min-number\" width=\"421\" height=\"205\"><\/figure><\/div><h2 class=\"wp-block-heading\"> Verwenden von Arbeitsblattfunktionen im VBA-Code zum Generieren einer Zufallszahl<\/h2><p> In VBA k\u00f6nnen Sie auf <a href=\"https:\/\/exceladvisor.org\/de\/tabellenkalkulationsfunktion\/\">Arbeitsblattfunktionen<\/a> zugreifen und diese verwenden, um durch Angabe der Argumente ein Ergebnis zu erhalten. Zwei <a href=\"https:\/\/exceladvisor.org\/de\/excel-funktionen\/\">Tabellenkalkulationsfunktionen<\/a> k\u00f6nnen Ihnen dabei helfen, im Ergebnis eine Zufallszahl zu erhalten.<\/p><ul><li> RandBetween<\/li><li> RandTableau<\/li><\/ul><p> Bevor Sie diese Funktionen verwenden, stellen Sie sicher, dass Sie die Argumente verstehen, die Sie festlegen m\u00fcssen. Im folgenden Code haben Sie nun RANDBETWEEN, das eine Zufallszahl zwischen zwei Zahlen generiert. <\/p><div class=\"wp-block-image\"><figure class=\"aligncenter size-large is-resized\"><img loading=\"lazy\" decoding=\"async\" class=\"wp-image-52252\" src=\"https:\/\/exceladvisor.org\/wp-content\/uploads\/2023\/08\/6-utiliser-randbetween-genere-un-nombre-aleatoire-entre-deux-nombres.png\" sizes=\"auto, \" srcset=\"\" alt=\"use-randbetween-generiert-eine-Zufallszahl-zwischen-zwei-Zahlen\" width=\"601\" height=\"213\"><\/figure><\/div><pre class=\"wp-block-code\"> <code class=\"language-visual-basic\" lang=\"visual-basic\">Range(\"A1\") = WorksheetFunction.RandBetween(1000, 2000)<\/code><\/pre><p> Hier betr\u00e4gt die maximale Anzahl 2000 und die minimale Anzahl 1000. Ebenso k\u00f6nnen Sie RANDARRAY verwenden, eine dynamische Array-Funktion.<\/p><p> Hier ist der Code. <\/p><pre class=\"wp-block-code\"> <code class=\"language-visual-basic\" lang=\"visual-basic\">Range(\"A1:B10\") = WorksheetFunction.RandArray(10, 2, 1000, 2000, True)<\/code><\/pre><div class=\"wp-block-image\"><figure class=\"aligncenter size-large is-resized\"><img loading=\"lazy\" decoding=\"async\" class=\"wp-image-52253\" src=\"https:\/\/exceladvisor.org\/wp-content\/uploads\/2023\/08\/7-utilisez-randarray-qui-est-une-fonction-de-tableau-dynamique.png\" sizes=\"auto, \" srcset=\"\" alt=\"Verwenden Sie Randarray, das eine dynamische Array-Funktion ist\" width=\"743\" height=\"275\"><\/figure><\/div><p> Wenn Sie sich die Syntax des RANDARRAY ansehen, werden Sie feststellen, dass Sie Zufallszahlen in einem Ganzzahlbereich eingeben k\u00f6nnen, was mit allen oben besprochenen Methoden nicht m\u00f6glich ist. <\/p><div class=\"wp-block-image\"><figure class=\"aligncenter size-large is-resized\"><img loading=\"lazy\" decoding=\"async\" class=\"wp-image-52254\" src=\"https:\/\/exceladvisor.org\/wp-content\/uploads\/2023\/08\/8-syntaxe-de-randarray.png\" sizes=\"auto, \" srcset=\"\" alt=\"Randarray-Syntax\" width=\"396\" height=\"120\"><\/figure><\/div><div class=\"gb-container gb-container-4db6181c gb-container-mt\"> <a class=\"gb-button gb-button-c5897111 gb-button-text gb-button-mt-button\" href=\"https:\/\/exceladvisor.org\/de\/vba\/\">Was ist VBA<\/a><h2 class=\"gb-headline gb-headline-665e5f6b gb-headline-text gb-headline-mt-heading\"> Verwandte Tutorials <\/h2><div class=\"gb-grid-wrapper gb-grid-wrapper-a20baf7c gb-grid-wrapper-mt-grid\"><div class=\"gb-grid-column gb-grid-column-65ddf67e\"><div class=\"gb-container gb-container-65ddf67e\"><ul><li> <a href=\"https:\/\/exceladvisor.org\/de\/durchschnitt-2\/\">Durchschnittswerte in Excel mit VBA<\/a><\/li><li> <a href=\"https:\/\/exceladvisor.org\/de\/heutiges-datum-aktuelle-uhrzeit\/\">Erhalten Sie das heutige Datum und die aktuelle Uhrzeit mit VBA<\/a><\/li><li> <a href=\"https:\/\/exceladvisor.org\/de\/summe-1\/\">Summieren Sie Werte in Excel mit VBA<\/a> <\/li><\/ul><\/div><\/div><div class=\"gb-grid-column gb-grid-column-50067b57\"><div class=\"gb-container gb-container-50067b57\"><ul><li> <a href=\"https:\/\/exceladvisor.org\/de\/berechnung\/\">VBA-Berechnung<\/a><\/li><li> <a href=\"https:\/\/exceladvisor.org\/de\/kette-1\/\">VBA verketten<\/a><\/li><li> <a href=\"https:\/\/exceladvisor.org\/de\/tabellenkalkulationsfunktion\/\">VBA-Tabellenkalkulationsfunktion<\/a><\/li><\/ul><\/div><\/div><\/div><\/div>","protected":false},"excerpt":{"rendered":"","protected":false},"author":1,"featured_media":0,"parent":0,"menu_order":0,"comment_status":"open","ping_status":"closed","template":"","meta":{"ub_ctt_via":"","footnotes":""},"class_list":["post-3176","page","type-page","status-publish","hentry"],"featured_image_src":null,"yoast_head":"<!-- This site is optimized with the Yoast SEO plugin v25.4 - https:\/\/yoast.com\/wordpress\/plugins\/seo\/ -->\n<title>\u25b7 Wie generiert man Zufallszahlen in VBA?<\/title>\n<meta name=\"description\" content=\"Dieses Tutorial zeigt Ihnen verschiedene M\u00f6glichkeiten, Zufallszahlen in Excel mithilfe von VBA-Code auf verschiedene Arten zu generieren\" \/>\n<meta name=\"robots\" content=\"index, follow, max-snippet:-1, max-image-preview:large, max-video-preview:-1\" \/>\n<link rel=\"canonical\" href=\"https:\/\/exceladvisor.org\/de\/zufallszahl\/\" \/>\n<meta property=\"og:locale\" content=\"de_DE\" \/>\n<meta property=\"og:type\" content=\"article\" \/>\n<meta property=\"og:title\" content=\"\u25b7 Wie generiert man Zufallszahlen in VBA?\" \/>\n<meta property=\"og:description\" content=\"Dieses Tutorial zeigt Ihnen verschiedene M\u00f6glichkeiten, Zufallszahlen in Excel mithilfe von VBA-Code auf verschiedene Arten zu generieren\" \/>\n<meta property=\"og:url\" content=\"https:\/\/exceladvisor.org\/de\/zufallszahl\/\" \/>\n<meta property=\"og:site_name\" content=\"Excel Advisor\" \/>\n<meta property=\"article:modified_time\" content=\"2023-12-03T11:21:38+00:00\" \/>\n<meta property=\"og:image\" content=\"https:\/\/exceladvisor.org\/wp-content\/uploads\/2023\/08\/1-generer-un-nombre-aleatoire-dans-vba.png\" \/>\n<meta name=\"twitter:card\" content=\"summary_large_image\" \/>\n<meta name=\"twitter:label1\" content=\"Gesch\u00e4tzte Lesezeit\" \/>\n\t<meta name=\"twitter:data1\" content=\"2\u00a0Minuten\" \/>\n<script type=\"application\/ld+json\" class=\"yoast-schema-graph\">{\"@context\":\"https:\/\/schema.org\",\"@graph\":[{\"@type\":\"WebPage\",\"@id\":\"https:\/\/exceladvisor.org\/de\/zufallszahl\/\",\"url\":\"https:\/\/exceladvisor.org\/de\/zufallszahl\/\",\"name\":\"\u25b7 Wie generiert man Zufallszahlen in VBA?\",\"isPartOf\":{\"@id\":\"https:\/\/exceladvisor.org\/de\/#website\"},\"primaryImageOfPage\":{\"@id\":\"https:\/\/exceladvisor.org\/de\/zufallszahl\/#primaryimage\"},\"image\":{\"@id\":\"https:\/\/exceladvisor.org\/de\/zufallszahl\/#primaryimage\"},\"thumbnailUrl\":\"https:\/\/exceladvisor.org\/wp-content\/uploads\/2023\/08\/1-generer-un-nombre-aleatoire-dans-vba.png\",\"datePublished\":\"2023-11-11T14:31:11+00:00\",\"dateModified\":\"2023-12-03T11:21:38+00:00\",\"description\":\"Dieses Tutorial zeigt Ihnen verschiedene M\u00f6glichkeiten, Zufallszahlen in Excel mithilfe von VBA-Code auf verschiedene Arten zu generieren\",\"breadcrumb\":{\"@id\":\"https:\/\/exceladvisor.org\/de\/zufallszahl\/#breadcrumb\"},\"inLanguage\":\"de\",\"potentialAction\":[{\"@type\":\"ReadAction\",\"target\":[\"https:\/\/exceladvisor.org\/de\/zufallszahl\/\"]}]},{\"@type\":\"ImageObject\",\"inLanguage\":\"de\",\"@id\":\"https:\/\/exceladvisor.org\/de\/zufallszahl\/#primaryimage\",\"url\":\"https:\/\/exceladvisor.org\/wp-content\/uploads\/2023\/08\/1-generer-un-nombre-aleatoire-dans-vba.png\",\"contentUrl\":\"https:\/\/exceladvisor.org\/wp-content\/uploads\/2023\/08\/1-generer-un-nombre-aleatoire-dans-vba.png\"},{\"@type\":\"BreadcrumbList\",\"@id\":\"https:\/\/exceladvisor.org\/de\/zufallszahl\/#breadcrumb\",\"itemListElement\":[{\"@type\":\"ListItem\",\"position\":1,\"name\":\"Accueil\",\"item\":\"https:\/\/exceladvisor.org\/de\/\"},{\"@type\":\"ListItem\",\"position\":2,\"name\":\"Wie generiert man zufallszahlen in vba?\"}]},{\"@type\":\"WebSite\",\"@id\":\"https:\/\/exceladvisor.org\/de\/#website\",\"url\":\"https:\/\/exceladvisor.org\/de\/\",\"name\":\"Excel Advisor\",\"description\":\"Ihr Leitfaden zur Datendominanz\",\"publisher\":{\"@id\":\"https:\/\/exceladvisor.org\/de\/#organization\"},\"potentialAction\":[{\"@type\":\"SearchAction\",\"target\":{\"@type\":\"EntryPoint\",\"urlTemplate\":\"https:\/\/exceladvisor.org\/de\/?s={search_term_string}\"},\"query-input\":{\"@type\":\"PropertyValueSpecification\",\"valueRequired\":true,\"valueName\":\"search_term_string\"}}],\"inLanguage\":\"de\"},{\"@type\":\"Organization\",\"@id\":\"https:\/\/exceladvisor.org\/de\/#organization\",\"name\":\"Excel Advisor\",\"url\":\"https:\/\/exceladvisor.org\/de\/\",\"logo\":{\"@type\":\"ImageObject\",\"inLanguage\":\"de\",\"@id\":\"https:\/\/exceladvisor.org\/de\/#\/schema\/logo\/image\/\",\"url\":\"https:\/\/exceladvisor.org\/de\/wp-content\/uploads\/2023\/11\/exceladvisor.org_.png\",\"contentUrl\":\"https:\/\/exceladvisor.org\/de\/wp-content\/uploads\/2023\/11\/exceladvisor.org_.png\",\"width\":105,\"height\":36,\"caption\":\"Excel Advisor\"},\"image\":{\"@id\":\"https:\/\/exceladvisor.org\/de\/#\/schema\/logo\/image\/\"}}]}<\/script>\n<!-- \/ Yoast SEO plugin. -->","yoast_head_json":{"title":"\u25b7 Wie generiert man Zufallszahlen in VBA?","description":"Dieses Tutorial zeigt Ihnen verschiedene M\u00f6glichkeiten, Zufallszahlen in Excel mithilfe von VBA-Code auf verschiedene Arten zu generieren","robots":{"index":"index","follow":"follow","max-snippet":"max-snippet:-1","max-image-preview":"max-image-preview:large","max-video-preview":"max-video-preview:-1"},"canonical":"https:\/\/exceladvisor.org\/de\/zufallszahl\/","og_locale":"de_DE","og_type":"article","og_title":"\u25b7 Wie generiert man Zufallszahlen in VBA?","og_description":"Dieses Tutorial zeigt Ihnen verschiedene M\u00f6glichkeiten, Zufallszahlen in Excel mithilfe von VBA-Code auf verschiedene Arten zu generieren","og_url":"https:\/\/exceladvisor.org\/de\/zufallszahl\/","og_site_name":"Excel Advisor","article_modified_time":"2023-12-03T11:21:38+00:00","og_image":[{"url":"https:\/\/exceladvisor.org\/wp-content\/uploads\/2023\/08\/1-generer-un-nombre-aleatoire-dans-vba.png","type":"","width":"","height":""}],"twitter_card":"summary_large_image","twitter_misc":{"Gesch\u00e4tzte Lesezeit":"2\u00a0Minuten"},"schema":{"@context":"https:\/\/schema.org","@graph":[{"@type":"WebPage","@id":"https:\/\/exceladvisor.org\/de\/zufallszahl\/","url":"https:\/\/exceladvisor.org\/de\/zufallszahl\/","name":"\u25b7 Wie generiert man Zufallszahlen in VBA?","isPartOf":{"@id":"https:\/\/exceladvisor.org\/de\/#website"},"primaryImageOfPage":{"@id":"https:\/\/exceladvisor.org\/de\/zufallszahl\/#primaryimage"},"image":{"@id":"https:\/\/exceladvisor.org\/de\/zufallszahl\/#primaryimage"},"thumbnailUrl":"https:\/\/exceladvisor.org\/wp-content\/uploads\/2023\/08\/1-generer-un-nombre-aleatoire-dans-vba.png","datePublished":"2023-11-11T14:31:11+00:00","dateModified":"2023-12-03T11:21:38+00:00","description":"Dieses Tutorial zeigt Ihnen verschiedene M\u00f6glichkeiten, Zufallszahlen in Excel mithilfe von VBA-Code auf verschiedene Arten zu generieren","breadcrumb":{"@id":"https:\/\/exceladvisor.org\/de\/zufallszahl\/#breadcrumb"},"inLanguage":"de","potentialAction":[{"@type":"ReadAction","target":["https:\/\/exceladvisor.org\/de\/zufallszahl\/"]}]},{"@type":"ImageObject","inLanguage":"de","@id":"https:\/\/exceladvisor.org\/de\/zufallszahl\/#primaryimage","url":"https:\/\/exceladvisor.org\/wp-content\/uploads\/2023\/08\/1-generer-un-nombre-aleatoire-dans-vba.png","contentUrl":"https:\/\/exceladvisor.org\/wp-content\/uploads\/2023\/08\/1-generer-un-nombre-aleatoire-dans-vba.png"},{"@type":"BreadcrumbList","@id":"https:\/\/exceladvisor.org\/de\/zufallszahl\/#breadcrumb","itemListElement":[{"@type":"ListItem","position":1,"name":"Accueil","item":"https:\/\/exceladvisor.org\/de\/"},{"@type":"ListItem","position":2,"name":"Wie generiert man zufallszahlen in vba?"}]},{"@type":"WebSite","@id":"https:\/\/exceladvisor.org\/de\/#website","url":"https:\/\/exceladvisor.org\/de\/","name":"Excel Advisor","description":"Ihr Leitfaden zur Datendominanz","publisher":{"@id":"https:\/\/exceladvisor.org\/de\/#organization"},"potentialAction":[{"@type":"SearchAction","target":{"@type":"EntryPoint","urlTemplate":"https:\/\/exceladvisor.org\/de\/?s={search_term_string}"},"query-input":{"@type":"PropertyValueSpecification","valueRequired":true,"valueName":"search_term_string"}}],"inLanguage":"de"},{"@type":"Organization","@id":"https:\/\/exceladvisor.org\/de\/#organization","name":"Excel Advisor","url":"https:\/\/exceladvisor.org\/de\/","logo":{"@type":"ImageObject","inLanguage":"de","@id":"https:\/\/exceladvisor.org\/de\/#\/schema\/logo\/image\/","url":"https:\/\/exceladvisor.org\/de\/wp-content\/uploads\/2023\/11\/exceladvisor.org_.png","contentUrl":"https:\/\/exceladvisor.org\/de\/wp-content\/uploads\/2023\/11\/exceladvisor.org_.png","width":105,"height":36,"caption":"Excel Advisor"},"image":{"@id":"https:\/\/exceladvisor.org\/de\/#\/schema\/logo\/image\/"}}]}},"yoast_meta":{"yoast_wpseo_title":"","yoast_wpseo_metadesc":"","yoast_wpseo_canonical":""},"_links":{"self":[{"href":"https:\/\/exceladvisor.org\/de\/wp-json\/wp\/v2\/pages\/3176","targetHints":{"allow":["GET"]}}],"collection":[{"href":"https:\/\/exceladvisor.org\/de\/wp-json\/wp\/v2\/pages"}],"about":[{"href":"https:\/\/exceladvisor.org\/de\/wp-json\/wp\/v2\/types\/page"}],"author":[{"embeddable":true,"href":"https:\/\/exceladvisor.org\/de\/wp-json\/wp\/v2\/users\/1"}],"replies":[{"embeddable":true,"href":"https:\/\/exceladvisor.org\/de\/wp-json\/wp\/v2\/comments?post=3176"}],"version-history":[{"count":1,"href":"https:\/\/exceladvisor.org\/de\/wp-json\/wp\/v2\/pages\/3176\/revisions"}],"predecessor-version":[{"id":4076,"href":"https:\/\/exceladvisor.org\/de\/wp-json\/wp\/v2\/pages\/3176\/revisions\/4076"}],"wp:attachment":[{"href":"https:\/\/exceladvisor.org\/de\/wp-json\/wp\/v2\/media?parent=3176"}],"curies":[{"name":"wp","href":"https:\/\/api.w.org\/{rel}","templated":true}]}}