{"id":3177,"date":"2023-11-11T13:06:23","date_gmt":"2023-11-11T13:06:23","guid":{"rendered":"https:\/\/exceladvisor.org\/de\/niedrigster-wert\/"},"modified":"2023-12-03T11:20:10","modified_gmt":"2023-12-03T11:20:10","slug":"niedrigster-wert","status":"publish","type":"page","link":"https:\/\/exceladvisor.org\/de\/niedrigster-wert\/","title":{"rendered":"Wie finde ich den niedrigsten wert in einer liste von n?"},"content":{"rendered":"<div class=\"excel-vor-dem-inhalt\" id=\"excel-2815999258\"><script type=\"text\/javascript\">\r\n\tatOptions = {\r\n\t\t'key' : 'c1158f160081d6540a8409e6925dab94',\r\n\t\t'format' : 'iframe',\r\n\t\t'height' : 250,\r\n\t\t'width' : 300,\r\n\t\t'params' : {}\r\n\t};\r\n<\/script>\r\n<script type=\"text\/javascript\" src=\"\/\/www.highperformanceformat.com\/c1158f160081d6540a8409e6925dab94\/invoke.js\"><\/script><\/div> <p>Um in Excel die niedrigsten Werte in einer Zahlenliste zu finden, m\u00fcssen Sie die Funktion SMALL verwenden. Mit dieser Funktion k\u00f6nnen Sie nicht nur den kleinsten, sondern auch den zweit-, dritt-, viert- oder sogar k-kleinsten Wert in der Liste ermitteln. <\/p><div class=\"wp-block-image\"><figure class=\"aligncenter size-full is-resized\"><img loading=\"lazy\" decoding=\"async\" class=\"wp-image-79856\" src=\"https:\/\/exceladvisor.org\/wp-content\/uploads\/2023\/08\/1-valeur-la-plus-basse-de-la-liste.png\" sizes=\"auto, \" srcset=\"\" alt=\"niedrigster Wert in der Liste\" width=\"397\" height=\"511\"><\/figure><\/div><p> In diesem Tutorial lernen wir, wie man mit dieser Funktion eine Formel schreibt.<\/p><h2 class=\"wp-block-heading\"> Excel-Formel, um die niedrigste Zahl zu erhalten<\/h2><p> Sie k\u00f6nnen die folgenden Schritte ausf\u00fchren:<\/p><ol type=\"1\"><li> Geben Sie zun\u00e4chst in einer Zelle die Funktion SMALL ein.<\/li><li> Danach beziehen Sie sich im ersten Argument (Array) auf den Bereich, in dem Sie die Zahlenliste haben.<\/li><li> Geben Sie dann im zweiten Argument (k) 1 ein, da Sie die <sup>erste<\/sup> niedrigste Zahl in der Liste erhalten m\u00fcssen.<\/li><li> Dr\u00fccken Sie am Ende die Eingabetaste, um das Ergebnis zu erhalten. <\/li><\/ol><div class=\"wp-block-image\"><figure class=\"aligncenter size-full is-resized\"><img loading=\"lazy\" decoding=\"async\" class=\"wp-image-79857\" src=\"https:\/\/exceladvisor.org\/wp-content\/uploads\/2023\/08\/2-petites-fonctions-pour-obtenir-une-valeur-inferieure.png\" sizes=\"auto, \" srcset=\"\" alt=\"kleine Funktion, um einen niedrigeren Wert zu erhalten\" width=\"456\" height=\"427\"><\/figure><\/div><p> Sobald Sie die Eingabetaste dr\u00fccken, wird als Ergebnis 11 zur\u00fcckgegeben, was der niedrigsten Zahl im Bereich entspricht. <\/p><div class=\"wp-block-image\"><figure class=\"aligncenter size-full is-resized\"><img loading=\"lazy\" decoding=\"async\" class=\"wp-image-79858\" src=\"https:\/\/exceladvisor.org\/wp-content\/uploads\/2023\/08\/3-petit-resultat-de-fonction.png\" sizes=\"auto, \" srcset=\"\" alt=\"kleines Funktionsergebnis\" width=\"470\" height=\"411\"><\/figure><\/div><h2 class=\"wp-block-heading\"> Finden Sie die n-ten niedrigsten Werte aus einer Zahlenliste<\/h2><p> Und wenn Sie den n-kleinsten Wert aus derselben Liste erhalten m\u00f6chten, m\u00fcssen Sie nur den Wert des zweiten Arguments (k) der Funktion \u00e4ndern. Nehmen wir an, Sie m\u00f6chten den drittkleinsten Wert erhalten. Die Formel lautet: <\/p><div class=\"wp-block-image\"><figure class=\"aligncenter size-full is-resized\"><img loading=\"lazy\" decoding=\"async\" class=\"wp-image-79859\" src=\"https:\/\/exceladvisor.org\/wp-content\/uploads\/2023\/08\/4-nieme-valeur-la-plus-basse.png\" sizes=\"auto, \" srcset=\"\" alt=\"n-ter niedrigster Wert\" width=\"479\" height=\"516\"><\/figure><\/div><pre class=\"wp-block-code\"> <code class=\"language-excel-formula\" lang=\"excel-formula\">=SMALL(A1:A8,3)<\/code><\/pre><p> Es wird 23 zur\u00fcckgegeben, was die drittniedrigste Zahl in der Liste ist.<\/p><h2 class=\"wp-block-heading\"> Finden Sie die 3 niedrigsten Werte<\/h2><p> Nehmen wir nun an, Sie m\u00fcssen die drei niedrigsten Werte in einer einzelnen Zelle ermitteln. Dazu m\u00fcssen Sie die Funktion TEXTJOIN mit der Funktion SMALL kombinieren. Genau wie das folgende Beispiel: <\/p><div class=\"wp-block-image\"><figure class=\"aligncenter size-full is-resized\"><img loading=\"lazy\" decoding=\"async\" class=\"wp-image-79860\" src=\"https:\/\/exceladvisor.org\/wp-content\/uploads\/2023\/08\/5-les-trois-valeurs-les-plus-basses.png\" sizes=\"auto, \" srcset=\"\" alt=\"die drei niedrigsten Werte\" width=\"493\" height=\"424\"><\/figure><\/div><pre class=\"wp-block-code\"><code class=\"language-excel-formula\" lang=\"excel-formula\"> =TEXTJOIN(\",\",TRUE,SMALL(A1:A8,{1,2,3}))<\/code><\/pre><p> In der Funktion SMALL haben wir {1,2,3} im k-Argument von SMALL verwendet, um die drei niedrigsten Werte in der Liste zu erhalten. <\/p><div class=\"wp-block-image\"><figure class=\"aligncenter size-full is-resized\"><img loading=\"lazy\" decoding=\"async\" class=\"wp-image-79861\" src=\"https:\/\/exceladvisor.org\/wp-content\/uploads\/2023\/08\/6-petite-fonction-pour-obtenir-les-trois-valeurs-les-plus-basses.png\" sizes=\"auto, \" srcset=\"\" alt=\"kleine Funktion, um drei Minimalwerte zu erhalten\" width=\"487\" height=\"251\"><\/figure><\/div><p> Es werden 11, 12 und 23 zur\u00fcckgegeben, da es sich dabei um die drei niedrigsten Zahlen in der Liste handelt. Jetzt sollten Sie diese drei Zahlen in einer einzigen Zelle haben. Aus diesem Grund sollten Sie TEXTJOIN verwenden. <\/p><div class=\"wp-block-image\"><figure class=\"aligncenter size-full is-resized\"><img loading=\"lazy\" decoding=\"async\" class=\"wp-image-79862\" src=\"https:\/\/exceladvisor.org\/wp-content\/uploads\/2023\/08\/7-trois-valeurs-les-plus-basses-comme-resultat.png\" sizes=\"auto, \" srcset=\"\" alt=\"drei-niedrigste-Werte-als-Ergebnis\" width=\"440\" height=\"173\"><\/figure><\/div><p> Und wenn Sie alle drei Werte in drei verschiedenen Zellen erhalten m\u00f6chten, k\u00f6nnen Sie die Verwendung von TEXTJOIN \u00fcberspringen. <\/p><div class=\"wp-block-image\"><figure class=\"aligncenter size-full is-resized\"><img loading=\"lazy\" decoding=\"async\" class=\"wp-image-79863\" src=\"https:\/\/exceladvisor.org\/wp-content\/uploads\/2023\/08\/8-trois-valeurs-les-plus-basses-dans-differentes-cellules.png\" sizes=\"auto, \" srcset=\"\" alt=\"drei niedrigste Werte in verschiedenen Zellen\" width=\"624\" height=\"259\"><\/figure><\/div><div class=\"gb-container gb-container-52dfcee1 gb-container-sample-file\"><h2 class=\"gb-headline gb-headline-e289c143 gb-headline-text gb-headline-4f7959c2\"> Holen Sie sich die Excel-Datei<\/h2><p> <a class=\"gb-button gb-button-e88d6bee gb-button-text gb-button-button1\" href=\"https:\/\/exceladvisor.org\/wp-content\/uploads\/2023\/08\/nombre-le-plus-bas.xlsx\" rel=\"nofollow\">Herunterladen<\/a> <\/p><\/div><div class=\"wp-block-group more-tutorials is-layout-flow\"><div class=\"wp-block-group__inner-container\"><h2 class=\"wp-block-heading\"> Weitere Formeln<\/h2><ul><li> <a href=\"https:\/\/exceladvisor.org\/de\/durchschnittliche-maximalwerte\/\">Durchschnitt der 5 h\u00f6chsten Werte in Excel<\/a><\/li><li> <a href=\"https:\/\/exceladvisor.org\/de\/variationskoeffizient\/\">Berechnen Sie den Variationskoeffizienten (CV) in Excel<\/a><\/li><li> <a href=\"https:\/\/exceladvisor.org\/de\/maximal-wenn\/\">MAX IF in Excel<\/a><\/li><li> <a href=\"https:\/\/exceladvisor.org\/de\/bericht\/\">Berechnen Sie schnell das Verh\u00e4ltnis in Excel<\/a><\/li><li> <a href=\"https:\/\/exceladvisor.org\/de\/kleinster-wert-2\/\">Finden Sie den kleinsten Wert in einem Zellbereich (kleinste Zahl).<\/a><\/li><\/ul><\/div><\/div>","protected":false},"excerpt":{"rendered":"","protected":false},"author":1,"featured_media":0,"parent":0,"menu_order":0,"comment_status":"open","ping_status":"closed","template":"","meta":{"ub_ctt_via":"","footnotes":""},"class_list":["post-3177","page","type-page","status-publish","hentry"],"featured_image_src":null,"yoast_head":"<!-- This site is optimized with the Yoast SEO plugin v25.4 - https:\/\/yoast.com\/wordpress\/plugins\/seo\/ -->\n<title>Wie finde ich den niedrigsten Wert in einer Liste von N?<\/title>\n<meta name=\"description\" content=\"In diesem Tutorial erfahren Sie, wie Sie eine Excel-Formel schreiben, um aus einem Zahlenbett den niedrigsten Wert zu ermitteln. Lassen Sie uns das \u00fcberpr\u00fcfen ...\" \/>\n<meta name=\"robots\" content=\"index, follow, max-snippet:-1, max-image-preview:large, max-video-preview:-1\" \/>\n<link rel=\"canonical\" href=\"https:\/\/exceladvisor.org\/de\/niedrigster-wert\/\" \/>\n<meta property=\"og:locale\" content=\"de_DE\" \/>\n<meta property=\"og:type\" content=\"article\" \/>\n<meta property=\"og:title\" content=\"Wie finde ich den niedrigsten Wert in einer Liste von N?\" \/>\n<meta property=\"og:description\" content=\"In diesem Tutorial erfahren Sie, wie Sie eine Excel-Formel schreiben, um aus einem Zahlenbett den niedrigsten Wert zu ermitteln. Lassen Sie uns das \u00fcberpr\u00fcfen ...\" \/>\n<meta property=\"og:url\" content=\"https:\/\/exceladvisor.org\/de\/niedrigster-wert\/\" \/>\n<meta property=\"og:site_name\" content=\"Excel Advisor\" \/>\n<meta property=\"article:modified_time\" content=\"2023-12-03T11:20:10+00:00\" \/>\n<meta property=\"og:image\" content=\"https:\/\/exceladvisor.org\/wp-content\/uploads\/2023\/08\/1-valeur-la-plus-basse-de-la-liste.png\" \/>\n<meta name=\"twitter:card\" content=\"summary_large_image\" \/>\n<meta name=\"twitter:label1\" content=\"Gesch\u00e4tzte Lesezeit\" \/>\n\t<meta name=\"twitter:data1\" content=\"2\u00a0Minuten\" \/>\n<script type=\"application\/ld+json\" class=\"yoast-schema-graph\">{\"@context\":\"https:\/\/schema.org\",\"@graph\":[{\"@type\":\"WebPage\",\"@id\":\"https:\/\/exceladvisor.org\/de\/niedrigster-wert\/\",\"url\":\"https:\/\/exceladvisor.org\/de\/niedrigster-wert\/\",\"name\":\"Wie finde ich den niedrigsten Wert in einer Liste von N?\",\"isPartOf\":{\"@id\":\"https:\/\/exceladvisor.org\/de\/#website\"},\"primaryImageOfPage\":{\"@id\":\"https:\/\/exceladvisor.org\/de\/niedrigster-wert\/#primaryimage\"},\"image\":{\"@id\":\"https:\/\/exceladvisor.org\/de\/niedrigster-wert\/#primaryimage\"},\"thumbnailUrl\":\"https:\/\/exceladvisor.org\/wp-content\/uploads\/2023\/08\/1-valeur-la-plus-basse-de-la-liste.png\",\"datePublished\":\"2023-11-11T13:06:23+00:00\",\"dateModified\":\"2023-12-03T11:20:10+00:00\",\"description\":\"In diesem Tutorial erfahren Sie, wie Sie eine Excel-Formel schreiben, um aus einem Zahlenbett den niedrigsten Wert zu ermitteln. Lassen Sie uns das \u00fcberpr\u00fcfen ...\",\"breadcrumb\":{\"@id\":\"https:\/\/exceladvisor.org\/de\/niedrigster-wert\/#breadcrumb\"},\"inLanguage\":\"de\",\"potentialAction\":[{\"@type\":\"ReadAction\",\"target\":[\"https:\/\/exceladvisor.org\/de\/niedrigster-wert\/\"]}]},{\"@type\":\"ImageObject\",\"inLanguage\":\"de\",\"@id\":\"https:\/\/exceladvisor.org\/de\/niedrigster-wert\/#primaryimage\",\"url\":\"https:\/\/exceladvisor.org\/wp-content\/uploads\/2023\/08\/1-valeur-la-plus-basse-de-la-liste.png\",\"contentUrl\":\"https:\/\/exceladvisor.org\/wp-content\/uploads\/2023\/08\/1-valeur-la-plus-basse-de-la-liste.png\"},{\"@type\":\"BreadcrumbList\",\"@id\":\"https:\/\/exceladvisor.org\/de\/niedrigster-wert\/#breadcrumb\",\"itemListElement\":[{\"@type\":\"ListItem\",\"position\":1,\"name\":\"Accueil\",\"item\":\"https:\/\/exceladvisor.org\/de\/\"},{\"@type\":\"ListItem\",\"position\":2,\"name\":\"Wie finde ich den niedrigsten wert in einer liste von n?\"}]},{\"@type\":\"WebSite\",\"@id\":\"https:\/\/exceladvisor.org\/de\/#website\",\"url\":\"https:\/\/exceladvisor.org\/de\/\",\"name\":\"Excel Advisor\",\"description\":\"Ihr Leitfaden zur Datendominanz\",\"publisher\":{\"@id\":\"https:\/\/exceladvisor.org\/de\/#organization\"},\"potentialAction\":[{\"@type\":\"SearchAction\",\"target\":{\"@type\":\"EntryPoint\",\"urlTemplate\":\"https:\/\/exceladvisor.org\/de\/?s={search_term_string}\"},\"query-input\":{\"@type\":\"PropertyValueSpecification\",\"valueRequired\":true,\"valueName\":\"search_term_string\"}}],\"inLanguage\":\"de\"},{\"@type\":\"Organization\",\"@id\":\"https:\/\/exceladvisor.org\/de\/#organization\",\"name\":\"Excel Advisor\",\"url\":\"https:\/\/exceladvisor.org\/de\/\",\"logo\":{\"@type\":\"ImageObject\",\"inLanguage\":\"de\",\"@id\":\"https:\/\/exceladvisor.org\/de\/#\/schema\/logo\/image\/\",\"url\":\"https:\/\/exceladvisor.org\/de\/wp-content\/uploads\/2023\/11\/exceladvisor.org_.png\",\"contentUrl\":\"https:\/\/exceladvisor.org\/de\/wp-content\/uploads\/2023\/11\/exceladvisor.org_.png\",\"width\":105,\"height\":36,\"caption\":\"Excel Advisor\"},\"image\":{\"@id\":\"https:\/\/exceladvisor.org\/de\/#\/schema\/logo\/image\/\"}}]}<\/script>\n<!-- \/ Yoast SEO plugin. -->","yoast_head_json":{"title":"Wie finde ich den niedrigsten Wert in einer Liste von N?","description":"In diesem Tutorial erfahren Sie, wie Sie eine Excel-Formel schreiben, um aus einem Zahlenbett den niedrigsten Wert zu ermitteln. Lassen Sie uns das \u00fcberpr\u00fcfen ...","robots":{"index":"index","follow":"follow","max-snippet":"max-snippet:-1","max-image-preview":"max-image-preview:large","max-video-preview":"max-video-preview:-1"},"canonical":"https:\/\/exceladvisor.org\/de\/niedrigster-wert\/","og_locale":"de_DE","og_type":"article","og_title":"Wie finde ich den niedrigsten Wert in einer Liste von N?","og_description":"In diesem Tutorial erfahren Sie, wie Sie eine Excel-Formel schreiben, um aus einem Zahlenbett den niedrigsten Wert zu ermitteln. Lassen Sie uns das \u00fcberpr\u00fcfen ...","og_url":"https:\/\/exceladvisor.org\/de\/niedrigster-wert\/","og_site_name":"Excel Advisor","article_modified_time":"2023-12-03T11:20:10+00:00","og_image":[{"url":"https:\/\/exceladvisor.org\/wp-content\/uploads\/2023\/08\/1-valeur-la-plus-basse-de-la-liste.png","type":"","width":"","height":""}],"twitter_card":"summary_large_image","twitter_misc":{"Gesch\u00e4tzte Lesezeit":"2\u00a0Minuten"},"schema":{"@context":"https:\/\/schema.org","@graph":[{"@type":"WebPage","@id":"https:\/\/exceladvisor.org\/de\/niedrigster-wert\/","url":"https:\/\/exceladvisor.org\/de\/niedrigster-wert\/","name":"Wie finde ich den niedrigsten Wert in einer Liste von N?","isPartOf":{"@id":"https:\/\/exceladvisor.org\/de\/#website"},"primaryImageOfPage":{"@id":"https:\/\/exceladvisor.org\/de\/niedrigster-wert\/#primaryimage"},"image":{"@id":"https:\/\/exceladvisor.org\/de\/niedrigster-wert\/#primaryimage"},"thumbnailUrl":"https:\/\/exceladvisor.org\/wp-content\/uploads\/2023\/08\/1-valeur-la-plus-basse-de-la-liste.png","datePublished":"2023-11-11T13:06:23+00:00","dateModified":"2023-12-03T11:20:10+00:00","description":"In diesem Tutorial erfahren Sie, wie Sie eine Excel-Formel schreiben, um aus einem Zahlenbett den niedrigsten Wert zu ermitteln. Lassen Sie uns das \u00fcberpr\u00fcfen ...","breadcrumb":{"@id":"https:\/\/exceladvisor.org\/de\/niedrigster-wert\/#breadcrumb"},"inLanguage":"de","potentialAction":[{"@type":"ReadAction","target":["https:\/\/exceladvisor.org\/de\/niedrigster-wert\/"]}]},{"@type":"ImageObject","inLanguage":"de","@id":"https:\/\/exceladvisor.org\/de\/niedrigster-wert\/#primaryimage","url":"https:\/\/exceladvisor.org\/wp-content\/uploads\/2023\/08\/1-valeur-la-plus-basse-de-la-liste.png","contentUrl":"https:\/\/exceladvisor.org\/wp-content\/uploads\/2023\/08\/1-valeur-la-plus-basse-de-la-liste.png"},{"@type":"BreadcrumbList","@id":"https:\/\/exceladvisor.org\/de\/niedrigster-wert\/#breadcrumb","itemListElement":[{"@type":"ListItem","position":1,"name":"Accueil","item":"https:\/\/exceladvisor.org\/de\/"},{"@type":"ListItem","position":2,"name":"Wie finde ich den niedrigsten wert in einer liste von n?"}]},{"@type":"WebSite","@id":"https:\/\/exceladvisor.org\/de\/#website","url":"https:\/\/exceladvisor.org\/de\/","name":"Excel Advisor","description":"Ihr Leitfaden zur Datendominanz","publisher":{"@id":"https:\/\/exceladvisor.org\/de\/#organization"},"potentialAction":[{"@type":"SearchAction","target":{"@type":"EntryPoint","urlTemplate":"https:\/\/exceladvisor.org\/de\/?s={search_term_string}"},"query-input":{"@type":"PropertyValueSpecification","valueRequired":true,"valueName":"search_term_string"}}],"inLanguage":"de"},{"@type":"Organization","@id":"https:\/\/exceladvisor.org\/de\/#organization","name":"Excel Advisor","url":"https:\/\/exceladvisor.org\/de\/","logo":{"@type":"ImageObject","inLanguage":"de","@id":"https:\/\/exceladvisor.org\/de\/#\/schema\/logo\/image\/","url":"https:\/\/exceladvisor.org\/de\/wp-content\/uploads\/2023\/11\/exceladvisor.org_.png","contentUrl":"https:\/\/exceladvisor.org\/de\/wp-content\/uploads\/2023\/11\/exceladvisor.org_.png","width":105,"height":36,"caption":"Excel Advisor"},"image":{"@id":"https:\/\/exceladvisor.org\/de\/#\/schema\/logo\/image\/"}}]}},"yoast_meta":{"yoast_wpseo_title":"","yoast_wpseo_metadesc":"","yoast_wpseo_canonical":""},"_links":{"self":[{"href":"https:\/\/exceladvisor.org\/de\/wp-json\/wp\/v2\/pages\/3177","targetHints":{"allow":["GET"]}}],"collection":[{"href":"https:\/\/exceladvisor.org\/de\/wp-json\/wp\/v2\/pages"}],"about":[{"href":"https:\/\/exceladvisor.org\/de\/wp-json\/wp\/v2\/types\/page"}],"author":[{"embeddable":true,"href":"https:\/\/exceladvisor.org\/de\/wp-json\/wp\/v2\/users\/1"}],"replies":[{"embeddable":true,"href":"https:\/\/exceladvisor.org\/de\/wp-json\/wp\/v2\/comments?post=3177"}],"version-history":[{"count":1,"href":"https:\/\/exceladvisor.org\/de\/wp-json\/wp\/v2\/pages\/3177\/revisions"}],"predecessor-version":[{"id":3990,"href":"https:\/\/exceladvisor.org\/de\/wp-json\/wp\/v2\/pages\/3177\/revisions\/3990"}],"wp:attachment":[{"href":"https:\/\/exceladvisor.org\/de\/wp-json\/wp\/v2\/media?parent=3177"}],"curies":[{"name":"wp","href":"https:\/\/api.w.org\/{rel}","templated":true}]}}