{"id":3178,"date":"2023-11-11T12:56:33","date_gmt":"2023-11-11T12:56:33","guid":{"rendered":"https:\/\/exceladvisor.org\/de\/wert-von-zelle-1\/"},"modified":"2023-12-03T11:12:16","modified_gmt":"2023-12-03T11:12:16","slug":"wert-von-zelle-1","status":"publish","type":"page","link":"https:\/\/exceladvisor.org\/de\/wert-von-zelle-1\/","title":{"rendered":"Ermitteln sie den wert einer zelle in excel"},"content":{"rendered":"<div class=\"excel-vor-dem-inhalt\" id=\"excel-1151685278\"><script type=\"text\/javascript\">\r\n\tatOptions = {\r\n\t\t'key' : 'c1158f160081d6540a8409e6925dab94',\r\n\t\t'format' : 'iframe',\r\n\t\t'height' : 250,\r\n\t\t'width' : 300,\r\n\t\t'params' : {}\r\n\t};\r\n<\/script>\r\n<script type=\"text\/javascript\" src=\"\/\/www.highperformanceformat.com\/c1158f160081d6540a8409e6925dab94\/invoke.js\"><\/script><\/div> <p>Um die Werte einer Zelle in Excel zu erhalten, k\u00f6nnen Sie zwei verschiedene Methoden verwenden. Bei diesen Methoden m\u00fcssen Sie eine schnelle Formel schreiben, um den Wert zu ermitteln. In diesem Tutorial lernen wir, wie man diese Formeln schreibt: <\/p><div class=\"wp-block-image\"><figure class=\"aligncenter size-full is-resized\"><img loading=\"lazy\" decoding=\"async\" class=\"wp-image-79843\" src=\"https:\/\/exceladvisor.org\/wp-content\/uploads\/2023\/08\/1-obtenir-la-valeur-dune-cellule.png\" sizes=\"auto, \" srcset=\"\" alt=\"Ermitteln Sie den Wert einer Zelle\" width=\"626\" height=\"391\"><\/figure><\/div><h2 id=\"h-use-index-to-get-the-value-from-a-cell-by-referring-to-a-range\" class=\"wp-block-heading\"> Verwenden Sie INDEX, um den Wert einer Zelle durch Verweis auf einen Bereich zu ermitteln<\/h2><p> Wenn Sie \u00fcber einen Zellbereich verf\u00fcgen und den Zellwert einer bestimmten Zelle in diesem Bereich abrufen m\u00f6chten. Mit der INDEX-Funktion k\u00f6nnen Sie einen Bereich angeben und die Indexnummer verwenden. Die Funktion gibt dann den Wert zur\u00fcck.<\/p><p> Im folgenden Beispiel haben wir die vier Werte im Bereich A1:A4. Und Sie m\u00fcssen die Werte aus der zweiten Zelle im Bereich abrufen. Dazu k\u00f6nnen Sie die INDEX-Funktion wie folgt verwenden: <\/p><pre class=\"wp-block-code\"> <code class=\"language-excel-formula\" lang=\"excel-formula\">=INDEX(A1:A4,2)<\/code><\/pre><div class=\"wp-block-image\"><figure class=\"aligncenter size-full is-resized\"><img loading=\"lazy\" decoding=\"async\" class=\"wp-image-79844\" src=\"https:\/\/exceladvisor.org\/wp-content\/uploads\/2023\/08\/2-fonction-dindex-pour-obtenir-la-valeur.png\" sizes=\"auto, \" srcset=\"\" alt=\"Indexfunktion, um einen Wert zu erhalten\" width=\"552\" height=\"296\"><\/figure><\/div><p> Sobald Sie die Eingabetaste dr\u00fccken, wird der Wert \u201eZWEI\u201c aus der zweiten Zelle im Bereich A2 zur\u00fcckgegeben.<\/p><h2 id=\"h-use-a-combination-of-indirect-and-address\" class=\"wp-block-heading\"> Verwenden Sie eine Kombination aus INDIREKT und ADRESSE<\/h2><p> Sie k\u00f6nnen auch die Kombination der Funktionen INDIREKT und ADRESSE verwenden:<\/p><ul><li> INDIREKT: Sie k\u00f6nnen den Zellenwert durch Angabe der Zellenadresse ermitteln. Sie k\u00f6nnen die Referenzstile A1 und R1C1 verwenden.<\/li><li> ADRESSE: Hiermit k\u00f6nnen Sie eine Zellenadresse anhand der Zeilen- und Spaltennummer erstellen. <\/li><\/ul><div class=\"wp-block-image\"><figure class=\"aligncenter size-full is-resized\"><img loading=\"lazy\" decoding=\"async\" class=\"wp-image-79845\" src=\"https:\/\/exceladvisor.org\/wp-content\/uploads\/2023\/08\/3-combinaison-dindirect-et-dadresse.png\" sizes=\"auto, \" srcset=\"\" alt=\"Kombination-indirekt-und-adresse\" width=\"597\" height=\"309\"><\/figure><\/div><p> Nun kombinieren wir diese beiden Funktionen:<\/p><ol type=\"1\"><li> Geben Sie zun\u00e4chst die indirekte Funktion in die Zelle ein.<\/li><li> Geben Sie als N\u00e4chstes die Adressfunktion ein.<\/li><li> Geben Sie nun in der Adressfunktion die Zeilennummer und Spaltennummer ein.<\/li><li> Schlie\u00dfen Sie am Ende die Formel und dr\u00fccken Sie die Eingabetaste, um das Ergebnis zu erhalten.<\/li><\/ol><p> Und sobald Sie die Eingabetaste dr\u00fccken, wird der Wert der Zelle zur\u00fcckgegeben, die sich in der 2. Zeile und 1. Spalte (A1) befindet. <\/p><div class=\"wp-block-image\"><figure class=\"aligncenter size-full is-resized\"><img loading=\"lazy\" decoding=\"async\" class=\"wp-image-79846\" src=\"https:\/\/exceladvisor.org\/wp-content\/uploads\/2023\/08\/4-resultat-de-la-fonction-dadresse-indirecte.png\" sizes=\"auto, \" srcset=\"\" alt=\"Ergebnis der indirekten Adressfunktion\" width=\"669\" height=\"307\"><\/figure><\/div><p> Um diese Formel zu verstehen, m\u00fcssen Sie sie in zwei Teile teilen:<\/p><p> <strong>Teil eins:<\/strong> Wie wir bereits gesehen haben, erstellt ADDRESS eine Zellenadresse basierend auf der von Ihnen angegebenen Zeilen- und Spaltennummer. <\/p><div class=\"wp-block-image\"><figure class=\"aligncenter size-full is-resized\"><img loading=\"lazy\" decoding=\"async\" class=\"wp-image-79847\" src=\"https:\/\/exceladvisor.org\/wp-content\/uploads\/2023\/08\/5-premiere-partie-dindirect-et-dadresse.png\" sizes=\"auto, \" srcset=\"\" alt=\"erster Teil von indirekter-und-Adresse\" width=\"508\" height=\"248\"><\/figure><\/div><p> <strong>Zweiter Teil:<\/strong> Unter Verwendung der von der ADDRESS-Funktion zur\u00fcckgegebenen Zellenadresse gibt die INDIRECT-Funktion den Zellenwert zur\u00fcck. <\/p><div class=\"wp-block-image\"><figure class=\"aligncenter size-full is-resized\"><img loading=\"lazy\" decoding=\"async\" class=\"wp-image-79848\" src=\"https:\/\/exceladvisor.org\/wp-content\/uploads\/2023\/08\/6-deuxieme-partie-dindirect-et-dadresse.png\" sizes=\"auto, \" srcset=\"\" alt=\"zweiter Teil von indirekter-und-Adresse\" width=\"416\" height=\"256\"><\/figure><\/div><p class=\"qt-tip\"> <strong>Hinweis:<\/strong> INDIRECT ist eine fl\u00fcchtige Funktion, die ihren Wert jedes Mal aktualisiert, wenn Sie etwas in Ihrem Arbeitsblatt aktualisieren. Es ist sch\u00f6n, immer den aktualisierten Wert der Zelle zu haben, aber es macht Excel auch etwas langsamer. <\/p><div class=\"gb-container gb-container-52dfcee1 gb-container-sample-file\"><h2 class=\"gb-headline gb-headline-e289c143 gb-headline-text gb-headline-4f7959c2\"> Holen Sie sich die Excel-Datei<\/h2><p> <a class=\"gb-button gb-button-e88d6bee gb-button-text gb-button-button1\" href=\"https:\/\/exceladvisor.org\/wp-content\/uploads\/2023\/08\/obtenir-la-valeur-de-la-cellule.xlsx\" rel=\"nofollow\">Herunterladen<\/a><\/p><\/div><div class=\"gb-container gb-container-0df56012 gb-container-mt\"> <a class=\"gb-button gb-button-f9f432f4 gb-button-text gb-button-mt-button\" href=\"https:\/\/exceladvisor.org\/de\/formeln\/\">Liste der Excel-Formeln<\/a><h2 class=\"gb-headline gb-headline-233444e8 gb-headline-text gb-headline-mt-heading\"> Verwandte Formeln <\/h2><div class=\"gb-grid-wrapper gb-grid-wrapper-a16fa65c gb-grid-wrapper-mt-grid\"><div class=\"gb-grid-column gb-grid-column-5b4a0cf9\"><div class=\"gb-container gb-container-5b4a0cf9\"><ul><li> <a href=\"https:\/\/exceladvisor.org\/de\/generieren-sie-zufallige-gruppen\/\">Generieren Sie zuf\u00e4llige Gruppen<\/a><\/li><li> <a href=\"https:\/\/exceladvisor.org\/de\/vergleiche-kanale-2\/\">Vergleichen Sie zwei Zeichenfolgen (Text)<\/a><\/li><li> <a href=\"https:\/\/exceladvisor.org\/de\/domain-bekommen\/\">Holen Sie sich die Domain von der E-Mail-ID<\/a><\/li><li> <a href=\"https:\/\/exceladvisor.org\/de\/nur-zahlen-extrahieren\/\">Nur Zahlen aus Text (String) extrahieren<\/a><\/li><li> <a href=\"https:\/\/exceladvisor.org\/de\/text-nachher-vorher\/\">Extrahieren Sie Text nach und vor einem Zeichen in Excel<\/a><\/li><\/ul><\/div><\/div><\/div><\/div>","protected":false},"excerpt":{"rendered":"","protected":false},"author":1,"featured_media":0,"parent":0,"menu_order":0,"comment_status":"open","ping_status":"closed","template":"","meta":{"ub_ctt_via":"","footnotes":""},"class_list":["post-3178","page","type-page","status-publish","hentry"],"featured_image_src":null,"yoast_head":"<!-- This site is optimized with the Yoast SEO plugin v25.4 - https:\/\/yoast.com\/wordpress\/plugins\/seo\/ -->\n<title>Ermitteln Sie den Wert einer Zelle in Excel<\/title>\n<meta name=\"description\" content=\"In diesem Tutorial erfahren Sie, wie Sie eine Excel-Formel schreiben, um den Wert einer bestimmten Zelle zu ermitteln. Lassen Sie uns das \u00fcberpr\u00fcfen ...\" \/>\n<meta name=\"robots\" content=\"index, follow, max-snippet:-1, max-image-preview:large, max-video-preview:-1\" \/>\n<link rel=\"canonical\" href=\"https:\/\/exceladvisor.org\/de\/wert-von-zelle-1\/\" \/>\n<meta property=\"og:locale\" content=\"de_DE\" \/>\n<meta property=\"og:type\" content=\"article\" \/>\n<meta property=\"og:title\" content=\"Ermitteln Sie den Wert einer Zelle in Excel\" \/>\n<meta property=\"og:description\" content=\"In diesem Tutorial erfahren Sie, wie Sie eine Excel-Formel schreiben, um den Wert einer bestimmten Zelle zu ermitteln. Lassen Sie uns das \u00fcberpr\u00fcfen ...\" \/>\n<meta property=\"og:url\" content=\"https:\/\/exceladvisor.org\/de\/wert-von-zelle-1\/\" \/>\n<meta property=\"og:site_name\" content=\"Excel Advisor\" \/>\n<meta property=\"article:modified_time\" content=\"2023-12-03T11:12:16+00:00\" \/>\n<meta property=\"og:image\" content=\"https:\/\/exceladvisor.org\/wp-content\/uploads\/2023\/08\/1-obtenir-la-valeur-dune-cellule.png\" \/>\n<meta name=\"twitter:card\" content=\"summary_large_image\" \/>\n<meta name=\"twitter:label1\" content=\"Gesch\u00e4tzte Lesezeit\" \/>\n\t<meta name=\"twitter:data1\" content=\"2\u00a0Minuten\" \/>\n<script type=\"application\/ld+json\" class=\"yoast-schema-graph\">{\"@context\":\"https:\/\/schema.org\",\"@graph\":[{\"@type\":\"WebPage\",\"@id\":\"https:\/\/exceladvisor.org\/de\/wert-von-zelle-1\/\",\"url\":\"https:\/\/exceladvisor.org\/de\/wert-von-zelle-1\/\",\"name\":\"Ermitteln Sie den Wert einer Zelle in Excel\",\"isPartOf\":{\"@id\":\"https:\/\/exceladvisor.org\/de\/#website\"},\"primaryImageOfPage\":{\"@id\":\"https:\/\/exceladvisor.org\/de\/wert-von-zelle-1\/#primaryimage\"},\"image\":{\"@id\":\"https:\/\/exceladvisor.org\/de\/wert-von-zelle-1\/#primaryimage\"},\"thumbnailUrl\":\"https:\/\/exceladvisor.org\/wp-content\/uploads\/2023\/08\/1-obtenir-la-valeur-dune-cellule.png\",\"datePublished\":\"2023-11-11T12:56:33+00:00\",\"dateModified\":\"2023-12-03T11:12:16+00:00\",\"description\":\"In diesem Tutorial erfahren Sie, wie Sie eine Excel-Formel schreiben, um den Wert einer bestimmten Zelle zu ermitteln. Lassen Sie uns das \u00fcberpr\u00fcfen ...\",\"breadcrumb\":{\"@id\":\"https:\/\/exceladvisor.org\/de\/wert-von-zelle-1\/#breadcrumb\"},\"inLanguage\":\"de\",\"potentialAction\":[{\"@type\":\"ReadAction\",\"target\":[\"https:\/\/exceladvisor.org\/de\/wert-von-zelle-1\/\"]}]},{\"@type\":\"ImageObject\",\"inLanguage\":\"de\",\"@id\":\"https:\/\/exceladvisor.org\/de\/wert-von-zelle-1\/#primaryimage\",\"url\":\"https:\/\/exceladvisor.org\/wp-content\/uploads\/2023\/08\/1-obtenir-la-valeur-dune-cellule.png\",\"contentUrl\":\"https:\/\/exceladvisor.org\/wp-content\/uploads\/2023\/08\/1-obtenir-la-valeur-dune-cellule.png\"},{\"@type\":\"BreadcrumbList\",\"@id\":\"https:\/\/exceladvisor.org\/de\/wert-von-zelle-1\/#breadcrumb\",\"itemListElement\":[{\"@type\":\"ListItem\",\"position\":1,\"name\":\"Accueil\",\"item\":\"https:\/\/exceladvisor.org\/de\/\"},{\"@type\":\"ListItem\",\"position\":2,\"name\":\"Ermitteln sie den wert einer zelle in excel\"}]},{\"@type\":\"WebSite\",\"@id\":\"https:\/\/exceladvisor.org\/de\/#website\",\"url\":\"https:\/\/exceladvisor.org\/de\/\",\"name\":\"Excel Advisor\",\"description\":\"Ihr Leitfaden zur Datendominanz\",\"publisher\":{\"@id\":\"https:\/\/exceladvisor.org\/de\/#organization\"},\"potentialAction\":[{\"@type\":\"SearchAction\",\"target\":{\"@type\":\"EntryPoint\",\"urlTemplate\":\"https:\/\/exceladvisor.org\/de\/?s={search_term_string}\"},\"query-input\":{\"@type\":\"PropertyValueSpecification\",\"valueRequired\":true,\"valueName\":\"search_term_string\"}}],\"inLanguage\":\"de\"},{\"@type\":\"Organization\",\"@id\":\"https:\/\/exceladvisor.org\/de\/#organization\",\"name\":\"Excel Advisor\",\"url\":\"https:\/\/exceladvisor.org\/de\/\",\"logo\":{\"@type\":\"ImageObject\",\"inLanguage\":\"de\",\"@id\":\"https:\/\/exceladvisor.org\/de\/#\/schema\/logo\/image\/\",\"url\":\"https:\/\/exceladvisor.org\/de\/wp-content\/uploads\/2023\/11\/exceladvisor.org_.png\",\"contentUrl\":\"https:\/\/exceladvisor.org\/de\/wp-content\/uploads\/2023\/11\/exceladvisor.org_.png\",\"width\":105,\"height\":36,\"caption\":\"Excel Advisor\"},\"image\":{\"@id\":\"https:\/\/exceladvisor.org\/de\/#\/schema\/logo\/image\/\"}}]}<\/script>\n<!-- \/ Yoast SEO plugin. -->","yoast_head_json":{"title":"Ermitteln Sie den Wert einer Zelle in Excel","description":"In diesem Tutorial erfahren Sie, wie Sie eine Excel-Formel schreiben, um den Wert einer bestimmten Zelle zu ermitteln. Lassen Sie uns das \u00fcberpr\u00fcfen ...","robots":{"index":"index","follow":"follow","max-snippet":"max-snippet:-1","max-image-preview":"max-image-preview:large","max-video-preview":"max-video-preview:-1"},"canonical":"https:\/\/exceladvisor.org\/de\/wert-von-zelle-1\/","og_locale":"de_DE","og_type":"article","og_title":"Ermitteln Sie den Wert einer Zelle in Excel","og_description":"In diesem Tutorial erfahren Sie, wie Sie eine Excel-Formel schreiben, um den Wert einer bestimmten Zelle zu ermitteln. Lassen Sie uns das \u00fcberpr\u00fcfen ...","og_url":"https:\/\/exceladvisor.org\/de\/wert-von-zelle-1\/","og_site_name":"Excel Advisor","article_modified_time":"2023-12-03T11:12:16+00:00","og_image":[{"url":"https:\/\/exceladvisor.org\/wp-content\/uploads\/2023\/08\/1-obtenir-la-valeur-dune-cellule.png","type":"","width":"","height":""}],"twitter_card":"summary_large_image","twitter_misc":{"Gesch\u00e4tzte Lesezeit":"2\u00a0Minuten"},"schema":{"@context":"https:\/\/schema.org","@graph":[{"@type":"WebPage","@id":"https:\/\/exceladvisor.org\/de\/wert-von-zelle-1\/","url":"https:\/\/exceladvisor.org\/de\/wert-von-zelle-1\/","name":"Ermitteln Sie den Wert einer Zelle in Excel","isPartOf":{"@id":"https:\/\/exceladvisor.org\/de\/#website"},"primaryImageOfPage":{"@id":"https:\/\/exceladvisor.org\/de\/wert-von-zelle-1\/#primaryimage"},"image":{"@id":"https:\/\/exceladvisor.org\/de\/wert-von-zelle-1\/#primaryimage"},"thumbnailUrl":"https:\/\/exceladvisor.org\/wp-content\/uploads\/2023\/08\/1-obtenir-la-valeur-dune-cellule.png","datePublished":"2023-11-11T12:56:33+00:00","dateModified":"2023-12-03T11:12:16+00:00","description":"In diesem Tutorial erfahren Sie, wie Sie eine Excel-Formel schreiben, um den Wert einer bestimmten Zelle zu ermitteln. Lassen Sie uns das \u00fcberpr\u00fcfen ...","breadcrumb":{"@id":"https:\/\/exceladvisor.org\/de\/wert-von-zelle-1\/#breadcrumb"},"inLanguage":"de","potentialAction":[{"@type":"ReadAction","target":["https:\/\/exceladvisor.org\/de\/wert-von-zelle-1\/"]}]},{"@type":"ImageObject","inLanguage":"de","@id":"https:\/\/exceladvisor.org\/de\/wert-von-zelle-1\/#primaryimage","url":"https:\/\/exceladvisor.org\/wp-content\/uploads\/2023\/08\/1-obtenir-la-valeur-dune-cellule.png","contentUrl":"https:\/\/exceladvisor.org\/wp-content\/uploads\/2023\/08\/1-obtenir-la-valeur-dune-cellule.png"},{"@type":"BreadcrumbList","@id":"https:\/\/exceladvisor.org\/de\/wert-von-zelle-1\/#breadcrumb","itemListElement":[{"@type":"ListItem","position":1,"name":"Accueil","item":"https:\/\/exceladvisor.org\/de\/"},{"@type":"ListItem","position":2,"name":"Ermitteln sie den wert einer zelle in excel"}]},{"@type":"WebSite","@id":"https:\/\/exceladvisor.org\/de\/#website","url":"https:\/\/exceladvisor.org\/de\/","name":"Excel Advisor","description":"Ihr Leitfaden zur Datendominanz","publisher":{"@id":"https:\/\/exceladvisor.org\/de\/#organization"},"potentialAction":[{"@type":"SearchAction","target":{"@type":"EntryPoint","urlTemplate":"https:\/\/exceladvisor.org\/de\/?s={search_term_string}"},"query-input":{"@type":"PropertyValueSpecification","valueRequired":true,"valueName":"search_term_string"}}],"inLanguage":"de"},{"@type":"Organization","@id":"https:\/\/exceladvisor.org\/de\/#organization","name":"Excel Advisor","url":"https:\/\/exceladvisor.org\/de\/","logo":{"@type":"ImageObject","inLanguage":"de","@id":"https:\/\/exceladvisor.org\/de\/#\/schema\/logo\/image\/","url":"https:\/\/exceladvisor.org\/de\/wp-content\/uploads\/2023\/11\/exceladvisor.org_.png","contentUrl":"https:\/\/exceladvisor.org\/de\/wp-content\/uploads\/2023\/11\/exceladvisor.org_.png","width":105,"height":36,"caption":"Excel Advisor"},"image":{"@id":"https:\/\/exceladvisor.org\/de\/#\/schema\/logo\/image\/"}}]}},"yoast_meta":{"yoast_wpseo_title":"","yoast_wpseo_metadesc":"","yoast_wpseo_canonical":""},"_links":{"self":[{"href":"https:\/\/exceladvisor.org\/de\/wp-json\/wp\/v2\/pages\/3178","targetHints":{"allow":["GET"]}}],"collection":[{"href":"https:\/\/exceladvisor.org\/de\/wp-json\/wp\/v2\/pages"}],"about":[{"href":"https:\/\/exceladvisor.org\/de\/wp-json\/wp\/v2\/types\/page"}],"author":[{"embeddable":true,"href":"https:\/\/exceladvisor.org\/de\/wp-json\/wp\/v2\/users\/1"}],"replies":[{"embeddable":true,"href":"https:\/\/exceladvisor.org\/de\/wp-json\/wp\/v2\/comments?post=3178"}],"version-history":[{"count":1,"href":"https:\/\/exceladvisor.org\/de\/wp-json\/wp\/v2\/pages\/3178\/revisions"}],"predecessor-version":[{"id":3743,"href":"https:\/\/exceladvisor.org\/de\/wp-json\/wp\/v2\/pages\/3178\/revisions\/3743"}],"wp:attachment":[{"href":"https:\/\/exceladvisor.org\/de\/wp-json\/wp\/v2\/media?parent=3178"}],"curies":[{"name":"wp","href":"https:\/\/api.w.org\/{rel}","templated":true}]}}