{"id":3179,"date":"2023-11-11T12:42:47","date_gmt":"2023-11-11T12:42:47","guid":{"rendered":"https:\/\/exceladvisor.org\/de\/dateipfad-2\/"},"modified":"2023-12-03T11:12:08","modified_gmt":"2023-12-03T11:12:08","slug":"dateipfad-2","status":"publish","type":"page","link":"https:\/\/exceladvisor.org\/de\/dateipfad-2\/","title":{"rendered":"Dateipfad in excel abrufen"},"content":{"rendered":"<div class=\"excel-vor-dem-inhalt\" id=\"excel-3368647843\"><script type=\"text\/javascript\">\r\n\tatOptions = {\r\n\t\t'key' : 'c1158f160081d6540a8409e6925dab94',\r\n\t\t'format' : 'iframe',\r\n\t\t'height' : 250,\r\n\t\t'width' : 300,\r\n\t\t'params' : {}\r\n\t};\r\n<\/script>\r\n<script type=\"text\/javascript\" src=\"\/\/www.highperformanceformat.com\/c1158f160081d6540a8409e6925dab94\/invoke.js\"><\/script><\/div> <p>Um den Pfad einer Excel-Datei zu ermitteln, m\u00fcssen Sie die CELL-Funktion zusammen mit drei anderen Funktionen (LEN, SEARCH und SUBSTITUTE) verwenden. Mit CELL erhalten Sie den vollst\u00e4ndigen Dateipfad, einschlie\u00dflich Dateiname und Arbeitsblattname. Und Sie m\u00fcssen die restlichen Funktionen verwenden, um nur den Dateipfad daraus zu extrahieren. <\/p><div class=\"wp-block-image\"><figure class=\"aligncenter size-full is-resized\"><img loading=\"lazy\" decoding=\"async\" class=\"wp-image-80216\" src=\"https:\/\/exceladvisor.org\/wp-content\/uploads\/2023\/08\/1-obtenir-le-chemin-du-fichier.png\" sizes=\"auto, \" srcset=\"\" alt=\"Dateipfad abrufen\" width=\"709\" height=\"259\"><\/figure><\/div><p> In diesem Tutorial erfahren Sie, wie Sie den Dateipfad auf drei verschiedene Arten erhalten.<\/p><p class=\"qt-tip\"> <strong>Wichtig:<\/strong> Speichern Sie unbedingt Ihre Excel-Datei, bevor Sie eine dieser Formeln verwenden. Es ist nicht m\u00f6glich, den Dateipfad abzurufen, es sei denn, Sie speichern ihn irgendwo.<\/p><h2 id=\"h-get-path-with-the-file-and-sheet-name\" class=\"wp-block-heading\"> Pfad mit Datei- und Blattnamen abrufen<\/h2><p> Sie k\u00f6nnen die folgenden Schritte ausf\u00fchren:<\/p><ol type=\"1\"><li> Speichern Sie zun\u00e4chst Ihre Arbeitsmappe und geben Sie ihr einen Namen.<\/li><li> Geben Sie anschlie\u00dfend die CELL-Funktion in die Zelle ein.<\/li><li> W\u00e4hlen Sie dort den Infotyp \u201eDateiname\u201c aus und lassen Sie die Referenz leer.<\/li><li> Schlie\u00dfen Sie am Ende die Funktion und dr\u00fccken Sie die Eingabetaste, um das Ergebnis zu erhalten.<\/li><\/ol><pre class=\"wp-block-code\"> <code class=\"language-excel-formula\" lang=\"excel-formula\">=CELL(\"filename\")<\/code><\/pre><p> Sobald Sie die Eingabetaste dr\u00fccken, wird im Ergebnis der Dateipfad mit Arbeitsmappennamen und Blattnamen zur\u00fcckgegeben. <\/p><div class=\"wp-block-image\"><figure class=\"aligncenter size-full is-resized\"><img loading=\"lazy\" decoding=\"async\" class=\"wp-image-80217\" src=\"https:\/\/exceladvisor.org\/wp-content\/uploads\/2023\/08\/2-obtenir-le-chemin-avec-le-nom-du-fichier-et-de-la-feuille.png\" sizes=\"auto, \" srcset=\"\" alt=\"Pfad-mit-Datei-und-Blattnamen abrufen\" width=\"543\" height=\"232\"><\/figure><\/div><h2 id=\"h-get-path-only-with-workbook-name\" class=\"wp-block-heading\"> Pfad nur mit Arbeitsmappennamen abrufen<\/h2><p> In dieser Situation m\u00fcssen Sie den Blattnamen aus dem Pfad entfernen. Und daf\u00fcr m\u00fcssen Sie LEFT, SEARCH und SUBSTITUTE verwenden. <\/p><div class=\"wp-block-image\"><figure class=\"aligncenter size-full is-resized\"><img loading=\"lazy\" decoding=\"async\" class=\"wp-image-80218\" src=\"https:\/\/exceladvisor.org\/wp-content\/uploads\/2023\/08\/3-obtenir-le-chemin-uniquement-avec-le-nom-du-classeur.png\" sizes=\"auto, \" srcset=\"\" alt=\"Pfad nur mit Arbeitsmappennamen abrufen\" width=\"771\" height=\"210\"><\/figure><\/div><pre class=\"wp-block-code\"> <code class=\"language-excel-formula\" lang=\"excel-formula\">=SUBSTITUTE(LEFT(CELL(\"filename\"),SEARCH(\"]\",CELL(\"filename\"))-1),\"[\",\"\")<\/code><\/pre><p> Um diese Formel zu verstehen, m\u00fcssen Sie sie nun dividieren:<\/p><ol><li> Geben Sie im ersten Teil die CELL-Funktion in eine Zelle ein und verwenden Sie den Dateinamen im Argument info_type. <br><img loading=\"lazy\" decoding=\"async\" title=\"4-Zellen-Eingabefunktion\" src=\"https:\/\/exceladvisor.org\/wp-content\/uploads\/2023\/08\/4-entrez-la-fonction-de-cellule.png\" sizes=\"auto, \" srcset=\"\" alt=\"enter-cell-function\" width=\"615\" height=\"212\"><\/li><li> Verwenden Sie nun die SEARCH-Funktion, um die Position der schlie\u00dfenden Klammer \u201e]\u201c aus dem vollst\u00e4ndigen Pfad zu ermitteln. <br><img loading=\"lazy\" decoding=\"async\" title=\"5-Suchfunktion, um die Position zu ermitteln\" src=\"https:\/\/exceladvisor.org\/wp-content\/uploads\/2023\/08\/5-fonction-de-recherche-pour-obtenir-la-position.png\" sizes=\"auto, \" srcset=\"\" alt=\"search-function-to-get-the-position\" width=\"656\" height=\"220\"><\/li><li> Anschlie\u00dfend m\u00fcssen Sie mithilfe der von SEARCH zur\u00fcckgegebenen Position mit LEFT den restlichen Teil des Pfads abrufen, mit Ausnahme des Teils nach der Endklammer. <br><img loading=\"lazy\" decoding=\"async\" title=\"6-nutzen-Sie-die-Links-um-den-Rest-Teil-zu-bekommen\" src=\"https:\/\/exceladvisor.org\/wp-content\/uploads\/2023\/08\/6-utilisez-la-gauche-pour-obtenir-la-partie-de-repos.png\" sizes=\"auto, \" srcset=\"\" alt=\"use-left-to-get-rest-part\" width=\"664\" height=\"226\"><\/li><li> Als n\u00e4chstes m\u00fcssen wir REPLACEMENT verwenden, um das Startmedium zu ersetzen. <br><img loading=\"lazy\" decoding=\"async\" title=\"7-Ersetzen-um-das-Teil-Unterst\u00fctzung-zu-ersetzen\" src=\"https:\/\/exceladvisor.org\/wp-content\/uploads\/2023\/08\/7-substitut-pour-remplacer-le-support-de-depart.png\" sizes=\"auto, \" srcset=\"\" alt=\"substitute-to-replace-starting-bracket\" width=\"724\" height=\"240\"><\/li><li> Anstatt auf Zelle A1 zu verweisen, ersetzen Sie sie am Ende durch die aktuelle CELL-Funktion. <br><img loading=\"lazy\" decoding=\"async\" title=\"8-Referenz-durch-Zellen-Funktion ersetzen\" src=\"https:\/\/exceladvisor.org\/wp-content\/uploads\/2023\/08\/8-remplacer-la-reference-par-la-fonction-de-cellule.png\" sizes=\"auto, \" srcset=\"\" alt=\"replace-reference-with-cell-function\" width=\"716\" height=\"203\"><\/li><\/ol><h2 id=\"h-get-file-path-only\" class=\"wp-block-heading\"> Nur Dateipfad abrufen<\/h2><p> Nehmen wir nun an, Sie ben\u00f6tigen nur den Pfad zum Ordnernamen. Dazu m\u00fcssen Sie die Zelle mit den Funktionen SUBSTITUTE, LEN, RIGHT und SEARCH verwenden. <\/p><pre class=\"wp-block-code\"> <code class=\"language-excel-formula\" lang=\"excel-formula\">=SUBSTITUTE(CELL(\"filename\"), RIGHT(CELL(\"filename\"),LEN(CELL(\"filename\"))-SEARCH(\"[\",CELL(\"filename\"))+1),\"\")<\/code><\/pre><div class=\"wp-block-image\"><figure class=\"aligncenter size-full is-resized\"><img loading=\"lazy\" decoding=\"async\" class=\"wp-image-80224\" src=\"https:\/\/exceladvisor.org\/wp-content\/uploads\/2023\/08\/9-obtenir-le-chemin-du-fichier-uniquement.png\" sizes=\"auto, \" srcset=\"\" alt=\"nur Dateipfad abrufen\" width=\"722\" height=\"254\"><\/figure><\/div><p> Um diese Formel zu verstehen, m\u00fcssen Sie sie teilen:<\/p><ol><li> Geben Sie zun\u00e4chst die CELL-Funktion in eine Zelle ein und verwenden Sie den Dateinamen info_type. <br><img loading=\"lazy\" decoding=\"async\" title=\"10-First-Enter-Cell-Funktion\" src=\"https:\/\/exceladvisor.org\/wp-content\/uploads\/2023\/08\/10-premiere-fonction-de-cellule-dentree.png\" sizes=\"auto, \" srcset=\"\" alt=\"first-enter-cell-function\" width=\"576\" height=\"215\"><\/li><li> Verwenden Sie nun die SEARCH-Funktion, um die Position der Startklammer zu ermitteln, und addieren Sie dann 1 dazu. <br><img loading=\"lazy\" decoding=\"async\" title=\"11-use-search-to-get-position\" src=\"https:\/\/exceladvisor.org\/wp-content\/uploads\/2023\/08\/11-utiliser-la-recherche-pour-obtenir-la-position.png\" sizes=\"auto, \" srcset=\"\" alt=\"use-search-to-get-the-position\" width=\"570\" height=\"229\"><\/li><li> Verwenden Sie anschlie\u00dfend die LEN-Funktion, um die Gesamtzahl der Zeichen im Pfad zu ermitteln. Und subtrahieren Sie es von der von SEARCH zur\u00fcckgegebenen Positionsnummer. <br><img loading=\"lazy\" decoding=\"async\" title=\"12-len-to-get-total-number-of-characters\" src=\"https:\/\/exceladvisor.org\/wp-content\/uploads\/2023\/08\/12-len-pour-obtenir-le-nombre-total-de-caracteres.png\" sizes=\"auto, \" srcset=\"\" alt=\"len-to-get-total-characters-number\" width=\"605\" height=\"242\"><\/li><li> Verwenden Sie dann die RIGHT-Funktion, um den Dateinamen und den Blattnamen aus dem vollst\u00e4ndigen Pfad abzurufen. Sehen Sie sich RECHTS den vollst\u00e4ndigen Pfad an und verwenden Sie die Zahl, die durch Subtrahieren von LEN und SEARCH nach [char_num] zur\u00fcckgegeben wird. <br><img loading=\"lazy\" decoding=\"async\" title=\"13-richtige-Funktion-um-den-Dateinamen-zu-erhalten\" src=\"https:\/\/exceladvisor.org\/wp-content\/uploads\/2023\/08\/13-bonne-fonction-pour-obtenir-le-nom-du-fichier.png\" sizes=\"auto, \" srcset=\"\" alt=\"right-function-to-get-the-file-name\" width=\"615\" height=\"249\"><\/li><li> Verwenden Sie von dort aus REPLACEMENT, um den Datei- und Arbeitsblattnamen durch einen leeren Wert aus dem urspr\u00fcnglichen Pfad zu ersetzen. <br><img loading=\"lazy\" decoding=\"async\" title=\"14-substitute-to-replace-fila-and-worksheet-name\" src=\"https:\/\/exceladvisor.org\/wp-content\/uploads\/2023\/08\/14-substitut-pour-remplacer-fila-et-le-nom-de-la-feuille-de-calcul.png\" sizes=\"auto, \" srcset=\"\" alt=\"substitute-to-replace-file-and-worksheet-name\" width=\"564\" height=\"243\"><\/li><li> Ersetzen Sie am Ende die Zellreferenz A1 der Formel durch die CELL-Funktion, die Sie in Zelle A1 haben, um sie in einer Formel zu erhalten. <br><img loading=\"lazy\" decoding=\"async\" title=\"15-Zellreferenz-durch-Zellfunktion ersetzen1\" src=\"https:\/\/exceladvisor.org\/wp-content\/uploads\/2023\/08\/15-remplacer-la-reference-de-cellule-par-la-fonction-de-cellule1.png\" sizes=\"auto, \" srcset=\"\" alt=\"replace-cell-reference-with-cell-function\" width=\"621\" height=\"155\"><\/li><\/ol><div class=\"gb-container gb-container-52dfcee1 gb-container-sample-file\"><h2 class=\"gb-headline gb-headline-e289c143 gb-headline-text gb-headline-4f7959c2\"> Holen Sie sich die Excel-Datei<\/h2> <a class=\"gb-button gb-button-e88d6bee gb-button-text gb-button-button1\" href=\"https:\/\/exceladvisor.org\/wp-content\/uploads\/2023\/08\/chemin-du-fichier.xlsx\" rel=\"nofollow\">Herunterladen<\/a><\/div><div class=\"gb-container gb-container-0df56012 gb-container-mt\"> <a class=\"gb-button gb-button-f9f432f4 gb-button-text gb-button-mt-button\" href=\"https:\/\/exceladvisor.org\/de\/formeln\/\">Liste der Excel-Formeln<\/a><h2 class=\"gb-headline gb-headline-233444e8 gb-headline-text gb-headline-mt-heading\"> Verwandte Formeln <\/h2><div class=\"gb-grid-wrapper gb-grid-wrapper-a16fa65c gb-grid-wrapper-mt-grid\"><div class=\"gb-grid-column gb-grid-column-50d07e0d\"><div class=\"gb-container gb-container-50d07e0d\"><ul><li> <a href=\"https:\/\/exceladvisor.org\/de\/horizontaler-filter\/\">Erstellen Sie in Excel einen horizontalen Filter<\/a><\/li><li> <a href=\"https:\/\/exceladvisor.org\/de\/bewertung-in-sternen\/\">Erstellen Sie eine Sternebewertungsvorlage in Excel<\/a><\/li><li> <a href=\"https:\/\/exceladvisor.org\/de\/dateinamen-abrufen\/\">Dateinamen in Excel abrufen<\/a><\/li><li> <a href=\"https:\/\/exceladvisor.org\/de\/holen-sie-sich-den-blattnamen\/\">Blattnamen in Excel abrufen<\/a><\/li><li> <a href=\"https:\/\/exceladvisor.org\/de\/generiere-zufallige-buchstaben\/\">Generieren Sie schnell zuf\u00e4llige Buchstaben in Excel<\/a><\/li><\/ul><\/div><\/div><\/div><\/div>","protected":false},"excerpt":{"rendered":"","protected":false},"author":1,"featured_media":0,"parent":0,"menu_order":0,"comment_status":"open","ping_status":"closed","template":"","meta":{"ub_ctt_via":"","footnotes":""},"class_list":["post-3179","page","type-page","status-publish","hentry"],"featured_image_src":null,"yoast_head":"<!-- This site is optimized with the Yoast SEO plugin v25.4 - https:\/\/yoast.com\/wordpress\/plugins\/seo\/ -->\n<title>Dateipfad in Excel abrufen<\/title>\n<meta name=\"description\" content=\"In diesem Tutorial erfahren Sie, wie Sie eine Excel-Formel schreiben, um den Pfad zu ermitteln, in dem die Datei gespeichert ist. Lassen Sie uns das \u00fcberpr\u00fcfen ...\" \/>\n<meta name=\"robots\" content=\"index, follow, max-snippet:-1, max-image-preview:large, max-video-preview:-1\" \/>\n<link rel=\"canonical\" href=\"https:\/\/exceladvisor.org\/de\/dateipfad-2\/\" \/>\n<meta property=\"og:locale\" content=\"de_DE\" \/>\n<meta property=\"og:type\" content=\"article\" \/>\n<meta property=\"og:title\" content=\"Dateipfad in Excel abrufen\" \/>\n<meta property=\"og:description\" content=\"In diesem Tutorial erfahren Sie, wie Sie eine Excel-Formel schreiben, um den Pfad zu ermitteln, in dem die Datei gespeichert ist. Lassen Sie uns das \u00fcberpr\u00fcfen ...\" \/>\n<meta property=\"og:url\" content=\"https:\/\/exceladvisor.org\/de\/dateipfad-2\/\" \/>\n<meta property=\"og:site_name\" content=\"Excel Advisor\" \/>\n<meta property=\"article:modified_time\" content=\"2023-12-03T11:12:08+00:00\" \/>\n<meta property=\"og:image\" content=\"https:\/\/exceladvisor.org\/wp-content\/uploads\/2023\/08\/1-obtenir-le-chemin-du-fichier.png\" \/>\n<meta name=\"twitter:card\" content=\"summary_large_image\" \/>\n<meta name=\"twitter:label1\" content=\"Gesch\u00e4tzte Lesezeit\" \/>\n\t<meta name=\"twitter:data1\" content=\"3\u00a0Minuten\" \/>\n<script type=\"application\/ld+json\" class=\"yoast-schema-graph\">{\"@context\":\"https:\/\/schema.org\",\"@graph\":[{\"@type\":\"WebPage\",\"@id\":\"https:\/\/exceladvisor.org\/de\/dateipfad-2\/\",\"url\":\"https:\/\/exceladvisor.org\/de\/dateipfad-2\/\",\"name\":\"Dateipfad in Excel abrufen\",\"isPartOf\":{\"@id\":\"https:\/\/exceladvisor.org\/de\/#website\"},\"primaryImageOfPage\":{\"@id\":\"https:\/\/exceladvisor.org\/de\/dateipfad-2\/#primaryimage\"},\"image\":{\"@id\":\"https:\/\/exceladvisor.org\/de\/dateipfad-2\/#primaryimage\"},\"thumbnailUrl\":\"https:\/\/exceladvisor.org\/wp-content\/uploads\/2023\/08\/1-obtenir-le-chemin-du-fichier.png\",\"datePublished\":\"2023-11-11T12:42:47+00:00\",\"dateModified\":\"2023-12-03T11:12:08+00:00\",\"description\":\"In diesem Tutorial erfahren Sie, wie Sie eine Excel-Formel schreiben, um den Pfad zu ermitteln, in dem die Datei gespeichert ist. Lassen Sie uns das \u00fcberpr\u00fcfen ...\",\"breadcrumb\":{\"@id\":\"https:\/\/exceladvisor.org\/de\/dateipfad-2\/#breadcrumb\"},\"inLanguage\":\"de\",\"potentialAction\":[{\"@type\":\"ReadAction\",\"target\":[\"https:\/\/exceladvisor.org\/de\/dateipfad-2\/\"]}]},{\"@type\":\"ImageObject\",\"inLanguage\":\"de\",\"@id\":\"https:\/\/exceladvisor.org\/de\/dateipfad-2\/#primaryimage\",\"url\":\"https:\/\/exceladvisor.org\/wp-content\/uploads\/2023\/08\/1-obtenir-le-chemin-du-fichier.png\",\"contentUrl\":\"https:\/\/exceladvisor.org\/wp-content\/uploads\/2023\/08\/1-obtenir-le-chemin-du-fichier.png\"},{\"@type\":\"BreadcrumbList\",\"@id\":\"https:\/\/exceladvisor.org\/de\/dateipfad-2\/#breadcrumb\",\"itemListElement\":[{\"@type\":\"ListItem\",\"position\":1,\"name\":\"Accueil\",\"item\":\"https:\/\/exceladvisor.org\/de\/\"},{\"@type\":\"ListItem\",\"position\":2,\"name\":\"Dateipfad in excel abrufen\"}]},{\"@type\":\"WebSite\",\"@id\":\"https:\/\/exceladvisor.org\/de\/#website\",\"url\":\"https:\/\/exceladvisor.org\/de\/\",\"name\":\"Excel Advisor\",\"description\":\"Ihr Leitfaden zur Datendominanz\",\"publisher\":{\"@id\":\"https:\/\/exceladvisor.org\/de\/#organization\"},\"potentialAction\":[{\"@type\":\"SearchAction\",\"target\":{\"@type\":\"EntryPoint\",\"urlTemplate\":\"https:\/\/exceladvisor.org\/de\/?s={search_term_string}\"},\"query-input\":{\"@type\":\"PropertyValueSpecification\",\"valueRequired\":true,\"valueName\":\"search_term_string\"}}],\"inLanguage\":\"de\"},{\"@type\":\"Organization\",\"@id\":\"https:\/\/exceladvisor.org\/de\/#organization\",\"name\":\"Excel Advisor\",\"url\":\"https:\/\/exceladvisor.org\/de\/\",\"logo\":{\"@type\":\"ImageObject\",\"inLanguage\":\"de\",\"@id\":\"https:\/\/exceladvisor.org\/de\/#\/schema\/logo\/image\/\",\"url\":\"https:\/\/exceladvisor.org\/de\/wp-content\/uploads\/2023\/11\/exceladvisor.org_.png\",\"contentUrl\":\"https:\/\/exceladvisor.org\/de\/wp-content\/uploads\/2023\/11\/exceladvisor.org_.png\",\"width\":105,\"height\":36,\"caption\":\"Excel Advisor\"},\"image\":{\"@id\":\"https:\/\/exceladvisor.org\/de\/#\/schema\/logo\/image\/\"}}]}<\/script>\n<!-- \/ Yoast SEO plugin. -->","yoast_head_json":{"title":"Dateipfad in Excel abrufen","description":"In diesem Tutorial erfahren Sie, wie Sie eine Excel-Formel schreiben, um den Pfad zu ermitteln, in dem die Datei gespeichert ist. Lassen Sie uns das \u00fcberpr\u00fcfen ...","robots":{"index":"index","follow":"follow","max-snippet":"max-snippet:-1","max-image-preview":"max-image-preview:large","max-video-preview":"max-video-preview:-1"},"canonical":"https:\/\/exceladvisor.org\/de\/dateipfad-2\/","og_locale":"de_DE","og_type":"article","og_title":"Dateipfad in Excel abrufen","og_description":"In diesem Tutorial erfahren Sie, wie Sie eine Excel-Formel schreiben, um den Pfad zu ermitteln, in dem die Datei gespeichert ist. Lassen Sie uns das \u00fcberpr\u00fcfen ...","og_url":"https:\/\/exceladvisor.org\/de\/dateipfad-2\/","og_site_name":"Excel Advisor","article_modified_time":"2023-12-03T11:12:08+00:00","og_image":[{"url":"https:\/\/exceladvisor.org\/wp-content\/uploads\/2023\/08\/1-obtenir-le-chemin-du-fichier.png","type":"","width":"","height":""}],"twitter_card":"summary_large_image","twitter_misc":{"Gesch\u00e4tzte Lesezeit":"3\u00a0Minuten"},"schema":{"@context":"https:\/\/schema.org","@graph":[{"@type":"WebPage","@id":"https:\/\/exceladvisor.org\/de\/dateipfad-2\/","url":"https:\/\/exceladvisor.org\/de\/dateipfad-2\/","name":"Dateipfad in Excel abrufen","isPartOf":{"@id":"https:\/\/exceladvisor.org\/de\/#website"},"primaryImageOfPage":{"@id":"https:\/\/exceladvisor.org\/de\/dateipfad-2\/#primaryimage"},"image":{"@id":"https:\/\/exceladvisor.org\/de\/dateipfad-2\/#primaryimage"},"thumbnailUrl":"https:\/\/exceladvisor.org\/wp-content\/uploads\/2023\/08\/1-obtenir-le-chemin-du-fichier.png","datePublished":"2023-11-11T12:42:47+00:00","dateModified":"2023-12-03T11:12:08+00:00","description":"In diesem Tutorial erfahren Sie, wie Sie eine Excel-Formel schreiben, um den Pfad zu ermitteln, in dem die Datei gespeichert ist. Lassen Sie uns das \u00fcberpr\u00fcfen ...","breadcrumb":{"@id":"https:\/\/exceladvisor.org\/de\/dateipfad-2\/#breadcrumb"},"inLanguage":"de","potentialAction":[{"@type":"ReadAction","target":["https:\/\/exceladvisor.org\/de\/dateipfad-2\/"]}]},{"@type":"ImageObject","inLanguage":"de","@id":"https:\/\/exceladvisor.org\/de\/dateipfad-2\/#primaryimage","url":"https:\/\/exceladvisor.org\/wp-content\/uploads\/2023\/08\/1-obtenir-le-chemin-du-fichier.png","contentUrl":"https:\/\/exceladvisor.org\/wp-content\/uploads\/2023\/08\/1-obtenir-le-chemin-du-fichier.png"},{"@type":"BreadcrumbList","@id":"https:\/\/exceladvisor.org\/de\/dateipfad-2\/#breadcrumb","itemListElement":[{"@type":"ListItem","position":1,"name":"Accueil","item":"https:\/\/exceladvisor.org\/de\/"},{"@type":"ListItem","position":2,"name":"Dateipfad in excel abrufen"}]},{"@type":"WebSite","@id":"https:\/\/exceladvisor.org\/de\/#website","url":"https:\/\/exceladvisor.org\/de\/","name":"Excel Advisor","description":"Ihr Leitfaden zur Datendominanz","publisher":{"@id":"https:\/\/exceladvisor.org\/de\/#organization"},"potentialAction":[{"@type":"SearchAction","target":{"@type":"EntryPoint","urlTemplate":"https:\/\/exceladvisor.org\/de\/?s={search_term_string}"},"query-input":{"@type":"PropertyValueSpecification","valueRequired":true,"valueName":"search_term_string"}}],"inLanguage":"de"},{"@type":"Organization","@id":"https:\/\/exceladvisor.org\/de\/#organization","name":"Excel Advisor","url":"https:\/\/exceladvisor.org\/de\/","logo":{"@type":"ImageObject","inLanguage":"de","@id":"https:\/\/exceladvisor.org\/de\/#\/schema\/logo\/image\/","url":"https:\/\/exceladvisor.org\/de\/wp-content\/uploads\/2023\/11\/exceladvisor.org_.png","contentUrl":"https:\/\/exceladvisor.org\/de\/wp-content\/uploads\/2023\/11\/exceladvisor.org_.png","width":105,"height":36,"caption":"Excel Advisor"},"image":{"@id":"https:\/\/exceladvisor.org\/de\/#\/schema\/logo\/image\/"}}]}},"yoast_meta":{"yoast_wpseo_title":"","yoast_wpseo_metadesc":"","yoast_wpseo_canonical":""},"_links":{"self":[{"href":"https:\/\/exceladvisor.org\/de\/wp-json\/wp\/v2\/pages\/3179","targetHints":{"allow":["GET"]}}],"collection":[{"href":"https:\/\/exceladvisor.org\/de\/wp-json\/wp\/v2\/pages"}],"about":[{"href":"https:\/\/exceladvisor.org\/de\/wp-json\/wp\/v2\/types\/page"}],"author":[{"embeddable":true,"href":"https:\/\/exceladvisor.org\/de\/wp-json\/wp\/v2\/users\/1"}],"replies":[{"embeddable":true,"href":"https:\/\/exceladvisor.org\/de\/wp-json\/wp\/v2\/comments?post=3179"}],"version-history":[{"count":1,"href":"https:\/\/exceladvisor.org\/de\/wp-json\/wp\/v2\/pages\/3179\/revisions"}],"predecessor-version":[{"id":3734,"href":"https:\/\/exceladvisor.org\/de\/wp-json\/wp\/v2\/pages\/3179\/revisions\/3734"}],"wp:attachment":[{"href":"https:\/\/exceladvisor.org\/de\/wp-json\/wp\/v2\/media?parent=3179"}],"curies":[{"name":"wp","href":"https:\/\/api.w.org\/{rel}","templated":true}]}}