{"id":3180,"date":"2023-11-11T12:21:14","date_gmt":"2023-11-11T12:21:14","guid":{"rendered":"https:\/\/exceladvisor.org\/de\/beginnen-sie-mit-2\/"},"modified":"2023-12-03T13:05:20","modified_gmt":"2023-12-03T13:05:20","slug":"beginnen-sie-mit-2","status":"publish","type":"page","link":"https:\/\/exceladvisor.org\/de\/beginnen-sie-mit-2\/","title":{"rendered":"Wie \u00fcberpr\u00fcfe ich, ob eine zelle mit text beginnt?"},"content":{"rendered":"<div class=\"excel-vor-dem-inhalt\" id=\"excel-3047851591\"><script type=\"text\/javascript\">\r\n\tatOptions = {\r\n\t\t'key' : 'c1158f160081d6540a8409e6925dab94',\r\n\t\t'format' : 'iframe',\r\n\t\t'height' : 250,\r\n\t\t'width' : 300,\r\n\t\t'params' : {}\r\n\t};\r\n<\/script>\r\n<script type=\"text\/javascript\" src=\"\/\/www.highperformanceformat.com\/c1158f160081d6540a8409e6925dab94\/invoke.js\"><\/script><\/div> <p>In Excel kann es beim Arbeiten mit Daten vorkommen, dass Sie pr\u00fcfen m\u00fcssen, ob der Wert einer Zelle mit einem bestimmten Text beginnt oder ob der Anfangsteil dieses Werts eine Zahl ist oder nicht. In diesem Tutorial lernen wir, wie man eine Formel schreibt, um beide Bedingungen zu texten.<\/p><h2 class=\"wp-block-heading\"> WENN ein Zellenwert mit einem bestimmten Text beginnt<\/h2><p> Im folgenden Beispiel m\u00fcssen Sie pr\u00fcfen, ob die ersten drei Zeichen der Zelle LXI entsprechen. Dazu m\u00fcssen Sie IF und LEFT verwenden. <\/p><div class=\"wp-block-image\"><figure class=\"aligncenter size-full is-resized\"><img loading=\"lazy\" decoding=\"async\" class=\"wp-image-80202\" src=\"https:\/\/exceladvisor.org\/wp-content\/uploads\/2023\/08\/1-si-la-valeur-de-la-cellule-commence-par-un-texte-particulier.png\" sizes=\"auto, \" srcset=\"\" alt=\"if-cell-value-starts-with-bestimmten-text\" width=\"437\" height=\"346\"><\/figure><\/div><p> Sie k\u00f6nnen die folgenden Schritte verwenden, um diese Formel zu schreiben:<\/p><ol><li> Geben Sie zun\u00e4chst die WENN-Funktion in eine Zelle ein.<\/li><li> Geben Sie danach die LEFT-Funktion in das erste Argument des IF ein und verweisen Sie auf Zelle A2, in der Sie den Wert haben. Verwenden Sie im zweiten Argument 3 f\u00fcr num_digit.<\/li><li> Als n\u00e4chstes verwenden Sie das Gleichheitszeichen und geben den Wert (in doppelten Anf\u00fchrungszeichen) ein, den Sie testen m\u00f6chten.<\/li><li> Geben Sie nun im zweiten Argument \u201eJa\u201c ein.<\/li><li> Und im dritten Argument geben Sie \u201eNein\u201c ein.<\/li><li> Geben Sie am Ende schlie\u00dfende Klammern ein und dr\u00fccken Sie die Eingabetaste, um das Ergebnis zu erhalten. <\/li><\/ol><div class=\"wp-block-image\"><figure class=\"aligncenter size-full is-resized\"><img loading=\"lazy\" decoding=\"async\" class=\"wp-image-80204\" src=\"https:\/\/exceladvisor.org\/wp-content\/uploads\/2023\/08\/2-entrer-si-et-fonction-gauche.png\" sizes=\"auto, \" srcset=\"\" alt=\"Enter-If-and-Left-Funktion\" width=\"641\" height=\"260\"><\/figure><\/div><p> Wie Sie unten sehen k\u00f6nnen, wird f\u00fcr alle Werte, bei denen wir den Wert \u201eLXI\u201c am Anfang des Werts haben, \u201eJa\u201c zur\u00fcckgegeben, andernfalls \u201eNein\u201c. <\/p><div class=\"wp-block-image\"><figure class=\"aligncenter size-full is-resized\"><img loading=\"lazy\" decoding=\"async\" class=\"wp-image-80206\" src=\"https:\/\/exceladvisor.org\/wp-content\/uploads\/2023\/08\/3-le-resultat-sera-oui-ou-non.png\" sizes=\"auto, \" srcset=\"\" alt=\"Das Ergebnis wird Ja oder Nein sein\" width=\"601\" height=\"436\"><\/figure><\/div><pre class=\"wp-block-code\"> <code class=\"language-excel-formula\" lang=\"excel-formula\">=IF(LEFT(A2,3)=\"LXI\",\"Yes\",\"No\")<\/code><\/pre><h2 class=\"wp-block-heading\"> Z\u00e4hlen Sie IF-Zellen, beginnen Sie mit<\/h2><p> Verwenden Sie die folgende Formel, wenn Sie die Anzahl der Zellen z\u00e4hlen m\u00f6chten, die mit einem bestimmten Wert beginnen. <\/p><div class=\"wp-block-image\"><figure class=\"aligncenter size-full is-resized\"><img loading=\"lazy\" decoding=\"async\" class=\"wp-image-80207\" src=\"https:\/\/exceladvisor.org\/wp-content\/uploads\/2023\/08\/4-utiliser-sumproduct-pour-compter-le-resultat.png\" sizes=\"auto, \" srcset=\"\" alt=\"Verwenden Sie die erzeugte Summe, um das Ergebnis zu z\u00e4hlen\" width=\"558\" height=\"477\"><\/figure><\/div><pre class=\"wp-block-code\"> <code class=\"language-excel-formula\" lang=\"excel-formula\">=SUMPRODUCT(--(LEFT(A2:A10,3)=\"LXI\"))<\/code><\/pre><p> Um mehr dar\u00fcber zu erfahren, k\u00f6nnen Sie sich \u00fcber die Verwendung von SUMPRODUCT mit einer Bedingung informieren.<\/p><h2 class=\"wp-block-heading\"> Wenn ein Zellenwert mit einer Zahl beginnt<\/h2><p> Ebenso k\u00f6nnen Sie eine Formel schreiben, um zu pr\u00fcfen, ob eine Zelle mit einer Zahl beginnt. <\/p><div class=\"wp-block-image\"><figure class=\"aligncenter size-full is-resized\"><img loading=\"lazy\" decoding=\"async\" class=\"wp-image-80208\" src=\"https:\/\/exceladvisor.org\/wp-content\/uploads\/2023\/08\/5-formule-pour-savoir-si-la-valeur-de-la-cellule-commence-par-un-nombre.png\" sizes=\"auto, \" srcset=\"\" alt=\"Formel, um herauszufinden, ob der Zellwert mit einer Zahl beginnt\" width=\"556\" height=\"432\"><\/figure><\/div><pre class=\"wp-block-code\"> <code class=\"language-excel-formula\" lang=\"excel-formula\">=IF(ISNUMBER(VALUE(LEFT(A2,2))), \"Yes\",\"No\")<\/code><\/pre><p> In dieser Formel haben wir die VALUE-Funktion um LEFT herum verwendet. Wenn Sie mit LEFT einen Wert abrufen, wird dieser Wert als Text zur\u00fcckgegeben, auch wenn dieser Wert eine Zahl ist.<\/p><p> Um eine Zahl in eine Zahl umzuwandeln, m\u00fcssen wir daher VALUE verwenden. Danach haben wir ISNUMBER verwendet, um den von LEFT zur\u00fcckgegebenen Wert zu testen. Wenn dieser Wert eine Zahl ist, ist die Bedingung WAHR und IF gibt JA zur\u00fcck, andernfalls Nein. <\/p><div class=\"gb-container gb-container-52dfcee1 gb-container-sample-file\"><h2 class=\"gb-headline gb-headline-e289c143 gb-headline-text gb-headline-4f7959c2\"> Holen Sie sich die Excel-Datei<\/h2><p> <a class=\"gb-button gb-button-e88d6bee gb-button-text gb-button-button1\" href=\"https:\/\/exceladvisor.org\/wp-content\/uploads\/2023\/08\/commence-avec.xlsx\" rel=\"nofollow\">Herunterladen<\/a><\/p><\/div><div class=\"gb-container gb-container-0df56012 gb-container-mt\"> <a class=\"gb-button gb-button-f9f432f4 gb-button-text gb-button-mt-button\" href=\"https:\/\/exceladvisor.org\/de\/formeln\/\">Liste der Excel-Formeln<\/a><h2 class=\"gb-headline gb-headline-233444e8 gb-headline-text gb-headline-mt-heading\"> Verwandte Formeln <\/h2><div class=\"gb-grid-wrapper gb-grid-wrapper-a16fa65c gb-grid-wrapper-mt-grid\"><div class=\"gb-grid-column gb-grid-column-5b4a0cf9\"><div class=\"gb-container gb-container-5b4a0cf9\"><ul><li> <a href=\"https:\/\/exceladvisor.org\/de\/wenn-die-zelle-einen-teil-enthalt\/\">\u00dcberpr\u00fcfen Sie, ob eine Zelle Teiltext enth\u00e4lt<\/a><\/li><li> <a href=\"https:\/\/exceladvisor.org\/de\/wenn-zellwertnummer\/\">\u00dcberpr\u00fcfen Sie, ob ein Zellenwert eine Zahl ist<\/a><\/li><li> <a href=\"https:\/\/exceladvisor.org\/de\/median-wenn-2\/\">Median mit IF (bedingte Kriterien)<\/a><\/li><li> <a href=\"https:\/\/exceladvisor.org\/de\/verketten-wenn-2\/\">CONCATENATE IF (Kombinieren mit Bedingung)<\/a><\/li><li> <a href=\"https:\/\/exceladvisor.org\/de\/zwischensumme-wenn-2\/\">ZWISCHENSUMME mit IF (bedingte ZWISCHENSUMME)<\/a><\/li><\/ul><\/div><\/div><\/div><\/div>","protected":false},"excerpt":{"rendered":"","protected":false},"author":1,"featured_media":0,"parent":0,"menu_order":0,"comment_status":"open","ping_status":"closed","template":"","meta":{"ub_ctt_via":"","footnotes":""},"class_list":["post-3180","page","type-page","status-publish","hentry"],"featured_image_src":null,"yoast_head":"<!-- This site is optimized with the Yoast SEO plugin v25.4 - https:\/\/yoast.com\/wordpress\/plugins\/seo\/ -->\n<title>Wie \u00fcberpr\u00fcfe ich, ob eine Zelle mit Text\/Zahl beginnt?<\/title>\n<meta name=\"description\" content=\"In diesem Tutorial erfahren Sie, wie Sie eine Excel-Formel schreiben, um zu \u00fcberpr\u00fcfen, ob eine Zelle mit einem bestimmten Text oder einer bestimmten Zahl beginnt.\" \/>\n<meta name=\"robots\" content=\"index, follow, max-snippet:-1, max-image-preview:large, max-video-preview:-1\" \/>\n<link rel=\"canonical\" href=\"https:\/\/exceladvisor.org\/de\/beginnen-sie-mit-2\/\" \/>\n<meta property=\"og:locale\" content=\"de_DE\" \/>\n<meta property=\"og:type\" content=\"article\" \/>\n<meta property=\"og:title\" content=\"Wie \u00fcberpr\u00fcfe ich, ob eine Zelle mit Text\/Zahl beginnt?\" \/>\n<meta property=\"og:description\" content=\"In diesem Tutorial erfahren Sie, wie Sie eine Excel-Formel schreiben, um zu \u00fcberpr\u00fcfen, ob eine Zelle mit einem bestimmten Text oder einer bestimmten Zahl beginnt.\" \/>\n<meta property=\"og:url\" content=\"https:\/\/exceladvisor.org\/de\/beginnen-sie-mit-2\/\" \/>\n<meta property=\"og:site_name\" content=\"Excel Advisor\" \/>\n<meta property=\"article:modified_time\" content=\"2023-12-03T13:05:20+00:00\" \/>\n<meta property=\"og:image\" content=\"https:\/\/exceladvisor.org\/wp-content\/uploads\/2023\/08\/1-si-la-valeur-de-la-cellule-commence-par-un-texte-particulier.png\" \/>\n<meta name=\"twitter:card\" content=\"summary_large_image\" \/>\n<meta name=\"twitter:label1\" content=\"Gesch\u00e4tzte Lesezeit\" \/>\n\t<meta name=\"twitter:data1\" content=\"2\u00a0Minuten\" \/>\n<script type=\"application\/ld+json\" class=\"yoast-schema-graph\">{\"@context\":\"https:\/\/schema.org\",\"@graph\":[{\"@type\":\"WebPage\",\"@id\":\"https:\/\/exceladvisor.org\/de\/beginnen-sie-mit-2\/\",\"url\":\"https:\/\/exceladvisor.org\/de\/beginnen-sie-mit-2\/\",\"name\":\"Wie \u00fcberpr\u00fcfe ich, ob eine Zelle mit Text\/Zahl beginnt?\",\"isPartOf\":{\"@id\":\"https:\/\/exceladvisor.org\/de\/#website\"},\"primaryImageOfPage\":{\"@id\":\"https:\/\/exceladvisor.org\/de\/beginnen-sie-mit-2\/#primaryimage\"},\"image\":{\"@id\":\"https:\/\/exceladvisor.org\/de\/beginnen-sie-mit-2\/#primaryimage\"},\"thumbnailUrl\":\"https:\/\/exceladvisor.org\/wp-content\/uploads\/2023\/08\/1-si-la-valeur-de-la-cellule-commence-par-un-texte-particulier.png\",\"datePublished\":\"2023-11-11T12:21:14+00:00\",\"dateModified\":\"2023-12-03T13:05:20+00:00\",\"description\":\"In diesem Tutorial erfahren Sie, wie Sie eine Excel-Formel schreiben, um zu \u00fcberpr\u00fcfen, ob eine Zelle mit einem bestimmten Text oder einer bestimmten Zahl beginnt.\",\"breadcrumb\":{\"@id\":\"https:\/\/exceladvisor.org\/de\/beginnen-sie-mit-2\/#breadcrumb\"},\"inLanguage\":\"de\",\"potentialAction\":[{\"@type\":\"ReadAction\",\"target\":[\"https:\/\/exceladvisor.org\/de\/beginnen-sie-mit-2\/\"]}]},{\"@type\":\"ImageObject\",\"inLanguage\":\"de\",\"@id\":\"https:\/\/exceladvisor.org\/de\/beginnen-sie-mit-2\/#primaryimage\",\"url\":\"https:\/\/exceladvisor.org\/wp-content\/uploads\/2023\/08\/1-si-la-valeur-de-la-cellule-commence-par-un-texte-particulier.png\",\"contentUrl\":\"https:\/\/exceladvisor.org\/wp-content\/uploads\/2023\/08\/1-si-la-valeur-de-la-cellule-commence-par-un-texte-particulier.png\"},{\"@type\":\"BreadcrumbList\",\"@id\":\"https:\/\/exceladvisor.org\/de\/beginnen-sie-mit-2\/#breadcrumb\",\"itemListElement\":[{\"@type\":\"ListItem\",\"position\":1,\"name\":\"Accueil\",\"item\":\"https:\/\/exceladvisor.org\/de\/\"},{\"@type\":\"ListItem\",\"position\":2,\"name\":\"Wie \u00fcberpr\u00fcfe ich, ob eine zelle mit text beginnt?\"}]},{\"@type\":\"WebSite\",\"@id\":\"https:\/\/exceladvisor.org\/de\/#website\",\"url\":\"https:\/\/exceladvisor.org\/de\/\",\"name\":\"Excel Advisor\",\"description\":\"Ihr Leitfaden zur Datendominanz\",\"publisher\":{\"@id\":\"https:\/\/exceladvisor.org\/de\/#organization\"},\"potentialAction\":[{\"@type\":\"SearchAction\",\"target\":{\"@type\":\"EntryPoint\",\"urlTemplate\":\"https:\/\/exceladvisor.org\/de\/?s={search_term_string}\"},\"query-input\":{\"@type\":\"PropertyValueSpecification\",\"valueRequired\":true,\"valueName\":\"search_term_string\"}}],\"inLanguage\":\"de\"},{\"@type\":\"Organization\",\"@id\":\"https:\/\/exceladvisor.org\/de\/#organization\",\"name\":\"Excel Advisor\",\"url\":\"https:\/\/exceladvisor.org\/de\/\",\"logo\":{\"@type\":\"ImageObject\",\"inLanguage\":\"de\",\"@id\":\"https:\/\/exceladvisor.org\/de\/#\/schema\/logo\/image\/\",\"url\":\"https:\/\/exceladvisor.org\/de\/wp-content\/uploads\/2023\/11\/exceladvisor.org_.png\",\"contentUrl\":\"https:\/\/exceladvisor.org\/de\/wp-content\/uploads\/2023\/11\/exceladvisor.org_.png\",\"width\":105,\"height\":36,\"caption\":\"Excel Advisor\"},\"image\":{\"@id\":\"https:\/\/exceladvisor.org\/de\/#\/schema\/logo\/image\/\"}}]}<\/script>\n<!-- \/ Yoast SEO plugin. -->","yoast_head_json":{"title":"Wie \u00fcberpr\u00fcfe ich, ob eine Zelle mit Text\/Zahl beginnt?","description":"In diesem Tutorial erfahren Sie, wie Sie eine Excel-Formel schreiben, um zu \u00fcberpr\u00fcfen, ob eine Zelle mit einem bestimmten Text oder einer bestimmten Zahl beginnt.","robots":{"index":"index","follow":"follow","max-snippet":"max-snippet:-1","max-image-preview":"max-image-preview:large","max-video-preview":"max-video-preview:-1"},"canonical":"https:\/\/exceladvisor.org\/de\/beginnen-sie-mit-2\/","og_locale":"de_DE","og_type":"article","og_title":"Wie \u00fcberpr\u00fcfe ich, ob eine Zelle mit Text\/Zahl beginnt?","og_description":"In diesem Tutorial erfahren Sie, wie Sie eine Excel-Formel schreiben, um zu \u00fcberpr\u00fcfen, ob eine Zelle mit einem bestimmten Text oder einer bestimmten Zahl beginnt.","og_url":"https:\/\/exceladvisor.org\/de\/beginnen-sie-mit-2\/","og_site_name":"Excel Advisor","article_modified_time":"2023-12-03T13:05:20+00:00","og_image":[{"url":"https:\/\/exceladvisor.org\/wp-content\/uploads\/2023\/08\/1-si-la-valeur-de-la-cellule-commence-par-un-texte-particulier.png","type":"","width":"","height":""}],"twitter_card":"summary_large_image","twitter_misc":{"Gesch\u00e4tzte Lesezeit":"2\u00a0Minuten"},"schema":{"@context":"https:\/\/schema.org","@graph":[{"@type":"WebPage","@id":"https:\/\/exceladvisor.org\/de\/beginnen-sie-mit-2\/","url":"https:\/\/exceladvisor.org\/de\/beginnen-sie-mit-2\/","name":"Wie \u00fcberpr\u00fcfe ich, ob eine Zelle mit Text\/Zahl beginnt?","isPartOf":{"@id":"https:\/\/exceladvisor.org\/de\/#website"},"primaryImageOfPage":{"@id":"https:\/\/exceladvisor.org\/de\/beginnen-sie-mit-2\/#primaryimage"},"image":{"@id":"https:\/\/exceladvisor.org\/de\/beginnen-sie-mit-2\/#primaryimage"},"thumbnailUrl":"https:\/\/exceladvisor.org\/wp-content\/uploads\/2023\/08\/1-si-la-valeur-de-la-cellule-commence-par-un-texte-particulier.png","datePublished":"2023-11-11T12:21:14+00:00","dateModified":"2023-12-03T13:05:20+00:00","description":"In diesem Tutorial erfahren Sie, wie Sie eine Excel-Formel schreiben, um zu \u00fcberpr\u00fcfen, ob eine Zelle mit einem bestimmten Text oder einer bestimmten Zahl beginnt.","breadcrumb":{"@id":"https:\/\/exceladvisor.org\/de\/beginnen-sie-mit-2\/#breadcrumb"},"inLanguage":"de","potentialAction":[{"@type":"ReadAction","target":["https:\/\/exceladvisor.org\/de\/beginnen-sie-mit-2\/"]}]},{"@type":"ImageObject","inLanguage":"de","@id":"https:\/\/exceladvisor.org\/de\/beginnen-sie-mit-2\/#primaryimage","url":"https:\/\/exceladvisor.org\/wp-content\/uploads\/2023\/08\/1-si-la-valeur-de-la-cellule-commence-par-un-texte-particulier.png","contentUrl":"https:\/\/exceladvisor.org\/wp-content\/uploads\/2023\/08\/1-si-la-valeur-de-la-cellule-commence-par-un-texte-particulier.png"},{"@type":"BreadcrumbList","@id":"https:\/\/exceladvisor.org\/de\/beginnen-sie-mit-2\/#breadcrumb","itemListElement":[{"@type":"ListItem","position":1,"name":"Accueil","item":"https:\/\/exceladvisor.org\/de\/"},{"@type":"ListItem","position":2,"name":"Wie \u00fcberpr\u00fcfe ich, ob eine zelle mit text beginnt?"}]},{"@type":"WebSite","@id":"https:\/\/exceladvisor.org\/de\/#website","url":"https:\/\/exceladvisor.org\/de\/","name":"Excel Advisor","description":"Ihr Leitfaden zur Datendominanz","publisher":{"@id":"https:\/\/exceladvisor.org\/de\/#organization"},"potentialAction":[{"@type":"SearchAction","target":{"@type":"EntryPoint","urlTemplate":"https:\/\/exceladvisor.org\/de\/?s={search_term_string}"},"query-input":{"@type":"PropertyValueSpecification","valueRequired":true,"valueName":"search_term_string"}}],"inLanguage":"de"},{"@type":"Organization","@id":"https:\/\/exceladvisor.org\/de\/#organization","name":"Excel Advisor","url":"https:\/\/exceladvisor.org\/de\/","logo":{"@type":"ImageObject","inLanguage":"de","@id":"https:\/\/exceladvisor.org\/de\/#\/schema\/logo\/image\/","url":"https:\/\/exceladvisor.org\/de\/wp-content\/uploads\/2023\/11\/exceladvisor.org_.png","contentUrl":"https:\/\/exceladvisor.org\/de\/wp-content\/uploads\/2023\/11\/exceladvisor.org_.png","width":105,"height":36,"caption":"Excel Advisor"},"image":{"@id":"https:\/\/exceladvisor.org\/de\/#\/schema\/logo\/image\/"}}]}},"yoast_meta":{"yoast_wpseo_title":"","yoast_wpseo_metadesc":"","yoast_wpseo_canonical":""},"_links":{"self":[{"href":"https:\/\/exceladvisor.org\/de\/wp-json\/wp\/v2\/pages\/3180","targetHints":{"allow":["GET"]}}],"collection":[{"href":"https:\/\/exceladvisor.org\/de\/wp-json\/wp\/v2\/pages"}],"about":[{"href":"https:\/\/exceladvisor.org\/de\/wp-json\/wp\/v2\/types\/page"}],"author":[{"embeddable":true,"href":"https:\/\/exceladvisor.org\/de\/wp-json\/wp\/v2\/users\/1"}],"replies":[{"embeddable":true,"href":"https:\/\/exceladvisor.org\/de\/wp-json\/wp\/v2\/comments?post=3180"}],"version-history":[{"count":1,"href":"https:\/\/exceladvisor.org\/de\/wp-json\/wp\/v2\/pages\/3180\/revisions"}],"predecessor-version":[{"id":4210,"href":"https:\/\/exceladvisor.org\/de\/wp-json\/wp\/v2\/pages\/3180\/revisions\/4210"}],"wp:attachment":[{"href":"https:\/\/exceladvisor.org\/de\/wp-json\/wp\/v2\/media?parent=3180"}],"curies":[{"name":"wp","href":"https:\/\/api.w.org\/{rel}","templated":true}]}}