{"id":3181,"date":"2023-11-11T12:06:18","date_gmt":"2023-11-11T12:06:18","guid":{"rendered":"https:\/\/exceladvisor.org\/de\/indirekte-summe-2\/"},"modified":"2023-12-03T13:05:03","modified_gmt":"2023-12-03T13:05:03","slug":"indirekte-summe-2","status":"publish","type":"page","link":"https:\/\/exceladvisor.org\/de\/indirekte-summe-2\/","title":{"rendered":"Wie verwende ich indirect mit sum in excel?"},"content":{"rendered":"<div class=\"excel-vor-dem-inhalt\" id=\"excel-3717656760\"><script type=\"text\/javascript\">\r\n\tatOptions = {\r\n\t\t'key' : 'c1158f160081d6540a8409e6925dab94',\r\n\t\t'format' : 'iframe',\r\n\t\t'height' : 250,\r\n\t\t'width' : 300,\r\n\t\t'params' : {}\r\n\t};\r\n<\/script>\r\n<script type=\"text\/javascript\" src=\"\/\/www.highperformanceformat.com\/c1158f160081d6540a8409e6925dab94\/invoke.js\"><\/script><\/div> <p>Wenn Sie INDIRECT mit der SUM-Funktion kombinieren, k\u00f6nnen Sie eine dynamische Summenformel erstellen. Und mit dieser Formel k\u00f6nnen Sie auf eine Zelle verweisen, in der Sie den Bereich (in Textform) haben, f\u00fcr den Sie die Summe w\u00fcnschen. Dies bedeutet, dass Sie die Referenz der Formel selbst nicht immer wieder \u00e4ndern m\u00fcssen. <\/p><div class=\"wp-block-image\"><figure class=\"aligncenter size-full is-resized\"><img loading=\"lazy\" decoding=\"async\" class=\"wp-image-80191\" src=\"https:\/\/exceladvisor.org\/wp-content\/uploads\/2023\/08\/1-utilisation-indirecte-avec-somme.png\" sizes=\"auto, \" srcset=\"\" alt=\"Indirekt mit Summe verwenden\" width=\"458\" height=\"421\"><\/figure><\/div><p class=\"grey-note\"> Mit INDIRECT k\u00f6nnen Sie einen Zell- oder Bereichsbezug erstellen, indem Sie Text eingeben.<\/p><h2 class=\"wp-block-heading\"> Kombinieren Sie INDIREKT mit SUMME<\/h2><p> Sie k\u00f6nnen die folgenden Schritte ausf\u00fchren:<\/p><ul><li> Geben Sie zun\u00e4chst in einer Zelle den Bereich ein, auf den Sie verweisen m\u00f6chten.<\/li><li> Geben Sie anschlie\u00dfend in einer anderen Zelle die SUMME-Funktion ein.<\/li><li> Geben Sie als N\u00e4chstes die Funktion INDIRECT ein und verweisen Sie im ersten Argument von INDIRECT auf die Zelle mit der Bereichsadresse.<\/li><li> Schlie\u00dfen Sie nun beide Funktionen und dr\u00fccken Sie die Eingabetaste, um das Ergebnis zu erhalten. <\/li><\/ul><div class=\"wp-block-image\"><figure class=\"aligncenter size-full is-resized\"><img loading=\"lazy\" decoding=\"async\" class=\"wp-image-80192\" src=\"https:\/\/exceladvisor.org\/wp-content\/uploads\/2023\/08\/2-combiner-indirect-et-somme.png\" sizes=\"auto, \" srcset=\"\" alt=\"kombiniere-indirekt-und-summe\" width=\"522\" height=\"394\"><\/figure><\/div><p> Sobald Sie die Eingabetaste dr\u00fccken, wird die Summe der Werte im Bereich A2:A7 zur\u00fcckgegeben. <\/p><div class=\"wp-block-image\"><figure class=\"aligncenter size-full is-resized\"><img loading=\"lazy\" decoding=\"async\" class=\"wp-image-80193\" src=\"https:\/\/exceladvisor.org\/wp-content\/uploads\/2023\/08\/3-somme-de-valeurs.png\" sizes=\"auto, \" srcset=\"\" alt=\"Summe der Werte\" width=\"405\" height=\"305\"><\/figure><\/div><h2 class=\"wp-block-heading\"> Verwenden Sie INDIREKT, um bei SUM auf ein anderes Blatt zu verweisen<\/h2><p> Nehmen wir an, Sie haben einen Bereich, der sich in einem anderen Blatt befindet. In diesem Fall k\u00f6nnen Sie auch INDIRECT und SUM verwenden. <\/p><div class=\"wp-block-image\"><figure class=\"aligncenter size-full is-resized\"><img loading=\"lazy\" decoding=\"async\" class=\"wp-image-80194\" src=\"https:\/\/exceladvisor.org\/wp-content\/uploads\/2023\/08\/4-indirect-pour-renvoyer-une-autre-feuille-a-la-somme.png\" sizes=\"auto, \" srcset=\"\" alt=\"indirekt, um auf ein weiteres Blatt zu verweisen, das hinzugef\u00fcgt werden soll\" width=\"672\" height=\"280\"><\/figure><\/div><p> Im obigen Beispiel haben wir die Formel in \u201eBlatt2\u201c eingegeben und den Bereich auf dem Blatt \u201eDaten\u201c referenziert. Und in der Formel gibt es zwei verschiedene Zellen mit Werten, auf die verwiesen werden kann. In der ersten Zelle steht der Name des Blattes und in der zweiten Zelle der Bereich selbst.<\/p><pre class=\"wp-block-code\"> <code class=\"language-excel-formula\" lang=\"excel-formula\">=SUM(INDIRECT(A1&amp;\"!\"&amp;B1))<\/code><\/pre><h2 class=\"wp-block-heading\"> Verwenden Sie INDIRECT f\u00fcr SUM mit mehreren Bl\u00e4ttern<\/h2><p> Wenn Sie \u00fcber mehrere Bl\u00e4tter verf\u00fcgen und die Werte eines Bereichs aller dieser Bl\u00e4tter addieren m\u00f6chten, m\u00fcssen Sie eine Formel wie die folgende verwenden: <\/p><div class=\"wp-block-image\"><figure class=\"aligncenter size-full is-resized\"><img loading=\"lazy\" decoding=\"async\" class=\"wp-image-80195\" src=\"https:\/\/exceladvisor.org\/wp-content\/uploads\/2023\/08\/5-indirects-pour-additionner-plusieurs-feuilles.png\" sizes=\"auto, \" srcset=\"\" alt=\"indirekt zur Summe mehrerer Bl\u00e4tter\" width=\"713\" height=\"220\"><\/figure><\/div><pre class=\"wp-block-code\"> <code class=\"language-excel-formula\" lang=\"excel-formula\">=SUMPRODUCT(SUMIF(INDIRECT(\"'\"&amp;A2:A4&amp;\"'!\"&amp;B2),\"&gt;0\"))<\/code><\/pre><p> In dieser Formel haben wir SUMPRODUCT und SUMIF anstelle von SUM verwendet. Im INDIREKT gibt es einen Verweis auf den Namen der Bl\u00e4tter und den Bereich. Dadurch wird ein <a href=\"https:\/\/exceladvisor.org\/de\/referenz-3d\/\">3D-Bereich<\/a> f\u00fcr den Bereich A2:A7 in allen drei Bl\u00e4ttern (Daten1, Daten2 und Daten3) erstellt. <\/p><div class=\"wp-block-image\"><figure class=\"aligncenter size-full is-resized\"><img loading=\"lazy\" decoding=\"async\" class=\"wp-image-80196\" src=\"https:\/\/exceladvisor.org\/wp-content\/uploads\/2023\/08\/6-sumproduit-cumule-sumif.png\" sizes=\"auto, \" srcset=\"\" alt=\"Summe-Produkt-kombinierte-Summe\" width=\"638\" height=\"304\"><\/figure><\/div><p> Danach verwendet SUMIF diesen Bereich und gibt die einzelnen Summen der drei Bereiche zur\u00fcck. <\/p><div class=\"wp-block-image\"><figure class=\"aligncenter size-full is-resized\"><img loading=\"lazy\" decoding=\"async\" class=\"wp-image-80197\" src=\"https:\/\/exceladvisor.org\/wp-content\/uploads\/2023\/08\/7-sumif-utilise-la-gamme.png\" sizes=\"auto, \" srcset=\"\" alt=\"sumif-verwendet-den-bereich\" width=\"676\" height=\"270\"><\/figure><\/div><p> Letztendlich verwendet SUMPRODUCT diese Werte und gibt einen einzelnen Summenwert in der Zelle zur\u00fcck. <\/p><div class=\"wp-block-image\"><figure class=\"aligncenter size-full is-resized\"><img loading=\"lazy\" decoding=\"async\" class=\"wp-image-80198\" src=\"https:\/\/exceladvisor.org\/wp-content\/uploads\/2023\/08\/8-sumproduct-renvoie-une-seule-somme.png\" sizes=\"auto, \" srcset=\"\" alt=\"sumproduct-gibt-eine-einzelne-Summe zur\u00fcck\" width=\"591\" height=\"242\"><\/figure><\/div><p> Hier k\u00f6nnen Sie mehr \u00fcber die Verwendung <a href=\"https:\/\/exceladvisor.org\/de\/zustand-im-gesamtprodukt\/\">von SUMPRODUCT IF<\/a> erfahren und sich hier einen besseren \u00dcberblick \u00fcber die Verwendung verschaffen. <\/p><div class=\"gb-container gb-container-52dfcee1 gb-container-sample-file\"><h2 class=\"gb-headline gb-headline-e289c143 gb-headline-text gb-headline-4f7959c2\"> Holen Sie sich die Excel-Datei<\/h2> <a class=\"gb-button gb-button-e88d6bee gb-button-text gb-button-button1\" href=\"https:\/\/exceladvisor.org\/wp-content\/uploads\/2023\/08\/somme-indirecte.xlsx\" rel=\"nofollow\">Herunterladen<\/a><\/div><div class=\"gb-container gb-container-0df56012 gb-container-mt\"> <a class=\"gb-button gb-button-f9f432f4 gb-button-text gb-button-mt-button\" href=\"https:\/\/exceladvisor.org\/de\/formeln\/\">Liste der Excel-Formeln<\/a><h2 class=\"gb-headline gb-headline-233444e8 gb-headline-text gb-headline-mt-heading\"> Verwandte Formeln <\/h2><div class=\"gb-grid-wrapper gb-grid-wrapper-a16fa65c gb-grid-wrapper-mt-grid\"><div class=\"gb-grid-column gb-grid-column-50d07e0d\"><div class=\"gb-container gb-container-50d07e0d\"><ul><li> <a href=\"https:\/\/exceladvisor.org\/de\/fugen-sie-die-gesamte-spalte-hinzu\/\">F\u00fcgen Sie eine ganze Spalte oder Zeile in Excel hinzu<\/a><\/li><li> <a href=\"https:\/\/exceladvisor.org\/de\/fugen-sie-nur-sichtbare-zellen-hinzu\/\">Summieren Sie nur sichtbare Zellen in Excel<\/a><\/li><li> <a href=\"https:\/\/exceladvisor.org\/de\/fugen-sie-zufallige-zellen-hinzu\/\">Summe zuf\u00e4lliger Zellen in Excel<\/a><\/li><li> <a href=\"https:\/\/exceladvisor.org\/de\/gesamtlinie\/\">F\u00fcgen Sie in Excel eine Gesamtzeile hinzu<\/a><\/li><li> <a href=\"https:\/\/exceladvisor.org\/de\/autosumme-1\/\">Verwenden Sie AutoSumme schnell in Excel<\/a> <\/li><\/ul><\/div><\/div><div class=\"gb-grid-column gb-grid-column-5b4a0cf9\"><div class=\"gb-container gb-container-5b4a0cf9\"><\/div><\/div><\/div><\/div>","protected":false},"excerpt":{"rendered":"","protected":false},"author":1,"featured_media":0,"parent":0,"menu_order":0,"comment_status":"open","ping_status":"closed","template":"","meta":{"ub_ctt_via":"","footnotes":""},"class_list":["post-3181","page","type-page","status-publish","hentry"],"featured_image_src":null,"yoast_head":"<!-- This site is optimized with the Yoast SEO plugin v25.4 - https:\/\/yoast.com\/wordpress\/plugins\/seo\/ -->\n<title>\u25b7 Wie verwende ich INDIRECT mit SUM in Excel?<\/title>\n<meta name=\"description\" content=\"In diesem Tutorial erfahren Sie, wie Sie eine Excel-Formel schreiben, um die Funktion INDIREKT mit der SUMME zu kombinieren. Lassen Sie uns das \u00fcberpr\u00fcfen ...\" \/>\n<meta name=\"robots\" content=\"index, follow, max-snippet:-1, max-image-preview:large, max-video-preview:-1\" \/>\n<link rel=\"canonical\" href=\"https:\/\/exceladvisor.org\/de\/indirekte-summe-2\/\" \/>\n<meta property=\"og:locale\" content=\"de_DE\" \/>\n<meta property=\"og:type\" content=\"article\" \/>\n<meta property=\"og:title\" content=\"\u25b7 Wie verwende ich INDIRECT mit SUM in Excel?\" \/>\n<meta property=\"og:description\" content=\"In diesem Tutorial erfahren Sie, wie Sie eine Excel-Formel schreiben, um die Funktion INDIREKT mit der SUMME zu kombinieren. Lassen Sie uns das \u00fcberpr\u00fcfen ...\" \/>\n<meta property=\"og:url\" content=\"https:\/\/exceladvisor.org\/de\/indirekte-summe-2\/\" \/>\n<meta property=\"og:site_name\" content=\"Excel Advisor\" \/>\n<meta property=\"article:modified_time\" content=\"2023-12-03T13:05:03+00:00\" \/>\n<meta property=\"og:image\" content=\"https:\/\/exceladvisor.org\/wp-content\/uploads\/2023\/08\/1-utilisation-indirecte-avec-somme.png\" \/>\n<meta name=\"twitter:card\" content=\"summary_large_image\" \/>\n<meta name=\"twitter:label1\" content=\"Gesch\u00e4tzte Lesezeit\" \/>\n\t<meta name=\"twitter:data1\" content=\"2\u00a0Minuten\" \/>\n<script type=\"application\/ld+json\" class=\"yoast-schema-graph\">{\"@context\":\"https:\/\/schema.org\",\"@graph\":[{\"@type\":\"WebPage\",\"@id\":\"https:\/\/exceladvisor.org\/de\/indirekte-summe-2\/\",\"url\":\"https:\/\/exceladvisor.org\/de\/indirekte-summe-2\/\",\"name\":\"\u25b7 Wie verwende ich INDIRECT mit SUM in Excel?\",\"isPartOf\":{\"@id\":\"https:\/\/exceladvisor.org\/de\/#website\"},\"primaryImageOfPage\":{\"@id\":\"https:\/\/exceladvisor.org\/de\/indirekte-summe-2\/#primaryimage\"},\"image\":{\"@id\":\"https:\/\/exceladvisor.org\/de\/indirekte-summe-2\/#primaryimage\"},\"thumbnailUrl\":\"https:\/\/exceladvisor.org\/wp-content\/uploads\/2023\/08\/1-utilisation-indirecte-avec-somme.png\",\"datePublished\":\"2023-11-11T12:06:18+00:00\",\"dateModified\":\"2023-12-03T13:05:03+00:00\",\"description\":\"In diesem Tutorial erfahren Sie, wie Sie eine Excel-Formel schreiben, um die Funktion INDIREKT mit der SUMME zu kombinieren. Lassen Sie uns das \u00fcberpr\u00fcfen ...\",\"breadcrumb\":{\"@id\":\"https:\/\/exceladvisor.org\/de\/indirekte-summe-2\/#breadcrumb\"},\"inLanguage\":\"de\",\"potentialAction\":[{\"@type\":\"ReadAction\",\"target\":[\"https:\/\/exceladvisor.org\/de\/indirekte-summe-2\/\"]}]},{\"@type\":\"ImageObject\",\"inLanguage\":\"de\",\"@id\":\"https:\/\/exceladvisor.org\/de\/indirekte-summe-2\/#primaryimage\",\"url\":\"https:\/\/exceladvisor.org\/wp-content\/uploads\/2023\/08\/1-utilisation-indirecte-avec-somme.png\",\"contentUrl\":\"https:\/\/exceladvisor.org\/wp-content\/uploads\/2023\/08\/1-utilisation-indirecte-avec-somme.png\"},{\"@type\":\"BreadcrumbList\",\"@id\":\"https:\/\/exceladvisor.org\/de\/indirekte-summe-2\/#breadcrumb\",\"itemListElement\":[{\"@type\":\"ListItem\",\"position\":1,\"name\":\"Accueil\",\"item\":\"https:\/\/exceladvisor.org\/de\/\"},{\"@type\":\"ListItem\",\"position\":2,\"name\":\"Wie verwende ich indirect mit sum in excel?\"}]},{\"@type\":\"WebSite\",\"@id\":\"https:\/\/exceladvisor.org\/de\/#website\",\"url\":\"https:\/\/exceladvisor.org\/de\/\",\"name\":\"Excel Advisor\",\"description\":\"Ihr Leitfaden zur Datendominanz\",\"publisher\":{\"@id\":\"https:\/\/exceladvisor.org\/de\/#organization\"},\"potentialAction\":[{\"@type\":\"SearchAction\",\"target\":{\"@type\":\"EntryPoint\",\"urlTemplate\":\"https:\/\/exceladvisor.org\/de\/?s={search_term_string}\"},\"query-input\":{\"@type\":\"PropertyValueSpecification\",\"valueRequired\":true,\"valueName\":\"search_term_string\"}}],\"inLanguage\":\"de\"},{\"@type\":\"Organization\",\"@id\":\"https:\/\/exceladvisor.org\/de\/#organization\",\"name\":\"Excel Advisor\",\"url\":\"https:\/\/exceladvisor.org\/de\/\",\"logo\":{\"@type\":\"ImageObject\",\"inLanguage\":\"de\",\"@id\":\"https:\/\/exceladvisor.org\/de\/#\/schema\/logo\/image\/\",\"url\":\"https:\/\/exceladvisor.org\/de\/wp-content\/uploads\/2023\/11\/exceladvisor.org_.png\",\"contentUrl\":\"https:\/\/exceladvisor.org\/de\/wp-content\/uploads\/2023\/11\/exceladvisor.org_.png\",\"width\":105,\"height\":36,\"caption\":\"Excel Advisor\"},\"image\":{\"@id\":\"https:\/\/exceladvisor.org\/de\/#\/schema\/logo\/image\/\"}}]}<\/script>\n<!-- \/ Yoast SEO plugin. -->","yoast_head_json":{"title":"\u25b7 Wie verwende ich INDIRECT mit SUM in Excel?","description":"In diesem Tutorial erfahren Sie, wie Sie eine Excel-Formel schreiben, um die Funktion INDIREKT mit der SUMME zu kombinieren. Lassen Sie uns das \u00fcberpr\u00fcfen ...","robots":{"index":"index","follow":"follow","max-snippet":"max-snippet:-1","max-image-preview":"max-image-preview:large","max-video-preview":"max-video-preview:-1"},"canonical":"https:\/\/exceladvisor.org\/de\/indirekte-summe-2\/","og_locale":"de_DE","og_type":"article","og_title":"\u25b7 Wie verwende ich INDIRECT mit SUM in Excel?","og_description":"In diesem Tutorial erfahren Sie, wie Sie eine Excel-Formel schreiben, um die Funktion INDIREKT mit der SUMME zu kombinieren. Lassen Sie uns das \u00fcberpr\u00fcfen ...","og_url":"https:\/\/exceladvisor.org\/de\/indirekte-summe-2\/","og_site_name":"Excel Advisor","article_modified_time":"2023-12-03T13:05:03+00:00","og_image":[{"url":"https:\/\/exceladvisor.org\/wp-content\/uploads\/2023\/08\/1-utilisation-indirecte-avec-somme.png","type":"","width":"","height":""}],"twitter_card":"summary_large_image","twitter_misc":{"Gesch\u00e4tzte Lesezeit":"2\u00a0Minuten"},"schema":{"@context":"https:\/\/schema.org","@graph":[{"@type":"WebPage","@id":"https:\/\/exceladvisor.org\/de\/indirekte-summe-2\/","url":"https:\/\/exceladvisor.org\/de\/indirekte-summe-2\/","name":"\u25b7 Wie verwende ich INDIRECT mit SUM in Excel?","isPartOf":{"@id":"https:\/\/exceladvisor.org\/de\/#website"},"primaryImageOfPage":{"@id":"https:\/\/exceladvisor.org\/de\/indirekte-summe-2\/#primaryimage"},"image":{"@id":"https:\/\/exceladvisor.org\/de\/indirekte-summe-2\/#primaryimage"},"thumbnailUrl":"https:\/\/exceladvisor.org\/wp-content\/uploads\/2023\/08\/1-utilisation-indirecte-avec-somme.png","datePublished":"2023-11-11T12:06:18+00:00","dateModified":"2023-12-03T13:05:03+00:00","description":"In diesem Tutorial erfahren Sie, wie Sie eine Excel-Formel schreiben, um die Funktion INDIREKT mit der SUMME zu kombinieren. Lassen Sie uns das \u00fcberpr\u00fcfen ...","breadcrumb":{"@id":"https:\/\/exceladvisor.org\/de\/indirekte-summe-2\/#breadcrumb"},"inLanguage":"de","potentialAction":[{"@type":"ReadAction","target":["https:\/\/exceladvisor.org\/de\/indirekte-summe-2\/"]}]},{"@type":"ImageObject","inLanguage":"de","@id":"https:\/\/exceladvisor.org\/de\/indirekte-summe-2\/#primaryimage","url":"https:\/\/exceladvisor.org\/wp-content\/uploads\/2023\/08\/1-utilisation-indirecte-avec-somme.png","contentUrl":"https:\/\/exceladvisor.org\/wp-content\/uploads\/2023\/08\/1-utilisation-indirecte-avec-somme.png"},{"@type":"BreadcrumbList","@id":"https:\/\/exceladvisor.org\/de\/indirekte-summe-2\/#breadcrumb","itemListElement":[{"@type":"ListItem","position":1,"name":"Accueil","item":"https:\/\/exceladvisor.org\/de\/"},{"@type":"ListItem","position":2,"name":"Wie verwende ich indirect mit sum in excel?"}]},{"@type":"WebSite","@id":"https:\/\/exceladvisor.org\/de\/#website","url":"https:\/\/exceladvisor.org\/de\/","name":"Excel Advisor","description":"Ihr Leitfaden zur Datendominanz","publisher":{"@id":"https:\/\/exceladvisor.org\/de\/#organization"},"potentialAction":[{"@type":"SearchAction","target":{"@type":"EntryPoint","urlTemplate":"https:\/\/exceladvisor.org\/de\/?s={search_term_string}"},"query-input":{"@type":"PropertyValueSpecification","valueRequired":true,"valueName":"search_term_string"}}],"inLanguage":"de"},{"@type":"Organization","@id":"https:\/\/exceladvisor.org\/de\/#organization","name":"Excel Advisor","url":"https:\/\/exceladvisor.org\/de\/","logo":{"@type":"ImageObject","inLanguage":"de","@id":"https:\/\/exceladvisor.org\/de\/#\/schema\/logo\/image\/","url":"https:\/\/exceladvisor.org\/de\/wp-content\/uploads\/2023\/11\/exceladvisor.org_.png","contentUrl":"https:\/\/exceladvisor.org\/de\/wp-content\/uploads\/2023\/11\/exceladvisor.org_.png","width":105,"height":36,"caption":"Excel Advisor"},"image":{"@id":"https:\/\/exceladvisor.org\/de\/#\/schema\/logo\/image\/"}}]}},"yoast_meta":{"yoast_wpseo_title":"","yoast_wpseo_metadesc":"","yoast_wpseo_canonical":""},"_links":{"self":[{"href":"https:\/\/exceladvisor.org\/de\/wp-json\/wp\/v2\/pages\/3181","targetHints":{"allow":["GET"]}}],"collection":[{"href":"https:\/\/exceladvisor.org\/de\/wp-json\/wp\/v2\/pages"}],"about":[{"href":"https:\/\/exceladvisor.org\/de\/wp-json\/wp\/v2\/types\/page"}],"author":[{"embeddable":true,"href":"https:\/\/exceladvisor.org\/de\/wp-json\/wp\/v2\/users\/1"}],"replies":[{"embeddable":true,"href":"https:\/\/exceladvisor.org\/de\/wp-json\/wp\/v2\/comments?post=3181"}],"version-history":[{"count":1,"href":"https:\/\/exceladvisor.org\/de\/wp-json\/wp\/v2\/pages\/3181\/revisions"}],"predecessor-version":[{"id":4371,"href":"https:\/\/exceladvisor.org\/de\/wp-json\/wp\/v2\/pages\/3181\/revisions\/4371"}],"wp:attachment":[{"href":"https:\/\/exceladvisor.org\/de\/wp-json\/wp\/v2\/media?parent=3181"}],"curies":[{"name":"wp","href":"https:\/\/api.w.org\/{rel}","templated":true}]}}