{"id":3182,"date":"2023-11-11T11:57:31","date_gmt":"2023-11-11T11:57:31","guid":{"rendered":"https:\/\/exceladvisor.org\/de\/wenn-zellwertnummer\/"},"modified":"2023-12-03T13:05:17","modified_gmt":"2023-12-03T13:05:17","slug":"wenn-zellwertnummer","status":"publish","type":"page","link":"https:\/\/exceladvisor.org\/de\/wenn-zellwertnummer\/","title":{"rendered":"Wie \u00fcberpr\u00fcfe ich, ob ein zellenwert eine zahl ist?"},"content":{"rendered":"<div class=\"excel-vor-dem-inhalt\" id=\"excel-185574682\"><script type=\"text\/javascript\">\r\n\tatOptions = {\r\n\t\t'key' : 'c1158f160081d6540a8409e6925dab94',\r\n\t\t'format' : 'iframe',\r\n\t\t'height' : 250,\r\n\t\t'width' : 300,\r\n\t\t'params' : {}\r\n\t};\r\n<\/script>\r\n<script type=\"text\/javascript\" src=\"\/\/www.highperformanceformat.com\/c1158f160081d6540a8409e6925dab94\/invoke.js\"><\/script><\/div> <p>Um zu \u00fcberpr\u00fcfen, ob ein Zellenwert eine Zahl ist oder nicht, k\u00f6nnen Sie IF + ISNUMBER in einer Kombination verwenden. In dieser Kombination testet ISNUMBER, ob ein Wert eine Zahl ist oder nicht und gibt das Ergebnis als TRUE und FALSE zur\u00fcck. Danach verwendet IF TRUE oder FALSE, um einen aussagekr\u00e4ftigen Wert im Ergebnis zur\u00fcckzugeben.<\/p><h2 class=\"wp-block-heading\"> Formel zum Testen, ob ein Zellenwert eine Zahl ist<\/h2><p> Um diese Formel zu schreiben, k\u00f6nnen Sie die folgenden Schritte ausf\u00fchren.<\/p><ol type=\"1\"><li> Geben Sie zun\u00e4chst die WENN-Funktion einer Zelle ein.<\/li><li> Geben Sie anschlie\u00dfend im ersten Argument von IF (logical_text) die Funktion ISNUMBER ein.<\/li><li> Verweisen Sie dann in der Funktion ESTNUM auf die Zelle, in der Sie die Zahl testen m\u00f6chten.<\/li><li> Geben Sie nun im Argument [value_if_true] \u201eJa\u201c und im Argument [value_if_false] \u201eNein\u201c ein. Sie k\u00f6nnen bei Bedarf auch andere aussagekr\u00e4ftige Werte verwenden.<\/li><li> Geben Sie am Ende die schlie\u00dfenden Klammern ein und dr\u00fccken Sie die Eingabetaste, um das Ergebnis zu erhalten. <\/li><\/ol><div class=\"wp-block-image\"><figure class=\"aligncenter size-full is-resized\"><img loading=\"lazy\" decoding=\"async\" class=\"alignnone  wp-image-13399\" src=\"https:\/\/exceladvisor.org\/wp-content\/uploads\/2023\/11\/1-formule-pour-tester-la-valeur-de-la-cellule-est-un-nombre.png\" alt=\"1-Formel zum Testen des Zellenwerts ist eine Zahl\" width=\"404\" height=\"267\" srcset=\"https:\/\/exceladvisor.org\/wp-content\/uploads\/2023\/11\/1-formule-pour-tester-la-valeur-de-la-cellule-est-un-nombre.png 724w, https:\/\/exceladvisor.org\/wp-content\/uploads\/2023\/11\/1-formule-pour-tester-la-valeur-de-la-cellule-est-un-nombre-300x198.png 300w\" sizes=\"auto, (max-width: 404px) 100vw, 404px\"><\/figure><\/div><p> Sobald Sie die Eingabetaste dr\u00fccken, wird JA oder NEIN zur\u00fcckgegeben, je nachdem, welchen Wert Sie in der referenzierten Zelle haben.<\/p><h2 class=\"wp-block-heading\"> Wie funktioniert diese Formel?<\/h2><p> Wie gesagt, in dieser Formel haben wir zwei Funktionen, WENN + ISNUM. In Zelle A2 steht eine Zahl, deshalb steht im Ergebnis bei ISNUMBER TRUE. <\/p><div class=\"wp-block-image\"><figure class=\"aligncenter size-full is-resized\"><img loading=\"lazy\" decoding=\"async\" class=\"alignnone  wp-image-13398\" src=\"https:\/\/exceladvisor.org\/wp-content\/uploads\/2023\/11\/comment-cette-formule-fonctionnes.png\" alt=\"wie-funktioniert-diese-formel\" width=\"592\" height=\"375\" srcset=\"https:\/\/exceladvisor.org\/wp-content\/uploads\/2023\/11\/comment-cette-formule-fonctionnes.png 919w, https:\/\/exceladvisor.org\/wp-content\/uploads\/2023\/11\/comment-cette-formule-fonctionnes-300x190.png 300w, https:\/\/exceladvisor.org\/wp-content\/uploads\/2023\/11\/comment-cette-formule-fonctionnes-768x487.png 768w\" sizes=\"auto, (max-width: 592px) 100vw, 592px\"><\/figure><\/div><p> Jetzt haben wir WAHR, deshalb gibt IF im Ergebnis JA f\u00fcr den Wert zur\u00fcck, den Sie in Zelle A2 haben.<\/p><pre class=\"wp-block-preformatted\"> =IF(ISNUMBER(A1),\"Yes\",\"No\")<\/pre><h2 class=\"wp-block-heading\"> Gleiche Formel auf dem Mac<\/h2><p> Wenn Sie Excel f\u00fcr Mac verwenden, ist die Formel dieselbe und kann mit denselben Funktionen geschrieben werden. <\/p><div class=\"wp-block-image\"><figure class=\"aligncenter size-full is-resized\"><img loading=\"lazy\" decoding=\"async\" class=\"alignnone  wp-image-13397\" src=\"https:\/\/exceladvisor.org\/wp-content\/uploads\/2023\/11\/meme-formule-dans-macs.png\" alt=\"Gleiche-Formel-in-Macs\" width=\"588\" height=\"287\" srcset=\"https:\/\/exceladvisor.org\/wp-content\/uploads\/2023\/11\/meme-formule-dans-macs.png 1822w, https:\/\/exceladvisor.org\/wp-content\/uploads\/2023\/11\/meme-formule-dans-macs-300x147.png 300w, https:\/\/exceladvisor.org\/wp-content\/uploads\/2023\/11\/meme-formule-dans-macs-1024x500.png 1024w, https:\/\/exceladvisor.org\/wp-content\/uploads\/2023\/11\/meme-formule-dans-macs-768x375.png 768w, https:\/\/exceladvisor.org\/wp-content\/uploads\/2023\/11\/meme-formule-dans-macs-1536x750.png 1536w\" sizes=\"auto, (max-width: 588px) 100vw, 588px\"><\/figure><\/div><p class=\"grey-note\"> Excel speichert ein Datum als Zahl. Und wenn Sie ein Datum in einer Zelle haben, behandelt ISNUMBER dieses Datum als Zahl und gibt im Ergebnis TRUE zur\u00fcck. Ich versuche, eine L\u00f6sung f\u00fcr dieses Problem zu finden, kann aber mit dieser Formel immer noch nicht den Unterschied zwischen einer Zahl und einem Datum erkennen. <\/p><div class=\"gb-container gb-container-52dfcee1 gb-container-sample-file\"><h2 class=\"gb-headline gb-headline-e289c143 gb-headline-text gb-headline-4f7959c2\"> Holen Sie sich die Excel-Datei<\/h2><p> <a class=\"gb-button gb-button-e88d6bee gb-button-text gb-button-button1\" href=\"https:\/\/exceladvisor.org\/wp-content\/uploads\/2023\/11\/si-nombre.xlsx\" rel=\"nofollow\">Herunterladen<\/a><\/p><\/div><div class=\"gb-container gb-container-0df56012 gb-container-mt\"> <a class=\"gb-button gb-button-f9f432f4 gb-button-text gb-button-mt-button\" href=\"https:\/\/exceladvisor.org\/de\/formeln\/\">Liste der Excel-Formeln<\/a><h2 class=\"gb-headline gb-headline-233444e8 gb-headline-text gb-headline-mt-heading\"> Verwandte Formeln <\/h2><div class=\"gb-grid-wrapper gb-grid-wrapper-a16fa65c gb-grid-wrapper-mt-grid\"><div class=\"gb-grid-column gb-grid-column-5b4a0cf9\"><div class=\"gb-container gb-container-5b4a0cf9\"><ul><li> <a href=\"https:\/\/exceladvisor.org\/de\/wenn-die-zelle-einen-teil-enthalt\/\">\u00dcberpr\u00fcfen Sie, ob eine Zelle Teiltext enth\u00e4lt<\/a><\/li><li> <a href=\"https:\/\/exceladvisor.org\/de\/beginnen-sie-mit-2\/\">Wenn ein Zellenwert mit Text oder einer Zahl beginnt<\/a><\/li><li> <a href=\"https:\/\/exceladvisor.org\/de\/median-wenn-2\/\">Median mit IF (bedingte Kriterien)<\/a><\/li><li> <a href=\"https:\/\/exceladvisor.org\/de\/verketten-wenn-2\/\">CONCATENATE IF (Kombinieren mit Bedingung)<\/a><\/li><li> <a href=\"https:\/\/exceladvisor.org\/de\/zwischensumme-wenn-2\/\">ZWISCHENSUMME mit IF (bedingte ZWISCHENSUMME)<\/a><\/li><\/ul><\/div><\/div><\/div><\/div>","protected":false},"excerpt":{"rendered":"","protected":false},"author":1,"featured_media":0,"parent":0,"menu_order":0,"comment_status":"open","ping_status":"closed","template":"","meta":{"ub_ctt_via":"","footnotes":""},"class_list":["post-3182","page","type-page","status-publish","hentry"],"featured_image_src":null,"yoast_head":"<!-- This site is optimized with the Yoast SEO plugin v25.4 - https:\/\/yoast.com\/wordpress\/plugins\/seo\/ -->\n<title>\u00dcberpr\u00fcfen Sie, ob ein Zellenwert in Excel eine Zahl ist<\/title>\n<meta name=\"description\" content=\"In diesem Tutorial erfahren Sie, wie Sie eine Excel-Formel schreiben, um zu \u00fcberpr\u00fcfen, ob ein Zellenwert eine Zahl ist. Lassen Sie uns das \u00fcberpr\u00fcfen ...\" \/>\n<meta name=\"robots\" content=\"index, follow, max-snippet:-1, max-image-preview:large, max-video-preview:-1\" \/>\n<link rel=\"canonical\" href=\"https:\/\/exceladvisor.org\/de\/wenn-zellwertnummer\/\" \/>\n<meta property=\"og:locale\" content=\"de_DE\" \/>\n<meta property=\"og:type\" content=\"article\" \/>\n<meta property=\"og:title\" content=\"\u00dcberpr\u00fcfen Sie, ob ein Zellenwert in Excel eine Zahl ist\" \/>\n<meta property=\"og:description\" content=\"In diesem Tutorial erfahren Sie, wie Sie eine Excel-Formel schreiben, um zu \u00fcberpr\u00fcfen, ob ein Zellenwert eine Zahl ist. Lassen Sie uns das \u00fcberpr\u00fcfen ...\" \/>\n<meta property=\"og:url\" content=\"https:\/\/exceladvisor.org\/de\/wenn-zellwertnummer\/\" \/>\n<meta property=\"og:site_name\" content=\"Excel Advisor\" \/>\n<meta property=\"article:modified_time\" content=\"2023-12-03T13:05:17+00:00\" \/>\n<meta property=\"og:image\" content=\"https:\/\/exceladvisor.org\/wp-content\/uploads\/2023\/11\/1-formule-pour-tester-la-valeur-de-la-cellule-est-un-nombre.png\" \/>\n<meta name=\"twitter:card\" content=\"summary_large_image\" \/>\n<meta name=\"twitter:label1\" content=\"Gesch\u00e4tzte Lesezeit\" \/>\n\t<meta name=\"twitter:data1\" content=\"2\u00a0Minuten\" \/>\n<script type=\"application\/ld+json\" class=\"yoast-schema-graph\">{\"@context\":\"https:\/\/schema.org\",\"@graph\":[{\"@type\":\"WebPage\",\"@id\":\"https:\/\/exceladvisor.org\/de\/wenn-zellwertnummer\/\",\"url\":\"https:\/\/exceladvisor.org\/de\/wenn-zellwertnummer\/\",\"name\":\"\u00dcberpr\u00fcfen Sie, ob ein Zellenwert in Excel eine Zahl ist\",\"isPartOf\":{\"@id\":\"https:\/\/exceladvisor.org\/de\/#website\"},\"primaryImageOfPage\":{\"@id\":\"https:\/\/exceladvisor.org\/de\/wenn-zellwertnummer\/#primaryimage\"},\"image\":{\"@id\":\"https:\/\/exceladvisor.org\/de\/wenn-zellwertnummer\/#primaryimage\"},\"thumbnailUrl\":\"https:\/\/exceladvisor.org\/wp-content\/uploads\/2023\/11\/1-formule-pour-tester-la-valeur-de-la-cellule-est-un-nombre.png\",\"datePublished\":\"2023-11-11T11:57:31+00:00\",\"dateModified\":\"2023-12-03T13:05:17+00:00\",\"description\":\"In diesem Tutorial erfahren Sie, wie Sie eine Excel-Formel schreiben, um zu \u00fcberpr\u00fcfen, ob ein Zellenwert eine Zahl ist. Lassen Sie uns das \u00fcberpr\u00fcfen ...\",\"breadcrumb\":{\"@id\":\"https:\/\/exceladvisor.org\/de\/wenn-zellwertnummer\/#breadcrumb\"},\"inLanguage\":\"de\",\"potentialAction\":[{\"@type\":\"ReadAction\",\"target\":[\"https:\/\/exceladvisor.org\/de\/wenn-zellwertnummer\/\"]}]},{\"@type\":\"ImageObject\",\"inLanguage\":\"de\",\"@id\":\"https:\/\/exceladvisor.org\/de\/wenn-zellwertnummer\/#primaryimage\",\"url\":\"https:\/\/exceladvisor.org\/wp-content\/uploads\/2023\/11\/1-formule-pour-tester-la-valeur-de-la-cellule-est-un-nombre.png\",\"contentUrl\":\"https:\/\/exceladvisor.org\/wp-content\/uploads\/2023\/11\/1-formule-pour-tester-la-valeur-de-la-cellule-est-un-nombre.png\"},{\"@type\":\"BreadcrumbList\",\"@id\":\"https:\/\/exceladvisor.org\/de\/wenn-zellwertnummer\/#breadcrumb\",\"itemListElement\":[{\"@type\":\"ListItem\",\"position\":1,\"name\":\"Accueil\",\"item\":\"https:\/\/exceladvisor.org\/de\/\"},{\"@type\":\"ListItem\",\"position\":2,\"name\":\"Wie \u00fcberpr\u00fcfe ich, ob ein zellenwert eine zahl ist?\"}]},{\"@type\":\"WebSite\",\"@id\":\"https:\/\/exceladvisor.org\/de\/#website\",\"url\":\"https:\/\/exceladvisor.org\/de\/\",\"name\":\"Excel Advisor\",\"description\":\"Ihr Leitfaden zur Datendominanz\",\"publisher\":{\"@id\":\"https:\/\/exceladvisor.org\/de\/#organization\"},\"potentialAction\":[{\"@type\":\"SearchAction\",\"target\":{\"@type\":\"EntryPoint\",\"urlTemplate\":\"https:\/\/exceladvisor.org\/de\/?s={search_term_string}\"},\"query-input\":{\"@type\":\"PropertyValueSpecification\",\"valueRequired\":true,\"valueName\":\"search_term_string\"}}],\"inLanguage\":\"de\"},{\"@type\":\"Organization\",\"@id\":\"https:\/\/exceladvisor.org\/de\/#organization\",\"name\":\"Excel Advisor\",\"url\":\"https:\/\/exceladvisor.org\/de\/\",\"logo\":{\"@type\":\"ImageObject\",\"inLanguage\":\"de\",\"@id\":\"https:\/\/exceladvisor.org\/de\/#\/schema\/logo\/image\/\",\"url\":\"https:\/\/exceladvisor.org\/de\/wp-content\/uploads\/2023\/11\/exceladvisor.org_.png\",\"contentUrl\":\"https:\/\/exceladvisor.org\/de\/wp-content\/uploads\/2023\/11\/exceladvisor.org_.png\",\"width\":105,\"height\":36,\"caption\":\"Excel Advisor\"},\"image\":{\"@id\":\"https:\/\/exceladvisor.org\/de\/#\/schema\/logo\/image\/\"}}]}<\/script>\n<!-- \/ Yoast SEO plugin. -->","yoast_head_json":{"title":"\u00dcberpr\u00fcfen Sie, ob ein Zellenwert in Excel eine Zahl ist","description":"In diesem Tutorial erfahren Sie, wie Sie eine Excel-Formel schreiben, um zu \u00fcberpr\u00fcfen, ob ein Zellenwert eine Zahl ist. Lassen Sie uns das \u00fcberpr\u00fcfen ...","robots":{"index":"index","follow":"follow","max-snippet":"max-snippet:-1","max-image-preview":"max-image-preview:large","max-video-preview":"max-video-preview:-1"},"canonical":"https:\/\/exceladvisor.org\/de\/wenn-zellwertnummer\/","og_locale":"de_DE","og_type":"article","og_title":"\u00dcberpr\u00fcfen Sie, ob ein Zellenwert in Excel eine Zahl ist","og_description":"In diesem Tutorial erfahren Sie, wie Sie eine Excel-Formel schreiben, um zu \u00fcberpr\u00fcfen, ob ein Zellenwert eine Zahl ist. Lassen Sie uns das \u00fcberpr\u00fcfen ...","og_url":"https:\/\/exceladvisor.org\/de\/wenn-zellwertnummer\/","og_site_name":"Excel Advisor","article_modified_time":"2023-12-03T13:05:17+00:00","og_image":[{"url":"https:\/\/exceladvisor.org\/wp-content\/uploads\/2023\/11\/1-formule-pour-tester-la-valeur-de-la-cellule-est-un-nombre.png","type":"","width":"","height":""}],"twitter_card":"summary_large_image","twitter_misc":{"Gesch\u00e4tzte Lesezeit":"2\u00a0Minuten"},"schema":{"@context":"https:\/\/schema.org","@graph":[{"@type":"WebPage","@id":"https:\/\/exceladvisor.org\/de\/wenn-zellwertnummer\/","url":"https:\/\/exceladvisor.org\/de\/wenn-zellwertnummer\/","name":"\u00dcberpr\u00fcfen Sie, ob ein Zellenwert in Excel eine Zahl ist","isPartOf":{"@id":"https:\/\/exceladvisor.org\/de\/#website"},"primaryImageOfPage":{"@id":"https:\/\/exceladvisor.org\/de\/wenn-zellwertnummer\/#primaryimage"},"image":{"@id":"https:\/\/exceladvisor.org\/de\/wenn-zellwertnummer\/#primaryimage"},"thumbnailUrl":"https:\/\/exceladvisor.org\/wp-content\/uploads\/2023\/11\/1-formule-pour-tester-la-valeur-de-la-cellule-est-un-nombre.png","datePublished":"2023-11-11T11:57:31+00:00","dateModified":"2023-12-03T13:05:17+00:00","description":"In diesem Tutorial erfahren Sie, wie Sie eine Excel-Formel schreiben, um zu \u00fcberpr\u00fcfen, ob ein Zellenwert eine Zahl ist. Lassen Sie uns das \u00fcberpr\u00fcfen ...","breadcrumb":{"@id":"https:\/\/exceladvisor.org\/de\/wenn-zellwertnummer\/#breadcrumb"},"inLanguage":"de","potentialAction":[{"@type":"ReadAction","target":["https:\/\/exceladvisor.org\/de\/wenn-zellwertnummer\/"]}]},{"@type":"ImageObject","inLanguage":"de","@id":"https:\/\/exceladvisor.org\/de\/wenn-zellwertnummer\/#primaryimage","url":"https:\/\/exceladvisor.org\/wp-content\/uploads\/2023\/11\/1-formule-pour-tester-la-valeur-de-la-cellule-est-un-nombre.png","contentUrl":"https:\/\/exceladvisor.org\/wp-content\/uploads\/2023\/11\/1-formule-pour-tester-la-valeur-de-la-cellule-est-un-nombre.png"},{"@type":"BreadcrumbList","@id":"https:\/\/exceladvisor.org\/de\/wenn-zellwertnummer\/#breadcrumb","itemListElement":[{"@type":"ListItem","position":1,"name":"Accueil","item":"https:\/\/exceladvisor.org\/de\/"},{"@type":"ListItem","position":2,"name":"Wie \u00fcberpr\u00fcfe ich, ob ein zellenwert eine zahl ist?"}]},{"@type":"WebSite","@id":"https:\/\/exceladvisor.org\/de\/#website","url":"https:\/\/exceladvisor.org\/de\/","name":"Excel Advisor","description":"Ihr Leitfaden zur Datendominanz","publisher":{"@id":"https:\/\/exceladvisor.org\/de\/#organization"},"potentialAction":[{"@type":"SearchAction","target":{"@type":"EntryPoint","urlTemplate":"https:\/\/exceladvisor.org\/de\/?s={search_term_string}"},"query-input":{"@type":"PropertyValueSpecification","valueRequired":true,"valueName":"search_term_string"}}],"inLanguage":"de"},{"@type":"Organization","@id":"https:\/\/exceladvisor.org\/de\/#organization","name":"Excel Advisor","url":"https:\/\/exceladvisor.org\/de\/","logo":{"@type":"ImageObject","inLanguage":"de","@id":"https:\/\/exceladvisor.org\/de\/#\/schema\/logo\/image\/","url":"https:\/\/exceladvisor.org\/de\/wp-content\/uploads\/2023\/11\/exceladvisor.org_.png","contentUrl":"https:\/\/exceladvisor.org\/de\/wp-content\/uploads\/2023\/11\/exceladvisor.org_.png","width":105,"height":36,"caption":"Excel Advisor"},"image":{"@id":"https:\/\/exceladvisor.org\/de\/#\/schema\/logo\/image\/"}}]}},"yoast_meta":{"yoast_wpseo_title":"","yoast_wpseo_metadesc":"","yoast_wpseo_canonical":""},"_links":{"self":[{"href":"https:\/\/exceladvisor.org\/de\/wp-json\/wp\/v2\/pages\/3182","targetHints":{"allow":["GET"]}}],"collection":[{"href":"https:\/\/exceladvisor.org\/de\/wp-json\/wp\/v2\/pages"}],"about":[{"href":"https:\/\/exceladvisor.org\/de\/wp-json\/wp\/v2\/types\/page"}],"author":[{"embeddable":true,"href":"https:\/\/exceladvisor.org\/de\/wp-json\/wp\/v2\/users\/1"}],"replies":[{"embeddable":true,"href":"https:\/\/exceladvisor.org\/de\/wp-json\/wp\/v2\/comments?post=3182"}],"version-history":[{"count":1,"href":"https:\/\/exceladvisor.org\/de\/wp-json\/wp\/v2\/pages\/3182\/revisions"}],"predecessor-version":[{"id":4207,"href":"https:\/\/exceladvisor.org\/de\/wp-json\/wp\/v2\/pages\/3182\/revisions\/4207"}],"wp:attachment":[{"href":"https:\/\/exceladvisor.org\/de\/wp-json\/wp\/v2\/media?parent=3182"}],"curies":[{"name":"wp","href":"https:\/\/api.w.org\/{rel}","templated":true}]}}