{"id":3183,"date":"2023-11-11T11:35:43","date_gmt":"2023-11-11T11:35:43","guid":{"rendered":"https:\/\/exceladvisor.org\/de\/dynamischer-hyperlink-2\/"},"modified":"2023-12-03T11:19:54","modified_gmt":"2023-12-03T11:19:54","slug":"dynamischer-hyperlink-2","status":"publish","type":"page","link":"https:\/\/exceladvisor.org\/de\/dynamischer-hyperlink-2\/","title":{"rendered":"Wie erstelle ich einen dynamischen hyperlink in excel?"},"content":{"rendered":"<div class=\"excel-vor-dem-inhalt\" id=\"excel-218675961\"><script type=\"text\/javascript\">\r\n\tatOptions = {\r\n\t\t'key' : 'c1158f160081d6540a8409e6925dab94',\r\n\t\t'format' : 'iframe',\r\n\t\t'height' : 250,\r\n\t\t'width' : 300,\r\n\t\t'params' : {}\r\n\t};\r\n<\/script>\r\n<script type=\"text\/javascript\" src=\"\/\/www.highperformanceformat.com\/c1158f160081d6540a8409e6925dab94\/invoke.js\"><\/script><\/div> <p>Um einen dynamischen Hyperlink zu erstellen, \u00fcber den Sie den von Ihnen angegebenen Link \u00e4ndern k\u00f6nnen, m\u00fcssen Sie die HYPERLINK-Funktion von Excel verwenden. Mit dieser Funktion k\u00f6nnen Sie einen Link zu einer Webadresse oder Zelle in der Arbeitsmappe angeben.<\/p><p> In diesem Tutorial lernen wir, wie man hierf\u00fcr eine Formel schreibt.<\/p><h2 class=\"wp-block-heading\"> Schreiben Sie eine Formel, um einen dynamischen Hyperlink (Webadresse) zu erstellen.<\/h2><p> Hierzu k\u00f6nnen Sie die folgenden Schritte nutzen.<\/p><ol type=\"1\"><li> Geben Sie zun\u00e4chst die Funktion HYPERLINK in eine Zelle ein.<\/li><li> Beziehen Sie sich anschlie\u00dfend im ersten Argument auf die Zelle, in der Sie die Hyperlink-Adresse aktualisieren m\u00f6chten, beispielsweise Zelle B1.<\/li><li> Geben Sie dann im zweiten Argument einen Anzeigenamen f\u00fcr den Link zum Wie im Link ein.<\/li><li> Geben Sie am Ende die schlie\u00dfenden Klammern ein und dr\u00fccken Sie die Eingabetaste. <\/li><\/ol><div class=\"wp-block-image\"><figure class=\"aligncenter size-full is-resized\"><img loading=\"lazy\" decoding=\"async\" class=\"alignnone  wp-image-13351\" src=\"https:\/\/exceladvisor.org\/wp-content\/uploads\/2023\/11\/formule-pour-creer-hyperlien-dynamiques.png\" alt=\"Formel zum Erstellen eines dynamischen Hyperlinks\" width=\"576\" height=\"253\" srcset=\"https:\/\/exceladvisor.org\/wp-content\/uploads\/2023\/11\/formule-pour-creer-hyperlien-dynamiques.png 1138w, https:\/\/exceladvisor.org\/wp-content\/uploads\/2023\/11\/formule-pour-creer-hyperlien-dynamiques-300x132.png 300w, https:\/\/exceladvisor.org\/wp-content\/uploads\/2023\/11\/formule-pour-creer-hyperlien-dynamiques-1024x449.png 1024w, https:\/\/exceladvisor.org\/wp-content\/uploads\/2023\/11\/formule-pour-creer-hyperlien-dynamiques-768x337.png 768w\" sizes=\"auto, (max-width: 576px) 100vw, 576px\"><\/figure><\/div><pre class=\"wp-block-code\"> <code class=\"language-excel-formula\" lang=\"excel-formula\">=HYPERLINK(B1,\"Hello\")<\/code><\/pre><p> In Zelle B1 haben wir eine Dropdown-Liste zum \u00c4ndern der Webadresse. Und sobald Sie die Linkadresse in Zelle B1 \u00e4ndern, \u00e4ndert sich auch der Link in der Formel.<\/p><h2 class=\"wp-block-heading\"> Erstellen Sie einen dynamischen Hyperlink f\u00fcr eine Zelladresse<\/h2><p> Ebenso k\u00f6nnen Sie einen dynamischen Hyperlink f\u00fcr eine Zelle in der Arbeitsmappe erstellen. <\/p><div class=\"wp-block-image\"><figure class=\"aligncenter size-full is-resized\"><img loading=\"lazy\" decoding=\"async\" class=\"wp-image-80174\" src=\"https:\/\/exceladvisor.org\/wp-content\/uploads\/2023\/08\/4-hyperlien-dynamique-pour-une-adresse-cellulaire.png\" sizes=\"auto, \" srcset=\"\" alt=\"dynamischer Hyperlink f\u00fcr eine Zelladresse\" width=\"620\" height=\"212\"><\/figure><\/div><pre class=\"wp-block-code\"> <code class=\"language-excel-formula\" lang=\"excel-formula\">=HYPERLINK(\"#\"&amp;B1,\"Hello\")<\/code><\/pre><p> In der obigen Formel haben wir das \u201e#\u201c mit einer Kombination aus der Zellreferenz von Zelle B1 verwendet. Sobald Sie nun die Zelladresse in Zelle B1 \u00e4ndern, wird die Verkn\u00fcpfung in der Formel ge\u00e4ndert. <\/p><div class=\"gb-container gb-container-52dfcee1 gb-container-sample-file\"><h2 class=\"gb-headline gb-headline-e289c143 gb-headline-text gb-headline-4f7959c2\"> Holen Sie sich die Excel-Datei<\/h2> <a class=\"gb-button gb-button-e88d6bee gb-button-text gb-button-button1\" href=\"https:\/\/exceladvisor.org\/wp-content\/uploads\/2023\/11\/lien-hypertexte-dynamique.xlsx\" rel=\"nofollow\">Herunterladen<\/a><\/div><div class=\"gb-container gb-container-0df56012 gb-container-mt\"> <a class=\"gb-button gb-button-f9f432f4 gb-button-text gb-button-mt-button\" href=\"https:\/\/exceladvisor.org\/de\/formeln\/\">Liste der Excel-Formeln<\/a><h2 class=\"gb-headline gb-headline-233444e8 gb-headline-text gb-headline-mt-heading\"> Verwandte Formeln <\/h2><div class=\"gb-grid-wrapper gb-grid-wrapper-a16fa65c gb-grid-wrapper-mt-grid\"><div class=\"gb-grid-column gb-grid-column-50d07e0d\"><div class=\"gb-container gb-container-50d07e0d\"><ul><li> <a href=\"https:\/\/exceladvisor.org\/de\/neue-zeile-in-der-zelle\/\">Eine neue Zeile zu einer Zelle in Excel hinzuf\u00fcgen (Zeilenumbruch)<\/a><\/li><li> <a href=\"https:\/\/exceladvisor.org\/de\/fuhrende-nullen\/\">F\u00fcgen Sie f\u00fchrende Nullen in Excel hinzu<\/a><\/li><li> <a href=\"https:\/\/exceladvisor.org\/de\/verketten-sie-zellen-mit-einem-komma\/\">Verketten (kombinieren) Sie Zellen in Excel mit einem Komma<\/a><\/li><li> <a href=\"https:\/\/exceladvisor.org\/de\/eine-reihe-von-zellen-verketten\/\">Verketten (kombinieren) Sie einen Bereich von Zellen in Excel<\/a><\/li><li> <a href=\"https:\/\/exceladvisor.org\/de\/einen-zeilenumbruch-verketten\/\">Mit Zeilenumbruch in Excel verketten<\/a> <\/li><\/ul><\/div><\/div><div class=\"gb-grid-column gb-grid-column-5b4a0cf9\"><div class=\"gb-container gb-container-5b4a0cf9\"><\/div><\/div><\/div><\/div>","protected":false},"excerpt":{"rendered":"","protected":false},"author":1,"featured_media":0,"parent":0,"menu_order":0,"comment_status":"open","ping_status":"closed","template":"","meta":{"ub_ctt_via":"","footnotes":""},"class_list":["post-3183","page","type-page","status-publish","hentry"],"featured_image_src":null,"yoast_head":"<!-- This site is optimized with the Yoast SEO plugin v25.4 - https:\/\/yoast.com\/wordpress\/plugins\/seo\/ -->\n<title>\u25b7 Wie erstelle ich einen dynamischen Hyperlink in Excel?<\/title>\n<meta name=\"description\" content=\"In diesem Tutorial erfahren Sie, wie Sie eine Excel-Formel schreiben, um einen dynamischen Hyperlink in einer Zelle zu erstellen. Lassen Sie uns das \u00fcberpr\u00fcfen ...\" \/>\n<meta name=\"robots\" content=\"index, follow, max-snippet:-1, max-image-preview:large, max-video-preview:-1\" \/>\n<link rel=\"canonical\" href=\"https:\/\/exceladvisor.org\/de\/dynamischer-hyperlink-2\/\" \/>\n<meta property=\"og:locale\" content=\"de_DE\" \/>\n<meta property=\"og:type\" content=\"article\" \/>\n<meta property=\"og:title\" content=\"\u25b7 Wie erstelle ich einen dynamischen Hyperlink in Excel?\" \/>\n<meta property=\"og:description\" content=\"In diesem Tutorial erfahren Sie, wie Sie eine Excel-Formel schreiben, um einen dynamischen Hyperlink in einer Zelle zu erstellen. Lassen Sie uns das \u00fcberpr\u00fcfen ...\" \/>\n<meta property=\"og:url\" content=\"https:\/\/exceladvisor.org\/de\/dynamischer-hyperlink-2\/\" \/>\n<meta property=\"og:site_name\" content=\"Excel Advisor\" \/>\n<meta property=\"article:modified_time\" content=\"2023-12-03T11:19:54+00:00\" \/>\n<meta property=\"og:image\" content=\"https:\/\/exceladvisor.org\/wp-content\/uploads\/2023\/11\/formule-pour-creer-hyperlien-dynamiques.png\" \/>\n<meta name=\"twitter:card\" content=\"summary_large_image\" \/>\n<meta name=\"twitter:label1\" content=\"Gesch\u00e4tzte Lesezeit\" \/>\n\t<meta name=\"twitter:data1\" content=\"1\u00a0Minute\" \/>\n<script type=\"application\/ld+json\" class=\"yoast-schema-graph\">{\"@context\":\"https:\/\/schema.org\",\"@graph\":[{\"@type\":\"WebPage\",\"@id\":\"https:\/\/exceladvisor.org\/de\/dynamischer-hyperlink-2\/\",\"url\":\"https:\/\/exceladvisor.org\/de\/dynamischer-hyperlink-2\/\",\"name\":\"\u25b7 Wie erstelle ich einen dynamischen Hyperlink in Excel?\",\"isPartOf\":{\"@id\":\"https:\/\/exceladvisor.org\/de\/#website\"},\"primaryImageOfPage\":{\"@id\":\"https:\/\/exceladvisor.org\/de\/dynamischer-hyperlink-2\/#primaryimage\"},\"image\":{\"@id\":\"https:\/\/exceladvisor.org\/de\/dynamischer-hyperlink-2\/#primaryimage\"},\"thumbnailUrl\":\"https:\/\/exceladvisor.org\/wp-content\/uploads\/2023\/11\/formule-pour-creer-hyperlien-dynamiques.png\",\"datePublished\":\"2023-11-11T11:35:43+00:00\",\"dateModified\":\"2023-12-03T11:19:54+00:00\",\"description\":\"In diesem Tutorial erfahren Sie, wie Sie eine Excel-Formel schreiben, um einen dynamischen Hyperlink in einer Zelle zu erstellen. Lassen Sie uns das \u00fcberpr\u00fcfen ...\",\"breadcrumb\":{\"@id\":\"https:\/\/exceladvisor.org\/de\/dynamischer-hyperlink-2\/#breadcrumb\"},\"inLanguage\":\"de\",\"potentialAction\":[{\"@type\":\"ReadAction\",\"target\":[\"https:\/\/exceladvisor.org\/de\/dynamischer-hyperlink-2\/\"]}]},{\"@type\":\"ImageObject\",\"inLanguage\":\"de\",\"@id\":\"https:\/\/exceladvisor.org\/de\/dynamischer-hyperlink-2\/#primaryimage\",\"url\":\"https:\/\/exceladvisor.org\/wp-content\/uploads\/2023\/11\/formule-pour-creer-hyperlien-dynamiques.png\",\"contentUrl\":\"https:\/\/exceladvisor.org\/wp-content\/uploads\/2023\/11\/formule-pour-creer-hyperlien-dynamiques.png\"},{\"@type\":\"BreadcrumbList\",\"@id\":\"https:\/\/exceladvisor.org\/de\/dynamischer-hyperlink-2\/#breadcrumb\",\"itemListElement\":[{\"@type\":\"ListItem\",\"position\":1,\"name\":\"Accueil\",\"item\":\"https:\/\/exceladvisor.org\/de\/\"},{\"@type\":\"ListItem\",\"position\":2,\"name\":\"Wie erstelle ich einen dynamischen hyperlink in excel?\"}]},{\"@type\":\"WebSite\",\"@id\":\"https:\/\/exceladvisor.org\/de\/#website\",\"url\":\"https:\/\/exceladvisor.org\/de\/\",\"name\":\"Excel Advisor\",\"description\":\"Ihr Leitfaden zur Datendominanz\",\"publisher\":{\"@id\":\"https:\/\/exceladvisor.org\/de\/#organization\"},\"potentialAction\":[{\"@type\":\"SearchAction\",\"target\":{\"@type\":\"EntryPoint\",\"urlTemplate\":\"https:\/\/exceladvisor.org\/de\/?s={search_term_string}\"},\"query-input\":{\"@type\":\"PropertyValueSpecification\",\"valueRequired\":true,\"valueName\":\"search_term_string\"}}],\"inLanguage\":\"de\"},{\"@type\":\"Organization\",\"@id\":\"https:\/\/exceladvisor.org\/de\/#organization\",\"name\":\"Excel Advisor\",\"url\":\"https:\/\/exceladvisor.org\/de\/\",\"logo\":{\"@type\":\"ImageObject\",\"inLanguage\":\"de\",\"@id\":\"https:\/\/exceladvisor.org\/de\/#\/schema\/logo\/image\/\",\"url\":\"https:\/\/exceladvisor.org\/de\/wp-content\/uploads\/2023\/11\/exceladvisor.org_.png\",\"contentUrl\":\"https:\/\/exceladvisor.org\/de\/wp-content\/uploads\/2023\/11\/exceladvisor.org_.png\",\"width\":105,\"height\":36,\"caption\":\"Excel Advisor\"},\"image\":{\"@id\":\"https:\/\/exceladvisor.org\/de\/#\/schema\/logo\/image\/\"}}]}<\/script>\n<!-- \/ Yoast SEO plugin. -->","yoast_head_json":{"title":"\u25b7 Wie erstelle ich einen dynamischen Hyperlink in Excel?","description":"In diesem Tutorial erfahren Sie, wie Sie eine Excel-Formel schreiben, um einen dynamischen Hyperlink in einer Zelle zu erstellen. Lassen Sie uns das \u00fcberpr\u00fcfen ...","robots":{"index":"index","follow":"follow","max-snippet":"max-snippet:-1","max-image-preview":"max-image-preview:large","max-video-preview":"max-video-preview:-1"},"canonical":"https:\/\/exceladvisor.org\/de\/dynamischer-hyperlink-2\/","og_locale":"de_DE","og_type":"article","og_title":"\u25b7 Wie erstelle ich einen dynamischen Hyperlink in Excel?","og_description":"In diesem Tutorial erfahren Sie, wie Sie eine Excel-Formel schreiben, um einen dynamischen Hyperlink in einer Zelle zu erstellen. Lassen Sie uns das \u00fcberpr\u00fcfen ...","og_url":"https:\/\/exceladvisor.org\/de\/dynamischer-hyperlink-2\/","og_site_name":"Excel Advisor","article_modified_time":"2023-12-03T11:19:54+00:00","og_image":[{"url":"https:\/\/exceladvisor.org\/wp-content\/uploads\/2023\/11\/formule-pour-creer-hyperlien-dynamiques.png","type":"","width":"","height":""}],"twitter_card":"summary_large_image","twitter_misc":{"Gesch\u00e4tzte Lesezeit":"1\u00a0Minute"},"schema":{"@context":"https:\/\/schema.org","@graph":[{"@type":"WebPage","@id":"https:\/\/exceladvisor.org\/de\/dynamischer-hyperlink-2\/","url":"https:\/\/exceladvisor.org\/de\/dynamischer-hyperlink-2\/","name":"\u25b7 Wie erstelle ich einen dynamischen Hyperlink in Excel?","isPartOf":{"@id":"https:\/\/exceladvisor.org\/de\/#website"},"primaryImageOfPage":{"@id":"https:\/\/exceladvisor.org\/de\/dynamischer-hyperlink-2\/#primaryimage"},"image":{"@id":"https:\/\/exceladvisor.org\/de\/dynamischer-hyperlink-2\/#primaryimage"},"thumbnailUrl":"https:\/\/exceladvisor.org\/wp-content\/uploads\/2023\/11\/formule-pour-creer-hyperlien-dynamiques.png","datePublished":"2023-11-11T11:35:43+00:00","dateModified":"2023-12-03T11:19:54+00:00","description":"In diesem Tutorial erfahren Sie, wie Sie eine Excel-Formel schreiben, um einen dynamischen Hyperlink in einer Zelle zu erstellen. Lassen Sie uns das \u00fcberpr\u00fcfen ...","breadcrumb":{"@id":"https:\/\/exceladvisor.org\/de\/dynamischer-hyperlink-2\/#breadcrumb"},"inLanguage":"de","potentialAction":[{"@type":"ReadAction","target":["https:\/\/exceladvisor.org\/de\/dynamischer-hyperlink-2\/"]}]},{"@type":"ImageObject","inLanguage":"de","@id":"https:\/\/exceladvisor.org\/de\/dynamischer-hyperlink-2\/#primaryimage","url":"https:\/\/exceladvisor.org\/wp-content\/uploads\/2023\/11\/formule-pour-creer-hyperlien-dynamiques.png","contentUrl":"https:\/\/exceladvisor.org\/wp-content\/uploads\/2023\/11\/formule-pour-creer-hyperlien-dynamiques.png"},{"@type":"BreadcrumbList","@id":"https:\/\/exceladvisor.org\/de\/dynamischer-hyperlink-2\/#breadcrumb","itemListElement":[{"@type":"ListItem","position":1,"name":"Accueil","item":"https:\/\/exceladvisor.org\/de\/"},{"@type":"ListItem","position":2,"name":"Wie erstelle ich einen dynamischen hyperlink in excel?"}]},{"@type":"WebSite","@id":"https:\/\/exceladvisor.org\/de\/#website","url":"https:\/\/exceladvisor.org\/de\/","name":"Excel Advisor","description":"Ihr Leitfaden zur Datendominanz","publisher":{"@id":"https:\/\/exceladvisor.org\/de\/#organization"},"potentialAction":[{"@type":"SearchAction","target":{"@type":"EntryPoint","urlTemplate":"https:\/\/exceladvisor.org\/de\/?s={search_term_string}"},"query-input":{"@type":"PropertyValueSpecification","valueRequired":true,"valueName":"search_term_string"}}],"inLanguage":"de"},{"@type":"Organization","@id":"https:\/\/exceladvisor.org\/de\/#organization","name":"Excel Advisor","url":"https:\/\/exceladvisor.org\/de\/","logo":{"@type":"ImageObject","inLanguage":"de","@id":"https:\/\/exceladvisor.org\/de\/#\/schema\/logo\/image\/","url":"https:\/\/exceladvisor.org\/de\/wp-content\/uploads\/2023\/11\/exceladvisor.org_.png","contentUrl":"https:\/\/exceladvisor.org\/de\/wp-content\/uploads\/2023\/11\/exceladvisor.org_.png","width":105,"height":36,"caption":"Excel Advisor"},"image":{"@id":"https:\/\/exceladvisor.org\/de\/#\/schema\/logo\/image\/"}}]}},"yoast_meta":{"yoast_wpseo_title":"","yoast_wpseo_metadesc":"","yoast_wpseo_canonical":""},"_links":{"self":[{"href":"https:\/\/exceladvisor.org\/de\/wp-json\/wp\/v2\/pages\/3183","targetHints":{"allow":["GET"]}}],"collection":[{"href":"https:\/\/exceladvisor.org\/de\/wp-json\/wp\/v2\/pages"}],"about":[{"href":"https:\/\/exceladvisor.org\/de\/wp-json\/wp\/v2\/types\/page"}],"author":[{"embeddable":true,"href":"https:\/\/exceladvisor.org\/de\/wp-json\/wp\/v2\/users\/1"}],"replies":[{"embeddable":true,"href":"https:\/\/exceladvisor.org\/de\/wp-json\/wp\/v2\/comments?post=3183"}],"version-history":[{"count":1,"href":"https:\/\/exceladvisor.org\/de\/wp-json\/wp\/v2\/pages\/3183\/revisions"}],"predecessor-version":[{"id":3973,"href":"https:\/\/exceladvisor.org\/de\/wp-json\/wp\/v2\/pages\/3183\/revisions\/3973"}],"wp:attachment":[{"href":"https:\/\/exceladvisor.org\/de\/wp-json\/wp\/v2\/media?parent=3183"}],"curies":[{"name":"wp","href":"https:\/\/api.w.org\/{rel}","templated":true}]}}