{"id":3185,"date":"2023-11-11T11:17:32","date_gmt":"2023-11-11T11:17:32","guid":{"rendered":"https:\/\/exceladvisor.org\/de\/ersatz-finden\/"},"modified":"2023-12-03T11:20:16","modified_gmt":"2023-12-03T11:20:16","slug":"ersatz-finden","status":"publish","type":"page","link":"https:\/\/exceladvisor.org\/de\/ersatz-finden\/","title":{"rendered":"Wie finde und ersetze ich in excel?"},"content":{"rendered":"<div class=\"excel-vor-dem-inhalt\" id=\"excel-4283070448\"><script type=\"text\/javascript\">\r\n\tatOptions = {\r\n\t\t'key' : 'c1158f160081d6540a8409e6925dab94',\r\n\t\t'format' : 'iframe',\r\n\t\t'height' : 250,\r\n\t\t'width' : 300,\r\n\t\t'params' : {}\r\n\t};\r\n<\/script>\r\n<script type=\"text\/javascript\" src=\"\/\/www.highperformanceformat.com\/c1158f160081d6540a8409e6925dab94\/invoke.js\"><\/script><\/div> <p>Wenn wir an vielen Projekten arbeiten, ist es manchmal schwierig, bestimmte Daten in einer Tabelle zu finden. Das Scannen des gesamten Dokuments mit Hunderten von Zeilen und Spalten ist unm\u00f6glich.<\/p><p> Mit dieser \u00e4u\u00dferst leistungsstarken und praktischen Such- und Ersetzungsfunktion k\u00f6nnen wir jede Zahl, Zeichenfolge oder jedes Sonderzeichen finden, wenn Sie wissen, wie man sie verwendet. Dar\u00fcber hinaus k\u00f6nnen Sie mit der Ersetzungsfunktion jedes Wort oder jeden Wert durch andere ersetzen.<\/p><p> In diesem Tutorial lernen oder verstehen wir, wie die Funktion \u201eSuchen und Ersetzen\u201c funktioniert.<\/p><h2 class=\"wp-block-heading\"> Verkn\u00fcpfung zum \u00d6ffnen von Suchen und Ersetzen<\/h2><p> Um die Option \u201eSuchen und Ersetzen\u201c schnell zu \u00f6ffnen, k\u00f6nnen Sie die folgenden Tastenkombinationen verwenden.<\/p><ul><li> <strong>Suche:<\/strong> Strg+F<\/li><li> <strong>Ersetzen:<\/strong> Strg+H<\/li><\/ul><h2 class=\"wp-block-heading\"> Verwenden Sie die Option \u201eSuchen\u201c in Excel<\/h2><p> Nehmen wir ein einfaches Beispiel, um zu verstehen, wie die Suchoption funktioniert.<\/p><ol><li> Gehen Sie zun\u00e4chst zur Registerkarte <strong>\u201eStartseite\u201c<\/strong> und dann zur Gruppe <strong>\u201eBearbeiten\u201c<\/strong> . Klicken Sie auf das Dropdown-Men\u00fc \u201eSuchen und Ausw\u00e4hlen\u201c und w\u00e4hlen Sie die Option \u201e <strong>Suchen<\/strong> \u201c. <br><img loading=\"lazy\" decoding=\"async\" title=\"1-Home-and-Find-Option\" src=\"https:\/\/exceladvisor.org\/wp-content\/uploads\/2023\/08\/1-option-daccueil-et-de-recherche.png\" sizes=\"auto, \" srcset=\"\" alt=\"click-home-and-select-find-option\" width=\"813\" height=\"248\"><\/li><li> Sobald Sie darauf klicken, \u00f6ffnet sich im Fenster das Dialogfeld \u201e <strong>Suchen und Ersetzen<\/strong> \u201c.<\/li><li> Jetzt k\u00f6nnen Sie in das Eingabefeld \u201e <strong>Suchen<\/strong> \u201c den Wert eingeben, den Sie in Ihrer Tabelle suchen m\u00f6chten.<\/li><li> Dr\u00fccken Sie anschlie\u00dfend die Eingabetaste und Sie werden feststellen, dass die Zelle mit demselben Wert hervorgehoben wird. <br><img loading=\"lazy\" decoding=\"async\" title=\"2-Welche-Option-finden-und-eingeben\" src=\"https:\/\/exceladvisor.org\/wp-content\/uploads\/2023\/08\/2-trouvez-quelle-option-et-entrez.png\" sizes=\"auto, \" srcset=\"\" alt=\"fill-find-what-option-and-enter\" width=\"676\" height=\"271\"><\/li><\/ol><p> Wenn Sie auf die Schaltfl\u00e4che \u201e <strong>Alle suchen<\/strong> \u201c klicken, wird eine Liste der Zellen angezeigt, in denen dieser Wert oder dieses Wort gefunden wird. Wenn Sie die Schaltfl\u00e4che \u201eWeitersuchen\u201c verwenden, w\u00e4hlt Excel die andere Zelle aus, in der der Suchwert im Blatt vorkommt, und so weiter. <\/p><div class=\"wp-block-image\"><figure class=\"aligncenter size-full is-resized\"><img loading=\"lazy\" decoding=\"async\" class=\"wp-image-70737\" src=\"https:\/\/exceladvisor.org\/wp-content\/uploads\/2023\/08\/3-trouver-toutes-les-fonctions.png\" sizes=\"auto, \" srcset=\"\" alt=\"Klicken Sie auf \u201eAlle Funktionen f\u00fcr alle Werte finden\u201c.\" width=\"714\" height=\"320\"><\/figure><\/div><h2 class=\"wp-block-heading\"> Verwenden Sie in Excel die Option \u201eErsetzen\u201c.<\/h2><p> Sehen wir uns nun an, wie wir den jeweiligen Wert oder die jeweiligen Daten durch einen anderen aus dem Arbeitsblatt ersetzen k\u00f6nnen. Hier sind die folgenden Schritte:<\/p><ol><li> Zun\u00e4chst k\u00f6nnen Sie das Dialogfeld \u201eErsetzen\u201c mit den <strong>Tastenkombinationen<\/strong> <strong>Strg + H<\/strong> \u00f6ffnen. <br><img loading=\"lazy\" decoding=\"async\" title=\"4-Dialogfeld-Suchen und Ersetzen\" src=\"https:\/\/exceladvisor.org\/wp-content\/uploads\/2023\/08\/4-boite-de-dialogue-Rechercher-et-remplacer.png\" sizes=\"auto, \" srcset=\"\" alt=\"find-and-replace-dialog-box\" width=\"669\" height=\"229\"><\/li><li> Es werden zwei Dialogfelder angezeigt: \u201e <strong>Suchen nach<\/strong> \u201c und \u201e <strong>Ersetzen durch<\/strong> \u201c. Hier k\u00f6nnen Sie den Wert oder Text, nach dem Sie suchen m\u00f6chten, eingeben und durch ihn ersetzen.<\/li><li> <strong>Klicken Sie nun auf die<\/strong> <strong>Schaltfl\u00e4che<\/strong> \u201e <strong>Ersetzen<\/strong> \u201c und Sie sehen sich jeden ersetzten Wert einzeln an. (Dies funktioniert wie die Option \u201e <strong>Weitersuchen<\/strong> \u201c.) <br><img loading=\"lazy\" decoding=\"async\" title=\"5-use-replace-option-1\" src=\"https:\/\/exceladvisor.org\/wp-content\/uploads\/2023\/08\/5-utilisez-loption-de-remplacement-1.png\" sizes=\"auto, \" srcset=\"\" alt=\"\" width=\"742\" height=\"252\"><\/li><li> Dar\u00fcber hinaus sparen Sie mit der Schaltfl\u00e4che \u201e <strong>Alle ersetzen<\/strong> \u201c Zeit und <strong>ersetzen alle Daten<\/strong> <strong>mit nur einem Klick<\/strong> . <br><img loading=\"lazy\" decoding=\"async\" title=\"6-Alle-Ersetzen-Option\" src=\"https:\/\/exceladvisor.org\/wp-content\/uploads\/2023\/08\/6-remplacer-toutes-les-options.png\" sizes=\"auto, \" srcset=\"\" alt=\"use-replace-all-option\" width=\"669\" height=\"228\"><\/li><\/ol><h2 class=\"wp-block-heading\"> Suchen und durch weitere Optionen ersetzen<\/h2><p> Im Dialogfeld \u201eSuchen und Ersetzen\u201c gibt es erweiterte Optionen, mit denen Sie die Daten in der Tabelle an Ihre Bed\u00fcrfnisse anpassen k\u00f6nnen. Lassen Sie uns das im Detail besprechen:<\/p><ol><li> Verwenden Sie zun\u00e4chst die <strong>Tastenkombination Strg+F<\/strong> , um das Suchdialogfeld zu \u00f6ffnen. Klicken Sie anschlie\u00dfend im Dialogfeld auf die Schaltfl\u00e4che \u201e <strong>Optionen<\/strong> \u201c.<\/li><li> Sobald Sie darauf klicken, finden Sie verschiedene Einstellungen mit verschiedenen spezifischen Bedingungen.<\/li><li> Das erste ist \u201e <strong>Inside<\/strong> \u201c. Wenn Sie dort auf das Dropdown-Men\u00fc klicken, haben Sie die Wahl, den Wert im Blatt oder in der gesamten Arbeitsmappe zu suchen. <br><img loading=\"lazy\" decoding=\"async\" title=\"7 weitere Optionen im Blatt\" src=\"https:\/\/exceladvisor.org\/wp-content\/uploads\/2023\/08\/7-options-supplementaires-dans-la-feuille.png\" sizes=\"auto, \" srcset=\"\" alt=\"more-options-within-sheet-find-and-replace\" width=\"703\" height=\"322\"><\/li><li> Dann erm\u00f6glicht Ihnen das \u201e <strong>Suchfeld<\/strong> \u201c, die Daten getrennt nach Zeilen und Spalten zu finden.<\/li><li> Mit der <strong>Option \u201eSuchen in\u201c<\/strong> k\u00f6nnen Sie jedoch direkt eine Zelle finden, die eine bestimmte Formel, Werte und Kommentare enth\u00e4lt. <br><img loading=\"lazy\" decoding=\"async\" title=\"8 Such- und Suchoptionen\" src=\"https:\/\/exceladvisor.org\/wp-content\/uploads\/2023\/08\/8-rechercher-et-regarder-dans-les-options.png\" sizes=\"auto, \" srcset=\"\" alt=\"search-and-look-in-options-find-and-replace\" width=\"692\" height=\"283\"><\/li><\/ol><p> <strong>Gro\u00df-\/Kleinschreibung ber\u00fccksichtigen:<\/strong> Sie k\u00f6nnen diese Option aktivieren, wenn Sie nach einem Wert mit exakter Gro\u00df-\/Kleinschreibung suchen m\u00f6chten. Beispiel: Wenn Sie einen Wert in Gro\u00dfbuchstaben haben und nur nach Werten in Gro\u00dfbuchstaben suchen m\u00f6chten. <\/p><div class=\"wp-block-image\"><figure class=\"aligncenter size-full is-resized\"><img loading=\"lazy\" decoding=\"async\" class=\"wp-image-70962\" src=\"https:\/\/exceladvisor.org\/wp-content\/uploads\/2023\/08\/11-ajouts-de-boitiers-dallumettes.png\" sizes=\"auto, \" srcset=\"\" alt=\"Match-Case-Erg\u00e4nzungen\" width=\"764\" height=\"390\"><\/figure><\/div><p> <strong>Gesamten Zellinhalt abgleichen:<\/strong> Wenn Sie auf diese Option klicken, k\u00f6nnen Sie genau denselben Treffer hervorheben, den Sie in Ihrer Suche hinzugef\u00fcgt haben. Dar\u00fcber hinaus ist es in diesem Fall nicht m\u00f6glich, mit irgendeinem Symbol oder Zeichen denselben Wert zu finden. <\/p><div class=\"wp-block-image\"><figure class=\"aligncenter size-full is-resized\"><img loading=\"lazy\" decoding=\"async\" class=\"wp-image-70966\" src=\"https:\/\/exceladvisor.org\/wp-content\/uploads\/2023\/08\/12-correspondent-a-des-ajouts-de-contenu-de-cellule-entiers.png\" sizes=\"auto, \" srcset=\"\" alt=\"\" width=\"798\" height=\"412\"><\/figure><\/div><div class=\"gb-container gb-container-4db6181c gb-container-mt\"> <a class=\"gb-button gb-button-c5897111 gb-button-text gb-button-mt-button\" href=\"https:\/\/exceladvisor.org\/de\/excel-grundlagen\/\">Microsoft Excel-Grundlagen (Komponenten, Teile und Wissenshinweise)<\/a><h2 class=\"gb-headline gb-headline-665e5f6b gb-headline-text gb-headline-mt-heading\"> Verwandte Tutorials <\/h2><div class=\"gb-grid-wrapper gb-grid-wrapper-a20baf7c gb-grid-wrapper-mt-grid\"><div class=\"gb-grid-column gb-grid-column-65ddf67e\"><div class=\"gb-container gb-container-65ddf67e\"><ul><li> <a href=\"https:\/\/exceladvisor.org\/de\/zeichne-eine-linie\/\">Zeichnen Sie eine Linie in Excel<\/a><\/li><li> <a href=\"https:\/\/exceladvisor.org\/de\/fugen-sie-eine-schaltflache-hinzu\/\">F\u00fcgen Sie eine Schaltfl\u00e4che in Excel hinzu<\/a><\/li><li> <a href=\"https:\/\/exceladvisor.org\/de\/verschmelzen-dissoziieren-zellen\/\">Zusammenf\u00fchren \u2013 Gruppierung von Zellen in Excel aufheben<\/a><\/li><li> <a href=\"https:\/\/exceladvisor.org\/de\/rechtschreibprufung\/\">Rechtschreibpr\u00fcfung in Excel<\/a><\/li><li> <a href=\"https:\/\/exceladvisor.org\/de\/ruckzug\/\">Einzug in Excel vergr\u00f6\u00dfern und verkleinern<\/a> <\/li><\/ul><\/div><\/div><div class=\"gb-grid-column gb-grid-column-50067b57\"><div class=\"gb-container gb-container-50067b57\"><\/div><\/div><\/div><\/div>","protected":false},"excerpt":{"rendered":"","protected":false},"author":1,"featured_media":0,"parent":0,"menu_order":0,"comment_status":"open","ping_status":"closed","template":"","meta":{"ub_ctt_via":"","footnotes":""},"class_list":["post-3185","page","type-page","status-publish","hentry"],"featured_image_src":null,"yoast_head":"<!-- This site is optimized with the Yoast SEO plugin v25.4 - https:\/\/yoast.com\/wordpress\/plugins\/seo\/ -->\n<title>Suchen und Ersetzen in Excel (Grundkenntnisse bis Fortgeschrittene 2023)<\/title>\n<meta name=\"description\" content=\"In diesem Tutorial erfahren Sie, wie Sie die Option \u201eSuchen und Ersetzen\u201c in Excel mit allen uns zur Verf\u00fcgung stehenden Optionen verwenden.\" \/>\n<meta name=\"robots\" content=\"index, follow, max-snippet:-1, max-image-preview:large, max-video-preview:-1\" \/>\n<link rel=\"canonical\" href=\"https:\/\/exceladvisor.org\/de\/ersatz-finden\/\" \/>\n<meta property=\"og:locale\" content=\"de_DE\" \/>\n<meta property=\"og:type\" content=\"article\" \/>\n<meta property=\"og:title\" content=\"Suchen und Ersetzen in Excel (Grundkenntnisse bis Fortgeschrittene 2023)\" \/>\n<meta property=\"og:description\" content=\"In diesem Tutorial erfahren Sie, wie Sie die Option \u201eSuchen und Ersetzen\u201c in Excel mit allen uns zur Verf\u00fcgung stehenden Optionen verwenden.\" \/>\n<meta property=\"og:url\" content=\"https:\/\/exceladvisor.org\/de\/ersatz-finden\/\" \/>\n<meta property=\"og:site_name\" content=\"Excel Advisor\" \/>\n<meta property=\"article:modified_time\" content=\"2023-12-03T11:20:16+00:00\" \/>\n<meta property=\"og:image\" content=\"https:\/\/exceladvisor.org\/wp-content\/uploads\/2023\/08\/1-option-daccueil-et-de-recherche.png\" \/>\n<meta name=\"twitter:card\" content=\"summary_large_image\" \/>\n<meta name=\"twitter:label1\" content=\"Gesch\u00e4tzte Lesezeit\" \/>\n\t<meta name=\"twitter:data1\" content=\"3\u00a0Minuten\" \/>\n<script type=\"application\/ld+json\" class=\"yoast-schema-graph\">{\"@context\":\"https:\/\/schema.org\",\"@graph\":[{\"@type\":\"WebPage\",\"@id\":\"https:\/\/exceladvisor.org\/de\/ersatz-finden\/\",\"url\":\"https:\/\/exceladvisor.org\/de\/ersatz-finden\/\",\"name\":\"Suchen und Ersetzen in Excel (Grundkenntnisse bis Fortgeschrittene 2023)\",\"isPartOf\":{\"@id\":\"https:\/\/exceladvisor.org\/de\/#website\"},\"primaryImageOfPage\":{\"@id\":\"https:\/\/exceladvisor.org\/de\/ersatz-finden\/#primaryimage\"},\"image\":{\"@id\":\"https:\/\/exceladvisor.org\/de\/ersatz-finden\/#primaryimage\"},\"thumbnailUrl\":\"https:\/\/exceladvisor.org\/wp-content\/uploads\/2023\/08\/1-option-daccueil-et-de-recherche.png\",\"datePublished\":\"2023-11-11T11:17:32+00:00\",\"dateModified\":\"2023-12-03T11:20:16+00:00\",\"description\":\"In diesem Tutorial erfahren Sie, wie Sie die Option \u201eSuchen und Ersetzen\u201c in Excel mit allen uns zur Verf\u00fcgung stehenden Optionen verwenden.\",\"breadcrumb\":{\"@id\":\"https:\/\/exceladvisor.org\/de\/ersatz-finden\/#breadcrumb\"},\"inLanguage\":\"de\",\"potentialAction\":[{\"@type\":\"ReadAction\",\"target\":[\"https:\/\/exceladvisor.org\/de\/ersatz-finden\/\"]}]},{\"@type\":\"ImageObject\",\"inLanguage\":\"de\",\"@id\":\"https:\/\/exceladvisor.org\/de\/ersatz-finden\/#primaryimage\",\"url\":\"https:\/\/exceladvisor.org\/wp-content\/uploads\/2023\/08\/1-option-daccueil-et-de-recherche.png\",\"contentUrl\":\"https:\/\/exceladvisor.org\/wp-content\/uploads\/2023\/08\/1-option-daccueil-et-de-recherche.png\"},{\"@type\":\"BreadcrumbList\",\"@id\":\"https:\/\/exceladvisor.org\/de\/ersatz-finden\/#breadcrumb\",\"itemListElement\":[{\"@type\":\"ListItem\",\"position\":1,\"name\":\"Accueil\",\"item\":\"https:\/\/exceladvisor.org\/de\/\"},{\"@type\":\"ListItem\",\"position\":2,\"name\":\"Wie finde und ersetze ich in excel?\"}]},{\"@type\":\"WebSite\",\"@id\":\"https:\/\/exceladvisor.org\/de\/#website\",\"url\":\"https:\/\/exceladvisor.org\/de\/\",\"name\":\"Excel Advisor\",\"description\":\"Ihr Leitfaden zur Datendominanz\",\"publisher\":{\"@id\":\"https:\/\/exceladvisor.org\/de\/#organization\"},\"potentialAction\":[{\"@type\":\"SearchAction\",\"target\":{\"@type\":\"EntryPoint\",\"urlTemplate\":\"https:\/\/exceladvisor.org\/de\/?s={search_term_string}\"},\"query-input\":{\"@type\":\"PropertyValueSpecification\",\"valueRequired\":true,\"valueName\":\"search_term_string\"}}],\"inLanguage\":\"de\"},{\"@type\":\"Organization\",\"@id\":\"https:\/\/exceladvisor.org\/de\/#organization\",\"name\":\"Excel Advisor\",\"url\":\"https:\/\/exceladvisor.org\/de\/\",\"logo\":{\"@type\":\"ImageObject\",\"inLanguage\":\"de\",\"@id\":\"https:\/\/exceladvisor.org\/de\/#\/schema\/logo\/image\/\",\"url\":\"https:\/\/exceladvisor.org\/de\/wp-content\/uploads\/2023\/11\/exceladvisor.org_.png\",\"contentUrl\":\"https:\/\/exceladvisor.org\/de\/wp-content\/uploads\/2023\/11\/exceladvisor.org_.png\",\"width\":105,\"height\":36,\"caption\":\"Excel Advisor\"},\"image\":{\"@id\":\"https:\/\/exceladvisor.org\/de\/#\/schema\/logo\/image\/\"}}]}<\/script>\n<!-- \/ Yoast SEO plugin. -->","yoast_head_json":{"title":"Suchen und Ersetzen in Excel (Grundkenntnisse bis Fortgeschrittene 2023)","description":"In diesem Tutorial erfahren Sie, wie Sie die Option \u201eSuchen und Ersetzen\u201c in Excel mit allen uns zur Verf\u00fcgung stehenden Optionen verwenden.","robots":{"index":"index","follow":"follow","max-snippet":"max-snippet:-1","max-image-preview":"max-image-preview:large","max-video-preview":"max-video-preview:-1"},"canonical":"https:\/\/exceladvisor.org\/de\/ersatz-finden\/","og_locale":"de_DE","og_type":"article","og_title":"Suchen und Ersetzen in Excel (Grundkenntnisse bis Fortgeschrittene 2023)","og_description":"In diesem Tutorial erfahren Sie, wie Sie die Option \u201eSuchen und Ersetzen\u201c in Excel mit allen uns zur Verf\u00fcgung stehenden Optionen verwenden.","og_url":"https:\/\/exceladvisor.org\/de\/ersatz-finden\/","og_site_name":"Excel Advisor","article_modified_time":"2023-12-03T11:20:16+00:00","og_image":[{"url":"https:\/\/exceladvisor.org\/wp-content\/uploads\/2023\/08\/1-option-daccueil-et-de-recherche.png","type":"","width":"","height":""}],"twitter_card":"summary_large_image","twitter_misc":{"Gesch\u00e4tzte Lesezeit":"3\u00a0Minuten"},"schema":{"@context":"https:\/\/schema.org","@graph":[{"@type":"WebPage","@id":"https:\/\/exceladvisor.org\/de\/ersatz-finden\/","url":"https:\/\/exceladvisor.org\/de\/ersatz-finden\/","name":"Suchen und Ersetzen in Excel (Grundkenntnisse bis Fortgeschrittene 2023)","isPartOf":{"@id":"https:\/\/exceladvisor.org\/de\/#website"},"primaryImageOfPage":{"@id":"https:\/\/exceladvisor.org\/de\/ersatz-finden\/#primaryimage"},"image":{"@id":"https:\/\/exceladvisor.org\/de\/ersatz-finden\/#primaryimage"},"thumbnailUrl":"https:\/\/exceladvisor.org\/wp-content\/uploads\/2023\/08\/1-option-daccueil-et-de-recherche.png","datePublished":"2023-11-11T11:17:32+00:00","dateModified":"2023-12-03T11:20:16+00:00","description":"In diesem Tutorial erfahren Sie, wie Sie die Option \u201eSuchen und Ersetzen\u201c in Excel mit allen uns zur Verf\u00fcgung stehenden Optionen verwenden.","breadcrumb":{"@id":"https:\/\/exceladvisor.org\/de\/ersatz-finden\/#breadcrumb"},"inLanguage":"de","potentialAction":[{"@type":"ReadAction","target":["https:\/\/exceladvisor.org\/de\/ersatz-finden\/"]}]},{"@type":"ImageObject","inLanguage":"de","@id":"https:\/\/exceladvisor.org\/de\/ersatz-finden\/#primaryimage","url":"https:\/\/exceladvisor.org\/wp-content\/uploads\/2023\/08\/1-option-daccueil-et-de-recherche.png","contentUrl":"https:\/\/exceladvisor.org\/wp-content\/uploads\/2023\/08\/1-option-daccueil-et-de-recherche.png"},{"@type":"BreadcrumbList","@id":"https:\/\/exceladvisor.org\/de\/ersatz-finden\/#breadcrumb","itemListElement":[{"@type":"ListItem","position":1,"name":"Accueil","item":"https:\/\/exceladvisor.org\/de\/"},{"@type":"ListItem","position":2,"name":"Wie finde und ersetze ich in excel?"}]},{"@type":"WebSite","@id":"https:\/\/exceladvisor.org\/de\/#website","url":"https:\/\/exceladvisor.org\/de\/","name":"Excel Advisor","description":"Ihr Leitfaden zur Datendominanz","publisher":{"@id":"https:\/\/exceladvisor.org\/de\/#organization"},"potentialAction":[{"@type":"SearchAction","target":{"@type":"EntryPoint","urlTemplate":"https:\/\/exceladvisor.org\/de\/?s={search_term_string}"},"query-input":{"@type":"PropertyValueSpecification","valueRequired":true,"valueName":"search_term_string"}}],"inLanguage":"de"},{"@type":"Organization","@id":"https:\/\/exceladvisor.org\/de\/#organization","name":"Excel Advisor","url":"https:\/\/exceladvisor.org\/de\/","logo":{"@type":"ImageObject","inLanguage":"de","@id":"https:\/\/exceladvisor.org\/de\/#\/schema\/logo\/image\/","url":"https:\/\/exceladvisor.org\/de\/wp-content\/uploads\/2023\/11\/exceladvisor.org_.png","contentUrl":"https:\/\/exceladvisor.org\/de\/wp-content\/uploads\/2023\/11\/exceladvisor.org_.png","width":105,"height":36,"caption":"Excel Advisor"},"image":{"@id":"https:\/\/exceladvisor.org\/de\/#\/schema\/logo\/image\/"}}]}},"yoast_meta":{"yoast_wpseo_title":"","yoast_wpseo_metadesc":"","yoast_wpseo_canonical":""},"_links":{"self":[{"href":"https:\/\/exceladvisor.org\/de\/wp-json\/wp\/v2\/pages\/3185","targetHints":{"allow":["GET"]}}],"collection":[{"href":"https:\/\/exceladvisor.org\/de\/wp-json\/wp\/v2\/pages"}],"about":[{"href":"https:\/\/exceladvisor.org\/de\/wp-json\/wp\/v2\/types\/page"}],"author":[{"embeddable":true,"href":"https:\/\/exceladvisor.org\/de\/wp-json\/wp\/v2\/users\/1"}],"replies":[{"embeddable":true,"href":"https:\/\/exceladvisor.org\/de\/wp-json\/wp\/v2\/comments?post=3185"}],"version-history":[{"count":1,"href":"https:\/\/exceladvisor.org\/de\/wp-json\/wp\/v2\/pages\/3185\/revisions"}],"predecessor-version":[{"id":3996,"href":"https:\/\/exceladvisor.org\/de\/wp-json\/wp\/v2\/pages\/3185\/revisions\/3996"}],"wp:attachment":[{"href":"https:\/\/exceladvisor.org\/de\/wp-json\/wp\/v2\/media?parent=3185"}],"curies":[{"name":"wp","href":"https:\/\/api.w.org\/{rel}","templated":true}]}}