{"id":3187,"date":"2023-11-11T08:48:18","date_gmt":"2023-11-11T08:48:18","guid":{"rendered":"https:\/\/exceladvisor.org\/de\/fugen-sie-eine-zeile-1-ein\/"},"modified":"2023-12-03T11:20:42","modified_gmt":"2023-12-03T11:20:42","slug":"fugen-sie-eine-zeile-1-ein","status":"publish","type":"page","link":"https:\/\/exceladvisor.org\/de\/fugen-sie-eine-zeile-1-ein\/","title":{"rendered":"Wie f\u00fcge ich eine zeile mit vba in excel ein?"},"content":{"rendered":"<div class=\"excel-vor-dem-inhalt\" id=\"excel-1009306951\"><script type=\"text\/javascript\">\r\n\tatOptions = {\r\n\t\t'key' : 'c1158f160081d6540a8409e6925dab94',\r\n\t\t'format' : 'iframe',\r\n\t\t'height' : 250,\r\n\t\t'width' : 300,\r\n\t\t'params' : {}\r\n\t};\r\n<\/script>\r\n<script type=\"text\/javascript\" src=\"\/\/www.highperformanceformat.com\/c1158f160081d6540a8409e6925dab94\/invoke.js\"><\/script><\/div> <p>In diesem Tutorial erfahren Sie, wie Sie mithilfe von VBA-Code in Excel eine Zeile oder Spalte einf\u00fcgen. Wir werden auch untersuchen, welche verschiedenen M\u00f6glichkeiten es gibt, hierf\u00fcr ein Makro zu schreiben.<\/p><h2 class=\"wp-block-heading\"> <strong>F\u00fcgen Sie mit VBA eine einzelne Zeile ein<\/strong><\/h2><p> Um eine Zeile mit VBA-Code einzuf\u00fcgen, m\u00fcssen Sie die Eigenschaft \u201eWhole Row\u201c mit der Methode \u201eInsert\u201c verwenden. Mit der Eigenschaft \u201eGesamte Zeile\u201c k\u00f6nnen Sie \u00fcber eine Zelle auf die gesamte Zeile verweisen und dort dann eine neue Zeile einf\u00fcgen. Standardm\u00e4\u00dfig wird eine einzelne Zeile vor der von Ihnen erw\u00e4hnten Zelle eingef\u00fcgt. <\/p><div class=\"wp-block-image\"><figure class=\"aligncenter size-large is-resized\"><img loading=\"lazy\" decoding=\"async\" class=\"wp-image-54129\" src=\"https:\/\/exceladvisor.org\/wp-content\/uploads\/2023\/08\/1-inserer-une-seule-ligne-en-utilisant-vba.png\" sizes=\"auto, \" srcset=\"\" alt=\"F\u00fcgen Sie eine einzelne Zeile mit VBA ein\" width=\"583\" height=\"317\"><\/figure><\/div><ol type=\"1\"><li> Geben Sie zun\u00e4chst eine Zelle mithilfe des Bereichsobjekts an.<\/li><li> Geben Sie nun einen Punkt (.) ein, um die Liste der Eigenschaften und Methoden zu erhalten.<\/li><li> W\u00e4hlen Sie anschlie\u00dfend die Eigenschaft \u201eGanze Zeile\u201c aus oder geben Sie sie ein.<\/li><li> Geben Sie am Ende erneut einen Punkt (.) ein und w\u00e4hlen Sie die Methode \u201eEinf\u00fcgen\u201c oder geben Sie sie ein.<\/li><\/ol><pre class=\"wp-block-code\"> <code class=\"language-visual-basic\" lang=\"visual-basic\">Range(\"A1\").EntireRow.Insert<\/code><\/pre><p> Ihr Code ist hier bereit, um eine Zeile einzuf\u00fcgen. Wenn Sie nun diesen Code ausf\u00fchren, wird sofort eine neue Zeile vor Zelle A1 eingef\u00fcgt.<\/p><h2 class=\"wp-block-heading\"> <strong>F\u00fcgen Sie mehrere Zeilen ein<\/strong><\/h2><p> Ich habe zwei M\u00f6glichkeiten gefunden, mehrere Zeilen in eine Tabelle einzuf\u00fcgen. Die erste ist die gleiche Einf\u00fcgemethode, die wir im obigen Beispiel verwendet haben.<\/p><p> Dabei m\u00fcssen Sie einen Bereich angeben, dessen Anzahl der Anzahl der Zeilen entspricht, die Sie einf\u00fcgen m\u00f6chten. Angenommen, Sie m\u00f6chten danach 5 Zeilen einf\u00fcgen. In diesem Fall k\u00f6nnen Sie Code wie diesen verwenden. <\/p><div class=\"wp-block-image\"><figure class=\"aligncenter size-large is-resized\"><img loading=\"lazy\" decoding=\"async\" class=\"wp-image-54130\" src=\"https:\/\/exceladvisor.org\/wp-content\/uploads\/2023\/08\/2-inserer-plusieurs-lignes.png\" sizes=\"auto, \" srcset=\"\" alt=\"mehrere Zeilen einf\u00fcgen\" width=\"608\" height=\"342\"><\/figure><\/div><p> Ehrlich gesagt fand ich diese Methode nicht sehr n\u00fctzlich, da man den Bereich \u00e4ndern muss, wenn man die Anzahl der Zeilen \u00e4ndern m\u00f6chte.<\/p><p> Hier ist also die zweite Methode.<\/p><pre class=\"wp-block-code\"> <code class=\"language-visual-basic\" lang=\"visual-basic\">Dim iRow As Long Dim iCount As Long Dim i As Long iCount = InputBox(Prompt:=\"How many rows you want to add?\") iRow = InputBox _ (Prompt:=\"After which row you want to add new rows? (Enter the row number\") For i = 1 To iCount Rows(iRow).EntireRow.Insert Next i<\/code><\/pre><p> Wenn Sie diesen Code ausf\u00fchren, werden Sie aufgefordert, die Anzahl der Zeilen einzugeben, die Sie hinzuf\u00fcgen m\u00f6chten, und dann die Zeilennummer, in der Sie alle diese Zeilen hinzuf\u00fcgen m\u00f6chten. Es verwendet eine <a href=\"https:\/\/exceladvisor.org\/de\/fur-die-schleife\/\">FOR-Schleife (For Next)<\/a> , um diese Anzahl von Malen zu durchlaufen und Zeilen nacheinander einzuf\u00fcgen.<\/p><h2 class=\"wp-block-heading\"> <strong>F\u00fcgen Sie Zeilen basierend auf Zellwerten ein<\/strong><\/h2><p> Wenn Sie Zeilen basierend auf einem <a href=\"https:\/\/exceladvisor.org\/de\/zellenwert\/\">Zellenwert<\/a> einf\u00fcgen m\u00f6chten, k\u00f6nnen Sie den folgenden Code verwenden.<\/p><pre class=\"wp-block-code\"> <code class=\"language-visual-basic\" lang=\"visual-basic\">Dim iRow As Long Dim iCount As Long Dim i As Long iCount = Range(\"A1\").Value iRow = Range(\"B1\").Value For i = 1 To iCount Rows(iRow).EntireRow.Insert Next i<\/code><\/pre><p> Wenn Sie dieses Makro ausf\u00fchren, \u00fcbernimmt es die Anzahl der Zeilen aus Zelle A1 und die Zeile, in der Sie Zeilen hinzuf\u00fcgen m\u00f6chten, aus Zelle B1.<\/p><h2 class=\"wp-block-heading\"> <strong>F\u00fcgen Sie eine Zeile ohne Formatierung ein<\/strong><\/h2><p> Wenn Sie eine Zeile einf\u00fcgen, bei der die dar\u00fcber liegende Zeile eine bestimmte Formatierung aufweist, weist die Zeile in diesem Fall automatisch auch diese Formatierung auf. Und der einfachste Weg, mit dieser Situation umzugehen, ist die Verwendung <a href=\"https:\/\/exceladvisor.org\/de\/klarer-inhalt-1\/\">klarer Formate<\/a> . Betrachten Sie den folgenden Code.<\/p><pre class=\"wp-block-code\"> <code class=\"language-visual-basic\" lang=\"visual-basic\">Rows(7).EntireRow.Insert Rows(7).ClearFormats<\/code><\/pre><p> Wenn Sie den obigen Code ausf\u00fchren, wird vor der <sup>7.<\/sup> Zeile eine neue Zeile eingef\u00fcgt. Was passiert nun: Wenn Sie eine Zeile vor der <sup>7.<\/sup> Zeile einf\u00fcgen, wird diese neue Zeile zur <sup>7.<\/sup> Zeile und die zweite Codezeile l\u00f6scht dann die Formate dieser Zeile.<\/p><h2 class=\"wp-block-heading\"> <strong>F\u00fcgen Sie eine kopierte Zeile ein<\/strong><\/h2><p> Mit der gleichen Methode k\u00f6nnen Sie auch eine Zeile kopieren und dann an anderer Stelle einf\u00fcgen. Siehe den folgenden Code.<\/p><pre class=\"wp-block-code\"> <code class=\"language-visual-basic\" lang=\"visual-basic\">Application.CutCopyMode = False With Worksheets(\"Data\") .Rows(5).Copy .Rows(9).Insert Shift:=xlShiftDown End With Application.CutCopyMode = True<\/code><\/pre><div class=\"gb-container gb-container-4db6181c gb-container-mt\"> <a class=\"gb-button gb-button-c5897111 gb-button-text gb-button-mt-button\" href=\"https:\/\/exceladvisor.org\/de\/vba\/\">Was ist VBA<\/a><h2 class=\"gb-headline gb-headline-665e5f6b gb-headline-text gb-headline-mt-heading\"> Verwandte Tutorials <\/h2><div class=\"gb-grid-wrapper gb-grid-wrapper-a20baf7c gb-grid-wrapper-mt-grid\"><div class=\"gb-grid-column gb-grid-column-65ddf67e\"><div class=\"gb-container gb-container-65ddf67e\"><ul><li> <a href=\"https:\/\/exceladvisor.org\/de\/anzahl-der-zeilen\/\">Z\u00e4hlen Sie Zeilen mit VBA in Excel<\/a><\/li><li> <a href=\"https:\/\/exceladvisor.org\/de\/zeichenschrift\/\">Excel VBA-Schriftart (Farbe, Gr\u00f6\u00dfe, Typ und Fett)<\/a><\/li><li> <a href=\"https:\/\/exceladvisor.org\/de\/spaltenzeile-ausblenden-und-anzeigen\/\">Excel VBA Eine Spalte oder Zeile ein- und ausblenden<\/a><\/li><li> <a href=\"https:\/\/exceladvisor.org\/de\/bereich-1\/\">Excel VBA-Bereich \u2013 Arbeiten mit Bereichen und Zellen<\/a><\/li><li> <a href=\"https:\/\/exceladvisor.org\/de\/grenzen\/\">Wenden Sie mit VBA in Excel Rahmen auf eine Zelle an<\/a> <\/li><\/ul><\/div><\/div><div class=\"gb-grid-column gb-grid-column-50067b57\"><div class=\"gb-container gb-container-50067b57\"><\/div><\/div><\/div><\/div>","protected":false},"excerpt":{"rendered":"","protected":false},"author":1,"featured_media":0,"parent":0,"menu_order":0,"comment_status":"open","ping_status":"closed","template":"","meta":{"ub_ctt_via":"","footnotes":""},"class_list":["post-3187","page","type-page","status-publish","hentry"],"featured_image_src":null,"yoast_head":"<!-- This site is optimized with the Yoast SEO plugin v25.4 - https:\/\/yoast.com\/wordpress\/plugins\/seo\/ -->\n<title>\u25b7 Wie f\u00fcge ich eine Zeile mit VBA in Excel ein?<\/title>\n<meta name=\"description\" content=\"In diesem Tutorial erfahren Sie, wie Sie mithilfe von VBA Code schreiben, um eine oder mehrere Zeilen in Excel einzuf\u00fcgen\" \/>\n<meta name=\"robots\" content=\"index, follow, max-snippet:-1, max-image-preview:large, max-video-preview:-1\" \/>\n<link rel=\"canonical\" href=\"https:\/\/exceladvisor.org\/de\/fugen-sie-eine-zeile-1-ein\/\" \/>\n<meta property=\"og:locale\" content=\"de_DE\" \/>\n<meta property=\"og:type\" content=\"article\" \/>\n<meta property=\"og:title\" content=\"\u25b7 Wie f\u00fcge ich eine Zeile mit VBA in Excel ein?\" \/>\n<meta property=\"og:description\" content=\"In diesem Tutorial erfahren Sie, wie Sie mithilfe von VBA Code schreiben, um eine oder mehrere Zeilen in Excel einzuf\u00fcgen\" \/>\n<meta property=\"og:url\" content=\"https:\/\/exceladvisor.org\/de\/fugen-sie-eine-zeile-1-ein\/\" \/>\n<meta property=\"og:site_name\" content=\"Excel Advisor\" \/>\n<meta property=\"article:modified_time\" content=\"2023-12-03T11:20:42+00:00\" \/>\n<meta property=\"og:image\" content=\"https:\/\/exceladvisor.org\/wp-content\/uploads\/2023\/08\/1-inserer-une-seule-ligne-en-utilisant-vba.png\" \/>\n<meta name=\"twitter:card\" content=\"summary_large_image\" \/>\n<meta name=\"twitter:label1\" content=\"Gesch\u00e4tzte Lesezeit\" \/>\n\t<meta name=\"twitter:data1\" content=\"3\u00a0Minuten\" \/>\n<script type=\"application\/ld+json\" class=\"yoast-schema-graph\">{\"@context\":\"https:\/\/schema.org\",\"@graph\":[{\"@type\":\"WebPage\",\"@id\":\"https:\/\/exceladvisor.org\/de\/fugen-sie-eine-zeile-1-ein\/\",\"url\":\"https:\/\/exceladvisor.org\/de\/fugen-sie-eine-zeile-1-ein\/\",\"name\":\"\u25b7 Wie f\u00fcge ich eine Zeile mit VBA in Excel ein?\",\"isPartOf\":{\"@id\":\"https:\/\/exceladvisor.org\/de\/#website\"},\"primaryImageOfPage\":{\"@id\":\"https:\/\/exceladvisor.org\/de\/fugen-sie-eine-zeile-1-ein\/#primaryimage\"},\"image\":{\"@id\":\"https:\/\/exceladvisor.org\/de\/fugen-sie-eine-zeile-1-ein\/#primaryimage\"},\"thumbnailUrl\":\"https:\/\/exceladvisor.org\/wp-content\/uploads\/2023\/08\/1-inserer-une-seule-ligne-en-utilisant-vba.png\",\"datePublished\":\"2023-11-11T08:48:18+00:00\",\"dateModified\":\"2023-12-03T11:20:42+00:00\",\"description\":\"In diesem Tutorial erfahren Sie, wie Sie mithilfe von VBA Code schreiben, um eine oder mehrere Zeilen in Excel einzuf\u00fcgen\",\"breadcrumb\":{\"@id\":\"https:\/\/exceladvisor.org\/de\/fugen-sie-eine-zeile-1-ein\/#breadcrumb\"},\"inLanguage\":\"de\",\"potentialAction\":[{\"@type\":\"ReadAction\",\"target\":[\"https:\/\/exceladvisor.org\/de\/fugen-sie-eine-zeile-1-ein\/\"]}]},{\"@type\":\"ImageObject\",\"inLanguage\":\"de\",\"@id\":\"https:\/\/exceladvisor.org\/de\/fugen-sie-eine-zeile-1-ein\/#primaryimage\",\"url\":\"https:\/\/exceladvisor.org\/wp-content\/uploads\/2023\/08\/1-inserer-une-seule-ligne-en-utilisant-vba.png\",\"contentUrl\":\"https:\/\/exceladvisor.org\/wp-content\/uploads\/2023\/08\/1-inserer-une-seule-ligne-en-utilisant-vba.png\"},{\"@type\":\"BreadcrumbList\",\"@id\":\"https:\/\/exceladvisor.org\/de\/fugen-sie-eine-zeile-1-ein\/#breadcrumb\",\"itemListElement\":[{\"@type\":\"ListItem\",\"position\":1,\"name\":\"Accueil\",\"item\":\"https:\/\/exceladvisor.org\/de\/\"},{\"@type\":\"ListItem\",\"position\":2,\"name\":\"Wie f\u00fcge ich eine zeile mit vba in excel ein?\"}]},{\"@type\":\"WebSite\",\"@id\":\"https:\/\/exceladvisor.org\/de\/#website\",\"url\":\"https:\/\/exceladvisor.org\/de\/\",\"name\":\"Excel Advisor\",\"description\":\"Ihr Leitfaden zur Datendominanz\",\"publisher\":{\"@id\":\"https:\/\/exceladvisor.org\/de\/#organization\"},\"potentialAction\":[{\"@type\":\"SearchAction\",\"target\":{\"@type\":\"EntryPoint\",\"urlTemplate\":\"https:\/\/exceladvisor.org\/de\/?s={search_term_string}\"},\"query-input\":{\"@type\":\"PropertyValueSpecification\",\"valueRequired\":true,\"valueName\":\"search_term_string\"}}],\"inLanguage\":\"de\"},{\"@type\":\"Organization\",\"@id\":\"https:\/\/exceladvisor.org\/de\/#organization\",\"name\":\"Excel Advisor\",\"url\":\"https:\/\/exceladvisor.org\/de\/\",\"logo\":{\"@type\":\"ImageObject\",\"inLanguage\":\"de\",\"@id\":\"https:\/\/exceladvisor.org\/de\/#\/schema\/logo\/image\/\",\"url\":\"https:\/\/exceladvisor.org\/de\/wp-content\/uploads\/2023\/11\/exceladvisor.org_.png\",\"contentUrl\":\"https:\/\/exceladvisor.org\/de\/wp-content\/uploads\/2023\/11\/exceladvisor.org_.png\",\"width\":105,\"height\":36,\"caption\":\"Excel Advisor\"},\"image\":{\"@id\":\"https:\/\/exceladvisor.org\/de\/#\/schema\/logo\/image\/\"}}]}<\/script>\n<!-- \/ Yoast SEO plugin. -->","yoast_head_json":{"title":"\u25b7 Wie f\u00fcge ich eine Zeile mit VBA in Excel ein?","description":"In diesem Tutorial erfahren Sie, wie Sie mithilfe von VBA Code schreiben, um eine oder mehrere Zeilen in Excel einzuf\u00fcgen","robots":{"index":"index","follow":"follow","max-snippet":"max-snippet:-1","max-image-preview":"max-image-preview:large","max-video-preview":"max-video-preview:-1"},"canonical":"https:\/\/exceladvisor.org\/de\/fugen-sie-eine-zeile-1-ein\/","og_locale":"de_DE","og_type":"article","og_title":"\u25b7 Wie f\u00fcge ich eine Zeile mit VBA in Excel ein?","og_description":"In diesem Tutorial erfahren Sie, wie Sie mithilfe von VBA Code schreiben, um eine oder mehrere Zeilen in Excel einzuf\u00fcgen","og_url":"https:\/\/exceladvisor.org\/de\/fugen-sie-eine-zeile-1-ein\/","og_site_name":"Excel Advisor","article_modified_time":"2023-12-03T11:20:42+00:00","og_image":[{"url":"https:\/\/exceladvisor.org\/wp-content\/uploads\/2023\/08\/1-inserer-une-seule-ligne-en-utilisant-vba.png","type":"","width":"","height":""}],"twitter_card":"summary_large_image","twitter_misc":{"Gesch\u00e4tzte Lesezeit":"3\u00a0Minuten"},"schema":{"@context":"https:\/\/schema.org","@graph":[{"@type":"WebPage","@id":"https:\/\/exceladvisor.org\/de\/fugen-sie-eine-zeile-1-ein\/","url":"https:\/\/exceladvisor.org\/de\/fugen-sie-eine-zeile-1-ein\/","name":"\u25b7 Wie f\u00fcge ich eine Zeile mit VBA in Excel ein?","isPartOf":{"@id":"https:\/\/exceladvisor.org\/de\/#website"},"primaryImageOfPage":{"@id":"https:\/\/exceladvisor.org\/de\/fugen-sie-eine-zeile-1-ein\/#primaryimage"},"image":{"@id":"https:\/\/exceladvisor.org\/de\/fugen-sie-eine-zeile-1-ein\/#primaryimage"},"thumbnailUrl":"https:\/\/exceladvisor.org\/wp-content\/uploads\/2023\/08\/1-inserer-une-seule-ligne-en-utilisant-vba.png","datePublished":"2023-11-11T08:48:18+00:00","dateModified":"2023-12-03T11:20:42+00:00","description":"In diesem Tutorial erfahren Sie, wie Sie mithilfe von VBA Code schreiben, um eine oder mehrere Zeilen in Excel einzuf\u00fcgen","breadcrumb":{"@id":"https:\/\/exceladvisor.org\/de\/fugen-sie-eine-zeile-1-ein\/#breadcrumb"},"inLanguage":"de","potentialAction":[{"@type":"ReadAction","target":["https:\/\/exceladvisor.org\/de\/fugen-sie-eine-zeile-1-ein\/"]}]},{"@type":"ImageObject","inLanguage":"de","@id":"https:\/\/exceladvisor.org\/de\/fugen-sie-eine-zeile-1-ein\/#primaryimage","url":"https:\/\/exceladvisor.org\/wp-content\/uploads\/2023\/08\/1-inserer-une-seule-ligne-en-utilisant-vba.png","contentUrl":"https:\/\/exceladvisor.org\/wp-content\/uploads\/2023\/08\/1-inserer-une-seule-ligne-en-utilisant-vba.png"},{"@type":"BreadcrumbList","@id":"https:\/\/exceladvisor.org\/de\/fugen-sie-eine-zeile-1-ein\/#breadcrumb","itemListElement":[{"@type":"ListItem","position":1,"name":"Accueil","item":"https:\/\/exceladvisor.org\/de\/"},{"@type":"ListItem","position":2,"name":"Wie f\u00fcge ich eine zeile mit vba in excel ein?"}]},{"@type":"WebSite","@id":"https:\/\/exceladvisor.org\/de\/#website","url":"https:\/\/exceladvisor.org\/de\/","name":"Excel Advisor","description":"Ihr Leitfaden zur Datendominanz","publisher":{"@id":"https:\/\/exceladvisor.org\/de\/#organization"},"potentialAction":[{"@type":"SearchAction","target":{"@type":"EntryPoint","urlTemplate":"https:\/\/exceladvisor.org\/de\/?s={search_term_string}"},"query-input":{"@type":"PropertyValueSpecification","valueRequired":true,"valueName":"search_term_string"}}],"inLanguage":"de"},{"@type":"Organization","@id":"https:\/\/exceladvisor.org\/de\/#organization","name":"Excel Advisor","url":"https:\/\/exceladvisor.org\/de\/","logo":{"@type":"ImageObject","inLanguage":"de","@id":"https:\/\/exceladvisor.org\/de\/#\/schema\/logo\/image\/","url":"https:\/\/exceladvisor.org\/de\/wp-content\/uploads\/2023\/11\/exceladvisor.org_.png","contentUrl":"https:\/\/exceladvisor.org\/de\/wp-content\/uploads\/2023\/11\/exceladvisor.org_.png","width":105,"height":36,"caption":"Excel Advisor"},"image":{"@id":"https:\/\/exceladvisor.org\/de\/#\/schema\/logo\/image\/"}}]}},"yoast_meta":{"yoast_wpseo_title":"","yoast_wpseo_metadesc":"","yoast_wpseo_canonical":""},"_links":{"self":[{"href":"https:\/\/exceladvisor.org\/de\/wp-json\/wp\/v2\/pages\/3187","targetHints":{"allow":["GET"]}}],"collection":[{"href":"https:\/\/exceladvisor.org\/de\/wp-json\/wp\/v2\/pages"}],"about":[{"href":"https:\/\/exceladvisor.org\/de\/wp-json\/wp\/v2\/types\/page"}],"author":[{"embeddable":true,"href":"https:\/\/exceladvisor.org\/de\/wp-json\/wp\/v2\/users\/1"}],"replies":[{"embeddable":true,"href":"https:\/\/exceladvisor.org\/de\/wp-json\/wp\/v2\/comments?post=3187"}],"version-history":[{"count":1,"href":"https:\/\/exceladvisor.org\/de\/wp-json\/wp\/v2\/pages\/3187\/revisions"}],"predecessor-version":[{"id":4022,"href":"https:\/\/exceladvisor.org\/de\/wp-json\/wp\/v2\/pages\/3187\/revisions\/4022"}],"wp:attachment":[{"href":"https:\/\/exceladvisor.org\/de\/wp-json\/wp\/v2\/media?parent=3187"}],"curies":[{"name":"wp","href":"https:\/\/api.w.org\/{rel}","templated":true}]}}