{"id":3188,"date":"2023-11-10T19:33:35","date_gmt":"2023-11-10T19:33:35","guid":{"rendered":"https:\/\/exceladvisor.org\/de\/gantt-diagramm\/"},"modified":"2023-12-03T11:12:24","modified_gmt":"2023-12-03T11:12:24","slug":"gantt-diagramm","status":"publish","type":"page","link":"https:\/\/exceladvisor.org\/de\/gantt-diagramm\/","title":{"rendered":"Excel-gantt-diagrammvorlage"},"content":{"rendered":"<div class=\"excel-vor-dem-inhalt\" id=\"excel-2732301345\"><script type=\"text\/javascript\">\r\n\tatOptions = {\r\n\t\t'key' : 'c1158f160081d6540a8409e6925dab94',\r\n\t\t'format' : 'iframe',\r\n\t\t'height' : 250,\r\n\t\t'width' : 300,\r\n\t\t'params' : {}\r\n\t};\r\n<\/script>\r\n<script type=\"text\/javascript\" src=\"\/\/www.highperformanceformat.com\/c1158f160081d6540a8409e6925dab94\/invoke.js\"><\/script><\/div> <p>Projektmanager wissen, wie wichtig Nachverfolgung und Messung sind.<\/p><p> Sie ziehen es immer vor, ihren Projektfortschritt st\u00e4ndig zu analysieren, und das ist eines der wichtigsten Dinge, die ihnen dabei helfen, ihre Projekte p\u00fcnktlich abzuschlie\u00dfen.<\/p><p> Und f\u00fcr einen Projektmanager ist ein Gantt-Diagramm das beste Tool zur Projektverfolgung.<\/p><p> <em>Ja, ein Gantt-Diagramm.<\/em><\/p><p> <em>Ein Gantt-Diagramm ist eines der beliebtesten Diagramme, das Projektmanagern auf der ganzen Welt bei ihren Projekten hilft. In dieser Tabelle k\u00f6nnen Sie den Fortschritt Schritt f\u00fcr Schritt verfolgen: Start- und Enddatum jedes Schritts, Anzahl der ben\u00f6tigten Tage, Versp\u00e4tungstage usw.<\/em><\/p><p> Wie nachstehend: <\/p><div class=\"wp-block-image\"><figure class=\"aligncenter\"><img decoding=\"async\" src=\"https:\/\/exceladvisor.org\/wp-content\/uploads\/2023\/08\/modele-de-diagramme-de-gantt-excel-1.png\" sizes=\"\" srcset=\"\" alt=\"Excel-Gantt-Diagramm-Vorlage\"><\/figure><\/div><p> Und heute m\u00f6chte ich Ihnen eine einfache und effektive Excel-Gantt-Diagrammvorlage vorstellen, mit der Sie Ihr Projekt verfolgen k\u00f6nnen. Schauen wir uns also diese Vorlage genauer an. Sie k\u00f6nnen sie am Ende dieses Artikels herunterladen.<\/p><h2 id=\"0-features\" class=\"wp-block-heading\"> Merkmale<\/h2><p> Diese Vorlage verf\u00fcgt \u00fcber einzigartige Funktionen, die Ihnen helfen k\u00f6nnen, Ihre Projekte effizienter zu verfolgen.<\/p><h3 id=\"1-1-track-any-project-up-to-31-days\" class=\"wp-block-heading\"> 1. Verfolgen Sie jedes Projekt bis zu 31 Tage lang<\/h3><p> Sie k\u00f6nnen ein Projekt bis zu 30 Tage lang verfolgen (verl\u00e4ngerbar). <\/p><div class=\"wp-block-image\"><figure class=\"aligncenter\"><img decoding=\"async\" src=\"https:\/\/exceladvisor.org\/wp-content\/uploads\/2023\/08\/suivre-jusqua-31-jours-dans-le-modele-de-diagramme-de-Gantt-Excel-1.png\" sizes=\"\" srcset=\"\" alt=\"\"><\/figure><\/div><p> Und wenn Sie heutzutage erweitern m\u00f6chten, f\u00fcgen Sie einfach eine neue Spalte am Ende ein und kopieren Sie die Formeln und Formatierungen aus der letzten Spalte und f\u00fcgen Sie sie in diese neue Spalte ein. Sie k\u00f6nnen <a href=\"https:\/\/exceladvisor.org\/de\/malerformat\/\">die Formatierung auch mit einem Format Painter kopieren<\/a> .<\/p><h3 id=\"2-2-track-up-to-10-stages-of-a-project\" class=\"wp-block-heading\"> 2. Verfolgen Sie bis zu 10 Schritte eines Projekts<\/h3><p> Sie k\u00f6nnen bis zu 10 Schritte ausf\u00fchren (erweiterbar). <\/p><div class=\"wp-block-image\"><figure class=\"aligncenter\"><img decoding=\"async\" src=\"https:\/\/exceladvisor.org\/wp-content\/uploads\/2023\/08\/suivre-jusqua-10-etapes-dans-le-modele-de-diagramme-de-Gantt-Excel-1.png\" sizes=\"\" srcset=\"\" alt=\"\"><\/figure><\/div><p> Wenn Sie neue Schritte hinzuf\u00fcgen m\u00f6chten, f\u00fcgen Sie einfach eine neue Zeile am Ende ein und kopieren Sie die Formeln und Formatierungen aus der letzten Spalte und f\u00fcgen Sie sie in diese neue Spalte ein.<\/p><h3 id=\"3-3-project-insights\" class=\"wp-block-heading\"> 3. Projekt\u00fcbersicht<\/h3><p> Sobald Sie Ihre Eingaben korrekt eingegeben haben, k\u00f6nnen Sie daraus Informationen erhalten. Dar\u00fcber hinaus werden die Informationen sofort mit Aktualisierungen der Daten im Modell aktualisiert. <\/p><div class=\"wp-block-image\"><figure class=\"aligncenter\"><img decoding=\"async\" src=\"https:\/\/exceladvisor.org\/wp-content\/uploads\/2023\/08\/idees-dans-le-modele-de-diagramme-de-gantt-excel-1.png\" sizes=\"\" srcset=\"\" alt=\"Ideen in Excel-Gantt-Diagramm-Vorlage 1\"><\/figure><\/div><p> Wenn sich ein Schritt im Prozess befindet, wird der Schrittname angezeigt. Wenn kein Schritt im Prozess ist, wird der Name des zuletzt abgeschlossenen Schritts angezeigt.<\/p><p> Es zeigt Ihnen die Anzahl der Schritte an, die am Zieldatum, nach dem Zieldatum und vor dem Zieldatum abgeschlossen wurden. Wenn ein Schritt vor dem Zieldatum abgeschlossen ist, werden die erfassten Tage gr\u00fcn hervorgehoben. <\/p><div class=\"wp-block-image\"><figure class=\"aligncenter\"><img decoding=\"async\" src=\"https:\/\/exceladvisor.org\/wp-content\/uploads\/2023\/08\/jours-verts-dans-le-modele-de-diagramme-de-gantt-excel-1.png\" sizes=\"\" srcset=\"\" alt=\"\"><\/figure><\/div><p> Wenn eine Etappe nach dem Zieldatum abgeschlossen wird, werden die \u00fcbersch\u00fcssigen Tage rot hervorgehoben. <\/p><div class=\"wp-block-image\"><figure class=\"aligncenter\"><img decoding=\"async\" src=\"https:\/\/exceladvisor.org\/wp-content\/uploads\/2023\/08\/jours-rouges-dans-le-modele-de-diagramme-de-gantt-excel-1.png\" sizes=\"\" srcset=\"\" alt=\"\"><\/figure><\/div><h2 id=\"4-how-to-use-it\" class=\"wp-block-heading\"> Wie man es benutzt<\/h2><p> Hier sind einige wichtige Punkte, die Sie bei der Verwendung dieser Vorlage ber\u00fccksichtigen m\u00fcssen. Bei dieser Gantt-Diagrammvorlage habe ich darauf geachtet, ein Minimum an Details einzugeben. Um Ihr Projekt (Schritt f\u00fcr Schritt) verfolgen zu k\u00f6nnen, haben wir in dieser Vorlage die folgenden Eintr\u00e4ge.<\/p><h3 id=\"5-1-stage-name-manual-entry\" class=\"wp-block-heading\"> 1. Szenenname (manuelle Eingabe)<\/h3><p> Sie k\u00f6nnen f\u00fcr jede Phase Ihres Projekts einen spezifischen Namen eingeben. Und die maximale Anzahl an Schritten, die Sie f\u00fcr ein Projekt in dieser Vorlage verwenden k\u00f6nnen, betr\u00e4gt 10. <\/p><div class=\"wp-block-image\"><figure class=\"aligncenter\"><img decoding=\"async\" src=\"https:\/\/exceladvisor.org\/wp-content\/uploads\/2023\/08\/etapes-du-projet-dans-le-modele-de-diagramme-de-gantt-excel-1.png\" sizes=\"\" srcset=\"\" alt=\"Projektpraktika in Excel-Gantt-Diagramm-Vorlage\"><\/figure><\/div><h3 id=\"6-2-start-date-manual-entry\" class=\"wp-block-heading\"> 2. Startdatum (manuelle Eingabe):<\/h3><p> F\u00fcr jede Phase des Projekts m\u00fcssen Sie ein Startdatum eingeben. Als Projektstartdatum gilt das Startdatum der ersten Projektphase. Sie k\u00f6nnen das Startdatum einer Phase auch vor dem Enddatum der vorherigen Phase angeben. <\/p><div class=\"wp-block-image\"><figure class=\"aligncenter\"><img decoding=\"async\" src=\"https:\/\/exceladvisor.org\/wp-content\/uploads\/2023\/08\/date-de-debut-de-letape-dans-le-modele-de-diagramme-de-gantt-excel-1.png\" sizes=\"\" srcset=\"\" alt=\"Schrittstartdatum in der Excel-Gantt-Diagrammvorlage\"><\/figure><\/div><h3 id=\"7-3-target-days-manual-entry\" class=\"wp-block-heading\"> 3. Zieltage [Manuelle Eingabe]<\/h3><p> Nachdem Sie das Startdatum der Phase angegeben haben, m\u00fcssen Sie die Zieltage f\u00fcr den Abschluss dieser Phase angeben. Dies hilft bei der Berechnung des angestrebten Abschlussdatums f\u00fcr einen bestimmten Meilenstein. <\/p><div class=\"wp-block-image\"><figure class=\"aligncenter\"><img decoding=\"async\" src=\"https:\/\/exceladvisor.org\/wp-content\/uploads\/2023\/08\/jours-cibles-detape-dans-le-modele-de-diagramme-de-gantt-excel-1.png\" sizes=\"\" srcset=\"\" alt=\"Meilensteinzieltage in einer Excel-Gantt-Diagrammvorlage\"><\/figure><\/div><h3 id=\"8-4-target-end-date-auto-calculation\" class=\"wp-block-heading\"> 4. Geplantes Enddatum [Automatische Berechnung]<\/h3><p> Aus den Zieltagen f\u00fcr die Erledigung eines Schritts wird automatisch das \u201eZiel-Enddatum\u201c berechnet. Dadurch erhalten Sie eine Frist, um Ihren Schritt abzuschlie\u00dfen. <\/p><div class=\"wp-block-image\"><figure class=\"aligncenter\"><img decoding=\"async\" src=\"https:\/\/exceladvisor.org\/wp-content\/uploads\/2023\/08\/date-de-fin-cible-dans-le-modele-de-diagramme-de-gantt-excel-1.png\" sizes=\"\" srcset=\"\" alt=\"Zielenddatum in der Excel-Gantt-Diagrammvorlage\"><\/figure><\/div><h3 id=\"9-5-actual-end-date-manual-entry\" class=\"wp-block-heading\"> 5. Aktuelles Enddatum [Manuelle Eingabe]<\/h3><p> Sobald ein Schritt abgeschlossen ist, k\u00f6nnen Sie das Abschlussdatum f\u00fcr diesen Schritt eingeben. <\/p><div class=\"wp-block-image\"><figure class=\"aligncenter\"><img decoding=\"async\" src=\"https:\/\/exceladvisor.org\/wp-content\/uploads\/2023\/08\/date-de-fin-reelle-dans-le-modele-de-diagramme-de-gantt-excel-1.png\" sizes=\"\" srcset=\"\" alt=\"Tats\u00e4chliches Enddatum in der Excel-Gantt-Diagrammvorlage\"><\/figure><\/div><p> Unabh\u00e4ngig davon, ob das tats\u00e4chliche Abschlussdatum vor oder nach dem Zieldatum liegt, ber\u00fccksichtigt diese Vorlage diese Tage in den Informationen, um die Anzahl der bis zum Zieldatum abgeschlossenen Schritte anzuzeigen.<\/p><h3 id=\"10-6-actual-days-taken-auto-calculation\" class=\"wp-block-heading\"> 6. Tats\u00e4chlich ben\u00f6tigte Tage [Automatische Berechnung]<\/h3><p> Ausgehend vom tats\u00e4chlichen Enddatum werden die tats\u00e4chlichen Tage berechnet, die zum Abschlie\u00dfen eines Schritts erforderlich sind. <\/p><div class=\"wp-block-image\"><figure class=\"aligncenter\"><img decoding=\"async\" src=\"https:\/\/exceladvisor.org\/wp-content\/uploads\/2023\/08\/jours-reels-pris-dans-le-modele-de-diagramme-de-gantt-excel-1.png\" sizes=\"\" srcset=\"\" alt=\"Tats\u00e4chliche Tage in der Excel-Gantt-Diagrammvorlage\"><\/figure><\/div><h3 id=\"11-7-project-details\" class=\"wp-block-heading\"> 7. Projektdetails<\/h3><p> Sie k\u00f6nnen die folgenden Details f\u00fcr Ihr Projekt eingeben oder \u00e4ndern.<\/p><ul><li> Name des Projekts.<\/li><li> Name des Projektmanagers und Beschreibung des Projekts.<\/li><\/ul><p> Um die Details zu bearbeiten, klicken Sie oben rechts in der Vorlage auf die Schaltfl\u00e4che \u201eDetails bearbeiten\u201c. <\/p><div class=\"wp-block-image\"><figure class=\"aligncenter\"><img decoding=\"async\" src=\"https:\/\/exceladvisor.org\/wp-content\/uploads\/2023\/08\/modifier-les-details-dans-le-modele-de-diagramme-de-gantt-excel-1.png\" sizes=\"\" srcset=\"\" alt=\"Bearbeiten Sie Details in der Excel-Gantt-Diagrammvorlage\"><\/figure><\/div><p> Sobald Sie auf diese Schaltfl\u00e4che klicken, gelangen Sie zum Detailbereich, wo Sie Details f\u00fcr Ihr Projekt bearbeiten oder neue eingeben k\u00f6nnen. <\/p><div class=\"wp-block-image\"><figure class=\"aligncenter\"><img decoding=\"async\" src=\"https:\/\/exceladvisor.org\/wp-content\/uploads\/2023\/08\/volet-de-details-dans-le-modele-de-diagramme-de-Gantt-Excel-1.png\" sizes=\"\" srcset=\"\" alt=\"Detailbereich in der Excel-Gantt-Diagrammvorlage\"><\/figure><\/div><p> Und wenn Sie mit Ihren Projektdetails fertig sind, klicken Sie auf die Schaltfl\u00e4che \u201eZur\u00fcck\u201c, um zu Ihrer Gantt-Diagrammvorlage zur\u00fcckzukehren. <\/p><div class=\"wp-block-image\"><figure class=\"aligncenter\"><img decoding=\"async\" src=\"https:\/\/exceladvisor.org\/wp-content\/uploads\/2023\/08\/bouton-de-retour-volet-dinformations-dans-le-modele-de-diagramme-de-gantt-excel-1.png\" sizes=\"\" srcset=\"\" alt=\"Schaltfl\u00e4che \u201eZur\u00fcck\u201c im Detailbereich der Excel-Gantt-Diagrammvorlage\"><\/figure><\/div><p> Sobald Sie die Details im \u201eDetails-Abschnitt\u201c \u00e4ndern, werden diese auch in Ihrer Hauptvorlage ge\u00e4ndert. Das Sch\u00f6ne an dieser Vorlage ist \u201eKeine komplexe Bearbeitung\u201c.<\/p><h2 id=\"12-download-your-template\" class=\"wp-block-heading\"> Laden Sie Ihr Modell herunter<\/h2><p> <a href=\"https:\/\/exceladvisor.org\/wp-content\/uploads\/2023\/11\/modele-de-diagramme-de-gantt-excel-2.xlsx\" target=\"_blank\" rel=\"noreferrer noopener nofollow\"><strong>Link zum Download<\/strong><\/a><\/p><h2 id=\"13-conclusion\" class=\"wp-block-heading\"> Abschluss<\/h2><p> Diese Gantt-Diagrammvorlage ist ein n\u00fctzliches Tool, wenn Sie Ihr Projekt verfolgen m\u00f6chten. Dies hilft Ihnen nicht nur bei der Nachverfolgung, sondern liefert Ihnen auch n\u00fctzliche Informationen.<\/p><p> Und das Beste daran ist, dass Sie die Tage und Etappen verl\u00e4ngern k\u00f6nnen, wenn Sie m\u00f6chten. Ich hoffe, dass diese Vorlage Ihnen hilft, Ihre Finanzen zu verbessern. Vergessen Sie nicht, diese Vorlage mit Ihren Freunden zu teilen.<\/p><div class=\"gb-container gb-container-a61970aa gb-container-mt\"> <a class=\"gb-button gb-button-b4293c6c gb-button-text gb-button-mt-button\" href=\"https:\/\/exceladvisor.org\/de\/excel-diagramme\/\">Arten von Excel-Diagrammen<\/a><h2 class=\"gb-headline gb-headline-5bf2e581 gb-headline-text gb-headline-mt-heading\"> Verwandte Tutorials <\/h2><div class=\"gb-grid-wrapper gb-grid-wrapper-9b70abf1 gb-grid-wrapper-mt-grid\"><div class=\"gb-grid-column gb-grid-column-97a95c29\"><div class=\"gb-container gb-container-97a95c29\"><ul><li> <a href=\"https:\/\/exceladvisor.org\/de\/waffelgrafik\/\">GEPR\u00c4GTES BOARD<\/a><\/li><li> <a href=\"https:\/\/exceladvisor.org\/de\/trichterdiagramm\/\">Trichterdiagramm<\/a><\/li><li> <a href=\"https:\/\/exceladvisor.org\/de\/schwarzes-brett\/\">Bullet-Diagramm<\/a><\/li><li> <a href=\"https:\/\/exceladvisor.org\/de\/warmekarte\/\">W\u00e4rmekarte<\/a> <\/li><\/ul><\/div><\/div><div class=\"gb-grid-column gb-grid-column-0636840f\"><div class=\"gb-container gb-container-0636840f\"><ul><li> <a href=\"https:\/\/exceladvisor.org\/de\/tornado-diagramm\/\">Tornado-Karte<\/a><\/li><li> <a href=\"https:\/\/exceladvisor.org\/de\/erweiterte-grafik\/\">Erweiterte Excel-Diagramme<\/a><\/li><li> <a href=\"https:\/\/exceladvisor.org\/de\/piktogramm\/\">Piktogramm<\/a><\/li><li> <a href=\"https:\/\/exceladvisor.org\/de\/thermometertabelle\/\">Thermometerdiagramm<\/a><\/li><\/ul><\/div><\/div><\/div><\/div>","protected":false},"excerpt":{"rendered":"","protected":false},"author":1,"featured_media":0,"parent":0,"menu_order":0,"comment_status":"open","ping_status":"closed","template":"","meta":{"ub_ctt_via":"","footnotes":""},"class_list":["post-3188","page","type-page","status-publish","hentry"],"featured_image_src":null,"yoast_head":"<!-- This site is optimized with the Yoast SEO plugin v25.4 - https:\/\/yoast.com\/wordpress\/plugins\/seo\/ -->\n<title>\u25b7 Excel-Gantt-Diagramm-Vorlage [Kostenlos 2023]<\/title>\n<meta name=\"description\" content=\"Ich m\u00f6chte Ihnen eine einfache und effektive Excel-Gantt-Diagrammvorlage vorstellen, mit der Sie Ihr Projekt verfolgen k\u00f6nnen.\" \/>\n<meta name=\"robots\" content=\"index, follow, max-snippet:-1, max-image-preview:large, max-video-preview:-1\" \/>\n<link rel=\"canonical\" href=\"https:\/\/exceladvisor.org\/de\/gantt-diagramm\/\" \/>\n<meta property=\"og:locale\" content=\"de_DE\" \/>\n<meta property=\"og:type\" content=\"article\" \/>\n<meta property=\"og:title\" content=\"\u25b7 Excel-Gantt-Diagramm-Vorlage [Kostenlos 2023]\" \/>\n<meta property=\"og:description\" content=\"Ich m\u00f6chte Ihnen eine einfache und effektive Excel-Gantt-Diagrammvorlage vorstellen, mit der Sie Ihr Projekt verfolgen k\u00f6nnen.\" \/>\n<meta property=\"og:url\" content=\"https:\/\/exceladvisor.org\/de\/gantt-diagramm\/\" \/>\n<meta property=\"og:site_name\" content=\"Excel Advisor\" \/>\n<meta property=\"article:modified_time\" content=\"2023-12-03T11:12:24+00:00\" \/>\n<meta property=\"og:image\" content=\"https:\/\/exceladvisor.org\/wp-content\/uploads\/2023\/08\/modele-de-diagramme-de-gantt-excel-1.png\" \/>\n<meta name=\"twitter:card\" content=\"summary_large_image\" \/>\n<meta name=\"twitter:label1\" content=\"Gesch\u00e4tzte Lesezeit\" \/>\n\t<meta name=\"twitter:data1\" content=\"4\u00a0Minuten\" \/>\n<script type=\"application\/ld+json\" class=\"yoast-schema-graph\">{\"@context\":\"https:\/\/schema.org\",\"@graph\":[{\"@type\":\"WebPage\",\"@id\":\"https:\/\/exceladvisor.org\/de\/gantt-diagramm\/\",\"url\":\"https:\/\/exceladvisor.org\/de\/gantt-diagramm\/\",\"name\":\"\u25b7 Excel-Gantt-Diagramm-Vorlage [Kostenlos 2023]\",\"isPartOf\":{\"@id\":\"https:\/\/exceladvisor.org\/de\/#website\"},\"primaryImageOfPage\":{\"@id\":\"https:\/\/exceladvisor.org\/de\/gantt-diagramm\/#primaryimage\"},\"image\":{\"@id\":\"https:\/\/exceladvisor.org\/de\/gantt-diagramm\/#primaryimage\"},\"thumbnailUrl\":\"https:\/\/exceladvisor.org\/wp-content\/uploads\/2023\/08\/modele-de-diagramme-de-gantt-excel-1.png\",\"datePublished\":\"2023-11-10T19:33:35+00:00\",\"dateModified\":\"2023-12-03T11:12:24+00:00\",\"description\":\"Ich m\u00f6chte Ihnen eine einfache und effektive Excel-Gantt-Diagrammvorlage vorstellen, mit der Sie Ihr Projekt verfolgen k\u00f6nnen.\",\"breadcrumb\":{\"@id\":\"https:\/\/exceladvisor.org\/de\/gantt-diagramm\/#breadcrumb\"},\"inLanguage\":\"de\",\"potentialAction\":[{\"@type\":\"ReadAction\",\"target\":[\"https:\/\/exceladvisor.org\/de\/gantt-diagramm\/\"]}]},{\"@type\":\"ImageObject\",\"inLanguage\":\"de\",\"@id\":\"https:\/\/exceladvisor.org\/de\/gantt-diagramm\/#primaryimage\",\"url\":\"https:\/\/exceladvisor.org\/wp-content\/uploads\/2023\/08\/modele-de-diagramme-de-gantt-excel-1.png\",\"contentUrl\":\"https:\/\/exceladvisor.org\/wp-content\/uploads\/2023\/08\/modele-de-diagramme-de-gantt-excel-1.png\"},{\"@type\":\"BreadcrumbList\",\"@id\":\"https:\/\/exceladvisor.org\/de\/gantt-diagramm\/#breadcrumb\",\"itemListElement\":[{\"@type\":\"ListItem\",\"position\":1,\"name\":\"Accueil\",\"item\":\"https:\/\/exceladvisor.org\/de\/\"},{\"@type\":\"ListItem\",\"position\":2,\"name\":\"Excel-gantt-diagrammvorlage\"}]},{\"@type\":\"WebSite\",\"@id\":\"https:\/\/exceladvisor.org\/de\/#website\",\"url\":\"https:\/\/exceladvisor.org\/de\/\",\"name\":\"Excel Advisor\",\"description\":\"Ihr Leitfaden zur Datendominanz\",\"publisher\":{\"@id\":\"https:\/\/exceladvisor.org\/de\/#organization\"},\"potentialAction\":[{\"@type\":\"SearchAction\",\"target\":{\"@type\":\"EntryPoint\",\"urlTemplate\":\"https:\/\/exceladvisor.org\/de\/?s={search_term_string}\"},\"query-input\":{\"@type\":\"PropertyValueSpecification\",\"valueRequired\":true,\"valueName\":\"search_term_string\"}}],\"inLanguage\":\"de\"},{\"@type\":\"Organization\",\"@id\":\"https:\/\/exceladvisor.org\/de\/#organization\",\"name\":\"Excel Advisor\",\"url\":\"https:\/\/exceladvisor.org\/de\/\",\"logo\":{\"@type\":\"ImageObject\",\"inLanguage\":\"de\",\"@id\":\"https:\/\/exceladvisor.org\/de\/#\/schema\/logo\/image\/\",\"url\":\"https:\/\/exceladvisor.org\/de\/wp-content\/uploads\/2023\/11\/exceladvisor.org_.png\",\"contentUrl\":\"https:\/\/exceladvisor.org\/de\/wp-content\/uploads\/2023\/11\/exceladvisor.org_.png\",\"width\":105,\"height\":36,\"caption\":\"Excel Advisor\"},\"image\":{\"@id\":\"https:\/\/exceladvisor.org\/de\/#\/schema\/logo\/image\/\"}}]}<\/script>\n<!-- \/ Yoast SEO plugin. -->","yoast_head_json":{"title":"\u25b7 Excel-Gantt-Diagramm-Vorlage [Kostenlos 2023]","description":"Ich m\u00f6chte Ihnen eine einfache und effektive Excel-Gantt-Diagrammvorlage vorstellen, mit der Sie Ihr Projekt verfolgen k\u00f6nnen.","robots":{"index":"index","follow":"follow","max-snippet":"max-snippet:-1","max-image-preview":"max-image-preview:large","max-video-preview":"max-video-preview:-1"},"canonical":"https:\/\/exceladvisor.org\/de\/gantt-diagramm\/","og_locale":"de_DE","og_type":"article","og_title":"\u25b7 Excel-Gantt-Diagramm-Vorlage [Kostenlos 2023]","og_description":"Ich m\u00f6chte Ihnen eine einfache und effektive Excel-Gantt-Diagrammvorlage vorstellen, mit der Sie Ihr Projekt verfolgen k\u00f6nnen.","og_url":"https:\/\/exceladvisor.org\/de\/gantt-diagramm\/","og_site_name":"Excel Advisor","article_modified_time":"2023-12-03T11:12:24+00:00","og_image":[{"url":"https:\/\/exceladvisor.org\/wp-content\/uploads\/2023\/08\/modele-de-diagramme-de-gantt-excel-1.png","type":"","width":"","height":""}],"twitter_card":"summary_large_image","twitter_misc":{"Gesch\u00e4tzte Lesezeit":"4\u00a0Minuten"},"schema":{"@context":"https:\/\/schema.org","@graph":[{"@type":"WebPage","@id":"https:\/\/exceladvisor.org\/de\/gantt-diagramm\/","url":"https:\/\/exceladvisor.org\/de\/gantt-diagramm\/","name":"\u25b7 Excel-Gantt-Diagramm-Vorlage [Kostenlos 2023]","isPartOf":{"@id":"https:\/\/exceladvisor.org\/de\/#website"},"primaryImageOfPage":{"@id":"https:\/\/exceladvisor.org\/de\/gantt-diagramm\/#primaryimage"},"image":{"@id":"https:\/\/exceladvisor.org\/de\/gantt-diagramm\/#primaryimage"},"thumbnailUrl":"https:\/\/exceladvisor.org\/wp-content\/uploads\/2023\/08\/modele-de-diagramme-de-gantt-excel-1.png","datePublished":"2023-11-10T19:33:35+00:00","dateModified":"2023-12-03T11:12:24+00:00","description":"Ich m\u00f6chte Ihnen eine einfache und effektive Excel-Gantt-Diagrammvorlage vorstellen, mit der Sie Ihr Projekt verfolgen k\u00f6nnen.","breadcrumb":{"@id":"https:\/\/exceladvisor.org\/de\/gantt-diagramm\/#breadcrumb"},"inLanguage":"de","potentialAction":[{"@type":"ReadAction","target":["https:\/\/exceladvisor.org\/de\/gantt-diagramm\/"]}]},{"@type":"ImageObject","inLanguage":"de","@id":"https:\/\/exceladvisor.org\/de\/gantt-diagramm\/#primaryimage","url":"https:\/\/exceladvisor.org\/wp-content\/uploads\/2023\/08\/modele-de-diagramme-de-gantt-excel-1.png","contentUrl":"https:\/\/exceladvisor.org\/wp-content\/uploads\/2023\/08\/modele-de-diagramme-de-gantt-excel-1.png"},{"@type":"BreadcrumbList","@id":"https:\/\/exceladvisor.org\/de\/gantt-diagramm\/#breadcrumb","itemListElement":[{"@type":"ListItem","position":1,"name":"Accueil","item":"https:\/\/exceladvisor.org\/de\/"},{"@type":"ListItem","position":2,"name":"Excel-gantt-diagrammvorlage"}]},{"@type":"WebSite","@id":"https:\/\/exceladvisor.org\/de\/#website","url":"https:\/\/exceladvisor.org\/de\/","name":"Excel Advisor","description":"Ihr Leitfaden zur Datendominanz","publisher":{"@id":"https:\/\/exceladvisor.org\/de\/#organization"},"potentialAction":[{"@type":"SearchAction","target":{"@type":"EntryPoint","urlTemplate":"https:\/\/exceladvisor.org\/de\/?s={search_term_string}"},"query-input":{"@type":"PropertyValueSpecification","valueRequired":true,"valueName":"search_term_string"}}],"inLanguage":"de"},{"@type":"Organization","@id":"https:\/\/exceladvisor.org\/de\/#organization","name":"Excel Advisor","url":"https:\/\/exceladvisor.org\/de\/","logo":{"@type":"ImageObject","inLanguage":"de","@id":"https:\/\/exceladvisor.org\/de\/#\/schema\/logo\/image\/","url":"https:\/\/exceladvisor.org\/de\/wp-content\/uploads\/2023\/11\/exceladvisor.org_.png","contentUrl":"https:\/\/exceladvisor.org\/de\/wp-content\/uploads\/2023\/11\/exceladvisor.org_.png","width":105,"height":36,"caption":"Excel Advisor"},"image":{"@id":"https:\/\/exceladvisor.org\/de\/#\/schema\/logo\/image\/"}}]}},"yoast_meta":{"yoast_wpseo_title":"","yoast_wpseo_metadesc":"","yoast_wpseo_canonical":""},"_links":{"self":[{"href":"https:\/\/exceladvisor.org\/de\/wp-json\/wp\/v2\/pages\/3188","targetHints":{"allow":["GET"]}}],"collection":[{"href":"https:\/\/exceladvisor.org\/de\/wp-json\/wp\/v2\/pages"}],"about":[{"href":"https:\/\/exceladvisor.org\/de\/wp-json\/wp\/v2\/types\/page"}],"author":[{"embeddable":true,"href":"https:\/\/exceladvisor.org\/de\/wp-json\/wp\/v2\/users\/1"}],"replies":[{"embeddable":true,"href":"https:\/\/exceladvisor.org\/de\/wp-json\/wp\/v2\/comments?post=3188"}],"version-history":[{"count":1,"href":"https:\/\/exceladvisor.org\/de\/wp-json\/wp\/v2\/pages\/3188\/revisions"}],"predecessor-version":[{"id":3755,"href":"https:\/\/exceladvisor.org\/de\/wp-json\/wp\/v2\/pages\/3188\/revisions\/3755"}],"wp:attachment":[{"href":"https:\/\/exceladvisor.org\/de\/wp-json\/wp\/v2\/media?parent=3188"}],"curies":[{"name":"wp","href":"https:\/\/api.w.org\/{rel}","templated":true}]}}