{"id":3189,"date":"2023-11-10T19:17:27","date_gmt":"2023-11-10T19:17:27","guid":{"rendered":"https:\/\/exceladvisor.org\/de\/trichterdiagramm\/"},"modified":"2023-12-03T11:19:35","modified_gmt":"2023-12-03T11:19:35","slug":"trichterdiagramm","status":"publish","type":"page","link":"https:\/\/exceladvisor.org\/de\/trichterdiagramm\/","title":{"rendered":"Wie erstelle ich ein trichterdiagramm in excel?"},"content":{"rendered":"<div class=\"excel-vor-dem-inhalt\" id=\"excel-2199292617\"><script type=\"text\/javascript\">\r\n\tatOptions = {\r\n\t\t'key' : 'c1158f160081d6540a8409e6925dab94',\r\n\t\t'format' : 'iframe',\r\n\t\t'height' : 250,\r\n\t\t'width' : 300,\r\n\t\t'params' : {}\r\n\t};\r\n<\/script>\r\n<script type=\"text\/javascript\" src=\"\/\/www.highperformanceformat.com\/c1158f160081d6540a8409e6925dab94\/invoke.js\"><\/script><\/div> <p>Die beste M\u00f6glichkeit, Ihre Verk\u00e4ufe zu verfolgen, ist die Verwendung eines Trichterdiagramms. Ein Sales-Funnel-Diagramm beschreibt nicht nur die Schritte im Prozess, sondern bietet auch einen Conversion-Funnel f\u00fcr Ihr neues Unternehmen. <\/p><div class=\"wp-block-image\"><figure class=\"aligncenter\"><img decoding=\"async\" src=\"https:\/\/exceladvisor.org\/wp-content\/uploads\/2023\/08\/graphique-dentonnoir-des-ventes-dans-un-modele-excel-1.gif\" sizes=\"\" srcset=\"\" alt=\"Verkaufstrichterdiagramm in Excel-Vorlage\"><\/figure><\/div><p> Und im heutigen Artikel zeige ich Ihnen die genauen Schritte, mit denen Sie ein Sales-Funnel-Diagramm in Excel erstellen k\u00f6nnen. Nun, nicht nur im Verkauf, Sie k\u00f6nnen dieses Trichterdiagramm in jedem Prozess verwenden.<\/p><p> Und jetzt fangen wir an.<\/p><h2 class=\"wp-block-heading\"> Schritte zum Erstellen eines Verkaufstrichters in Excel<\/h2><p> Sie haben die folgende Datentabelle f\u00fcr diese Diagrammvorlage, die <a style=\"outline: none;\" href=\"https:\/\/exceladvisor.org\/wp-content\/uploads\/2023\/11\/modele-dentonnoir-de-vente.zip\" rel=\"nofollow\">Sie hier herunterladen k\u00f6nnen,<\/a> um sie mitzuverfolgen. <\/p><div class=\"wp-block-image\"><figure class=\"aligncenter\"><img decoding=\"async\" src=\"https:\/\/exceladvisor.org\/wp-content\/uploads\/2023\/08\/1-donnees-pour-creer-un-graphique-dentonnoir-de-vente-dans-Excel-min-1.png\" sizes=\"\" srcset=\"\" alt=\"\"><\/figure><\/div><ol><li> F\u00fcgen Sie zun\u00e4chst <strong>eine Dummy-Datenspalte ein<\/strong> . <br><img decoding=\"async\" title=\"2-F\u00fcgen Sie eine Dummy-Spalte in die Daten ein, um in Excel ein Sales-Funnel-Diagramm zu erstellen\" src=\"https:\/\/exceladvisor.org\/wp-content\/uploads\/2023\/08\/2-inserez-une-colonne-factice-dans-les-donnees-pour-creer-un-graphique-en-entonnoir-des-ventes-dans-Excel-min-1.png\" sizes=\"\" srcset=\"\" alt=\"\"><\/li><li> <strong>F\u00fcgen Sie in Zelle B2 die folgende Formel<\/strong> in die <a href=\"https:\/\/exceladvisor.org\/de\/excel-formelleiste\/\">Bearbeitungsleiste<\/a> ein und ziehen Sie sie nach unten. <br><img decoding=\"async\" title=\"3-Formel-in-Spalte-in-Daten einf\u00fcgen-um-Verkaufstrichter-Diagramm-in-Excel-zu-erstellen-min\" src=\"https:\/\/exceladvisor.org\/wp-content\/uploads\/2023\/08\/3-inserez-une-formule-dans-la-colonne-des-donnees-pour-creer-un-graphique-en-entonnoir-des-ventes-dans-Excel-min-1.png\" sizes=\"\" srcset=\"\" alt=\"\"> =(MAX($I$4:$I$7)-I4)\/2<\/li><li> Um den Verkaufstrichter einzurichten, w\u00e4hlen Sie einfach die Daten aus und <strong>f\u00fcgen Sie ein gestapeltes Balkendiagramm ein<\/strong> .<\/li><li> Jetzt haben Sie einen Tisch wie diesen. <br><img decoding=\"async\" title=\"4-F\u00fcgen Sie ein Histogramm ein, um in Excel einen Verkaufstrichter zu erstellen\" src=\"https:\/\/exceladvisor.org\/wp-content\/uploads\/2023\/08\/4-inserer-un-graphique-a-barres-pour-creer-un-graphique-en-entonnoir-des-ventes-dans-Excel-min-1.png\" sizes=\"\" srcset=\"\" alt=\"\"><\/li><li> Von hier aus ben\u00f6tigen wir die folgende Anpassung, um dieses Diagramm in ein Verkaufstrichterdiagramm umzuwandeln.<\/li><li> <strong>W\u00e4hlen Sie nun die vertikale Achse aus und \u00e4ndern Sie die Kategorie in umgekehrter Reihenfolge<\/strong> . Achse formatieren \u2192 Achsenoptionen \u2192 Achsenposition. <br><img decoding=\"async\" title=\"7-in-umgekehrter-reihenfolge-bearbeiten-zur-erstellung-eines-verkaufstrichter-diagramms-in-excel-min\" src=\"https:\/\/exceladvisor.org\/wp-content\/uploads\/2023\/08\/7-changer-pour-inverser-lordre-pour-creer-un-graphique-dentonnoir-des-ventes-dans-Excel-min.png\" sizes=\"\" srcset=\"\" alt=\"\"><\/li><li> W\u00e4hlen Sie anschlie\u00dfend die Datenleiste f\u00fcr die Dummy-Daten aus und <strong>entfernen Sie die F\u00fcllfarbe und den Rand davon<\/strong> . <br><img decoding=\"async\" title=\"5-Apply-No-Fill-to-create-a-Sales-Funnel-Chart-in-Excel-Min\" src=\"https:\/\/exceladvisor.org\/wp-content\/uploads\/2023\/08\/5-nappliquez-aucun-remplissage-pour-creer-un-graphique-dentonnoir-des-ventes-dans-Excel-min-1.png\" sizes=\"\" srcset=\"\" alt=\"\"><\/li><li> W\u00e4hlen Sie am Ende die Datenbalken aus und <strong>\u00e4ndern Sie die L\u00fcckenbreite auf 0 %<\/strong> . Datenreihe formatieren \u2192 Reihenoption \u2192 L\u00fcckenbreite. <br><img decoding=\"async\" title=\"6-\u00c4ndern-die-L\u00fcckenbreite-um-ein-Verkaufstrichterdiagramm-in-Excel-zu-erstellen-min\" src=\"https:\/\/exceladvisor.org\/wp-content\/uploads\/2023\/08\/6-modifier-la-largeur-de-lecart-pour-creer-un-graphique-dentonnoir-des-ventes-dans-Excel-min-1.png\" sizes=\"\" srcset=\"\" alt=\"\"><\/li><li> Und jetzt haben Sie ein klares, sauberes Trichterdiagramm, das Sie als Vorlage verwenden k\u00f6nnen. <br><img decoding=\"async\" title=\"Sales-Funnel-Template-In-Excel-11.jpg\" src=\"https:\/\/exceladvisor.org\/wp-content\/uploads\/2023\/08\/Modele-dentonnoir-de-vente-dans-Excel-11-1.jpg\" sizes=\"\" srcset=\"\" alt=\"Create a Sales Funnel Template In Excel\"><\/li><\/ol><p> Gl\u00fcckwunsch! du hast es geschafft.<\/p><h2 class=\"wp-block-heading\"> [Bonus-Tipp] Trichterdiagramm mit REPT-Funktion<\/h2><p> Wie ich bereits sagte, bin ich ein gro\u00dfer Fan von Cell Mapping. Lassen Sie mich Ihnen zeigen, wie Sie mit der Rept-Funktion ein Verkaufstrichtermodell in Excel erstellen. Das Erstellen eines Cell Sales Funnel-Diagramms ist schnell und einfach. Hier sind die Schritte.<\/p><ol><li> Nehmen Sie Daten in einfacher Form auf. <br><img decoding=\"async\" title=\"Erstellen Sie ein Verkaufstrichterdiagramm in Excel mit Daten aus der Rept-Funktion\" src=\"https:\/\/exceladvisor.org\/wp-content\/uploads\/2023\/08\/creer-un-graphique-en-entonnoir-des-ventes-dans-Excel-avec-les-donnees-de-la-fonction-rept-1.png\" sizes=\"\" srcset=\"\" alt=\"\"><\/li><li> Geben Sie in die leere Spalte die folgende Formel ein und ziehen Sie sie nach unten.<\/li><\/ol><p style=\"padding-left: 40px;\"> = <a href=\"https:\/\/exceladvisor.org\/de\/excel-string-funktionen\/\" target=\"_blank\" rel=\"noopener noreferrer\">REPT<\/a> (\u201e|\u201c,D4\/2) <\/p><ul id=\"block-08145b4a-bee0-465e-b451-ac957e63616e\" class=\"block-editor-rich-text__editable block-editor-block-list__block wp-block is-selected rich-text\" tabindex=\"0\" role=\"group\" contenteditable=\"true\" aria-multiline=\"true\" aria-label=\"Block: List\" data-block=\"08145b4a-bee0-465e-b451-ac957e63616e\" data-type=\"core\/list\" data-title=\"List\"><li> Und jetzt \u00e4ndern Sie die Textausrichtung f\u00fcr die Balken auf Mitte. <br><img decoding=\"async\" title=\"Erstellen Sie mit der Rept-Funktion ein Verkaufstrichterdiagramm in Excel\" src=\"https:\/\/exceladvisor.org\/wp-content\/uploads\/2023\/08\/creer-un-graphique-dentonnoir-des-ventes-dans-Excel-avec-la-fonction-rept-1.png\" sizes=\"\" srcset=\"\" alt=\"\"><\/li><\/ul><p> Ihr In-Cell-Trichterdiagramm ist fertig.<\/p><h2 class=\"wp-block-heading\"> Laden Sie die Verkaufstrichter-Vorlage herunter<\/h2><p> <a href=\"https:\/\/exceladvisor.org\/wp-content\/uploads\/2023\/11\/modele-dentonnoir-de-vente.zip\" rel=\"nofollow\">Klicken Sie hier, um die Beispieldatei herunterzuladen<\/a> .<\/p><h2 class=\"wp-block-heading\"> Abschluss<\/h2><p> Die Verwendung eines Verkaufstrichters ist eine der besten M\u00f6glichkeiten, einen Verkaufsprozess zu verfolgen. Sie k\u00f6nnen einem Diagramm auch zus\u00e4tzliche Elemente hinzuf\u00fcgen, z. B. die Conversion-Rate, den ausstehenden Prozentsatz usw.<\/p><p> Alle Schritte, die Sie oben verwendet haben, sind einfach und leicht zu befolgen. Und wenn Sie sich den Aufwand nicht leisten m\u00f6chten, entscheiden Sie sich f\u00fcr eine Mobilfunkversion.<\/p><p> Ich hoffe, dieser Tipp <a href=\"https:\/\/exceladvisor.org\/de\/erweiterte-grafik\/\" target=\"\" rel=\"noopener noreferrer\" data-tcb-events=\"\">hilft Ihnen dabei, das Mapping zu verbessern<\/a> .<\/p><p> Jetzt sag mir eins. Welche Methode gef\u00e4llt Ihnen am besten? Und wenn Sie eine andere Methode zum Erstellen eines Trichterdiagramms haben, teilen Sie mir diese bitte im Kommentarfeld mit. Ich w\u00fcrde mich freuen, von Ihnen zu h\u00f6ren. Und vergessen Sie nicht, diesen Tipp mit Ihren Freunden zu teilen.<\/p><div class=\"gb-container gb-container-a61970aa gb-container-mt\"> <a class=\"gb-button gb-button-b4293c6c gb-button-text gb-button-mt-button\" href=\"https:\/\/exceladvisor.org\/de\/excel-diagramme\/\">Arten von Excel-Diagrammen<\/a><h2 class=\"gb-headline gb-headline-5bf2e581 gb-headline-text gb-headline-mt-heading\"> Verwandte Tutorials <\/h2><div class=\"gb-grid-wrapper gb-grid-wrapper-9b70abf1 gb-grid-wrapper-mt-grid\"><div class=\"gb-grid-column gb-grid-column-97a95c29\"><div class=\"gb-container gb-container-97a95c29\"><ul><li> <a href=\"https:\/\/exceladvisor.org\/de\/waffelgrafik\/\">GEPR\u00c4GTES BOARD<\/a><\/li><li> <a href=\"https:\/\/exceladvisor.org\/de\/gantt-diagramm\/\">Gantt-Diagramm<\/a><\/li><li> <a href=\"https:\/\/exceladvisor.org\/de\/schwarzes-brett\/\">Bullet-Diagramm<\/a><\/li><li> <a href=\"https:\/\/exceladvisor.org\/de\/warmekarte\/\">W\u00e4rmekarte<\/a> <\/li><\/ul><\/div><\/div><div class=\"gb-grid-column gb-grid-column-0636840f\"><div class=\"gb-container gb-container-0636840f\"><ul><li> <a href=\"https:\/\/exceladvisor.org\/de\/tornado-diagramm\/\">Tornado-Karte<\/a><\/li><li> <a href=\"https:\/\/exceladvisor.org\/de\/erweiterte-grafik\/\">Erweiterte Excel-Diagramme<\/a><\/li><li> <a href=\"https:\/\/exceladvisor.org\/de\/piktogramm\/\">Piktogramm<\/a><\/li><li> <a href=\"https:\/\/exceladvisor.org\/de\/thermometertabelle\/\">Thermometerdiagramm<\/a><\/li><\/ul><\/div><\/div><\/div><\/div>","protected":false},"excerpt":{"rendered":"","protected":false},"author":1,"featured_media":0,"parent":0,"menu_order":0,"comment_status":"open","ping_status":"closed","template":"","meta":{"ub_ctt_via":"","footnotes":""},"class_list":["post-3189","page","type-page","status-publish","hentry"],"featured_image_src":null,"yoast_head":"<!-- This site is optimized with the Yoast SEO plugin v25.4 - https:\/\/yoast.com\/wordpress\/plugins\/seo\/ -->\n<title>Kostenlose Excel-Trichterdiagramm-Vorlage (mit Anleitung)<\/title>\n<meta name=\"description\" content=\"Sind Sie Unternehmer? Wissen Sie, wie man in Excel ein Verkaufstrichtermodell erstellt? Hier habe ich einfache Schritte f\u00fcr\" \/>\n<meta name=\"robots\" content=\"index, follow, max-snippet:-1, max-image-preview:large, max-video-preview:-1\" \/>\n<link rel=\"canonical\" href=\"https:\/\/exceladvisor.org\/de\/trichterdiagramm\/\" \/>\n<meta property=\"og:locale\" content=\"de_DE\" \/>\n<meta property=\"og:type\" content=\"article\" \/>\n<meta property=\"og:title\" content=\"Kostenlose Excel-Trichterdiagramm-Vorlage (mit Anleitung)\" \/>\n<meta property=\"og:description\" content=\"Sind Sie Unternehmer? Wissen Sie, wie man in Excel ein Verkaufstrichtermodell erstellt? Hier habe ich einfache Schritte f\u00fcr\" \/>\n<meta property=\"og:url\" content=\"https:\/\/exceladvisor.org\/de\/trichterdiagramm\/\" \/>\n<meta property=\"og:site_name\" content=\"Excel Advisor\" \/>\n<meta property=\"article:modified_time\" content=\"2023-12-03T11:19:35+00:00\" \/>\n<meta property=\"og:image\" content=\"https:\/\/exceladvisor.org\/wp-content\/uploads\/2023\/08\/graphique-dentonnoir-des-ventes-dans-un-modele-excel-1.gif\" \/>\n<meta name=\"twitter:card\" content=\"summary_large_image\" \/>\n<meta name=\"twitter:label1\" content=\"Gesch\u00e4tzte Lesezeit\" \/>\n\t<meta name=\"twitter:data1\" content=\"2\u00a0Minuten\" \/>\n<script type=\"application\/ld+json\" class=\"yoast-schema-graph\">{\"@context\":\"https:\/\/schema.org\",\"@graph\":[{\"@type\":\"WebPage\",\"@id\":\"https:\/\/exceladvisor.org\/de\/trichterdiagramm\/\",\"url\":\"https:\/\/exceladvisor.org\/de\/trichterdiagramm\/\",\"name\":\"Kostenlose Excel-Trichterdiagramm-Vorlage (mit Anleitung)\",\"isPartOf\":{\"@id\":\"https:\/\/exceladvisor.org\/de\/#website\"},\"primaryImageOfPage\":{\"@id\":\"https:\/\/exceladvisor.org\/de\/trichterdiagramm\/#primaryimage\"},\"image\":{\"@id\":\"https:\/\/exceladvisor.org\/de\/trichterdiagramm\/#primaryimage\"},\"thumbnailUrl\":\"https:\/\/exceladvisor.org\/wp-content\/uploads\/2023\/08\/graphique-dentonnoir-des-ventes-dans-un-modele-excel-1.gif\",\"datePublished\":\"2023-11-10T19:17:27+00:00\",\"dateModified\":\"2023-12-03T11:19:35+00:00\",\"description\":\"Sind Sie Unternehmer? Wissen Sie, wie man in Excel ein Verkaufstrichtermodell erstellt? Hier habe ich einfache Schritte f\u00fcr\",\"breadcrumb\":{\"@id\":\"https:\/\/exceladvisor.org\/de\/trichterdiagramm\/#breadcrumb\"},\"inLanguage\":\"de\",\"potentialAction\":[{\"@type\":\"ReadAction\",\"target\":[\"https:\/\/exceladvisor.org\/de\/trichterdiagramm\/\"]}]},{\"@type\":\"ImageObject\",\"inLanguage\":\"de\",\"@id\":\"https:\/\/exceladvisor.org\/de\/trichterdiagramm\/#primaryimage\",\"url\":\"https:\/\/exceladvisor.org\/wp-content\/uploads\/2023\/08\/graphique-dentonnoir-des-ventes-dans-un-modele-excel-1.gif\",\"contentUrl\":\"https:\/\/exceladvisor.org\/wp-content\/uploads\/2023\/08\/graphique-dentonnoir-des-ventes-dans-un-modele-excel-1.gif\"},{\"@type\":\"BreadcrumbList\",\"@id\":\"https:\/\/exceladvisor.org\/de\/trichterdiagramm\/#breadcrumb\",\"itemListElement\":[{\"@type\":\"ListItem\",\"position\":1,\"name\":\"Accueil\",\"item\":\"https:\/\/exceladvisor.org\/de\/\"},{\"@type\":\"ListItem\",\"position\":2,\"name\":\"Wie erstelle ich ein trichterdiagramm in excel?\"}]},{\"@type\":\"WebSite\",\"@id\":\"https:\/\/exceladvisor.org\/de\/#website\",\"url\":\"https:\/\/exceladvisor.org\/de\/\",\"name\":\"Excel Advisor\",\"description\":\"Ihr Leitfaden zur Datendominanz\",\"publisher\":{\"@id\":\"https:\/\/exceladvisor.org\/de\/#organization\"},\"potentialAction\":[{\"@type\":\"SearchAction\",\"target\":{\"@type\":\"EntryPoint\",\"urlTemplate\":\"https:\/\/exceladvisor.org\/de\/?s={search_term_string}\"},\"query-input\":{\"@type\":\"PropertyValueSpecification\",\"valueRequired\":true,\"valueName\":\"search_term_string\"}}],\"inLanguage\":\"de\"},{\"@type\":\"Organization\",\"@id\":\"https:\/\/exceladvisor.org\/de\/#organization\",\"name\":\"Excel Advisor\",\"url\":\"https:\/\/exceladvisor.org\/de\/\",\"logo\":{\"@type\":\"ImageObject\",\"inLanguage\":\"de\",\"@id\":\"https:\/\/exceladvisor.org\/de\/#\/schema\/logo\/image\/\",\"url\":\"https:\/\/exceladvisor.org\/de\/wp-content\/uploads\/2023\/11\/exceladvisor.org_.png\",\"contentUrl\":\"https:\/\/exceladvisor.org\/de\/wp-content\/uploads\/2023\/11\/exceladvisor.org_.png\",\"width\":105,\"height\":36,\"caption\":\"Excel Advisor\"},\"image\":{\"@id\":\"https:\/\/exceladvisor.org\/de\/#\/schema\/logo\/image\/\"}}]}<\/script>\n<!-- \/ Yoast SEO plugin. -->","yoast_head_json":{"title":"Kostenlose Excel-Trichterdiagramm-Vorlage (mit Anleitung)","description":"Sind Sie Unternehmer? Wissen Sie, wie man in Excel ein Verkaufstrichtermodell erstellt? Hier habe ich einfache Schritte f\u00fcr","robots":{"index":"index","follow":"follow","max-snippet":"max-snippet:-1","max-image-preview":"max-image-preview:large","max-video-preview":"max-video-preview:-1"},"canonical":"https:\/\/exceladvisor.org\/de\/trichterdiagramm\/","og_locale":"de_DE","og_type":"article","og_title":"Kostenlose Excel-Trichterdiagramm-Vorlage (mit Anleitung)","og_description":"Sind Sie Unternehmer? Wissen Sie, wie man in Excel ein Verkaufstrichtermodell erstellt? Hier habe ich einfache Schritte f\u00fcr","og_url":"https:\/\/exceladvisor.org\/de\/trichterdiagramm\/","og_site_name":"Excel Advisor","article_modified_time":"2023-12-03T11:19:35+00:00","og_image":[{"url":"https:\/\/exceladvisor.org\/wp-content\/uploads\/2023\/08\/graphique-dentonnoir-des-ventes-dans-un-modele-excel-1.gif","type":"","width":"","height":""}],"twitter_card":"summary_large_image","twitter_misc":{"Gesch\u00e4tzte Lesezeit":"2\u00a0Minuten"},"schema":{"@context":"https:\/\/schema.org","@graph":[{"@type":"WebPage","@id":"https:\/\/exceladvisor.org\/de\/trichterdiagramm\/","url":"https:\/\/exceladvisor.org\/de\/trichterdiagramm\/","name":"Kostenlose Excel-Trichterdiagramm-Vorlage (mit Anleitung)","isPartOf":{"@id":"https:\/\/exceladvisor.org\/de\/#website"},"primaryImageOfPage":{"@id":"https:\/\/exceladvisor.org\/de\/trichterdiagramm\/#primaryimage"},"image":{"@id":"https:\/\/exceladvisor.org\/de\/trichterdiagramm\/#primaryimage"},"thumbnailUrl":"https:\/\/exceladvisor.org\/wp-content\/uploads\/2023\/08\/graphique-dentonnoir-des-ventes-dans-un-modele-excel-1.gif","datePublished":"2023-11-10T19:17:27+00:00","dateModified":"2023-12-03T11:19:35+00:00","description":"Sind Sie Unternehmer? Wissen Sie, wie man in Excel ein Verkaufstrichtermodell erstellt? Hier habe ich einfache Schritte f\u00fcr","breadcrumb":{"@id":"https:\/\/exceladvisor.org\/de\/trichterdiagramm\/#breadcrumb"},"inLanguage":"de","potentialAction":[{"@type":"ReadAction","target":["https:\/\/exceladvisor.org\/de\/trichterdiagramm\/"]}]},{"@type":"ImageObject","inLanguage":"de","@id":"https:\/\/exceladvisor.org\/de\/trichterdiagramm\/#primaryimage","url":"https:\/\/exceladvisor.org\/wp-content\/uploads\/2023\/08\/graphique-dentonnoir-des-ventes-dans-un-modele-excel-1.gif","contentUrl":"https:\/\/exceladvisor.org\/wp-content\/uploads\/2023\/08\/graphique-dentonnoir-des-ventes-dans-un-modele-excel-1.gif"},{"@type":"BreadcrumbList","@id":"https:\/\/exceladvisor.org\/de\/trichterdiagramm\/#breadcrumb","itemListElement":[{"@type":"ListItem","position":1,"name":"Accueil","item":"https:\/\/exceladvisor.org\/de\/"},{"@type":"ListItem","position":2,"name":"Wie erstelle ich ein trichterdiagramm in excel?"}]},{"@type":"WebSite","@id":"https:\/\/exceladvisor.org\/de\/#website","url":"https:\/\/exceladvisor.org\/de\/","name":"Excel Advisor","description":"Ihr Leitfaden zur Datendominanz","publisher":{"@id":"https:\/\/exceladvisor.org\/de\/#organization"},"potentialAction":[{"@type":"SearchAction","target":{"@type":"EntryPoint","urlTemplate":"https:\/\/exceladvisor.org\/de\/?s={search_term_string}"},"query-input":{"@type":"PropertyValueSpecification","valueRequired":true,"valueName":"search_term_string"}}],"inLanguage":"de"},{"@type":"Organization","@id":"https:\/\/exceladvisor.org\/de\/#organization","name":"Excel Advisor","url":"https:\/\/exceladvisor.org\/de\/","logo":{"@type":"ImageObject","inLanguage":"de","@id":"https:\/\/exceladvisor.org\/de\/#\/schema\/logo\/image\/","url":"https:\/\/exceladvisor.org\/de\/wp-content\/uploads\/2023\/11\/exceladvisor.org_.png","contentUrl":"https:\/\/exceladvisor.org\/de\/wp-content\/uploads\/2023\/11\/exceladvisor.org_.png","width":105,"height":36,"caption":"Excel Advisor"},"image":{"@id":"https:\/\/exceladvisor.org\/de\/#\/schema\/logo\/image\/"}}]}},"yoast_meta":{"yoast_wpseo_title":"","yoast_wpseo_metadesc":"","yoast_wpseo_canonical":""},"_links":{"self":[{"href":"https:\/\/exceladvisor.org\/de\/wp-json\/wp\/v2\/pages\/3189","targetHints":{"allow":["GET"]}}],"collection":[{"href":"https:\/\/exceladvisor.org\/de\/wp-json\/wp\/v2\/pages"}],"about":[{"href":"https:\/\/exceladvisor.org\/de\/wp-json\/wp\/v2\/types\/page"}],"author":[{"embeddable":true,"href":"https:\/\/exceladvisor.org\/de\/wp-json\/wp\/v2\/users\/1"}],"replies":[{"embeddable":true,"href":"https:\/\/exceladvisor.org\/de\/wp-json\/wp\/v2\/comments?post=3189"}],"version-history":[{"count":1,"href":"https:\/\/exceladvisor.org\/de\/wp-json\/wp\/v2\/pages\/3189\/revisions"}],"predecessor-version":[{"id":3947,"href":"https:\/\/exceladvisor.org\/de\/wp-json\/wp\/v2\/pages\/3189\/revisions\/3947"}],"wp:attachment":[{"href":"https:\/\/exceladvisor.org\/de\/wp-json\/wp\/v2\/media?parent=3189"}],"curies":[{"name":"wp","href":"https:\/\/api.w.org\/{rel}","templated":true}]}}