{"id":3190,"date":"2023-11-10T18:59:39","date_gmt":"2023-11-10T18:59:39","guid":{"rendered":"https:\/\/exceladvisor.org\/de\/meilensteindiagramm\/"},"modified":"2023-12-03T11:19:49","modified_gmt":"2023-12-03T11:19:49","slug":"meilensteindiagramm","status":"publish","type":"page","link":"https:\/\/exceladvisor.org\/de\/meilensteindiagramm\/","title":{"rendered":"Wie erstelle ich eine schritttabelle in excel?"},"content":{"rendered":"<div class=\"excel-vor-dem-inhalt\" id=\"excel-3596357062\"><script type=\"text\/javascript\">\r\n\tatOptions = {\r\n\t\t'key' : 'c1158f160081d6540a8409e6925dab94',\r\n\t\t'format' : 'iframe',\r\n\t\t'height' : 250,\r\n\t\t'width' : 300,\r\n\t\t'params' : {}\r\n\t};\r\n<\/script>\r\n<script type=\"text\/javascript\" src=\"\/\/www.highperformanceformat.com\/c1158f160081d6540a8409e6925dab94\/invoke.js\"><\/script><\/div> <div class=\"wp-block-image\"><figure class=\"aligncenter\"><img decoding=\"async\" src=\"https:\/\/exceladvisor.org\/wp-content\/uploads\/2023\/08\/comment-creer-un-tableau-des-etapes-dans-excel-1.png\" sizes=\"\" srcset=\"\" alt=\"So erstellen Sie eine Schritttabelle in Excel\"><\/figure><\/div><p> Es ist eine wichtige Aufgabe, alle Phasen eines Projekts zu verfolgen. Sie wissen, es ist genauso wichtig wie die Ausf\u00fchrung jedes einzelnen Schritts. Tats\u00e4chlich erleichtert die Nachverfolgung die Ausf\u00fchrung.<\/p><p> In Excel ist ein <strong>SCHRITTDIAGRAMM<\/strong> eines der einfachsten und zugleich leistungsst\u00e4rksten Diagramme, mit denen Sie Ihre Projekte verfolgen k\u00f6nnen. Sie nennen es auch das \u201eZeitleistendiagramm\u201c.<\/p><p> Es ist eines der beliebtesten Projektmanagement-Tools der Experten. Es zeigt visuell eine Zeitleiste an, in der Sie wichtige Meilensteine, Ergebnisse und andere Pr\u00fcfpunkte angeben k\u00f6nnen.<\/p><p> <a href=\"https:\/\/en.wikipedia.org\/wiki\/Milestone_(project_management)\" target=\"_blank\" rel=\"noopener noreferrer\"><em>Laut Wikipedia<\/em><\/a> <em>: Meilensteine sind Werkzeuge, die im Projektmanagement verwendet werden, um bestimmte Punkte entlang eines Projektzeitplans zu markieren.<\/em><\/p><p> Die Grundidee eines Meilensteindiagramms besteht darin, jeden Schritt Ihres Projekts auf einer Zeitleiste mit seinem Fertigstellungsdatum zu verfolgen und auf einfache Weise darzustellen.<\/p><p> Heute m\u00f6chte ich Ihnen in diesem Artikel einen <strong>einfachen dreistufigen Prozess<\/strong> zum Erstellen einer Schritttabelle in Excel vorstellen.<\/p><p> Also lasst uns anfangen.<\/p><h2 class=\"wp-block-heading\"> Vorteile der Verwendung eines Stufendiagramms<\/h2><p> Bevor wir darauf eingehen, m\u00f6chte ich Ihnen die wichtigsten Vorteile der Verwendung eines Stufendiagramms erl\u00e4utern.<\/p><ul><li> Mithilfe eines Meilensteindiagramms l\u00e4sst sich der Fortschritt des Projekts ganz einfach \u00fcberpr\u00fcfen.<\/li><li> F\u00fcr den Benutzer leicht verst\u00e4ndliche Projektplanung.<\/li><li> Sie haben alle wichtigen Informationen in einem Diagramm.<\/li><\/ul><h2 class=\"wp-block-heading\"> Schritte zum Erstellen einer Schritttabelle in Excel<\/h2><p> Ich habe den gesamten Prozess in drei Schritte unterteilt, um es f\u00fcr Sie einfacher zu verstehen.<\/p><h3 class=\"wp-block-heading\"> 1. Daten konfigurieren<\/h3><p> Sie k\u00f6nnen Ihre Daten f\u00fcr dieses Diagramm ganz einfach konfigurieren. Stellen Sie sicher, dass Sie Ihre Daten wie unten beschrieben organisieren. <\/p><div class=\"wp-block-image\"><figure class=\"aligncenter\"><img decoding=\"async\" src=\"https:\/\/exceladvisor.org\/wp-content\/uploads\/2023\/08\/donnees-pour-creer-un-graphique-detape-dans-Excel-1.png\" sizes=\"\" srcset=\"\" alt=\"Daten, um ein Stufendiagramm in Excel zu erstellen\"><\/figure><\/div><p> In dieser Datentabelle haben wir drei Spalten.<\/p><ol><li> Die erste Spalte enth\u00e4lt die Fertigstellungstermine f\u00fcr Projektmeilensteine. Stellen Sie au\u00dferdem sicher, dass das Format dieser Spalte im Textformat vorliegt.<\/li><li> Die zweite Spalte ist f\u00fcr den Aktivit\u00e4tsnamen vorgesehen.<\/li><li> Die dritte Spalte dient nur zum Platzieren von Aktivit\u00e4ten in der Zeitleiste (oben und unten).<\/li><\/ol><h3 class=\"wp-block-heading\"> 2. F\u00fcgen Sie ein Diagramm ein<\/h3><p> Jetzt beginnt das Spiel. Das Erstellen eines Stufendiagramms ist ein etwas langwieriger Prozess, aber f\u00fcr dieses erstaunliche Diagramm lohnt es sich.<\/p><p> Hier sind die Schritte.<\/p><ol><li> W\u00e4hlen Sie eine der Zellen aus den Daten aus.<\/li><li> Gehen Sie zur Registerkarte Einf\u00fcgen \u279c Diagramme \u279c Linie mit Markierungen. <br><img decoding=\"async\" title=\"F\u00fcgen Sie ein Liniendiagramm mit Markierungen ein, um ein Stufendiagramm in Excel zu erstellen\" src=\"https:\/\/exceladvisor.org\/wp-content\/uploads\/2023\/08\/inserer-un-graphique-lineaire-avec-des-marqueurs-pour-creer-un-graphique-detape-dans-Excel-1.png\" sizes=\"\" srcset=\"\" alt=\"insert a line chart with markers to create a milestone chart in excel\"><\/li><li> Wir werden einen Tisch wie diesen bekommen. Aber das ist nicht das, was wir wollen, wir m\u00fcssen es neu erschaffen. <br><img decoding=\"async\" title=\"Rohdiagramm zum Erstellen eines Meilensteindiagramms in Excel\" src=\"https:\/\/exceladvisor.org\/wp-content\/uploads\/2023\/08\/graphique-brut-pour-creer-un-graphique-detape-dans-Excel-1.png\" sizes=\"\" srcset=\"\" alt=\"raw chart to create a milestone chart in excel\"><\/li><li> Klicken Sie nun mit der rechten Maustaste auf das Diagramm und gehen Sie dann auf \u201eDaten ausw\u00e4hlen\u201c. <br><img decoding=\"async\" title=\"W\u00e4hlen Sie Daten aus, um ein Meilensteindiagramm in Excel zu erstellen\" src=\"https:\/\/exceladvisor.org\/wp-content\/uploads\/2023\/08\/selectionner-des-donnees-pour-creer-un-graphique-detape-dans-Excel-1.png\" sizes=\"\" srcset=\"\" alt=\"select data to create a milestone chart in excel\"><\/li><li> Entfernen Sie im Datenauswahlfenster einfach die Serie aus den Legendeneintr\u00e4gen. <br><img decoding=\"async\" title=\"Serie l\u00f6schen, um Meilensteindiagramm in Excel zu erstellen\" src=\"https:\/\/exceladvisor.org\/wp-content\/uploads\/2023\/08\/supprimer-des-series-pour-creer-un-graphique-detape-dans-Excel-1.png\" sizes=\"\" srcset=\"\" alt=\"remove series to create a milestone chart in excel\"><\/li><li> Jetzt ist unser Tisch komplett leer. Daher m\u00fcssen wir die Reihen- und Achsenbeschriftungen neu zuweisen.<\/li><li> Klicken Sie in den Untertiteleintr\u00e4gen auf \u201eHinzuf\u00fcgen\u201c. <br><img decoding=\"async\" title=\"Klicken Sie auf \u201eHinzuf\u00fcgen\u201c, um eine Meilensteintabelle in Excel zu erstellen\" src=\"https:\/\/exceladvisor.org\/wp-content\/uploads\/2023\/08\/cliquez-sur-ajouter-pour-creer-un-graphique-detape-dans-Excel-1.png\" sizes=\"\" srcset=\"\" alt=\"click add to create a milestone chart in excel\"><\/li><li> Geben Sie im Serienbearbeitungsfenster \u201eDatum\u201c in den Seriennamen ein und w\u00e4hlen Sie die Aktivit\u00e4tsspalte f\u00fcr die Serienwerte aus. <br><img decoding=\"async\" title=\"W\u00e4hlen Sie eine Reihe aus, um ein Meilensteindiagramm in Excel zu erstellen\" src=\"https:\/\/exceladvisor.org\/wp-content\/uploads\/2023\/08\/selectionner-une-serie-pour-creer-un-graphique-detape-dans-Excel-1.png\" sizes=\"\" srcset=\"\" alt=\"select series to create a milestone chart in excel\"><\/li><li> Klicken Sie anschlie\u00dfend unter \u201eHorizontale Achsenbeschriftungen\u201c auf \u201eBearbeiten\u201c, sehen Sie sich die Datumsspalte an und klicken Sie auf \u201eOK\u201c. <br><img decoding=\"async\" title=\"Achsenbeschriftung \u00e4ndern, um Meilensteindiagramm-in-Schritten-Excel-1 zu erstellen\" src=\"https:\/\/exceladvisor.org\/wp-content\/uploads\/2023\/08\/modifier-letiquette-de-laxe-pour-creer-un-graphique-detape-dans-les-etapes-Excel-1.png\" sizes=\"\" srcset=\"\" alt=\"edit axis label to create a milestone chart in excel steps\"><\/li><li> Als n\u00e4chstes m\u00fcssen wir eine weitere Serie einf\u00fcgen. Klicken Sie in den Legendeneintr\u00e4gen auf \u201eHinzuf\u00fcgen\u201c, nennen Sie es \u201ePlatzierung\u201c und beziehen Sie die Reihenwerte auf die Platzierungsspalte. <br><img decoding=\"async\" title=\"F\u00fcgen Sie eine neue Reihe hinzu, um ein Stufendiagramm in Excel zu erstellen\" src=\"https:\/\/exceladvisor.org\/wp-content\/uploads\/2023\/08\/ajouter-une-nouvelle-serie-pour-creer-un-graphique-detape-dans-Excel-1.png\" sizes=\"\" srcset=\"\" alt=\"add new series to create a milestone chart in excel\"><\/li><li> Klicken Sie nun einfach auf OK.<\/li><\/ol><p> An diesem Punkt haben wir ein Diagramm, das wie eine Zeitleiste aussieht. Wir ben\u00f6tigen jedoch ein wenig Formatierung, um daraus ein perfektes Schrittdiagramm zu machen. <\/p><div class=\"wp-block-image\"><figure class=\"aligncenter\"><img decoding=\"async\" src=\"https:\/\/exceladvisor.org\/wp-content\/uploads\/2023\/08\/graphique-final-pour-creer-un-graphique-detape-dans-les-etapes-Excel-1.png\" sizes=\"\" srcset=\"\" alt=\"Endg\u00fcltiges Diagramm zum Erstellen eines Stufendiagramms in Excel Steps\"><\/figure><\/div><p> <a href=\"https:\/\/exceladvisor.org\/wp-content\/uploads\/2023\/11\/tableau-des-etapes-finales-sans-mise-en-forme.xlsx\" rel=\"nofollow\">Laden Sie diese Datei herunter, um die Tabelle f\u00fcr diesen Schritt bereitzustellen<\/a> .<\/p><h3 id=\"tab-con-5\" class=\"wp-block-heading\"> 3. Endg\u00fcltige Formatierung<\/h3><p> Ein kleiner Hauch von Formatierung. Befolgen Sie diese einfachen Schritte.<\/p><ol><li> Klicken Sie auf das Liniendiagramm und \u00f6ffnen Sie die Formatierungsoption.<\/li><li> Verwenden Sie f\u00fcr die Linie \u201eKeine Farbe\u201c. <br><img decoding=\"async\" title=\"Keine Zeile zum Erstellen einer Schritttabelle in Excel\" src=\"https:\/\/exceladvisor.org\/wp-content\/uploads\/2023\/08\/pas-de-ligne-pour-creer-un-tableau-detape-dans-Excel-1.png\" sizes=\"\" srcset=\"\" alt=\"no line to create a milestone chart in excel\"><\/li><li> Gehen Sie mit derselben Auswahl zur Registerkarte \u201eDesign\u201c -&gt; Diagrammelement hinzuf\u00fcgen -&gt; Fehlerbalken -&gt; Weitere Optionen f\u00fcr Fehlerbalken. <br><img decoding=\"async\" title=\"F\u00fcgen Sie Fehlerbalken hinzu, um ein Stufendiagramm in Excel zu erstellen\" src=\"https:\/\/exceladvisor.org\/wp-content\/uploads\/2023\/08\/ajouter-des-barres-derreur-pour-creer-un-graphique-detape-dans-Excel-1.png\" sizes=\"\" srcset=\"\" alt=\"add error bars to create a milestone chart in excel\"><\/li><li> W\u00e4hlen Sie nun aus den Formatierungsoptionen die Richtung \u201eMinus\u201c und den Fehlerwert \u201eProzentsatz: 100 %\u201c f\u00fcr die Fehlerbalken aus. <br><img decoding=\"async\" title=\"Fehlerbalken formatieren, um ein Meilensteindiagramm in Excel zu erstellen\" src=\"https:\/\/exceladvisor.org\/wp-content\/uploads\/2023\/08\/formater-les-barres-derreur-pour-creer-un-graphique-detape-dans-Excel-1.png\" sizes=\"\" srcset=\"\" alt=\"format error bars to create a milestone chart in excel\"><\/li><li> Anschlie\u00dfend wandeln Sie Ihr Liniendiagramm in eine Sekund\u00e4rachse um und entfernen die Sekund\u00e4rachse sofort.<\/li><\/ol><p> Als letztes m\u00fcssen Sie nun den Aktivit\u00e4tsnamen f\u00fcr jeden Schritt hinzuf\u00fcgen.<\/p><ol><li> F\u00fcgen Sie zun\u00e4chst Datenbeschriftungen hinzu.<\/li><li> W\u00e4hlen Sie nun aus den Formatierungsoptionen f\u00fcr Datenetiketten \u201eKategoriename\u201c aus. <br><img decoding=\"async\" title=\"F\u00fcgen Sie Datenbeschriftungen hinzu, um ein Stufendiagramm in Excel zu erstellen\" src=\"https:\/\/exceladvisor.org\/wp-content\/uploads\/2023\/08\/ajouter-des-etiquettes-de-donnees-pour-creer-un-graphique-detape-dans-Excel-1.png\" sizes=\"\" srcset=\"\" alt=\"add data labels to create a milestone chart in excel\"><\/li><li> W\u00e4hlen Sie anschlie\u00dfend Ihr Diagramm aus und klicken Sie auf \u201eDaten ausw\u00e4hlen\u201c.<\/li><li> Klicken Sie auf die Reihe \u201ePlatzierung\u201c. <br><img decoding=\"async\" title=\"Bearbeiten Sie die Serie, um Datenbeschriftungen hinzuzuf\u00fcgen und um ein Meilensteindiagramm in Excel zu erstellen\" src=\"https:\/\/exceladvisor.org\/wp-content\/uploads\/2023\/08\/modifier-la-serie-pour-ajouter-des-etiquettes-de-donnees-pour-creer-un-graphique-detape-dans-Excel-1.png\" sizes=\"\" srcset=\"\" alt=\"edit series to add data labels to create a milestone chart in excel\"><\/li><li> Klicken Sie in der Achsenbeschriftung auf \u201eBearbeiten\u201c und sehen Sie sich die Aktivit\u00e4tsspalte an. <br><img decoding=\"async\" title=\"W\u00e4hlen Sie den Datenbeschriftungsbereich aus, um in Excel ein Meilensteindiagramm zu erstellen\" src=\"https:\/\/exceladvisor.org\/wp-content\/uploads\/2023\/08\/selectionnez-la-plage-detiquettes-de-donnees-pour-creer-un-graphique-detape-dans-Excel-1.png\" sizes=\"\" srcset=\"\" alt=\"select data label range to create a milestone chart in excel\"><\/li><li> OK klicken. <br><img decoding=\"async\" title=\"Endg\u00fcltiges-Diagramm-mit-Formatierung-zum-Erstellen-eines-Meilenstein-Diagramms-in-Schritten-Excel\" src=\"https:\/\/exceladvisor.org\/wp-content\/uploads\/2023\/08\/graphique-final-avec-mise-en-forme-pour-creer-un-graphique-detape-dans-les-etapes-Excel-1.png\" sizes=\"\" srcset=\"\" alt=\"final chart with formatting to create a milestone chart in excel steps\"><\/li><\/ol><h2 id=\"tab-con-6\" class=\"wp-block-heading\"> Beispieldatei<\/h2><p> <a href=\"https:\/\/exceladvisor.org\/wp-content\/uploads\/2023\/11\/tableau-des-jalons-dans-excel.xlsx\" rel=\"nofollow\">Laden Sie diese Beispieldatei hier herunter,<\/a> um mehr zu erfahren.<\/p><h2 class=\"wp-block-heading\"> Abschluss<\/h2><p> Wie gesagt, das Schrittdiagramm ist f\u00fcr den Endbenutzer leicht verst\u00e4ndlich und Sie k\u00f6nnen Ihre Projektplanung auf einfache Weise verfolgen. Beim ersten Mal scheint es etwas schwierig zu sein, aber wenn Sie ein aufstrebender Projektmanager sind, k\u00f6nnen Sie es versuchen.<\/p><p> Ich hoffe, Sie fanden diese Schritt-f\u00fcr-Schritt-Methode hilfreich, aber jetzt sagen Sie mir noch etwas.<\/p><p> <strong>Haben Sie dieses Board schon einmal ausprobiert?<\/strong><\/p><p> Teilen Sie Ihre Gedanken im Kommentarbereich mit, ich w\u00fcrde mich freuen, von Ihnen zu h\u00f6ren, und vergessen Sie nicht, sie mit Ihren Freunden zu teilen.<\/p><div class=\"gb-container gb-container-a61970aa gb-container-mt\"> <a class=\"gb-button gb-button-b4293c6c gb-button-text gb-button-mt-button\" href=\"https:\/\/exceladvisor.org\/de\/excel-diagramme\/\">Arten von Excel-Diagrammen<\/a><h2 class=\"gb-headline gb-headline-5bf2e581 gb-headline-text gb-headline-mt-heading\"> Verwandte Tutorials <\/h2><div class=\"gb-grid-wrapper gb-grid-wrapper-9b70abf1 gb-grid-wrapper-mt-grid\"><div class=\"gb-grid-column gb-grid-column-97a95c29\"><div class=\"gb-container gb-container-97a95c29\"><ul><li> <a href=\"https:\/\/exceladvisor.org\/de\/waffelgrafik\/\">GEPR\u00c4GTES BOARD<\/a><\/li><li> <a href=\"https:\/\/exceladvisor.org\/de\/trichterdiagramm\/\">Trichterdiagramm<\/a><\/li><li> <a href=\"https:\/\/exceladvisor.org\/de\/gantt-diagramm\/\">Gantt-Diagramm<\/a><\/li><li> <a href=\"https:\/\/exceladvisor.org\/de\/schwarzes-brett\/\">Bullet-Diagramm<\/a><\/li><\/ul><\/div><\/div><\/div><\/div>","protected":false},"excerpt":{"rendered":"","protected":false},"author":1,"featured_media":0,"parent":0,"menu_order":0,"comment_status":"open","ping_status":"closed","template":"","meta":{"ub_ctt_via":"","footnotes":""},"class_list":["post-3190","page","type-page","status-publish","hentry"],"featured_image_src":null,"yoast_head":"<!-- This site is optimized with the Yoast SEO plugin v25.4 - https:\/\/yoast.com\/wordpress\/plugins\/seo\/ -->\n<title>Wie erstelle ich eine Schritttabelle in Excel? [3 Schritte]<\/title>\n<meta name=\"description\" content=\"Die Grundidee des Meilensteindiagramms besteht darin, jeden Schritt Ihres Projekts auf einer Zeitleiste mit seinem Abschlussdatum und dem zu verfolgen\" \/>\n<meta name=\"robots\" content=\"index, follow, max-snippet:-1, max-image-preview:large, max-video-preview:-1\" \/>\n<link rel=\"canonical\" href=\"https:\/\/exceladvisor.org\/de\/meilensteindiagramm\/\" \/>\n<meta property=\"og:locale\" content=\"de_DE\" \/>\n<meta property=\"og:type\" content=\"article\" \/>\n<meta property=\"og:title\" content=\"Wie erstelle ich eine Schritttabelle in Excel? [3 Schritte]\" \/>\n<meta property=\"og:description\" content=\"Die Grundidee des Meilensteindiagramms besteht darin, jeden Schritt Ihres Projekts auf einer Zeitleiste mit seinem Abschlussdatum und dem zu verfolgen\" \/>\n<meta property=\"og:url\" content=\"https:\/\/exceladvisor.org\/de\/meilensteindiagramm\/\" \/>\n<meta property=\"og:site_name\" content=\"Excel Advisor\" \/>\n<meta property=\"article:modified_time\" content=\"2023-12-03T11:19:49+00:00\" \/>\n<meta property=\"og:image\" content=\"https:\/\/exceladvisor.org\/wp-content\/uploads\/2023\/08\/comment-creer-un-tableau-des-etapes-dans-excel-1.png\" \/>\n<meta name=\"twitter:card\" content=\"summary_large_image\" \/>\n<meta name=\"twitter:label1\" content=\"Gesch\u00e4tzte Lesezeit\" \/>\n\t<meta name=\"twitter:data1\" content=\"4\u00a0Minuten\" \/>\n<script type=\"application\/ld+json\" class=\"yoast-schema-graph\">{\"@context\":\"https:\/\/schema.org\",\"@graph\":[{\"@type\":\"WebPage\",\"@id\":\"https:\/\/exceladvisor.org\/de\/meilensteindiagramm\/\",\"url\":\"https:\/\/exceladvisor.org\/de\/meilensteindiagramm\/\",\"name\":\"Wie erstelle ich eine Schritttabelle in Excel? [3 Schritte]\",\"isPartOf\":{\"@id\":\"https:\/\/exceladvisor.org\/de\/#website\"},\"primaryImageOfPage\":{\"@id\":\"https:\/\/exceladvisor.org\/de\/meilensteindiagramm\/#primaryimage\"},\"image\":{\"@id\":\"https:\/\/exceladvisor.org\/de\/meilensteindiagramm\/#primaryimage\"},\"thumbnailUrl\":\"https:\/\/exceladvisor.org\/wp-content\/uploads\/2023\/08\/comment-creer-un-tableau-des-etapes-dans-excel-1.png\",\"datePublished\":\"2023-11-10T18:59:39+00:00\",\"dateModified\":\"2023-12-03T11:19:49+00:00\",\"description\":\"Die Grundidee des Meilensteindiagramms besteht darin, jeden Schritt Ihres Projekts auf einer Zeitleiste mit seinem Abschlussdatum und dem zu verfolgen\",\"breadcrumb\":{\"@id\":\"https:\/\/exceladvisor.org\/de\/meilensteindiagramm\/#breadcrumb\"},\"inLanguage\":\"de\",\"potentialAction\":[{\"@type\":\"ReadAction\",\"target\":[\"https:\/\/exceladvisor.org\/de\/meilensteindiagramm\/\"]}]},{\"@type\":\"ImageObject\",\"inLanguage\":\"de\",\"@id\":\"https:\/\/exceladvisor.org\/de\/meilensteindiagramm\/#primaryimage\",\"url\":\"https:\/\/exceladvisor.org\/wp-content\/uploads\/2023\/08\/comment-creer-un-tableau-des-etapes-dans-excel-1.png\",\"contentUrl\":\"https:\/\/exceladvisor.org\/wp-content\/uploads\/2023\/08\/comment-creer-un-tableau-des-etapes-dans-excel-1.png\"},{\"@type\":\"BreadcrumbList\",\"@id\":\"https:\/\/exceladvisor.org\/de\/meilensteindiagramm\/#breadcrumb\",\"itemListElement\":[{\"@type\":\"ListItem\",\"position\":1,\"name\":\"Accueil\",\"item\":\"https:\/\/exceladvisor.org\/de\/\"},{\"@type\":\"ListItem\",\"position\":2,\"name\":\"Wie erstelle ich eine schritttabelle in excel?\"}]},{\"@type\":\"WebSite\",\"@id\":\"https:\/\/exceladvisor.org\/de\/#website\",\"url\":\"https:\/\/exceladvisor.org\/de\/\",\"name\":\"Excel Advisor\",\"description\":\"Ihr Leitfaden zur Datendominanz\",\"publisher\":{\"@id\":\"https:\/\/exceladvisor.org\/de\/#organization\"},\"potentialAction\":[{\"@type\":\"SearchAction\",\"target\":{\"@type\":\"EntryPoint\",\"urlTemplate\":\"https:\/\/exceladvisor.org\/de\/?s={search_term_string}\"},\"query-input\":{\"@type\":\"PropertyValueSpecification\",\"valueRequired\":true,\"valueName\":\"search_term_string\"}}],\"inLanguage\":\"de\"},{\"@type\":\"Organization\",\"@id\":\"https:\/\/exceladvisor.org\/de\/#organization\",\"name\":\"Excel Advisor\",\"url\":\"https:\/\/exceladvisor.org\/de\/\",\"logo\":{\"@type\":\"ImageObject\",\"inLanguage\":\"de\",\"@id\":\"https:\/\/exceladvisor.org\/de\/#\/schema\/logo\/image\/\",\"url\":\"https:\/\/exceladvisor.org\/de\/wp-content\/uploads\/2023\/11\/exceladvisor.org_.png\",\"contentUrl\":\"https:\/\/exceladvisor.org\/de\/wp-content\/uploads\/2023\/11\/exceladvisor.org_.png\",\"width\":105,\"height\":36,\"caption\":\"Excel Advisor\"},\"image\":{\"@id\":\"https:\/\/exceladvisor.org\/de\/#\/schema\/logo\/image\/\"}}]}<\/script>\n<!-- \/ Yoast SEO plugin. -->","yoast_head_json":{"title":"Wie erstelle ich eine Schritttabelle in Excel? [3 Schritte]","description":"Die Grundidee des Meilensteindiagramms besteht darin, jeden Schritt Ihres Projekts auf einer Zeitleiste mit seinem Abschlussdatum und dem zu verfolgen","robots":{"index":"index","follow":"follow","max-snippet":"max-snippet:-1","max-image-preview":"max-image-preview:large","max-video-preview":"max-video-preview:-1"},"canonical":"https:\/\/exceladvisor.org\/de\/meilensteindiagramm\/","og_locale":"de_DE","og_type":"article","og_title":"Wie erstelle ich eine Schritttabelle in Excel? [3 Schritte]","og_description":"Die Grundidee des Meilensteindiagramms besteht darin, jeden Schritt Ihres Projekts auf einer Zeitleiste mit seinem Abschlussdatum und dem zu verfolgen","og_url":"https:\/\/exceladvisor.org\/de\/meilensteindiagramm\/","og_site_name":"Excel Advisor","article_modified_time":"2023-12-03T11:19:49+00:00","og_image":[{"url":"https:\/\/exceladvisor.org\/wp-content\/uploads\/2023\/08\/comment-creer-un-tableau-des-etapes-dans-excel-1.png","type":"","width":"","height":""}],"twitter_card":"summary_large_image","twitter_misc":{"Gesch\u00e4tzte Lesezeit":"4\u00a0Minuten"},"schema":{"@context":"https:\/\/schema.org","@graph":[{"@type":"WebPage","@id":"https:\/\/exceladvisor.org\/de\/meilensteindiagramm\/","url":"https:\/\/exceladvisor.org\/de\/meilensteindiagramm\/","name":"Wie erstelle ich eine Schritttabelle in Excel? [3 Schritte]","isPartOf":{"@id":"https:\/\/exceladvisor.org\/de\/#website"},"primaryImageOfPage":{"@id":"https:\/\/exceladvisor.org\/de\/meilensteindiagramm\/#primaryimage"},"image":{"@id":"https:\/\/exceladvisor.org\/de\/meilensteindiagramm\/#primaryimage"},"thumbnailUrl":"https:\/\/exceladvisor.org\/wp-content\/uploads\/2023\/08\/comment-creer-un-tableau-des-etapes-dans-excel-1.png","datePublished":"2023-11-10T18:59:39+00:00","dateModified":"2023-12-03T11:19:49+00:00","description":"Die Grundidee des Meilensteindiagramms besteht darin, jeden Schritt Ihres Projekts auf einer Zeitleiste mit seinem Abschlussdatum und dem zu verfolgen","breadcrumb":{"@id":"https:\/\/exceladvisor.org\/de\/meilensteindiagramm\/#breadcrumb"},"inLanguage":"de","potentialAction":[{"@type":"ReadAction","target":["https:\/\/exceladvisor.org\/de\/meilensteindiagramm\/"]}]},{"@type":"ImageObject","inLanguage":"de","@id":"https:\/\/exceladvisor.org\/de\/meilensteindiagramm\/#primaryimage","url":"https:\/\/exceladvisor.org\/wp-content\/uploads\/2023\/08\/comment-creer-un-tableau-des-etapes-dans-excel-1.png","contentUrl":"https:\/\/exceladvisor.org\/wp-content\/uploads\/2023\/08\/comment-creer-un-tableau-des-etapes-dans-excel-1.png"},{"@type":"BreadcrumbList","@id":"https:\/\/exceladvisor.org\/de\/meilensteindiagramm\/#breadcrumb","itemListElement":[{"@type":"ListItem","position":1,"name":"Accueil","item":"https:\/\/exceladvisor.org\/de\/"},{"@type":"ListItem","position":2,"name":"Wie erstelle ich eine schritttabelle in excel?"}]},{"@type":"WebSite","@id":"https:\/\/exceladvisor.org\/de\/#website","url":"https:\/\/exceladvisor.org\/de\/","name":"Excel Advisor","description":"Ihr Leitfaden zur Datendominanz","publisher":{"@id":"https:\/\/exceladvisor.org\/de\/#organization"},"potentialAction":[{"@type":"SearchAction","target":{"@type":"EntryPoint","urlTemplate":"https:\/\/exceladvisor.org\/de\/?s={search_term_string}"},"query-input":{"@type":"PropertyValueSpecification","valueRequired":true,"valueName":"search_term_string"}}],"inLanguage":"de"},{"@type":"Organization","@id":"https:\/\/exceladvisor.org\/de\/#organization","name":"Excel Advisor","url":"https:\/\/exceladvisor.org\/de\/","logo":{"@type":"ImageObject","inLanguage":"de","@id":"https:\/\/exceladvisor.org\/de\/#\/schema\/logo\/image\/","url":"https:\/\/exceladvisor.org\/de\/wp-content\/uploads\/2023\/11\/exceladvisor.org_.png","contentUrl":"https:\/\/exceladvisor.org\/de\/wp-content\/uploads\/2023\/11\/exceladvisor.org_.png","width":105,"height":36,"caption":"Excel Advisor"},"image":{"@id":"https:\/\/exceladvisor.org\/de\/#\/schema\/logo\/image\/"}}]}},"yoast_meta":{"yoast_wpseo_title":"","yoast_wpseo_metadesc":"","yoast_wpseo_canonical":""},"_links":{"self":[{"href":"https:\/\/exceladvisor.org\/de\/wp-json\/wp\/v2\/pages\/3190","targetHints":{"allow":["GET"]}}],"collection":[{"href":"https:\/\/exceladvisor.org\/de\/wp-json\/wp\/v2\/pages"}],"about":[{"href":"https:\/\/exceladvisor.org\/de\/wp-json\/wp\/v2\/types\/page"}],"author":[{"embeddable":true,"href":"https:\/\/exceladvisor.org\/de\/wp-json\/wp\/v2\/users\/1"}],"replies":[{"embeddable":true,"href":"https:\/\/exceladvisor.org\/de\/wp-json\/wp\/v2\/comments?post=3190"}],"version-history":[{"count":1,"href":"https:\/\/exceladvisor.org\/de\/wp-json\/wp\/v2\/pages\/3190\/revisions"}],"predecessor-version":[{"id":3966,"href":"https:\/\/exceladvisor.org\/de\/wp-json\/wp\/v2\/pages\/3190\/revisions\/3966"}],"wp:attachment":[{"href":"https:\/\/exceladvisor.org\/de\/wp-json\/wp\/v2\/media?parent=3190"}],"curies":[{"name":"wp","href":"https:\/\/api.w.org\/{rel}","templated":true}]}}